{"id":424,"date":"2020-03-26T14:42:11","date_gmt":"2020-03-26T13:42:11","guid":{"rendered":"https:\/\/www.creone.com\/?page_id=424"},"modified":"2025-11-11T16:55:55","modified_gmt":"2025-11-11T15:55:55","slug":"hitta-aterforsaljare","status":"publish","type":"page","link":"https:\/\/www.creone.com\/sv\/hitta-aterforsaljare\/","title":{"rendered":"Hitta oss"},"content":{"rendered":"\n<p>V\u00e5ra l\u00f6sningar finns i n\u00e4rmare 50-tal l\u00e4nder hos v\u00e5ra lokal \u00e5terf\u00f6rs\u00e4ljare d\u00e4r f\u00e5r du den expertis som beh\u00f6vs f\u00f6r att komma ig\u00e5ng. V\u00e4lkommen att g\u00f6ra ett bes\u00f6k och nyttja kompetens och tj\u00e4nster som erbjuds dig. <\/p>\n\n\n\n    <div class=\"certification my-5\">\n                    <img decoding=\"async\" src=\"https:\/\/www.creone.com\/wp-content\/uploads\/2020\/04\/Certifierad-1.png\" alt=\"Symbol f\u00f6r Creones \u00e5terf\u00f6rs\u00e4ljare som blivit certifierade i nyckelhanteringssystemet KeyWin6\">\n                <div>\n                            <h4>Certifierad \u00e5terf\u00f6rs\u00e4ljare<\/h4>\n                                        <p>\n                    De \u00e5terf\u00f6rs\u00e4ljaren som sorteras under certifierad har alltid uppdaterad kunskap om v\u00e5ra produkter och tj\u00e4nster. De har genomg\u00e5tt utbildningar hos oss f\u00f6r att f\u00e5r djup insikt om v\u00e5ra produkter.                <\/p>\n                    <\/div>\n    <\/div>\n\n","protected":false},"excerpt":{"rendered":"<p>V\u00e5ra l\u00f6sningar finns i n\u00e4rmare 50-tal l\u00e4nder hos v\u00e5ra lokal \u00e5terf\u00f6rs\u00e4ljare d\u00e4r f\u00e5r du den expertis som beh\u00f6vs f\u00f6r att komma ig\u00e5ng. V\u00e4lkommen att g\u00f6ra ett bes\u00f6k och nyttja kompetens och tj\u00e4nster som erbjuds dig.<\/p>\n","protected":false},"author":2,"featured_media":0,"parent":0,"menu_order":0,"comment_status":"closed","ping_status":"closed","template":"map.php","meta":{"_acf_changed":false,"content-type":"","footnotes":""},"class_list":["post-424","page","type-page","status-publish","hentry"],"acf":[],"yoast_head":"<!-- This site is optimized with the Yoast SEO plugin v26.7 - https:\/\/yoast.com\/wordpress\/plugins\/seo\/ -->\n<title>Hitta certfierade \u00e5terf\u00f6rs\u00e4ljare | Creone<\/title>\n<meta name=\"description\" content=\"Hitta Creones certfierade \u00e5terf\u00f6rs\u00e4ljare som hj\u00e4lper dig att v\u00e4lja r\u00e4tt nyckelhanteringssystem f\u00f6r nyckelsk\u00e5p och v\u00e4rdesk\u00e5pf\u00f6rvaring.\" \/>\n<meta name=\"robots\" content=\"index, follow, max-snippet:-1, max-image-preview:large, max-video-preview:-1\" \/>\n<link rel=\"canonical\" href=\"https:\/\/www.creone.com\/sv\/hitta-aterforsaljare\/\" \/>\n<meta property=\"og:locale\" content=\"sv_SE\" \/>\n<meta property=\"og:type\" content=\"article\" \/>\n<meta property=\"og:title\" content=\"Hitta certfierade \u00e5terf\u00f6rs\u00e4ljare | Creone\" \/>\n<meta property=\"og:description\" content=\"Hitta Creones certfierade \u00e5terf\u00f6rs\u00e4ljare som hj\u00e4lper dig att v\u00e4lja r\u00e4tt nyckelhanteringssystem f\u00f6r nyckelsk\u00e5p och v\u00e4rdesk\u00e5pf\u00f6rvaring.\" \/>\n<meta property=\"og:url\" content=\"https:\/\/www.creone.com\/sv\/hitta-aterforsaljare\/\" \/>\n<meta property=\"og:site_name\" content=\"Creone\" \/>\n<meta property=\"article:modified_time\" content=\"2025-11-11T15:55:55+00:00\" \/>\n<meta name=\"twitter:card\" content=\"summary_large_image\" \/>\n<script type=\"application\/ld+json\" class=\"yoast-schema-graph\">{\"@context\":\"https:\/\/schema.org\",\"@graph\":[{\"@type\":\"WebPage\",\"@id\":\"https:\/\/www.creone.com\/sv\/hitta-aterforsaljare\/\",\"url\":\"https:\/\/www.creone.com\/sv\/hitta-aterforsaljare\/\",\"name\":\"Hitta certfierade \u00e5terf\u00f6rs\u00e4ljare | Creone\",\"isPartOf\":{\"@id\":\"https:\/\/www.creone.com\/sv\/#website\"},\"datePublished\":\"2020-03-26T13:42:11+00:00\",\"dateModified\":\"2025-11-11T15:55:55+00:00\",\"description\":\"Hitta Creones certfierade \u00e5terf\u00f6rs\u00e4ljare som hj\u00e4lper dig att v\u00e4lja r\u00e4tt nyckelhanteringssystem f\u00f6r nyckelsk\u00e5p och v\u00e4rdesk\u00e5pf\u00f6rvaring.\",\"breadcrumb\":{\"@id\":\"https:\/\/www.creone.com\/sv\/hitta-aterforsaljare\/#breadcrumb\"},\"inLanguage\":\"sv-SE\",\"potentialAction\":[{\"@type\":\"ReadAction\",\"target\":[\"https:\/\/www.creone.com\/sv\/hitta-aterforsaljare\/\"]}]},{\"@type\":\"BreadcrumbList\",\"@id\":\"https:\/\/www.creone.com\/sv\/hitta-aterforsaljare\/#breadcrumb\",\"itemListElement\":[{\"@type\":\"ListItem\",\"position\":1,\"name\":\"Home\",\"item\":\"https:\/\/www.creone.com\/sv\/\"},{\"@type\":\"ListItem\",\"position\":2,\"name\":\"Hitta oss\"}]},{\"@type\":\"WebSite\",\"@id\":\"https:\/\/www.creone.com\/sv\/#website\",\"url\":\"https:\/\/www.creone.com\/sv\/\",\"name\":\"Creone\",\"description\":\"En till WordPress-webbplats\",\"potentialAction\":[{\"@type\":\"SearchAction\",\"target\":{\"@type\":\"EntryPoint\",\"urlTemplate\":\"https:\/\/www.creone.com\/sv\/?s={search_term_string}\"},\"query-input\":{\"@type\":\"PropertyValueSpecification\",\"valueRequired\":true,\"valueName\":\"search_term_string\"}}],\"inLanguage\":\"sv-SE\"}]}<\/script>\n<!-- \/ Yoast SEO plugin. -->","yoast_head_json":{"title":"Hitta certfierade \u00e5terf\u00f6rs\u00e4ljare | Creone","description":"Hitta Creones certfierade \u00e5terf\u00f6rs\u00e4ljare som hj\u00e4lper dig att v\u00e4lja r\u00e4tt nyckelhanteringssystem f\u00f6r nyckelsk\u00e5p och v\u00e4rdesk\u00e5pf\u00f6rvaring.","robots":{"index":"index","follow":"follow","max-snippet":"max-snippet:-1","max-image-preview":"max-image-preview:large","max-video-preview":"max-video-preview:-1"},"canonical":"https:\/\/www.creone.com\/sv\/hitta-aterforsaljare\/","og_locale":"sv_SE","og_type":"article","og_title":"Hitta certfierade \u00e5terf\u00f6rs\u00e4ljare | Creone","og_description":"Hitta Creones certfierade \u00e5terf\u00f6rs\u00e4ljare som hj\u00e4lper dig att v\u00e4lja r\u00e4tt nyckelhanteringssystem f\u00f6r nyckelsk\u00e5p och v\u00e4rdesk\u00e5pf\u00f6rvaring.","og_url":"https:\/\/www.creone.com\/sv\/hitta-aterforsaljare\/","og_site_name":"Creone","article_modified_time":"2025-11-11T15:55:55+00:00","twitter_card":"summary_large_image","schema":{"@context":"https:\/\/schema.org","@graph":[{"@type":"WebPage","@id":"https:\/\/www.creone.com\/sv\/hitta-aterforsaljare\/","url":"https:\/\/www.creone.com\/sv\/hitta-aterforsaljare\/","name":"Hitta certfierade \u00e5terf\u00f6rs\u00e4ljare | Creone","isPartOf":{"@id":"https:\/\/www.creone.com\/sv\/#website"},"datePublished":"2020-03-26T13:42:11+00:00","dateModified":"2025-11-11T15:55:55+00:00","description":"Hitta Creones certfierade \u00e5terf\u00f6rs\u00e4ljare som hj\u00e4lper dig att v\u00e4lja r\u00e4tt nyckelhanteringssystem f\u00f6r nyckelsk\u00e5p och v\u00e4rdesk\u00e5pf\u00f6rvaring.","breadcrumb":{"@id":"https:\/\/www.creone.com\/sv\/hitta-aterforsaljare\/#breadcrumb"},"inLanguage":"sv-SE","potentialAction":[{"@type":"ReadAction","target":["https:\/\/www.creone.com\/sv\/hitta-aterforsaljare\/"]}]},{"@type":"BreadcrumbList","@id":"https:\/\/www.creone.com\/sv\/hitta-aterforsaljare\/#breadcrumb","itemListElement":[{"@type":"ListItem","position":1,"name":"Home","item":"https:\/\/www.creone.com\/sv\/"},{"@type":"ListItem","position":2,"name":"Hitta oss"}]},{"@type":"WebSite","@id":"https:\/\/www.creone.com\/sv\/#website","url":"https:\/\/www.creone.com\/sv\/","name":"Creone","description":"En till WordPress-webbplats","potentialAction":[{"@type":"SearchAction","target":{"@type":"EntryPoint","urlTemplate":"https:\/\/www.creone.com\/sv\/?s={search_term_string}"},"query-input":{"@type":"PropertyValueSpecification","valueRequired":true,"valueName":"search_term_string"}}],"inLanguage":"sv-SE"}]}},"_links":{"self":[{"href":"https:\/\/www.creone.com\/sv\/wp-json\/wp\/v2\/pages\/424","targetHints":{"allow":["GET"]}}],"collection":[{"href":"https:\/\/www.creone.com\/sv\/wp-json\/wp\/v2\/pages"}],"about":[{"href":"https:\/\/www.creone.com\/sv\/wp-json\/wp\/v2\/types\/page"}],"author":[{"embeddable":true,"href":"https:\/\/www.creone.com\/sv\/wp-json\/wp\/v2\/users\/2"}],"replies":[{"embeddable":true,"href":"https:\/\/www.creone.com\/sv\/wp-json\/wp\/v2\/comments?post=424"}],"version-history":[{"count":31,"href":"https:\/\/www.creone.com\/sv\/wp-json\/wp\/v2\/pages\/424\/revisions"}],"predecessor-version":[{"id":22503,"href":"https:\/\/www.creone.com\/sv\/wp-json\/wp\/v2\/pages\/424\/revisions\/22503"}],"wp:attachment":[{"href":"https:\/\/www.creone.com\/sv\/wp-json\/wp\/v2\/media?parent=424"}],"curies":[{"name":"wp","href":"https:\/\/api.w.org\/{rel}","templated":true}]}}