{"id":2323,"date":"2020-04-28T09:31:55","date_gmt":"2020-04-28T07:31:55","guid":{"rendered":"https:\/\/www.creone.com\/?page_id=2323"},"modified":"2025-11-11T16:19:14","modified_gmt":"2025-11-11T15:19:14","slug":"bli-en-aterforsaljare","status":"publish","type":"page","link":"https:\/\/www.creone.com\/sv\/bli-en-aterforsaljare\/","title":{"rendered":"Bli en \u00e5terf\u00f6rs\u00e4ljare"},"content":{"rendered":"\t<div class=\"container-fluid bread-border\">\n\t\t<div class=\"container\">\n\t\t\t<div class=\"row\">\n\t\t\t\t<div class=\"col-12\">\n\t\t\t\t\t<p id=\"breadcrumbs\"><span><span><a href=\"https:\/\/www.creone.com\/sv\/\">Home<\/a><\/span><\/span><\/p>\t\t\t\t<\/div>\n\t\t\t<\/div>\n\t\t<\/div>\n\t<\/div>\n        <section class=\"page-header-section container  \">\n\n    <div class=\"text-column\">\n\n        \n                    <h1 class=\"text-blue fade-in-right\">Vi blir b\u00e4ttre tillsammans<\/h1>\n        \n                    <p class=\"text-primary fade-in\">Relationer bygger p\u00e5 f\u00f6rst\u00e5else. Vi v\u00e4xer internationellt och lokalt genom att kontinuerligt f\u00f6rb\u00e4ttra v\u00e5r f\u00f6rst\u00e5else f\u00f6r v\u00e5ra kunder tillsammans med dig som \u00e5terf\u00f6rs\u00e4ljare. Detta hj\u00e4lper oss att leverera innovativa l\u00f6sningar i varje steg av v\u00e5r resa tillsammans.<\/p>\n        \n                    <div class=\"button-row fade-in\">\n                                                        <a href=\"https:\/\/www.creone.com\/sv\/bli-en-aterforsaljare\/ansok-om-att-bli-aterforsaljare\/\" class=\"button btn-dark\">Bli en \u00e5terf\u00f6rs\u00e4ljare<\/a>\n                \n                            <\/div>\n        \n    <\/div>\n\n            <div class=\"image-column wipe-in-left image-shadow\">\n             <img decoding=\"async\" src=\"https:\/\/www.creone.com\/wp-content\/uploads\/2020\/04\/GettyImages-1077565558.jpg\" alt=\"Creones internationella distribut\u00f6rer som s\u00e4ljer nyckelhanteringssystem\" \/>\n        <\/div>\n    \n    <\/section>\n\n    \n\n\n\t<div class=\"centered-content container\">\n\t\t\t\t\t<span class=\"headline mb-0\">Engagemang <\/span>\n\t\t\n\t\t\t\t\t<h2 class=\"text-blue\">V\u00e5rt tillv\u00e4gag\u00e5ngss\u00e4tt f\u00f6r att bli b\u00e4ttre tillsammans<\/h2>\n\t\t\n\t\t\t\t\t<p class=\"text-primary\">Vi kommer att forma en plan kring dina unika m\u00e5l i din marknad. Oavsett var du \u00e4r p\u00e5 resan, komplexiteten i din bransch, eller hur snabbt du \u00e4r redo att ta dig an en marknad, kommer vi att samarbeta med dig f\u00f6r att hitta r\u00e4tt tillv\u00e4gag\u00e5ngss\u00e4tt f\u00f6r att n\u00e5 v\u00e5ra m\u00e5l tillsammans. Vi har ing\u00e5ngssteg som passar just ditt f\u00f6retag.<\/p>\n\t\t\t\t\t\t\t<div class=\"button-row\">\n\t\t\t\t\t\t\t<\/div>\n\t\t\n\t\t\n\t<\/div>\n\n\n\n\n    <div class=\"column-content container\">\n        \n        \n        \n                    <div class=\"column-row fade-in-up \">\n                                    <div class=\"column\">\n                                                    <h3>Kom ig\u00e5ng<\/h3>\n                        \n                                                    <p class=\"text-primary\">Kom snabbt ig\u00e5ng med v\u00e5rt kunskapsteam inom olika omr\u00e5den. De kommer att arbeta tillsammans med dig f\u00f6r att utforma en plan f\u00f6r b\u00e4sta s\u00e4ttet fram\u00e5t f\u00f6r dig att bli en \u00e5terf\u00f6rs\u00e4ljare och f\u00e5 f\u00f6rst\u00e5else och kunskap i v\u00e5ra produkter och kundsegment.<\/p>\n                        \n                                                    <a href=\"\/sv\/ansok-om-att-bli-aterforsaljare\/\" class=\"button btn-link with-arrow\" target=\"\">Ans\u00f6k nu<\/a>\n                                            <\/div>\n                                    <div class=\"column\">\n                                                    <h3>Optimera<\/h3>\n                        \n                                                    <p class=\"text-primary\">N\u00e4r ditt f\u00f6retag utvecklas f\u00f6r\u00e4ndras dina behov. Vi kan hj\u00e4lpa dig att utvecklas med v\u00e5r kunskap fr\u00e5n olika marknader och specifika branscher. Vi \u00e4r med dig och ditt f\u00f6retag p\u00e5 er resa oavsett hur du f\u00f6r\u00e4ndras eller v\u00e4xer. Ett starkt partnerskap \u00f6ver tid vinner alltid i l\u00e4ngden.<\/p>\n                        \n                                                    <a href=\"\/sv\/ansok-om-att-bli-aterforsaljare\/\" class=\"button btn-link with-arrow\" target=\"\">B\u00f6rja optimera<\/a>\n                                            <\/div>\n                                    <div class=\"column\">\n                                                    <h3>Transformera<\/h3>\n                        \n                                                    <p class=\"text-primary\">F\u00f6r \u00e5terf\u00f6rs\u00e4ljare som vill modernisera sina digitala v\u00e4rdesaks och nyckelhanterings l\u00f6sningar finns vi h\u00e4r f\u00f6r dig. Vi har de mest anv\u00e4ndarv\u00e4nliga, flexibla produkterna p\u00e5 marknaden samt den modernaste tekniken. Tillsammans kan vi s\u00e4tta ett starkt avtryck i er marknad.<\/p>\n                        \n                                                    <a href=\"\/sv\/ansok-om-att-bli-aterforsaljare\/\" class=\"button btn-link with-arrow\" target=\"\">P\u00e5b\u00f6rja transformation <\/a>\n                                            <\/div>\n                            <\/div>\n        \n    <\/div>\n\n\n\n        <section class=\"full-width-quotes my-3 \">\n            <div class=\"container d-flex flex-wrap\">\n                <div class=\"row\">\n                                            <div class=\"quote col-12 col-md-4\">\n                            <div class=\"d-flex flex-column h-100\">\n\n                                 <div class=\"profile-img\">\n                                        <img decoding=\"async\" srcset=\"https:\/\/www.creone.com\/wp-content\/uploads\/2020\/05\/DSC4617-1-300x300.jpg 1x, https:\/\/www.creone.com\/wp-content\/uploads\/2020\/05\/DSC4617-1-600x600.jpg 2x\" src=\"https:\/\/www.creone.com\/wp-content\/uploads\/2020\/05\/DSC4617-1-300x300.jpg\" alt=\"\" class=\"fade-in-down\">\n                                    <\/div>\n                                \n                                                                    <p>\u201cVi har varit partners sedan 2002 och skapat ett helt nytt behov tillsammans med digitalisering av nyckelhantering inom s\u00e4kerhetsbranschen. V\u00e5rt samarbete bygger p\u00e5 l\u00e5ngsiktighet, tillit och stark support, b\u00e5de tekniskt och guidning i marknaden. Det har resulterat i att vi utvecklats tillsammans och skapat en stark position i marknaden.\u201d<\/p>\n                                \n                                <div class=\"mt-auto\">\n                                                                            <p class=\"name\">Jean-Claude Bopp<\/p>\n                                    \n                                                                            <p class=\"company\">Founder, BOPP Solutions AG<\/p>\n                                                                                                        <\/div>\n                            <\/div>\n                        <\/div>\n                                            <div class=\"creone-border-left quote col-12 col-md-4\">\n                            <div class=\"d-flex flex-column h-100\">\n\n                                 <div class=\"profile-img\">\n                                        <img decoding=\"async\" srcset=\"https:\/\/www.creone.com\/wp-content\/uploads\/2021\/10\/NYP_0153-300x300.jpg 1x, https:\/\/www.creone.com\/wp-content\/uploads\/2021\/10\/NYP_0153-600x600.jpg 2x\" src=\"https:\/\/www.creone.com\/wp-content\/uploads\/2021\/10\/NYP_0153-300x300.jpg\" alt=\"\" class=\"fade-in-down\">\n                                    <\/div>\n                                \n                                                                    <p>\u201cVi har blivit en av pionj\u00e4rerna i att introducera intelligenta nyckel- och f\u00f6rvaringssystem p\u00e5 den japanska marknaden som partner till Creone. Som ett steg att transformera och anpassa oss till v\u00e5r marknad har allt fr\u00e5n hemsida, produkter, programvaror etc \u00f6versatts till japanska vilket \u00e4r ett m\u00e5ste f\u00f6r att s\u00e4tta ett avtryck i v\u00e5r marknad och g\u00f6ra produkten \u201dlokal\u201d. Flexibiliteten i v\u00e5rt samarbete har varit grunden f\u00f6r att kunna \u00e5stadkomma detta.\u201d<\/p>\n                                \n                                <div class=\"mt-auto\">\n                                                                            <p class=\"name\">Kenichi Komatsu<\/p>\n                                    \n                                                                            <p class=\"company\">President, ID Management Co. Ltd.<\/p>\n                                                                                                        <\/div>\n                            <\/div>\n                        <\/div>\n                                            <div class=\"creone-border-left quote col-12 col-md-4\">\n                            <div class=\"d-flex flex-column h-100\">\n\n                                 <div class=\"profile-img\">\n                                        <img decoding=\"async\" srcset=\"https:\/\/www.creone.com\/wp-content\/uploads\/2024\/01\/DSC4617-1-web-300x300.jpg 1x, https:\/\/www.creone.com\/wp-content\/uploads\/2024\/01\/DSC4617-1-web-600x600.jpg 2x\" src=\"https:\/\/www.creone.com\/wp-content\/uploads\/2024\/01\/DSC4617-1-web-300x300.jpg\" alt=\"\" class=\"fade-in-down\">\n                                    <\/div>\n                                \n                                                                    <p>\u201cJag upplever att kunderna uppskattar v\u00e5r n\u00e4ra service och att vi har stor kunskap kring produkten. Dessutom har vi under l\u00e5ng tid byggt upp en relation med Creone som har gett oss ett bra samarbete \u00f6ver tid och ett stort f\u00f6rtroende ut mot slutkunder.  Med kontinuerlig utveckling av produkterna har v\u00e5ra f\u00f6rs\u00e4ljningsniv\u00e5er fortsatt att rulla p\u00e5 med of\u00f6rminskad styrka och \u00e4ven gett aff\u00e4rsm\u00f6jligheter via uppgradering av befintliga system.\u201d<\/p>\n                                \n                                <div class=\"mt-auto\">\n                                                                            <p class=\"name\">Magnus Jerreg\u00e5rd <\/p>\n                                    \n                                                                            <p class=\"company\">S\u00e4ljare, CERTEGO <\/p>\n                                                                                                                                                        <a href=\"\/sv\/bli-en-aterforsaljare\/certego\/\" class=\"button btn-link with-arrow mt-4\" target=\"\">\n                                            L\u00e4s mer                                        <\/a>\n                                                                    <\/div>\n                            <\/div>\n                        <\/div>\n                                    <\/div>\n            <\/div>\n        <\/section>\n\n\n\n    <div class=\"column-content container\">\n        \n                    <h2 class=\"text-blue\">Vad du f\u00e5r av att samarbeta med oss<\/h2>\n        \n                    <p class=\"text-primary\">V\u00e5r n\u00e4rvaro i \u00f6ver 40 l\u00e4nder kommer ge din verksamhet b\u00e4sta f\u00f6ruts\u00e4ttningar.<\/p>\n        \n                    <div class=\"column-row fade-in-up \">\n                                    <div class=\"column\">\n                                                    <h3>Bygg en plan f\u00f6r framg\u00e5ng<\/h3>\n                        \n                                                    <p class=\"text-primary\">V\u00e5rt partnerskap g\u00e5r ut\u00f6ver programvaran och h\u00e5rdvara. Vi har kunderna och erfarenheten f\u00f6r att ge dig r\u00e4tt r\u00e5dgivning och st\u00f6ttning. Vi kommer att arbeta med dig och implementera en samarbetsplan som ger resultat.<\/p>\n                        \n                                                    <a href=\"\/sv\/ansok-om-att-bli-aterforsaljare\/\" class=\"button btn-link with-arrow\" target=\"\">Bli en \u00e5terf\u00f6rs\u00e4ljare<\/a>\n                                            <\/div>\n                                    <div class=\"column\">\n                                                    <h3>Modern teknik som utvecklas<\/h3>\n                        \n                                                    <p class=\"text-primary\">Vi kan med trygghet garantera att v\u00e5ra tekniska l\u00f6sningar \u00e4r den mest aktuella i branschen. V\u00e5r viktigaste prioritet \u00e4r att st\u00e4ndigt investera och rusta v\u00e5r mjukvara och h\u00e5rdvara f\u00f6r att framtidss\u00e4kra v\u00e5ra l\u00f6sningar.<\/p>\n                        \n                                                    <a href=\"\/sv\/ansok-om-att-bli-aterforsaljare\/\" class=\"button btn-link with-arrow\" target=\"\">Bli en \u00e5terf\u00f6rs\u00e4ljare<\/a>\n                                            <\/div>\n                                    <div class=\"column\">\n                                                    <h3>Ditt team blir experter<\/h3>\n                        \n                                                    <p class=\"text-primary\">Vi st\u00e4rker ditt team med utbildning s\u00e5 att ni besitter r\u00e4tt produktkunskap f\u00f6r att leverera b\u00e4sta m\u00f6jliga resultat. Genom v\u00e5r regelbundna n\u00e4rvaro hos er kommer du f\u00e5 den kunskap som beh\u00f6vs f\u00f6r att leverera v\u00e5ra l\u00f6sningar. Och vid behov, finns v\u00e5r kundservice eller er s\u00e4ljrepresentant bara ett samtal bort.<\/p>\n                        \n                                                    <a href=\"\/sv\/ansok-om-att-bli-aterforsaljare\/\" class=\"button btn-link with-arrow\" target=\"\">Bli en \u00e5terf\u00f6rs\u00e4ljare<\/a>\n                                            <\/div>\n                            <\/div>\n        \n    <\/div>\n\n\n\n\n    <section class=\"card-section two-columns-section container\">\n                                    <div class=\"card\">\n                                                                    <img decoding=\"async\" class=\"card-img-top\" src=\"https:\/\/www.creone.com\/wp-content\/uploads\/2020\/04\/GettyImages-1049828098-480x260.jpg\" alt=\"G\u00e5 en utbildning f\u00f6r att bli certifierad Creones nyckelsk\u00e5ps produkter\">\n                    \n                    <div class=\"card-body text-align-center\">\n\n                        \n                                                    <span class=\"headline\">Utbildningar<\/span>\n                        \n                                                    <h3 class=\"text-blue\">B\u00f6rja med en utbildning<\/h3>\n                        \n                                                    <p class=\"text-primary\">Ni kan snabbt och enkelt komma ig\u00e5ng genom onlineutbildning som ger er en f\u00f6rsta inblick och f\u00f6rst\u00e5else i v\u00e5ra produkter och l\u00f6sningar.<\/p>\n                        \n                                                                                <a href=\"\/sv\/bli-en-aterforsaljare\/utbildning\/\" class=\"button btn-link with-arrow\" target=\"\">\n                                Anm\u00e4l intresse                            <\/a>\n                        \n                    <\/div>\n                <\/div>\n                            <div class=\"card\">\n                                                                    <img decoding=\"async\" class=\"card-img-top\" src=\"https:\/\/www.creone.com\/wp-content\/uploads\/2020\/04\/GettyImages-1096393188-480x260.jpg\" alt=\"Bli en certifierad \u00e5terf\u00f6rs\u00e4ljare f\u00f6r Creones nyckelhanterings produktprogram\">\n                    \n                    <div class=\"card-body text-align-center\">\n\n                        \n                                                    <span class=\"headline\">Certifiering<\/span>\n                        \n                                                    <h3 class=\"text-blue\">Certifiera ditt team<\/h3>\n                        \n                                                    <p class=\"text-primary\">N\u00e4r ni \u00e4r redo att ta n\u00e4sta steg och bli en certifierad partner bes\u00f6ker ni v\u00e5rt utbildningscenter. <\/p>\n                        \n                                                                                <a href=\"\/sv\/bli-en-aterforsaljare\/certifiering\/\" class=\"button btn-link with-arrow\" target=\"\">\n                                Anm\u00e4l intresse                            <\/a>\n                        \n                    <\/div>\n                <\/div>\n                        <\/section>\n\n\n\n\n    <div class=\"column-content container\">\n        \n                    <h2 class=\"text-blue\">N\u00e5got f\u00f6r alla, vare sig bakgrund<\/h2>\n        \n                    <p class=\"text-primary\">Oavsett roller s\u00e5 erbjuder vi utbildningar f\u00f6r att hj\u00e4lpa er till att bli experter.<\/p>\n        \n                    <div class=\"column-row fade-in-up \">\n                                    <div class=\"column\">\n                                                    <h3>F\u00f6rs\u00e4ljning och marknad<\/h3>\n                        \n                                                    <p class=\"text-primary\">Vi hj\u00e4lper dig att hitta r\u00e4tt argument f\u00f6r v\u00e5ra l\u00f6sningar och f\u00f6rklarar genomg\u00e5ende hur de olika branscherna anv\u00e4nder v\u00e5ra produkter och l\u00f6sningar. Du f\u00e5r \u00e4ven ta del av potentiella kunder fr\u00e5n v\u00e5ra digitala kanaler samt guidning och st\u00f6ttning om du deltar p\u00e5 en m\u00e4ssa.<\/p>\n                        \n                                            <\/div>\n                                    <div class=\"column\">\n                                                    <h3>Support och kundservice<\/h3>\n                        \n                                                    <p class=\"text-primary\">Du f\u00e5r grundl\u00e4ggande utbildning f\u00f6r hur ett system installeras och fungerar. Du har direktkontakt med v\u00e5rt kundservice team som utbildar och hj\u00e4lper dig med h\u00f6g expertis f\u00f6r att dina installationer ska h\u00e5lla en h\u00f6g niv\u00e5.<\/p>\n                        \n                                            <\/div>\n                                    <div class=\"column\">\n                                                    <h3>Integration f\u00f6r utvecklare<\/h3>\n                        \n                                                    <p class=\"text-primary\">Beh\u00f6ver ni integrera mot ett speciellt system i er marknad och har kunniga utvecklare? Vi hj\u00e4lper dem att f\u00f6rst\u00e5 hur en integration med v\u00e5rt API kan till\u00e4mpas viket \u00f6ppnar upp oanade m\u00f6jligheter f\u00f6r er i framtiden.<\/p>\n                        \n                                            <\/div>\n                            <\/div>\n        \n    <\/div>\n\n","protected":false},"excerpt":{"rendered":"","protected":false},"author":2,"featured_media":0,"parent":0,"menu_order":0,"comment_status":"closed","ping_status":"closed","template":"page-without-container.php","meta":{"_acf_changed":false,"content-type":"","footnotes":""},"class_list":["post-2323","page","type-page","status-publish","hentry"],"acf":[],"yoast_head":"<!-- This site is optimized with the Yoast SEO plugin v26.7 - https:\/\/yoast.com\/wordpress\/plugins\/seo\/ -->\n<title>Bli en \u00e5terf\u00f6rs\u00e4ljare | Creone<\/title>\n<meta name=\"description\" content=\"Vi v\u00e4xer internationellt och lokalt genom att kontinuerligt f\u00f6rb\u00e4ttra v\u00e5r f\u00f6rst\u00e5else f\u00f6r v\u00e5ra kunders nyckelhantering tillsammans v\u00e5ra \u00e5terf\u00f6rs\u00e4ljare.\" \/>\n<meta name=\"robots\" content=\"index, follow, max-snippet:-1, max-image-preview:large, max-video-preview:-1\" \/>\n<link rel=\"canonical\" href=\"https:\/\/www.creone.com\/sv\/bli-en-aterforsaljare\/\" \/>\n<meta property=\"og:locale\" content=\"sv_SE\" \/>\n<meta property=\"og:type\" content=\"article\" \/>\n<meta property=\"og:title\" content=\"Bli en \u00e5terf\u00f6rs\u00e4ljare | Creone\" \/>\n<meta property=\"og:description\" content=\"Vi v\u00e4xer internationellt och lokalt genom att kontinuerligt f\u00f6rb\u00e4ttra v\u00e5r f\u00f6rst\u00e5else f\u00f6r v\u00e5ra kunders nyckelhantering tillsammans v\u00e5ra \u00e5terf\u00f6rs\u00e4ljare.\" \/>\n<meta property=\"og:url\" content=\"https:\/\/www.creone.com\/sv\/bli-en-aterforsaljare\/\" \/>\n<meta property=\"og:site_name\" content=\"Creone\" \/>\n<meta property=\"article:modified_time\" content=\"2025-11-11T15:19:14+00:00\" \/>\n<meta name=\"twitter:card\" content=\"summary_large_image\" \/>\n<script type=\"application\/ld+json\" class=\"yoast-schema-graph\">{\"@context\":\"https:\/\/schema.org\",\"@graph\":[{\"@type\":\"WebPage\",\"@id\":\"https:\/\/www.creone.com\/sv\/bli-en-aterforsaljare\/\",\"url\":\"https:\/\/www.creone.com\/sv\/bli-en-aterforsaljare\/\",\"name\":\"Bli en \u00e5terf\u00f6rs\u00e4ljare | Creone\",\"isPartOf\":{\"@id\":\"https:\/\/www.creone.com\/sv\/#website\"},\"datePublished\":\"2020-04-28T07:31:55+00:00\",\"dateModified\":\"2025-11-11T15:19:14+00:00\",\"description\":\"Vi v\u00e4xer internationellt och lokalt genom att kontinuerligt f\u00f6rb\u00e4ttra v\u00e5r f\u00f6rst\u00e5else f\u00f6r v\u00e5ra kunders nyckelhantering tillsammans v\u00e5ra \u00e5terf\u00f6rs\u00e4ljare.\",\"breadcrumb\":{\"@id\":\"https:\/\/www.creone.com\/sv\/bli-en-aterforsaljare\/#breadcrumb\"},\"inLanguage\":\"sv-SE\",\"potentialAction\":[{\"@type\":\"ReadAction\",\"target\":[\"https:\/\/www.creone.com\/sv\/bli-en-aterforsaljare\/\"]}]},{\"@type\":\"BreadcrumbList\",\"@id\":\"https:\/\/www.creone.com\/sv\/bli-en-aterforsaljare\/#breadcrumb\",\"itemListElement\":[{\"@type\":\"ListItem\",\"position\":1,\"name\":\"Home\",\"item\":\"https:\/\/www.creone.com\/sv\/\"},{\"@type\":\"ListItem\",\"position\":2,\"name\":\"Bli en \u00e5terf\u00f6rs\u00e4ljare\"}]},{\"@type\":\"WebSite\",\"@id\":\"https:\/\/www.creone.com\/sv\/#website\",\"url\":\"https:\/\/www.creone.com\/sv\/\",\"name\":\"Creone\",\"description\":\"En till WordPress-webbplats\",\"potentialAction\":[{\"@type\":\"SearchAction\",\"target\":{\"@type\":\"EntryPoint\",\"urlTemplate\":\"https:\/\/www.creone.com\/sv\/?s={search_term_string}\"},\"query-input\":{\"@type\":\"PropertyValueSpecification\",\"valueRequired\":true,\"valueName\":\"search_term_string\"}}],\"inLanguage\":\"sv-SE\"}]}<\/script>\n<!-- \/ Yoast SEO plugin. -->","yoast_head_json":{"title":"Bli en \u00e5terf\u00f6rs\u00e4ljare | Creone","description":"Vi v\u00e4xer internationellt och lokalt genom att kontinuerligt f\u00f6rb\u00e4ttra v\u00e5r f\u00f6rst\u00e5else f\u00f6r v\u00e5ra kunders nyckelhantering tillsammans v\u00e5ra \u00e5terf\u00f6rs\u00e4ljare.","robots":{"index":"index","follow":"follow","max-snippet":"max-snippet:-1","max-image-preview":"max-image-preview:large","max-video-preview":"max-video-preview:-1"},"canonical":"https:\/\/www.creone.com\/sv\/bli-en-aterforsaljare\/","og_locale":"sv_SE","og_type":"article","og_title":"Bli en \u00e5terf\u00f6rs\u00e4ljare | Creone","og_description":"Vi v\u00e4xer internationellt och lokalt genom att kontinuerligt f\u00f6rb\u00e4ttra v\u00e5r f\u00f6rst\u00e5else f\u00f6r v\u00e5ra kunders nyckelhantering tillsammans v\u00e5ra \u00e5terf\u00f6rs\u00e4ljare.","og_url":"https:\/\/www.creone.com\/sv\/bli-en-aterforsaljare\/","og_site_name":"Creone","article_modified_time":"2025-11-11T15:19:14+00:00","twitter_card":"summary_large_image","schema":{"@context":"https:\/\/schema.org","@graph":[{"@type":"WebPage","@id":"https:\/\/www.creone.com\/sv\/bli-en-aterforsaljare\/","url":"https:\/\/www.creone.com\/sv\/bli-en-aterforsaljare\/","name":"Bli en \u00e5terf\u00f6rs\u00e4ljare | Creone","isPartOf":{"@id":"https:\/\/www.creone.com\/sv\/#website"},"datePublished":"2020-04-28T07:31:55+00:00","dateModified":"2025-11-11T15:19:14+00:00","description":"Vi v\u00e4xer internationellt och lokalt genom att kontinuerligt f\u00f6rb\u00e4ttra v\u00e5r f\u00f6rst\u00e5else f\u00f6r v\u00e5ra kunders nyckelhantering tillsammans v\u00e5ra \u00e5terf\u00f6rs\u00e4ljare.","breadcrumb":{"@id":"https:\/\/www.creone.com\/sv\/bli-en-aterforsaljare\/#breadcrumb"},"inLanguage":"sv-SE","potentialAction":[{"@type":"ReadAction","target":["https:\/\/www.creone.com\/sv\/bli-en-aterforsaljare\/"]}]},{"@type":"BreadcrumbList","@id":"https:\/\/www.creone.com\/sv\/bli-en-aterforsaljare\/#breadcrumb","itemListElement":[{"@type":"ListItem","position":1,"name":"Home","item":"https:\/\/www.creone.com\/sv\/"},{"@type":"ListItem","position":2,"name":"Bli en \u00e5terf\u00f6rs\u00e4ljare"}]},{"@type":"WebSite","@id":"https:\/\/www.creone.com\/sv\/#website","url":"https:\/\/www.creone.com\/sv\/","name":"Creone","description":"En till WordPress-webbplats","potentialAction":[{"@type":"SearchAction","target":{"@type":"EntryPoint","urlTemplate":"https:\/\/www.creone.com\/sv\/?s={search_term_string}"},"query-input":{"@type":"PropertyValueSpecification","valueRequired":true,"valueName":"search_term_string"}}],"inLanguage":"sv-SE"}]}},"_links":{"self":[{"href":"https:\/\/www.creone.com\/sv\/wp-json\/wp\/v2\/pages\/2323","targetHints":{"allow":["GET"]}}],"collection":[{"href":"https:\/\/www.creone.com\/sv\/wp-json\/wp\/v2\/pages"}],"about":[{"href":"https:\/\/www.creone.com\/sv\/wp-json\/wp\/v2\/types\/page"}],"author":[{"embeddable":true,"href":"https:\/\/www.creone.com\/sv\/wp-json\/wp\/v2\/users\/2"}],"replies":[{"embeddable":true,"href":"https:\/\/www.creone.com\/sv\/wp-json\/wp\/v2\/comments?post=2323"}],"version-history":[{"count":132,"href":"https:\/\/www.creone.com\/sv\/wp-json\/wp\/v2\/pages\/2323\/revisions"}],"predecessor-version":[{"id":22461,"href":"https:\/\/www.creone.com\/sv\/wp-json\/wp\/v2\/pages\/2323\/revisions\/22461"}],"wp:attachment":[{"href":"https:\/\/www.creone.com\/sv\/wp-json\/wp\/v2\/media?parent=2323"}],"curies":[{"name":"wp","href":"https:\/\/api.w.org\/{rel}","templated":true}]}}