{"id":22264,"date":"2025-10-22T16:28:22","date_gmt":"2025-10-22T14:28:22","guid":{"rendered":"https:\/\/www.creone.com\/?page_id=22264"},"modified":"2025-11-11T16:28:06","modified_gmt":"2025-11-11T15:28:06","slug":"retail","status":"publish","type":"page","link":"https:\/\/www.creone.com\/sv\/branschlosningar\/retail\/","title":{"rendered":"Retail"},"content":{"rendered":"\n    <style>\n        #header-image {\n            background-image: url(https:\/\/www.creone.com\/wp-content\/uploads\/2025\/10\/iStock-473329424-scaled.jpg);\n        }\n\n        @media (-webkit-min-device-pixel-ratio: 2),\n        (min-resolution: 192dpi) {\n            #header-image {\n                background-image: url(https:\/\/www.creone.com\/wp-content\/uploads\/2025\/10\/iStock-473329424-scaled.jpg);\n            }\n        }\n    <\/style>\n\n    <section\n        class=\"full-width-header-image \"\n        id=\"header-image\"\n        style=\"background-position: center\"><\/section>\n\n                    <div class=\"container-fluid bread-border\">\n            <div class=\"container\">\n                <div class=\"row\">\n                    <div class=\"col-12\">\n                        <p id=\"breadcrumbs\"><span><span><a href=\"https:\/\/www.creone.com\/sv\/\">Home<\/a><\/span><\/span><\/p>                    <\/div>\n                <\/div>\n            <\/div>\n        <\/div>\n        <style>\n            .full-width-header-image {\n                margin-bottom: 0rem !important;\n            }\n\n            .bread-border {\n                margin-bottom: 6rem;\n            }\n        <\/style>\n\n\n\n<h6 class=\"headline tight-container wp-block-heading\">Retail<\/h6>\n\n\n\n<h1 class=\"tight-container wp-block-heading\">Nyckel- och f\u00f6rvaringssystem f\u00f6r verksamheter d\u00e4r kundupplevelsen st\u00e5r i fokus<\/h1>\n\n\n\n<p class=\"tight-container\">Inom detaljhandeln \u00e4r kundupplevelsen alltid i fokus. F\u00f6r att m\u00f6ta f\u00f6rv\u00e4ntningarna kr\u00e4vs smidiga rutiner och v\u00e4lfungerande processer i bakgrunden, oavsett om det g\u00e4ller en livsmedelsbutik i utkanten av stan eller en kl\u00e4dbutik mitt i city. <br><br>Creones l\u00f6sningar g\u00f6r det m\u00f6jligt att hantera b\u00e5de nycklar, utrustning och andra fysiska f\u00f6rem\u00e5l med full kontroll och sp\u00e5rbarhet. Plattformen st\u00f6djer b\u00e5de intern hantering mellan medarbetare och funktioner f\u00f6r att hantera utl\u00e4mning till kund, exempelvis vid e-handelsordrar eller service\u00e4renden. P\u00e5 samma s\u00e4tt kan kunden sj\u00e4lv l\u00e4mna in varor, nycklar eller andra objekt f\u00f6r vidare hantering i butiken.<br><br>N\u00e4r hanteringen sker i butiksmilj\u00f6 eller i utrymmen d\u00e4r kunder r\u00f6r sig blir designen en viktig del av helhetsintrycket. Creones moderna och stilrena design g\u00f6r att l\u00f6sningen sm\u00e4lter in i alla milj\u00f6er och fungerar som en naturlig del av inredningen.<\/p>\n\n\n\n<div class=\"master-details container\">\n\t        <span class=\"headline\">I detalj<\/span>\n\t\n            <h2 class=\"text-blue\">V\u00e5ra f\u00f6rdelar<\/h2>\n        \n    \n        <div class=\"side-menu fade-in-right\">\n            <ul>\n                                    <li class=\"master-tab active\" data-id=\"accordin-0\">\n                        Total kontroll                    <\/li>\n                                    <li class=\"master-tab \" data-id=\"accordin-1\">\n                        Effektiviserar fl\u00f6den                    <\/li>\n                                    <li class=\"master-tab \" data-id=\"accordin-2\">\n                        Enkel administration                    <\/li>\n                                    <li class=\"master-tab \" data-id=\"accordin-3\">\n                        Modern design                    <\/li>\n                            <\/ul>\n        <\/div>\n\n        <div class=\"content fade-in\">\n                            <div class=\"master-tab-content active\" id=\"accordin-0\">\n                    <p>Med smarta elektroniska f\u00f6rvarings- och nyckelsk\u00e5p f\u00e5r du full kontroll och \u00f6verblick \u00f6ver n\u00e4r och till vem nycklar l\u00e4mnas ut. Alla h\u00e4ndelser sparas i en elektronisk logg, och ni s\u00e4tter sj\u00e4lva reglerna f\u00f6r hur nycklar och f\u00f6rem\u00e5l f\u00e5r anv\u00e4ndas i den dagliga verksamheten f\u00f6r ett smidigt fl\u00f6de utan att kompromissa med s\u00e4kerhet eller struktur. Smidigt. Smart. S\u00e4kert.<\/p>\n                <\/div>\n                            <div class=\"master-tab-content \" id=\"accordin-1\">\n                    <p>Kundintensiva perioder kan inneb\u00e4ra fler resurser f\u00f6r att uppr\u00e4tth\u00e5lla serviceniv\u00e5n. Implementera v\u00e5rt system f\u00f6r att exempel hantera utl\u00e4mning av varor d\u00e4r kunder sj\u00e4lva kan h\u00e4mta sitt paket utan att beh\u00f6va st\u00e5 i k\u00f6.<\/p>\n                <\/div>\n                            <div class=\"master-tab-content \" id=\"accordin-2\">\n                    <p>Det ska vara enkelt att h\u00e5lla ordning p\u00e5 vilka nycklar och f\u00f6rem\u00e5l som finns i omlopp, och vem som anv\u00e4nder dem. I v\u00e5rt anv\u00e4ndarv\u00e4nliga administrationsgr\u00e4nssnitt l\u00e4gger du enkelt till nya anv\u00e4ndare och kopplar dem till \u00f6nskad nyckel eller grupp \u2013 med bara ett par klick. Administrat\u00f6ren kan \u00e4ven styra och f\u00f6rdela r\u00e4ttigheter till personalen. Snabbt och smidigt.<\/p>\n                <\/div>\n                            <div class=\"master-tab-content \" id=\"accordin-3\">\n                    <p>Tidl\u00f6s nordisk formgivning som f\u00f6renar enkelhet och funktion. Den rena och diskreta designen passar s\u00f6ml\u00f6st in i offentliga milj\u00f6er som butiker, kontor och entr\u00e9er och blir en naturlig del av inredningen som harmoniserar med b\u00e5de klassisk och modern stil.<\/p>\n                <\/div>\n                    <\/div>\n\n    \n<\/div>\n\n\n\n\n    <section class=\"card-section two-columns-section container\">\n                                    <div class=\"card\">\n                                                                    <img decoding=\"async\" class=\"card-img-top\" src=\"https:\/\/www.creone.com\/wp-content\/uploads\/2020\/04\/ginatrricot-1-480x260.jpg\" alt=\"Gina Tricot konceptbutik som anv\u00e4nder v\u00e4rdesk\u00e5p f\u00f6r att hantera personliga tillh\u00f6righeter\">\n                    \n                    <div class=\"card-body text-align-left\">\n\n                        \n                        \n                                                    <h3 class=\"text-blue\">Gina Tricot<\/h3>\n                        \n                                                    <p class=\"text-primary\">I en personalintensiv butiksmilj\u00f6 beh\u00f6vs en trygg och smidig l\u00f6sning f\u00f6r att medarbetare enkelt ska kunna f\u00f6rvara sina v\u00e4rdesaker.<\/p>\n                        \n                                                                                <a href=\"\/sv\/branschlosningar\/gina-tricot\/\" class=\"button btn-link with-arrow\" target=\"\">\n                                L\u00e4s referenscase                            <\/a>\n                        \n                    <\/div>\n                <\/div>\n                        <\/section>\n\n\n\n        <div class=\"container-fluid bread-border\">\n            <div class=\"container\">\n                <div class=\"row\">\n                    <div class=\"col-12\">\n                                            <\/div>\n                <\/div>\n            <\/div>\n        <\/div>\n        <section class=\"full-width-form  \">\n        <div class=\"container d-flex flex-wrap\">\n            <div class=\"content\">\n                                    <h2 class=\"fade-in\">Boka en demo med v\u00e5ra s\u00e4ljare <\/h2>\n                                                    <p class=\"fade-in\">L\u00e5t oss visa dig redan i dag, hur du p\u00e5 b\u00e4sta m\u00f6jliga s\u00e4tt kan administrera dina nycklar och f\u00f6rvaring av saker.  <\/p>\n                                                    <img decoding=\"async\" src=\"https:\/\/www.creone.com\/wp-content\/uploads\/2020\/04\/KeyWin6screens_box_SE_outline-4-900x450.png\" alt=\"\" srcset=\"https:\/\/www.creone.com\/wp-content\/uploads\/2020\/04\/KeyWin6screens_box_SE_outline-4-900x450.png 1x, https:\/\/www.creone.com\/wp-content\/uploads\/2020\/04\/KeyWin6screens_box_SE_outline-4-1750x900.png 2x\" class=\"fade-in-up\">\n                            <\/div>\n\n            <div class=\"hubspot-form-container fade-in-left\">\n                                                    <script charset=\"utf-8\" type=\"text\/javascript\" src=\"\/\/js.hsforms.net\/forms\/shell.js\"><\/script> <script>   hbspt.forms.create({ \tportalId: \"6969693\", \tformId: \"b5cb5711-a809-4f57-bc41-1f376085307f\" }); <\/script>                            <\/div>\n\n                    <\/div>\n    <\/section>\n\n\n\n\n<section class=\"cards-with-tab-nav container\">\n\n\t\t\t<h2 class=\"text-center text-blue\">Ditt flexibla nyckelhanteringssystem<\/h2>\n\t\n\t\t\t\n\t\t\t<div class=\"tabnav\">\n\t\t\t\t<ul>\n\t\t\t\t\t\t\t\t\t\t\t\t\t\t\t\t\t\t<li class=\"tab-item\" data-tab-content=nyckelsk\u00e5p><span>Nyckelsk\u00e5p<\/span><\/li>\n\t\t\t\t\t\t\t\t\t\t\t\t\t\t\t\t\t\t\t\t\t\t\t\t<li class=\"tab-item\" data-tab-content=nyckellister><span>Nyckellister<\/span><\/li>\n\t\t\t\t\t\t\t\t\t\t\t\t\t\t\t<\/ul>\n\t\t\t<\/div>\n\t\t\n\t\t\t\t\t<div class=\"tab-content card-section\" data-tab-content=\"nyckelsk\u00e5p\">\n\t\t\t\t\t\t\t\t\t<div class=\"card\">\n\t\t\t\t\t\t\t\t\t\t\t\t\t\t\t\t\t\t\t\t<img decoding=\"async\" class=\"card-img-top \" src=\"https:\/\/www.creone.com\/wp-content\/uploads\/2020\/03\/9700Keycontrol-open3-480x260.jpg\" alt=\"KeyBox smarta nyckelsk\u00e5p 9600SC brukas f\u00f6r nyckelhantering\">\n\t\t\t\t\t\t\n\t\t\t\t\t\t<div class=\"card-body text-align-left \">\n\t\t\t\t\t\t\t\t\t\t\t\t\t\t\t<img decoding=\"async\" src=\"https:\/\/www.creone.com\/wp-content\/uploads\/2020\/03\/keybox-logotyp.png\" alt=\"KeyBox logotyp f\u00f6r nyckelf\u00f6rvaring\">\n\t\t\t\t\t\t\t\n\t\t\t\t\t\t\t\t\t\t\t\t\t\t\t<span class=\"text-primary\">Keycontrol-serien<\/span>\n\t\t\t\t\t\t\t\n\t\t\t\t\t\t\t\n\t\t\t\t\t\t\t\t\t\t\t\t\t\t\t<p class=\"text-primary\">Det smarta systemet med elektronisk nyckelidentifiering. <\/p>\n\t\t\t\t\t\t\t\n\t\t\t\t\t\t\t\t\t\t\t\t\t\t\t\t\t\t\t\t\t\t\t<a href=\"\/sv\/produkter\/keybox\/keycontrol\/\" class=\"button btn-link with-arrow\" target=\"\">\n\t\t\t\t\t\t\t\t\tUtforska\t\t\t\t\t\t\t\t<\/a>\n\t\t\t\t\t\t\t\n\t\t\t\t\t\t<\/div>\n\t\t\t\t\t<\/div>\n\t\t\t\t\t\t\t\t\t<div class=\"card\">\n\t\t\t\t\t\t\t\t\t\t\t\t\t\t\t\t\t\t\t\t<img decoding=\"async\" class=\"card-img-top \" src=\"https:\/\/www.creone.com\/wp-content\/uploads\/2020\/03\/9001System-zoomed-480x260.jpg\" alt=\"KeyBox system nyckelutl\u00e4mningssk\u00e5p avsedda f\u00f6r nyckelhantering\">\n\t\t\t\t\t\t\n\t\t\t\t\t\t<div class=\"card-body text-align-left \">\n\t\t\t\t\t\t\t\t\t\t\t\t\t\t\t<img decoding=\"async\" src=\"https:\/\/www.creone.com\/wp-content\/uploads\/2020\/03\/keybox-logotyp.png\" alt=\"KeyBox logotyp f\u00f6r nyckelf\u00f6rvaring\">\n\t\t\t\t\t\t\t\n\t\t\t\t\t\t\t\t\t\t\t\t\t\t\t<span class=\"text-primary\">System-serien<\/span>\n\t\t\t\t\t\t\t\n\t\t\t\t\t\t\t\n\t\t\t\t\t\t\t\t\t\t\t\t\t\t\t<p class=\"text-primary\">Sparar samtliga h\u00e4ndelser f\u00f6r elektronisk nyckelutl\u00e4mning.<\/p>\n\t\t\t\t\t\t\t\n\t\t\t\t\t\t\t\t\t\t\t\t\t\t\t\t\t\t\t\t\t\t\t<a href=\"\/sv\/produkter\/keybox\/system\/\" class=\"button btn-link with-arrow\" target=\"\">\n\t\t\t\t\t\t\t\t\tUtforska\t\t\t\t\t\t\t\t<\/a>\n\t\t\t\t\t\t\t\n\t\t\t\t\t\t<\/div>\n\t\t\t\t\t<\/div>\n\t\t\t\t\t\t\t\t\t<div class=\"card\">\n\t\t\t\t\t\t\t\t\t\t\t\t\t\t\t\t\t\t\t\t<img decoding=\"async\" class=\"card-img-top \" src=\"https:\/\/www.creone.com\/wp-content\/uploads\/2020\/03\/9001Baisc-zoomed-480x260.jpg\" alt=\"KeyBox basic nyckelutl\u00e4mningssk\u00e5p avsedda f\u00f6r nyckelhantering\">\n\t\t\t\t\t\t\n\t\t\t\t\t\t<div class=\"card-body text-align-left \">\n\t\t\t\t\t\t\t\t\t\t\t\t\t\t\t<img decoding=\"async\" src=\"https:\/\/www.creone.com\/wp-content\/uploads\/2020\/03\/keybox-logotyp.png\" alt=\"KeyBox logotyp f\u00f6r nyckelf\u00f6rvaring\">\n\t\t\t\t\t\t\t\n\t\t\t\t\t\t\t\t\t\t\t\t\t\t\t<span class=\"text-primary\">Basic-serien<\/span>\n\t\t\t\t\t\t\t\n\t\t\t\t\t\t\t\n\t\t\t\t\t\t\t\t\t\t\t\t\t\t\t<p class=\"text-primary\">Enklaste l\u00f6sningen f\u00f6r elektronisk nyckelutl\u00e4mning.<\/p>\n\t\t\t\t\t\t\t\n\t\t\t\t\t\t\t\t\t\t\t\t\t\t\t\t\t\t\t\t\t\t\t<a href=\"\/sv\/produkter\/keybox\/basic\/\" class=\"button btn-link with-arrow\" target=\"\">\n\t\t\t\t\t\t\t\t\tUtforska\t\t\t\t\t\t\t\t<\/a>\n\t\t\t\t\t\t\t\n\t\t\t\t\t\t<\/div>\n\t\t\t\t\t<\/div>\n\t\t\t\t\t\t\t<\/div>\n\t\t\t\t\t<div class=\"tab-content card-section\" data-tab-content=\"nyckellister\">\n\t\t\t\t\t\t\t\t\t<div class=\"single-card\">\n\t\t\t\t\t\t\t\t\t\t\t\t\t\t\t\t\t\t\t\t<img decoding=\"async\" class=\"card-img-top \" src=\"https:\/\/www.creone.com\/wp-content\/uploads\/2020\/08\/keyrack_rfid_env.jpg\" alt=\"10 stycken intelligenta nyckelister med kontrollbox monterade p\u00e5 v\u00e4gg och nyckelsk\u00e5p f\u00f6r en unik nyckelhantering.\">\n\t\t\t\t\t\t\n\t\t\t\t\t\t<div class=\"card-body text-align-left \">\n\t\t\t\t\t\t\t\t\t\t\t\t\t\t\t<img decoding=\"async\" src=\"https:\/\/www.creone.com\/wp-content\/uploads\/2020\/03\/keyrack-logotyp.png\" alt=\"KeyRack logotyp f\u00f6r nyckellhantering\">\n\t\t\t\t\t\t\t\n\t\t\t\t\t\t\t\n\t\t\t\t\t\t\t\t\t\t\t\t\t\t\t<h3 class=\"text-blue\">Tillg\u00e4nglig och flexibel nyckelhantering<\/h3>\n\t\t\t\t\t\t\t\n\t\t\t\t\t\t\t\t\t\t\t\t\t\t\t<p class=\"text-primary\">Para dina nycklar med IntelliPin nyckeltapp och placera dem i KeyRack-systemets l\u00e5sbara\/ej l\u00e5sbara nyckellister direkt p\u00e5 v\u00e4gg eller i sk\u00e5p. Enklare blir det inte att s\u00e4kra \u00f6verblick och total kontroll p\u00e5 nyckelbest\u00e5ndet<\/p>\n\t\t\t\t\t\t\t\n\t\t\t\t\t\t\t\t\t\t\t\t\t\t\t\t\t\t\t\t\t\t\t<a href=\"\/sv\/produkter\/keyrack\/\" class=\"button btn-link with-arrow\" target=\"\">\n\t\t\t\t\t\t\t\t\tUtforska\t\t\t\t\t\t\t\t<\/a>\n\t\t\t\t\t\t\t\n\t\t\t\t\t\t<\/div>\n\t\t\t\t\t<\/div>\n\t\t\t\t\t\t\t<\/div>\n\t\t\t\n<\/section>\n\n\n\n            <section class=\"row-with-separator container\">\n                            <div class=\"content\">\n                    <h3>Boka in demo<\/h3>\n                    <p>\n                        L\u00e5t oss visa dig redan i dag, hur du p\u00e5 b\u00e4sta m\u00f6jliga s\u00e4tt kan administrera dina nycklar och v\u00e4rdesaker.                    <\/p>\n                    <a class=\"button btn-link with-arrow\" href=\"\/sv\/demo\/\" target=>Boka nu<\/a>\n                <\/div>\n                            <div class=\"content\">\n                    <h3>Hitta din \u00e5terf\u00f6rs\u00e4ljare<\/h3>\n                    <p>\n                        S\u00f6k i kartan eller i s\u00f6kf\u00e4ltet f\u00f6r att hitta en \u00e5terf\u00f6rs\u00e4ljare. F\u00e5 hj\u00e4lp med ditt befintliga system eller med att v\u00e4lja r\u00e4tt l\u00f6sning.                    <\/p>\n                    <a class=\"button btn-link with-arrow\" href=\"\/sv\/hitta-aterforsaljare\/\" target=>Hitta nu<\/a>\n                <\/div>\n                    <\/section>\n    ","protected":false},"excerpt":{"rendered":"<p>Retail Nyckel- och f\u00f6rvaringssystem f\u00f6r verksamheter d\u00e4r kundupplevelsen st\u00e5r i fokus Inom detaljhandeln \u00e4r kundupplevelsen alltid i fokus. F\u00f6r att m\u00f6ta f\u00f6rv\u00e4ntningarna kr\u00e4vs smidiga rutiner och v\u00e4lfungerande processer i bakgrunden, oavsett om det g\u00e4ller en livsmedelsbutik i utkanten av stan eller en kl\u00e4dbutik mitt i city. Creones l\u00f6sningar g\u00f6r det m\u00f6jligt att hantera b\u00e5de nycklar, [&hellip;]<\/p>\n","protected":false},"author":2,"featured_media":0,"parent":3297,"menu_order":0,"comment_status":"closed","ping_status":"closed","template":"page-without-container.php","meta":{"_acf_changed":false,"content-type":"","footnotes":""},"class_list":["post-22264","page","type-page","status-publish","hentry"],"acf":[],"yoast_head":"<!-- This site is optimized with the Yoast SEO plugin v26.7 - https:\/\/yoast.com\/wordpress\/plugins\/seo\/ -->\n<title>Retail | Creone<\/title>\n<meta name=\"robots\" content=\"index, follow, max-snippet:-1, max-image-preview:large, max-video-preview:-1\" \/>\n<link rel=\"canonical\" href=\"https:\/\/www.creone.com\/sv\/branschlosningar\/retail\/\" \/>\n<meta property=\"og:locale\" content=\"sv_SE\" \/>\n<meta property=\"og:type\" content=\"article\" \/>\n<meta property=\"og:title\" content=\"Retail | Creone\" \/>\n<meta property=\"og:description\" content=\"Retail Nyckel- och f\u00f6rvaringssystem f\u00f6r verksamheter d\u00e4r kundupplevelsen st\u00e5r i fokus Inom detaljhandeln \u00e4r kundupplevelsen alltid i fokus. F\u00f6r att m\u00f6ta f\u00f6rv\u00e4ntningarna kr\u00e4vs smidiga rutiner och v\u00e4lfungerande processer i bakgrunden, oavsett om det g\u00e4ller en livsmedelsbutik i utkanten av stan eller en kl\u00e4dbutik mitt i city. Creones l\u00f6sningar g\u00f6r det m\u00f6jligt att hantera b\u00e5de nycklar, [&hellip;]\" \/>\n<meta property=\"og:url\" content=\"https:\/\/www.creone.com\/sv\/branschlosningar\/retail\/\" \/>\n<meta property=\"og:site_name\" content=\"Creone\" \/>\n<meta property=\"article:modified_time\" content=\"2025-11-11T15:28:06+00:00\" \/>\n<meta name=\"twitter:card\" content=\"summary_large_image\" \/>\n<meta name=\"twitter:label1\" content=\"Ber\u00e4knad l\u00e4stid\" \/>\n\t<meta name=\"twitter:data1\" content=\"1 minut\" \/>\n<script type=\"application\/ld+json\" class=\"yoast-schema-graph\">{\"@context\":\"https:\/\/schema.org\",\"@graph\":[{\"@type\":\"WebPage\",\"@id\":\"https:\/\/www.creone.com\/sv\/branschlosningar\/retail\/\",\"url\":\"https:\/\/www.creone.com\/sv\/branschlosningar\/retail\/\",\"name\":\"Retail | Creone\",\"isPartOf\":{\"@id\":\"https:\/\/www.creone.com\/sv\/#website\"},\"datePublished\":\"2025-10-22T14:28:22+00:00\",\"dateModified\":\"2025-11-11T15:28:06+00:00\",\"breadcrumb\":{\"@id\":\"https:\/\/www.creone.com\/sv\/branschlosningar\/retail\/#breadcrumb\"},\"inLanguage\":\"sv-SE\",\"potentialAction\":[{\"@type\":\"ReadAction\",\"target\":[\"https:\/\/www.creone.com\/sv\/branschlosningar\/retail\/\"]}]},{\"@type\":\"BreadcrumbList\",\"@id\":\"https:\/\/www.creone.com\/sv\/branschlosningar\/retail\/#breadcrumb\",\"itemListElement\":[{\"@type\":\"ListItem\",\"position\":1,\"name\":\"Home\",\"item\":\"https:\/\/www.creone.com\/sv\/\"},{\"@type\":\"ListItem\",\"position\":2,\"name\":\"Branschl\u00f6sningar\",\"item\":\"https:\/\/www.creone.com\/sv\/branschlosningar\/\"},{\"@type\":\"ListItem\",\"position\":3,\"name\":\"Retail\"}]},{\"@type\":\"WebSite\",\"@id\":\"https:\/\/www.creone.com\/sv\/#website\",\"url\":\"https:\/\/www.creone.com\/sv\/\",\"name\":\"Creone\",\"description\":\"En till WordPress-webbplats\",\"potentialAction\":[{\"@type\":\"SearchAction\",\"target\":{\"@type\":\"EntryPoint\",\"urlTemplate\":\"https:\/\/www.creone.com\/sv\/?s={search_term_string}\"},\"query-input\":{\"@type\":\"PropertyValueSpecification\",\"valueRequired\":true,\"valueName\":\"search_term_string\"}}],\"inLanguage\":\"sv-SE\"}]}<\/script>\n<!-- \/ Yoast SEO plugin. -->","yoast_head_json":{"title":"Retail | Creone","robots":{"index":"index","follow":"follow","max-snippet":"max-snippet:-1","max-image-preview":"max-image-preview:large","max-video-preview":"max-video-preview:-1"},"canonical":"https:\/\/www.creone.com\/sv\/branschlosningar\/retail\/","og_locale":"sv_SE","og_type":"article","og_title":"Retail | Creone","og_description":"Retail Nyckel- och f\u00f6rvaringssystem f\u00f6r verksamheter d\u00e4r kundupplevelsen st\u00e5r i fokus Inom detaljhandeln \u00e4r kundupplevelsen alltid i fokus. F\u00f6r att m\u00f6ta f\u00f6rv\u00e4ntningarna kr\u00e4vs smidiga rutiner och v\u00e4lfungerande processer i bakgrunden, oavsett om det g\u00e4ller en livsmedelsbutik i utkanten av stan eller en kl\u00e4dbutik mitt i city. Creones l\u00f6sningar g\u00f6r det m\u00f6jligt att hantera b\u00e5de nycklar, [&hellip;]","og_url":"https:\/\/www.creone.com\/sv\/branschlosningar\/retail\/","og_site_name":"Creone","article_modified_time":"2025-11-11T15:28:06+00:00","twitter_card":"summary_large_image","twitter_misc":{"Ber\u00e4knad l\u00e4stid":"1 minut"},"schema":{"@context":"https:\/\/schema.org","@graph":[{"@type":"WebPage","@id":"https:\/\/www.creone.com\/sv\/branschlosningar\/retail\/","url":"https:\/\/www.creone.com\/sv\/branschlosningar\/retail\/","name":"Retail | Creone","isPartOf":{"@id":"https:\/\/www.creone.com\/sv\/#website"},"datePublished":"2025-10-22T14:28:22+00:00","dateModified":"2025-11-11T15:28:06+00:00","breadcrumb":{"@id":"https:\/\/www.creone.com\/sv\/branschlosningar\/retail\/#breadcrumb"},"inLanguage":"sv-SE","potentialAction":[{"@type":"ReadAction","target":["https:\/\/www.creone.com\/sv\/branschlosningar\/retail\/"]}]},{"@type":"BreadcrumbList","@id":"https:\/\/www.creone.com\/sv\/branschlosningar\/retail\/#breadcrumb","itemListElement":[{"@type":"ListItem","position":1,"name":"Home","item":"https:\/\/www.creone.com\/sv\/"},{"@type":"ListItem","position":2,"name":"Branschl\u00f6sningar","item":"https:\/\/www.creone.com\/sv\/branschlosningar\/"},{"@type":"ListItem","position":3,"name":"Retail"}]},{"@type":"WebSite","@id":"https:\/\/www.creone.com\/sv\/#website","url":"https:\/\/www.creone.com\/sv\/","name":"Creone","description":"En till WordPress-webbplats","potentialAction":[{"@type":"SearchAction","target":{"@type":"EntryPoint","urlTemplate":"https:\/\/www.creone.com\/sv\/?s={search_term_string}"},"query-input":{"@type":"PropertyValueSpecification","valueRequired":true,"valueName":"search_term_string"}}],"inLanguage":"sv-SE"}]}},"_links":{"self":[{"href":"https:\/\/www.creone.com\/sv\/wp-json\/wp\/v2\/pages\/22264","targetHints":{"allow":["GET"]}}],"collection":[{"href":"https:\/\/www.creone.com\/sv\/wp-json\/wp\/v2\/pages"}],"about":[{"href":"https:\/\/www.creone.com\/sv\/wp-json\/wp\/v2\/types\/page"}],"author":[{"embeddable":true,"href":"https:\/\/www.creone.com\/sv\/wp-json\/wp\/v2\/users\/2"}],"replies":[{"embeddable":true,"href":"https:\/\/www.creone.com\/sv\/wp-json\/wp\/v2\/comments?post=22264"}],"version-history":[{"count":11,"href":"https:\/\/www.creone.com\/sv\/wp-json\/wp\/v2\/pages\/22264\/revisions"}],"predecessor-version":[{"id":22489,"href":"https:\/\/www.creone.com\/sv\/wp-json\/wp\/v2\/pages\/22264\/revisions\/22489"}],"up":[{"embeddable":true,"href":"https:\/\/www.creone.com\/sv\/wp-json\/wp\/v2\/pages\/3297"}],"wp:attachment":[{"href":"https:\/\/www.creone.com\/sv\/wp-json\/wp\/v2\/media?parent=22264"}],"curies":[{"name":"wp","href":"https:\/\/api.w.org\/{rel}","templated":true}]}}