{"id":20960,"date":"2024-10-14T11:03:30","date_gmt":"2024-10-14T09:03:30","guid":{"rendered":"https:\/\/www.creone.com\/?page_id=20960"},"modified":"2025-11-13T13:43:55","modified_gmt":"2025-11-13T12:43:55","slug":"sibanye-stillwater","status":"publish","type":"page","link":"https:\/\/www.creone.com\/sv\/industrysolutions\/sibanye-stillwater\/","title":{"rendered":"Sibanye-Stillwater"},"content":{"rendered":"\n    <style>\n        #header-image {\n            background-image: url(https:\/\/www.creone.com\/wp-content\/uploads\/2024\/10\/Sibanye-Stillwater-banner-beatrix-new-1920.jpg);\n        }\n\n        @media (-webkit-min-device-pixel-ratio: 2),\n        (min-resolution: 192dpi) {\n            #header-image {\n                background-image: url(https:\/\/www.creone.com\/wp-content\/uploads\/2024\/10\/Sibanye-Stillwater-banner-beatrix-new-1920.jpg);\n            }\n        }\n    <\/style>\n\n    <section\n        class=\"full-width-header-image \"\n        id=\"header-image\"\n        style=\"background-position: center\"><\/section>\n\n                    <div class=\"container-fluid bread-border\">\n            <div class=\"container\">\n                <div class=\"row\">\n                    <div class=\"col-12\">\n                        <p id=\"breadcrumbs\"><span><span><a href=\"https:\/\/www.creone.com\/sv\/\">Home<\/a><\/span><\/span><\/p>                    <\/div>\n                <\/div>\n            <\/div>\n        <\/div>\n        <style>\n            .full-width-header-image {\n                margin-bottom: 0rem !important;\n            }\n\n            .bread-border {\n                margin-bottom: 6rem;\n            }\n        <\/style>\n\n\n\n<h6 class=\"headline tight-container wp-block-heading\">Sibanye-Stillwater<\/h6>\n\n\n\n<h1 class=\"tight-container wp-block-heading\">Multinationellt gruvf\u00f6retag \u00f6kar s\u00e4kerheten med intelligent nyckelhantering<\/h1>\n\n\n\n<p class=\"tight-container\">Sibanye-Stillwater \u00e4r en global ledare inom gruvdrift och metallbearbetning, med verksamhet p\u00e5 fem kontinenter. Koncernen \u00e4r en av v\u00e4rldens st\u00f6rsta producenter av platina, palladium och rodium, samt en ledande producent av guld.<\/p>\n\n\n\n    <section class=\"reference-content container\">\n        <div class=\"d-flex flex-wrap-reverse\">\n            <div class=\"sidebar\">\n                                    <div class=\"image mb-4\">\n                        <img decoding=\"async\"\n                            src=\"https:\/\/www.creone.com\/wp-content\/uploads\/2024\/10\/Sibanye-Stillwater-logo.jpg\"\n                            srcset=\"https:\/\/www.creone.com\/wp-content\/uploads\/2024\/10\/Sibanye-Stillwater-logo.jpg 1x, https:\/\/www.creone.com\/wp-content\/uploads\/2024\/10\/Sibanye-Stillwater-logo.jpg 2x\"\n                            class=\"\" \/>\n                    <\/div>\n                                                    <div class=\"title head-font\">Sibanye-Stillwater<\/div>\n                \n                                    <p>Sibanye-Stillwater \u00e4r en global ledare inom gruvdrift och metallbearbetning, med verksamhet p\u00e5 fem kontinenter.<\/p>\n                                <div class=\"mt-5\">\n                                            <div class=\"top-border\"><\/div>\n                                                    <div class=\"image mb-4\">\n                                <img decoding=\"async\"\n                                    src=\"https:\/\/www.creone.com\/wp-content\/uploads\/2024\/11\/Ubuntu-logotyp.jpg\"\n                                    srcset=\"https:\/\/www.creone.com\/wp-content\/uploads\/2024\/11\/Ubuntu-logotyp.jpg 1x, https:\/\/www.creone.com\/wp-content\/uploads\/2024\/11\/Ubuntu-logotyp.jpg 2x\"\n                                    class=\"\" \/>\n                            <\/div>\n                                                                            <div class=\"title head-font\">Certifierad partner<\/div>\n                        \n                                                    <p>V\u00e5r certifierade partner i Sydafrika, Ubuntu Consortium, hanterade samarbetet med Sibanye-Stillwater<\/p>\n                                                            <\/div>\n            <\/div>\n            <div class=\"content\">\n                                    <p style=\"font-weight: 400;\">Med ett fokus p\u00e5 h\u00e5llbarhet ligger de \u00e4ven i framkant inom \u00e5tervinning av PGM-autokatalysatorer och \u00e5terbehandling av gruvavfall. Nyligen har de expanderat till brytning av batterimetaller, vilket st\u00e4rker deras engagemang f\u00f6r den cirkul\u00e4ra ekonomin genom \u00e5tervinning och \u00e5teranv\u00e4ndning.<\/p>\n<p>&nbsp;<\/p>\n<h4 style=\"font-weight: 400;\">F\u00f6rb\u00e4ttrad s\u00e4kerhet och ansvarstagande<\/h4>\n<p>Att hantera \u00e5tkomst till h\u00f6griskomr\u00e5den \u00e4r en kritisk fr\u00e5ga f\u00f6r Sibanye-Stillwater, s\u00e4rskilt med tanke p\u00e5 deras omfattande och komplexa gruvverksamhet. F\u00f6r att m\u00f6ta detta behov best\u00e4mde de sig f\u00f6r att investera i Creones intelligenta nyckelhanteringssystem, KeyWin6 molntj\u00e4nst, tillsammans med KeyBox 9500SC nyckelsk\u00e5p.<\/p>\n<p>\u201cVi beh\u00f6vde en l\u00f6sning f\u00f6r att hantera och kontrollera h\u00f6grisknycklar och s\u00e4kerst\u00e4lla ansvarstagande f\u00f6r vem som anv\u00e4nder dessa nycklar i begr\u00e4nsade omr\u00e5den\u201d, s\u00e4ger Nicolene, en nyckelperson i upphandlingsprocessen. Innan Creones system inf\u00f6rdes anv\u00e4nde f\u00f6retaget en manuell nyckelbox, vilket ofta ledde till utmaningar med att sp\u00e5ra och hantera nyckelanv\u00e4ndningen.<\/p>\n<p>\u201cF\u00f6rut var det sv\u00e5rt att veta vem som hade tagit eller tappat en nyckel. Sedan vi \u00f6vergick till ett nyckelhanteringssystem har ansvarsfr\u00e5gan f\u00f6rb\u00e4ttrats avsev\u00e4rt. Vi beh\u00f6ver inte l\u00e4ngre gissa vem som tog en nyckel, och h\u00e4ndelseloggen ger full sp\u00e5rbarhet,\u201d till\u00e4gger Nicolene.<\/p>\n<p>&nbsp;<\/p>\n<h4 style=\"font-weight: 400;\">Effektiv nyckel\u00e5tkomst med modern teknik<\/h4>\n<p>KeyWin6 molntj\u00e4nst, tillsammans med KeyBox 9500SC nyckelsk\u00e5pen, ger Sibanye-Stillwater f\u00f6rb\u00e4ttrad kontroll \u00f6ver sin nyckelhantering. Efter mer \u00e4n tv\u00e5 \u00e5rs anv\u00e4ndning har de sett betydande f\u00f6rb\u00e4ttringar n\u00e4r det g\u00e4ller s\u00e4kerhet, produktivitet och operativ effektivitet.<\/p>\n<p>\u201c\u00d6kad s\u00e4kerhet i nyckel\u00e5tkomst, minskad stillest\u00e5ndstid och mindre m\u00e4nsklig interaktion har varit n\u00e5gra av de st\u00f6rsta f\u00f6rdelarna,\u201d f\u00f6rklarar Banie. M\u00f6jligheten att automatisera nyckelhanteringen har gjort det m\u00f6jligt f\u00f6r f\u00f6retaget att b\u00e4ttre hantera det v\u00e4xande antalet nycklar i deras verksamhet, samtidigt som de minskat interna kostnader.<\/p>\n<p>&nbsp;<\/p>\n<h4 style=\"font-weight: 400;\">Modul\u00e4r expansion och enkel integration<\/h4>\n<p>Sibanye-Stillwater investerade ursprungligen i Creones nyckelhanteringssystem f\u00f6r tv\u00e5 \u00e5r sedan och k\u00f6pte nyligen ytterligare\u00a0KeyBox 9500SC nyckelsk\u00e5p f\u00f6r att ut\u00f6ka sina m\u00f6jligheter.<\/p>\n<p>\u201cDen modul\u00e4ra expansionsdesignen och plug-and-play-funktionerna var avg\u00f6rande sk\u00e4l till varf\u00f6r vi valde Creone. Det \u00e4r enkelt att l\u00e4gga till licenser och integrera ytterligare nyckelsk\u00e5p,\u201d noterar Banie.<\/p>\n<p>En av de mest v\u00e4rdefulla funktionerna \u00e4r den omfattande h\u00e4ndelseloggen och m\u00f6jligheten att l\u00e5sa nycklar i specifika positioner, vilket s\u00e4kerst\u00e4ller att endast beh\u00f6rig personal har \u00e5tkomst. Funktionen f\u00f6r l\u00e5sta nyckelpositioner, tillsammans med m\u00f6jligheten att \u00e5terl\u00e4mna nycklar till slumpm\u00e4ssiga positioner i nyckelsk\u00e5pet, ger \u00f6kad s\u00e4kerhet och flexibilitet.<\/p>\n<p style=\"font-weight: 400;\"><strong>\u00a0<\/strong><\/p>\n<h4 style=\"font-weight: 400;\">Enkelhet styr beslutet<\/h4>\n<p>Nicolene och Banie var personligen involverade i upphandlingen av nyckelhanteringssystemet och lyfter fram att funktionalitet och anv\u00e4ndarv\u00e4nlighet var de fr\u00e4msta faktorerna till att de valde Creone framf\u00f6r andra l\u00f6sningar. Systemet \u00e4r intuitivt och enkelt, vilket g\u00f6r det l\u00e4tt f\u00f6r teamet att anv\u00e4nda och hantera.<\/p>\n<p>Med Creones nyckelhanteringssystem har Sibanye-Stillwater f\u00f6rb\u00e4ttrat kontrollen \u00f6ver sina nycklar, vilket s\u00e4kerst\u00e4ller b\u00e5de s\u00e4kerhet och effektivitet i deras verksamhet.<\/p>\n                            <\/div>\n        <\/div>\n    <\/section>\n    <style>\n        .top-border {\n            border-top: 2px solid rgba(211, 211, 211, 0.5);\n            margin-bottom: 30px;\n        }\n    <\/style>\n\n\n        <div class=\"container-fluid bread-border\">\n            <div class=\"container\">\n                <div class=\"row\">\n                    <div class=\"col-12\">\n                                            <\/div>\n                <\/div>\n            <\/div>\n        <\/div>\n        <section class=\"full-width-form  \">\n        <div class=\"container d-flex flex-wrap\">\n            <div class=\"content\">\n                                    <h2 class=\"fade-in\">Boka en demo  med v\u00e5ra s\u00e4ljare <\/h2>\n                                                    <p class=\"fade-in\">L\u00e5t oss visa dig redan i dag, hur du p\u00e5 b\u00e4sta m\u00f6jliga s\u00e4tt kan administrera dina nycklar och f\u00f6rvaring av saker.  <\/p>\n                                                    <img decoding=\"async\" src=\"https:\/\/www.creone.com\/wp-content\/uploads\/2020\/04\/KeyWin6screens_box_SE_outline-4-900x450.png\" alt=\"\" srcset=\"https:\/\/www.creone.com\/wp-content\/uploads\/2020\/04\/KeyWin6screens_box_SE_outline-4-900x450.png 1x, https:\/\/www.creone.com\/wp-content\/uploads\/2020\/04\/KeyWin6screens_box_SE_outline-4-1750x900.png 2x\" class=\"fade-in-up\">\n                            <\/div>\n\n            <div class=\"hubspot-form-container fade-in-left\">\n                                                    <script charset=\"utf-8\" type=\"text\/javascript\" src=\"\/\/js.hsforms.net\/forms\/shell.js\"><\/script> <script>   hbspt.forms.create({ \tportalId: \"6969693\", \tformId: \"571e3aae-5e04-4c6a-ae7c-60a4bbff3ff3\" }); <\/script>                            <\/div>\n\n                    <\/div>\n    <\/section>\n\n\n\n\n<section class=\"cards-with-tab-nav container\">\n\n\t\t\t<h2 class=\"text-center text-blue\">Ditt flexibla nyckelhanteringssystem<\/h2>\n\t\n\t\t\t\n\t\t\t<div class=\"tabnav\">\n\t\t\t\t<ul>\n\t\t\t\t\t\t\t\t\t\t\t\t\t\t\t\t\t\t<li class=\"tab-item\" data-tab-content=nyckelsk\u00e5p><span>Nyckelsk\u00e5p<\/span><\/li>\n\t\t\t\t\t\t\t\t\t\t\t\t\t\t\t\t\t\t\t\t\t\t\t\t<li class=\"tab-item\" data-tab-content=nyckellister><span>Nyckellister<\/span><\/li>\n\t\t\t\t\t\t\t\t\t\t\t\t\t\t\t<\/ul>\n\t\t\t<\/div>\n\t\t\n\t\t\t\t\t<div class=\"tab-content card-section\" data-tab-content=\"nyckelsk\u00e5p\">\n\t\t\t\t\t\t\t\t\t<div class=\"card\">\n\t\t\t\t\t\t\t\t\t\t\t\t\t\t\t\t\t\t\t\t<img decoding=\"async\" class=\"card-img-top \" src=\"https:\/\/www.creone.com\/wp-content\/uploads\/2020\/03\/9700Keycontrol-open3-480x260.jpg\" alt=\"KeyBox smarta nyckelsk\u00e5p 9600SC brukas f\u00f6r nyckelhantering\">\n\t\t\t\t\t\t\n\t\t\t\t\t\t<div class=\"card-body text-align-left \">\n\t\t\t\t\t\t\t\t\t\t\t\t\t\t\t<img decoding=\"async\" src=\"https:\/\/www.creone.com\/wp-content\/uploads\/2020\/03\/keybox-logotyp.png\" alt=\"KeyBox logotyp f\u00f6r nyckelf\u00f6rvaring\">\n\t\t\t\t\t\t\t\n\t\t\t\t\t\t\t\t\t\t\t\t\t\t\t<span class=\"text-primary\">Keycontrol-serien<\/span>\n\t\t\t\t\t\t\t\n\t\t\t\t\t\t\t\n\t\t\t\t\t\t\t\t\t\t\t\t\t\t\t<p class=\"text-primary\">Det smarta systemet med elektronisk nyckelidentifiering. <\/p>\n\t\t\t\t\t\t\t\n\t\t\t\t\t\t\t\t\t\t\t\t\t\t\t\t\t\t\t\t\t\t\t<a href=\"\/sv\/produkter\/keybox\/keycontrol\/\" class=\"button btn-link with-arrow\" target=\"\">\n\t\t\t\t\t\t\t\t\tUtforska\t\t\t\t\t\t\t\t<\/a>\n\t\t\t\t\t\t\t\n\t\t\t\t\t\t<\/div>\n\t\t\t\t\t<\/div>\n\t\t\t\t\t\t\t\t\t<div class=\"card\">\n\t\t\t\t\t\t\t\t\t\t\t\t\t\t\t\t\t\t\t\t<img decoding=\"async\" class=\"card-img-top \" src=\"https:\/\/www.creone.com\/wp-content\/uploads\/2020\/03\/9001System-zoomed-480x260.jpg\" alt=\"KeyBox system nyckelutl\u00e4mningssk\u00e5p avsedda f\u00f6r nyckelhantering\">\n\t\t\t\t\t\t\n\t\t\t\t\t\t<div class=\"card-body text-align-left \">\n\t\t\t\t\t\t\t\t\t\t\t\t\t\t\t<img decoding=\"async\" src=\"https:\/\/www.creone.com\/wp-content\/uploads\/2020\/03\/keybox-logotyp.png\" alt=\"KeyBox logotyp f\u00f6r nyckelf\u00f6rvaring\">\n\t\t\t\t\t\t\t\n\t\t\t\t\t\t\t\t\t\t\t\t\t\t\t<span class=\"text-primary\">System-serien<\/span>\n\t\t\t\t\t\t\t\n\t\t\t\t\t\t\t\n\t\t\t\t\t\t\t\t\t\t\t\t\t\t\t<p class=\"text-primary\">Sparar samtliga h\u00e4ndelser f\u00f6r elektronisk nyckelutl\u00e4mning.<\/p>\n\t\t\t\t\t\t\t\n\t\t\t\t\t\t\t\t\t\t\t\t\t\t\t\t\t\t\t\t\t\t\t<a href=\"\/sv\/produkter\/keybox\/system\/\" class=\"button btn-link with-arrow\" target=\"\">\n\t\t\t\t\t\t\t\t\tUtforska\t\t\t\t\t\t\t\t<\/a>\n\t\t\t\t\t\t\t\n\t\t\t\t\t\t<\/div>\n\t\t\t\t\t<\/div>\n\t\t\t\t\t\t\t\t\t<div class=\"card\">\n\t\t\t\t\t\t\t\t\t\t\t\t\t\t\t\t\t\t\t\t<img decoding=\"async\" class=\"card-img-top \" src=\"https:\/\/www.creone.com\/wp-content\/uploads\/2020\/03\/9001Baisc-zoomed-480x260.jpg\" alt=\"KeyBox basic nyckelutl\u00e4mningssk\u00e5p avsedda f\u00f6r nyckelhantering\">\n\t\t\t\t\t\t\n\t\t\t\t\t\t<div class=\"card-body text-align-left \">\n\t\t\t\t\t\t\t\t\t\t\t\t\t\t\t<img decoding=\"async\" src=\"https:\/\/www.creone.com\/wp-content\/uploads\/2020\/03\/keybox-logotyp.png\" alt=\"KeyBox logotyp f\u00f6r nyckelf\u00f6rvaring\">\n\t\t\t\t\t\t\t\n\t\t\t\t\t\t\t\t\t\t\t\t\t\t\t<span class=\"text-primary\">Basic-serien<\/span>\n\t\t\t\t\t\t\t\n\t\t\t\t\t\t\t\n\t\t\t\t\t\t\t\t\t\t\t\t\t\t\t<p class=\"text-primary\">Enklaste l\u00f6sningen f\u00f6r elektronisk nyckelutl\u00e4mning.<\/p>\n\t\t\t\t\t\t\t\n\t\t\t\t\t\t\t\t\t\t\t\t\t\t\t\t\t\t\t\t\t\t\t<a href=\"\/sv\/produkter\/keybox\/basic\/\" class=\"button btn-link with-arrow\" target=\"\">\n\t\t\t\t\t\t\t\t\tUtforska\t\t\t\t\t\t\t\t<\/a>\n\t\t\t\t\t\t\t\n\t\t\t\t\t\t<\/div>\n\t\t\t\t\t<\/div>\n\t\t\t\t\t\t\t<\/div>\n\t\t\t\t\t<div class=\"tab-content card-section\" data-tab-content=\"nyckellister\">\n\t\t\t\t\t\t\t\t\t<div class=\"single-card\">\n\t\t\t\t\t\t\t\t\t\t\t\t\t\t\t\t\t\t\t\t<img decoding=\"async\" class=\"card-img-top \" src=\"https:\/\/www.creone.com\/wp-content\/uploads\/2020\/08\/keyrack_rfid_env.jpg\" alt=\"10 stycken intelligenta nyckelister med kontrollbox monterade p\u00e5 v\u00e4gg och nyckelsk\u00e5p f\u00f6r en unik nyckelhantering.\">\n\t\t\t\t\t\t\n\t\t\t\t\t\t<div class=\"card-body text-align-left \">\n\t\t\t\t\t\t\t\t\t\t\t\t\t\t\t<img decoding=\"async\" src=\"https:\/\/www.creone.com\/wp-content\/uploads\/2020\/03\/keyrack-logotyp.png\" alt=\"KeyRack logotyp f\u00f6r nyckellhantering\">\n\t\t\t\t\t\t\t\n\t\t\t\t\t\t\t\n\t\t\t\t\t\t\t\t\t\t\t\t\t\t\t<h3 class=\"text-blue\">Tillg\u00e4nglig och flexibel nyckelhantering<\/h3>\n\t\t\t\t\t\t\t\n\t\t\t\t\t\t\t\t\t\t\t\t\t\t\t<p class=\"text-primary\">Para dina nycklar med IntelliPin nyckeltapp och placera dem i KeyRack-systemets l\u00e5sbara\/ej l\u00e5sbara nyckellister direkt p\u00e5 v\u00e4gg eller i sk\u00e5p. Enklare blir det inte att s\u00e4kra \u00f6verblick och total kontroll p\u00e5 nyckelbest\u00e5ndet<\/p>\n\t\t\t\t\t\t\t\n\t\t\t\t\t\t\t\t\t\t\t\t\t\t\t\t\t\t\t\t\t\t\t<a href=\"\/sv\/produkter\/keyrack\/\" class=\"button btn-link with-arrow\" target=\"\">\n\t\t\t\t\t\t\t\t\tUtforska\t\t\t\t\t\t\t\t<\/a>\n\t\t\t\t\t\t\t\n\t\t\t\t\t\t<\/div>\n\t\t\t\t\t<\/div>\n\t\t\t\t\t\t\t<\/div>\n\t\t\t\n<\/section>\n\n\n\n            <section class=\"row-with-separator container\">\n                            <div class=\"content\">\n                    <h3>Boka in demo<\/h3>\n                    <p>\n                        L\u00e5t oss visa dig redan i dag, hur du p\u00e5 b\u00e4sta m\u00f6jliga s\u00e4tt kan administrera dina nycklar och v\u00e4rdesaker.                     <\/p>\n                    <a class=\"button btn-link with-arrow\" href=\"\/sv\/demo\/\" target=>Boka nu<\/a>\n                <\/div>\n                            <div class=\"content\">\n                    <h3>Hitta din \u00e5terf\u00f6rs\u00e4ljare<\/h3>\n                    <p>\n                        S\u00f6k i kartan eller i s\u00f6kf\u00e4ltet f\u00f6r att hitta en \u00e5terf\u00f6rs\u00e4ljare. F\u00e5 hj\u00e4lp med ditt befintliga system eller med att v\u00e4lja r\u00e4tt l\u00f6sning.                     <\/p>\n                    <a class=\"button btn-link with-arrow\" href=\"\/sv\/hitta-aterforsaljare\/\" target=>Hitta nu<\/a>\n                <\/div>\n                    <\/section>\n    \n\n\n<p><\/p>\n","protected":false},"excerpt":{"rendered":"<p>Sibanye-Stillwater Multinationellt gruvf\u00f6retag \u00f6kar s\u00e4kerheten med intelligent nyckelhantering Sibanye-Stillwater \u00e4r en global ledare inom gruvdrift och metallbearbetning, med verksamhet p\u00e5 fem kontinenter. Koncernen \u00e4r en av v\u00e4rldens st\u00f6rsta producenter av platina, palladium och rodium, samt en ledande producent av guld.<\/p>\n","protected":false},"author":2,"featured_media":0,"parent":6566,"menu_order":0,"comment_status":"closed","ping_status":"closed","template":"page-without-container.php","meta":{"_acf_changed":false,"content-type":"","footnotes":""},"class_list":["post-20960","page","type-page","status-publish","hentry"],"acf":[],"yoast_head":"<!-- This site is optimized with the Yoast SEO plugin v26.7 - https:\/\/yoast.com\/wordpress\/plugins\/seo\/ -->\n<title>Intelligent nyckelhantering f\u00f6r \u00f6kad s\u00e4kerhet | Sibanye-Stillwater | Creone<\/title>\n<meta name=\"description\" content=\"Sibanye-Stillwater, en global akt\u00f6r inom gruvdrift och metallf\u00f6r\u00e4dling, f\u00f6rb\u00e4ttrar s\u00e4kerheten och sp\u00e5rbarheten i sina gruvor med Creones nyckelhanteringssystem.\" \/>\n<meta name=\"robots\" content=\"index, follow, max-snippet:-1, max-image-preview:large, max-video-preview:-1\" \/>\n<link rel=\"canonical\" href=\"https:\/\/www.creone.com\/sv\/industrysolutions\/sibanye-stillwater\/\" \/>\n<meta property=\"og:locale\" content=\"sv_SE\" \/>\n<meta property=\"og:type\" content=\"article\" \/>\n<meta property=\"og:title\" content=\"Intelligent nyckelhantering f\u00f6r \u00f6kad s\u00e4kerhet | Sibanye-Stillwater | Creone\" \/>\n<meta property=\"og:description\" content=\"Sibanye-Stillwater, en global akt\u00f6r inom gruvdrift och metallf\u00f6r\u00e4dling, f\u00f6rb\u00e4ttrar s\u00e4kerheten och sp\u00e5rbarheten i sina gruvor med Creones nyckelhanteringssystem.\" \/>\n<meta property=\"og:url\" content=\"https:\/\/www.creone.com\/sv\/industrysolutions\/sibanye-stillwater\/\" \/>\n<meta property=\"og:site_name\" content=\"Creone\" \/>\n<meta property=\"article:modified_time\" content=\"2025-11-13T12:43:55+00:00\" \/>\n<meta name=\"twitter:card\" content=\"summary_large_image\" \/>\n<script type=\"application\/ld+json\" class=\"yoast-schema-graph\">{\"@context\":\"https:\/\/schema.org\",\"@graph\":[{\"@type\":\"WebPage\",\"@id\":\"https:\/\/www.creone.com\/sv\/industrysolutions\/sibanye-stillwater\/\",\"url\":\"https:\/\/www.creone.com\/sv\/industrysolutions\/sibanye-stillwater\/\",\"name\":\"Intelligent nyckelhantering f\u00f6r \u00f6kad s\u00e4kerhet | Sibanye-Stillwater | Creone\",\"isPartOf\":{\"@id\":\"https:\/\/www.creone.com\/sv\/#website\"},\"datePublished\":\"2024-10-14T09:03:30+00:00\",\"dateModified\":\"2025-11-13T12:43:55+00:00\",\"description\":\"Sibanye-Stillwater, en global akt\u00f6r inom gruvdrift och metallf\u00f6r\u00e4dling, f\u00f6rb\u00e4ttrar s\u00e4kerheten och sp\u00e5rbarheten i sina gruvor med Creones nyckelhanteringssystem.\",\"breadcrumb\":{\"@id\":\"https:\/\/www.creone.com\/sv\/industrysolutions\/sibanye-stillwater\/#breadcrumb\"},\"inLanguage\":\"sv-SE\",\"potentialAction\":[{\"@type\":\"ReadAction\",\"target\":[\"https:\/\/www.creone.com\/sv\/industrysolutions\/sibanye-stillwater\/\"]}]},{\"@type\":\"BreadcrumbList\",\"@id\":\"https:\/\/www.creone.com\/sv\/industrysolutions\/sibanye-stillwater\/#breadcrumb\",\"itemListElement\":[{\"@type\":\"ListItem\",\"position\":1,\"name\":\"Home\",\"item\":\"https:\/\/www.creone.com\/sv\/\"},{\"@type\":\"ListItem\",\"position\":2,\"name\":\"Industry solutions\",\"item\":\"https:\/\/www.creone.com\/sv\/industrysolutions\/\"},{\"@type\":\"ListItem\",\"position\":3,\"name\":\"Sibanye-Stillwater\"}]},{\"@type\":\"WebSite\",\"@id\":\"https:\/\/www.creone.com\/sv\/#website\",\"url\":\"https:\/\/www.creone.com\/sv\/\",\"name\":\"Creone\",\"description\":\"En till WordPress-webbplats\",\"potentialAction\":[{\"@type\":\"SearchAction\",\"target\":{\"@type\":\"EntryPoint\",\"urlTemplate\":\"https:\/\/www.creone.com\/sv\/?s={search_term_string}\"},\"query-input\":{\"@type\":\"PropertyValueSpecification\",\"valueRequired\":true,\"valueName\":\"search_term_string\"}}],\"inLanguage\":\"sv-SE\"}]}<\/script>\n<!-- \/ Yoast SEO plugin. -->","yoast_head_json":{"title":"Intelligent nyckelhantering f\u00f6r \u00f6kad s\u00e4kerhet | Sibanye-Stillwater | Creone","description":"Sibanye-Stillwater, en global akt\u00f6r inom gruvdrift och metallf\u00f6r\u00e4dling, f\u00f6rb\u00e4ttrar s\u00e4kerheten och sp\u00e5rbarheten i sina gruvor med Creones nyckelhanteringssystem.","robots":{"index":"index","follow":"follow","max-snippet":"max-snippet:-1","max-image-preview":"max-image-preview:large","max-video-preview":"max-video-preview:-1"},"canonical":"https:\/\/www.creone.com\/sv\/industrysolutions\/sibanye-stillwater\/","og_locale":"sv_SE","og_type":"article","og_title":"Intelligent nyckelhantering f\u00f6r \u00f6kad s\u00e4kerhet | Sibanye-Stillwater | Creone","og_description":"Sibanye-Stillwater, en global akt\u00f6r inom gruvdrift och metallf\u00f6r\u00e4dling, f\u00f6rb\u00e4ttrar s\u00e4kerheten och sp\u00e5rbarheten i sina gruvor med Creones nyckelhanteringssystem.","og_url":"https:\/\/www.creone.com\/sv\/industrysolutions\/sibanye-stillwater\/","og_site_name":"Creone","article_modified_time":"2025-11-13T12:43:55+00:00","twitter_card":"summary_large_image","schema":{"@context":"https:\/\/schema.org","@graph":[{"@type":"WebPage","@id":"https:\/\/www.creone.com\/sv\/industrysolutions\/sibanye-stillwater\/","url":"https:\/\/www.creone.com\/sv\/industrysolutions\/sibanye-stillwater\/","name":"Intelligent nyckelhantering f\u00f6r \u00f6kad s\u00e4kerhet | Sibanye-Stillwater | Creone","isPartOf":{"@id":"https:\/\/www.creone.com\/sv\/#website"},"datePublished":"2024-10-14T09:03:30+00:00","dateModified":"2025-11-13T12:43:55+00:00","description":"Sibanye-Stillwater, en global akt\u00f6r inom gruvdrift och metallf\u00f6r\u00e4dling, f\u00f6rb\u00e4ttrar s\u00e4kerheten och sp\u00e5rbarheten i sina gruvor med Creones nyckelhanteringssystem.","breadcrumb":{"@id":"https:\/\/www.creone.com\/sv\/industrysolutions\/sibanye-stillwater\/#breadcrumb"},"inLanguage":"sv-SE","potentialAction":[{"@type":"ReadAction","target":["https:\/\/www.creone.com\/sv\/industrysolutions\/sibanye-stillwater\/"]}]},{"@type":"BreadcrumbList","@id":"https:\/\/www.creone.com\/sv\/industrysolutions\/sibanye-stillwater\/#breadcrumb","itemListElement":[{"@type":"ListItem","position":1,"name":"Home","item":"https:\/\/www.creone.com\/sv\/"},{"@type":"ListItem","position":2,"name":"Industry solutions","item":"https:\/\/www.creone.com\/sv\/industrysolutions\/"},{"@type":"ListItem","position":3,"name":"Sibanye-Stillwater"}]},{"@type":"WebSite","@id":"https:\/\/www.creone.com\/sv\/#website","url":"https:\/\/www.creone.com\/sv\/","name":"Creone","description":"En till WordPress-webbplats","potentialAction":[{"@type":"SearchAction","target":{"@type":"EntryPoint","urlTemplate":"https:\/\/www.creone.com\/sv\/?s={search_term_string}"},"query-input":{"@type":"PropertyValueSpecification","valueRequired":true,"valueName":"search_term_string"}}],"inLanguage":"sv-SE"}]}},"_links":{"self":[{"href":"https:\/\/www.creone.com\/sv\/wp-json\/wp\/v2\/pages\/20960","targetHints":{"allow":["GET"]}}],"collection":[{"href":"https:\/\/www.creone.com\/sv\/wp-json\/wp\/v2\/pages"}],"about":[{"href":"https:\/\/www.creone.com\/sv\/wp-json\/wp\/v2\/types\/page"}],"author":[{"embeddable":true,"href":"https:\/\/www.creone.com\/sv\/wp-json\/wp\/v2\/users\/2"}],"replies":[{"embeddable":true,"href":"https:\/\/www.creone.com\/sv\/wp-json\/wp\/v2\/comments?post=20960"}],"version-history":[{"count":31,"href":"https:\/\/www.creone.com\/sv\/wp-json\/wp\/v2\/pages\/20960\/revisions"}],"predecessor-version":[{"id":22538,"href":"https:\/\/www.creone.com\/sv\/wp-json\/wp\/v2\/pages\/20960\/revisions\/22538"}],"up":[{"embeddable":true,"href":"https:\/\/www.creone.com\/sv\/wp-json\/wp\/v2\/pages\/6566"}],"wp:attachment":[{"href":"https:\/\/www.creone.com\/sv\/wp-json\/wp\/v2\/media?parent=20960"}],"curies":[{"name":"wp","href":"https:\/\/api.w.org\/{rel}","templated":true}]}}