{"id":20330,"date":"2024-07-05T14:34:26","date_gmt":"2024-07-05T12:34:26","guid":{"rendered":"https:\/\/www.creone.com\/?page_id=20330"},"modified":"2025-11-18T11:51:15","modified_gmt":"2025-11-18T10:51:15","slug":"inspire-entertainment-resort","status":"publish","type":"page","link":"https:\/\/www.creone.com\/sv\/branschlosningar\/inspire-entertainment-resort\/","title":{"rendered":"Inspire Entertainment Resort"},"content":{"rendered":"\n    <style>\n        #header-image {\n            background-image: url(https:\/\/www.creone.com\/wp-content\/uploads\/2024\/07\/Inspire_Entertainment_Resort.jpg);\n        }\n\n        @media (-webkit-min-device-pixel-ratio: 2),\n        (min-resolution: 192dpi) {\n            #header-image {\n                background-image: url(https:\/\/www.creone.com\/wp-content\/uploads\/2024\/07\/Inspire_Entertainment_Resort.jpg);\n            }\n        }\n    <\/style>\n\n    <section\n        class=\"full-width-header-image \"\n        id=\"header-image\"\n        style=\"background-position: center\"><\/section>\n\n                    <div class=\"container-fluid bread-border\">\n            <div class=\"container\">\n                <div class=\"row\">\n                    <div class=\"col-12\">\n                        <p id=\"breadcrumbs\"><span><span><a href=\"https:\/\/www.creone.com\/sv\/\">Home<\/a><\/span><\/span><\/p>                    <\/div>\n                <\/div>\n            <\/div>\n        <\/div>\n        <style>\n            .full-width-header-image {\n                margin-bottom: 0rem !important;\n            }\n\n            .bread-border {\n                margin-bottom: 6rem;\n            }\n        <\/style>\n\n\n\n<h6 class=\"wp-block-heading headline tight-container\">Inspire Entertainment Resort<\/h6>\n\n\n\n<h1 class=\"wp-block-heading tight-container\">Storslagen resort med sofistikerad och omfattande nyckelhantering<\/h1>\n\n\n\n<p class=\"tight-container\">Inspire Entertainment Resort \u00e4r en storslagen resort som erbjuder en m\u00e4ngd olika bekv\u00e4mligheter och underh\u00e5llning. Resorten inkluderar ett femstj\u00e4rnigt hotell med tre unikt designade byggnader, Koreas f\u00f6rsta 15 000-sitsiga arena, en inomhusvattenpark med glaskupol och en bankettsal med toppmodern utrustning och Koreas st\u00f6rsta hotellbalsal.<\/p>\n\n\n\n    <section class=\"reference-content container\">\n        <div class=\"d-flex flex-wrap-reverse\">\n            <div class=\"sidebar\">\n                                    <div class=\"image mb-4\">\n                        <img decoding=\"async\"\n                            src=\"https:\/\/www.creone.com\/wp-content\/uploads\/2024\/07\/Inspire_Entertainment_Resort_Logo.jpg\"\n                            srcset=\"https:\/\/www.creone.com\/wp-content\/uploads\/2024\/07\/Inspire_Entertainment_Resort_Logo.jpg 1x, https:\/\/www.creone.com\/wp-content\/uploads\/2024\/07\/Inspire_Entertainment_Resort_Logo.jpg 2x\"\n                            class=\"\" \/>\n                    <\/div>\n                                                    <div class=\"title head-font\">Inspire Entertainment Resort<\/div>\n                \n                                    <p>Inspire Entertainment Resort \u00e4r ett storslaget resort som erbjuder en m\u00e4ngd olika bekv\u00e4mligheter och underh\u00e5llning<\/p>\n                                <div class=\"mt-5\">\n                                            <div class=\"top-border\"><\/div>\n                                                    <div class=\"image mb-4\">\n                                <img decoding=\"async\"\n                                    src=\"https:\/\/www.creone.com\/wp-content\/uploads\/2024\/11\/GyungWon-logo.jpg\"\n                                    srcset=\"https:\/\/www.creone.com\/wp-content\/uploads\/2024\/11\/GyungWon-logo.jpg 1x, https:\/\/www.creone.com\/wp-content\/uploads\/2024\/11\/GyungWon-logo.jpg 2x\"\n                                    class=\"\" \/>\n                            <\/div>\n                                                                            <div class=\"title head-font\">Certifierad partner<\/div>\n                        \n                                                    <p>V\u00e5r certifierade partner i Sydkorea, Gyung Won Corporation, hanterade samarbetet med Inspire Entertainment Resort.\r\n<\/p>\n                                                            <\/div>\n            <\/div>\n            <div class=\"content\">\n                                    <p>Resorten har ocks\u00e5 en utomhusunderh\u00e5llningspark som kan ta emot upp till 30 000 personer, Koreas st\u00f6rsta casino, en 150 meter l\u00e5ng digital underh\u00e5llningsgata med imponerande LED-dekor, samt faciliteter f\u00f6r shopping och matservering.<\/p>\n<p>&nbsp;<\/p>\n<h4>F\u00f6rb\u00e4ttrad kontroll och s\u00e4kerhet<\/h4>\n<p>Med resortens m\u00e5nga viktiga omr\u00e5den som casino, hotellg\u00e4sternas VIP-s\u00e4kerhetssk\u00e5p, MICE-faciliteter, allm\u00e4nna kassask\u00e5p och FM&amp;E-anl\u00e4ggningsf\u00f6rvaltning beslutade Inspire Entertainment Resort att investera i ett intelligent nyckelhanteringssystem. Systemet skulle s\u00e4kerst\u00e4lla b\u00e5de s\u00e4kerhet och sp\u00e5rbarhet f\u00f6r de 1372 nycklar som anv\u00e4nds inom den komplexa anl\u00e4ggningen.<\/p>\n<p>&#8221;Eftersom hanteringen av fysiska nycklar \u00e4r en mycket viktig uppgift, investerade vi i ett system som kan hantera loggar \u00f6ver nyckelanv\u00e4ndning. KeyWin6 \u00e4r mycket intuitivt och anv\u00e4ndarv\u00e4nligt, vilket g\u00f6r det enkelt f\u00f6r s\u00e4kerhetsansvariga att f\u00f6rst\u00e5 och hantera anv\u00e4ndarnas beh\u00f6righeter. Att enkelt kunna ge \u00e5tkomst och hantering av nycklarna var den viktigaste och mest imponerande funktionen som \u00e4r mycket praktisk. Detta har avsev\u00e4rt minskat tiden som kr\u00e4vs f\u00f6r att ge r\u00e4tt anv\u00e4ndare r\u00e4tt nyckel\u00e5tkomst,\u201d ber\u00e4ttar Matthew Roh.<\/p>\n<p>&nbsp;<\/p>\n<h4>En modern l\u00f6sning f\u00f6r nyckelhantering<\/h4>\n<p>Redan vid byggnationen av den nya resorten planerade man att anv\u00e4nda ett system f\u00f6r att hantera nycklarna. Huvudsyftet var att l\u00e5ta auktoriserade anv\u00e4ndare anv\u00e4nda nycklar endast under en auktoriserad tidsperiod och att sp\u00e5ra samt hantera loggar f\u00f6r att s\u00e4kerst\u00e4lla att nycklarna anv\u00e4nds inom angivna omr\u00e5den. Genom att anv\u00e4nda KeyRack, administrerat med KeyWin6-molntj\u00e4nsten, har resorten nu en modern och intelligent nyckelhanteringsl\u00f6sning som ger b\u00e4ttre kontroll och \u00f6kad s\u00e4kerhet.<\/p>\n<p>&nbsp;<\/p>\n<h4>Skalbarhet och kostnadseffektivitet<\/h4>\n<p>Flera andra nyckelhanteringssystem j\u00e4mf\u00f6rdes, men valet f\u00f6ll p\u00e5 KeyRack p\u00e5 grund av dess utm\u00e4rkta kostnadseffektivitet och skalbarhet \u00f6ver tid. Beslutet att investera i systemet togs av Vice President for Surveillance &amp; Security Department.<\/p>\n<p>\u201dKeyRacks m\u00f6jlighet att kontinuerligt expandera nyckelplatser genom att enkelt k\u00f6pa till nyckellister f\u00f6rv\u00e4ntas minska kostnaderna p\u00e5 l\u00e5ng sikt. Vi kan bygga och v\u00e4xa med systemet \u00f6ver tid samt placera KeyRacks strategiskt d\u00e4r nycklarna anv\u00e4nds, allt administrerat centralt via KeyWin&#8221; s\u00e4ger Matthew.<\/p>\n<p>S\u00e4kerheten har \u00f6kat eftersom nycklarna nu bara kan n\u00e5s av den auktoriserade personen som har tilldelats access till dem, och det har st\u00e4llt h\u00f6gre krav p\u00e5 interna administrativa arbetsprocesser kring tillg\u00e5ng till nycklarna.<\/p>\n<p>\u201dDet totala antalet nycklar \u00e4r detsamma, men intensiteten i nyckelhanteringen har \u00f6kat, med krav p\u00e5 autentisering av tv\u00e5 eller flera personer och kontroll av nyckelanv\u00e4ndningstiden.\u201d forts\u00e4tter Matthew.<\/p>\n                            <\/div>\n        <\/div>\n    <\/section>\n    <style>\n        .top-border {\n            border-top: 2px solid rgba(211, 211, 211, 0.5);\n            margin-bottom: 30px;\n        }\n    <\/style>\n\n\n        <div class=\"container-fluid bread-border\">\n            <div class=\"container\">\n                <div class=\"row\">\n                    <div class=\"col-12\">\n                                            <\/div>\n                <\/div>\n            <\/div>\n        <\/div>\n        <section class=\"full-width-form  \">\n        <div class=\"container d-flex flex-wrap\">\n            <div class=\"content\">\n                                    <h2 class=\"fade-in\">Boka en demo  med v\u00e5ra s\u00e4ljare <\/h2>\n                                                    <p class=\"fade-in\">L\u00e5t oss visa dig redan i dag, hur du p\u00e5 b\u00e4sta m\u00f6jliga s\u00e4tt kan administrera dina nycklar och f\u00f6rvaring av saker.  <\/p>\n                                                    <img decoding=\"async\" src=\"https:\/\/www.creone.com\/wp-content\/uploads\/2020\/04\/KeyWin6screens_box_SE_outline-4-900x450.png\" alt=\"\" srcset=\"https:\/\/www.creone.com\/wp-content\/uploads\/2020\/04\/KeyWin6screens_box_SE_outline-4-900x450.png 1x, https:\/\/www.creone.com\/wp-content\/uploads\/2020\/04\/KeyWin6screens_box_SE_outline-4-1750x900.png 2x\" class=\"fade-in-up\">\n                            <\/div>\n\n            <div class=\"hubspot-form-container fade-in-left\">\n                                                    <script charset=\"utf-8\" type=\"text\/javascript\" src=\"\/\/js.hsforms.net\/forms\/shell.js\"><\/script> <script>   hbspt.forms.create({ \tportalId: \"6969693\", \tformId: \"571e3aae-5e04-4c6a-ae7c-60a4bbff3ff3\" }); <\/script>                            <\/div>\n\n                    <\/div>\n    <\/section>\n\n\n\n\n<section class=\"cards-with-tab-nav container\">\n\n\t\t\t<h2 class=\"text-center text-blue\">Ditt flexibla nyckelhanteringssystem<\/h2>\n\t\n\t\t\t\n\t\t\t<div class=\"tabnav\">\n\t\t\t\t<ul>\n\t\t\t\t\t\t\t\t\t\t\t\t\t\t\t\t\t\t<li class=\"tab-item\" data-tab-content=nyckelsk\u00e5p><span>Nyckelsk\u00e5p<\/span><\/li>\n\t\t\t\t\t\t\t\t\t\t\t\t\t\t\t\t\t\t\t\t\t\t\t\t<li class=\"tab-item\" data-tab-content=nyckellister><span>Nyckellister<\/span><\/li>\n\t\t\t\t\t\t\t\t\t\t\t\t\t\t\t<\/ul>\n\t\t\t<\/div>\n\t\t\n\t\t\t\t\t<div class=\"tab-content card-section\" data-tab-content=\"nyckelsk\u00e5p\">\n\t\t\t\t\t\t\t\t\t<div class=\"card\">\n\t\t\t\t\t\t\t\t\t\t\t\t\t\t\t\t\t\t\t\t<img decoding=\"async\" class=\"card-img-top \" src=\"https:\/\/www.creone.com\/wp-content\/uploads\/2020\/03\/9700Keycontrol-open3-480x260.jpg\" alt=\"KeyBox smarta nyckelsk\u00e5p 9600SC brukas f\u00f6r nyckelhantering\">\n\t\t\t\t\t\t\n\t\t\t\t\t\t<div class=\"card-body text-align-left \">\n\t\t\t\t\t\t\t\t\t\t\t\t\t\t\t<img decoding=\"async\" src=\"https:\/\/www.creone.com\/wp-content\/uploads\/2020\/03\/keybox-logotyp.png\" alt=\"KeyBox logotyp f\u00f6r nyckelf\u00f6rvaring\">\n\t\t\t\t\t\t\t\n\t\t\t\t\t\t\t\t\t\t\t\t\t\t\t<span class=\"text-primary\">Keycontrol-serien<\/span>\n\t\t\t\t\t\t\t\n\t\t\t\t\t\t\t\n\t\t\t\t\t\t\t\t\t\t\t\t\t\t\t<p class=\"text-primary\">Det smarta systemet med elektronisk nyckelidentifiering. <\/p>\n\t\t\t\t\t\t\t\n\t\t\t\t\t\t\t\t\t\t\t\t\t\t\t\t\t\t\t\t\t\t\t<a href=\"\/sv\/produkter\/keybox\/keycontrol\/\" class=\"button btn-link with-arrow\" target=\"\">\n\t\t\t\t\t\t\t\t\tUtforska\t\t\t\t\t\t\t\t<\/a>\n\t\t\t\t\t\t\t\n\t\t\t\t\t\t<\/div>\n\t\t\t\t\t<\/div>\n\t\t\t\t\t\t\t\t\t<div class=\"card\">\n\t\t\t\t\t\t\t\t\t\t\t\t\t\t\t\t\t\t\t\t<img decoding=\"async\" class=\"card-img-top \" src=\"https:\/\/www.creone.com\/wp-content\/uploads\/2020\/03\/9001System-zoomed-480x260.jpg\" alt=\"KeyBox system nyckelutl\u00e4mningssk\u00e5p avsedda f\u00f6r nyckelhantering\">\n\t\t\t\t\t\t\n\t\t\t\t\t\t<div class=\"card-body text-align-left \">\n\t\t\t\t\t\t\t\t\t\t\t\t\t\t\t<img decoding=\"async\" src=\"https:\/\/www.creone.com\/wp-content\/uploads\/2020\/03\/keybox-logotyp.png\" alt=\"KeyBox logotyp f\u00f6r nyckelf\u00f6rvaring\">\n\t\t\t\t\t\t\t\n\t\t\t\t\t\t\t\t\t\t\t\t\t\t\t<span class=\"text-primary\">System-serien<\/span>\n\t\t\t\t\t\t\t\n\t\t\t\t\t\t\t\n\t\t\t\t\t\t\t\t\t\t\t\t\t\t\t<p class=\"text-primary\">Sparar samtliga h\u00e4ndelser f\u00f6r elektronisk nyckelutl\u00e4mning.<\/p>\n\t\t\t\t\t\t\t\n\t\t\t\t\t\t\t\t\t\t\t\t\t\t\t\t\t\t\t\t\t\t\t<a href=\"\/sv\/produkter\/keybox\/system\/\" class=\"button btn-link with-arrow\" target=\"\">\n\t\t\t\t\t\t\t\t\tUtforska\t\t\t\t\t\t\t\t<\/a>\n\t\t\t\t\t\t\t\n\t\t\t\t\t\t<\/div>\n\t\t\t\t\t<\/div>\n\t\t\t\t\t\t\t\t\t<div class=\"card\">\n\t\t\t\t\t\t\t\t\t\t\t\t\t\t\t\t\t\t\t\t<img decoding=\"async\" class=\"card-img-top \" src=\"https:\/\/www.creone.com\/wp-content\/uploads\/2020\/03\/9001Baisc-zoomed-480x260.jpg\" alt=\"KeyBox basic nyckelutl\u00e4mningssk\u00e5p avsedda f\u00f6r nyckelhantering\">\n\t\t\t\t\t\t\n\t\t\t\t\t\t<div class=\"card-body text-align-left \">\n\t\t\t\t\t\t\t\t\t\t\t\t\t\t\t<img decoding=\"async\" src=\"https:\/\/www.creone.com\/wp-content\/uploads\/2020\/03\/keybox-logotyp.png\" alt=\"KeyBox logotyp f\u00f6r nyckelf\u00f6rvaring\">\n\t\t\t\t\t\t\t\n\t\t\t\t\t\t\t\t\t\t\t\t\t\t\t<span class=\"text-primary\">Basic-serien<\/span>\n\t\t\t\t\t\t\t\n\t\t\t\t\t\t\t\n\t\t\t\t\t\t\t\t\t\t\t\t\t\t\t<p class=\"text-primary\">Enklaste l\u00f6sningen f\u00f6r elektronisk nyckelutl\u00e4mning.<\/p>\n\t\t\t\t\t\t\t\n\t\t\t\t\t\t\t\t\t\t\t\t\t\t\t\t\t\t\t\t\t\t\t<a href=\"\/sv\/produkter\/keybox\/basic\/\" class=\"button btn-link with-arrow\" target=\"\">\n\t\t\t\t\t\t\t\t\tUtforska\t\t\t\t\t\t\t\t<\/a>\n\t\t\t\t\t\t\t\n\t\t\t\t\t\t<\/div>\n\t\t\t\t\t<\/div>\n\t\t\t\t\t\t\t<\/div>\n\t\t\t\t\t<div class=\"tab-content card-section\" data-tab-content=\"nyckellister\">\n\t\t\t\t\t\t\t\t\t<div class=\"single-card\">\n\t\t\t\t\t\t\t\t\t\t\t\t\t\t\t\t\t\t\t\t<img decoding=\"async\" class=\"card-img-top \" src=\"https:\/\/www.creone.com\/wp-content\/uploads\/2020\/08\/keyrack_rfid_env.jpg\" alt=\"10 stycken intelligenta nyckelister med kontrollbox monterade p\u00e5 v\u00e4gg och nyckelsk\u00e5p f\u00f6r en unik nyckelhantering.\">\n\t\t\t\t\t\t\n\t\t\t\t\t\t<div class=\"card-body text-align-left \">\n\t\t\t\t\t\t\t\t\t\t\t\t\t\t\t<img decoding=\"async\" src=\"https:\/\/www.creone.com\/wp-content\/uploads\/2020\/03\/keyrack-logotyp.png\" alt=\"KeyRack logotyp f\u00f6r nyckellhantering\">\n\t\t\t\t\t\t\t\n\t\t\t\t\t\t\t\n\t\t\t\t\t\t\t\t\t\t\t\t\t\t\t<h3 class=\"text-blue\">Tillg\u00e4nglig och flexibel nyckelhantering<\/h3>\n\t\t\t\t\t\t\t\n\t\t\t\t\t\t\t\t\t\t\t\t\t\t\t<p class=\"text-primary\">Para dina nycklar med IntelliPin nyckeltapp och placera dem i KeyRack-systemets l\u00e5sbara\/ej l\u00e5sbara nyckellister direkt p\u00e5 v\u00e4gg eller i sk\u00e5p. Enklare blir det inte att s\u00e4kra \u00f6verblick och total kontroll p\u00e5 nyckelbest\u00e5ndet<\/p>\n\t\t\t\t\t\t\t\n\t\t\t\t\t\t\t\t\t\t\t\t\t\t\t\t\t\t\t\t\t\t\t<a href=\"\/sv\/produkter\/keyrack\/\" class=\"button btn-link with-arrow\" target=\"\">\n\t\t\t\t\t\t\t\t\tUtforska\t\t\t\t\t\t\t\t<\/a>\n\t\t\t\t\t\t\t\n\t\t\t\t\t\t<\/div>\n\t\t\t\t\t<\/div>\n\t\t\t\t\t\t\t<\/div>\n\t\t\t\n<\/section>\n\n\n\n            <section class=\"row-with-separator container\">\n                            <div class=\"content\">\n                    <h3>Boka in demo<\/h3>\n                    <p>\n                        L\u00e5t oss visa dig redan i dag, hur du p\u00e5 b\u00e4sta m\u00f6jliga s\u00e4tt kan administrera dina nycklar och v\u00e4rdesaker.                    <\/p>\n                    <a class=\"button btn-link with-arrow\" href=\"\/sv\/demo\/\" target=>Boka nu<\/a>\n                <\/div>\n                            <div class=\"content\">\n                    <h3>Hitta din \u00e5terf\u00f6rs\u00e4ljare<\/h3>\n                    <p>\n                        S\u00f6k i kartan eller i s\u00f6kf\u00e4ltet f\u00f6r att hitta en \u00e5terf\u00f6rs\u00e4ljare. F\u00e5 hj\u00e4lp med ditt befintliga system eller med att v\u00e4lja r\u00e4tt l\u00f6sning.\r\n                    <\/p>\n                    <a class=\"button btn-link with-arrow\" href=\"\/sv\/hitta-aterforsaljare\/\" target=>Hitta nu<\/a>\n                <\/div>\n                    <\/section>\n    ","protected":false},"excerpt":{"rendered":"<p>Inspire Entertainment Resort Storslagen resort med sofistikerad och omfattande nyckelhantering Inspire Entertainment Resort \u00e4r en storslagen resort som erbjuder en m\u00e4ngd olika bekv\u00e4mligheter och underh\u00e5llning. Resorten inkluderar ett femstj\u00e4rnigt hotell med tre unikt designade byggnader, Koreas f\u00f6rsta 15 000-sitsiga arena, en inomhusvattenpark med glaskupol och en bankettsal med toppmodern utrustning och Koreas st\u00f6rsta hotellbalsal.<\/p>\n","protected":false},"author":2,"featured_media":0,"parent":3297,"menu_order":0,"comment_status":"closed","ping_status":"closed","template":"page-without-container.php","meta":{"_acf_changed":false,"content-type":"","footnotes":""},"class_list":["post-20330","page","type-page","status-publish","hentry"],"acf":[],"yoast_head":"<!-- This site is optimized with the Yoast SEO plugin v26.7 - https:\/\/yoast.com\/wordpress\/plugins\/seo\/ -->\n<title>Intelligent nyckelhantering | Inspire Entertainment Resort | Creone<\/title>\n<meta name=\"description\" content=\"Inspire Entertainment Resort i Sydkorea har valt Creones KeyRack och KeyWin6 f\u00f6r s\u00e4ker och sp\u00e5rbar hantering av \u00f6ver 1300 nycklar. Skalbart, kostnadseffektivt och anv\u00e4ndarv\u00e4nligt.\" \/>\n<meta name=\"robots\" content=\"index, follow, max-snippet:-1, max-image-preview:large, max-video-preview:-1\" \/>\n<link rel=\"canonical\" href=\"https:\/\/www.creone.com\/sv\/branschlosningar\/inspire-entertainment-resort\/\" \/>\n<meta property=\"og:locale\" content=\"sv_SE\" \/>\n<meta property=\"og:type\" content=\"article\" \/>\n<meta property=\"og:title\" content=\"Intelligent nyckelhantering | Inspire Entertainment Resort | Creone\" \/>\n<meta property=\"og:description\" content=\"Inspire Entertainment Resort i Sydkorea har valt Creones KeyRack och KeyWin6 f\u00f6r s\u00e4ker och sp\u00e5rbar hantering av \u00f6ver 1300 nycklar. Skalbart, kostnadseffektivt och anv\u00e4ndarv\u00e4nligt.\" \/>\n<meta property=\"og:url\" content=\"https:\/\/www.creone.com\/sv\/branschlosningar\/inspire-entertainment-resort\/\" \/>\n<meta property=\"og:site_name\" content=\"Creone\" \/>\n<meta property=\"article:modified_time\" content=\"2025-11-18T10:51:15+00:00\" \/>\n<meta name=\"twitter:card\" content=\"summary_large_image\" \/>\n<meta name=\"twitter:label1\" content=\"Ber\u00e4knad l\u00e4stid\" \/>\n\t<meta name=\"twitter:data1\" content=\"1 minut\" \/>\n<script type=\"application\/ld+json\" class=\"yoast-schema-graph\">{\"@context\":\"https:\/\/schema.org\",\"@graph\":[{\"@type\":\"WebPage\",\"@id\":\"https:\/\/www.creone.com\/sv\/branschlosningar\/inspire-entertainment-resort\/\",\"url\":\"https:\/\/www.creone.com\/sv\/branschlosningar\/inspire-entertainment-resort\/\",\"name\":\"Intelligent nyckelhantering | Inspire Entertainment Resort | Creone\",\"isPartOf\":{\"@id\":\"https:\/\/www.creone.com\/sv\/#website\"},\"datePublished\":\"2024-07-05T12:34:26+00:00\",\"dateModified\":\"2025-11-18T10:51:15+00:00\",\"description\":\"Inspire Entertainment Resort i Sydkorea har valt Creones KeyRack och KeyWin6 f\u00f6r s\u00e4ker och sp\u00e5rbar hantering av \u00f6ver 1300 nycklar. Skalbart, kostnadseffektivt och anv\u00e4ndarv\u00e4nligt.\",\"breadcrumb\":{\"@id\":\"https:\/\/www.creone.com\/sv\/branschlosningar\/inspire-entertainment-resort\/#breadcrumb\"},\"inLanguage\":\"sv-SE\",\"potentialAction\":[{\"@type\":\"ReadAction\",\"target\":[\"https:\/\/www.creone.com\/sv\/branschlosningar\/inspire-entertainment-resort\/\"]}]},{\"@type\":\"BreadcrumbList\",\"@id\":\"https:\/\/www.creone.com\/sv\/branschlosningar\/inspire-entertainment-resort\/#breadcrumb\",\"itemListElement\":[{\"@type\":\"ListItem\",\"position\":1,\"name\":\"Home\",\"item\":\"https:\/\/www.creone.com\/sv\/\"},{\"@type\":\"ListItem\",\"position\":2,\"name\":\"Branschl\u00f6sningar\",\"item\":\"https:\/\/www.creone.com\/sv\/branschlosningar\/\"},{\"@type\":\"ListItem\",\"position\":3,\"name\":\"Inspire Entertainment Resort\"}]},{\"@type\":\"WebSite\",\"@id\":\"https:\/\/www.creone.com\/sv\/#website\",\"url\":\"https:\/\/www.creone.com\/sv\/\",\"name\":\"Creone\",\"description\":\"En till WordPress-webbplats\",\"potentialAction\":[{\"@type\":\"SearchAction\",\"target\":{\"@type\":\"EntryPoint\",\"urlTemplate\":\"https:\/\/www.creone.com\/sv\/?s={search_term_string}\"},\"query-input\":{\"@type\":\"PropertyValueSpecification\",\"valueRequired\":true,\"valueName\":\"search_term_string\"}}],\"inLanguage\":\"sv-SE\"}]}<\/script>\n<!-- \/ Yoast SEO plugin. -->","yoast_head_json":{"title":"Intelligent nyckelhantering | Inspire Entertainment Resort | Creone","description":"Inspire Entertainment Resort i Sydkorea har valt Creones KeyRack och KeyWin6 f\u00f6r s\u00e4ker och sp\u00e5rbar hantering av \u00f6ver 1300 nycklar. Skalbart, kostnadseffektivt och anv\u00e4ndarv\u00e4nligt.","robots":{"index":"index","follow":"follow","max-snippet":"max-snippet:-1","max-image-preview":"max-image-preview:large","max-video-preview":"max-video-preview:-1"},"canonical":"https:\/\/www.creone.com\/sv\/branschlosningar\/inspire-entertainment-resort\/","og_locale":"sv_SE","og_type":"article","og_title":"Intelligent nyckelhantering | Inspire Entertainment Resort | Creone","og_description":"Inspire Entertainment Resort i Sydkorea har valt Creones KeyRack och KeyWin6 f\u00f6r s\u00e4ker och sp\u00e5rbar hantering av \u00f6ver 1300 nycklar. Skalbart, kostnadseffektivt och anv\u00e4ndarv\u00e4nligt.","og_url":"https:\/\/www.creone.com\/sv\/branschlosningar\/inspire-entertainment-resort\/","og_site_name":"Creone","article_modified_time":"2025-11-18T10:51:15+00:00","twitter_card":"summary_large_image","twitter_misc":{"Ber\u00e4knad l\u00e4stid":"1 minut"},"schema":{"@context":"https:\/\/schema.org","@graph":[{"@type":"WebPage","@id":"https:\/\/www.creone.com\/sv\/branschlosningar\/inspire-entertainment-resort\/","url":"https:\/\/www.creone.com\/sv\/branschlosningar\/inspire-entertainment-resort\/","name":"Intelligent nyckelhantering | Inspire Entertainment Resort | Creone","isPartOf":{"@id":"https:\/\/www.creone.com\/sv\/#website"},"datePublished":"2024-07-05T12:34:26+00:00","dateModified":"2025-11-18T10:51:15+00:00","description":"Inspire Entertainment Resort i Sydkorea har valt Creones KeyRack och KeyWin6 f\u00f6r s\u00e4ker och sp\u00e5rbar hantering av \u00f6ver 1300 nycklar. Skalbart, kostnadseffektivt och anv\u00e4ndarv\u00e4nligt.","breadcrumb":{"@id":"https:\/\/www.creone.com\/sv\/branschlosningar\/inspire-entertainment-resort\/#breadcrumb"},"inLanguage":"sv-SE","potentialAction":[{"@type":"ReadAction","target":["https:\/\/www.creone.com\/sv\/branschlosningar\/inspire-entertainment-resort\/"]}]},{"@type":"BreadcrumbList","@id":"https:\/\/www.creone.com\/sv\/branschlosningar\/inspire-entertainment-resort\/#breadcrumb","itemListElement":[{"@type":"ListItem","position":1,"name":"Home","item":"https:\/\/www.creone.com\/sv\/"},{"@type":"ListItem","position":2,"name":"Branschl\u00f6sningar","item":"https:\/\/www.creone.com\/sv\/branschlosningar\/"},{"@type":"ListItem","position":3,"name":"Inspire Entertainment Resort"}]},{"@type":"WebSite","@id":"https:\/\/www.creone.com\/sv\/#website","url":"https:\/\/www.creone.com\/sv\/","name":"Creone","description":"En till WordPress-webbplats","potentialAction":[{"@type":"SearchAction","target":{"@type":"EntryPoint","urlTemplate":"https:\/\/www.creone.com\/sv\/?s={search_term_string}"},"query-input":{"@type":"PropertyValueSpecification","valueRequired":true,"valueName":"search_term_string"}}],"inLanguage":"sv-SE"}]}},"_links":{"self":[{"href":"https:\/\/www.creone.com\/sv\/wp-json\/wp\/v2\/pages\/20330","targetHints":{"allow":["GET"]}}],"collection":[{"href":"https:\/\/www.creone.com\/sv\/wp-json\/wp\/v2\/pages"}],"about":[{"href":"https:\/\/www.creone.com\/sv\/wp-json\/wp\/v2\/types\/page"}],"author":[{"embeddable":true,"href":"https:\/\/www.creone.com\/sv\/wp-json\/wp\/v2\/users\/2"}],"replies":[{"embeddable":true,"href":"https:\/\/www.creone.com\/sv\/wp-json\/wp\/v2\/comments?post=20330"}],"version-history":[{"count":17,"href":"https:\/\/www.creone.com\/sv\/wp-json\/wp\/v2\/pages\/20330\/revisions"}],"predecessor-version":[{"id":22757,"href":"https:\/\/www.creone.com\/sv\/wp-json\/wp\/v2\/pages\/20330\/revisions\/22757"}],"up":[{"embeddable":true,"href":"https:\/\/www.creone.com\/sv\/wp-json\/wp\/v2\/pages\/3297"}],"wp:attachment":[{"href":"https:\/\/www.creone.com\/sv\/wp-json\/wp\/v2\/media?parent=20330"}],"curies":[{"name":"wp","href":"https:\/\/api.w.org\/{rel}","templated":true}]}}