{"id":199,"date":"2020-03-25T16:12:11","date_gmt":"2020-03-25T15:12:11","guid":{"rendered":"https:\/\/www.creone.com\/?page_id=199"},"modified":"2025-11-11T16:29:02","modified_gmt":"2025-11-11T15:29:02","slug":"tranas-energi","status":"publish","type":"page","link":"https:\/\/www.creone.com\/sv\/branschlosningar\/tranas-energi\/","title":{"rendered":"Tran\u00e5s Energi"},"content":{"rendered":"\n    <style>\n        #header-image {\n            background-image: url(https:\/\/www.creone.com\/wp-content\/uploads\/2020\/04\/Tranas-Energi_550x407.jpg);\n        }\n\n        @media (-webkit-min-device-pixel-ratio: 2),\n        (min-resolution: 192dpi) {\n            #header-image {\n                background-image: url(https:\/\/www.creone.com\/wp-content\/uploads\/2020\/04\/Tranas-Energi_550x407.jpg);\n            }\n        }\n    <\/style>\n\n    <section\n        class=\"full-width-header-image \"\n        id=\"header-image\"\n        style=\"background-position: bottom\"><\/section>\n\n                    <div class=\"container-fluid bread-border\">\n            <div class=\"container\">\n                <div class=\"row\">\n                    <div class=\"col-12\">\n                        <p id=\"breadcrumbs\"><span><span><a href=\"https:\/\/www.creone.com\/sv\/\">Home<\/a><\/span><\/span><\/p>                    <\/div>\n                <\/div>\n            <\/div>\n        <\/div>\n        <style>\n            .full-width-header-image {\n                margin-bottom: 0rem !important;\n            }\n\n            .bread-border {\n                margin-bottom: 6rem;\n            }\n        <\/style>\n\n\n\n<h6 class=\"headline tight-container wp-block-heading\">Tran\u00e5s Energi<\/h6>\n\n\n\n<h1 class=\"tight-container wp-block-heading\">Tran\u00e5s Energi hanterar sina kunders nycklar p\u00e5 korrekt s\u00e4tt<\/h1>\n\n\n\n<p class=\"tight-container\">Tran\u00e5s Energi s\u00e4ljer f\u00f6rnybar el i hela Sverige, levererar f\u00f6rnybar fj\u00e4rrv\u00e4rme samt tillhandah\u00e5ller eln\u00e4t och fibern\u00e4t i Tran\u00e5s kommun. F\u00f6r Tran\u00e5s Energi \u00e4r det viktigt att h\u00e5lla en h\u00f6g niv\u00e5 av service till sina kunder, det inneb\u00e4r att man \u00e4ven m\u00e5sta hantera sina kunders nycklar p\u00e5 ett s\u00e4kert och ansvarsfullt s\u00e4tt.&nbsp;<\/p>\n\n\n\n    <section class=\"reference-content container\">\n        <div class=\"d-flex flex-wrap-reverse\">\n            <div class=\"sidebar\">\n                                    <div class=\"image mb-4\">\n                        <img decoding=\"async\"\n                            src=\"https:\/\/www.creone.com\/wp-content\/uploads\/2020\/04\/tranasenergi-logo.jpg\"\n                            srcset=\"https:\/\/www.creone.com\/wp-content\/uploads\/2020\/04\/tranasenergi-logo.jpg 1x, https:\/\/www.creone.com\/wp-content\/uploads\/2020\/04\/tranasenergi-logo.jpg 2x\"\n                            class=\"\" \/>\n                    <\/div>\n                                                    <div class=\"title head-font\">Tran\u00e5s Energi<\/div>\n                \n                                    <p>Varje dag sk\u00f6ter Tran\u00e5s Energi elleveranserna till drygt 10 200 eln\u00e4tskunder och s\u00e4ljer 100 % f\u00f6rnybar el till drygt 11 500 elhandelskunder runtom i Sverige.<\/p>\n                                <div class=\"mt-5\">\n                                    <\/div>\n            <\/div>\n            <div class=\"content\">\n                                    <p class=\"p1\">Man hanterar idag nycklar till bostadsfastigheter, industrier och kontorsfastigheter som man m\u00e5ste ha tillg\u00e5ng till \u00e4ven utanf\u00f6r kontorstider. Men det finns \u00e4ven behov av att f\u00f6rvara nycklar till olika el- och n\u00e4tstationer, reservnycklar till fordon och servicenycklar s\u00e5 att man f\u00e5r en total \u00f6verblick p\u00e5 alla nycklar. F\u00f6r att uppn\u00e5 denna vision var man tvungen att g\u00e5 fr\u00e5n en manuell hantering till en elektronisk nyckelhantering och valet f\u00f6ll d\u00e5 p\u00e5 Creone.<\/p>\n<p>&#8211;\u00a0Anv\u00e4ndarv\u00e4nligheten och \u00f6versk\u00e5dligheten i programvaran KeyWin5 \u00e4r oslagbar och \u00e4r anledningen att Creones l\u00f6sning passade oss b\u00e4st\u201d, s\u00e4ger Per-\u00c5ke Gustafsson Driftingenj\u00f6r p\u00e5 Tran\u00e5s Energi.<\/p>\n<p>&nbsp;<\/p>\n<h4>Anv\u00e4ndare i olika avdelningar<\/h4>\n<p>I programvaran KeyWin5 har man delat in sina anv\u00e4ndare i olika avdelningar s\u00e5 som n\u00e4ttekniker, fj\u00e4rrv\u00e4rmetekniker, driftingenj\u00f6rer och projektledare. Man har sedan kopplat alla sina nycklar till unika nyckelgrupper enligt deras behov t,ex fj\u00e4rrv\u00e4rme, eln\u00e4t, fibern\u00e4t f\u00f6r att sedan koppla ihop nyckelgrupperna med sina anv\u00e4ndargrupper.<\/p>\n<p>Detta ger en total \u00f6versikt kring beh\u00f6righetsgrupperna och varje unik anv\u00e4ndare ser endast de nycklar man ska ha tillg\u00e5ng till n\u00e4r man loggar in i nyckelsk\u00e5pet.<\/p>\n<p>&nbsp;<\/p>\n<h4>Anv\u00e4ndning av kunders nycklar<\/h4>\n<p>Idag k\u00e4nner Tran\u00e5s Energi att man stolt kan visa upp f\u00f6r sina kunder att nycklarna hanteras p\u00e5 ett korrekt s\u00e4tt.\u00a0Tran\u00e5s Energi anv\u00e4nder en KeyBox 9600 SC tillsammans med KeyWin5 programvara.<\/p>\n                            <\/div>\n        <\/div>\n    <\/section>\n    <style>\n        .top-border {\n            border-top: 2px solid rgba(211, 211, 211, 0.5);\n            margin-bottom: 30px;\n        }\n    <\/style>\n\n\n        <div class=\"container-fluid bread-border\">\n            <div class=\"container\">\n                <div class=\"row\">\n                    <div class=\"col-12\">\n                                            <\/div>\n                <\/div>\n            <\/div>\n        <\/div>\n        <section class=\"full-width-form  \">\n        <div class=\"container d-flex flex-wrap\">\n            <div class=\"content\">\n                                    <h2 class=\"fade-in\">Boka en demo med v\u00e5ra s\u00e4ljare <\/h2>\n                                                    <p class=\"fade-in\">L\u00e5t oss visa dig redan i dag, hur du p\u00e5 b\u00e4sta m\u00f6jliga s\u00e4tt kan administrera dina nycklar och f\u00f6rvaring av saker.  <\/p>\n                                                    <img decoding=\"async\" src=\"https:\/\/www.creone.com\/wp-content\/uploads\/2020\/04\/KeyWin6screens_box_SE_outline-4-900x450.png\" alt=\"\" srcset=\"https:\/\/www.creone.com\/wp-content\/uploads\/2020\/04\/KeyWin6screens_box_SE_outline-4-900x450.png 1x, https:\/\/www.creone.com\/wp-content\/uploads\/2020\/04\/KeyWin6screens_box_SE_outline-4-1750x900.png 2x\" class=\"fade-in-up\">\n                            <\/div>\n\n            <div class=\"hubspot-form-container fade-in-left\">\n                                                    <script charset=\"utf-8\" type=\"text\/javascript\" src=\"\/\/js.hsforms.net\/forms\/shell.js\"><\/script> <script>   hbspt.forms.create({ \tportalId: \"6969693\", \tformId: \"16c53655-94f9-4306-9e84-6bde85e1c38b\" }); <\/script>                            <\/div>\n\n                    <\/div>\n    <\/section>\n\n\n\n\n<section class=\"cards-with-tab-nav container\">\n\n\t\t\t<h2 class=\"text-center text-blue\">V\u00e4lj ett nyckelhanteringssystem<\/h2>\n\t\n\t\t\t\n\t\t\t<div class=\"tabnav\">\n\t\t\t\t<ul>\n\t\t\t\t\t\t\t\t\t\t\t\t\t\t\t\t\t\t<li class=\"tab-item\" data-tab-content=nyckelsk\u00e5p><span>Nyckelsk\u00e5p<\/span><\/li>\n\t\t\t\t\t\t\t\t\t\t\t\t\t\t\t\t\t\t\t\t\t\t\t\t<li class=\"tab-item\" data-tab-content=nyckellister><span>Nyckellister<\/span><\/li>\n\t\t\t\t\t\t\t\t\t\t\t\t\t\t\t<\/ul>\n\t\t\t<\/div>\n\t\t\n\t\t\t\t\t<div class=\"tab-content card-section\" data-tab-content=\"nyckelsk\u00e5p\">\n\t\t\t\t\t\t\t\t\t<div class=\"card\">\n\t\t\t\t\t\t\t\t\t\t\t\t\t\t\t\t\t\t\t\t<img decoding=\"async\" class=\"card-img-top \" src=\"https:\/\/www.creone.com\/wp-content\/uploads\/2020\/03\/9700Keycontrol-open3-480x260.jpg\" alt=\"KeyBox smarta nyckelsk\u00e5p 9600SC brukas f\u00f6r nyckelhantering\">\n\t\t\t\t\t\t\n\t\t\t\t\t\t<div class=\"card-body text-align-left \">\n\t\t\t\t\t\t\t\t\t\t\t\t\t\t\t<img decoding=\"async\" src=\"https:\/\/www.creone.com\/wp-content\/uploads\/2020\/03\/keybox-logotyp.png\" alt=\"KeyBox logotyp f\u00f6r nyckelf\u00f6rvaring\">\n\t\t\t\t\t\t\t\n\t\t\t\t\t\t\t\t\t\t\t\t\t\t\t<span class=\"text-primary\">Keycontrol-serien<\/span>\n\t\t\t\t\t\t\t\n\t\t\t\t\t\t\t\n\t\t\t\t\t\t\t\t\t\t\t\t\t\t\t<p class=\"text-primary\">Det smarta systemet med elektronisk nyckelidentifiering. <\/p>\n\t\t\t\t\t\t\t\n\t\t\t\t\t\t\t\t\t\t\t\t\t\t\t\t\t\t\t\t\t\t\t<a href=\"\/sv\/produkter\/keybox\/keycontrol\/\" class=\"button btn-link with-arrow\" target=\"\">\n\t\t\t\t\t\t\t\t\tUtforska\t\t\t\t\t\t\t\t<\/a>\n\t\t\t\t\t\t\t\n\t\t\t\t\t\t<\/div>\n\t\t\t\t\t<\/div>\n\t\t\t\t\t\t\t\t\t<div class=\"card\">\n\t\t\t\t\t\t\t\t\t\t\t\t\t\t\t\t\t\t\t\t<img decoding=\"async\" class=\"card-img-top \" src=\"https:\/\/www.creone.com\/wp-content\/uploads\/2020\/03\/9001System-zoomed-480x260.jpg\" alt=\"KeyBox system nyckelutl\u00e4mningssk\u00e5p avsedda f\u00f6r nyckelhantering\">\n\t\t\t\t\t\t\n\t\t\t\t\t\t<div class=\"card-body text-align-left \">\n\t\t\t\t\t\t\t\t\t\t\t\t\t\t\t<img decoding=\"async\" src=\"https:\/\/www.creone.com\/wp-content\/uploads\/2020\/03\/keybox-logotyp.png\" alt=\"KeyBox logotyp f\u00f6r nyckelf\u00f6rvaring\">\n\t\t\t\t\t\t\t\n\t\t\t\t\t\t\t\t\t\t\t\t\t\t\t<span class=\"text-primary\">System-serien<\/span>\n\t\t\t\t\t\t\t\n\t\t\t\t\t\t\t\n\t\t\t\t\t\t\t\t\t\t\t\t\t\t\t<p class=\"text-primary\">Sparar samtliga h\u00e4ndelser f\u00f6r elektronisk nyckelutl\u00e4mning.<\/p>\n\t\t\t\t\t\t\t\n\t\t\t\t\t\t\t\t\t\t\t\t\t\t\t\t\t\t\t\t\t\t\t<a href=\"\/sv\/produkter\/keybox\/system\/\" class=\"button btn-link with-arrow\" target=\"\">\n\t\t\t\t\t\t\t\t\tUtforska\t\t\t\t\t\t\t\t<\/a>\n\t\t\t\t\t\t\t\n\t\t\t\t\t\t<\/div>\n\t\t\t\t\t<\/div>\n\t\t\t\t\t\t\t\t\t<div class=\"card\">\n\t\t\t\t\t\t\t\t\t\t\t\t\t\t\t\t\t\t\t\t<img decoding=\"async\" class=\"card-img-top \" src=\"https:\/\/www.creone.com\/wp-content\/uploads\/2020\/03\/9001Baisc-zoomed-480x260.jpg\" alt=\"KeyBox basic nyckelutl\u00e4mningssk\u00e5p avsedda f\u00f6r nyckelhantering\">\n\t\t\t\t\t\t\n\t\t\t\t\t\t<div class=\"card-body text-align-left \">\n\t\t\t\t\t\t\t\t\t\t\t\t\t\t\t<img decoding=\"async\" src=\"https:\/\/www.creone.com\/wp-content\/uploads\/2020\/03\/keybox-logotyp.png\" alt=\"KeyBox logotyp f\u00f6r nyckelf\u00f6rvaring\">\n\t\t\t\t\t\t\t\n\t\t\t\t\t\t\t\t\t\t\t\t\t\t\t<span class=\"text-primary\">Basic-serien<\/span>\n\t\t\t\t\t\t\t\n\t\t\t\t\t\t\t\n\t\t\t\t\t\t\t\t\t\t\t\t\t\t\t<p class=\"text-primary\">Enklaste l\u00f6sningen f\u00f6r elektronisk nyckelutl\u00e4mning.<\/p>\n\t\t\t\t\t\t\t\n\t\t\t\t\t\t\t\t\t\t\t\t\t\t\t\t\t\t\t\t\t\t\t<a href=\"\/sv\/produkter\/keybox\/basic\/\" class=\"button btn-link with-arrow\" target=\"\">\n\t\t\t\t\t\t\t\t\tUtforska\t\t\t\t\t\t\t\t<\/a>\n\t\t\t\t\t\t\t\n\t\t\t\t\t\t<\/div>\n\t\t\t\t\t<\/div>\n\t\t\t\t\t\t\t<\/div>\n\t\t\t\t\t<div class=\"tab-content card-section\" data-tab-content=\"nyckellister\">\n\t\t\t\t\t\t\t\t\t<div class=\"single-card\">\n\t\t\t\t\t\t\t\t\t\t\t\t\t\t\t\t\t\t\t\t<img decoding=\"async\" class=\"card-img-top \" src=\"https:\/\/www.creone.com\/wp-content\/uploads\/2020\/08\/keyrack_rfid_env.jpg\" alt=\"10 stycken intelligenta nyckelister med kontrollbox monterade p\u00e5 v\u00e4gg och nyckelsk\u00e5p f\u00f6r en unik nyckelhantering.\">\n\t\t\t\t\t\t\n\t\t\t\t\t\t<div class=\"card-body text-align-left \">\n\t\t\t\t\t\t\t\t\t\t\t\t\t\t\t<img decoding=\"async\" src=\"https:\/\/www.creone.com\/wp-content\/uploads\/2020\/03\/keyrack-logotyp.png\" alt=\"KeyRack logotyp f\u00f6r nyckellhantering\">\n\t\t\t\t\t\t\t\n\t\t\t\t\t\t\t\n\t\t\t\t\t\t\t\t\t\t\t\t\t\t\t<h3 class=\"text-blue\">Tillg\u00e4nglig och flexibel nyckelhantering<\/h3>\n\t\t\t\t\t\t\t\n\t\t\t\t\t\t\t\t\t\t\t\t\t\t\t<p class=\"text-primary\">Para dina nycklar med IntelliPin nyckeltapp och placera dem i KeyRack-systemets l\u00e5sbara\/ej l\u00e5sbara nyckellister direkt p\u00e5 v\u00e4gg eller i sk\u00e5p. Enklare blir det inte att s\u00e4kra \u00f6verblick och total kontroll p\u00e5 nyckelbest\u00e5ndet<\/p>\n\t\t\t\t\t\t\t\n\t\t\t\t\t\t\t\t\t\t\t\t\t\t\t\t\t\t\t\t\t\t\t<a href=\"\/sv\/produkter\/keyrack\/\" class=\"button btn-link with-arrow\" target=\"\">\n\t\t\t\t\t\t\t\t\tUtforska\t\t\t\t\t\t\t\t<\/a>\n\t\t\t\t\t\t\t\n\t\t\t\t\t\t<\/div>\n\t\t\t\t\t<\/div>\n\t\t\t\t\t\t\t<\/div>\n\t\t\t\n<\/section>\n\n\n\n            <section class=\"row-with-separator container\">\n                            <div class=\"content\">\n                    <h3>Boka in demo<\/h3>\n                    <p>\n                        L\u00e5t oss visa dig redan i dag, hur du p\u00e5 b\u00e4sta m\u00f6jliga s\u00e4tt kan administrera dina nycklar och v\u00e4rdesaker.                     <\/p>\n                    <a class=\"button btn-link with-arrow\" href=\"\/sv\/demo\/\" target=>Boka nu<\/a>\n                <\/div>\n                            <div class=\"content\">\n                    <h3>Hitta din \u00e5terf\u00f6rs\u00e4ljare<\/h3>\n                    <p>\n                        S\u00f6k i kartan eller i s\u00f6kf\u00e4ltet f\u00f6r att hitta en \u00e5terf\u00f6rs\u00e4ljare. F\u00e5 hj\u00e4lp med ditt befintliga system eller med att v\u00e4lja r\u00e4tt l\u00f6sning.                     <\/p>\n                    <a class=\"button btn-link with-arrow\" href=\"\/sv\/hitta-aterforsaljare\/\" target=>Hitta nu<\/a>\n                <\/div>\n                    <\/section>\n    ","protected":false},"excerpt":{"rendered":"<p>Tran\u00e5s Energi Tran\u00e5s Energi hanterar sina kunders nycklar p\u00e5 korrekt s\u00e4tt Tran\u00e5s Energi s\u00e4ljer f\u00f6rnybar el i hela Sverige, levererar f\u00f6rnybar fj\u00e4rrv\u00e4rme samt tillhandah\u00e5ller eln\u00e4t och fibern\u00e4t i Tran\u00e5s kommun. F\u00f6r Tran\u00e5s Energi \u00e4r det viktigt att h\u00e5lla en h\u00f6g niv\u00e5 av service till sina kunder, det inneb\u00e4r att man \u00e4ven m\u00e5sta hantera sina kunders [&hellip;]<\/p>\n","protected":false},"author":2,"featured_media":0,"parent":3297,"menu_order":0,"comment_status":"closed","ping_status":"closed","template":"page-without-container.php","meta":{"_acf_changed":false,"content-type":"","footnotes":""},"class_list":["post-199","page","type-page","status-publish","hentry"],"acf":[],"yoast_head":"<!-- This site is optimized with the Yoast SEO plugin v26.7 - https:\/\/yoast.com\/wordpress\/plugins\/seo\/ -->\n<title>Ansvarsfull nyckelhantering | Tran\u00e5s Energi | Creone<\/title>\n<meta name=\"description\" content=\"Tran\u00e5s Energi anv\u00e4nder sina kunders nycklar p\u00e5 ett ansvarsfullt s\u00e4tt med v\u00e5r nyckelhantering.\" \/>\n<meta name=\"robots\" content=\"index, follow, max-snippet:-1, max-image-preview:large, max-video-preview:-1\" \/>\n<link rel=\"canonical\" href=\"https:\/\/www.creone.com\/sv\/branschlosningar\/tranas-energi\/\" \/>\n<meta property=\"og:locale\" content=\"sv_SE\" \/>\n<meta property=\"og:type\" content=\"article\" \/>\n<meta property=\"og:title\" content=\"Ansvarsfull nyckelhantering | Tran\u00e5s Energi | Creone\" \/>\n<meta property=\"og:description\" content=\"Tran\u00e5s Energi anv\u00e4nder sina kunders nycklar p\u00e5 ett ansvarsfullt s\u00e4tt med v\u00e5r nyckelhantering.\" \/>\n<meta property=\"og:url\" content=\"https:\/\/www.creone.com\/sv\/branschlosningar\/tranas-energi\/\" \/>\n<meta property=\"og:site_name\" content=\"Creone\" \/>\n<meta property=\"article:modified_time\" content=\"2025-11-11T15:29:02+00:00\" \/>\n<meta name=\"twitter:card\" content=\"summary_large_image\" \/>\n<script type=\"application\/ld+json\" class=\"yoast-schema-graph\">{\"@context\":\"https:\/\/schema.org\",\"@graph\":[{\"@type\":\"WebPage\",\"@id\":\"https:\/\/www.creone.com\/sv\/branschlosningar\/tranas-energi\/\",\"url\":\"https:\/\/www.creone.com\/sv\/branschlosningar\/tranas-energi\/\",\"name\":\"Ansvarsfull nyckelhantering | Tran\u00e5s Energi | Creone\",\"isPartOf\":{\"@id\":\"https:\/\/www.creone.com\/sv\/#website\"},\"datePublished\":\"2020-03-25T15:12:11+00:00\",\"dateModified\":\"2025-11-11T15:29:02+00:00\",\"description\":\"Tran\u00e5s Energi anv\u00e4nder sina kunders nycklar p\u00e5 ett ansvarsfullt s\u00e4tt med v\u00e5r nyckelhantering.\",\"breadcrumb\":{\"@id\":\"https:\/\/www.creone.com\/sv\/branschlosningar\/tranas-energi\/#breadcrumb\"},\"inLanguage\":\"sv-SE\",\"potentialAction\":[{\"@type\":\"ReadAction\",\"target\":[\"https:\/\/www.creone.com\/sv\/branschlosningar\/tranas-energi\/\"]}]},{\"@type\":\"BreadcrumbList\",\"@id\":\"https:\/\/www.creone.com\/sv\/branschlosningar\/tranas-energi\/#breadcrumb\",\"itemListElement\":[{\"@type\":\"ListItem\",\"position\":1,\"name\":\"Home\",\"item\":\"https:\/\/www.creone.com\/sv\/\"},{\"@type\":\"ListItem\",\"position\":2,\"name\":\"Branschl\u00f6sningar\",\"item\":\"https:\/\/www.creone.com\/sv\/branschlosningar\/\"},{\"@type\":\"ListItem\",\"position\":3,\"name\":\"Tran\u00e5s Energi\"}]},{\"@type\":\"WebSite\",\"@id\":\"https:\/\/www.creone.com\/sv\/#website\",\"url\":\"https:\/\/www.creone.com\/sv\/\",\"name\":\"Creone\",\"description\":\"En till WordPress-webbplats\",\"potentialAction\":[{\"@type\":\"SearchAction\",\"target\":{\"@type\":\"EntryPoint\",\"urlTemplate\":\"https:\/\/www.creone.com\/sv\/?s={search_term_string}\"},\"query-input\":{\"@type\":\"PropertyValueSpecification\",\"valueRequired\":true,\"valueName\":\"search_term_string\"}}],\"inLanguage\":\"sv-SE\"}]}<\/script>\n<!-- \/ Yoast SEO plugin. -->","yoast_head_json":{"title":"Ansvarsfull nyckelhantering | Tran\u00e5s Energi | Creone","description":"Tran\u00e5s Energi anv\u00e4nder sina kunders nycklar p\u00e5 ett ansvarsfullt s\u00e4tt med v\u00e5r nyckelhantering.","robots":{"index":"index","follow":"follow","max-snippet":"max-snippet:-1","max-image-preview":"max-image-preview:large","max-video-preview":"max-video-preview:-1"},"canonical":"https:\/\/www.creone.com\/sv\/branschlosningar\/tranas-energi\/","og_locale":"sv_SE","og_type":"article","og_title":"Ansvarsfull nyckelhantering | Tran\u00e5s Energi | Creone","og_description":"Tran\u00e5s Energi anv\u00e4nder sina kunders nycklar p\u00e5 ett ansvarsfullt s\u00e4tt med v\u00e5r nyckelhantering.","og_url":"https:\/\/www.creone.com\/sv\/branschlosningar\/tranas-energi\/","og_site_name":"Creone","article_modified_time":"2025-11-11T15:29:02+00:00","twitter_card":"summary_large_image","schema":{"@context":"https:\/\/schema.org","@graph":[{"@type":"WebPage","@id":"https:\/\/www.creone.com\/sv\/branschlosningar\/tranas-energi\/","url":"https:\/\/www.creone.com\/sv\/branschlosningar\/tranas-energi\/","name":"Ansvarsfull nyckelhantering | Tran\u00e5s Energi | Creone","isPartOf":{"@id":"https:\/\/www.creone.com\/sv\/#website"},"datePublished":"2020-03-25T15:12:11+00:00","dateModified":"2025-11-11T15:29:02+00:00","description":"Tran\u00e5s Energi anv\u00e4nder sina kunders nycklar p\u00e5 ett ansvarsfullt s\u00e4tt med v\u00e5r nyckelhantering.","breadcrumb":{"@id":"https:\/\/www.creone.com\/sv\/branschlosningar\/tranas-energi\/#breadcrumb"},"inLanguage":"sv-SE","potentialAction":[{"@type":"ReadAction","target":["https:\/\/www.creone.com\/sv\/branschlosningar\/tranas-energi\/"]}]},{"@type":"BreadcrumbList","@id":"https:\/\/www.creone.com\/sv\/branschlosningar\/tranas-energi\/#breadcrumb","itemListElement":[{"@type":"ListItem","position":1,"name":"Home","item":"https:\/\/www.creone.com\/sv\/"},{"@type":"ListItem","position":2,"name":"Branschl\u00f6sningar","item":"https:\/\/www.creone.com\/sv\/branschlosningar\/"},{"@type":"ListItem","position":3,"name":"Tran\u00e5s Energi"}]},{"@type":"WebSite","@id":"https:\/\/www.creone.com\/sv\/#website","url":"https:\/\/www.creone.com\/sv\/","name":"Creone","description":"En till WordPress-webbplats","potentialAction":[{"@type":"SearchAction","target":{"@type":"EntryPoint","urlTemplate":"https:\/\/www.creone.com\/sv\/?s={search_term_string}"},"query-input":{"@type":"PropertyValueSpecification","valueRequired":true,"valueName":"search_term_string"}}],"inLanguage":"sv-SE"}]}},"_links":{"self":[{"href":"https:\/\/www.creone.com\/sv\/wp-json\/wp\/v2\/pages\/199","targetHints":{"allow":["GET"]}}],"collection":[{"href":"https:\/\/www.creone.com\/sv\/wp-json\/wp\/v2\/pages"}],"about":[{"href":"https:\/\/www.creone.com\/sv\/wp-json\/wp\/v2\/types\/page"}],"author":[{"embeddable":true,"href":"https:\/\/www.creone.com\/sv\/wp-json\/wp\/v2\/users\/2"}],"replies":[{"embeddable":true,"href":"https:\/\/www.creone.com\/sv\/wp-json\/wp\/v2\/comments?post=199"}],"version-history":[{"count":40,"href":"https:\/\/www.creone.com\/sv\/wp-json\/wp\/v2\/pages\/199\/revisions"}],"predecessor-version":[{"id":22496,"href":"https:\/\/www.creone.com\/sv\/wp-json\/wp\/v2\/pages\/199\/revisions\/22496"}],"up":[{"embeddable":true,"href":"https:\/\/www.creone.com\/sv\/wp-json\/wp\/v2\/pages\/3297"}],"wp:attachment":[{"href":"https:\/\/www.creone.com\/sv\/wp-json\/wp\/v2\/media?parent=199"}],"curies":[{"name":"wp","href":"https:\/\/api.w.org\/{rel}","templated":true}]}}