{"id":19811,"date":"2024-02-07T15:44:19","date_gmt":"2024-02-07T14:44:19","guid":{"rendered":"https:\/\/www.creone.com\/?page_id=19811"},"modified":"2025-11-11T16:28:00","modified_gmt":"2025-11-11T15:28:00","slug":"rejmes","status":"publish","type":"page","link":"https:\/\/www.creone.com\/sv\/branschlosningar\/rejmes\/","title":{"rendered":"Rejmes"},"content":{"rendered":"\n    <style>\n        #header-image {\n            background-image: url(https:\/\/www.creone.com\/wp-content\/uploads\/2024\/02\/MG_1825-FIXv2.jpg);\n        }\n\n        @media (-webkit-min-device-pixel-ratio: 2),\n        (min-resolution: 192dpi) {\n            #header-image {\n                background-image: url(https:\/\/www.creone.com\/wp-content\/uploads\/2024\/02\/MG_1825-FIXv2.jpg);\n            }\n        }\n    <\/style>\n\n    <section\n        class=\"full-width-header-image \"\n        id=\"header-image\"\n        style=\"background-position: top\"><\/section>\n\n                    <div class=\"container-fluid bread-border\">\n            <div class=\"container\">\n                <div class=\"row\">\n                    <div class=\"col-12\">\n                        <p id=\"breadcrumbs\"><span><span><a href=\"https:\/\/www.creone.com\/sv\/\">Home<\/a><\/span><\/span><\/p>                    <\/div>\n                <\/div>\n            <\/div>\n        <\/div>\n        <style>\n            .full-width-header-image {\n                margin-bottom: 0rem !important;\n            }\n\n            .bread-border {\n                margin-bottom: 6rem;\n            }\n        <\/style>\n\n\n\n<h6 class=\"headline tight-container wp-block-heading\">Rejmes Halland<\/h6>\n\n\n\n<h1 class=\"tight-container wp-block-heading\">En kort ROI-cykel med intelligent nyckelhantering hos Rejmes i Halland<\/h1>\n\n\n\n<p class=\"tight-container\">Rejmes i Halland \u00e4r en helhetsleverant\u00f6r f\u00f6r bil\u00e4gare som erbjuder f\u00f6rs\u00e4ljning av nya och begagnade bilar men \u00e4ven verkstads- och servicetj\u00e4nster, f\u00f6rs\u00e4ljning av reservdelar, tillbeh\u00f6r och drivmedel samt finans- och f\u00f6rs\u00e4kringsl\u00f6sningar. Koncernen har tre anl\u00e4ggningar, i Halmstad, Falkenberg och Laholm och har investerat i intelligenta nyckelhanteringssystem fr\u00e5n Creone.<\/p>\n\n\n\n    <section class=\"reference-content container\">\n        <div class=\"d-flex flex-wrap-reverse\">\n            <div class=\"sidebar\">\n                                    <div class=\"image mb-4\">\n                        <img decoding=\"async\"\n                            src=\"https:\/\/www.creone.com\/wp-content\/uploads\/2024\/02\/rejmes-logo.jpg\"\n                            srcset=\"https:\/\/www.creone.com\/wp-content\/uploads\/2024\/02\/rejmes-logo.jpg 1x, https:\/\/www.creone.com\/wp-content\/uploads\/2024\/02\/rejmes-logo.jpg 2x\"\n                            class=\"\" \/>\n                    <\/div>\n                                                    <div class=\"title head-font\">Rejmes Halland<\/div>\n                \n                                    <p>Rejmes i Halland \u00e4r en helhetsleverant\u00f6r f\u00f6r bil\u00e4gare som erbjuder f\u00f6rs\u00e4ljning av nya och begagnade bilar. <\/p>\n                                <div class=\"mt-5\">\n                                    <\/div>\n            <\/div>\n            <div class=\"content\">\n                                    <p style=\"font-weight: 400;\">Rejmes hade tidigare ingen process f\u00f6r nyckelhantering trots ett v\u00e4lorganiserat fl\u00f6de av bilar. D\u00e4rf\u00f6r skapade nyckelhanteringen mycket oreda och det gick \u00e5t mycket on\u00f6dig tid till att leta efter nycklar. De flesta \u00e5terfanns men det h\u00e4nde emellan\u00e5t att n\u00e5gra f\u00f6rlorades helt.<\/p>\n<p style=\"font-weight: 400;\">\u201dTidigare hade vi inget s\u00e5 h\u00e4r organiserat system f\u00f6r just nycklarna. Det gjorde att v\u00e5ra medarbetare inte tog ansvar f\u00f6r de nycklar de h\u00e4mtat ut, eftersom ingen hade kontroll eller kunde sp\u00e5ra n\u00e4r eller vem som h\u00e4mtat ut vilken nyckel. Sedan vi k\u00f6pte en l\u00f6sning fr\u00e5n Creone har vi genom en kalkyl insett att vi sparat v\u00e4ldigt mycket tid p\u00e5 att slippa leta efter b\u00e5de bilar och nycklar att v\u00e5r investering betalade sig v\u00e4ldigt snabbt, ber\u00e4ttar Einar Gudmundsson, VD, Rejmes Personvagnar AB.<\/p>\n<p>&nbsp;<\/p>\n<h4 style=\"font-weight: 400;\">\nEtt avancerat fl\u00f6de f\u00f6r bilar och nyckelhantering<\/h4>\n<p style=\"font-weight: 400;\">Idag har Rejmes med hj\u00e4lp av det intelligenta nyckelhanteringssystemet skapat ett nyckelfl\u00f6de i KeyWin som f\u00f6ljer samma fl\u00f6de som bilarna man hanterar. Nycklarna checkas ut och in i fl\u00f6det: Test \u2013 Skadeverkstad \u2013 Verkstad \u2013 Rekond \u2013 Leverans. P\u00e5 samma s\u00e4tt har de ett separat KeyBox nyckelsk\u00e5p f\u00f6r de bilar som finns i lager och d\u00e4r f\u00f6rvaras \u00e4ven nycklarna till provk\u00f6rningsbilar som personal och kunder kan checka in och ut, med full sp\u00e5rbarhet.<\/p>\n<p style=\"font-weight: 400;\">\u201dVi f\u00f6ll f\u00f6r Creones l\u00f6sning direkt och upplever att vi har f\u00e5tt \u00f6kad kontroll, \u00f6kad s\u00e4kerhet och minskad kostnad f\u00f6r nyckelhanteringen d\u00e5 det har gett oss stora tidsvinster att slippa leta efter nycklar och vi sparar \u00e4ven in eftersom en f\u00f6rsvunnen nyckel inneb\u00e4r stora kostnader f\u00f6r ink\u00f6p av ny och omprogrammering av \u00f6vriga nycklar. Risken att f\u00e5 en bilnyckel stulen \u00e4r idag mycket liten och disciplinen bland medarbetarna mycket h\u00f6g. Alla tar sitt ansvar och nyckelsk\u00e5pen finns p\u00e5 strategiska platser i v\u00e5rt fl\u00f6de vilket g\u00f6r det l\u00e4tt att g\u00f6ra r\u00e4tt,\u201d ber\u00e4ttar Einar Gudmundsson.<\/p>\n<p style=\"font-weight: 400;\">\n<p style=\"font-weight: 400;\">Ut\u00f6ver tidsvinsten har man ocks\u00e5 sett stora f\u00f6rdelar i att man nu har flexibla l\u00f6sningar f\u00f6r nyckelhantering, med m\u00f6jlighet att skapa avancerade process- och aff\u00e4rsfl\u00f6den i KeyWin f\u00f6r nyckelhanteringen som f\u00f6ljer \u00f6vriga processer. Ytterligare en f\u00f6rdel \u00e4r att KeyBox nyckelsk\u00e5pen kommer i skalbara storlekar och att man p\u00e5 sikt har m\u00f6jlighet att expandera sin nyckelhantering i takt med att verksamheten v\u00e4xer och fler nycklar beh\u00f6ver hanteras.<\/p>\n                            <\/div>\n        <\/div>\n    <\/section>\n    <style>\n        .top-border {\n            border-top: 2px solid rgba(211, 211, 211, 0.5);\n            margin-bottom: 30px;\n        }\n    <\/style>\n\n\n        <div class=\"container-fluid bread-border\">\n            <div class=\"container\">\n                <div class=\"row\">\n                    <div class=\"col-12\">\n                                            <\/div>\n                <\/div>\n            <\/div>\n        <\/div>\n        <section class=\"full-width-form  \">\n        <div class=\"container d-flex flex-wrap\">\n            <div class=\"content\">\n                                    <h2 class=\"fade-in\">Boka en demo  med v\u00e5ra s\u00e4ljare <\/h2>\n                                                    <p class=\"fade-in\">L\u00e5t oss visa dig redan i dag, hur du p\u00e5 b\u00e4sta m\u00f6jliga s\u00e4tt kan administrera dina nycklar och f\u00f6rvaring av saker.  <\/p>\n                                                    <img decoding=\"async\" src=\"https:\/\/www.creone.com\/wp-content\/uploads\/2020\/04\/KeyWin6screens_box_SE_outline-4-900x450.png\" alt=\"\" srcset=\"https:\/\/www.creone.com\/wp-content\/uploads\/2020\/04\/KeyWin6screens_box_SE_outline-4-900x450.png 1x, https:\/\/www.creone.com\/wp-content\/uploads\/2020\/04\/KeyWin6screens_box_SE_outline-4-1750x900.png 2x\" class=\"fade-in-up\">\n                            <\/div>\n\n            <div class=\"hubspot-form-container fade-in-left\">\n                                                    <script charset=\"utf-8\" type=\"text\/javascript\" src=\"\/\/js.hsforms.net\/forms\/shell.js\"><\/script> <script>   hbspt.forms.create({ \tportalId: \"6969693\", \tformId: \"571e3aae-5e04-4c6a-ae7c-60a4bbff3ff3\" }); <\/script>                            <\/div>\n\n                    <\/div>\n    <\/section>\n\n\n\n\n<section class=\"cards-with-tab-nav container\">\n\n\t\t\t<h2 class=\"text-center text-blue\">Ditt flexibla nyckelhanteringssystem<\/h2>\n\t\n\t\t\t\n\t\t\t<div class=\"tabnav\">\n\t\t\t\t<ul>\n\t\t\t\t\t\t\t\t\t\t\t\t\t\t\t\t\t\t<li class=\"tab-item\" data-tab-content=nyckelsk\u00e5p><span>Nyckelsk\u00e5p<\/span><\/li>\n\t\t\t\t\t\t\t\t\t\t\t\t\t\t\t\t\t\t\t\t\t\t\t\t<li class=\"tab-item\" data-tab-content=nyckellister><span>Nyckellister<\/span><\/li>\n\t\t\t\t\t\t\t\t\t\t\t\t\t\t\t<\/ul>\n\t\t\t<\/div>\n\t\t\n\t\t\t\t\t<div class=\"tab-content card-section\" data-tab-content=\"nyckelsk\u00e5p\">\n\t\t\t\t\t\t\t\t\t<div class=\"card\">\n\t\t\t\t\t\t\t\t\t\t\t\t\t\t\t\t\t\t\t\t<img decoding=\"async\" class=\"card-img-top \" src=\"https:\/\/www.creone.com\/wp-content\/uploads\/2020\/03\/9700Keycontrol-open3-480x260.jpg\" alt=\"KeyBox smarta nyckelsk\u00e5p 9600SC brukas f\u00f6r nyckelhantering\">\n\t\t\t\t\t\t\n\t\t\t\t\t\t<div class=\"card-body text-align-left \">\n\t\t\t\t\t\t\t\t\t\t\t\t\t\t\t<img decoding=\"async\" src=\"https:\/\/www.creone.com\/wp-content\/uploads\/2020\/03\/keybox-logotyp.png\" alt=\"KeyBox logotyp f\u00f6r nyckelf\u00f6rvaring\">\n\t\t\t\t\t\t\t\n\t\t\t\t\t\t\t\t\t\t\t\t\t\t\t<span class=\"text-primary\">Keycontrol-serien<\/span>\n\t\t\t\t\t\t\t\n\t\t\t\t\t\t\t\n\t\t\t\t\t\t\t\t\t\t\t\t\t\t\t<p class=\"text-primary\">Det smarta systemet med elektronisk nyckelidentifiering. <\/p>\n\t\t\t\t\t\t\t\n\t\t\t\t\t\t\t\t\t\t\t\t\t\t\t\t\t\t\t\t\t\t\t<a href=\"\/sv\/produkter\/keybox\/keycontrol\/\" class=\"button btn-link with-arrow\" target=\"\">\n\t\t\t\t\t\t\t\t\tUtforska\t\t\t\t\t\t\t\t<\/a>\n\t\t\t\t\t\t\t\n\t\t\t\t\t\t<\/div>\n\t\t\t\t\t<\/div>\n\t\t\t\t\t\t\t\t\t<div class=\"card\">\n\t\t\t\t\t\t\t\t\t\t\t\t\t\t\t\t\t\t\t\t<img decoding=\"async\" class=\"card-img-top \" src=\"https:\/\/www.creone.com\/wp-content\/uploads\/2020\/03\/9001System-zoomed-480x260.jpg\" alt=\"KeyBox system nyckelutl\u00e4mningssk\u00e5p avsedda f\u00f6r nyckelhantering\">\n\t\t\t\t\t\t\n\t\t\t\t\t\t<div class=\"card-body text-align-left \">\n\t\t\t\t\t\t\t\t\t\t\t\t\t\t\t<img decoding=\"async\" src=\"https:\/\/www.creone.com\/wp-content\/uploads\/2020\/03\/keybox-logotyp.png\" alt=\"KeyBox logotyp f\u00f6r nyckelf\u00f6rvaring\">\n\t\t\t\t\t\t\t\n\t\t\t\t\t\t\t\t\t\t\t\t\t\t\t<span class=\"text-primary\">System-serien<\/span>\n\t\t\t\t\t\t\t\n\t\t\t\t\t\t\t\n\t\t\t\t\t\t\t\t\t\t\t\t\t\t\t<p class=\"text-primary\">Sparar samtliga h\u00e4ndelser f\u00f6r elektronisk nyckelutl\u00e4mning.<\/p>\n\t\t\t\t\t\t\t\n\t\t\t\t\t\t\t\t\t\t\t\t\t\t\t\t\t\t\t\t\t\t\t<a href=\"\/sv\/produkter\/keybox\/system\/\" class=\"button btn-link with-arrow\" target=\"\">\n\t\t\t\t\t\t\t\t\tUtforska\t\t\t\t\t\t\t\t<\/a>\n\t\t\t\t\t\t\t\n\t\t\t\t\t\t<\/div>\n\t\t\t\t\t<\/div>\n\t\t\t\t\t\t\t\t\t<div class=\"card\">\n\t\t\t\t\t\t\t\t\t\t\t\t\t\t\t\t\t\t\t\t<img decoding=\"async\" class=\"card-img-top \" src=\"https:\/\/www.creone.com\/wp-content\/uploads\/2020\/03\/9001Baisc-zoomed-480x260.jpg\" alt=\"KeyBox basic nyckelutl\u00e4mningssk\u00e5p avsedda f\u00f6r nyckelhantering\">\n\t\t\t\t\t\t\n\t\t\t\t\t\t<div class=\"card-body text-align-left \">\n\t\t\t\t\t\t\t\t\t\t\t\t\t\t\t<img decoding=\"async\" src=\"https:\/\/www.creone.com\/wp-content\/uploads\/2020\/03\/keybox-logotyp.png\" alt=\"KeyBox logotyp f\u00f6r nyckelf\u00f6rvaring\">\n\t\t\t\t\t\t\t\n\t\t\t\t\t\t\t\t\t\t\t\t\t\t\t<span class=\"text-primary\">Basic-serien<\/span>\n\t\t\t\t\t\t\t\n\t\t\t\t\t\t\t\n\t\t\t\t\t\t\t\t\t\t\t\t\t\t\t<p class=\"text-primary\">Enklaste l\u00f6sningen f\u00f6r elektronisk nyckelutl\u00e4mning.<\/p>\n\t\t\t\t\t\t\t\n\t\t\t\t\t\t\t\t\t\t\t\t\t\t\t\t\t\t\t\t\t\t\t<a href=\"\/sv\/produkter\/keybox\/basic\/\" class=\"button btn-link with-arrow\" target=\"\">\n\t\t\t\t\t\t\t\t\tUtforska\t\t\t\t\t\t\t\t<\/a>\n\t\t\t\t\t\t\t\n\t\t\t\t\t\t<\/div>\n\t\t\t\t\t<\/div>\n\t\t\t\t\t\t\t<\/div>\n\t\t\t\t\t<div class=\"tab-content card-section\" data-tab-content=\"nyckellister\">\n\t\t\t\t\t\t\t\t\t<div class=\"single-card\">\n\t\t\t\t\t\t\t\t\t\t\t\t\t\t\t\t\t\t\t\t<img decoding=\"async\" class=\"card-img-top \" src=\"https:\/\/www.creone.com\/wp-content\/uploads\/2020\/08\/keyrack_rfid_env.jpg\" alt=\"10 stycken intelligenta nyckelister med kontrollbox monterade p\u00e5 v\u00e4gg och nyckelsk\u00e5p f\u00f6r en unik nyckelhantering.\">\n\t\t\t\t\t\t\n\t\t\t\t\t\t<div class=\"card-body text-align-left \">\n\t\t\t\t\t\t\t\t\t\t\t\t\t\t\t<img decoding=\"async\" src=\"https:\/\/www.creone.com\/wp-content\/uploads\/2020\/03\/keyrack-logotyp.png\" alt=\"KeyRack logotyp f\u00f6r nyckellhantering\">\n\t\t\t\t\t\t\t\n\t\t\t\t\t\t\t\n\t\t\t\t\t\t\t\t\t\t\t\t\t\t\t<h3 class=\"text-blue\">Tillg\u00e4nglig och flexibel nyckelhantering<\/h3>\n\t\t\t\t\t\t\t\n\t\t\t\t\t\t\t\t\t\t\t\t\t\t\t<p class=\"text-primary\">Para dina nycklar med IntelliPin nyckeltapp och placera dem i KeyRack-systemets l\u00e5sbara\/ej l\u00e5sbara nyckellister direkt p\u00e5 v\u00e4gg eller i sk\u00e5p. Enklare blir det inte att s\u00e4kra \u00f6verblick och total kontroll p\u00e5 nyckelbest\u00e5ndet<\/p>\n\t\t\t\t\t\t\t\n\t\t\t\t\t\t\t\t\t\t\t\t\t\t\t\t\t\t\t\t\t\t\t<a href=\"\/sv\/produkter\/keyrack\/\" class=\"button btn-link with-arrow\" target=\"\">\n\t\t\t\t\t\t\t\t\tUtforska\t\t\t\t\t\t\t\t<\/a>\n\t\t\t\t\t\t\t\n\t\t\t\t\t\t<\/div>\n\t\t\t\t\t<\/div>\n\t\t\t\t\t\t\t<\/div>\n\t\t\t\n<\/section>\n\n\n\n            <section class=\"row-with-separator container\">\n                            <div class=\"content\">\n                    <h3>Boka in demo<\/h3>\n                    <p>\n                        L\u00e5t oss visa dig redan i dag, hur du p\u00e5 b\u00e4sta m\u00f6jliga s\u00e4tt kan administrera dina nycklar och v\u00e4rdesaker.                    <\/p>\n                    <a class=\"button btn-link with-arrow\" href=\"\/sv\/demo\/\" target=>Boka nu<\/a>\n                <\/div>\n                            <div class=\"content\">\n                    <h3>Hitta din \u00e5terf\u00f6rs\u00e4ljare<\/h3>\n                    <p>\n                        S\u00f6k i kartan eller i s\u00f6kf\u00e4ltet f\u00f6r att hitta en \u00e5terf\u00f6rs\u00e4ljare. F\u00e5 hj\u00e4lp med ditt befintliga system eller med att v\u00e4lja r\u00e4tt l\u00f6sning.                    <\/p>\n                    <a class=\"button btn-link with-arrow\" href=\"\/sv\/hitta-aterforsaljare\/\" target=>Hitta nu<\/a>\n                <\/div>\n                    <\/section>\n    ","protected":false},"excerpt":{"rendered":"<p>Rejmes Halland En kort ROI-cykel med intelligent nyckelhantering hos Rejmes i Halland Rejmes i Halland \u00e4r en helhetsleverant\u00f6r f\u00f6r bil\u00e4gare som erbjuder f\u00f6rs\u00e4ljning av nya och begagnade bilar men \u00e4ven verkstads- och servicetj\u00e4nster, f\u00f6rs\u00e4ljning av reservdelar, tillbeh\u00f6r och drivmedel samt finans- och f\u00f6rs\u00e4kringsl\u00f6sningar. Koncernen har tre anl\u00e4ggningar, i Halmstad, Falkenberg och Laholm och har investerat [&hellip;]<\/p>\n","protected":false},"author":2,"featured_media":0,"parent":3297,"menu_order":0,"comment_status":"closed","ping_status":"closed","template":"page-without-container.php","meta":{"_acf_changed":false,"content-type":"","footnotes":""},"class_list":["post-19811","page","type-page","status-publish","hentry"],"acf":[],"yoast_head":"<!-- This site is optimized with the Yoast SEO plugin v26.7 - https:\/\/yoast.com\/wordpress\/plugins\/seo\/ -->\n<title>Snabb ROI med intelligent nyckelhantering | Rejmes | Creone<\/title>\n<meta name=\"description\" content=\"Rejmes i Halland har effektiviserat sin verksamhet med elektroniska nyckelsk\u00e5p fr\u00e5n Creone. Resultatet: sp\u00e5rbar nyckelhantering, \u00f6kad kontroll och kort \u00e5terbetalningstid.\" \/>\n<meta name=\"robots\" content=\"index, follow, max-snippet:-1, max-image-preview:large, max-video-preview:-1\" \/>\n<link rel=\"canonical\" href=\"https:\/\/www.creone.com\/sv\/branschlosningar\/rejmes\/\" \/>\n<meta property=\"og:locale\" content=\"sv_SE\" \/>\n<meta property=\"og:type\" content=\"article\" \/>\n<meta property=\"og:title\" content=\"Snabb ROI med intelligent nyckelhantering | Rejmes | Creone\" \/>\n<meta property=\"og:description\" content=\"Rejmes i Halland har effektiviserat sin verksamhet med elektroniska nyckelsk\u00e5p fr\u00e5n Creone. Resultatet: sp\u00e5rbar nyckelhantering, \u00f6kad kontroll och kort \u00e5terbetalningstid.\" \/>\n<meta property=\"og:url\" content=\"https:\/\/www.creone.com\/sv\/branschlosningar\/rejmes\/\" \/>\n<meta property=\"og:site_name\" content=\"Creone\" \/>\n<meta property=\"article:modified_time\" content=\"2025-11-11T15:28:00+00:00\" \/>\n<meta name=\"twitter:card\" content=\"summary_large_image\" \/>\n<script type=\"application\/ld+json\" class=\"yoast-schema-graph\">{\"@context\":\"https:\/\/schema.org\",\"@graph\":[{\"@type\":\"WebPage\",\"@id\":\"https:\/\/www.creone.com\/sv\/branschlosningar\/rejmes\/\",\"url\":\"https:\/\/www.creone.com\/sv\/branschlosningar\/rejmes\/\",\"name\":\"Snabb ROI med intelligent nyckelhantering | Rejmes | Creone\",\"isPartOf\":{\"@id\":\"https:\/\/www.creone.com\/sv\/#website\"},\"datePublished\":\"2024-02-07T14:44:19+00:00\",\"dateModified\":\"2025-11-11T15:28:00+00:00\",\"description\":\"Rejmes i Halland har effektiviserat sin verksamhet med elektroniska nyckelsk\u00e5p fr\u00e5n Creone. Resultatet: sp\u00e5rbar nyckelhantering, \u00f6kad kontroll och kort \u00e5terbetalningstid.\",\"breadcrumb\":{\"@id\":\"https:\/\/www.creone.com\/sv\/branschlosningar\/rejmes\/#breadcrumb\"},\"inLanguage\":\"sv-SE\",\"potentialAction\":[{\"@type\":\"ReadAction\",\"target\":[\"https:\/\/www.creone.com\/sv\/branschlosningar\/rejmes\/\"]}]},{\"@type\":\"BreadcrumbList\",\"@id\":\"https:\/\/www.creone.com\/sv\/branschlosningar\/rejmes\/#breadcrumb\",\"itemListElement\":[{\"@type\":\"ListItem\",\"position\":1,\"name\":\"Home\",\"item\":\"https:\/\/www.creone.com\/sv\/\"},{\"@type\":\"ListItem\",\"position\":2,\"name\":\"Branschl\u00f6sningar\",\"item\":\"https:\/\/www.creone.com\/sv\/branschlosningar\/\"},{\"@type\":\"ListItem\",\"position\":3,\"name\":\"Rejmes\"}]},{\"@type\":\"WebSite\",\"@id\":\"https:\/\/www.creone.com\/sv\/#website\",\"url\":\"https:\/\/www.creone.com\/sv\/\",\"name\":\"Creone\",\"description\":\"En till WordPress-webbplats\",\"potentialAction\":[{\"@type\":\"SearchAction\",\"target\":{\"@type\":\"EntryPoint\",\"urlTemplate\":\"https:\/\/www.creone.com\/sv\/?s={search_term_string}\"},\"query-input\":{\"@type\":\"PropertyValueSpecification\",\"valueRequired\":true,\"valueName\":\"search_term_string\"}}],\"inLanguage\":\"sv-SE\"}]}<\/script>\n<!-- \/ Yoast SEO plugin. -->","yoast_head_json":{"title":"Snabb ROI med intelligent nyckelhantering | Rejmes | Creone","description":"Rejmes i Halland har effektiviserat sin verksamhet med elektroniska nyckelsk\u00e5p fr\u00e5n Creone. Resultatet: sp\u00e5rbar nyckelhantering, \u00f6kad kontroll och kort \u00e5terbetalningstid.","robots":{"index":"index","follow":"follow","max-snippet":"max-snippet:-1","max-image-preview":"max-image-preview:large","max-video-preview":"max-video-preview:-1"},"canonical":"https:\/\/www.creone.com\/sv\/branschlosningar\/rejmes\/","og_locale":"sv_SE","og_type":"article","og_title":"Snabb ROI med intelligent nyckelhantering | Rejmes | Creone","og_description":"Rejmes i Halland har effektiviserat sin verksamhet med elektroniska nyckelsk\u00e5p fr\u00e5n Creone. Resultatet: sp\u00e5rbar nyckelhantering, \u00f6kad kontroll och kort \u00e5terbetalningstid.","og_url":"https:\/\/www.creone.com\/sv\/branschlosningar\/rejmes\/","og_site_name":"Creone","article_modified_time":"2025-11-11T15:28:00+00:00","twitter_card":"summary_large_image","schema":{"@context":"https:\/\/schema.org","@graph":[{"@type":"WebPage","@id":"https:\/\/www.creone.com\/sv\/branschlosningar\/rejmes\/","url":"https:\/\/www.creone.com\/sv\/branschlosningar\/rejmes\/","name":"Snabb ROI med intelligent nyckelhantering | Rejmes | Creone","isPartOf":{"@id":"https:\/\/www.creone.com\/sv\/#website"},"datePublished":"2024-02-07T14:44:19+00:00","dateModified":"2025-11-11T15:28:00+00:00","description":"Rejmes i Halland har effektiviserat sin verksamhet med elektroniska nyckelsk\u00e5p fr\u00e5n Creone. Resultatet: sp\u00e5rbar nyckelhantering, \u00f6kad kontroll och kort \u00e5terbetalningstid.","breadcrumb":{"@id":"https:\/\/www.creone.com\/sv\/branschlosningar\/rejmes\/#breadcrumb"},"inLanguage":"sv-SE","potentialAction":[{"@type":"ReadAction","target":["https:\/\/www.creone.com\/sv\/branschlosningar\/rejmes\/"]}]},{"@type":"BreadcrumbList","@id":"https:\/\/www.creone.com\/sv\/branschlosningar\/rejmes\/#breadcrumb","itemListElement":[{"@type":"ListItem","position":1,"name":"Home","item":"https:\/\/www.creone.com\/sv\/"},{"@type":"ListItem","position":2,"name":"Branschl\u00f6sningar","item":"https:\/\/www.creone.com\/sv\/branschlosningar\/"},{"@type":"ListItem","position":3,"name":"Rejmes"}]},{"@type":"WebSite","@id":"https:\/\/www.creone.com\/sv\/#website","url":"https:\/\/www.creone.com\/sv\/","name":"Creone","description":"En till WordPress-webbplats","potentialAction":[{"@type":"SearchAction","target":{"@type":"EntryPoint","urlTemplate":"https:\/\/www.creone.com\/sv\/?s={search_term_string}"},"query-input":{"@type":"PropertyValueSpecification","valueRequired":true,"valueName":"search_term_string"}}],"inLanguage":"sv-SE"}]}},"_links":{"self":[{"href":"https:\/\/www.creone.com\/sv\/wp-json\/wp\/v2\/pages\/19811","targetHints":{"allow":["GET"]}}],"collection":[{"href":"https:\/\/www.creone.com\/sv\/wp-json\/wp\/v2\/pages"}],"about":[{"href":"https:\/\/www.creone.com\/sv\/wp-json\/wp\/v2\/types\/page"}],"author":[{"embeddable":true,"href":"https:\/\/www.creone.com\/sv\/wp-json\/wp\/v2\/users\/2"}],"replies":[{"embeddable":true,"href":"https:\/\/www.creone.com\/sv\/wp-json\/wp\/v2\/comments?post=19811"}],"version-history":[{"count":18,"href":"https:\/\/www.creone.com\/sv\/wp-json\/wp\/v2\/pages\/19811\/revisions"}],"predecessor-version":[{"id":22488,"href":"https:\/\/www.creone.com\/sv\/wp-json\/wp\/v2\/pages\/19811\/revisions\/22488"}],"up":[{"embeddable":true,"href":"https:\/\/www.creone.com\/sv\/wp-json\/wp\/v2\/pages\/3297"}],"wp:attachment":[{"href":"https:\/\/www.creone.com\/sv\/wp-json\/wp\/v2\/media?parent=19811"}],"curies":[{"name":"wp","href":"https:\/\/api.w.org\/{rel}","templated":true}]}}