{"id":19706,"date":"2024-02-07T14:12:44","date_gmt":"2024-02-07T13:12:44","guid":{"rendered":"https:\/\/www.creone.com\/?page_id=19706"},"modified":"2025-11-11T16:29:17","modified_gmt":"2025-11-11T15:29:17","slug":"van-dijnsen","status":"publish","type":"page","link":"https:\/\/www.creone.com\/sv\/branschlosningar\/van-dijnsen\/","title":{"rendered":"Van Dijnsen"},"content":{"rendered":"\n    <style>\n        #header-image {\n            background-image: url(https:\/\/www.creone.com\/wp-content\/uploads\/2024\/02\/Van-Djinsenv2.jpg);\n        }\n\n        @media (-webkit-min-device-pixel-ratio: 2),\n        (min-resolution: 192dpi) {\n            #header-image {\n                background-image: url(https:\/\/www.creone.com\/wp-content\/uploads\/2024\/02\/Van-Djinsenv2.jpg);\n            }\n        }\n    <\/style>\n\n    <section\n        class=\"full-width-header-image \"\n        id=\"header-image\"\n        style=\"background-position: center\"><\/section>\n\n                    <div class=\"container-fluid bread-border\">\n            <div class=\"container\">\n                <div class=\"row\">\n                    <div class=\"col-12\">\n                        <p id=\"breadcrumbs\"><span><span><a href=\"https:\/\/www.creone.com\/sv\/\">Home<\/a><\/span><\/span><\/p>                    <\/div>\n                <\/div>\n            <\/div>\n        <\/div>\n        <style>\n            .full-width-header-image {\n                margin-bottom: 0rem !important;\n            }\n\n            .bread-border {\n                margin-bottom: 6rem;\n            }\n        <\/style>\n\n\n\n<h6 class=\"headline tight-container wp-block-heading\">Van Dijnsen&nbsp;<\/h6>\n\n\n\n<h1 class=\"tight-container wp-block-heading\">En \u00f6kande m\u00e4ngd nycklar kr\u00e4ver en mer kontrollerad nyckelhantering<\/h1>\n\n\n\n<p class=\"tight-container\">Van Dijnsen \u00e4r ett nederl\u00e4ndskt f\u00f6retag som arbetar med installationer av elektricitet, mekanik och s\u00e4kerhet. <\/p>\n\n\n\n    <section class=\"reference-content container\">\n        <div class=\"d-flex flex-wrap-reverse\">\n            <div class=\"sidebar\">\n                                    <div class=\"image mb-4\">\n                        <img decoding=\"async\"\n                            src=\"https:\/\/www.creone.com\/wp-content\/uploads\/2024\/02\/vandijnsen-logo.jpg\"\n                            srcset=\"https:\/\/www.creone.com\/wp-content\/uploads\/2024\/02\/vandijnsen-logo.jpg 1x, https:\/\/www.creone.com\/wp-content\/uploads\/2024\/02\/vandijnsen-logo.jpg 2x\"\n                            class=\"\" \/>\n                    <\/div>\n                                                    <div class=\"title head-font\">Van Dijnsen Beveiliging <\/div>\n                \n                                    <p>Van Dijnsen Beveiliging \u00e4r ett nederl\u00e4ndskt f\u00f6retag.<\/p>\n                                <div class=\"mt-5\">\n                                    <\/div>\n            <\/div>\n            <div class=\"content\">\n                                    <p style=\"font-weight: 400;\">Arbetet de utf\u00f6r inneb\u00e4r att de hanterar en st\u00e4ndigt \u00f6kande m\u00e4ngd nycklar och tidigare hade de inget digitalt system f\u00f6r hanteringen av dessa.\u00a0Genom att k\u00f6pa in ett intelligent nyckelsystem fr\u00e5n Creone upplever de att de har f\u00e5tt b\u00e4ttre kontroll p\u00e5 sina nycklar och kan \u00f6vervaka vem som har anv\u00e4nt vilken nyckel n\u00e4r.<\/p>\n<p style=\"font-weight: 400;\">\u201dVi fick en v\u00e4ldigt bra rekommendation fr\u00e5n n\u00e5gon som k\u00f6pt ett intelligent nyckelhanteringssystem av Creone och best\u00e4mde oss f\u00f6r att lita p\u00e5 rekommendationen. Vi \u00e4r mycket n\u00f6jda med den \u00f6kade kontrollen vi nu har f\u00f6r varje enskild nyckel med KeyBox och KeyWin-systemet\u201d, ber\u00e4ttar Joost van Kilsdonk, p\u00e5 Van Dijnsen Beveiling.<\/p>\n                            <\/div>\n        <\/div>\n    <\/section>\n    <style>\n        .top-border {\n            border-top: 2px solid rgba(211, 211, 211, 0.5);\n            margin-bottom: 30px;\n        }\n    <\/style>\n\n\n        <div class=\"container-fluid bread-border\">\n            <div class=\"container\">\n                <div class=\"row\">\n                    <div class=\"col-12\">\n                                            <\/div>\n                <\/div>\n            <\/div>\n        <\/div>\n        <section class=\"full-width-form  \">\n        <div class=\"container d-flex flex-wrap\">\n            <div class=\"content\">\n                                    <h2 class=\"fade-in\">Boka en demo  med v\u00e5ra s\u00e4ljare <\/h2>\n                                                    <p class=\"fade-in\">L\u00e5t oss visa dig redan i dag, hur du p\u00e5 b\u00e4sta m\u00f6jliga s\u00e4tt kan administrera dina nycklar och f\u00f6rvaring av saker.  <\/p>\n                                                    <img decoding=\"async\" src=\"https:\/\/www.creone.com\/wp-content\/uploads\/2020\/04\/KeyWin6screens_box_SE_outline-4-900x450.png\" alt=\"\" srcset=\"https:\/\/www.creone.com\/wp-content\/uploads\/2020\/04\/KeyWin6screens_box_SE_outline-4-900x450.png 1x, https:\/\/www.creone.com\/wp-content\/uploads\/2020\/04\/KeyWin6screens_box_SE_outline-4-1750x900.png 2x\" class=\"fade-in-up\">\n                            <\/div>\n\n            <div class=\"hubspot-form-container fade-in-left\">\n                                                    <script charset=\"utf-8\" type=\"text\/javascript\" src=\"\/\/js.hsforms.net\/forms\/shell.js\"><\/script> <script>   hbspt.forms.create({ \tportalId: \"6969693\", \tformId: \"571e3aae-5e04-4c6a-ae7c-60a4bbff3ff3\" }); <\/script>                            <\/div>\n\n                    <\/div>\n    <\/section>\n\n\n\n\n<section class=\"cards-with-tab-nav container\">\n\n\t\t\t<h2 class=\"text-center text-blue\">Ditt flexibla nyckelhanteringssystem<\/h2>\n\t\n\t\t\t\n\t\t\t<div class=\"tabnav\">\n\t\t\t\t<ul>\n\t\t\t\t\t\t\t\t\t\t\t\t\t\t\t\t\t\t<li class=\"tab-item\" data-tab-content=nyckelsk\u00e5p><span>Nyckelsk\u00e5p<\/span><\/li>\n\t\t\t\t\t\t\t\t\t\t\t\t\t\t\t\t\t\t\t\t\t\t\t\t<li class=\"tab-item\" data-tab-content=nyckellister><span>Nyckellister<\/span><\/li>\n\t\t\t\t\t\t\t\t\t\t\t\t\t\t\t<\/ul>\n\t\t\t<\/div>\n\t\t\n\t\t\t\t\t<div class=\"tab-content card-section\" data-tab-content=\"nyckelsk\u00e5p\">\n\t\t\t\t\t\t\t\t\t<div class=\"card\">\n\t\t\t\t\t\t\t\t\t\t\t\t\t\t\t\t\t\t\t\t<img decoding=\"async\" class=\"card-img-top \" src=\"https:\/\/www.creone.com\/wp-content\/uploads\/2020\/03\/9700Keycontrol-open3-480x260.jpg\" alt=\"KeyBox smarta nyckelsk\u00e5p 9600SC brukas f\u00f6r nyckelhantering\">\n\t\t\t\t\t\t\n\t\t\t\t\t\t<div class=\"card-body text-align-left \">\n\t\t\t\t\t\t\t\t\t\t\t\t\t\t\t<img decoding=\"async\" src=\"https:\/\/www.creone.com\/wp-content\/uploads\/2020\/03\/keybox-logotyp.png\" alt=\"KeyBox logotyp f\u00f6r nyckelf\u00f6rvaring\">\n\t\t\t\t\t\t\t\n\t\t\t\t\t\t\t\t\t\t\t\t\t\t\t<span class=\"text-primary\">Keycontrol-serien<\/span>\n\t\t\t\t\t\t\t\n\t\t\t\t\t\t\t\n\t\t\t\t\t\t\t\t\t\t\t\t\t\t\t<p class=\"text-primary\">Det smarta systemet med elektronisk nyckelidentifiering. <\/p>\n\t\t\t\t\t\t\t\n\t\t\t\t\t\t\t\t\t\t\t\t\t\t\t\t\t\t\t\t\t\t\t<a href=\"\/sv\/produkter\/keybox\/keycontrol\/\" class=\"button btn-link with-arrow\" target=\"\">\n\t\t\t\t\t\t\t\t\tUtforska\t\t\t\t\t\t\t\t<\/a>\n\t\t\t\t\t\t\t\n\t\t\t\t\t\t<\/div>\n\t\t\t\t\t<\/div>\n\t\t\t\t\t\t\t\t\t<div class=\"card\">\n\t\t\t\t\t\t\t\t\t\t\t\t\t\t\t\t\t\t\t\t<img decoding=\"async\" class=\"card-img-top \" src=\"https:\/\/www.creone.com\/wp-content\/uploads\/2020\/03\/9001System-zoomed-480x260.jpg\" alt=\"KeyBox system nyckelutl\u00e4mningssk\u00e5p avsedda f\u00f6r nyckelhantering\">\n\t\t\t\t\t\t\n\t\t\t\t\t\t<div class=\"card-body text-align-left \">\n\t\t\t\t\t\t\t\t\t\t\t\t\t\t\t<img decoding=\"async\" src=\"https:\/\/www.creone.com\/wp-content\/uploads\/2020\/03\/keybox-logotyp.png\" alt=\"KeyBox logotyp f\u00f6r nyckelf\u00f6rvaring\">\n\t\t\t\t\t\t\t\n\t\t\t\t\t\t\t\t\t\t\t\t\t\t\t<span class=\"text-primary\">System-serien<\/span>\n\t\t\t\t\t\t\t\n\t\t\t\t\t\t\t\n\t\t\t\t\t\t\t\t\t\t\t\t\t\t\t<p class=\"text-primary\">Sparar samtliga h\u00e4ndelser f\u00f6r elektronisk nyckelutl\u00e4mning.<\/p>\n\t\t\t\t\t\t\t\n\t\t\t\t\t\t\t\t\t\t\t\t\t\t\t\t\t\t\t\t\t\t\t<a href=\"\/sv\/produkter\/keybox\/system\/\" class=\"button btn-link with-arrow\" target=\"\">\n\t\t\t\t\t\t\t\t\tUtforska\t\t\t\t\t\t\t\t<\/a>\n\t\t\t\t\t\t\t\n\t\t\t\t\t\t<\/div>\n\t\t\t\t\t<\/div>\n\t\t\t\t\t\t\t\t\t<div class=\"card\">\n\t\t\t\t\t\t\t\t\t\t\t\t\t\t\t\t\t\t\t\t<img decoding=\"async\" class=\"card-img-top \" src=\"https:\/\/www.creone.com\/wp-content\/uploads\/2020\/03\/9001Baisc-zoomed-480x260.jpg\" alt=\"KeyBox basic nyckelutl\u00e4mningssk\u00e5p avsedda f\u00f6r nyckelhantering\">\n\t\t\t\t\t\t\n\t\t\t\t\t\t<div class=\"card-body text-align-left \">\n\t\t\t\t\t\t\t\t\t\t\t\t\t\t\t<img decoding=\"async\" src=\"https:\/\/www.creone.com\/wp-content\/uploads\/2020\/03\/keybox-logotyp.png\" alt=\"KeyBox logotyp f\u00f6r nyckelf\u00f6rvaring\">\n\t\t\t\t\t\t\t\n\t\t\t\t\t\t\t\t\t\t\t\t\t\t\t<span class=\"text-primary\">Basic-serien<\/span>\n\t\t\t\t\t\t\t\n\t\t\t\t\t\t\t\n\t\t\t\t\t\t\t\t\t\t\t\t\t\t\t<p class=\"text-primary\">Enklaste l\u00f6sningen f\u00f6r elektronisk nyckelutl\u00e4mning.<\/p>\n\t\t\t\t\t\t\t\n\t\t\t\t\t\t\t\t\t\t\t\t\t\t\t\t\t\t\t\t\t\t\t<a href=\"\/sv\/produkter\/keybox\/basic\/\" class=\"button btn-link with-arrow\" target=\"\">\n\t\t\t\t\t\t\t\t\tUtforska\t\t\t\t\t\t\t\t<\/a>\n\t\t\t\t\t\t\t\n\t\t\t\t\t\t<\/div>\n\t\t\t\t\t<\/div>\n\t\t\t\t\t\t\t<\/div>\n\t\t\t\t\t<div class=\"tab-content card-section\" data-tab-content=\"nyckellister\">\n\t\t\t\t\t\t\t\t\t<div class=\"single-card\">\n\t\t\t\t\t\t\t\t\t\t\t\t\t\t\t\t\t\t\t\t<img decoding=\"async\" class=\"card-img-top \" src=\"https:\/\/www.creone.com\/wp-content\/uploads\/2020\/08\/keyrack_rfid_env.jpg\" alt=\"10 stycken intelligenta nyckelister med kontrollbox monterade p\u00e5 v\u00e4gg och nyckelsk\u00e5p f\u00f6r en unik nyckelhantering.\">\n\t\t\t\t\t\t\n\t\t\t\t\t\t<div class=\"card-body text-align-left \">\n\t\t\t\t\t\t\t\t\t\t\t\t\t\t\t<img decoding=\"async\" src=\"https:\/\/www.creone.com\/wp-content\/uploads\/2020\/03\/keyrack-logotyp.png\" alt=\"KeyRack logotyp f\u00f6r nyckellhantering\">\n\t\t\t\t\t\t\t\n\t\t\t\t\t\t\t\n\t\t\t\t\t\t\t\t\t\t\t\t\t\t\t<h3 class=\"text-blue\">Tillg\u00e4nglig och flexibel nyckelhantering<\/h3>\n\t\t\t\t\t\t\t\n\t\t\t\t\t\t\t\t\t\t\t\t\t\t\t<p class=\"text-primary\">Para dina nycklar med IntelliPin nyckeltapp och placera dem i KeyRack-systemets l\u00e5sbara\/ej l\u00e5sbara nyckellister direkt p\u00e5 v\u00e4gg eller i sk\u00e5p. Enklare blir det inte att s\u00e4kra \u00f6verblick och total kontroll p\u00e5 nyckelbest\u00e5ndet<\/p>\n\t\t\t\t\t\t\t\n\t\t\t\t\t\t\t\t\t\t\t\t\t\t\t\t\t\t\t\t\t\t\t<a href=\"\/sv\/produkter\/keyrack\/\" class=\"button btn-link with-arrow\" target=\"\">\n\t\t\t\t\t\t\t\t\tUtforska\t\t\t\t\t\t\t\t<\/a>\n\t\t\t\t\t\t\t\n\t\t\t\t\t\t<\/div>\n\t\t\t\t\t<\/div>\n\t\t\t\t\t\t\t<\/div>\n\t\t\t\n<\/section>\n\n\n\n            <section class=\"row-with-separator container\">\n                            <div class=\"content\">\n                    <h3>Boka in demo<\/h3>\n                    <p>\n                        L\u00e5t oss visa dig redan i dag, hur du p\u00e5 b\u00e4sta m\u00f6jliga s\u00e4tt kan administrera dina nycklar och v\u00e4rdesaker.                    <\/p>\n                    <a class=\"button btn-link with-arrow\" href=\"\/sv\/demo\/\" target=>Boka nu<\/a>\n                <\/div>\n                            <div class=\"content\">\n                    <h3>Hitta din \u00e5terf\u00f6rs\u00e4ljare<\/h3>\n                    <p>\n                        S\u00f6k i kartan eller i s\u00f6kf\u00e4ltet f\u00f6r att hitta en \u00e5terf\u00f6rs\u00e4ljare. F\u00e5 hj\u00e4lp med ditt befintliga system eller med att v\u00e4lja r\u00e4tt l\u00f6sning.                    <\/p>\n                    <a class=\"button btn-link with-arrow\" href=\"\/sv\/hitta-aterforsaljare\/\" target=>Hitta nu<\/a>\n                <\/div>\n                    <\/section>\n    ","protected":false},"excerpt":{"rendered":"<p>Van Dijnsen&nbsp; En \u00f6kande m\u00e4ngd nycklar kr\u00e4ver en mer kontrollerad nyckelhantering Van Dijnsen \u00e4r ett nederl\u00e4ndskt f\u00f6retag som arbetar med installationer av elektricitet, mekanik och s\u00e4kerhet.<\/p>\n","protected":false},"author":2,"featured_media":0,"parent":3297,"menu_order":0,"comment_status":"closed","ping_status":"closed","template":"page-without-container.php","meta":{"_acf_changed":false,"content-type":"","footnotes":""},"class_list":["post-19706","page","type-page","status-publish","hentry"],"acf":[],"yoast_head":"<!-- This site is optimized with the Yoast SEO plugin v26.7 - https:\/\/yoast.com\/wordpress\/plugins\/seo\/ -->\n<title>Kontrollerad nyckelhantering | Van Dijnsen | Creone<\/title>\n<meta name=\"description\" content=\"Van Dijnsen, verksamma inom el- och s\u00e4kerhetsinstallationer, har f\u00f6rb\u00e4ttrat sin nyckelkontroll med Creones intelligenta nyckelhanteringssystem.\" \/>\n<meta name=\"robots\" content=\"index, follow, max-snippet:-1, max-image-preview:large, max-video-preview:-1\" \/>\n<link rel=\"canonical\" href=\"https:\/\/www.creone.com\/sv\/branschlosningar\/van-dijnsen\/\" \/>\n<meta property=\"og:locale\" content=\"sv_SE\" \/>\n<meta property=\"og:type\" content=\"article\" \/>\n<meta property=\"og:title\" content=\"Kontrollerad nyckelhantering | Van Dijnsen | Creone\" \/>\n<meta property=\"og:description\" content=\"Van Dijnsen, verksamma inom el- och s\u00e4kerhetsinstallationer, har f\u00f6rb\u00e4ttrat sin nyckelkontroll med Creones intelligenta nyckelhanteringssystem.\" \/>\n<meta property=\"og:url\" content=\"https:\/\/www.creone.com\/sv\/branschlosningar\/van-dijnsen\/\" \/>\n<meta property=\"og:site_name\" content=\"Creone\" \/>\n<meta property=\"article:modified_time\" content=\"2025-11-11T15:29:17+00:00\" \/>\n<meta name=\"twitter:card\" content=\"summary_large_image\" \/>\n<script type=\"application\/ld+json\" class=\"yoast-schema-graph\">{\"@context\":\"https:\/\/schema.org\",\"@graph\":[{\"@type\":\"WebPage\",\"@id\":\"https:\/\/www.creone.com\/sv\/branschlosningar\/van-dijnsen\/\",\"url\":\"https:\/\/www.creone.com\/sv\/branschlosningar\/van-dijnsen\/\",\"name\":\"Kontrollerad nyckelhantering | Van Dijnsen | Creone\",\"isPartOf\":{\"@id\":\"https:\/\/www.creone.com\/sv\/#website\"},\"datePublished\":\"2024-02-07T13:12:44+00:00\",\"dateModified\":\"2025-11-11T15:29:17+00:00\",\"description\":\"Van Dijnsen, verksamma inom el- och s\u00e4kerhetsinstallationer, har f\u00f6rb\u00e4ttrat sin nyckelkontroll med Creones intelligenta nyckelhanteringssystem.\",\"breadcrumb\":{\"@id\":\"https:\/\/www.creone.com\/sv\/branschlosningar\/van-dijnsen\/#breadcrumb\"},\"inLanguage\":\"sv-SE\",\"potentialAction\":[{\"@type\":\"ReadAction\",\"target\":[\"https:\/\/www.creone.com\/sv\/branschlosningar\/van-dijnsen\/\"]}]},{\"@type\":\"BreadcrumbList\",\"@id\":\"https:\/\/www.creone.com\/sv\/branschlosningar\/van-dijnsen\/#breadcrumb\",\"itemListElement\":[{\"@type\":\"ListItem\",\"position\":1,\"name\":\"Home\",\"item\":\"https:\/\/www.creone.com\/sv\/\"},{\"@type\":\"ListItem\",\"position\":2,\"name\":\"Branschl\u00f6sningar\",\"item\":\"https:\/\/www.creone.com\/sv\/branschlosningar\/\"},{\"@type\":\"ListItem\",\"position\":3,\"name\":\"Van Dijnsen\"}]},{\"@type\":\"WebSite\",\"@id\":\"https:\/\/www.creone.com\/sv\/#website\",\"url\":\"https:\/\/www.creone.com\/sv\/\",\"name\":\"Creone\",\"description\":\"En till WordPress-webbplats\",\"potentialAction\":[{\"@type\":\"SearchAction\",\"target\":{\"@type\":\"EntryPoint\",\"urlTemplate\":\"https:\/\/www.creone.com\/sv\/?s={search_term_string}\"},\"query-input\":{\"@type\":\"PropertyValueSpecification\",\"valueRequired\":true,\"valueName\":\"search_term_string\"}}],\"inLanguage\":\"sv-SE\"}]}<\/script>\n<!-- \/ Yoast SEO plugin. -->","yoast_head_json":{"title":"Kontrollerad nyckelhantering | Van Dijnsen | Creone","description":"Van Dijnsen, verksamma inom el- och s\u00e4kerhetsinstallationer, har f\u00f6rb\u00e4ttrat sin nyckelkontroll med Creones intelligenta nyckelhanteringssystem.","robots":{"index":"index","follow":"follow","max-snippet":"max-snippet:-1","max-image-preview":"max-image-preview:large","max-video-preview":"max-video-preview:-1"},"canonical":"https:\/\/www.creone.com\/sv\/branschlosningar\/van-dijnsen\/","og_locale":"sv_SE","og_type":"article","og_title":"Kontrollerad nyckelhantering | Van Dijnsen | Creone","og_description":"Van Dijnsen, verksamma inom el- och s\u00e4kerhetsinstallationer, har f\u00f6rb\u00e4ttrat sin nyckelkontroll med Creones intelligenta nyckelhanteringssystem.","og_url":"https:\/\/www.creone.com\/sv\/branschlosningar\/van-dijnsen\/","og_site_name":"Creone","article_modified_time":"2025-11-11T15:29:17+00:00","twitter_card":"summary_large_image","schema":{"@context":"https:\/\/schema.org","@graph":[{"@type":"WebPage","@id":"https:\/\/www.creone.com\/sv\/branschlosningar\/van-dijnsen\/","url":"https:\/\/www.creone.com\/sv\/branschlosningar\/van-dijnsen\/","name":"Kontrollerad nyckelhantering | Van Dijnsen | Creone","isPartOf":{"@id":"https:\/\/www.creone.com\/sv\/#website"},"datePublished":"2024-02-07T13:12:44+00:00","dateModified":"2025-11-11T15:29:17+00:00","description":"Van Dijnsen, verksamma inom el- och s\u00e4kerhetsinstallationer, har f\u00f6rb\u00e4ttrat sin nyckelkontroll med Creones intelligenta nyckelhanteringssystem.","breadcrumb":{"@id":"https:\/\/www.creone.com\/sv\/branschlosningar\/van-dijnsen\/#breadcrumb"},"inLanguage":"sv-SE","potentialAction":[{"@type":"ReadAction","target":["https:\/\/www.creone.com\/sv\/branschlosningar\/van-dijnsen\/"]}]},{"@type":"BreadcrumbList","@id":"https:\/\/www.creone.com\/sv\/branschlosningar\/van-dijnsen\/#breadcrumb","itemListElement":[{"@type":"ListItem","position":1,"name":"Home","item":"https:\/\/www.creone.com\/sv\/"},{"@type":"ListItem","position":2,"name":"Branschl\u00f6sningar","item":"https:\/\/www.creone.com\/sv\/branschlosningar\/"},{"@type":"ListItem","position":3,"name":"Van Dijnsen"}]},{"@type":"WebSite","@id":"https:\/\/www.creone.com\/sv\/#website","url":"https:\/\/www.creone.com\/sv\/","name":"Creone","description":"En till WordPress-webbplats","potentialAction":[{"@type":"SearchAction","target":{"@type":"EntryPoint","urlTemplate":"https:\/\/www.creone.com\/sv\/?s={search_term_string}"},"query-input":{"@type":"PropertyValueSpecification","valueRequired":true,"valueName":"search_term_string"}}],"inLanguage":"sv-SE"}]}},"_links":{"self":[{"href":"https:\/\/www.creone.com\/sv\/wp-json\/wp\/v2\/pages\/19706","targetHints":{"allow":["GET"]}}],"collection":[{"href":"https:\/\/www.creone.com\/sv\/wp-json\/wp\/v2\/pages"}],"about":[{"href":"https:\/\/www.creone.com\/sv\/wp-json\/wp\/v2\/types\/page"}],"author":[{"embeddable":true,"href":"https:\/\/www.creone.com\/sv\/wp-json\/wp\/v2\/users\/2"}],"replies":[{"embeddable":true,"href":"https:\/\/www.creone.com\/sv\/wp-json\/wp\/v2\/comments?post=19706"}],"version-history":[{"count":15,"href":"https:\/\/www.creone.com\/sv\/wp-json\/wp\/v2\/pages\/19706\/revisions"}],"predecessor-version":[{"id":22498,"href":"https:\/\/www.creone.com\/sv\/wp-json\/wp\/v2\/pages\/19706\/revisions\/22498"}],"up":[{"embeddable":true,"href":"https:\/\/www.creone.com\/sv\/wp-json\/wp\/v2\/pages\/3297"}],"wp:attachment":[{"href":"https:\/\/www.creone.com\/sv\/wp-json\/wp\/v2\/media?parent=19706"}],"curies":[{"name":"wp","href":"https:\/\/api.w.org\/{rel}","templated":true}]}}