{"id":195,"date":"2020-03-25T16:11:38","date_gmt":"2020-03-25T15:11:38","guid":{"rendered":"https:\/\/www.creone.com\/?page_id=195"},"modified":"2025-11-11T16:27:40","modified_gmt":"2025-11-11T15:27:40","slug":"park-inn-radisson","status":"publish","type":"page","link":"https:\/\/www.creone.com\/sv\/branschlosningar\/park-inn-radisson\/","title":{"rendered":"Park Inn Radisson"},"content":{"rendered":"\n    <style>\n        #header-image {\n            background-image: url(https:\/\/www.creone.com\/wp-content\/uploads\/2020\/04\/Parkinnradisson.jpg);\n        }\n\n        @media (-webkit-min-device-pixel-ratio: 2),\n        (min-resolution: 192dpi) {\n            #header-image {\n                background-image: url(https:\/\/www.creone.com\/wp-content\/uploads\/2020\/04\/Parkinnradisson.jpg);\n            }\n        }\n    <\/style>\n\n    <section\n        class=\"full-width-header-image \"\n        id=\"header-image\"\n        style=\"background-position: bottom\"><\/section>\n\n                    <div class=\"container-fluid bread-border\">\n            <div class=\"container\">\n                <div class=\"row\">\n                    <div class=\"col-12\">\n                        <p id=\"breadcrumbs\"><span><span><a href=\"https:\/\/www.creone.com\/sv\/\">Home<\/a><\/span><\/span><\/p>                    <\/div>\n                <\/div>\n            <\/div>\n        <\/div>\n        <style>\n            .full-width-header-image {\n                margin-bottom: 0rem !important;\n            }\n\n            .bread-border {\n                margin-bottom: 6rem;\n            }\n        <\/style>\n\n\n\n<h6 class=\"headline tight-container wp-block-heading\">Park Inn Radisson Central Tallin Hotel<\/h6>\n\n\n\n<h1 class=\"tight-container wp-block-heading\">Elektronisk nyckehantering h\u00e5ller koll p\u00e5 hotellokaler<\/h1>\n\n\n\n<p class=\"tight-container\">Familjehotellet Park Inn mitt i Tallin, har 245 rum, ett konferenscenter, restaurang och sk\u00f6nhetssalong. Den lugna innerg\u00e5rden p\u00e5 Park Inn Radisson Central Tallin Hotel bjuder g\u00e4sterna p\u00e5 en fridfull milj\u00f6 mitt i centrala Tallin.<\/p>\n\n\n\n    <section class=\"reference-content container\">\n        <div class=\"d-flex flex-wrap-reverse\">\n            <div class=\"sidebar\">\n                                    <div class=\"image mb-4\">\n                        <img decoding=\"async\"\n                            src=\"https:\/\/www.creone.com\/wp-content\/uploads\/2020\/04\/parkinn-logo.jpg\"\n                            srcset=\"https:\/\/www.creone.com\/wp-content\/uploads\/2020\/04\/parkinn-logo.jpg 1x, https:\/\/www.creone.com\/wp-content\/uploads\/2020\/04\/parkinn-logo.jpg 2x\"\n                            class=\"\" \/>\n                    <\/div>\n                                                    <div class=\"title head-font\">Park Inn Radisson<\/div>\n                \n                                    <p>Park Inn by Radisson \u00e4r en fr\u00e4sch och trevlig hotellkedja som erbjuder v\u00e4nlig och inbjudande g\u00e4stfrihet till ett konkurrenskraftigt pris.<\/p>\n                                <div class=\"mt-5\">\n                                    <\/div>\n            <\/div>\n            <div class=\"content\">\n                                    <h4>Personalintensivt med full koll<\/h4>\n<p>Med ett flertal olika administrativa funktioner f\u00f6r hotellets drift och ett stort antal olika lokaler kr\u00e4vs en uppsj\u00f6 av nycklar f\u00f6r att h\u00e5lla s\u00e4kerheten p\u00e5 en h\u00f6g niv\u00e5. Verksamheten \u00e4r liksom branschen i stort v\u00e4ldigt personalintensiv med m\u00e5nga hel- och deltidsskift d\u00e4r alla ska ha tillg\u00e5ng till de utrymmen som involveras i deras arbetsdag.<\/p>\n<p>&nbsp;<\/p>\n<h4>Helautomatisk nyckeladministration<\/h4>\n<p>F\u00f6r att f\u00e5 fullst\u00e4ndig kontroll p\u00e5 nyckelanv\u00e4ndning och f\u00f6r att kunna f\u00f6lja individuella nycklar har Park Inn by Radisson Central Tallinn l\u00e5tit installera Keycontrol 9500 SC intelligenta nyckelsk\u00e5p. P\u00e5 s\u00e5 s\u00e4tt har administrat\u00f6ren total kontroll \u00f6ver av vem och hur varje nyckel anv\u00e4nds i varje givet \u00f6gonblick.<\/p>\n<p>Keycontrol 9500SC \u00e4r utrustat med ett elektroniskt l\u00e5s med anv\u00e4ndarspecifik access. D\u00e5 en beh\u00f6rig anv\u00e4ndare l\u00e5st upp sk\u00e5pet och \u00f6ppnat d\u00f6rren m\u00f6ts denne av en tydlig v\u00e4gledning i form av display och dioder d\u00e4r gr\u00f6nt visar tillg\u00e5ng till nyckel\/nycklar och r\u00f6tt f\u00f6r nycklar anv\u00e4ndaren inte har tillg\u00e5ng. Administrat\u00f6ren har alltid full kontroll i realtid \u00f6ver vem som anv\u00e4nder en specifik nyckel. \u00c5terl\u00e4mnas inte nyckeln i nyckelsk\u00e5pet inom en f\u00f6rutbest\u00e4md tid, underr\u00e4ttas administrat\u00f6ren automatiskt.<\/p>\n                            <\/div>\n        <\/div>\n    <\/section>\n    <style>\n        .top-border {\n            border-top: 2px solid rgba(211, 211, 211, 0.5);\n            margin-bottom: 30px;\n        }\n    <\/style>\n\n\n        <div class=\"container-fluid bread-border\">\n            <div class=\"container\">\n                <div class=\"row\">\n                    <div class=\"col-12\">\n                                            <\/div>\n                <\/div>\n            <\/div>\n        <\/div>\n        <section class=\"full-width-form  \">\n        <div class=\"container d-flex flex-wrap\">\n            <div class=\"content\">\n                                    <h2 class=\"fade-in\">Boka en demo med v\u00e5ra s\u00e4ljare <\/h2>\n                                                    <p class=\"fade-in\">L\u00e5t oss visa dig redan i dag, hur du p\u00e5 b\u00e4sta m\u00f6jliga s\u00e4tt kan administrera dina nycklar och f\u00f6rvaring av saker.  <\/p>\n                                                    <img decoding=\"async\" src=\"https:\/\/www.creone.com\/wp-content\/uploads\/2020\/04\/KeyWin6screens_box_SE_outline-4-900x450.png\" alt=\"\" srcset=\"https:\/\/www.creone.com\/wp-content\/uploads\/2020\/04\/KeyWin6screens_box_SE_outline-4-900x450.png 1x, https:\/\/www.creone.com\/wp-content\/uploads\/2020\/04\/KeyWin6screens_box_SE_outline-4-1750x900.png 2x\" class=\"fade-in-up\">\n                            <\/div>\n\n            <div class=\"hubspot-form-container fade-in-left\">\n                                                    <script charset=\"utf-8\" type=\"text\/javascript\" src=\"\/\/js.hsforms.net\/forms\/shell.js\"><\/script> <script>   hbspt.forms.create({ \tportalId: \"6969693\", \tformId: \"16c53655-94f9-4306-9e84-6bde85e1c38b\" }); <\/script>                            <\/div>\n\n                    <\/div>\n    <\/section>\n\n\n\n\n<section class=\"cards-with-tab-nav container\">\n\n\t\t\t<h2 class=\"text-center text-blue\">Ditt flexibla nyckelhanteringssystem<\/h2>\n\t\n\t\t\t\n\t\t\t<div class=\"tabnav\">\n\t\t\t\t<ul>\n\t\t\t\t\t\t\t\t\t\t\t\t\t\t\t\t\t\t<li class=\"tab-item\" data-tab-content=nyckelsk\u00e5p><span>Nyckelsk\u00e5p<\/span><\/li>\n\t\t\t\t\t\t\t\t\t\t\t\t\t\t\t\t\t\t\t\t\t\t\t\t<li class=\"tab-item\" data-tab-content=nyckellister><span>Nyckellister<\/span><\/li>\n\t\t\t\t\t\t\t\t\t\t\t\t\t\t\t<\/ul>\n\t\t\t<\/div>\n\t\t\n\t\t\t\t\t<div class=\"tab-content card-section\" data-tab-content=\"nyckelsk\u00e5p\">\n\t\t\t\t\t\t\t\t\t<div class=\"card\">\n\t\t\t\t\t\t\t\t\t\t\t\t\t\t\t\t\t\t\t\t<img decoding=\"async\" class=\"card-img-top \" src=\"https:\/\/www.creone.com\/wp-content\/uploads\/2020\/03\/9700Keycontrol-open3-480x260.jpg\" alt=\"KeyBox smarta nyckelsk\u00e5p 9600SC brukas f\u00f6r nyckelhantering\">\n\t\t\t\t\t\t\n\t\t\t\t\t\t<div class=\"card-body text-align-left \">\n\t\t\t\t\t\t\t\t\t\t\t\t\t\t\t<img decoding=\"async\" src=\"https:\/\/www.creone.com\/wp-content\/uploads\/2020\/03\/keybox-logotyp.png\" alt=\"KeyBox logotyp f\u00f6r nyckelf\u00f6rvaring\">\n\t\t\t\t\t\t\t\n\t\t\t\t\t\t\t\t\t\t\t\t\t\t\t<span class=\"text-primary\">Keycontrol-serien<\/span>\n\t\t\t\t\t\t\t\n\t\t\t\t\t\t\t\n\t\t\t\t\t\t\t\t\t\t\t\t\t\t\t<p class=\"text-primary\">Det smarta systemet med elektronisk nyckelidentifiering. <\/p>\n\t\t\t\t\t\t\t\n\t\t\t\t\t\t\t\t\t\t\t\t\t\t\t\t\t\t\t\t\t\t\t<a href=\"\/sv\/produkter\/keybox\/keycontrol\/\" class=\"button btn-link with-arrow\" target=\"\">\n\t\t\t\t\t\t\t\t\tUtforska\t\t\t\t\t\t\t\t<\/a>\n\t\t\t\t\t\t\t\n\t\t\t\t\t\t<\/div>\n\t\t\t\t\t<\/div>\n\t\t\t\t\t\t\t\t\t<div class=\"card\">\n\t\t\t\t\t\t\t\t\t\t\t\t\t\t\t\t\t\t\t\t<img decoding=\"async\" class=\"card-img-top \" src=\"https:\/\/www.creone.com\/wp-content\/uploads\/2020\/03\/9001System-zoomed-480x260.jpg\" alt=\"KeyBox system nyckelutl\u00e4mningssk\u00e5p avsedda f\u00f6r nyckelhantering\">\n\t\t\t\t\t\t\n\t\t\t\t\t\t<div class=\"card-body text-align-left \">\n\t\t\t\t\t\t\t\t\t\t\t\t\t\t\t<img decoding=\"async\" src=\"https:\/\/www.creone.com\/wp-content\/uploads\/2020\/03\/keybox-logotyp.png\" alt=\"KeyBox logotyp f\u00f6r nyckelf\u00f6rvaring\">\n\t\t\t\t\t\t\t\n\t\t\t\t\t\t\t\t\t\t\t\t\t\t\t<span class=\"text-primary\">System-serien<\/span>\n\t\t\t\t\t\t\t\n\t\t\t\t\t\t\t\n\t\t\t\t\t\t\t\t\t\t\t\t\t\t\t<p class=\"text-primary\">Sparar samtliga h\u00e4ndelser f\u00f6r elektronisk nyckelutl\u00e4mning.<\/p>\n\t\t\t\t\t\t\t\n\t\t\t\t\t\t\t\t\t\t\t\t\t\t\t\t\t\t\t\t\t\t\t<a href=\"\/sv\/produkter\/keybox\/system\/\" class=\"button btn-link with-arrow\" target=\"\">\n\t\t\t\t\t\t\t\t\tUtforska\t\t\t\t\t\t\t\t<\/a>\n\t\t\t\t\t\t\t\n\t\t\t\t\t\t<\/div>\n\t\t\t\t\t<\/div>\n\t\t\t\t\t\t\t\t\t<div class=\"card\">\n\t\t\t\t\t\t\t\t\t\t\t\t\t\t\t\t\t\t\t\t<img decoding=\"async\" class=\"card-img-top \" src=\"https:\/\/www.creone.com\/wp-content\/uploads\/2020\/03\/9001Baisc-zoomed-480x260.jpg\" alt=\"KeyBox basic nyckelutl\u00e4mningssk\u00e5p avsedda f\u00f6r nyckelhantering\">\n\t\t\t\t\t\t\n\t\t\t\t\t\t<div class=\"card-body text-align-left \">\n\t\t\t\t\t\t\t\t\t\t\t\t\t\t\t<img decoding=\"async\" src=\"https:\/\/www.creone.com\/wp-content\/uploads\/2020\/03\/keybox-logotyp.png\" alt=\"KeyBox logotyp f\u00f6r nyckelf\u00f6rvaring\">\n\t\t\t\t\t\t\t\n\t\t\t\t\t\t\t\t\t\t\t\t\t\t\t<span class=\"text-primary\">Basic-serien<\/span>\n\t\t\t\t\t\t\t\n\t\t\t\t\t\t\t\n\t\t\t\t\t\t\t\t\t\t\t\t\t\t\t<p class=\"text-primary\">Enklaste l\u00f6sningen f\u00f6r elektronisk nyckelutl\u00e4mning.<\/p>\n\t\t\t\t\t\t\t\n\t\t\t\t\t\t\t\t\t\t\t\t\t\t\t\t\t\t\t\t\t\t\t<a href=\"\/sv\/produkter\/keybox\/basic\/\" class=\"button btn-link with-arrow\" target=\"\">\n\t\t\t\t\t\t\t\t\tUtforska\t\t\t\t\t\t\t\t<\/a>\n\t\t\t\t\t\t\t\n\t\t\t\t\t\t<\/div>\n\t\t\t\t\t<\/div>\n\t\t\t\t\t\t\t<\/div>\n\t\t\t\t\t<div class=\"tab-content card-section\" data-tab-content=\"nyckellister\">\n\t\t\t\t\t\t\t\t\t<div class=\"single-card\">\n\t\t\t\t\t\t\t\t\t\t\t\t\t\t\t\t\t\t\t\t<img decoding=\"async\" class=\"card-img-top \" src=\"https:\/\/www.creone.com\/wp-content\/uploads\/2020\/08\/keyrack_rfid_env.jpg\" alt=\"10 stycken intelligenta nyckelister med kontrollbox monterade p\u00e5 v\u00e4gg och nyckelsk\u00e5p f\u00f6r en unik nyckelhantering.\">\n\t\t\t\t\t\t\n\t\t\t\t\t\t<div class=\"card-body text-align-left \">\n\t\t\t\t\t\t\t\t\t\t\t\t\t\t\t<img decoding=\"async\" src=\"https:\/\/www.creone.com\/wp-content\/uploads\/2020\/03\/keyrack-logotyp.png\" alt=\"KeyRack logotyp f\u00f6r nyckellhantering\">\n\t\t\t\t\t\t\t\n\t\t\t\t\t\t\t\n\t\t\t\t\t\t\t\t\t\t\t\t\t\t\t<h3 class=\"text-blue\">Tillg\u00e4nglig och flexibel nyckelhantering<\/h3>\n\t\t\t\t\t\t\t\n\t\t\t\t\t\t\t\t\t\t\t\t\t\t\t<p class=\"text-primary\">Para dina nycklar med IntelliPin nyckeltapp och placera dem i KeyRack-systemets l\u00e5sbara\/ej l\u00e5sbara nyckellister direkt p\u00e5 v\u00e4gg eller i sk\u00e5p. Enklare blir det inte att s\u00e4kra \u00f6verblick och total kontroll p\u00e5 nyckelbest\u00e5ndet<\/p>\n\t\t\t\t\t\t\t\n\t\t\t\t\t\t\t\t\t\t\t\t\t\t\t\t\t\t\t\t\t\t\t<a href=\"\/sv\/produkter\/keyrack\/\" class=\"button btn-link with-arrow\" target=\"\">\n\t\t\t\t\t\t\t\t\tUtforska\t\t\t\t\t\t\t\t<\/a>\n\t\t\t\t\t\t\t\n\t\t\t\t\t\t<\/div>\n\t\t\t\t\t<\/div>\n\t\t\t\t\t\t\t<\/div>\n\t\t\t\n<\/section>\n\n\n\n            <section class=\"row-with-separator container\">\n                            <div class=\"content\">\n                    <h3>Boka in demo<\/h3>\n                    <p>\n                        L\u00e5t oss visa dig redan i dag, hur du p\u00e5 b\u00e4sta m\u00f6jliga s\u00e4tt kan administrera dina nycklar och v\u00e4rdesaker.                     <\/p>\n                    <a class=\"button btn-link with-arrow\" href=\"\/sv\/demo\/\" target=>Boka nu<\/a>\n                <\/div>\n                            <div class=\"content\">\n                    <h3>Hitta din \u00e5terf\u00f6rs\u00e4ljare<\/h3>\n                    <p>\n                        S\u00f6k i kartan eller i s\u00f6kf\u00e4ltet f\u00f6r att hitta en \u00e5terf\u00f6rs\u00e4ljare. F\u00e5 hj\u00e4lp med ditt befintliga system eller med att v\u00e4lja r\u00e4tt l\u00f6sning.                     <\/p>\n                    <a class=\"button btn-link with-arrow\" href=\"\/sv\/hitta-aterforsaljare\/\" target=>Hitta nu<\/a>\n                <\/div>\n                    <\/section>\n    ","protected":false},"excerpt":{"rendered":"<p>Park Inn Radisson Central Tallin Hotel Elektronisk nyckehantering h\u00e5ller koll p\u00e5 hotellokaler Familjehotellet Park Inn mitt i Tallin, har 245 rum, ett konferenscenter, restaurang och sk\u00f6nhetssalong. Den lugna innerg\u00e5rden p\u00e5 Park Inn Radisson Central Tallin Hotel bjuder g\u00e4sterna p\u00e5 en fridfull milj\u00f6 mitt i centrala Tallin.<\/p>\n","protected":false},"author":2,"featured_media":0,"parent":3297,"menu_order":0,"comment_status":"closed","ping_status":"closed","template":"page-without-container.php","meta":{"_acf_changed":false,"content-type":"","footnotes":""},"class_list":["post-195","page","type-page","status-publish","hentry"],"acf":[],"yoast_head":"<!-- This site is optimized with the Yoast SEO plugin v26.7 - https:\/\/yoast.com\/wordpress\/plugins\/seo\/ -->\n<title>Personalintensiv nyckelf\u00f6rvaring | Park Inn Radisson | Creone<\/title>\n<meta name=\"description\" content=\"Park Inn Radisson anv\u00e4nder sig av nyckelsk\u00e5p och har p\u00e5 s\u00e5 vis en helautomatisk nyckeladministration f\u00f6r sin personalintensiva verksamhet.\" \/>\n<meta name=\"robots\" content=\"index, follow, max-snippet:-1, max-image-preview:large, max-video-preview:-1\" \/>\n<link rel=\"canonical\" href=\"https:\/\/www.creone.com\/sv\/branschlosningar\/park-inn-radisson\/\" \/>\n<meta property=\"og:locale\" content=\"sv_SE\" \/>\n<meta property=\"og:type\" content=\"article\" \/>\n<meta property=\"og:title\" content=\"Personalintensiv nyckelf\u00f6rvaring | Park Inn Radisson | Creone\" \/>\n<meta property=\"og:description\" content=\"Park Inn Radisson anv\u00e4nder sig av nyckelsk\u00e5p och har p\u00e5 s\u00e5 vis en helautomatisk nyckeladministration f\u00f6r sin personalintensiva verksamhet.\" \/>\n<meta property=\"og:url\" content=\"https:\/\/www.creone.com\/sv\/branschlosningar\/park-inn-radisson\/\" \/>\n<meta property=\"og:site_name\" content=\"Creone\" \/>\n<meta property=\"article:modified_time\" content=\"2025-11-11T15:27:40+00:00\" \/>\n<meta name=\"twitter:card\" content=\"summary_large_image\" \/>\n<script type=\"application\/ld+json\" class=\"yoast-schema-graph\">{\"@context\":\"https:\/\/schema.org\",\"@graph\":[{\"@type\":\"WebPage\",\"@id\":\"https:\/\/www.creone.com\/sv\/branschlosningar\/park-inn-radisson\/\",\"url\":\"https:\/\/www.creone.com\/sv\/branschlosningar\/park-inn-radisson\/\",\"name\":\"Personalintensiv nyckelf\u00f6rvaring | Park Inn Radisson | Creone\",\"isPartOf\":{\"@id\":\"https:\/\/www.creone.com\/sv\/#website\"},\"datePublished\":\"2020-03-25T15:11:38+00:00\",\"dateModified\":\"2025-11-11T15:27:40+00:00\",\"description\":\"Park Inn Radisson anv\u00e4nder sig av nyckelsk\u00e5p och har p\u00e5 s\u00e5 vis en helautomatisk nyckeladministration f\u00f6r sin personalintensiva verksamhet.\",\"breadcrumb\":{\"@id\":\"https:\/\/www.creone.com\/sv\/branschlosningar\/park-inn-radisson\/#breadcrumb\"},\"inLanguage\":\"sv-SE\",\"potentialAction\":[{\"@type\":\"ReadAction\",\"target\":[\"https:\/\/www.creone.com\/sv\/branschlosningar\/park-inn-radisson\/\"]}]},{\"@type\":\"BreadcrumbList\",\"@id\":\"https:\/\/www.creone.com\/sv\/branschlosningar\/park-inn-radisson\/#breadcrumb\",\"itemListElement\":[{\"@type\":\"ListItem\",\"position\":1,\"name\":\"Home\",\"item\":\"https:\/\/www.creone.com\/sv\/\"},{\"@type\":\"ListItem\",\"position\":2,\"name\":\"Branschl\u00f6sningar\",\"item\":\"https:\/\/www.creone.com\/sv\/branschlosningar\/\"},{\"@type\":\"ListItem\",\"position\":3,\"name\":\"Park Inn Radisson\"}]},{\"@type\":\"WebSite\",\"@id\":\"https:\/\/www.creone.com\/sv\/#website\",\"url\":\"https:\/\/www.creone.com\/sv\/\",\"name\":\"Creone\",\"description\":\"En till WordPress-webbplats\",\"potentialAction\":[{\"@type\":\"SearchAction\",\"target\":{\"@type\":\"EntryPoint\",\"urlTemplate\":\"https:\/\/www.creone.com\/sv\/?s={search_term_string}\"},\"query-input\":{\"@type\":\"PropertyValueSpecification\",\"valueRequired\":true,\"valueName\":\"search_term_string\"}}],\"inLanguage\":\"sv-SE\"}]}<\/script>\n<!-- \/ Yoast SEO plugin. -->","yoast_head_json":{"title":"Personalintensiv nyckelf\u00f6rvaring | Park Inn Radisson | Creone","description":"Park Inn Radisson anv\u00e4nder sig av nyckelsk\u00e5p och har p\u00e5 s\u00e5 vis en helautomatisk nyckeladministration f\u00f6r sin personalintensiva verksamhet.","robots":{"index":"index","follow":"follow","max-snippet":"max-snippet:-1","max-image-preview":"max-image-preview:large","max-video-preview":"max-video-preview:-1"},"canonical":"https:\/\/www.creone.com\/sv\/branschlosningar\/park-inn-radisson\/","og_locale":"sv_SE","og_type":"article","og_title":"Personalintensiv nyckelf\u00f6rvaring | Park Inn Radisson | Creone","og_description":"Park Inn Radisson anv\u00e4nder sig av nyckelsk\u00e5p och har p\u00e5 s\u00e5 vis en helautomatisk nyckeladministration f\u00f6r sin personalintensiva verksamhet.","og_url":"https:\/\/www.creone.com\/sv\/branschlosningar\/park-inn-radisson\/","og_site_name":"Creone","article_modified_time":"2025-11-11T15:27:40+00:00","twitter_card":"summary_large_image","schema":{"@context":"https:\/\/schema.org","@graph":[{"@type":"WebPage","@id":"https:\/\/www.creone.com\/sv\/branschlosningar\/park-inn-radisson\/","url":"https:\/\/www.creone.com\/sv\/branschlosningar\/park-inn-radisson\/","name":"Personalintensiv nyckelf\u00f6rvaring | Park Inn Radisson | Creone","isPartOf":{"@id":"https:\/\/www.creone.com\/sv\/#website"},"datePublished":"2020-03-25T15:11:38+00:00","dateModified":"2025-11-11T15:27:40+00:00","description":"Park Inn Radisson anv\u00e4nder sig av nyckelsk\u00e5p och har p\u00e5 s\u00e5 vis en helautomatisk nyckeladministration f\u00f6r sin personalintensiva verksamhet.","breadcrumb":{"@id":"https:\/\/www.creone.com\/sv\/branschlosningar\/park-inn-radisson\/#breadcrumb"},"inLanguage":"sv-SE","potentialAction":[{"@type":"ReadAction","target":["https:\/\/www.creone.com\/sv\/branschlosningar\/park-inn-radisson\/"]}]},{"@type":"BreadcrumbList","@id":"https:\/\/www.creone.com\/sv\/branschlosningar\/park-inn-radisson\/#breadcrumb","itemListElement":[{"@type":"ListItem","position":1,"name":"Home","item":"https:\/\/www.creone.com\/sv\/"},{"@type":"ListItem","position":2,"name":"Branschl\u00f6sningar","item":"https:\/\/www.creone.com\/sv\/branschlosningar\/"},{"@type":"ListItem","position":3,"name":"Park Inn Radisson"}]},{"@type":"WebSite","@id":"https:\/\/www.creone.com\/sv\/#website","url":"https:\/\/www.creone.com\/sv\/","name":"Creone","description":"En till WordPress-webbplats","potentialAction":[{"@type":"SearchAction","target":{"@type":"EntryPoint","urlTemplate":"https:\/\/www.creone.com\/sv\/?s={search_term_string}"},"query-input":{"@type":"PropertyValueSpecification","valueRequired":true,"valueName":"search_term_string"}}],"inLanguage":"sv-SE"}]}},"_links":{"self":[{"href":"https:\/\/www.creone.com\/sv\/wp-json\/wp\/v2\/pages\/195","targetHints":{"allow":["GET"]}}],"collection":[{"href":"https:\/\/www.creone.com\/sv\/wp-json\/wp\/v2\/pages"}],"about":[{"href":"https:\/\/www.creone.com\/sv\/wp-json\/wp\/v2\/types\/page"}],"author":[{"embeddable":true,"href":"https:\/\/www.creone.com\/sv\/wp-json\/wp\/v2\/users\/2"}],"replies":[{"embeddable":true,"href":"https:\/\/www.creone.com\/sv\/wp-json\/wp\/v2\/comments?post=195"}],"version-history":[{"count":34,"href":"https:\/\/www.creone.com\/sv\/wp-json\/wp\/v2\/pages\/195\/revisions"}],"predecessor-version":[{"id":22485,"href":"https:\/\/www.creone.com\/sv\/wp-json\/wp\/v2\/pages\/195\/revisions\/22485"}],"up":[{"embeddable":true,"href":"https:\/\/www.creone.com\/sv\/wp-json\/wp\/v2\/pages\/3297"}],"wp:attachment":[{"href":"https:\/\/www.creone.com\/sv\/wp-json\/wp\/v2\/media?parent=195"}],"curies":[{"name":"wp","href":"https:\/\/api.w.org\/{rel}","templated":true}]}}