{"id":19237,"date":"2023-12-13T11:23:02","date_gmt":"2023-12-13T10:23:02","guid":{"rendered":"https:\/\/www.creone.com\/?page_id=19237"},"modified":"2025-11-13T13:38:16","modified_gmt":"2025-11-13T12:38:16","slug":"globalt-salj","status":"publish","type":"page","link":"https:\/\/www.creone.com\/sv\/karriar\/globalt-salj\/","title":{"rendered":"Globalt s\u00e4lj"},"content":{"rendered":"\n    <style>\n        #header-image {\n            background-image: url(https:\/\/www.creone.com\/wp-content\/uploads\/2023\/12\/iStock-1429125231-web2.jpg);\n        }\n\n        @media (-webkit-min-device-pixel-ratio: 2),\n        (min-resolution: 192dpi) {\n            #header-image {\n                background-image: url(https:\/\/www.creone.com\/wp-content\/uploads\/2023\/12\/iStock-1429125231-web2.jpg);\n            }\n        }\n    <\/style>\n\n    <section\n        class=\"full-width-header-image \"\n        id=\"header-image\"\n        style=\"background-position: top\"><\/section>\n\n                    <div class=\"container-fluid bread-border\">\n            <div class=\"container\">\n                <div class=\"row\">\n                    <div class=\"col-12\">\n                        <p id=\"breadcrumbs\"><span><span><a href=\"https:\/\/www.creone.com\/sv\/\">Home<\/a><\/span><\/span><\/p>                    <\/div>\n                <\/div>\n            <\/div>\n        <\/div>\n        <style>\n            .full-width-header-image {\n                margin-bottom: 0rem !important;\n            }\n\n            .bread-border {\n                margin-bottom: 6rem;\n            }\n        <\/style>\n\n\n\n<h1 class=\"tight-container wp-block-heading\">Globalt s\u00e4lj<\/h1>\n\n\n\n<p class=\"tight-container\">Creone finns representerade p\u00e5 sex kontinenter och i \u00f6ver&nbsp;femtio&nbsp;l\u00e4nder. Det globala s\u00e4ljteamets st\u00f6rsta utmaning, men ocks\u00e5 expertis, handlar om att f\u00f6rst\u00e5 och anpassa oss efter olika kulturer, marknader och samarbeten. Vi f\u00f6rst\u00e5r att skillnaden i tillv\u00e4gag\u00e5ngss\u00e4tt kan vara stor mellan l\u00e4nder som exempelvis Frankrike och Japan.&nbsp;<\/p>\n\n\n\n<p class=\"tight-container\">Att arbeta inom f\u00f6rs\u00e4ljning inneb\u00e4r hos oss att du f\u00e5r insikt i hela f\u00f6retaget. Du f\u00e5r samarbeta med hela organisationen f\u00f6r att p\u00e5 s\u00e5 s\u00e4tt hj\u00e4lpa v\u00e5ra lokala&nbsp;distribut\u00f6rer&nbsp;att n\u00e5 framg\u00e5ng i sin marknad. Vi arbetar med relationsbaserad f\u00f6rs\u00e4ljning d\u00e4r vi l\u00e5ngsiktigt bygger upp ett f\u00f6rtroende och l\u00e4r oss successivt vad vi beh\u00f6ver ge f\u00f6r typ av st\u00f6ttning till respektive partner.<\/p>\n\n\n\n<p class=\"tight-container\">S\u00e4ljteamet jobbar \u00e4ven med nyetablering, tillv\u00e4xt och f\u00f6rvaltning av v\u00e5r n\u00e4rvaro i l\u00e4nderna. Det g\u00f6rs genom att regelbundet planera s\u00e4lj och marknadsaktiviteter, utbildningar och l\u00e5ngsiktiga tillv\u00e4xtplaner inf\u00f6r kommande \u00e5r. Vi brukar \u00e4ven delta p\u00e5 nationella m\u00e4ssor, viktiga kundbes\u00f6k eller andra aktiviteter tillsammans med v\u00e5ra partners n\u00e4r s\u00e5 kr\u00e4vs.&nbsp;<\/p>\n\n\n\n<div style=\"height:20px\" aria-hidden=\"true\" class=\"wp-block-spacer\"><\/div>\n\n\n\n<h4 class=\"tight-container wp-block-heading\">Intresserad? <\/h4>\n\n\n\n<p class=\"tight-container\">\u00c4r du intresserad av att f\u00f6rst\u00e4rka v\u00e5rt s\u00e4ljteam? V\u00e4nligen skicka in din ans\u00f6kan till <a href=\"mailto:jobb@creone.com\">jobb@creone.com<\/a> <\/p>\n","protected":false},"excerpt":{"rendered":"<p>Globalt s\u00e4lj Creone finns representerade p\u00e5 sex kontinenter och i \u00f6ver&nbsp;femtio&nbsp;l\u00e4nder. Det globala s\u00e4ljteamets st\u00f6rsta utmaning, men ocks\u00e5 expertis, handlar om att f\u00f6rst\u00e5 och anpassa oss efter olika kulturer, marknader och samarbeten. Vi f\u00f6rst\u00e5r att skillnaden i tillv\u00e4gag\u00e5ngss\u00e4tt kan vara stor mellan l\u00e4nder som exempelvis Frankrike och Japan.&nbsp; Att arbeta inom f\u00f6rs\u00e4ljning inneb\u00e4r hos oss [&hellip;]<\/p>\n","protected":false},"author":2,"featured_media":0,"parent":19187,"menu_order":0,"comment_status":"closed","ping_status":"closed","template":"page-without-container.php","meta":{"_acf_changed":false,"content-type":"","footnotes":""},"class_list":["post-19237","page","type-page","status-publish","hentry"],"acf":[],"yoast_head":"<!-- This site is optimized with the Yoast SEO plugin v26.7 - https:\/\/yoast.com\/wordpress\/plugins\/seo\/ -->\n<title>Globalt s\u00e4lj | Creone<\/title>\n<meta name=\"robots\" content=\"index, follow, max-snippet:-1, max-image-preview:large, max-video-preview:-1\" \/>\n<link rel=\"canonical\" href=\"https:\/\/www.creone.com\/sv\/karriar\/globalt-salj\/\" \/>\n<meta property=\"og:locale\" content=\"sv_SE\" \/>\n<meta property=\"og:type\" content=\"article\" \/>\n<meta property=\"og:title\" content=\"Globalt s\u00e4lj | Creone\" \/>\n<meta property=\"og:description\" content=\"Globalt s\u00e4lj Creone finns representerade p\u00e5 sex kontinenter och i \u00f6ver&nbsp;femtio&nbsp;l\u00e4nder. Det globala s\u00e4ljteamets st\u00f6rsta utmaning, men ocks\u00e5 expertis, handlar om att f\u00f6rst\u00e5 och anpassa oss efter olika kulturer, marknader och samarbeten. Vi f\u00f6rst\u00e5r att skillnaden i tillv\u00e4gag\u00e5ngss\u00e4tt kan vara stor mellan l\u00e4nder som exempelvis Frankrike och Japan.&nbsp; Att arbeta inom f\u00f6rs\u00e4ljning inneb\u00e4r hos oss [&hellip;]\" \/>\n<meta property=\"og:url\" content=\"https:\/\/www.creone.com\/sv\/karriar\/globalt-salj\/\" \/>\n<meta property=\"og:site_name\" content=\"Creone\" \/>\n<meta property=\"article:modified_time\" content=\"2025-11-13T12:38:16+00:00\" \/>\n<meta name=\"twitter:card\" content=\"summary_large_image\" \/>\n<meta name=\"twitter:label1\" content=\"Ber\u00e4knad l\u00e4stid\" \/>\n\t<meta name=\"twitter:data1\" content=\"1 minut\" \/>\n<script type=\"application\/ld+json\" class=\"yoast-schema-graph\">{\"@context\":\"https:\/\/schema.org\",\"@graph\":[{\"@type\":\"WebPage\",\"@id\":\"https:\/\/www.creone.com\/sv\/karriar\/globalt-salj\/\",\"url\":\"https:\/\/www.creone.com\/sv\/karriar\/globalt-salj\/\",\"name\":\"Globalt s\u00e4lj | Creone\",\"isPartOf\":{\"@id\":\"https:\/\/www.creone.com\/sv\/#website\"},\"datePublished\":\"2023-12-13T10:23:02+00:00\",\"dateModified\":\"2025-11-13T12:38:16+00:00\",\"breadcrumb\":{\"@id\":\"https:\/\/www.creone.com\/sv\/karriar\/globalt-salj\/#breadcrumb\"},\"inLanguage\":\"sv-SE\",\"potentialAction\":[{\"@type\":\"ReadAction\",\"target\":[\"https:\/\/www.creone.com\/sv\/karriar\/globalt-salj\/\"]}]},{\"@type\":\"BreadcrumbList\",\"@id\":\"https:\/\/www.creone.com\/sv\/karriar\/globalt-salj\/#breadcrumb\",\"itemListElement\":[{\"@type\":\"ListItem\",\"position\":1,\"name\":\"Home\",\"item\":\"https:\/\/www.creone.com\/sv\/\"},{\"@type\":\"ListItem\",\"position\":2,\"name\":\"Karri\u00e4r\",\"item\":\"https:\/\/www.creone.com\/sv\/karriar\/\"},{\"@type\":\"ListItem\",\"position\":3,\"name\":\"Globalt s\u00e4lj\"}]},{\"@type\":\"WebSite\",\"@id\":\"https:\/\/www.creone.com\/sv\/#website\",\"url\":\"https:\/\/www.creone.com\/sv\/\",\"name\":\"Creone\",\"description\":\"En till WordPress-webbplats\",\"potentialAction\":[{\"@type\":\"SearchAction\",\"target\":{\"@type\":\"EntryPoint\",\"urlTemplate\":\"https:\/\/www.creone.com\/sv\/?s={search_term_string}\"},\"query-input\":{\"@type\":\"PropertyValueSpecification\",\"valueRequired\":true,\"valueName\":\"search_term_string\"}}],\"inLanguage\":\"sv-SE\"}]}<\/script>\n<!-- \/ Yoast SEO plugin. -->","yoast_head_json":{"title":"Globalt s\u00e4lj | Creone","robots":{"index":"index","follow":"follow","max-snippet":"max-snippet:-1","max-image-preview":"max-image-preview:large","max-video-preview":"max-video-preview:-1"},"canonical":"https:\/\/www.creone.com\/sv\/karriar\/globalt-salj\/","og_locale":"sv_SE","og_type":"article","og_title":"Globalt s\u00e4lj | Creone","og_description":"Globalt s\u00e4lj Creone finns representerade p\u00e5 sex kontinenter och i \u00f6ver&nbsp;femtio&nbsp;l\u00e4nder. Det globala s\u00e4ljteamets st\u00f6rsta utmaning, men ocks\u00e5 expertis, handlar om att f\u00f6rst\u00e5 och anpassa oss efter olika kulturer, marknader och samarbeten. Vi f\u00f6rst\u00e5r att skillnaden i tillv\u00e4gag\u00e5ngss\u00e4tt kan vara stor mellan l\u00e4nder som exempelvis Frankrike och Japan.&nbsp; Att arbeta inom f\u00f6rs\u00e4ljning inneb\u00e4r hos oss [&hellip;]","og_url":"https:\/\/www.creone.com\/sv\/karriar\/globalt-salj\/","og_site_name":"Creone","article_modified_time":"2025-11-13T12:38:16+00:00","twitter_card":"summary_large_image","twitter_misc":{"Ber\u00e4knad l\u00e4stid":"1 minut"},"schema":{"@context":"https:\/\/schema.org","@graph":[{"@type":"WebPage","@id":"https:\/\/www.creone.com\/sv\/karriar\/globalt-salj\/","url":"https:\/\/www.creone.com\/sv\/karriar\/globalt-salj\/","name":"Globalt s\u00e4lj | Creone","isPartOf":{"@id":"https:\/\/www.creone.com\/sv\/#website"},"datePublished":"2023-12-13T10:23:02+00:00","dateModified":"2025-11-13T12:38:16+00:00","breadcrumb":{"@id":"https:\/\/www.creone.com\/sv\/karriar\/globalt-salj\/#breadcrumb"},"inLanguage":"sv-SE","potentialAction":[{"@type":"ReadAction","target":["https:\/\/www.creone.com\/sv\/karriar\/globalt-salj\/"]}]},{"@type":"BreadcrumbList","@id":"https:\/\/www.creone.com\/sv\/karriar\/globalt-salj\/#breadcrumb","itemListElement":[{"@type":"ListItem","position":1,"name":"Home","item":"https:\/\/www.creone.com\/sv\/"},{"@type":"ListItem","position":2,"name":"Karri\u00e4r","item":"https:\/\/www.creone.com\/sv\/karriar\/"},{"@type":"ListItem","position":3,"name":"Globalt s\u00e4lj"}]},{"@type":"WebSite","@id":"https:\/\/www.creone.com\/sv\/#website","url":"https:\/\/www.creone.com\/sv\/","name":"Creone","description":"En till WordPress-webbplats","potentialAction":[{"@type":"SearchAction","target":{"@type":"EntryPoint","urlTemplate":"https:\/\/www.creone.com\/sv\/?s={search_term_string}"},"query-input":{"@type":"PropertyValueSpecification","valueRequired":true,"valueName":"search_term_string"}}],"inLanguage":"sv-SE"}]}},"_links":{"self":[{"href":"https:\/\/www.creone.com\/sv\/wp-json\/wp\/v2\/pages\/19237","targetHints":{"allow":["GET"]}}],"collection":[{"href":"https:\/\/www.creone.com\/sv\/wp-json\/wp\/v2\/pages"}],"about":[{"href":"https:\/\/www.creone.com\/sv\/wp-json\/wp\/v2\/types\/page"}],"author":[{"embeddable":true,"href":"https:\/\/www.creone.com\/sv\/wp-json\/wp\/v2\/users\/2"}],"replies":[{"embeddable":true,"href":"https:\/\/www.creone.com\/sv\/wp-json\/wp\/v2\/comments?post=19237"}],"version-history":[{"count":15,"href":"https:\/\/www.creone.com\/sv\/wp-json\/wp\/v2\/pages\/19237\/revisions"}],"predecessor-version":[{"id":22522,"href":"https:\/\/www.creone.com\/sv\/wp-json\/wp\/v2\/pages\/19237\/revisions\/22522"}],"up":[{"embeddable":true,"href":"https:\/\/www.creone.com\/sv\/wp-json\/wp\/v2\/pages\/19187"}],"wp:attachment":[{"href":"https:\/\/www.creone.com\/sv\/wp-json\/wp\/v2\/media?parent=19237"}],"curies":[{"name":"wp","href":"https:\/\/api.w.org\/{rel}","templated":true}]}}