{"id":8001,"date":"2020-08-04T09:32:20","date_gmt":"2020-08-04T07:32:20","guid":{"rendered":"https:\/\/www.creone.com\/?page_id=8001"},"modified":"2025-12-09T11:11:52","modified_gmt":"2025-12-09T10:11:52","slug":"keyrack","status":"publish","type":"page","link":"https:\/\/www.creone.com\/nl\/producten\/keyrack\/","title":{"rendered":"KeyRack"},"content":{"rendered":"\n    <section class=\"page-header-section page-header-slider-section \">\n\n        <div class=\"text-column\">\n\n            <div class=\"header-row\">\n                                    <img decoding=\"async\" src=\"https:\/\/www.creone.com\/wp-content\/uploads\/2020\/03\/keyrack-logotyp.png\" alt=\"KeyRack logo voor sleutelbeheer\" class=\"page-header-logo mb-2 fade-in\" \/>\n                \n                                    <p class=\"headline mb-3 fade-in\">Intelligente sleutelstrips<\/p>\n                            <\/div>\n\n                            <h1 class=\"text-blue fade-in\">Moeiteloos sleutelbeheer<\/h1>\n            \n                            <p class=\"text-primary mt-5 fade-in\">Koppel uw sleutels met de IntelliPin-sleutelhanger en plaats ze in de vergrendelbare\/niet-vergrendelbare sleutelstrips van het KeyRack-systeem rechtstreeks op de muur of in een kast. Een goed overzicht en de volledige controle over uw sleutels kan niet eenvoudiger. Met KeyRack kunt u uw intelligente sleutelopslag uitbreiden tot maximaal 66 strips met in totaal 924 unieke sleutelhaken per bedieningskast aangesloten op KeyWin. Maximaal overzicht direct op de muur of maximale zekerheid in een veiligheidskast \u2013 de keuze is aan u.<br \/>\r\n<\/p>\n            \n                            <div class=\"button-row fade-in\">\n                                                                    <a href=\"https:\/\/www.creone.com\/nl\/demo\/\" class=\"button btn-dark\">Boek een demo<\/a>\n                                                                    <a href=\"https:\/\/www.creone.com\/nl\/zoek-dealer\/\" class=\"button btn-link with-arrow\">Vind een dealer<\/a>\n                    \n                                    <\/div>\n            \n        <\/div>\n\n        \n            <div class=\"image-column slider-column\">\n\n                                    <div class=\"page-header-slider mb-2 wipe-in-down\">\n                                                    <div class=\"page-header-slide\">\n                                <a href=\"https:\/\/www.creone.com\/wp-content\/uploads\/2020\/08\/keyrack_closeup-1.jpg\">\n                                    <img decoding=\"async\" src=\"https:\/\/www.creone.com\/wp-content\/uploads\/2020\/08\/keyrack_closeup-1-2200x1437.jpg\" alt=\"Intelligente sleutellijsten met een control box en wandmontage voor sleutelbeheer.\" \/>\n                                <\/a>\n                            <\/div>\n                                                    <div class=\"page-header-slide\">\n                                <a href=\"https:\/\/www.creone.com\/wp-content\/uploads\/2020\/09\/keyrack-closeup-keylists-2.jpg\">\n                                    <img decoding=\"async\" src=\"https:\/\/www.creone.com\/wp-content\/uploads\/2020\/09\/keyrack-closeup-keylists-2.jpg\" alt=\"Close-up van creone keyrack sleutellijsten aan een wand gemonteerd voor sleutelbeheer.\" \/>\n                                <\/a>\n                            <\/div>\n                                                    <div class=\"page-header-slide\">\n                                <a href=\"https:\/\/www.creone.com\/wp-content\/uploads\/2020\/08\/keyrack_rfid_env.jpg\">\n                                    <img decoding=\"async\" src=\"https:\/\/www.creone.com\/wp-content\/uploads\/2020\/08\/keyrack_rfid_env-2200x1650.jpg\" alt=\"45 stycken intelligenta nyckelister med kontrollbox monterade p\u00e5 v\u00e4gg och nyckelsk\u00e5p f\u00f6r en unik nyckelhantering. \" \/>\n                                <\/a>\n                            <\/div>\n                                            <\/div>\n                \n                                    <div class=\"page-header-slider-nav fade-in\">\n                                                    <div class=\"page-header-slide-nav mr-2\">\n                                <div class=\"image-wrapper\">\n                                    <img decoding=\"async\" src=\"https:\/\/www.creone.com\/wp-content\/uploads\/2020\/08\/keyrack_closeup-1-800x523.jpg\" alt=\"Intelligente sleutellijsten met een control box en wandmontage voor sleutelbeheer.\" \/>\n                                <\/div>\n                            <\/div>\n                                                    <div class=\"page-header-slide-nav mr-2\">\n                                <div class=\"image-wrapper\">\n                                    <img decoding=\"async\" src=\"https:\/\/www.creone.com\/wp-content\/uploads\/2020\/09\/keyrack-closeup-keylists-2-800x520.jpg\" alt=\"Close-up van creone keyrack sleutellijsten aan een wand gemonteerd voor sleutelbeheer.\" \/>\n                                <\/div>\n                            <\/div>\n                                                    <div class=\"page-header-slide-nav mr-2\">\n                                <div class=\"image-wrapper\">\n                                    <img decoding=\"async\" src=\"https:\/\/www.creone.com\/wp-content\/uploads\/2020\/08\/keyrack_rfid_env-800x600.jpg\" alt=\"45 stycken intelligenta nyckelister med kontrollbox monterade p\u00e5 v\u00e4gg och nyckelsk\u00e5p f\u00f6r en unik nyckelhantering. \" \/>\n                                <\/div>\n                            <\/div>\n                                            <\/div>\n                \n            <\/div>\n        \n    <\/section>\n    <style>\n        .header-row {\n            display: flex;\n            align-items: center;\n            gap: 1rem;\n        }\n\n        .header-row img {\n            max-width: 165px !important;\n        }\n\n        .header-row p {\n            position: relative;\n            padding-left: 1rem;\n            margin-top: 5px;\n            \/* space for the divider *\/\n        }\n\n        .header-row p::before {\n            content: \"\";\n            position: absolute;\n            left: 0;\n            top: 0;\n            bottom: 0;\n            width: 2px;\n            background: #d3d3d3;\n            \/* divider color *\/\n        }\n    <\/style>\n\n\n\n    <section class=\"text-image-column-section image-left \">\n\n        <div class=\"text-column\">\n\n            \n                            <h2 class=\"text-blue fade-in\">Montage rechtstreeks aan de muur<\/h2>\n            \n                            <p class=\"text-primary fade-in\">Met een KeyRack sleutellijst rechtstreeks aan de muur hebt u gegarandeerd overzicht en snelle toegang tot elke afzonderlijke sleutel. U combineert vrij vergrendelbare\/niet-vergrendelbare lijsten en u kunt het systeem gemakkelijk uitbreiden indien nodig.<\/p>\n            \n            \n            \n            \n        <\/div>\n\n                    <div class=\"image-column fade-in-right\">\n                <img decoding=\"async\" src=\"https:\/\/www.creone.com\/wp-content\/uploads\/2020\/08\/keyrack_rfid_env.jpg\" alt=\"45 stycken intelligenta nyckelister med kontrollbox monterade p\u00e5 v\u00e4gg och nyckelsk\u00e5p f\u00f6r en unik nyckelhantering. \">\n            <\/div>\n        \n    <\/section>\n\n\n\n\n    <section class=\"text-image-column-section image-right \">\n\n        <div class=\"text-column\">\n\n            \n                            <h2 class=\"text-blue fade-in\">Eenvoudig te monteren in een geclassificeerde kast<\/h2>\n            \n                            <p class=\"text-primary fade-in\">Breid uw systeem uit met sleutellijsten in gekeurde kasten als dat nodig is en beveilig de sleutels tegen diefstal en brand. Eenvoudige montage, eenvoudig sleutelbeheer en maximaal overzicht op elke afzonderlijke sleutel.<\/p>\n            \n            \n            \n            \n        <\/div>\n\n                    <div class=\"image-column fade-in-left\">\n                <img decoding=\"async\" src=\"https:\/\/www.creone.com\/wp-content\/uploads\/2020\/04\/4_upd_shadow.jpg\" alt=\"Intelligente sleutellijsten met een control box in een veiligheidskast voor een uniek sleutelmanagement.\">\n            <\/div>\n        \n    <\/section>\n\n\n\n\n    <section class=\"text-image-column-section image-left \">\n\n        <div class=\"text-column\">\n\n            \n                            <h2 class=\"text-blue fade-in\">Persoonlijke code met display voor overzicht<\/h2>\n            \n                            <p class=\"text-primary fade-in\">KeyRack heeft een toetsenbord om een persoonlijke code te programmeren en in te voeren. Een duidelijk display zorgt voor een goed overzicht en menubeheer. Activeer het alarm, kijk wie een bepaalde sleutel heeft opgehaald, allemaal direct in het display. Met een batterij back-up hoeft u zich nooit zorgen te maken over de toegankelijkheid van de sleutelkast.<\/p>\n            \n            \n            \n            \n        <\/div>\n\n                    <div class=\"image-column fade-in-right\">\n                <img decoding=\"async\" src=\"https:\/\/www.creone.com\/wp-content\/uploads\/2020\/09\/keyrack_rfid_closeup_box-2.jpg\" alt=\"Intelligenta nyckelister som \u00e4r monterade p\u00e5 v\u00e4gg som ett alternativ till nyckelsk\u00e5p.\">\n            <\/div>\n        \n    <\/section>\n\n\n\n\n    <section class=\"text-image-column-section image-right \">\n\n        <div class=\"text-column\">\n\n            \n                            <h2 class=\"text-blue fade-in\">Vergrendelde en niet-vergrendelde sleutelhaken<\/h2>\n            \n                            <p class=\"text-primary fade-in\">IntelliPin is verkrijgbaar in twee uitvoeringen. Een niet-vergrendelbare hanger waarschuwt onmiddellijk wanneer de sleutel wordt weggehaald zonder een autorisatie via de KeyWin-software. Een vergrendelbare hanger gaat een stap verder en vergrendelt de sleutel\/hanger in de strip. \r\n<\/p>\n            \n            \n            \n            \n        <\/div>\n\n                    <div class=\"image-column fade-in-left\">\n                <img decoding=\"async\" src=\"https:\/\/www.creone.com\/wp-content\/uploads\/2020\/03\/key_clup300dpi.jpg\" alt=\"De IntelliPin-sleutelhanger geeft u de volledige controle over uw sleutelbeheer.\">\n            <\/div>\n        \n    <\/section>\n\n\n\n\n    <section class=\"text-image-column-section image-left \">\n\n        <div class=\"text-column\">\n\n            \n                            <h2 class=\"text-blue fade-in\">Kies het aantal sleutellijsten<\/h2>\n            \n                            <p class=\"text-primary fade-in\">U kunt kiezen uit vergrendelbare en niet vergrendelbare sleutellijsten of beide combineren. Dit is een kleine startinvestering om te kunnen groeien wanneer de behoefte aanwezig is.\r\n<\/p>\n            \n            \n            \n            \n        <\/div>\n\n                    <div class=\"image-column fade-in-right\">\n                <img decoding=\"async\" src=\"https:\/\/www.creone.com\/wp-content\/uploads\/2020\/09\/keyrack-closeup-keylists-2.jpg\" alt=\"Close-up van creone keyrack sleutellijsten aan een wand gemonteerd voor sleutelbeheer.\">\n            <\/div>\n        \n    <\/section>\n\n\n\n\n    <section class=\"text-image-column-section image-right \">\n\n        <div class=\"text-column\">\n\n            \n                            <h2 class=\"text-blue fade-in\">Intelligente sleutelhanger<\/h2>\n            \n                            <p class=\"text-primary fade-in\">Hoewel de IntelliPin zelf niet intelligent is, zorgt de unieke identiteit van elke hanger ervoor dat de hanger samen met KeyWin alle gebeurtenissen registreert. U kunt gemakkelijk achterhalen wie welke sleutel heeft gehad en wanneer.<\/p>\n            \n            \n            \n            \n        <\/div>\n\n                    <div class=\"image-column fade-in-left\">\n                <img decoding=\"async\" src=\"https:\/\/www.creone.com\/wp-content\/uploads\/2020\/03\/Intellipin.jpg\" alt=\"De IntelliPin vergrendelbare sleutelhanger geeft direct een alarm wanneer een sleutel uit de sleutelkast wordt gehaald.\">\n            <\/div>\n        \n    <\/section>\n\n\n\n\n    <section class=\"text-image-column-section image-left \">\n\n        <div class=\"text-column\">\n\n            \n                            <h2 class=\"text-blue fade-in\">Sluit een kaartlezer, RFID of alcoholslot aan<\/h2>\n            \n                            <p class=\"text-primary fade-in\">Het KeyRack-systeem kan eenvoudig worden aangesloten op een extern apparaat, zoals een kaartlezer, RFID-lezer of alcoholslot voor extra veiligheid. De mogelijkheid om een alcoholslot te combineren met onze systemen betekent dat personen onder invloed van alcohol geen toegang hebben tot het systeem en dus niet bij hun sleutels kunnen komen. Op deze manier weet u zeker dat niemand achter het stuur plaatsneemt onder invloed van alcohol.<\/p>\n            \n            \n            \n            \n        <\/div>\n\n                    <div class=\"image-column fade-in-right\">\n                <img decoding=\"async\" src=\"https:\/\/www.creone.com\/wp-content\/uploads\/2020\/08\/keyrack_closeup.jpg\" alt=\"Intelligente sleutellijsten met een control box en wandmontage voor een unieke sleutelmanagementoplossing.\">\n            <\/div>\n        \n    <\/section>\n\n\n\n\n    <section class=\"text-image-column-section image-right \">\n\n        <div class=\"text-column\">\n\n                            <img decoding=\"async\" class=\"text-column-logotype fade-in\" src=\"https:\/\/www.creone.com\/wp-content\/uploads\/2025\/11\/keywin6-logotyp.png\" alt=\"KeyWin logo sleutelmanagementprogramma ontworpen om sleutelkasten te beheren\" \/>\n            \n                            <h2 class=\"text-blue fade-in\">Volledige controle. Gebruiksvriendelijk. Eenvoudig beheer.<\/h2>\n            \n                            <p class=\"text-primary fade-in\">KeyWin is de software die uw dagelijkse leven vereenvoudigt op een flexibele en ordelijke manier. U krijgt controle en kunt zowel het sleutelbeheer als de opslag van waardevolle spullen regelen. KeyWin is overzichtelijk en zeer eenvoudig te beheren. Alle gebeurtenissen worden geregistreerd en opgeslagen in KeyWin.<\/p>\n            \n            \n            \n                            <a href=\"\/nl\/producten\/keywin\/keywin6\/\" class=\"button btn-link with-arrow fade-in\" title=\"Ontdek\" target=\"\">\n                    Ontdek                <\/a>\n            \n        <\/div>\n\n                    <div class=\"image-column fade-in-left\">\n                <img decoding=\"async\" src=\"https:\/\/www.creone.com\/wp-content\/uploads\/2022\/03\/Keywin6_desktop.jpg\" alt=\"KeyWin is een sleutelmanagementprogramma.\">\n            <\/div>\n        \n    <\/section>\n\n\n\n\n    <section class=\"text-image-column-section image-left \">\n\n        <div class=\"text-column\">\n\n            \n                            <h2 class=\"text-blue fade-in\">Integreren met uw andere toegangscontrolesystemen<\/h2>\n            \n                            <p class=\"text-primary fade-in\">Het beheer van verschillende systemen impliceert vaak niet alleen dubbel werk, maar ook het risico op fouten. KeyWin kan in plaats daarvan worden ge\u00efntegreerd in overkoepelende bestaande systemen zoals toegangscontrole, alarmunits, autoverhuursystemen, hotelsystemen enzovoort.<\/p>\n            \n                            <ul class=\"fade-in\">\n                                            <li class=\"text-primary\">Vereenvoudig uw dagelijkse administratie<\/li>\n                                            <li class=\"text-primary\">Kant-en-klare API om zelf in te regelen<\/li>\n                                            <li class=\"text-primary\">Kant-en-klare integraties in uw bestaande systeem<\/li>\n                                    <\/ul>\n            \n                            <div class=\"logotype-wrapper fade-in\">\n                                            <div class=\"logotype\">\n                            <img decoding=\"async\" src=\"https:\/\/www.creone.com\/wp-content\/uploads\/2020\/03\/systemplattformar-arx-1.png\" alt=\"Integratie voor sleutelbeheer met verschillende toegangscontrolesystemen\" \/>\n                        <\/div>\n                                            <div class=\"logotype\">\n                            <img decoding=\"async\" src=\"https:\/\/www.creone.com\/wp-content\/uploads\/2020\/08\/gallagher-logo.jpg\" alt=\"Integratie met het sleutelmanagementprogramma KeyWin en het beveiligingsplatform Command Centre\" \/>\n                        <\/div>\n                                    <\/div>\n            \n                            <a href=\"\/nl\/producten\/keywin\/integratie\/\" class=\"button btn-link with-arrow fade-in\" title=\"Ontdek\" target=\"\">\n                    Ontdek                <\/a>\n            \n        <\/div>\n\n                    <div class=\"image-column fade-in-right\">\n                <img decoding=\"async\" src=\"https:\/\/www.creone.com\/wp-content\/uploads\/2020\/03\/KeyWin6screens_box_SE_outline-1.jpg\" alt=\"Integratie voor sleutelbeheer met toegangscontrolesystemen\">\n            <\/div>\n        \n    <\/section>\n\n\n\n            <section class=\"row-with-separator \">\n                            <div class=\"content\">\n                    <h3>Boek een demo<\/h3>\n                    <p>\n                        We laten u graag vandaag nog zien hoe u uw sleutels en waardevolle spullen het beste kunt beheren.                     <\/p>\n                    <a class=\"button btn-link with-arrow\" href=\"\/nl\/demo\/\" target=>Boek nu<\/a>\n                <\/div>\n                            <div class=\"content\">\n                    <h3>Vind een dealer<\/h3>\n                    <p>\n                        Zoek op de kaart of gebruik de zoekbalk om een dealer te vinden. Krijg hulp met uw bestaande systeem of bij het kiezen van de juiste oplossing.                     <\/p>\n                    <a class=\"button btn-link with-arrow\" href=\"\/nl\/zoek-dealer\/\" target=>Zoek nu<\/a>\n                <\/div>\n                    <\/section>\n    ","protected":false},"excerpt":{"rendered":"","protected":false},"author":2,"featured_media":0,"parent":10233,"menu_order":2,"comment_status":"closed","ping_status":"closed","template":"","meta":{"_acf_changed":false,"content-type":"","footnotes":""},"class_list":["post-8001","page","type-page","status-publish","hentry"],"acf":[],"yoast_head":"<!-- This site is optimized with the Yoast SEO plugin v26.7 - https:\/\/yoast.com\/wordpress\/plugins\/seo\/ -->\n<title>Smart sleutelbeheer voor wandmontage | KeyRack | Creone<\/title>\n<meta name=\"description\" content=\"Onze intelligente sleutelstrips KeyRack bieden een eenvoudige en flexibele oplossing voor sleutelmanagement en sleutelbeheer in elke omgeving.\" \/>\n<meta name=\"robots\" content=\"index, follow, max-snippet:-1, max-image-preview:large, max-video-preview:-1\" \/>\n<link rel=\"canonical\" href=\"https:\/\/www.creone.com\/nl\/producten\/keyrack\/\" \/>\n<meta property=\"og:locale\" content=\"nl_NL\" \/>\n<meta property=\"og:type\" content=\"article\" \/>\n<meta property=\"og:title\" content=\"Smart sleutelbeheer voor wandmontage | KeyRack | Creone\" \/>\n<meta property=\"og:description\" content=\"Onze intelligente sleutelstrips KeyRack bieden een eenvoudige en flexibele oplossing voor sleutelmanagement en sleutelbeheer in elke omgeving.\" \/>\n<meta property=\"og:url\" content=\"https:\/\/www.creone.com\/nl\/producten\/keyrack\/\" \/>\n<meta property=\"og:site_name\" content=\"Creone\" \/>\n<meta property=\"article:modified_time\" content=\"2025-12-09T10:11:52+00:00\" \/>\n<meta name=\"twitter:card\" content=\"summary_large_image\" \/>\n<script type=\"application\/ld+json\" class=\"yoast-schema-graph\">{\"@context\":\"https:\/\/schema.org\",\"@graph\":[{\"@type\":\"WebPage\",\"@id\":\"https:\/\/www.creone.com\/nl\/producten\/keyrack\/\",\"url\":\"https:\/\/www.creone.com\/nl\/producten\/keyrack\/\",\"name\":\"Smart sleutelbeheer voor wandmontage | KeyRack | Creone\",\"isPartOf\":{\"@id\":\"https:\/\/www.creone.com\/nl\/#website\"},\"datePublished\":\"2020-08-04T07:32:20+00:00\",\"dateModified\":\"2025-12-09T10:11:52+00:00\",\"description\":\"Onze intelligente sleutelstrips KeyRack bieden een eenvoudige en flexibele oplossing voor sleutelmanagement en sleutelbeheer in elke omgeving.\",\"breadcrumb\":{\"@id\":\"https:\/\/www.creone.com\/nl\/producten\/keyrack\/#breadcrumb\"},\"inLanguage\":\"nl-NL\",\"potentialAction\":[{\"@type\":\"ReadAction\",\"target\":[\"https:\/\/www.creone.com\/nl\/producten\/keyrack\/\"]}]},{\"@type\":\"BreadcrumbList\",\"@id\":\"https:\/\/www.creone.com\/nl\/producten\/keyrack\/#breadcrumb\",\"itemListElement\":[{\"@type\":\"ListItem\",\"position\":1,\"name\":\"Home\",\"item\":\"https:\/\/www.creone.com\/nl\/\"},{\"@type\":\"ListItem\",\"position\":2,\"name\":\"Producten\",\"item\":\"https:\/\/www.creone.com\/nl\/producten\/\"},{\"@type\":\"ListItem\",\"position\":3,\"name\":\"KeyRack\"}]},{\"@type\":\"WebSite\",\"@id\":\"https:\/\/www.creone.com\/nl\/#website\",\"url\":\"https:\/\/www.creone.com\/nl\/\",\"name\":\"Creone\",\"description\":\"En till WordPress-webbplats\",\"potentialAction\":[{\"@type\":\"SearchAction\",\"target\":{\"@type\":\"EntryPoint\",\"urlTemplate\":\"https:\/\/www.creone.com\/nl\/?s={search_term_string}\"},\"query-input\":{\"@type\":\"PropertyValueSpecification\",\"valueRequired\":true,\"valueName\":\"search_term_string\"}}],\"inLanguage\":\"nl-NL\"}]}<\/script>\n<!-- \/ Yoast SEO plugin. -->","yoast_head_json":{"title":"Smart sleutelbeheer voor wandmontage | KeyRack | Creone","description":"Onze intelligente sleutelstrips KeyRack bieden een eenvoudige en flexibele oplossing voor sleutelmanagement en sleutelbeheer in elke omgeving.","robots":{"index":"index","follow":"follow","max-snippet":"max-snippet:-1","max-image-preview":"max-image-preview:large","max-video-preview":"max-video-preview:-1"},"canonical":"https:\/\/www.creone.com\/nl\/producten\/keyrack\/","og_locale":"nl_NL","og_type":"article","og_title":"Smart sleutelbeheer voor wandmontage | KeyRack | Creone","og_description":"Onze intelligente sleutelstrips KeyRack bieden een eenvoudige en flexibele oplossing voor sleutelmanagement en sleutelbeheer in elke omgeving.","og_url":"https:\/\/www.creone.com\/nl\/producten\/keyrack\/","og_site_name":"Creone","article_modified_time":"2025-12-09T10:11:52+00:00","twitter_card":"summary_large_image","schema":{"@context":"https:\/\/schema.org","@graph":[{"@type":"WebPage","@id":"https:\/\/www.creone.com\/nl\/producten\/keyrack\/","url":"https:\/\/www.creone.com\/nl\/producten\/keyrack\/","name":"Smart sleutelbeheer voor wandmontage | KeyRack | Creone","isPartOf":{"@id":"https:\/\/www.creone.com\/nl\/#website"},"datePublished":"2020-08-04T07:32:20+00:00","dateModified":"2025-12-09T10:11:52+00:00","description":"Onze intelligente sleutelstrips KeyRack bieden een eenvoudige en flexibele oplossing voor sleutelmanagement en sleutelbeheer in elke omgeving.","breadcrumb":{"@id":"https:\/\/www.creone.com\/nl\/producten\/keyrack\/#breadcrumb"},"inLanguage":"nl-NL","potentialAction":[{"@type":"ReadAction","target":["https:\/\/www.creone.com\/nl\/producten\/keyrack\/"]}]},{"@type":"BreadcrumbList","@id":"https:\/\/www.creone.com\/nl\/producten\/keyrack\/#breadcrumb","itemListElement":[{"@type":"ListItem","position":1,"name":"Home","item":"https:\/\/www.creone.com\/nl\/"},{"@type":"ListItem","position":2,"name":"Producten","item":"https:\/\/www.creone.com\/nl\/producten\/"},{"@type":"ListItem","position":3,"name":"KeyRack"}]},{"@type":"WebSite","@id":"https:\/\/www.creone.com\/nl\/#website","url":"https:\/\/www.creone.com\/nl\/","name":"Creone","description":"En till WordPress-webbplats","potentialAction":[{"@type":"SearchAction","target":{"@type":"EntryPoint","urlTemplate":"https:\/\/www.creone.com\/nl\/?s={search_term_string}"},"query-input":{"@type":"PropertyValueSpecification","valueRequired":true,"valueName":"search_term_string"}}],"inLanguage":"nl-NL"}]}},"_links":{"self":[{"href":"https:\/\/www.creone.com\/nl\/wp-json\/wp\/v2\/pages\/8001","targetHints":{"allow":["GET"]}}],"collection":[{"href":"https:\/\/www.creone.com\/nl\/wp-json\/wp\/v2\/pages"}],"about":[{"href":"https:\/\/www.creone.com\/nl\/wp-json\/wp\/v2\/types\/page"}],"author":[{"embeddable":true,"href":"https:\/\/www.creone.com\/nl\/wp-json\/wp\/v2\/users\/2"}],"replies":[{"embeddable":true,"href":"https:\/\/www.creone.com\/nl\/wp-json\/wp\/v2\/comments?post=8001"}],"version-history":[{"count":17,"href":"https:\/\/www.creone.com\/nl\/wp-json\/wp\/v2\/pages\/8001\/revisions"}],"predecessor-version":[{"id":23183,"href":"https:\/\/www.creone.com\/nl\/wp-json\/wp\/v2\/pages\/8001\/revisions\/23183"}],"up":[{"embeddable":true,"href":"https:\/\/www.creone.com\/nl\/wp-json\/wp\/v2\/pages\/10233"}],"wp:attachment":[{"href":"https:\/\/www.creone.com\/nl\/wp-json\/wp\/v2\/media?parent=8001"}],"curies":[{"name":"wp","href":"https:\/\/api.w.org\/{rel}","templated":true}]}}