{"id":7090,"date":"2020-07-20T12:45:45","date_gmt":"2020-07-20T10:45:45","guid":{"rendered":"https:\/\/www.creone.com\/?page_id=7090"},"modified":"2021-02-03T10:30:04","modified_gmt":"2021-02-03T09:30:04","slug":"skobes-bil","status":"publish","type":"page","link":"https:\/\/www.creone.com\/nl\/branche-oplossingen\/skobes-bil\/","title":{"rendered":"Skobes bil"},"content":{"rendered":"\n    <style>\n        #header-image {\n            background-image: url(https:\/\/www.creone.com\/wp-content\/uploads\/2020\/04\/dji_0081-scaled.jpg);\n        }\n\n        @media (-webkit-min-device-pixel-ratio: 2),\n        (min-resolution: 192dpi) {\n            #header-image {\n                background-image: url(https:\/\/www.creone.com\/wp-content\/uploads\/2020\/04\/dji_0081-scaled.jpg);\n            }\n        }\n    <\/style>\n\n    <section\n        class=\"full-width-header-image \"\n        id=\"header-image\"\n        style=\"background-position: center\"><\/section>\n\n                    <div class=\"container-fluid bread-border\">\n            <div class=\"container\">\n                <div class=\"row\">\n                    <div class=\"col-12\">\n                        <p id=\"breadcrumbs\"><span><span><a href=\"https:\/\/www.creone.com\/nl\/\">Home<\/a><\/span><\/span><\/p>                    <\/div>\n                <\/div>\n            <\/div>\n        <\/div>\n        <style>\n            .full-width-header-image {\n                margin-bottom: 0rem !important;\n            }\n\n            .bread-border {\n                margin-bottom: 6rem;\n            }\n        <\/style>\n\n\n\n<h6 class=\"headline tight-container wp-block-heading\">Skobes Bil<\/h6>\n\n\n\n<h1 class=\"tight-container wp-block-heading\">Praktisch en veilig bij Skobes Bil in Tran\u00e5s<\/h1>\n\n\n\n<p class=\"tight-container\">Skobes Bil in Tran\u00e5s hanteert dagelijks de sleutels van nieuwe auto&#8217;s, gebruikte auto&#8217;s en auto&#8217;s die voor service binnenkomen. In totaal gaat het om ongeveer 200 sleutels. Door te kiezen voor de Keybox sleutelkast heeft men een veilige manier gevonden om de sleutels van het bedrijf en van klanten te beheren.<\/p>\n\n\n\n    <section class=\"reference-content container\">\n        <div class=\"d-flex flex-wrap-reverse\">\n            <div class=\"sidebar\">\n                                    <div class=\"image mb-4\">\n                        <img decoding=\"async\"\n                            src=\"https:\/\/www.creone.com\/wp-content\/uploads\/2020\/04\/skobes-logo.jpg\"\n                            srcset=\"https:\/\/www.creone.com\/wp-content\/uploads\/2020\/04\/skobes-logo.jpg 1x, https:\/\/www.creone.com\/wp-content\/uploads\/2020\/04\/skobes-logo.jpg 2x\"\n                            class=\"\" \/>\n                    <\/div>\n                                                    <div class=\"title head-font\">Skobes bil<\/div>\n                \n                                    <p>Skobes is een familiebedrijf dat werd opgericht in 1886 in Tran\u00e5s en dat sinds 1920 auto\u00b4s verkoopt. Ze zijn momenteel te vinden op 11 locaties in Zweden<\/p>\n                                <div class=\"mt-5\">\n                                    <\/div>\n            <\/div>\n            <div class=\"content\">\n                                    <h4>De sleutels in de auto\u00b4s<\/h4>\n<p>&#8220;Echt heel lang geleden zaten de sleutels in de auto&#8217;s,&#8221; zegt Niklas Johansson, directeur van Skobes in Tran\u00e5s. Vervolgens hebben de sleutels van de werkplaats in plastic mappen gelegen en de sleutels van de auto&#8217;s voor de verkoop lagen op het kantoor van de verkopers. Geen oplossing heeft echt goed en veilig gevoeld.<\/p>\n<p>&nbsp;<\/p>\n<h4>Veilig en zeker met KeyBox<\/h4>\n<p>Sinds enkele jaren gebruikt men nu Keybox. Je hebt een goed systeem voor je sleutelmanagement en we hebben tegenwoordig een paar sleutelkasten in de werkplaats en een paar in de showroom. Alle medewerkers hebben hun eigen code en je hebt alle sleutels onder controle.<\/p>\n<p>&#8220;We zijn enorm tevreden,&#8221; zegt Niklas, die onlangs nog een paar sleutelkasten heeft gekocht om de bestaande aan te vullen. Keybox is stabiel en betrouwbaar. Het valt op dat de sleutelkasten van goede kwaliteit zijn en we hebben een goed sleutelmanagementsysteem. Dat voelt zeker en veilig.<\/p>\n                            <\/div>\n        <\/div>\n    <\/section>\n    <style>\n        .top-border {\n            border-top: 2px solid rgba(211, 211, 211, 0.5);\n            margin-bottom: 30px;\n        }\n    <\/style>\n\n\n        <div class=\"container-fluid bread-border\">\n            <div class=\"container\">\n                <div class=\"row\">\n                    <div class=\"col-12\">\n                                            <\/div>\n                <\/div>\n            <\/div>\n        <\/div>\n        <section class=\"full-width-form  \">\n        <div class=\"container d-flex flex-wrap\">\n            <div class=\"content\">\n                                    <h2 class=\"fade-in\">Boek een demo met onze verkopers <\/h2>\n                                                    <p class=\"fade-in\">Graag willen we u vandaag nog laten zien hoe u uw sleutels en waardevolle spullen het beste kunt beheren.  <\/p>\n                                                    <img decoding=\"async\" src=\"https:\/\/www.creone.com\/wp-content\/uploads\/2020\/04\/KeyWin6screens_box_SE_outline-4-900x450.png\" alt=\"\" srcset=\"https:\/\/www.creone.com\/wp-content\/uploads\/2020\/04\/KeyWin6screens_box_SE_outline-4-900x450.png 1x, https:\/\/www.creone.com\/wp-content\/uploads\/2020\/04\/KeyWin6screens_box_SE_outline-4-1750x900.png 2x\" class=\"fade-in-up\">\n                            <\/div>\n\n            <div class=\"hubspot-form-container fade-in-left\">\n                                                    <script charset=\"utf-8\" type=\"text\/javascript\" src=\"\/\/js.hsforms.net\/forms\/shell.js\"><\/script> <script>   hbspt.forms.create({ \tportalId: \"6969693\", \tformId: \"617d6d44-41bb-494e-93ea-7a085a028adc\" }); <\/script>                            <\/div>\n\n                    <\/div>\n    <\/section>\n\n\n\n\n<section class=\"cards-with-tab-nav container\">\n\n\t\t\t<h2 class=\"text-center text-blue\">Uw flexibele sleutelmanagementsysteem<\/h2>\n\t\n\t\t\t\n\t\t\t<div class=\"tabnav\">\n\t\t\t\t<ul>\n\t\t\t\t\t\t\t\t\t\t\t\t\t\t\t\t\t\t<li class=\"tab-item\" data-tab-content=sleutelkast><span>Sleutelkast<\/span><\/li>\n\t\t\t\t\t\t\t\t\t\t\t\t\t\t\t\t\t\t\t\t\t\t\t\t<li class=\"tab-item\" data-tab-content=sleutellijsten><span>Sleutellijsten<\/span><\/li>\n\t\t\t\t\t\t\t\t\t\t\t\t\t\t\t<\/ul>\n\t\t\t<\/div>\n\t\t\n\t\t\t\t\t<div class=\"tab-content card-section\" data-tab-content=\"sleutelkast\">\n\t\t\t\t\t\t\t\t\t<div class=\"card\">\n\t\t\t\t\t\t\t\t\t\t\t\t\t\t\t\t\t\t\t\t<img decoding=\"async\" class=\"card-img-top \" src=\"https:\/\/www.creone.com\/wp-content\/uploads\/2020\/03\/9700Keycontrol-open3-480x260.jpg\" alt=\"De KeyBox slimme sleutelkast 9600SC wordt gebruikt voor sleutelbeheer\">\n\t\t\t\t\t\t\n\t\t\t\t\t\t<div class=\"card-body text-align-left \">\n\t\t\t\t\t\t\t\t\t\t\t\t\t\t\t<img decoding=\"async\" src=\"https:\/\/www.creone.com\/wp-content\/uploads\/2020\/03\/keybox-logotyp.png\" alt=\"KeyBox logo voor sleutelbeheer\">\n\t\t\t\t\t\t\t\n\t\t\t\t\t\t\t\t\t\t\t\t\t\t\t<span class=\"text-primary\">De Keycontrol-serie<\/span>\n\t\t\t\t\t\t\t\n\t\t\t\t\t\t\t\n\t\t\t\t\t\t\t\t\t\t\t\t\t\t\t<p class=\"text-primary\">Het slimme systeem met elektronische sleutelidentificatie. <\/p>\n\t\t\t\t\t\t\t\n\t\t\t\t\t\t\t\t\t\t\t\t\t\t\t\t\t\t\t\t\t\t\t<a href=\"\/nl\/producten\/keybox\/keycontrol\/\" class=\"button btn-link with-arrow\" target=\"\">\n\t\t\t\t\t\t\t\t\tOntdek\t\t\t\t\t\t\t\t<\/a>\n\t\t\t\t\t\t\t\n\t\t\t\t\t\t<\/div>\n\t\t\t\t\t<\/div>\n\t\t\t\t\t\t\t\t\t<div class=\"card\">\n\t\t\t\t\t\t\t\t\t\t\t\t\t\t\t\t\t\t\t\t<img decoding=\"async\" class=\"card-img-top \" src=\"https:\/\/www.creone.com\/wp-content\/uploads\/2020\/03\/9001System-zoomed-480x260.jpg\" alt=\"Sleutelafgiftekasten uit het KeyBox systeem, bedoeld voor sleutelbeheer\">\n\t\t\t\t\t\t\n\t\t\t\t\t\t<div class=\"card-body text-align-left \">\n\t\t\t\t\t\t\t\t\t\t\t\t\t\t\t<img decoding=\"async\" src=\"https:\/\/www.creone.com\/wp-content\/uploads\/2020\/03\/keybox-logotyp.png\" alt=\"KeyBox logo voor sleutelbeheer\">\n\t\t\t\t\t\t\t\n\t\t\t\t\t\t\t\t\t\t\t\t\t\t\t<span class=\"text-primary\">De System-serie<\/span>\n\t\t\t\t\t\t\t\n\t\t\t\t\t\t\t\n\t\t\t\t\t\t\t\t\t\t\t\t\t\t\t<p class=\"text-primary\">Slaat alle gebeurtenissen met elektronische sleutelafgifte op.<\/p>\n\t\t\t\t\t\t\t\n\t\t\t\t\t\t\t\t\t\t\t\t\t\t\t\t\t\t\t\t\t\t\t<a href=\"\/nl\/producten\/keybox\/system\/\" class=\"button btn-link with-arrow\" target=\"\">\n\t\t\t\t\t\t\t\t\tOntdek\t\t\t\t\t\t\t\t<\/a>\n\t\t\t\t\t\t\t\n\t\t\t\t\t\t<\/div>\n\t\t\t\t\t<\/div>\n\t\t\t\t\t\t\t\t\t<div class=\"card\">\n\t\t\t\t\t\t\t\t\t\t\t\t\t\t\t\t\t\t\t\t<img decoding=\"async\" class=\"card-img-top \" src=\"https:\/\/www.creone.com\/wp-content\/uploads\/2020\/03\/9001Baisc-zoomed-480x260.jpg\" alt=\"De KeyBox basic sleutelafgiftekast, ontworpen voor sleutelbeheer\">\n\t\t\t\t\t\t\n\t\t\t\t\t\t<div class=\"card-body text-align-left \">\n\t\t\t\t\t\t\t\t\t\t\t\t\t\t\t<img decoding=\"async\" src=\"https:\/\/www.creone.com\/wp-content\/uploads\/2020\/03\/keybox-logotyp.png\" alt=\"KeyBox logo voor sleutelbeheer\">\n\t\t\t\t\t\t\t\n\t\t\t\t\t\t\t\t\t\t\t\t\t\t\t<span class=\"text-primary\">De Basic-serie<\/span>\n\t\t\t\t\t\t\t\n\t\t\t\t\t\t\t\n\t\t\t\t\t\t\t\t\t\t\t\t\t\t\t<p class=\"text-primary\">De eenvoudigste oplossing voor elektronische sleutelafgifte.<\/p>\n\t\t\t\t\t\t\t\n\t\t\t\t\t\t\t\t\t\t\t\t\t\t\t\t\t\t\t\t\t\t\t<a href=\"\/nl\/producten\/keybox\/basic\/\" class=\"button btn-link with-arrow\" target=\"\">\n\t\t\t\t\t\t\t\t\tOntdek\t\t\t\t\t\t\t\t<\/a>\n\t\t\t\t\t\t\t\n\t\t\t\t\t\t<\/div>\n\t\t\t\t\t<\/div>\n\t\t\t\t\t\t\t<\/div>\n\t\t\t\t\t<div class=\"tab-content card-section\" data-tab-content=\"sleutellijsten\">\n\t\t\t\t\t\t\t\t\t<div class=\"single-card\">\n\t\t\t\t\t\t\t\t\t\t\t\t\t\t\t\t\t\t\t\t<img decoding=\"async\" class=\"card-img-top \" src=\"https:\/\/www.creone.com\/wp-content\/uploads\/2020\/08\/keyrack_rfid_env.jpg\" alt=\"45 stycken intelligenta nyckelister med kontrollbox monterade p\u00e5 v\u00e4gg och nyckelsk\u00e5p f\u00f6r en unik nyckelhantering. \">\n\t\t\t\t\t\t\n\t\t\t\t\t\t<div class=\"card-body text-align-left \">\n\t\t\t\t\t\t\t\t\t\t\t\t\t\t\t<img decoding=\"async\" src=\"https:\/\/www.creone.com\/wp-content\/uploads\/2020\/03\/keyrack-logotyp.png\" alt=\"KeyRack logo voor sleutelbeheer\">\n\t\t\t\t\t\t\t\n\t\t\t\t\t\t\t\n\t\t\t\t\t\t\t\t\t\t\t\t\t\t\t<h3 class=\"text-blue\">Toegankelijk en flexibel sleutelbeheer<\/h3>\n\t\t\t\t\t\t\t\n\t\t\t\t\t\t\t\t\t\t\t\t\t\t\t<p class=\"text-primary\">Koppel uw sleutels met de IntelliPin-sleutelhanger en plaats ze in de vergrendelbare\/niet-vergrendelbare sleutelstrips van het KeyRack-systeem rechtstreeks op de muur of in een kast. Een goed overzicht en de volledige controle over uw sleutels kan niet eenvoudiger<\/p>\n\t\t\t\t\t\t\t\n\t\t\t\t\t\t\t\t\t\t\t\t\t\t\t\t\t\t\t\t\t\t\t<a href=\"\/nl\/producten\/keyrack\/\" class=\"button btn-link with-arrow\" target=\"\">\n\t\t\t\t\t\t\t\t\tOntdek\t\t\t\t\t\t\t\t<\/a>\n\t\t\t\t\t\t\t\n\t\t\t\t\t\t<\/div>\n\t\t\t\t\t<\/div>\n\t\t\t\t\t\t\t<\/div>\n\t\t\t\n<\/section>\n\n\n\n            <section class=\"row-with-separator container\">\n                            <div class=\"content\">\n                    <h3>Boek een demo<\/h3>\n                    <p>\n                        We laten u graag vandaag nog zien hoe u uw sleutels en waardevolle spullen het beste kunt beheren.                     <\/p>\n                    <a class=\"button btn-link with-arrow\" href=\"\/nl\/demo\/\" target=>Boek nu<\/a>\n                <\/div>\n                            <div class=\"content\">\n                    <h3>Vind een dealer<\/h3>\n                    <p>\n                        Zoek op de kaart of gebruik de zoekbalk om een dealer te vinden. Krijg hulp met uw bestaande systeem of bij het kiezen van de juiste oplossing.                     <\/p>\n                    <a class=\"button btn-link with-arrow\" href=\"\/nl\/zoek-dealer\/\" target=>Zoek nu<\/a>\n                <\/div>\n                    <\/section>\n    ","protected":false},"excerpt":{"rendered":"<p>Skobes Bil Praktisch en veilig bij Skobes Bil in Tran\u00e5s Skobes Bil in Tran\u00e5s hanteert dagelijks de sleutels van nieuwe auto&#8217;s, gebruikte auto&#8217;s en auto&#8217;s die voor service binnenkomen. In totaal gaat het om ongeveer 200 sleutels. Door te kiezen voor de Keybox sleutelkast heeft men een veilige manier gevonden om de sleutels van het [&hellip;]<\/p>\n","protected":false},"author":2,"featured_media":0,"parent":6563,"menu_order":0,"comment_status":"closed","ping_status":"closed","template":"page-without-container.php","meta":{"_acf_changed":false,"content-type":"","footnotes":""},"class_list":["post-7090","page","type-page","status-publish","hentry"],"acf":[],"yoast_head":"<!-- This site is optimized with the Yoast SEO plugin v26.7 - https:\/\/yoast.com\/wordpress\/plugins\/seo\/ -->\n<title>Zeker sleutelbeheer | Skobes bil | Creone<\/title>\n<meta name=\"description\" content=\"Door te kiezen voor Keybox (sleutelkast) heeft Skobes Bil een veilige manier gevonden om de autosleutels van het bedrijf en van klanten te beheren.\" \/>\n<meta name=\"robots\" content=\"index, follow, max-snippet:-1, max-image-preview:large, max-video-preview:-1\" \/>\n<link rel=\"canonical\" href=\"https:\/\/www.creone.com\/nl\/branche-oplossingen\/skobes-bil\/\" \/>\n<meta property=\"og:locale\" content=\"nl_NL\" \/>\n<meta property=\"og:type\" content=\"article\" \/>\n<meta property=\"og:title\" content=\"Zeker sleutelbeheer | Skobes bil | Creone\" \/>\n<meta property=\"og:description\" content=\"Door te kiezen voor Keybox (sleutelkast) heeft Skobes Bil een veilige manier gevonden om de autosleutels van het bedrijf en van klanten te beheren.\" \/>\n<meta property=\"og:url\" content=\"https:\/\/www.creone.com\/nl\/branche-oplossingen\/skobes-bil\/\" \/>\n<meta property=\"og:site_name\" content=\"Creone\" \/>\n<meta property=\"article:modified_time\" content=\"2021-02-03T09:30:04+00:00\" \/>\n<meta name=\"twitter:card\" content=\"summary_large_image\" \/>\n<script type=\"application\/ld+json\" class=\"yoast-schema-graph\">{\"@context\":\"https:\/\/schema.org\",\"@graph\":[{\"@type\":\"WebPage\",\"@id\":\"https:\/\/www.creone.com\/nl\/branche-oplossingen\/skobes-bil\/\",\"url\":\"https:\/\/www.creone.com\/nl\/branche-oplossingen\/skobes-bil\/\",\"name\":\"Zeker sleutelbeheer | Skobes bil | Creone\",\"isPartOf\":{\"@id\":\"https:\/\/www.creone.com\/nl\/#website\"},\"datePublished\":\"2020-07-20T10:45:45+00:00\",\"dateModified\":\"2021-02-03T09:30:04+00:00\",\"description\":\"Door te kiezen voor Keybox (sleutelkast) heeft Skobes Bil een veilige manier gevonden om de autosleutels van het bedrijf en van klanten te beheren.\",\"breadcrumb\":{\"@id\":\"https:\/\/www.creone.com\/nl\/branche-oplossingen\/skobes-bil\/#breadcrumb\"},\"inLanguage\":\"nl-NL\",\"potentialAction\":[{\"@type\":\"ReadAction\",\"target\":[\"https:\/\/www.creone.com\/nl\/branche-oplossingen\/skobes-bil\/\"]}]},{\"@type\":\"BreadcrumbList\",\"@id\":\"https:\/\/www.creone.com\/nl\/branche-oplossingen\/skobes-bil\/#breadcrumb\",\"itemListElement\":[{\"@type\":\"ListItem\",\"position\":1,\"name\":\"Home\",\"item\":\"https:\/\/www.creone.com\/nl\/\"},{\"@type\":\"ListItem\",\"position\":2,\"name\":\"Branche-oplossingen\",\"item\":\"https:\/\/www.creone.com\/nl\/industrysolutions\/\"},{\"@type\":\"ListItem\",\"position\":3,\"name\":\"Skobes bil\"}]},{\"@type\":\"WebSite\",\"@id\":\"https:\/\/www.creone.com\/nl\/#website\",\"url\":\"https:\/\/www.creone.com\/nl\/\",\"name\":\"Creone\",\"description\":\"En till WordPress-webbplats\",\"potentialAction\":[{\"@type\":\"SearchAction\",\"target\":{\"@type\":\"EntryPoint\",\"urlTemplate\":\"https:\/\/www.creone.com\/nl\/?s={search_term_string}\"},\"query-input\":{\"@type\":\"PropertyValueSpecification\",\"valueRequired\":true,\"valueName\":\"search_term_string\"}}],\"inLanguage\":\"nl-NL\"}]}<\/script>\n<!-- \/ Yoast SEO plugin. -->","yoast_head_json":{"title":"Zeker sleutelbeheer | Skobes bil | Creone","description":"Door te kiezen voor Keybox (sleutelkast) heeft Skobes Bil een veilige manier gevonden om de autosleutels van het bedrijf en van klanten te beheren.","robots":{"index":"index","follow":"follow","max-snippet":"max-snippet:-1","max-image-preview":"max-image-preview:large","max-video-preview":"max-video-preview:-1"},"canonical":"https:\/\/www.creone.com\/nl\/branche-oplossingen\/skobes-bil\/","og_locale":"nl_NL","og_type":"article","og_title":"Zeker sleutelbeheer | Skobes bil | Creone","og_description":"Door te kiezen voor Keybox (sleutelkast) heeft Skobes Bil een veilige manier gevonden om de autosleutels van het bedrijf en van klanten te beheren.","og_url":"https:\/\/www.creone.com\/nl\/branche-oplossingen\/skobes-bil\/","og_site_name":"Creone","article_modified_time":"2021-02-03T09:30:04+00:00","twitter_card":"summary_large_image","schema":{"@context":"https:\/\/schema.org","@graph":[{"@type":"WebPage","@id":"https:\/\/www.creone.com\/nl\/branche-oplossingen\/skobes-bil\/","url":"https:\/\/www.creone.com\/nl\/branche-oplossingen\/skobes-bil\/","name":"Zeker sleutelbeheer | Skobes bil | Creone","isPartOf":{"@id":"https:\/\/www.creone.com\/nl\/#website"},"datePublished":"2020-07-20T10:45:45+00:00","dateModified":"2021-02-03T09:30:04+00:00","description":"Door te kiezen voor Keybox (sleutelkast) heeft Skobes Bil een veilige manier gevonden om de autosleutels van het bedrijf en van klanten te beheren.","breadcrumb":{"@id":"https:\/\/www.creone.com\/nl\/branche-oplossingen\/skobes-bil\/#breadcrumb"},"inLanguage":"nl-NL","potentialAction":[{"@type":"ReadAction","target":["https:\/\/www.creone.com\/nl\/branche-oplossingen\/skobes-bil\/"]}]},{"@type":"BreadcrumbList","@id":"https:\/\/www.creone.com\/nl\/branche-oplossingen\/skobes-bil\/#breadcrumb","itemListElement":[{"@type":"ListItem","position":1,"name":"Home","item":"https:\/\/www.creone.com\/nl\/"},{"@type":"ListItem","position":2,"name":"Branche-oplossingen","item":"https:\/\/www.creone.com\/nl\/industrysolutions\/"},{"@type":"ListItem","position":3,"name":"Skobes bil"}]},{"@type":"WebSite","@id":"https:\/\/www.creone.com\/nl\/#website","url":"https:\/\/www.creone.com\/nl\/","name":"Creone","description":"En till WordPress-webbplats","potentialAction":[{"@type":"SearchAction","target":{"@type":"EntryPoint","urlTemplate":"https:\/\/www.creone.com\/nl\/?s={search_term_string}"},"query-input":{"@type":"PropertyValueSpecification","valueRequired":true,"valueName":"search_term_string"}}],"inLanguage":"nl-NL"}]}},"_links":{"self":[{"href":"https:\/\/www.creone.com\/nl\/wp-json\/wp\/v2\/pages\/7090","targetHints":{"allow":["GET"]}}],"collection":[{"href":"https:\/\/www.creone.com\/nl\/wp-json\/wp\/v2\/pages"}],"about":[{"href":"https:\/\/www.creone.com\/nl\/wp-json\/wp\/v2\/types\/page"}],"author":[{"embeddable":true,"href":"https:\/\/www.creone.com\/nl\/wp-json\/wp\/v2\/users\/2"}],"replies":[{"embeddable":true,"href":"https:\/\/www.creone.com\/nl\/wp-json\/wp\/v2\/comments?post=7090"}],"version-history":[{"count":11,"href":"https:\/\/www.creone.com\/nl\/wp-json\/wp\/v2\/pages\/7090\/revisions"}],"predecessor-version":[{"id":13827,"href":"https:\/\/www.creone.com\/nl\/wp-json\/wp\/v2\/pages\/7090\/revisions\/13827"}],"up":[{"embeddable":true,"href":"https:\/\/www.creone.com\/nl\/wp-json\/wp\/v2\/pages\/6563"}],"wp:attachment":[{"href":"https:\/\/www.creone.com\/nl\/wp-json\/wp\/v2\/media?parent=7090"}],"curies":[{"name":"wp","href":"https:\/\/api.w.org\/{rel}","templated":true}]}}