{"id":6818,"date":"2020-07-17T17:16:43","date_gmt":"2020-07-17T15:16:43","guid":{"rendered":"https:\/\/www.creone.com\/?page_id=6818"},"modified":"2021-02-03T10:29:14","modified_gmt":"2021-02-03T09:29:14","slug":"hotels","status":"publish","type":"page","link":"https:\/\/www.creone.com\/nl\/branche-oplossingen\/hotels\/","title":{"rendered":"Hotels"},"content":{"rendered":"\n    <style>\n        #header-image {\n            background-image: url(https:\/\/www.creone.com\/wp-content\/uploads\/2020\/05\/iStock-1160802388-resize.jpg);\n        }\n\n        @media (-webkit-min-device-pixel-ratio: 2),\n        (min-resolution: 192dpi) {\n            #header-image {\n                background-image: url(https:\/\/www.creone.com\/wp-content\/uploads\/2020\/05\/iStock-1160802388-resize.jpg);\n            }\n        }\n    <\/style>\n\n    <section\n        class=\"full-width-header-image \"\n        id=\"header-image\"\n        style=\"background-position: center\"><\/section>\n\n                    <div class=\"container-fluid bread-border\">\n            <div class=\"container\">\n                <div class=\"row\">\n                    <div class=\"col-12\">\n                        <p id=\"breadcrumbs\"><span><span><a href=\"https:\/\/www.creone.com\/nl\/\">Home<\/a><\/span><\/span><\/p>                    <\/div>\n                <\/div>\n            <\/div>\n        <\/div>\n        <style>\n            .full-width-header-image {\n                margin-bottom: 0rem !important;\n            }\n\n            .bread-border {\n                margin-bottom: 6rem;\n            }\n        <\/style>\n\n\n\n<h6 class=\"headline tight-container wp-block-heading\">Hotels<\/h6>\n\n\n\n<h1 class=\"tight-container wp-block-heading\">Sleutelmanagement met de klantenervaring in het middelpunt<\/h1>\n\n\n\n<p class=\"tight-container\">In de hotelbranche ligt de focus vooral op de beleving van de gasten. Praktische zaken moeten snel, soepel en bij voorkeur volledig onopgemerkt fungeren. Tegelijkertijd staan veiligheid en zekerheid voorop. Met een elektronisch sleutelbeheersysteem van Creone wordt het sleutelbeheer geautomatiseerd zodat uw medewerkers meer tijd hebben voor de gasten, tegelijkertijd verbeter de veiligheid. Slimme functies voor uitgifte en traceerbaarheid maken het sneller en gemakkelijker om sleutels en voorwerpen te beheren die door uw personeel worden gebruikt.&nbsp;<br><br>Van kleine hotels met slechts enkele sleutels tot grote complexen met duizenden sleutels \u2013 bij ons vindt u de elektronische sleutelkasten en sleutelbeheersystemen die u nodig hebt. Voor meer tevreden gasten, betere controle en soepelere werkprocessen. Slim. Veilig. Effectief.<\/p>\n\n\n\n<div class=\"master-details \">\n\t        <span class=\"headline\">Gedetailleerd<\/span>\n\t\n            <h2 class=\"text-blue\">Onze voordelen<\/h2>\n        \n    \n        <div class=\"side-menu fade-in-right\">\n            <ul>\n                                    <li class=\"master-tab active\" data-id=\"accordin-0\">\n                        Totale controle                    <\/li>\n                                    <li class=\"master-tab \" data-id=\"accordin-1\">\n                        Volledige traceerbaarheid                     <\/li>\n                                    <li class=\"master-tab \" data-id=\"accordin-2\">\n                        Schaalbaar                    <\/li>\n                                    <li class=\"master-tab \" data-id=\"accordin-3\">\n                        Eenvoudig beheer                    <\/li>\n                                    <li class=\"master-tab \" data-id=\"accordin-4\">\n                        Grootte en beveiligingsklasse selecteren                    <\/li>\n                                    <li class=\"master-tab \" data-id=\"accordin-5\">\n                        Integraties met bestaande systemen                    <\/li>\n                            <\/ul>\n        <\/div>\n\n        <div class=\"content fade-in\">\n                            <div class=\"master-tab-content active\" id=\"accordin-0\">\n                    <p><span style=\"font-weight: 400;\">Met slimme sleutelkasten en sleutelbeheersystemen met beveiliging krijgt u totale controle en overzicht over de sleutels die aan het personeel worden afgegeven. U weet exact wie welke sleutel heeft opgehaald en u ontvangt een melding wanneer sleutels niet op tijd worden geretourneerd. Flexibel, slim en veilig.<\/span><\/p>\n                <\/div>\n                            <div class=\"master-tab-content \" id=\"accordin-1\">\n                    <p><span style=\"font-weight: 400;\">Met onze systemen hebt u niet alleen controle over wat er gebeurt, maar kunt u ook zien wat er is gebeurd. Via KeyWin6 worden alle evenementen elektronisch opgeslagen in een logboek en kunnen ze worden opgevolgd via computer, smartphone of tablet. Dit betekent dat sleutels niet langer handmatig afgegeven hoeven worden en u bespaart tijd, terwijl de veiligheid voor iedereen in uw bedrijf wordt verhoogd; voor zowel personeel als klanten.\u00a0<\/span><\/p>\n                <\/div>\n                            <div class=\"master-tab-content \" id=\"accordin-2\">\n                    <p><span style=\"font-weight: 400;\">Met elektronische sleutelkasten, sleutellijsten en sleutelwanden is het eenvoudig om uit te breiden wanneer u meer sleutels wilt toevoegen. U begint met het aantal sleutels dat op dat moment nodig is en vult later eenvoudig aan met meer sleutellijsten als dat gewenst is. Het enige wat u hoeft te doen is de nieuwe lijst aan te sluiten en het systeem opnieuw op te starten.<\/span><\/p>\n                <\/div>\n                            <div class=\"master-tab-content \" id=\"accordin-3\">\n                    <p><span style=\"font-weight: 400;\">Het moet gemakkelijk zijn om bij te houden welke sleutels in omloop zijn en wie ze gebruikt. In onze gebruiksvriendelijke beheersinterface kunt u eenvoudig nieuwe gebruikers toevoegen en ze verbinden met de gewenste sleutel of groep &#8211; met slechts enkele klikken. De beheerder kan ook de rechten voor het personeel controleren en distribueren. Snel en soepel.<\/span><\/p>\n                <\/div>\n                            <div class=\"master-tab-content \" id=\"accordin-4\">\n                    <p><span style=\"font-weight: 400;\">Creone biedt belangrijke sleutelbeheer- en sleutelmanagementsystemen voor alle soorten wensen. Of u nu een gecertificeerde sleutelkast nodig hebt voor een kleiner hotel, of op maat gemaakte sleutelkamers voor grote complexen, wij helpen u graag. Bij ons vindt u altijd de sleutelopslag die u nodig hebt, ongeacht de afmetingen en de veiligheidsklasse die u zoekt.\u00a0<\/span><\/p>\n                <\/div>\n                            <div class=\"master-tab-content \" id=\"accordin-5\">\n                    <p><span style=\"font-weight: 400;\">In KeyWin6 is een goed ontwikkelde API aanwezig die integratie mogelijk maakt tussen KeyWin6 en overkoepelende systemen. Zo kunt u uw eigen geheel op maat gemaakte systeem voor sleutelbeheer cre\u00ebren, waardoor uw werkprocessen nog verder worden gestroomlijnd. Voor de hoogst mogelijke veiligheid en totale controle.\u00a0<\/span><\/p>\n                <\/div>\n                    <\/div>\n\n    \n<\/div>\n\n\n\n        <div class=\"container-fluid bread-border\">\n            <div class=\"container\">\n                <div class=\"row\">\n                    <div class=\"col-12\">\n                                            <\/div>\n                <\/div>\n            <\/div>\n        <\/div>\n        <section class=\"full-width-form  \">\n        <div class=\"container d-flex flex-wrap\">\n            <div class=\"content\">\n                                    <h2 class=\"fade-in\">Boek een demo met onze verkopers <\/h2>\n                                                    <p class=\"fade-in\">Graag willen we u vandaag nog laten zien hoe u uw sleutels en waardevolle spullen het beste kunt beheren.  <\/p>\n                                                    <img decoding=\"async\" src=\"https:\/\/www.creone.com\/wp-content\/uploads\/2020\/04\/KeyWin6screens_box_SE_outline-4-900x450.png\" alt=\"\" srcset=\"https:\/\/www.creone.com\/wp-content\/uploads\/2020\/04\/KeyWin6screens_box_SE_outline-4-900x450.png 1x, https:\/\/www.creone.com\/wp-content\/uploads\/2020\/04\/KeyWin6screens_box_SE_outline-4-1750x900.png 2x\" class=\"fade-in-up\">\n                            <\/div>\n\n            <div class=\"hubspot-form-container fade-in-left\">\n                                                    <script charset=\"utf-8\" type=\"text\/javascript\" src=\"\/\/js.hsforms.net\/forms\/shell.js\"><\/script> <script>   hbspt.forms.create({ \tportalId: \"6969693\", \tformId: \"8df008a9-83fd-4756-904b-af32524a7827\" }); <\/script>                            <\/div>\n\n                    <\/div>\n    <\/section>\n\n\n\n\n<section class=\"cards-with-tab-nav container\">\n\n\t\t\t<h2 class=\"text-center text-blue\">Uw flexibele sleutelmanagementsysteem<\/h2>\n\t\n\t\t\t\n\t\t\t<div class=\"tabnav\">\n\t\t\t\t<ul>\n\t\t\t\t\t\t\t\t\t\t\t\t\t\t\t\t\t\t<li class=\"tab-item\" data-tab-content=sleutelkast><span>Sleutelkast<\/span><\/li>\n\t\t\t\t\t\t\t\t\t\t\t\t\t\t\t\t\t\t\t\t\t\t\t\t<li class=\"tab-item\" data-tab-content=sleutellijsten><span>Sleutellijsten<\/span><\/li>\n\t\t\t\t\t\t\t\t\t\t\t\t\t\t\t<\/ul>\n\t\t\t<\/div>\n\t\t\n\t\t\t\t\t<div class=\"tab-content card-section\" data-tab-content=\"sleutelkast\">\n\t\t\t\t\t\t\t\t\t<div class=\"card\">\n\t\t\t\t\t\t\t\t\t\t\t\t\t\t\t\t\t\t\t\t<img decoding=\"async\" class=\"card-img-top \" src=\"https:\/\/www.creone.com\/wp-content\/uploads\/2020\/03\/9700Keycontrol-open3-480x260.jpg\" alt=\"De KeyBox slimme sleutelkast 9600SC wordt gebruikt voor sleutelbeheer\">\n\t\t\t\t\t\t\n\t\t\t\t\t\t<div class=\"card-body text-align-left \">\n\t\t\t\t\t\t\t\t\t\t\t\t\t\t\t<img decoding=\"async\" src=\"https:\/\/www.creone.com\/wp-content\/uploads\/2020\/03\/keybox-logotyp.png\" alt=\"KeyBox logo voor sleutelbeheer\">\n\t\t\t\t\t\t\t\n\t\t\t\t\t\t\t\t\t\t\t\t\t\t\t<span class=\"text-primary\">De Keycontrol-serie<\/span>\n\t\t\t\t\t\t\t\n\t\t\t\t\t\t\t\n\t\t\t\t\t\t\t\t\t\t\t\t\t\t\t<p class=\"text-primary\">Het slimme systeem met elektronische sleutelidentificatie. <\/p>\n\t\t\t\t\t\t\t\n\t\t\t\t\t\t\t\t\t\t\t\t\t\t\t\t\t\t\t\t\t\t\t<a href=\"\/nl\/producten\/keybox\/keycontrol\/\" class=\"button btn-link with-arrow\" target=\"\">\n\t\t\t\t\t\t\t\t\tOntdek\t\t\t\t\t\t\t\t<\/a>\n\t\t\t\t\t\t\t\n\t\t\t\t\t\t<\/div>\n\t\t\t\t\t<\/div>\n\t\t\t\t\t\t\t\t\t<div class=\"card\">\n\t\t\t\t\t\t\t\t\t\t\t\t\t\t\t\t\t\t\t\t<img decoding=\"async\" class=\"card-img-top \" src=\"https:\/\/www.creone.com\/wp-content\/uploads\/2020\/03\/9001System-zoomed-480x260.jpg\" alt=\"Sleutelafgiftekasten uit het KeyBox systeem, bedoeld voor sleutelbeheer\">\n\t\t\t\t\t\t\n\t\t\t\t\t\t<div class=\"card-body text-align-left \">\n\t\t\t\t\t\t\t\t\t\t\t\t\t\t\t<img decoding=\"async\" src=\"https:\/\/www.creone.com\/wp-content\/uploads\/2020\/03\/keybox-logotyp.png\" alt=\"KeyBox logo voor sleutelbeheer\">\n\t\t\t\t\t\t\t\n\t\t\t\t\t\t\t\t\t\t\t\t\t\t\t<span class=\"text-primary\">De System-serie<\/span>\n\t\t\t\t\t\t\t\n\t\t\t\t\t\t\t\n\t\t\t\t\t\t\t\t\t\t\t\t\t\t\t<p class=\"text-primary\">Slaat alle gebeurtenissen met elektronische sleutelafgifte op.<\/p>\n\t\t\t\t\t\t\t\n\t\t\t\t\t\t\t\t\t\t\t\t\t\t\t\t\t\t\t\t\t\t\t<a href=\"\/nl\/producten\/keybox\/system\/\" class=\"button btn-link with-arrow\" target=\"\">\n\t\t\t\t\t\t\t\t\tOntdek\t\t\t\t\t\t\t\t<\/a>\n\t\t\t\t\t\t\t\n\t\t\t\t\t\t<\/div>\n\t\t\t\t\t<\/div>\n\t\t\t\t\t\t\t\t\t<div class=\"card\">\n\t\t\t\t\t\t\t\t\t\t\t\t\t\t\t\t\t\t\t\t<img decoding=\"async\" class=\"card-img-top \" src=\"https:\/\/www.creone.com\/wp-content\/uploads\/2020\/03\/9001Baisc-zoomed-480x260.jpg\" alt=\"De KeyBox basic sleutelafgiftekast, ontworpen voor sleutelbeheer\">\n\t\t\t\t\t\t\n\t\t\t\t\t\t<div class=\"card-body text-align-left \">\n\t\t\t\t\t\t\t\t\t\t\t\t\t\t\t<img decoding=\"async\" src=\"https:\/\/www.creone.com\/wp-content\/uploads\/2020\/03\/keybox-logotyp.png\" alt=\"KeyBox logo voor sleutelbeheer\">\n\t\t\t\t\t\t\t\n\t\t\t\t\t\t\t\t\t\t\t\t\t\t\t<span class=\"text-primary\">De Basic-serie<\/span>\n\t\t\t\t\t\t\t\n\t\t\t\t\t\t\t\n\t\t\t\t\t\t\t\t\t\t\t\t\t\t\t<p class=\"text-primary\">De eenvoudigste oplossing voor elektronische sleutelafgifte.<\/p>\n\t\t\t\t\t\t\t\n\t\t\t\t\t\t\t\t\t\t\t\t\t\t\t\t\t\t\t\t\t\t\t<a href=\"\/nl\/producten\/keybox\/basic\/\" class=\"button btn-link with-arrow\" target=\"\">\n\t\t\t\t\t\t\t\t\tOntdek\t\t\t\t\t\t\t\t<\/a>\n\t\t\t\t\t\t\t\n\t\t\t\t\t\t<\/div>\n\t\t\t\t\t<\/div>\n\t\t\t\t\t\t\t<\/div>\n\t\t\t\t\t<div class=\"tab-content card-section\" data-tab-content=\"sleutellijsten\">\n\t\t\t\t\t\t\t\t\t<div class=\"single-card\">\n\t\t\t\t\t\t\t\t\t\t\t\t\t\t\t\t\t\t\t\t<img decoding=\"async\" class=\"card-img-top \" src=\"https:\/\/www.creone.com\/wp-content\/uploads\/2020\/08\/keyrack_rfid_env.jpg\" alt=\"45 stycken intelligenta nyckelister med kontrollbox monterade p\u00e5 v\u00e4gg och nyckelsk\u00e5p f\u00f6r en unik nyckelhantering. \">\n\t\t\t\t\t\t\n\t\t\t\t\t\t<div class=\"card-body text-align-left \">\n\t\t\t\t\t\t\t\t\t\t\t\t\t\t\t<img decoding=\"async\" src=\"https:\/\/www.creone.com\/wp-content\/uploads\/2020\/03\/keyrack-logotyp.png\" alt=\"KeyRack logo voor sleutelbeheer\">\n\t\t\t\t\t\t\t\n\t\t\t\t\t\t\t\n\t\t\t\t\t\t\t\t\t\t\t\t\t\t\t<h3 class=\"text-blue\">Toegankelijk en flexibel sleutelbeheer<\/h3>\n\t\t\t\t\t\t\t\n\t\t\t\t\t\t\t\t\t\t\t\t\t\t\t<p class=\"text-primary\">Koppel uw sleutels met de IntelliPin-sleutelhanger en plaats ze in de vergrendelbare\/niet-vergrendelbare sleutelstrips van het KeyRack-systeem rechtstreeks op de muur of in een kast. Een goed overzicht en de volledige controle over uw sleutels kan niet eenvoudiger<\/p>\n\t\t\t\t\t\t\t\n\t\t\t\t\t\t\t\t\t\t\t\t\t\t\t\t\t\t\t\t\t\t\t<a href=\"\/nl\/producten\/keyrack\/\" class=\"button btn-link with-arrow\" target=\"\">\n\t\t\t\t\t\t\t\t\tOntdek\t\t\t\t\t\t\t\t<\/a>\n\t\t\t\t\t\t\t\n\t\t\t\t\t\t<\/div>\n\t\t\t\t\t<\/div>\n\t\t\t\t\t\t\t<\/div>\n\t\t\t\n<\/section>\n\n\n\n            <section class=\"row-with-separator container\">\n                            <div class=\"content\">\n                    <h3>Boek een demo<\/h3>\n                    <p>\n                        We laten u graag vandaag nog zien hoe u uw sleutels en waardevolle spullen het beste kunt beheren.                     <\/p>\n                    <a class=\"button btn-link with-arrow\" href=\"\/nl\/demo\/\" target=>Boek nu<\/a>\n                <\/div>\n                            <div class=\"content\">\n                    <h3>Vind een dealer<\/h3>\n                    <p>\n                        Zoek op de kaart of gebruik de zoekbalk om een dealer te vinden. Krijg hulp met uw bestaande systeem of bij het kiezen van de juiste oplossing.                     <\/p>\n                    <a class=\"button btn-link with-arrow\" href=\"\/nl\/zoek-dealer\/\" target=>Zoek nu<\/a>\n                <\/div>\n                    <\/section>\n    ","protected":false},"excerpt":{"rendered":"<p>Hotels Sleutelmanagement met de klantenervaring in het middelpunt In de hotelbranche ligt de focus vooral op de beleving van de gasten. Praktische zaken moeten snel, soepel en bij voorkeur volledig onopgemerkt fungeren. Tegelijkertijd staan veiligheid en zekerheid voorop. Met een elektronisch sleutelbeheersysteem van Creone wordt het sleutelbeheer geautomatiseerd zodat uw medewerkers meer tijd hebben voor [&hellip;]<\/p>\n","protected":false},"author":2,"featured_media":0,"parent":6563,"menu_order":0,"comment_status":"closed","ping_status":"closed","template":"page-without-container.php","meta":{"_acf_changed":false,"content-type":"","footnotes":""},"class_list":["post-6818","page","type-page","status-publish","hentry"],"acf":[],"yoast_head":"<!-- This site is optimized with the Yoast SEO plugin v26.7 - https:\/\/yoast.com\/wordpress\/plugins\/seo\/ -->\n<title>Sleutelbeheer voor de klantenervaring | Hotels | Creone<\/title>\n<meta name=\"description\" content=\"Een elektronisch sleutelbeheersysteem automatiseert het sleutelbeheer zodat uw medewerkers meer tijd krijgen om voor de gasten te zorgen.\" \/>\n<meta name=\"robots\" content=\"index, follow, max-snippet:-1, max-image-preview:large, max-video-preview:-1\" \/>\n<link rel=\"canonical\" href=\"https:\/\/www.creone.com\/nl\/branche-oplossingen\/hotels\/\" \/>\n<meta property=\"og:locale\" content=\"nl_NL\" \/>\n<meta property=\"og:type\" content=\"article\" \/>\n<meta property=\"og:title\" content=\"Sleutelbeheer voor de klantenervaring | Hotels | Creone\" \/>\n<meta property=\"og:description\" content=\"Een elektronisch sleutelbeheersysteem automatiseert het sleutelbeheer zodat uw medewerkers meer tijd krijgen om voor de gasten te zorgen.\" \/>\n<meta property=\"og:url\" content=\"https:\/\/www.creone.com\/nl\/branche-oplossingen\/hotels\/\" \/>\n<meta property=\"og:site_name\" content=\"Creone\" \/>\n<meta property=\"article:modified_time\" content=\"2021-02-03T09:29:14+00:00\" \/>\n<meta name=\"twitter:card\" content=\"summary_large_image\" \/>\n<meta name=\"twitter:label1\" content=\"Geschatte leestijd\" \/>\n\t<meta name=\"twitter:data1\" content=\"1 minuut\" \/>\n<script type=\"application\/ld+json\" class=\"yoast-schema-graph\">{\"@context\":\"https:\/\/schema.org\",\"@graph\":[{\"@type\":\"WebPage\",\"@id\":\"https:\/\/www.creone.com\/nl\/branche-oplossingen\/hotels\/\",\"url\":\"https:\/\/www.creone.com\/nl\/branche-oplossingen\/hotels\/\",\"name\":\"Sleutelbeheer voor de klantenervaring | Hotels | Creone\",\"isPartOf\":{\"@id\":\"https:\/\/www.creone.com\/nl\/#website\"},\"datePublished\":\"2020-07-17T15:16:43+00:00\",\"dateModified\":\"2021-02-03T09:29:14+00:00\",\"description\":\"Een elektronisch sleutelbeheersysteem automatiseert het sleutelbeheer zodat uw medewerkers meer tijd krijgen om voor de gasten te zorgen.\",\"breadcrumb\":{\"@id\":\"https:\/\/www.creone.com\/nl\/branche-oplossingen\/hotels\/#breadcrumb\"},\"inLanguage\":\"nl-NL\",\"potentialAction\":[{\"@type\":\"ReadAction\",\"target\":[\"https:\/\/www.creone.com\/nl\/branche-oplossingen\/hotels\/\"]}]},{\"@type\":\"BreadcrumbList\",\"@id\":\"https:\/\/www.creone.com\/nl\/branche-oplossingen\/hotels\/#breadcrumb\",\"itemListElement\":[{\"@type\":\"ListItem\",\"position\":1,\"name\":\"Home\",\"item\":\"https:\/\/www.creone.com\/nl\/\"},{\"@type\":\"ListItem\",\"position\":2,\"name\":\"Branche-oplossingen\",\"item\":\"https:\/\/www.creone.com\/nl\/industrysolutions\/\"},{\"@type\":\"ListItem\",\"position\":3,\"name\":\"Hotels\"}]},{\"@type\":\"WebSite\",\"@id\":\"https:\/\/www.creone.com\/nl\/#website\",\"url\":\"https:\/\/www.creone.com\/nl\/\",\"name\":\"Creone\",\"description\":\"En till WordPress-webbplats\",\"potentialAction\":[{\"@type\":\"SearchAction\",\"target\":{\"@type\":\"EntryPoint\",\"urlTemplate\":\"https:\/\/www.creone.com\/nl\/?s={search_term_string}\"},\"query-input\":{\"@type\":\"PropertyValueSpecification\",\"valueRequired\":true,\"valueName\":\"search_term_string\"}}],\"inLanguage\":\"nl-NL\"}]}<\/script>\n<!-- \/ Yoast SEO plugin. -->","yoast_head_json":{"title":"Sleutelbeheer voor de klantenervaring | Hotels | Creone","description":"Een elektronisch sleutelbeheersysteem automatiseert het sleutelbeheer zodat uw medewerkers meer tijd krijgen om voor de gasten te zorgen.","robots":{"index":"index","follow":"follow","max-snippet":"max-snippet:-1","max-image-preview":"max-image-preview:large","max-video-preview":"max-video-preview:-1"},"canonical":"https:\/\/www.creone.com\/nl\/branche-oplossingen\/hotels\/","og_locale":"nl_NL","og_type":"article","og_title":"Sleutelbeheer voor de klantenervaring | Hotels | Creone","og_description":"Een elektronisch sleutelbeheersysteem automatiseert het sleutelbeheer zodat uw medewerkers meer tijd krijgen om voor de gasten te zorgen.","og_url":"https:\/\/www.creone.com\/nl\/branche-oplossingen\/hotels\/","og_site_name":"Creone","article_modified_time":"2021-02-03T09:29:14+00:00","twitter_card":"summary_large_image","twitter_misc":{"Geschatte leestijd":"1 minuut"},"schema":{"@context":"https:\/\/schema.org","@graph":[{"@type":"WebPage","@id":"https:\/\/www.creone.com\/nl\/branche-oplossingen\/hotels\/","url":"https:\/\/www.creone.com\/nl\/branche-oplossingen\/hotels\/","name":"Sleutelbeheer voor de klantenervaring | Hotels | Creone","isPartOf":{"@id":"https:\/\/www.creone.com\/nl\/#website"},"datePublished":"2020-07-17T15:16:43+00:00","dateModified":"2021-02-03T09:29:14+00:00","description":"Een elektronisch sleutelbeheersysteem automatiseert het sleutelbeheer zodat uw medewerkers meer tijd krijgen om voor de gasten te zorgen.","breadcrumb":{"@id":"https:\/\/www.creone.com\/nl\/branche-oplossingen\/hotels\/#breadcrumb"},"inLanguage":"nl-NL","potentialAction":[{"@type":"ReadAction","target":["https:\/\/www.creone.com\/nl\/branche-oplossingen\/hotels\/"]}]},{"@type":"BreadcrumbList","@id":"https:\/\/www.creone.com\/nl\/branche-oplossingen\/hotels\/#breadcrumb","itemListElement":[{"@type":"ListItem","position":1,"name":"Home","item":"https:\/\/www.creone.com\/nl\/"},{"@type":"ListItem","position":2,"name":"Branche-oplossingen","item":"https:\/\/www.creone.com\/nl\/industrysolutions\/"},{"@type":"ListItem","position":3,"name":"Hotels"}]},{"@type":"WebSite","@id":"https:\/\/www.creone.com\/nl\/#website","url":"https:\/\/www.creone.com\/nl\/","name":"Creone","description":"En till WordPress-webbplats","potentialAction":[{"@type":"SearchAction","target":{"@type":"EntryPoint","urlTemplate":"https:\/\/www.creone.com\/nl\/?s={search_term_string}"},"query-input":{"@type":"PropertyValueSpecification","valueRequired":true,"valueName":"search_term_string"}}],"inLanguage":"nl-NL"}]}},"_links":{"self":[{"href":"https:\/\/www.creone.com\/nl\/wp-json\/wp\/v2\/pages\/6818","targetHints":{"allow":["GET"]}}],"collection":[{"href":"https:\/\/www.creone.com\/nl\/wp-json\/wp\/v2\/pages"}],"about":[{"href":"https:\/\/www.creone.com\/nl\/wp-json\/wp\/v2\/types\/page"}],"author":[{"embeddable":true,"href":"https:\/\/www.creone.com\/nl\/wp-json\/wp\/v2\/users\/2"}],"replies":[{"embeddable":true,"href":"https:\/\/www.creone.com\/nl\/wp-json\/wp\/v2\/comments?post=6818"}],"version-history":[{"count":10,"href":"https:\/\/www.creone.com\/nl\/wp-json\/wp\/v2\/pages\/6818\/revisions"}],"predecessor-version":[{"id":13815,"href":"https:\/\/www.creone.com\/nl\/wp-json\/wp\/v2\/pages\/6818\/revisions\/13815"}],"up":[{"embeddable":true,"href":"https:\/\/www.creone.com\/nl\/wp-json\/wp\/v2\/pages\/6563"}],"wp:attachment":[{"href":"https:\/\/www.creone.com\/nl\/wp-json\/wp\/v2\/media?parent=6818"}],"curies":[{"name":"wp","href":"https:\/\/api.w.org\/{rel}","templated":true}]}}