{"id":18415,"date":"2022-12-09T14:55:06","date_gmt":"2022-12-09T13:55:06","guid":{"rendered":"https:\/\/www.creone.com\/?page_id=18415"},"modified":"2026-01-28T15:57:58","modified_gmt":"2026-01-28T14:57:58","slug":"garde","status":"publish","type":"page","link":"https:\/\/www.creone.com\/nl\/branche-oplossingen\/garde\/","title":{"rendered":"Garde"},"content":{"rendered":"\n    <style>\n        #header-image {\n            background-image: url(https:\/\/www.creone.com\/wp-content\/uploads\/2022\/12\/iStock-1408290264-resize.jpg);\n        }\n\n        @media (-webkit-min-device-pixel-ratio: 2),\n        (min-resolution: 192dpi) {\n            #header-image {\n                background-image: url(https:\/\/www.creone.com\/wp-content\/uploads\/2022\/12\/iStock-1408290264-resize.jpg);\n            }\n        }\n    <\/style>\n\n    <section\n        class=\"full-width-header-image \"\n        id=\"header-image\"\n        style=\"background-position: top\"><\/section>\n\n                    <div class=\"container-fluid bread-border\">\n            <div class=\"container\">\n                <div class=\"row\">\n                    <div class=\"col-12\">\n                        <p id=\"breadcrumbs\"><span><span><a href=\"https:\/\/www.creone.com\/nl\/\">Home<\/a><\/span><\/span><\/p>                    <\/div>\n                <\/div>\n            <\/div>\n        <\/div>\n        <style>\n            .full-width-header-image {\n                margin-bottom: 0rem !important;\n            }\n\n            .bread-border {\n                margin-bottom: 6rem;\n            }\n        <\/style>\n\n\n\n<h6 class=\"wp-block-heading headline tight-container\">Garde GMBH&nbsp;<\/h6>\n\n\n\n<h1 class=\"wp-block-heading tight-container\">Gemakkelijker handling en hoger beveiligingsniveau voor Garde<\/h1>\n\n\n\n<p class=\"tight-container\">Garde GMBH is een beveiligingsprovider in Duitsland met hoge kwaliteitsnormen en certificaten heeft op het gebied van kwaliteitsmanagement en beveiligingsdiensten. Het bedrijf is opgericht in 1999 en de bedrijfsnaam is afkomstig van het Franse woord &#8220;garder&#8221;, dat beschermen en bewaken betekent. Garde zet zich er elke dag voor in om hun naam als ervaren dienstverlener in alle aspecten van bescherming en beveiliging waar te maken.<\/p>\n\n\n\n    <section class=\"reference-content container\">\n        <div class=\"d-flex flex-wrap-reverse\">\n            <div class=\"sidebar\">\n                                    <div class=\"image mb-4\">\n                        <img decoding=\"async\"\n                            src=\"https:\/\/www.creone.com\/wp-content\/uploads\/2022\/12\/Garde-logo.jpg\"\n                            srcset=\"https:\/\/www.creone.com\/wp-content\/uploads\/2022\/12\/Garde-logo.jpg 1x, https:\/\/www.creone.com\/wp-content\/uploads\/2022\/12\/Garde-logo.jpg 2x\"\n                            class=\"\" \/>\n                    <\/div>\n                                                    <div class=\"title head-font\">Garde<\/div>\n                \n                                    <p>Garde GMBH is een beveiligingsprovider in Duitsland met hoge kwaliteitsnormen en certificaten heeft op het gebied van kwaliteitsmanagement en beveiligingsdiensten<\/p>\n                                <div class=\"mt-5\">\n                                    <\/div>\n            <\/div>\n            <div class=\"content\">\n                                    <p style=\"font-weight: 400;\">Toen het vorige sleutelbeheersysteem van Garde verouderd begon te raken, zijn ze op zoek gegaan naar een nieuw systeem dat kon voldoen aan de beveiligingsstandaard die vereist is voor hun werk. Ze kwamen al vrij snel in aanraking met Creone en zochten niet verder, omdat de prijs-prestatieverhouding klopte en omdat ze zich ook de voordelen en mogelijkheden realiseerden die gepaard gaan met het opslaan van sleutels in een sleutelkluis met elektronische bewaking, iets wat hun vorige systeem miste.<\/p>\n<p style=\"font-weight: 400;\">Tegenwoordig kan Garde via hun intelligente sleutelkluissysteem de kluis bewaken en volgen wie op welk moment welke sleutel uitneemt. Dit betekent een eenvoudigere hantering en een hoger beveiligingsniveau. Tegelijkertijd hebben ze de interne kosten verlaagd en kunnen ze voorkomen dat sleutels verloren gaan.<\/p>\n<p style=\"font-weight: 400;\">&#8220;Het aantal sleutels dat we beheren is de afgelopen vijf jaar gegroeid, daarom is het intelligente sleutelbewakingssysteem, samen met het bijhorende gebeurtenislogboek, waarin we kunnen zien wie welke sleutel op welk moment heeft opgehaald, van vitaal belang voor ons geworden. Niet iedereen heeft namelijk toegang tot elke sleutel in onze kluis. We zijn erg blij met ons intelligente bewakingssysteem van Creone&#8221;, zegt Prabu B\u00fcttner van Garde GmbH.<\/p>\n<p style=\"font-weight: 400;\">Garde heeft gekozen voor het gebruik van KeyBox SC (KeyControl-serie) met KeyWin6 en in 2022 zijn ze ge\u00fcpgraded naar een IoT- en cloudoplossing voor een nog flexibeler systeem.<\/p>\n                            <\/div>\n        <\/div>\n    <\/section>\n    <style>\n        .top-border {\n            border-top: 2px solid rgba(211, 211, 211, 0.5);\n            margin-bottom: 30px;\n        }\n    <\/style>\n\n\n        <div class=\"container-fluid bread-border\">\n            <div class=\"container\">\n                <div class=\"row\">\n                    <div class=\"col-12\">\n                                            <\/div>\n                <\/div>\n            <\/div>\n        <\/div>\n        <section class=\"full-width-form  \">\n        <div class=\"container d-flex flex-wrap\">\n            <div class=\"content\">\n                                    <h2 class=\"fade-in\">Boek een demo met onze verkopers <\/h2>\n                                                    <p class=\"fade-in\">Graag willen we u vandaag nog laten zien hoe u uw sleutels en waardevolle spullen het beste kunt beheren.  <\/p>\n                                                    <img decoding=\"async\" src=\"https:\/\/www.creone.com\/wp-content\/uploads\/2020\/04\/KeyWin6screens_box_SE_outline-4-900x450.png\" alt=\"\" srcset=\"https:\/\/www.creone.com\/wp-content\/uploads\/2020\/04\/KeyWin6screens_box_SE_outline-4-900x450.png 1x, https:\/\/www.creone.com\/wp-content\/uploads\/2020\/04\/KeyWin6screens_box_SE_outline-4-1750x900.png 2x\" class=\"fade-in-up\">\n                            <\/div>\n\n            <div class=\"hubspot-form-container fade-in-left\">\n                                                    <script charset=\"utf-8\" type=\"text\/javascript\" src=\"\/\/js.hsforms.net\/forms\/shell.js\"><\/script> <script>   hbspt.forms.create({ \tportalId: \"6969693\", \tformId: \"617d6d44-41bb-494e-93ea-7a085a028adc\" }); <\/script>                            <\/div>\n\n                    <\/div>\n    <\/section>\n\n\n\n\n<section class=\"cards-with-tab-nav container\">\n\n\t\t\t<h2 class=\"text-center text-blue\">Kies een sleutelmanagementsysteem<\/h2>\n\t\n\t\t\t\n\t\t\t<div class=\"tabnav\">\n\t\t\t\t<ul>\n\t\t\t\t\t\t\t\t\t\t\t\t\t\t\t\t\t\t<li class=\"tab-item\" data-tab-content=sleutelkast><span>Sleutelkast<\/span><\/li>\n\t\t\t\t\t\t\t\t\t\t\t\t\t\t\t\t\t\t\t\t\t\t\t\t<li class=\"tab-item\" data-tab-content=sleutellijsten><span>Sleutellijsten<\/span><\/li>\n\t\t\t\t\t\t\t\t\t\t\t\t\t\t\t<\/ul>\n\t\t\t<\/div>\n\t\t\n\t\t\t\t\t<div class=\"tab-content card-section\" data-tab-content=\"sleutelkast\">\n\t\t\t\t\t\t\t\t\t<div class=\"card\">\n\t\t\t\t\t\t\t\t\t\t\t\t\t\t\t\t\t\t\t\t<img decoding=\"async\" class=\"card-img-top \" src=\"https:\/\/www.creone.com\/wp-content\/uploads\/2020\/03\/9700Keycontrol-open3-480x260.jpg\" alt=\"De KeyBox slimme sleutelkast 9600SC wordt gebruikt voor sleutelbeheer\">\n\t\t\t\t\t\t\n\t\t\t\t\t\t<div class=\"card-body text-align-left \">\n\t\t\t\t\t\t\t\t\t\t\t\t\t\t\t<img decoding=\"async\" src=\"https:\/\/www.creone.com\/wp-content\/uploads\/2020\/03\/keybox-logotyp.png\" alt=\"KeyBox logo voor sleutelbeheer\">\n\t\t\t\t\t\t\t\n\t\t\t\t\t\t\t\t\t\t\t\t\t\t\t<span class=\"text-primary\">De Keycontrol-serie<\/span>\n\t\t\t\t\t\t\t\n\t\t\t\t\t\t\t\n\t\t\t\t\t\t\t\t\t\t\t\t\t\t\t<p class=\"text-primary\">Het slimme systeem met elektronische sleutelidentificatie. <\/p>\n\t\t\t\t\t\t\t\n\t\t\t\t\t\t\t\t\t\t\t\t\t\t\t\t\t\t\t\t\t\t\t<a href=\"\/nl\/producten\/keybox\/keycontrol\/\" class=\"button btn-link with-arrow\" target=\"\">\n\t\t\t\t\t\t\t\t\tOntdek\t\t\t\t\t\t\t\t<\/a>\n\t\t\t\t\t\t\t\n\t\t\t\t\t\t<\/div>\n\t\t\t\t\t<\/div>\n\t\t\t\t\t\t\t\t\t<div class=\"card\">\n\t\t\t\t\t\t\t\t\t\t\t\t\t\t\t\t\t\t\t\t<img decoding=\"async\" class=\"card-img-top \" src=\"https:\/\/www.creone.com\/wp-content\/uploads\/2020\/03\/9001System-zoomed-480x260.jpg\" alt=\"Sleutelafgiftekasten uit het KeyBox systeem, bedoeld voor sleutelbeheer\">\n\t\t\t\t\t\t\n\t\t\t\t\t\t<div class=\"card-body text-align-left \">\n\t\t\t\t\t\t\t\t\t\t\t\t\t\t\t<img decoding=\"async\" src=\"https:\/\/www.creone.com\/wp-content\/uploads\/2020\/03\/keybox-logotyp.png\" alt=\"KeyBox logo voor sleutelbeheer\">\n\t\t\t\t\t\t\t\n\t\t\t\t\t\t\t\t\t\t\t\t\t\t\t<span class=\"text-primary\">De System-serie<\/span>\n\t\t\t\t\t\t\t\n\t\t\t\t\t\t\t\n\t\t\t\t\t\t\t\t\t\t\t\t\t\t\t<p class=\"text-primary\">Slaat alle gebeurtenissen met elektronische sleutelafgifte op.<\/p>\n\t\t\t\t\t\t\t\n\t\t\t\t\t\t\t\t\t\t\t\t\t\t\t\t\t\t\t\t\t\t\t<a href=\"\/nl\/producten\/keybox\/system\/\" class=\"button btn-link with-arrow\" target=\"\">\n\t\t\t\t\t\t\t\t\tOntdek\t\t\t\t\t\t\t\t<\/a>\n\t\t\t\t\t\t\t\n\t\t\t\t\t\t<\/div>\n\t\t\t\t\t<\/div>\n\t\t\t\t\t\t\t\t\t<div class=\"card\">\n\t\t\t\t\t\t\t\t\t\t\t\t\t\t\t\t\t\t\t\t<img decoding=\"async\" class=\"card-img-top \" src=\"https:\/\/www.creone.com\/wp-content\/uploads\/2020\/03\/9001Baisc-zoomed-480x260.jpg\" alt=\"De KeyBox basic sleutelafgiftekast, ontworpen voor sleutelbeheer\">\n\t\t\t\t\t\t\n\t\t\t\t\t\t<div class=\"card-body text-align-left \">\n\t\t\t\t\t\t\t\t\t\t\t\t\t\t\t<img decoding=\"async\" src=\"https:\/\/www.creone.com\/wp-content\/uploads\/2020\/03\/keybox-logotyp.png\" alt=\"KeyBox logo voor sleutelbeheer\">\n\t\t\t\t\t\t\t\n\t\t\t\t\t\t\t\t\t\t\t\t\t\t\t<span class=\"text-primary\">De Basic-serie<\/span>\n\t\t\t\t\t\t\t\n\t\t\t\t\t\t\t\n\t\t\t\t\t\t\t\t\t\t\t\t\t\t\t<p class=\"text-primary\">De eenvoudigste oplossing voor elektronische sleutelafgifte.<\/p>\n\t\t\t\t\t\t\t\n\t\t\t\t\t\t\t\t\t\t\t\t\t\t\t\t\t\t\t\t\t\t\t<a href=\"\/nl\/producten\/keybox\/basic\/\" class=\"button btn-link with-arrow\" target=\"\">\n\t\t\t\t\t\t\t\t\tOntdek\t\t\t\t\t\t\t\t<\/a>\n\t\t\t\t\t\t\t\n\t\t\t\t\t\t<\/div>\n\t\t\t\t\t<\/div>\n\t\t\t\t\t\t\t<\/div>\n\t\t\t\t\t<div class=\"tab-content card-section\" data-tab-content=\"sleutellijsten\">\n\t\t\t\t\t\t\t\t\t<div class=\"single-card\">\n\t\t\t\t\t\t\t\t\t\t\t\t\t\t\t\t\t\t\t\t<img decoding=\"async\" class=\"card-img-top \" src=\"https:\/\/www.creone.com\/wp-content\/uploads\/2020\/08\/keyrack_rfid_env.jpg\" alt=\"45 stycken intelligenta nyckelister med kontrollbox monterade p\u00e5 v\u00e4gg och nyckelsk\u00e5p f\u00f6r en unik nyckelhantering. \">\n\t\t\t\t\t\t\n\t\t\t\t\t\t<div class=\"card-body text-align-left \">\n\t\t\t\t\t\t\t\t\t\t\t\t\t\t\t<img decoding=\"async\" src=\"https:\/\/www.creone.com\/wp-content\/uploads\/2020\/03\/keyrack-logotyp.png\" alt=\"KeyRack logo voor sleutelbeheer\">\n\t\t\t\t\t\t\t\n\t\t\t\t\t\t\t\n\t\t\t\t\t\t\t\t\t\t\t\t\t\t\t<h3 class=\"text-blue\">Toegankelijk en flexibel sleutelbeheer<\/h3>\n\t\t\t\t\t\t\t\n\t\t\t\t\t\t\t\t\t\t\t\t\t\t\t<p class=\"text-primary\">Koppel uw sleutels met de IntelliPin-sleutelhanger en plaats ze in de vergrendelbare\/niet-vergrendelbare sleutelstrips van het KeyRack-systeem rechtstreeks op de muur of in een kast. Een goed overzicht en de volledige controle over uw sleutels kan niet eenvoudiger<\/p>\n\t\t\t\t\t\t\t\n\t\t\t\t\t\t\t\t\t\t\t\t\t\t\t\t\t\t\t\t\t\t\t<a href=\"\/nl\/producten\/keyrack\/\" class=\"button btn-link with-arrow\" target=\"\">\n\t\t\t\t\t\t\t\t\tOntdek\t\t\t\t\t\t\t\t<\/a>\n\t\t\t\t\t\t\t\n\t\t\t\t\t\t<\/div>\n\t\t\t\t\t<\/div>\n\t\t\t\t\t\t\t<\/div>\n\t\t\t\n<\/section>\n\n\n\n            <section class=\"row-with-separator container\">\n                            <div class=\"content\">\n                    <h3>Boek een demo<\/h3>\n                    <p>\n                        We laten u graag vandaag nog zien hoe u uw sleutels en waardevolle spullen het beste kunt beheren.                     <\/p>\n                    <a class=\"button btn-link with-arrow\" href=\"\/nl\/demo\/\" target=>Boek nu<\/a>\n                <\/div>\n                            <div class=\"content\">\n                    <h3>Vind een dealer<\/h3>\n                    <p>\n                        Zoek op de kaart of gebruik de zoekbalk om een dealer te vinden. Krijg hulp met uw bestaande systeem of bij het kiezen van de juiste oplossing.                     <\/p>\n                    <a class=\"button btn-link with-arrow\" href=\"\/nl\/zoek-dealer\/\" target=>Zoek nu<\/a>\n                <\/div>\n                    <\/section>\n    \n\n\n<p><\/p>\n","protected":false},"excerpt":{"rendered":"<p>Garde GMBH&nbsp; Gemakkelijker handling en hoger beveiligingsniveau voor Garde Garde GMBH is een beveiligingsprovider in Duitsland met hoge kwaliteitsnormen en certificaten heeft op het gebied van kwaliteitsmanagement en beveiligingsdiensten. Het bedrijf is opgericht in 1999 en de bedrijfsnaam is afkomstig van het Franse woord &#8220;garder&#8221;, dat beschermen en bewaken betekent. Garde zet zich er elke [&hellip;]<\/p>\n","protected":false},"author":2,"featured_media":0,"parent":6563,"menu_order":0,"comment_status":"closed","ping_status":"closed","template":"page-without-container.php","meta":{"_acf_changed":false,"content-type":"","footnotes":""},"class_list":["post-18415","page","type-page","status-publish","hentry"],"acf":[],"yoast_head":"<!-- This site is optimized with the Yoast SEO plugin v26.7 - https:\/\/yoast.com\/wordpress\/plugins\/seo\/ -->\n<title>Garde | Creone<\/title>\n<meta name=\"robots\" content=\"index, follow, max-snippet:-1, max-image-preview:large, max-video-preview:-1\" \/>\n<link rel=\"canonical\" href=\"https:\/\/www.creone.com\/nl\/branche-oplossingen\/garde\/\" \/>\n<meta property=\"og:locale\" content=\"nl_NL\" \/>\n<meta property=\"og:type\" content=\"article\" \/>\n<meta property=\"og:title\" content=\"Garde | Creone\" \/>\n<meta property=\"og:description\" content=\"Garde GMBH&nbsp; Gemakkelijker handling en hoger beveiligingsniveau voor Garde Garde GMBH is een beveiligingsprovider in Duitsland met hoge kwaliteitsnormen en certificaten heeft op het gebied van kwaliteitsmanagement en beveiligingsdiensten. Het bedrijf is opgericht in 1999 en de bedrijfsnaam is afkomstig van het Franse woord &#8220;garder&#8221;, dat beschermen en bewaken betekent. Garde zet zich er elke [&hellip;]\" \/>\n<meta property=\"og:url\" content=\"https:\/\/www.creone.com\/nl\/branche-oplossingen\/garde\/\" \/>\n<meta property=\"og:site_name\" content=\"Creone\" \/>\n<meta property=\"article:modified_time\" content=\"2026-01-28T14:57:58+00:00\" \/>\n<meta name=\"twitter:card\" content=\"summary_large_image\" \/>\n<meta name=\"twitter:label1\" content=\"Geschatte leestijd\" \/>\n\t<meta name=\"twitter:data1\" content=\"1 minuut\" \/>\n<script type=\"application\/ld+json\" class=\"yoast-schema-graph\">{\"@context\":\"https:\/\/schema.org\",\"@graph\":[{\"@type\":\"WebPage\",\"@id\":\"https:\/\/www.creone.com\/nl\/branche-oplossingen\/garde\/\",\"url\":\"https:\/\/www.creone.com\/nl\/branche-oplossingen\/garde\/\",\"name\":\"Garde | Creone\",\"isPartOf\":{\"@id\":\"https:\/\/www.creone.com\/nl\/#website\"},\"datePublished\":\"2022-12-09T13:55:06+00:00\",\"dateModified\":\"2026-01-28T14:57:58+00:00\",\"breadcrumb\":{\"@id\":\"https:\/\/www.creone.com\/nl\/branche-oplossingen\/garde\/#breadcrumb\"},\"inLanguage\":\"nl-NL\",\"potentialAction\":[{\"@type\":\"ReadAction\",\"target\":[\"https:\/\/www.creone.com\/nl\/branche-oplossingen\/garde\/\"]}]},{\"@type\":\"BreadcrumbList\",\"@id\":\"https:\/\/www.creone.com\/nl\/branche-oplossingen\/garde\/#breadcrumb\",\"itemListElement\":[{\"@type\":\"ListItem\",\"position\":1,\"name\":\"Home\",\"item\":\"https:\/\/www.creone.com\/nl\/\"},{\"@type\":\"ListItem\",\"position\":2,\"name\":\"Branche-oplossingen\",\"item\":\"https:\/\/www.creone.com\/nl\/industrysolutions\/\"},{\"@type\":\"ListItem\",\"position\":3,\"name\":\"Garde\"}]},{\"@type\":\"WebSite\",\"@id\":\"https:\/\/www.creone.com\/nl\/#website\",\"url\":\"https:\/\/www.creone.com\/nl\/\",\"name\":\"Creone\",\"description\":\"En till WordPress-webbplats\",\"potentialAction\":[{\"@type\":\"SearchAction\",\"target\":{\"@type\":\"EntryPoint\",\"urlTemplate\":\"https:\/\/www.creone.com\/nl\/?s={search_term_string}\"},\"query-input\":{\"@type\":\"PropertyValueSpecification\",\"valueRequired\":true,\"valueName\":\"search_term_string\"}}],\"inLanguage\":\"nl-NL\"}]}<\/script>\n<!-- \/ Yoast SEO plugin. -->","yoast_head_json":{"title":"Garde | Creone","robots":{"index":"index","follow":"follow","max-snippet":"max-snippet:-1","max-image-preview":"max-image-preview:large","max-video-preview":"max-video-preview:-1"},"canonical":"https:\/\/www.creone.com\/nl\/branche-oplossingen\/garde\/","og_locale":"nl_NL","og_type":"article","og_title":"Garde | Creone","og_description":"Garde GMBH&nbsp; Gemakkelijker handling en hoger beveiligingsniveau voor Garde Garde GMBH is een beveiligingsprovider in Duitsland met hoge kwaliteitsnormen en certificaten heeft op het gebied van kwaliteitsmanagement en beveiligingsdiensten. Het bedrijf is opgericht in 1999 en de bedrijfsnaam is afkomstig van het Franse woord &#8220;garder&#8221;, dat beschermen en bewaken betekent. Garde zet zich er elke [&hellip;]","og_url":"https:\/\/www.creone.com\/nl\/branche-oplossingen\/garde\/","og_site_name":"Creone","article_modified_time":"2026-01-28T14:57:58+00:00","twitter_card":"summary_large_image","twitter_misc":{"Geschatte leestijd":"1 minuut"},"schema":{"@context":"https:\/\/schema.org","@graph":[{"@type":"WebPage","@id":"https:\/\/www.creone.com\/nl\/branche-oplossingen\/garde\/","url":"https:\/\/www.creone.com\/nl\/branche-oplossingen\/garde\/","name":"Garde | Creone","isPartOf":{"@id":"https:\/\/www.creone.com\/nl\/#website"},"datePublished":"2022-12-09T13:55:06+00:00","dateModified":"2026-01-28T14:57:58+00:00","breadcrumb":{"@id":"https:\/\/www.creone.com\/nl\/branche-oplossingen\/garde\/#breadcrumb"},"inLanguage":"nl-NL","potentialAction":[{"@type":"ReadAction","target":["https:\/\/www.creone.com\/nl\/branche-oplossingen\/garde\/"]}]},{"@type":"BreadcrumbList","@id":"https:\/\/www.creone.com\/nl\/branche-oplossingen\/garde\/#breadcrumb","itemListElement":[{"@type":"ListItem","position":1,"name":"Home","item":"https:\/\/www.creone.com\/nl\/"},{"@type":"ListItem","position":2,"name":"Branche-oplossingen","item":"https:\/\/www.creone.com\/nl\/industrysolutions\/"},{"@type":"ListItem","position":3,"name":"Garde"}]},{"@type":"WebSite","@id":"https:\/\/www.creone.com\/nl\/#website","url":"https:\/\/www.creone.com\/nl\/","name":"Creone","description":"En till WordPress-webbplats","potentialAction":[{"@type":"SearchAction","target":{"@type":"EntryPoint","urlTemplate":"https:\/\/www.creone.com\/nl\/?s={search_term_string}"},"query-input":{"@type":"PropertyValueSpecification","valueRequired":true,"valueName":"search_term_string"}}],"inLanguage":"nl-NL"}]}},"_links":{"self":[{"href":"https:\/\/www.creone.com\/nl\/wp-json\/wp\/v2\/pages\/18415","targetHints":{"allow":["GET"]}}],"collection":[{"href":"https:\/\/www.creone.com\/nl\/wp-json\/wp\/v2\/pages"}],"about":[{"href":"https:\/\/www.creone.com\/nl\/wp-json\/wp\/v2\/types\/page"}],"author":[{"embeddable":true,"href":"https:\/\/www.creone.com\/nl\/wp-json\/wp\/v2\/users\/2"}],"replies":[{"embeddable":true,"href":"https:\/\/www.creone.com\/nl\/wp-json\/wp\/v2\/comments?post=18415"}],"version-history":[{"count":5,"href":"https:\/\/www.creone.com\/nl\/wp-json\/wp\/v2\/pages\/18415\/revisions"}],"predecessor-version":[{"id":23288,"href":"https:\/\/www.creone.com\/nl\/wp-json\/wp\/v2\/pages\/18415\/revisions\/23288"}],"up":[{"embeddable":true,"href":"https:\/\/www.creone.com\/nl\/wp-json\/wp\/v2\/pages\/6563"}],"wp:attachment":[{"href":"https:\/\/www.creone.com\/nl\/wp-json\/wp\/v2\/media?parent=18415"}],"curies":[{"name":"wp","href":"https:\/\/api.w.org\/{rel}","templated":true}]}}