{"id":8464,"date":"2020-08-11T09:57:48","date_gmt":"2020-08-11T07:57:48","guid":{"rendered":"https:\/\/www.creone.com\/?page_id=8464"},"modified":"2025-11-18T10:07:40","modified_gmt":"2025-11-18T09:07:40","slug":"valuebox","status":"publish","type":"page","link":"https:\/\/www.creone.com\/fr\/produits\/valuebox\/","title":{"rendered":"ValueBox"},"content":{"rendered":"    <section class=\"page-header-section   \">\n\n    <div class=\"text-column\">\n\n        \n                    <h1 class=\"text-blue fade-in-right\">Un contr\u00f4le total de vos objets de valeur <\/h1>\n        \n                    <p class=\"text-primary fade-in\">ValueBox est un syst\u00e8me intelligent pour une gestion des objets et documents de valeur adapt\u00e9 \u00e0 une grand nombre de secteurs tels que le commerce, la banque, la police et la pharmacie. Les armoires-fortes sont disponibles en diff\u00e9rentes conceptions pour les petites entreprises comme pour les grandes.<\/p>\n        \n                    <div class=\"button-row fade-in\">\n                                                        <a href=\"https:\/\/www.creone.com\/fr\/demo\/\" class=\"button btn-dark\">R\u00e9servez une d\u00e9monstration<\/a>\n                \n                            <\/div>\n        \n    <\/div>\n\n            <div class=\"image-column wipe-in-left image-shadow\">\n             <img decoding=\"async\" src=\"https:\/\/www.creone.com\/wp-content\/uploads\/2020\/05\/KB_ENV_13px-1-1600x1600.jpg\" alt=\"ValueBox pour la gestion des objets et documents de valeur et d\u2019effets personnels\" \/>\n        <\/div>\n    \n    <\/section>\n\n    \n\n\n<section class=\"cards-with-tab-nav \">\n\n\t\t\t<h2 class=\"text-center text-blue\">Un syst\u00e8me de stockage flexible<\/h2>\n\t\n\t\t\t\n\t\t\t<div class=\"tabnav\">\n\t\t\t\t<ul>\n\t\t\t\t\t\t\t\t\t\t\t\t\t\t\t\t\t\t\t\t<\/ul>\n\t\t\t<\/div>\n\t\t\n\t\t\t\t\t<div class=\"tab-content card-section\" data-tab-content=\"\">\n\t\t\t\t\t\t\t\t\t<div class=\"card\">\n\t\t\t\t\t\t\t\t\t\t\t\t\t\t\t\t\t\t\t\t<img decoding=\"async\" class=\"card-img-top \" src=\"https:\/\/www.creone.com\/wp-content\/uploads\/2020\/03\/Product_detail_E1-adjusted-480x260.jpg\" alt=\"Armoire ValueBox SC de la s\u00e9rie Control dans un environnement de bureau\">\n\t\t\t\t\t\t\n\t\t\t\t\t\t<div class=\"card-body text-align-left \">\n\t\t\t\t\t\t\t\t\t\t\t\t\t\t\t<img decoding=\"async\" src=\"https:\/\/www.creone.com\/wp-content\/uploads\/2020\/03\/Valuebox-logotyp.png\" alt=\"Logo ValueBox pour la manipulation d\u2019objets ou de documents de valeur\">\n\t\t\t\t\t\t\t\n\t\t\t\t\t\t\t\t\t\t\t\t\t\t\t<span class=\"text-primary\">La gamme Control<\/span>\n\t\t\t\t\t\t\t\n\t\t\t\t\t\t\t\n\t\t\t\t\t\t\t\t\t\t\t\t\t\t\t<p class=\"text-primary\">Un syst\u00e8me intelligent avec identification \u00e9lectronique. <\/p>\n\t\t\t\t\t\t\t\n\t\t\t\t\t\t\t\t\t\t\t\t\t\t\t\t\t\t\t\t\t\t\t<a href=\"\/fr\/produits\/valuebox\/control\/\" class=\"button btn-link with-arrow\" target=\"\">\n\t\t\t\t\t\t\t\t\tExplorer\t\t\t\t\t\t\t\t<\/a>\n\t\t\t\t\t\t\t\n\t\t\t\t\t\t<\/div>\n\t\t\t\t\t<\/div>\n\t\t\t\t\t\t\t\t\t<div class=\"card\">\n\t\t\t\t\t\t\t\t\t\t\t\t\t\t\t\t\t\t\t\t<img decoding=\"async\" class=\"card-img-top \" src=\"https:\/\/www.creone.com\/wp-content\/uploads\/2020\/03\/Valuebox-System-display-480x260.jpg\" alt=\"Gros plan de la solution de l\u2019\u00e9cran du syst\u00e8me ValueBox con\u00e7u pour la gestion des objets de valeur et des effets personnels\">\n\t\t\t\t\t\t\n\t\t\t\t\t\t<div class=\"card-body text-align-left \">\n\t\t\t\t\t\t\t\t\t\t\t\t\t\t\t<img decoding=\"async\" src=\"https:\/\/www.creone.com\/wp-content\/uploads\/2020\/03\/Valuebox-logotyp.png\" alt=\"Logo ValueBox pour la manipulation d\u2019objets ou de documents de valeur\">\n\t\t\t\t\t\t\t\n\t\t\t\t\t\t\t\t\t\t\t\t\t\t\t<span class=\"text-primary\">La gamme System<\/span>\n\t\t\t\t\t\t\t\n\t\t\t\t\t\t\t\n\t\t\t\t\t\t\t\t\t\t\t\t\t\t\t<p class=\"text-primary\">Enregistre tout ce qui se passe pour chaque retrait \u00e9lectronique.<\/p>\n\t\t\t\t\t\t\t\n\t\t\t\t\t\t\t\t\t\t\t\t\t\t\t\t\t\t\t\t\t\t\t<a href=\"\/fr\/produits\/valuebox\/system\/\" class=\"button btn-link with-arrow\" target=\"\">\n\t\t\t\t\t\t\t\t\tExplorer\t\t\t\t\t\t\t\t<\/a>\n\t\t\t\t\t\t\t\n\t\t\t\t\t\t<\/div>\n\t\t\t\t\t<\/div>\n\t\t\t\t\t\t\t\t\t<div class=\"card\">\n\t\t\t\t\t\t\t\t\t\t\t\t\t\t\t\t\t\t\t\t<img decoding=\"async\" class=\"card-img-top \" src=\"https:\/\/www.creone.com\/wp-content\/uploads\/2020\/03\/Valuebox-Basic-display-480x260.jpg\" alt=\"Gros plan du clavier du syst\u00e8me ValueBox con\u00e7u pour la gestion des objets de valeur et des effets personnels\">\n\t\t\t\t\t\t\n\t\t\t\t\t\t<div class=\"card-body text-align-left \">\n\t\t\t\t\t\t\t\t\t\t\t\t\t\t\t<img decoding=\"async\" src=\"https:\/\/www.creone.com\/wp-content\/uploads\/2020\/03\/Valuebox-logotyp.png\" alt=\"Logo ValueBox pour la manipulation d\u2019objets ou de documents de valeur\">\n\t\t\t\t\t\t\t\n\t\t\t\t\t\t\t\t\t\t\t\t\t\t\t<span class=\"text-primary\">La gamme Basic<\/span>\n\t\t\t\t\t\t\t\n\t\t\t\t\t\t\t\n\t\t\t\t\t\t\t\t\t\t\t\t\t\t\t<p class=\"text-primary\">La solution de retrait \u00e9lectronique la plus simple.<\/p>\n\t\t\t\t\t\t\t\n\t\t\t\t\t\t\t\t\t\t\t\t\t\t\t\t\t\t\t\t\t\t\t<a href=\"\/fr\/produits\/valuebox\/basic\/\" class=\"button btn-link with-arrow\" target=\"\">\n\t\t\t\t\t\t\t\t\tExplorer\t\t\t\t\t\t\t\t<\/a>\n\t\t\t\t\t\t\t\n\t\t\t\t\t\t<\/div>\n\t\t\t\t\t<\/div>\n\t\t\t\t\t\t\t<\/div>\n\t\t\t\n<\/section>\n\n\n\n\n    <section class=\"text-image-column-section image-left \">\n\n        <div class=\"text-column\">\n\n            \n                            <h2 class=\"text-blue fade-in\">Ce qui est important exigent un stockage s\u00e9curis\u00e9<\/h2>\n            \n                            <p class=\"text-primary fade-in\">De nombreuses entreprises et organisations ont des biens de valeur ou des objets qui n\u00e9cessitent un contr\u00f4le m\u00e9ticuleux. Avec ValueBox, vous avez la possibilit\u00e9 de les conserver dans des compartiments individuels et pouvez d\u00e9cider qui parmi le personnel aura acc\u00e8s \u00e0 tel ou tel compartiment. Voici quelques exemples de choses qui ont besoin d\u2019un stockage s\u00fbr.<\/p>\n            \n                            <ul class=\"fade-in\">\n                                            <li class=\"text-primary\">Les clients de pharmacie retirent eux-m\u00eames leurs m\u00e9dicaments <\/li>\n                                            <li class=\"text-primary\">Les instruments de travail les plus importants de la police<\/li>\n                                            <li class=\"text-primary\">Les employ\u00e9s peuvent avoir chacun leur propre compartiment pour leurs effets personnels<\/li>\n                                    <\/ul>\n            \n            \n            \n        <\/div>\n\n                    <div class=\"image-column fade-in-right\">\n                <img decoding=\"async\" src=\"https:\/\/www.creone.com\/wp-content\/uploads\/2020\/04\/7005S-Medicals.jpg\" alt=\"Armoire-forte 7005 S dans la s\u00e9rie System. Montage mural d\u2019un compartiment ouvert contenant des m\u00e9dicaments \u00e0 collecter.\">\n            <\/div>\n        \n    <\/section>\n\n\n\n\n    <section class=\"text-image-column-section image-right \">\n\n        <div class=\"text-column\">\n\n            \n                            <h2 class=\"text-blue fade-in\">Facilit\u00e9 d\u2019utilisation et capacit\u00e9 suffisante<\/h2>\n            \n                            <p class=\"text-primary fade-in\">Les solutions de nos gammes control sont faites pour ceux qui aiment l\u2019ordre. Vous avez le contr\u00f4le et la main sur la gestion de vos cl\u00e9s et le stockage des objets de valeur.<\/p>\n            \n                            <ul class=\"fade-in\">\n                                            <li class=\"text-primary\">Tout ce qui se passe est enregistr\u00e9 par le syst\u00e8me<\/li>\n                                            <li class=\"text-primary\">Administration facile et lisible<\/li>\n                                            <li class=\"text-primary\">Contr\u00f4le de chaque op\u00e9ration de retrait<\/li>\n                                    <\/ul>\n            \n            \n            \n        <\/div>\n\n                    <div class=\"image-column fade-in-left\">\n                <img decoding=\"async\" src=\"https:\/\/www.creone.com\/wp-content\/uploads\/2020\/03\/KeyWin6screens_box_SE_outline.jpg\" alt=\"Quelques visuels du programme de gestion de cl\u00e9s KeyWin6\">\n            <\/div>\n        \n    <\/section>\n\n\n\n\n    <section class=\"text-image-column-section image-left \">\n\n        <div class=\"text-column\">\n\n            \n                            <h2 class=\"text-blue fade-in\">Flexible pour pouvoir \u00e9voluer en m\u00eame temps que vos besoins<\/h2>\n            \n                            <p class=\"text-primary fade-in\">Il est peu probable que demain, votre entreprise soit identique \u00e0 ce qu\u2019elle est aujourd\u2019hui. C\u2019est la raison pour laquelle nous voulons que tous nos syst\u00e8mes soient flexibles, pour vous permettre de les adapter au fur et \u00e0 mesure que vos besoins changent.<\/p>\n            \n                            <ul class=\"fade-in\">\n                                            <li class=\"text-primary\">Nos solutions sont une garantie pour l\u2019avenir<\/li>\n                                            <li class=\"text-primary\">Commencez par choisir une solution appropri\u00e9e \u00e0 vos besoins actuels<\/li>\n                                            <li class=\"text-primary\">Adaptez la ensuite au fur et \u00e0 mesure que vos besoins augmentent<\/li>\n                                    <\/ul>\n            \n            \n            \n        <\/div>\n\n                    <div class=\"image-column fade-in-right\">\n                <img decoding=\"async\" src=\"https:\/\/www.creone.com\/wp-content\/uploads\/2020\/04\/VBSystemExpansion-storeHuFINAL.jpg\" alt=\"Armoire-forte 7004 S de la s\u00e9rie System avec une armoire 7006 S de la s\u00e9rie Expansion. Montage mural dans un magasin avec une porte ouverte laissant voir un sac.\">\n            <\/div>\n        \n    <\/section>\n\n\n\n\n    <section class=\"text-image-column-section image-right \">\n\n        <div class=\"text-column\">\n\n            \n                            <h2 class=\"text-blue fade-in\">L\u2019int\u00e9gration \u00e0 vos autres syst\u00e8mes de contr\u00f4le d\u2019acc\u00e8s<\/h2>\n            \n                            <p class=\"text-primary fade-in\">L\u2019administration de syst\u00e8mes diff\u00e9rents implique souvent de faire les choses deux fois et donc aussi un risque d\u2019erreurs. A la place, KeyWin peut \u00eatre int\u00e9gr\u00e9 \u00e0 des syst\u00e8mes sup\u00e9rieurs existants comme des syst\u00e8mes de contr\u00f4le d\u2019acc\u00e8s, des unit\u00e9s d\u2019alarme, des syst\u00e8mes de location de voiture, des syst\u00e8mes h\u00f4teliers etc.<\/p>\n            \n                            <ul class=\"fade-in\">\n                                            <li class=\"text-primary\">Simplifiez votre administration quotidienne<\/li>\n                                            <li class=\"text-primary\">S\u2019int\u00e8gre aux syst\u00e8mes de s\u00e9curit\u00e9 ARX les plus appr\u00e9ci\u00e9s<\/li>\n                                            <li class=\"text-primary\">API int\u00e9gr\u00e9 pour permettre l\u2019auto-d\u00e9veloppement<\/li>\n                                    <\/ul>\n            \n                            <div class=\"logotype-wrapper fade-in\">\n                                            <div class=\"logotype\">\n                            <img decoding=\"async\" src=\"https:\/\/www.creone.com\/wp-content\/uploads\/2020\/03\/systemplattformar-arx-1.png\" alt=\"Int\u00e9grations de la gestion de cl\u00e9s \u00e0 diff\u00e9rents syst\u00e8mes d\u2019acc\u00e8s\" \/>\n                        <\/div>\n                                            <div class=\"logotype\">\n                            <img decoding=\"async\" src=\"https:\/\/www.creone.com\/wp-content\/uploads\/2020\/08\/gallagher-logo.jpg\" alt=\"Int\u00e9gration du logiciel de gestion des cl\u00e9s KeyWin \u00e0 la plate-forme de s\u00e9curit\u00e9 Command Centre\" \/>\n                        <\/div>\n                                    <\/div>\n            \n                            <a href=\"\/fr\/produits\/keywin\/integration\/\" class=\"button btn-link with-arrow fade-in\" title=\"Explorer\" target=\"\">\n                    Explorer                <\/a>\n            \n        <\/div>\n\n                    <div class=\"image-column fade-in-left\">\n                <img decoding=\"async\" src=\"https:\/\/www.creone.com\/wp-content\/uploads\/2020\/05\/Integration-engine.png\" alt=\"KeyWin est dot\u00e9 d\u2019un moteur d\u2019int\u00e9gration qui vous permet de connecter votre syst\u00e8me de contr\u00f4le des acc\u00e8s avec des armoires \u00e0 cl\u00e9s\">\n            <\/div>\n        \n    <\/section>\n\n\n\n\n    <section class=\"text-image-column-section image-left \">\n\n        <div class=\"text-column\">\n\n                            <img decoding=\"async\" class=\"text-column-logotype fade-in\" src=\"https:\/\/www.creone.com\/wp-content\/uploads\/2025\/11\/keywin6-logotyp.png\" alt=\"Le logo de KeyWin6 qui est un logiciel pour les syst\u00e8mes de gestion des cl\u00e9s\" \/>\n            \n                            <h2 class=\"text-blue fade-in\">Prenez le contr\u00f4le. Facile \u00e0 utiliser. Facile \u00e0 g\u00e9rer.<\/h2>\n            \n                            <p class=\"text-primary fade-in\">KeyWin6 est un d\u00e9veloppement de l&rsquo;outil le plus complet du march\u00e9 pour la gestion s\u00e9curis\u00e9e des cl\u00e9s et des valeurs. Un ou plusieurs administrateurs g\u00e8rent avec une grande pr\u00e9cision les armoires \u00e0 cl\u00e9s et les cl\u00e9s, o\u00f9 qu&rsquo;ils se trouvent dans le monde.<\/p>\n            \n                            <ul class=\"fade-in\">\n                                            <li class=\"text-primary\">Un service Cloud puissant pour un acc\u00e8s facile<\/li>\n                                            <li class=\"text-primary\">Trouvez facilement l\u2019utilisateur ou la cl\u00e9 que vous recherchez<\/li>\n                                            <li class=\"text-primary\">Int\u00e9gration via API ou via un moteur de synchronisation<\/li>\n                                    <\/ul>\n            \n            \n                            <a href=\"\/fr\/produits\/keywin\/keywin6\/\" class=\"button btn-link with-arrow fade-in\" title=\"Explorer\" target=\"\">\n                    Explorer                <\/a>\n            \n        <\/div>\n\n                    <div class=\"image-column fade-in-right\">\n                <img decoding=\"async\" src=\"https:\/\/www.creone.com\/wp-content\/uploads\/2022\/03\/Keywin6_desktop.jpg\" alt=\"KeyWin est un logiciel de gestion de cl\u00e9s.\">\n            <\/div>\n        \n    <\/section>\n\n\n\n\n    <section class=\"card-section two-columns-section \">\n                                    <div class=\"card\">\n                                                                    <img decoding=\"async\" class=\"card-img-top\" src=\"https:\/\/www.creone.com\/wp-content\/uploads\/2020\/05\/iStock-1153175962-resize-480x260.jpg\" alt=\"Ce concessionnaire g\u00e8re toutes ses cl\u00e9s de voiture gr\u00e2ce \u00e0 des armoires \u00e0 cl\u00e9s intelligentes\">\n                    \n                    <div class=\"card-body text-align-center\">\n\n                        \n                                                    <span class=\"headline\">Concessionnaires automobiles<\/span>\n                        \n                                                    <h3 class=\"text-blue\">Un grand nombre de cl\u00e9s sont en circulation chez un concessionnaire <\/h3>\n                        \n                                                    <p class=\"text-primary\">Les clients se succ\u00e8dent \u00e0 un rythme \u00e9lev\u00e9.<\/p>\n                        \n                                                                                <a href=\"\/fr\/sectorielles\/concessionnaire-automobile\/\" class=\"button btn-link with-arrow\" target=\"\">\n                                En savoir plus                            <\/a>\n                        \n                    <\/div>\n                <\/div>\n                            <div class=\"card\">\n                                                                    <img decoding=\"async\" class=\"card-img-top\" src=\"https:\/\/www.creone.com\/wp-content\/uploads\/2020\/03\/GettyImages-1125363243-480x260.jpg\" alt=\"Stockage de cl\u00e9s dans un service de sant\u00e9\">\n                    \n                    <div class=\"card-body text-align-center\">\n\n                        \n                                                    <span class=\"headline\">Services de sant\u00e9<\/span>\n                        \n                                                    <h3 class=\"text-blue\">Quand les \u00e9quipes changent et les quittance manuelles sont trop nombreuses<\/h3>\n                        \n                                                    <p class=\"text-primary\">Le rythme rapide que connaissent les services de sant\u00e9 impose de grandes exigences en mati\u00e8re d\u2019accessibilit\u00e9 des cl\u00e9s.<\/p>\n                        \n                                                                                <a href=\"\/fr\/sectorielles\/soins-et-sante\/\" class=\"button btn-link with-arrow\" target=\"\">\n                                En savoir plus                            <\/a>\n                        \n                    <\/div>\n                <\/div>\n                        <\/section>\n\n\n\n            <section class=\"row-with-separator \">\n                            <div class=\"content\">\n                    <h3>R\u00e9servez une d\u00e9monstration !<\/h3>\n                    <p>\n                        Laissez-nous vous montrer d\u00e8s aujourd\u2019hui comment vous pouvez g\u00e9rer vos objets et documents de valeur de la meilleure mani\u00e8re possible.                     <\/p>\n                    <a class=\"button btn-link with-arrow\" href=\"\/fr\/demo\/\" target=>R\u00e9servez maintenant<\/a>\n                <\/div>\n                            <div class=\"content\">\n                    <h3>Trouver votre revendeur<\/h3>\n                    <p>\n                        Recherchez sur la carte ou utilisez la barre de recherche pour trouver un revendeur. Nous pouvons vous aider \u00e0 choisir la bonne solution par rapport \u00e0 votre syst\u00e8me existant.                     <\/p>\n                    <a class=\"button btn-link with-arrow\" href=\"\/fr\/trouver-un-revendeur\/\" target=>Trouver maintenant<\/a>\n                <\/div>\n                    <\/section>\n    ","protected":false},"excerpt":{"rendered":"","protected":false},"author":2,"featured_media":0,"parent":10240,"menu_order":3,"comment_status":"closed","ping_status":"closed","template":"","meta":{"_acf_changed":false,"content-type":"","footnotes":""},"class_list":["post-8464","page","type-page","status-publish","hentry"],"acf":[],"yoast_head":"<!-- This site is optimized with the Yoast SEO plugin v26.7 - https:\/\/yoast.com\/wordpress\/plugins\/seo\/ -->\n<title>Armoires-fortes et armoires \u00e0 pharmacie | ValueBox | Creone<\/title>\n<meta name=\"description\" content=\"Les armoires-fortes et armoires \u00e0 pharmacie de la gamme ValueBox offrent des syst\u00e8mes de stockage de produits m\u00e9dicaux et d\u2019objets de valeur.\" \/>\n<meta name=\"robots\" content=\"index, follow, max-snippet:-1, max-image-preview:large, max-video-preview:-1\" \/>\n<link rel=\"canonical\" href=\"https:\/\/www.creone.com\/fr\/produits\/valuebox\/\" \/>\n<meta property=\"og:locale\" content=\"fr_FR\" \/>\n<meta property=\"og:type\" content=\"article\" \/>\n<meta property=\"og:title\" content=\"Armoires-fortes et armoires \u00e0 pharmacie | ValueBox | Creone\" \/>\n<meta property=\"og:description\" content=\"Les armoires-fortes et armoires \u00e0 pharmacie de la gamme ValueBox offrent des syst\u00e8mes de stockage de produits m\u00e9dicaux et d\u2019objets de valeur.\" \/>\n<meta property=\"og:url\" content=\"https:\/\/www.creone.com\/fr\/produits\/valuebox\/\" \/>\n<meta property=\"og:site_name\" content=\"Creone\" \/>\n<meta property=\"article:modified_time\" content=\"2025-11-18T09:07:40+00:00\" \/>\n<meta name=\"twitter:card\" content=\"summary_large_image\" \/>\n<script type=\"application\/ld+json\" class=\"yoast-schema-graph\">{\"@context\":\"https:\/\/schema.org\",\"@graph\":[{\"@type\":\"WebPage\",\"@id\":\"https:\/\/www.creone.com\/fr\/produits\/valuebox\/\",\"url\":\"https:\/\/www.creone.com\/fr\/produits\/valuebox\/\",\"name\":\"Armoires-fortes et armoires \u00e0 pharmacie | ValueBox | Creone\",\"isPartOf\":{\"@id\":\"https:\/\/www.creone.com\/fr\/#website\"},\"datePublished\":\"2020-08-11T07:57:48+00:00\",\"dateModified\":\"2025-11-18T09:07:40+00:00\",\"description\":\"Les armoires-fortes et armoires \u00e0 pharmacie de la gamme ValueBox offrent des syst\u00e8mes de stockage de produits m\u00e9dicaux et d\u2019objets de valeur.\",\"breadcrumb\":{\"@id\":\"https:\/\/www.creone.com\/fr\/produits\/valuebox\/#breadcrumb\"},\"inLanguage\":\"fr-FR\",\"potentialAction\":[{\"@type\":\"ReadAction\",\"target\":[\"https:\/\/www.creone.com\/fr\/produits\/valuebox\/\"]}]},{\"@type\":\"BreadcrumbList\",\"@id\":\"https:\/\/www.creone.com\/fr\/produits\/valuebox\/#breadcrumb\",\"itemListElement\":[{\"@type\":\"ListItem\",\"position\":1,\"name\":\"Home\",\"item\":\"https:\/\/www.creone.com\/fr\/\"},{\"@type\":\"ListItem\",\"position\":2,\"name\":\"Produits\",\"item\":\"https:\/\/www.creone.com\/fr\/produits\/\"},{\"@type\":\"ListItem\",\"position\":3,\"name\":\"ValueBox\"}]},{\"@type\":\"WebSite\",\"@id\":\"https:\/\/www.creone.com\/fr\/#website\",\"url\":\"https:\/\/www.creone.com\/fr\/\",\"name\":\"Creone\",\"description\":\"En till WordPress-webbplats\",\"potentialAction\":[{\"@type\":\"SearchAction\",\"target\":{\"@type\":\"EntryPoint\",\"urlTemplate\":\"https:\/\/www.creone.com\/fr\/?s={search_term_string}\"},\"query-input\":{\"@type\":\"PropertyValueSpecification\",\"valueRequired\":true,\"valueName\":\"search_term_string\"}}],\"inLanguage\":\"fr-FR\"}]}<\/script>\n<!-- \/ Yoast SEO plugin. -->","yoast_head_json":{"title":"Armoires-fortes et armoires \u00e0 pharmacie | ValueBox | Creone","description":"Les armoires-fortes et armoires \u00e0 pharmacie de la gamme ValueBox offrent des syst\u00e8mes de stockage de produits m\u00e9dicaux et d\u2019objets de valeur.","robots":{"index":"index","follow":"follow","max-snippet":"max-snippet:-1","max-image-preview":"max-image-preview:large","max-video-preview":"max-video-preview:-1"},"canonical":"https:\/\/www.creone.com\/fr\/produits\/valuebox\/","og_locale":"fr_FR","og_type":"article","og_title":"Armoires-fortes et armoires \u00e0 pharmacie | ValueBox | Creone","og_description":"Les armoires-fortes et armoires \u00e0 pharmacie de la gamme ValueBox offrent des syst\u00e8mes de stockage de produits m\u00e9dicaux et d\u2019objets de valeur.","og_url":"https:\/\/www.creone.com\/fr\/produits\/valuebox\/","og_site_name":"Creone","article_modified_time":"2025-11-18T09:07:40+00:00","twitter_card":"summary_large_image","schema":{"@context":"https:\/\/schema.org","@graph":[{"@type":"WebPage","@id":"https:\/\/www.creone.com\/fr\/produits\/valuebox\/","url":"https:\/\/www.creone.com\/fr\/produits\/valuebox\/","name":"Armoires-fortes et armoires \u00e0 pharmacie | ValueBox | Creone","isPartOf":{"@id":"https:\/\/www.creone.com\/fr\/#website"},"datePublished":"2020-08-11T07:57:48+00:00","dateModified":"2025-11-18T09:07:40+00:00","description":"Les armoires-fortes et armoires \u00e0 pharmacie de la gamme ValueBox offrent des syst\u00e8mes de stockage de produits m\u00e9dicaux et d\u2019objets de valeur.","breadcrumb":{"@id":"https:\/\/www.creone.com\/fr\/produits\/valuebox\/#breadcrumb"},"inLanguage":"fr-FR","potentialAction":[{"@type":"ReadAction","target":["https:\/\/www.creone.com\/fr\/produits\/valuebox\/"]}]},{"@type":"BreadcrumbList","@id":"https:\/\/www.creone.com\/fr\/produits\/valuebox\/#breadcrumb","itemListElement":[{"@type":"ListItem","position":1,"name":"Home","item":"https:\/\/www.creone.com\/fr\/"},{"@type":"ListItem","position":2,"name":"Produits","item":"https:\/\/www.creone.com\/fr\/produits\/"},{"@type":"ListItem","position":3,"name":"ValueBox"}]},{"@type":"WebSite","@id":"https:\/\/www.creone.com\/fr\/#website","url":"https:\/\/www.creone.com\/fr\/","name":"Creone","description":"En till WordPress-webbplats","potentialAction":[{"@type":"SearchAction","target":{"@type":"EntryPoint","urlTemplate":"https:\/\/www.creone.com\/fr\/?s={search_term_string}"},"query-input":{"@type":"PropertyValueSpecification","valueRequired":true,"valueName":"search_term_string"}}],"inLanguage":"fr-FR"}]}},"_links":{"self":[{"href":"https:\/\/www.creone.com\/fr\/wp-json\/wp\/v2\/pages\/8464","targetHints":{"allow":["GET"]}}],"collection":[{"href":"https:\/\/www.creone.com\/fr\/wp-json\/wp\/v2\/pages"}],"about":[{"href":"https:\/\/www.creone.com\/fr\/wp-json\/wp\/v2\/types\/page"}],"author":[{"embeddable":true,"href":"https:\/\/www.creone.com\/fr\/wp-json\/wp\/v2\/users\/2"}],"replies":[{"embeddable":true,"href":"https:\/\/www.creone.com\/fr\/wp-json\/wp\/v2\/comments?post=8464"}],"version-history":[{"count":17,"href":"https:\/\/www.creone.com\/fr\/wp-json\/wp\/v2\/pages\/8464\/revisions"}],"predecessor-version":[{"id":22670,"href":"https:\/\/www.creone.com\/fr\/wp-json\/wp\/v2\/pages\/8464\/revisions\/22670"}],"up":[{"embeddable":true,"href":"https:\/\/www.creone.com\/fr\/wp-json\/wp\/v2\/pages\/10240"}],"wp:attachment":[{"href":"https:\/\/www.creone.com\/fr\/wp-json\/wp\/v2\/media?parent=8464"}],"curies":[{"name":"wp","href":"https:\/\/api.w.org\/{rel}","templated":true}]}}