{"id":7603,"date":"2020-07-27T12:00:37","date_gmt":"2020-07-27T10:00:37","guid":{"rendered":"https:\/\/www.creone.com\/?page_id=7603"},"modified":"2021-03-09T09:14:57","modified_gmt":"2021-03-09T08:14:57","slug":"demo","status":"publish","type":"page","link":"https:\/\/www.creone.com\/fr\/demo\/","title":{"rendered":"D\u00e9monstration"},"content":{"rendered":"        <div class=\"container-fluid bread-border\">\n            <div class=\"container\">\n                <div class=\"row\">\n                    <div class=\"col-12\">\n                                            <\/div>\n                <\/div>\n            <\/div>\n        <\/div>\n        <section class=\"full-width-form form-page-header \">\n        <div class=\"container d-flex flex-wrap\">\n            <div class=\"content\">\n                                    <h1 class=\"fade-in\">R\u00e9servez une d\u00e9monstration<\/h1>\n                                                    <p class=\"fade-in\">Laissez-nous vous montrer comment vous pouvez g\u00e9rer vos cl\u00e9s et assurer le rangement des effets personnels de la meilleure mani\u00e8re possible.  <\/p>\n                                                    <img decoding=\"async\" src=\"https:\/\/www.creone.com\/wp-content\/uploads\/2020\/04\/KeyWin6screens_box_SE_outline-4-900x450.png\" alt=\"\" srcset=\"https:\/\/www.creone.com\/wp-content\/uploads\/2020\/04\/KeyWin6screens_box_SE_outline-4-900x450.png 1x, https:\/\/www.creone.com\/wp-content\/uploads\/2020\/04\/KeyWin6screens_box_SE_outline-4-1750x900.png 2x\" class=\"fade-in-up\">\n                            <\/div>\n\n            <div class=\"hubspot-form-container fade-in-left\">\n                                                    <script charset=\"utf-8\" type=\"text\/javascript\" src=\"\/\/js.hsforms.net\/forms\/shell.js\"><\/script> <script>   hbspt.forms.create({ \tportalId: \"6969693\", \tformId: \"2624771b-2ce8-4d39-879e-802f7268961d\" }); <\/script>                            <\/div>\n\n                            <div class=\"reference-container w-100\">\n                                            <h2>Clients qui utilisent notre syst\u00e8me de gestion de cl\u00e9s<\/h2>\n                    \n                    <div class=\"reference-grid\">\n                                                    <div class=\"logotype fade-in\">\n                                <img decoding=\"async\" src=\"https:\/\/www.creone.com\/wp-content\/uploads\/2020\/03\/ginatrictos-logotyp.png\" alt=\"Gina Tricot utilise ValueBox pour le stockage des choses de valeur et les effets personnels\" \/>\n                            <\/div>\n                                                    <div class=\"logotype fade-in\">\n                                <img decoding=\"async\" src=\"https:\/\/www.creone.com\/wp-content\/uploads\/2020\/03\/G4S-logotyp.png\" alt=\"G4S utilise le syst\u00e8me de gestion des cl\u00e9s KeyBox\" \/>\n                            <\/div>\n                                                    <div class=\"logotype fade-in\">\n                                <img decoding=\"async\" src=\"https:\/\/www.creone.com\/wp-content\/uploads\/2020\/03\/bosch-logotyp.png\" alt=\"Bosch utilise des armoires \u00e0 cl\u00e9s KeyBox\" \/>\n                            <\/div>\n                                                    <div class=\"logotype fade-in\">\n                                <img decoding=\"async\" src=\"https:\/\/www.creone.com\/wp-content\/uploads\/2020\/03\/Heineken_logo.png\" alt=\"Heineken utilise le syst\u00e8me de gestion des cl\u00e9s KeyWin\" \/>\n                            <\/div>\n                                                    <div class=\"logotype fade-in\">\n                                <img decoding=\"async\" src=\"https:\/\/www.creone.com\/wp-content\/uploads\/2020\/03\/hilton-logotyp.png\" alt=\"L\u2019H\u00f4tel Hilton a achet\u00e9 tr\u00e8s t\u00f4t des armoires \u00e0 cl\u00e9s de la gamme KeyBox System\" \/>\n                            <\/div>\n                                            <\/div>\n\n                <\/div>\n                    <\/div>\n    <\/section>\n\n","protected":false},"excerpt":{"rendered":"","protected":false},"author":2,"featured_media":0,"parent":0,"menu_order":0,"comment_status":"closed","ping_status":"closed","template":"page-without-container.php","meta":{"_acf_changed":false,"content-type":"","footnotes":""},"class_list":["post-7603","page","type-page","status-publish","hentry"],"acf":[],"yoast_head":"<!-- This site is optimized with the Yoast SEO plugin v26.7 - https:\/\/yoast.com\/wordpress\/plugins\/seo\/ -->\n<title>R\u00e9servez une d\u00e9monstration | Gestion intelligente des cl\u00e9s | Creone<\/title>\n<meta name=\"description\" content=\"R\u00e9servez une d\u00e9mo pour que nous puissions vous montrer comment vous pouvez am\u00e9liorer la gestion de vos cl\u00e9s en utilisant l\u2019interface simple et facile d\u2019utilisation de notre syst\u00e8me de gestion de cl\u00e9s.\" \/>\n<meta name=\"robots\" content=\"index, follow, max-snippet:-1, max-image-preview:large, max-video-preview:-1\" \/>\n<link rel=\"canonical\" href=\"https:\/\/www.creone.com\/fr\/demo\/\" \/>\n<meta property=\"og:locale\" content=\"fr_FR\" \/>\n<meta property=\"og:type\" content=\"article\" \/>\n<meta property=\"og:title\" content=\"R\u00e9servez une d\u00e9monstration | Gestion intelligente des cl\u00e9s | Creone\" \/>\n<meta property=\"og:description\" content=\"R\u00e9servez une d\u00e9mo pour que nous puissions vous montrer comment vous pouvez am\u00e9liorer la gestion de vos cl\u00e9s en utilisant l\u2019interface simple et facile d\u2019utilisation de notre syst\u00e8me de gestion de cl\u00e9s.\" \/>\n<meta property=\"og:url\" content=\"https:\/\/www.creone.com\/fr\/demo\/\" \/>\n<meta property=\"og:site_name\" content=\"Creone\" \/>\n<meta property=\"article:modified_time\" content=\"2021-03-09T08:14:57+00:00\" \/>\n<meta name=\"twitter:card\" content=\"summary_large_image\" \/>\n<script type=\"application\/ld+json\" class=\"yoast-schema-graph\">{\"@context\":\"https:\/\/schema.org\",\"@graph\":[{\"@type\":\"WebPage\",\"@id\":\"https:\/\/www.creone.com\/fr\/demo\/\",\"url\":\"https:\/\/www.creone.com\/fr\/demo\/\",\"name\":\"R\u00e9servez une d\u00e9monstration | Gestion intelligente des cl\u00e9s | Creone\",\"isPartOf\":{\"@id\":\"https:\/\/www.creone.com\/fr\/#website\"},\"datePublished\":\"2020-07-27T10:00:37+00:00\",\"dateModified\":\"2021-03-09T08:14:57+00:00\",\"description\":\"R\u00e9servez une d\u00e9mo pour que nous puissions vous montrer comment vous pouvez am\u00e9liorer la gestion de vos cl\u00e9s en utilisant l\u2019interface simple et facile d\u2019utilisation de notre syst\u00e8me de gestion de cl\u00e9s.\",\"breadcrumb\":{\"@id\":\"https:\/\/www.creone.com\/fr\/demo\/#breadcrumb\"},\"inLanguage\":\"fr-FR\",\"potentialAction\":[{\"@type\":\"ReadAction\",\"target\":[\"https:\/\/www.creone.com\/fr\/demo\/\"]}]},{\"@type\":\"BreadcrumbList\",\"@id\":\"https:\/\/www.creone.com\/fr\/demo\/#breadcrumb\",\"itemListElement\":[{\"@type\":\"ListItem\",\"position\":1,\"name\":\"Home\",\"item\":\"https:\/\/www.creone.com\/fr\/\"},{\"@type\":\"ListItem\",\"position\":2,\"name\":\"D\u00e9monstration\"}]},{\"@type\":\"WebSite\",\"@id\":\"https:\/\/www.creone.com\/fr\/#website\",\"url\":\"https:\/\/www.creone.com\/fr\/\",\"name\":\"Creone\",\"description\":\"En till WordPress-webbplats\",\"potentialAction\":[{\"@type\":\"SearchAction\",\"target\":{\"@type\":\"EntryPoint\",\"urlTemplate\":\"https:\/\/www.creone.com\/fr\/?s={search_term_string}\"},\"query-input\":{\"@type\":\"PropertyValueSpecification\",\"valueRequired\":true,\"valueName\":\"search_term_string\"}}],\"inLanguage\":\"fr-FR\"}]}<\/script>\n<!-- \/ Yoast SEO plugin. -->","yoast_head_json":{"title":"R\u00e9servez une d\u00e9monstration | Gestion intelligente des cl\u00e9s | Creone","description":"R\u00e9servez une d\u00e9mo pour que nous puissions vous montrer comment vous pouvez am\u00e9liorer la gestion de vos cl\u00e9s en utilisant l\u2019interface simple et facile d\u2019utilisation de notre syst\u00e8me de gestion de cl\u00e9s.","robots":{"index":"index","follow":"follow","max-snippet":"max-snippet:-1","max-image-preview":"max-image-preview:large","max-video-preview":"max-video-preview:-1"},"canonical":"https:\/\/www.creone.com\/fr\/demo\/","og_locale":"fr_FR","og_type":"article","og_title":"R\u00e9servez une d\u00e9monstration | Gestion intelligente des cl\u00e9s | Creone","og_description":"R\u00e9servez une d\u00e9mo pour que nous puissions vous montrer comment vous pouvez am\u00e9liorer la gestion de vos cl\u00e9s en utilisant l\u2019interface simple et facile d\u2019utilisation de notre syst\u00e8me de gestion de cl\u00e9s.","og_url":"https:\/\/www.creone.com\/fr\/demo\/","og_site_name":"Creone","article_modified_time":"2021-03-09T08:14:57+00:00","twitter_card":"summary_large_image","schema":{"@context":"https:\/\/schema.org","@graph":[{"@type":"WebPage","@id":"https:\/\/www.creone.com\/fr\/demo\/","url":"https:\/\/www.creone.com\/fr\/demo\/","name":"R\u00e9servez une d\u00e9monstration | Gestion intelligente des cl\u00e9s | Creone","isPartOf":{"@id":"https:\/\/www.creone.com\/fr\/#website"},"datePublished":"2020-07-27T10:00:37+00:00","dateModified":"2021-03-09T08:14:57+00:00","description":"R\u00e9servez une d\u00e9mo pour que nous puissions vous montrer comment vous pouvez am\u00e9liorer la gestion de vos cl\u00e9s en utilisant l\u2019interface simple et facile d\u2019utilisation de notre syst\u00e8me de gestion de cl\u00e9s.","breadcrumb":{"@id":"https:\/\/www.creone.com\/fr\/demo\/#breadcrumb"},"inLanguage":"fr-FR","potentialAction":[{"@type":"ReadAction","target":["https:\/\/www.creone.com\/fr\/demo\/"]}]},{"@type":"BreadcrumbList","@id":"https:\/\/www.creone.com\/fr\/demo\/#breadcrumb","itemListElement":[{"@type":"ListItem","position":1,"name":"Home","item":"https:\/\/www.creone.com\/fr\/"},{"@type":"ListItem","position":2,"name":"D\u00e9monstration"}]},{"@type":"WebSite","@id":"https:\/\/www.creone.com\/fr\/#website","url":"https:\/\/www.creone.com\/fr\/","name":"Creone","description":"En till WordPress-webbplats","potentialAction":[{"@type":"SearchAction","target":{"@type":"EntryPoint","urlTemplate":"https:\/\/www.creone.com\/fr\/?s={search_term_string}"},"query-input":{"@type":"PropertyValueSpecification","valueRequired":true,"valueName":"search_term_string"}}],"inLanguage":"fr-FR"}]}},"_links":{"self":[{"href":"https:\/\/www.creone.com\/fr\/wp-json\/wp\/v2\/pages\/7603","targetHints":{"allow":["GET"]}}],"collection":[{"href":"https:\/\/www.creone.com\/fr\/wp-json\/wp\/v2\/pages"}],"about":[{"href":"https:\/\/www.creone.com\/fr\/wp-json\/wp\/v2\/types\/page"}],"author":[{"embeddable":true,"href":"https:\/\/www.creone.com\/fr\/wp-json\/wp\/v2\/users\/2"}],"replies":[{"embeddable":true,"href":"https:\/\/www.creone.com\/fr\/wp-json\/wp\/v2\/comments?post=7603"}],"version-history":[{"count":9,"href":"https:\/\/www.creone.com\/fr\/wp-json\/wp\/v2\/pages\/7603\/revisions"}],"predecessor-version":[{"id":16292,"href":"https:\/\/www.creone.com\/fr\/wp-json\/wp\/v2\/pages\/7603\/revisions\/16292"}],"wp:attachment":[{"href":"https:\/\/www.creone.com\/fr\/wp-json\/wp\/v2\/media?parent=7603"}],"curies":[{"name":"wp","href":"https:\/\/api.w.org\/{rel}","templated":true}]}}