{"id":7002,"date":"2020-07-20T11:31:00","date_gmt":"2020-07-20T09:31:00","guid":{"rendered":"https:\/\/www.creone.com\/?page_id=7002"},"modified":"2021-02-05T19:26:09","modified_gmt":"2021-02-05T18:26:09","slug":"park-inn-radisson","status":"publish","type":"page","link":"https:\/\/www.creone.com\/fr\/sectorielles\/park-inn-radisson\/","title":{"rendered":"Park Inn Radisson"},"content":{"rendered":"\n    <style>\n        #header-image {\n            background-image: url(https:\/\/www.creone.com\/wp-content\/uploads\/2020\/04\/Parkinnradisson.jpg);\n        }\n\n        @media (-webkit-min-device-pixel-ratio: 2),\n        (min-resolution: 192dpi) {\n            #header-image {\n                background-image: url(https:\/\/www.creone.com\/wp-content\/uploads\/2020\/04\/Parkinnradisson.jpg);\n            }\n        }\n    <\/style>\n\n    <section\n        class=\"full-width-header-image \"\n        id=\"header-image\"\n        style=\"background-position: bas\"><\/section>\n\n                    <div class=\"container-fluid bread-border\">\n            <div class=\"container\">\n                <div class=\"row\">\n                    <div class=\"col-12\">\n                        <p id=\"breadcrumbs\"><span><span><a href=\"https:\/\/www.creone.com\/fr\/\">Home<\/a><\/span><\/span><\/p>                    <\/div>\n                <\/div>\n            <\/div>\n        <\/div>\n        <style>\n            .full-width-header-image {\n                margin-bottom: 0rem !important;\n            }\n\n            .bread-border {\n                margin-bottom: 6rem;\n            }\n        <\/style>\n\n\n\n<h6 class=\"headline tight-container wp-block-heading\">Park Inn Radisson Central Tallin Hotel<\/h6>\n\n\n\n<h1 class=\"tight-container wp-block-heading\">La gestion \u00e9lectronique des cl\u00e9s assure la s\u00e9curit\u00e9 des locaux de l\u2019h\u00f4tel<\/h1>\n\n\n\n<p class=\"tight-container\">L\u2019h\u00f4tel familial park, au centre de Talinn, poss\u00e8de 245 chambres, une salle de conf\u00e9rence, un restaurant et un salon de beaut\u00e9. Le jardin int\u00e9rieur du Park Inn Radisson Central Tallin Hotel propose \u00e0 ses clients un environnement calme au centre de Talinn.<\/p>\n\n\n\n    <section class=\"reference-content container\">\n        <div class=\"d-flex flex-wrap-reverse\">\n            <div class=\"sidebar\">\n                                    <div class=\"image mb-4\">\n                        <img decoding=\"async\"\n                            src=\"https:\/\/www.creone.com\/wp-content\/uploads\/2020\/04\/parkinn-logo.jpg\"\n                            srcset=\"https:\/\/www.creone.com\/wp-content\/uploads\/2020\/04\/parkinn-logo.jpg 1x, https:\/\/www.creone.com\/wp-content\/uploads\/2020\/04\/parkinn-logo.jpg 2x\"\n                            class=\"\" \/>\n                    <\/div>\n                                                    <div class=\"title head-font\">Park Inn Radisson<\/div>\n                \n                                    <p>Park Inn by Radisson est une cha\u00eene h\u00f4teli\u00e8re moderne et attachante qui offre une hospitalit\u00e9 conviviale et accueillante \u00e0 des prix comp\u00e9titifs.<\/p>\n                                <div class=\"mt-5\">\n                                    <\/div>\n            <\/div>\n            <div class=\"content\">\n                                    <h4>Rotation importante de personnel avec un contr\u00f4le total<\/h4>\n<p>Avec diverses fonctions administratives d\u00e9di\u00e9es \u00e0 la gestion de l\u2019h\u00f4tel et de tr\u00e8s nombreux locaux, les cl\u00e9s doivent \u00eatre nombreuses afin de garantir un haut niveau de s\u00e9curit\u00e9. Cette activit\u00e9 requiert un personnel tr\u00e8s nombreux avec des services \u00e0 temps plein et \u00e0 temps partiel, chacun devant pouvoir acc\u00e9der aux locaux li\u00e9s \u00e0 son travail.<\/p>\n<p>\u00a0<\/p>\n<h4>Gestion des cl\u00e9s enti\u00e8rement automatique<\/h4>\n<p>Afin de garder le contr\u00f4le total de l\u2019utilisation des cl\u00e9s, et pour assurer le suivi de chacune d\u2019entre elles, le Park Inn by Radisson Central Tallinn a fait installer l\u2019armoire \u00e0 cl\u00e9s intelligente Keycontrol 9500 SC. De cette mani\u00e8re, l\u2019administrateur sait parfaitement, \u00e0 tout moment, par qui et comment chaque cl\u00e9 est utilis\u00e9e.<\/p>\n<p>Keycontrol 9500SC est \u00e9quip\u00e9 d\u2019un verrou \u00e9lectronique avec un acc\u00e8s personnalis\u00e9 pour chacun. Lorsqu\u2019un utilisateur habilit\u00e9 d\u00e9verrouille l\u2019armoire et ouvre la porte, il se trouve devant un \u00e9cran et des voyants lui indiquant clairement la ou les cl\u00e9s auxquelles il a acc\u00e8s (voyants verts) et celles auxquelles il n\u2019a pas droit d\u2019acc\u00e9der (voyants rouges). L\u2019administrateur sait en permanence qui utilise chaque cl\u00e9. Si la cl\u00e9 n\u2019est pas remise dans l\u2019armoire dans un d\u00e9lai pr\u00e9d\u00e9termin\u00e9, l\u2019administrateur en est automatiquement averti.<\/p>\n                            <\/div>\n        <\/div>\n    <\/section>\n    <style>\n        .top-border {\n            border-top: 2px solid rgba(211, 211, 211, 0.5);\n            margin-bottom: 30px;\n        }\n    <\/style>\n\n\n        <div class=\"container-fluid bread-border\">\n            <div class=\"container\">\n                <div class=\"row\">\n                    <div class=\"col-12\">\n                                            <\/div>\n                <\/div>\n            <\/div>\n        <\/div>\n        <section class=\"full-width-form  \">\n        <div class=\"container d-flex flex-wrap\">\n            <div class=\"content\">\n                                    <h2 class=\"fade-in\">R\u00e9servez une d\u00e9monstration avec nos vendeurs <\/h2>\n                                                    <p class=\"fade-in\">Laissez-nous vous montrer comment vous pouvez g\u00e9rer vos cl\u00e9s et assurer le rangement des effets personnels de la meilleure mani\u00e8re possible.  <\/p>\n                                                    <img decoding=\"async\" src=\"https:\/\/www.creone.com\/wp-content\/uploads\/2020\/04\/KeyWin6screens_box_SE_outline-4-900x450.png\" alt=\"\" srcset=\"https:\/\/www.creone.com\/wp-content\/uploads\/2020\/04\/KeyWin6screens_box_SE_outline-4-900x450.png 1x, https:\/\/www.creone.com\/wp-content\/uploads\/2020\/04\/KeyWin6screens_box_SE_outline-4-1750x900.png 2x\" class=\"fade-in-up\">\n                            <\/div>\n\n            <div class=\"hubspot-form-container fade-in-left\">\n                                                    <script charset=\"utf-8\" type=\"text\/javascript\" src=\"\/\/js.hsforms.net\/forms\/shell.js\"><\/script> <script>   hbspt.forms.create({ \tportalId: \"6969693\", \tformId: \"2d5f9137-54d5-4305-98fa-402e22f11818\" }); <\/script>                            <\/div>\n\n                    <\/div>\n    <\/section>\n\n\n\n\n<section class=\"cards-with-tab-nav container\">\n\n\t\t\t<h2 class=\"text-center text-blue\">Votre syst\u00e8me flexible de gestion des cl\u00e9s<\/h2>\n\t\n\t\t\t\n\t\t\t<div class=\"tabnav\">\n\t\t\t\t<ul>\n\t\t\t\t\t\t\t\t\t\t\t\t\t\t\t\t\t\t<li class=\"tab-item\" data-tab-content=armoire-\u00e0-cl\u00e9s><span>Armoire \u00e0 cl\u00e9s<\/span><\/li>\n\t\t\t\t\t\t\t\t\t\t\t\t\t\t\t\t\t\t\t\t\t\t\t\t<li class=\"tab-item\" data-tab-content=racks-de-stockage-des-cl\u00e9s><span>Racks de stockage des cl\u00e9s<\/span><\/li>\n\t\t\t\t\t\t\t\t\t\t\t\t\t\t\t<\/ul>\n\t\t\t<\/div>\n\t\t\n\t\t\t\t\t<div class=\"tab-content card-section\" data-tab-content=\"armoire-\u00e0-cl\u00e9s\">\n\t\t\t\t\t\t\t\t\t<div class=\"card\">\n\t\t\t\t\t\t\t\t\t\t\t\t\t\t\t\t\t\t\t\t<img decoding=\"async\" class=\"card-img-top \" src=\"https:\/\/www.creone.com\/wp-content\/uploads\/2020\/03\/9700Keycontrol-open3-480x260.jpg\" alt=\"Armoire \u00e0 cl\u00e9 intelligente KeyBox 9600SC utilis\u00e9e pour la gestion des cl\u00e9s\">\n\t\t\t\t\t\t\n\t\t\t\t\t\t<div class=\"card-body text-align-left \">\n\t\t\t\t\t\t\t\t\t\t\t\t\t\t\t<img decoding=\"async\" src=\"https:\/\/www.creone.com\/wp-content\/uploads\/2020\/03\/keybox-logotyp.png\" alt=\"Logo KeyBox pour la gestion de cl\u00e9s\">\n\t\t\t\t\t\t\t\n\t\t\t\t\t\t\t\t\t\t\t\t\t\t\t<span class=\"text-primary\">La gamme Keycontrol<\/span>\n\t\t\t\t\t\t\t\n\t\t\t\t\t\t\t\n\t\t\t\t\t\t\t\t\t\t\t\t\t\t\t<p class=\"text-primary\">Un syst\u00e8me intelligent avec identification \u00e9lectronique de chaque cl\u00e9. <\/p>\n\t\t\t\t\t\t\t\n\t\t\t\t\t\t\t\t\t\t\t\t\t\t\t\t\t\t\t\t\t\t\t<a href=\"\/fr\/produits\/keybox\/keycontrol\/\" class=\"button btn-link with-arrow\" target=\"\">\n\t\t\t\t\t\t\t\t\tExplorer\t\t\t\t\t\t\t\t<\/a>\n\t\t\t\t\t\t\t\n\t\t\t\t\t\t<\/div>\n\t\t\t\t\t<\/div>\n\t\t\t\t\t\t\t\t\t<div class=\"card\">\n\t\t\t\t\t\t\t\t\t\t\t\t\t\t\t\t\t\t\t\t<img decoding=\"async\" class=\"card-img-top \" src=\"https:\/\/www.creone.com\/wp-content\/uploads\/2020\/03\/9001System-zoomed-480x260.jpg\" alt=\"Armoires de retrait de cl\u00e9s KeyBox system con\u00e7ues pour la gestion des cl\u00e9s\">\n\t\t\t\t\t\t\n\t\t\t\t\t\t<div class=\"card-body text-align-left \">\n\t\t\t\t\t\t\t\t\t\t\t\t\t\t\t<img decoding=\"async\" src=\"https:\/\/www.creone.com\/wp-content\/uploads\/2020\/03\/keybox-logotyp.png\" alt=\"Logo KeyBox pour la gestion de cl\u00e9s\">\n\t\t\t\t\t\t\t\n\t\t\t\t\t\t\t\t\t\t\t\t\t\t\t<span class=\"text-primary\">Syst\u00e8me La gamme<\/span>\n\t\t\t\t\t\t\t\n\t\t\t\t\t\t\t\n\t\t\t\t\t\t\t\t\t\t\t\t\t\t\t<p class=\"text-primary\">Enregistre tout ce qui se passe pour chaque retrait \u00e9lectronique de cl\u00e9.<\/p>\n\t\t\t\t\t\t\t\n\t\t\t\t\t\t\t\t\t\t\t\t\t\t\t\t\t\t\t\t\t\t\t<a href=\"\/fr\/produits\/keybox\/system\/\" class=\"button btn-link with-arrow\" target=\"\">\n\t\t\t\t\t\t\t\t\tExplorer\t\t\t\t\t\t\t\t<\/a>\n\t\t\t\t\t\t\t\n\t\t\t\t\t\t<\/div>\n\t\t\t\t\t<\/div>\n\t\t\t\t\t\t\t\t\t<div class=\"card\">\n\t\t\t\t\t\t\t\t\t\t\t\t\t\t\t\t\t\t\t\t<img decoding=\"async\" class=\"card-img-top \" src=\"https:\/\/www.creone.com\/wp-content\/uploads\/2020\/03\/9001Baisc-zoomed-480x260.jpg\" alt=\"Armoires de retrait de cl\u00e9s KeyBox basic con\u00e7ues pour la gestion des cl\u00e9s\">\n\t\t\t\t\t\t\n\t\t\t\t\t\t<div class=\"card-body text-align-left \">\n\t\t\t\t\t\t\t\t\t\t\t\t\t\t\t<img decoding=\"async\" src=\"https:\/\/www.creone.com\/wp-content\/uploads\/2020\/03\/keybox-logotyp.png\" alt=\"Logo KeyBox pour la gestion de cl\u00e9s\">\n\t\t\t\t\t\t\t\n\t\t\t\t\t\t\t\t\t\t\t\t\t\t\t<span class=\"text-primary\">La gamme Basic<\/span>\n\t\t\t\t\t\t\t\n\t\t\t\t\t\t\t\n\t\t\t\t\t\t\t\t\t\t\t\t\t\t\t<p class=\"text-primary\">La solution la plus simple de retrait \u00e9lectronique de cl\u00e9s.<\/p>\n\t\t\t\t\t\t\t\n\t\t\t\t\t\t\t\t\t\t\t\t\t\t\t\t\t\t\t\t\t\t\t<a href=\"\/fr\/produits\/keybox\/basic\/\" class=\"button btn-link with-arrow\" target=\"\">\n\t\t\t\t\t\t\t\t\tExplorer\t\t\t\t\t\t\t\t<\/a>\n\t\t\t\t\t\t\t\n\t\t\t\t\t\t<\/div>\n\t\t\t\t\t<\/div>\n\t\t\t\t\t\t\t<\/div>\n\t\t\t\t\t<div class=\"tab-content card-section\" data-tab-content=\"racks-de-stockage-des-cl\u00e9s\">\n\t\t\t\t\t\t\t\t\t<div class=\"single-card\">\n\t\t\t\t\t\t\t\t\t\t\t\t\t\t\t\t\t\t\t\t<img decoding=\"async\" class=\"card-img-top \" src=\"https:\/\/www.creone.com\/wp-content\/uploads\/2020\/08\/keyrack_rfid_env.jpg\" alt=\"45 stycken intelligenta nyckelister med kontrollbox monterade p\u00e5 v\u00e4gg och nyckelsk\u00e5p f\u00f6r en unik nyckelhantering. \">\n\t\t\t\t\t\t\n\t\t\t\t\t\t<div class=\"card-body text-align-left \">\n\t\t\t\t\t\t\t\t\t\t\t\t\t\t\t<img decoding=\"async\" src=\"https:\/\/www.creone.com\/wp-content\/uploads\/2020\/03\/keyrack-logotyp.png\" alt=\"Logo KeyRack pour la manipulation de cl\u00e9s\">\n\t\t\t\t\t\t\t\n\t\t\t\t\t\t\t\n\t\t\t\t\t\t\t\t\t\t\t\t\t\t\t<h3 class=\"text-blue\">Une gestion des cl\u00e9s accessible et flexible<\/h3>\n\t\t\t\t\t\t\t\n\t\t\t\t\t\t\t\t\t\t\t\t\t\t\t<p class=\"text-primary\">Couplez vos cl\u00e9s \u00e0 des fiches IntelliPin et placez-les soit directement sur les racks verrouillables ou non du syst\u00e8me KeyRack fix\u00e9s au mur, soit dans des armoires. Avoir une vue d\u2019ensemble et un contr\u00f4le total de vos cl\u00e9s ne peut pas \u00eatre plus simple<\/p>\n\t\t\t\t\t\t\t\n\t\t\t\t\t\t\t\t\t\t\t\t\t\t\t\t\t\t\t\t\t\t\t<a href=\"\/fr\/produits\/keyrack\/\" class=\"button btn-link with-arrow\" target=\"\">\n\t\t\t\t\t\t\t\t\tExplorer\t\t\t\t\t\t\t\t<\/a>\n\t\t\t\t\t\t\t\n\t\t\t\t\t\t<\/div>\n\t\t\t\t\t<\/div>\n\t\t\t\t\t\t\t<\/div>\n\t\t\t\n<\/section>\n\n\n\n            <section class=\"row-with-separator container\">\n                            <div class=\"content\">\n                    <h3>R\u00e9servez une d\u00e9monstration<\/h3>\n                    <p>\n                        Laissez-nous d\u00e8s aujourd\u2019hui vous montrer comment vous pouvez administrer vos cl\u00e9s et vos objets de valeur de la meilleure mani\u00e8re possible.                     <\/p>\n                    <a class=\"button btn-link with-arrow\" href=\"\/fr\/demo\/\" target=>R\u00e9servez maintenant<\/a>\n                <\/div>\n                            <div class=\"content\">\n                    <h3>Trouver votre revendeur<\/h3>\n                    <p>\n                        Recherchez sur la carte ou utilisez la barre de recherche pour trouver un revendeur. Vous avez besoin d\u2019aide avec votre syst\u00e8me existant ou pour choisir la bonne solution.                     <\/p>\n                    <a class=\"button btn-link with-arrow\" href=\"\/fr\/trouver-un-revendeur\/\" target=>Trouver maintenant<\/a>\n                <\/div>\n                    <\/section>\n    ","protected":false},"excerpt":{"rendered":"<p>Park Inn Radisson Central Tallin Hotel La gestion \u00e9lectronique des cl\u00e9s assure la s\u00e9curit\u00e9 des locaux de l\u2019h\u00f4tel L\u2019h\u00f4tel familial park, au centre de Talinn, poss\u00e8de 245 chambres, une salle de conf\u00e9rence, un restaurant et un salon de beaut\u00e9. Le jardin int\u00e9rieur du Park Inn Radisson Central Tallin Hotel propose \u00e0 ses clients un environnement [&hellip;]<\/p>\n","protected":false},"author":2,"featured_media":0,"parent":6572,"menu_order":0,"comment_status":"closed","ping_status":"closed","template":"page-without-container.php","meta":{"_acf_changed":false,"content-type":"","footnotes":""},"class_list":["post-7002","page","type-page","status-publish","hentry"],"acf":[],"yoast_head":"<!-- This site is optimized with the Yoast SEO plugin v26.7 - https:\/\/yoast.com\/wordpress\/plugins\/seo\/ -->\n<title>Gestion des cl\u00e9s dans des environnements intensifs en personnel | Park Inn Radisson | Creone<\/title>\n<meta name=\"description\" content=\"L\u2019h\u00f4tel Park Inn Radisson utilise des armoires \u00e0 cl\u00e9s et dispose donc d\u2019une gestion de cl\u00e9s enti\u00e8rement automatis\u00e9e pour ses activit\u00e9s qui utilisent beaucoup de personnel.\" \/>\n<meta name=\"robots\" content=\"index, follow, max-snippet:-1, max-image-preview:large, max-video-preview:-1\" \/>\n<link rel=\"canonical\" href=\"https:\/\/www.creone.com\/fr\/sectorielles\/park-inn-radisson\/\" \/>\n<meta property=\"og:locale\" content=\"fr_FR\" \/>\n<meta property=\"og:type\" content=\"article\" \/>\n<meta property=\"og:title\" content=\"Gestion des cl\u00e9s dans des environnements intensifs en personnel | Park Inn Radisson | Creone\" \/>\n<meta property=\"og:description\" content=\"L\u2019h\u00f4tel Park Inn Radisson utilise des armoires \u00e0 cl\u00e9s et dispose donc d\u2019une gestion de cl\u00e9s enti\u00e8rement automatis\u00e9e pour ses activit\u00e9s qui utilisent beaucoup de personnel.\" \/>\n<meta property=\"og:url\" content=\"https:\/\/www.creone.com\/fr\/sectorielles\/park-inn-radisson\/\" \/>\n<meta property=\"og:site_name\" content=\"Creone\" \/>\n<meta property=\"article:modified_time\" content=\"2021-02-05T18:26:09+00:00\" \/>\n<meta name=\"twitter:card\" content=\"summary_large_image\" \/>\n<script type=\"application\/ld+json\" class=\"yoast-schema-graph\">{\"@context\":\"https:\/\/schema.org\",\"@graph\":[{\"@type\":\"WebPage\",\"@id\":\"https:\/\/www.creone.com\/fr\/sectorielles\/park-inn-radisson\/\",\"url\":\"https:\/\/www.creone.com\/fr\/sectorielles\/park-inn-radisson\/\",\"name\":\"Gestion des cl\u00e9s dans des environnements intensifs en personnel | Park Inn Radisson | Creone\",\"isPartOf\":{\"@id\":\"https:\/\/www.creone.com\/fr\/#website\"},\"datePublished\":\"2020-07-20T09:31:00+00:00\",\"dateModified\":\"2021-02-05T18:26:09+00:00\",\"description\":\"L\u2019h\u00f4tel Park Inn Radisson utilise des armoires \u00e0 cl\u00e9s et dispose donc d\u2019une gestion de cl\u00e9s enti\u00e8rement automatis\u00e9e pour ses activit\u00e9s qui utilisent beaucoup de personnel.\",\"breadcrumb\":{\"@id\":\"https:\/\/www.creone.com\/fr\/sectorielles\/park-inn-radisson\/#breadcrumb\"},\"inLanguage\":\"fr-FR\",\"potentialAction\":[{\"@type\":\"ReadAction\",\"target\":[\"https:\/\/www.creone.com\/fr\/sectorielles\/park-inn-radisson\/\"]}]},{\"@type\":\"BreadcrumbList\",\"@id\":\"https:\/\/www.creone.com\/fr\/sectorielles\/park-inn-radisson\/#breadcrumb\",\"itemListElement\":[{\"@type\":\"ListItem\",\"position\":1,\"name\":\"Home\",\"item\":\"https:\/\/www.creone.com\/fr\/\"},{\"@type\":\"ListItem\",\"position\":2,\"name\":\"Solutions sectorielles\",\"item\":\"https:\/\/www.creone.com\/fr\/sectorielles\/\"},{\"@type\":\"ListItem\",\"position\":3,\"name\":\"Park Inn Radisson\"}]},{\"@type\":\"WebSite\",\"@id\":\"https:\/\/www.creone.com\/fr\/#website\",\"url\":\"https:\/\/www.creone.com\/fr\/\",\"name\":\"Creone\",\"description\":\"En till WordPress-webbplats\",\"potentialAction\":[{\"@type\":\"SearchAction\",\"target\":{\"@type\":\"EntryPoint\",\"urlTemplate\":\"https:\/\/www.creone.com\/fr\/?s={search_term_string}\"},\"query-input\":{\"@type\":\"PropertyValueSpecification\",\"valueRequired\":true,\"valueName\":\"search_term_string\"}}],\"inLanguage\":\"fr-FR\"}]}<\/script>\n<!-- \/ Yoast SEO plugin. -->","yoast_head_json":{"title":"Gestion des cl\u00e9s dans des environnements intensifs en personnel | Park Inn Radisson | Creone","description":"L\u2019h\u00f4tel Park Inn Radisson utilise des armoires \u00e0 cl\u00e9s et dispose donc d\u2019une gestion de cl\u00e9s enti\u00e8rement automatis\u00e9e pour ses activit\u00e9s qui utilisent beaucoup de personnel.","robots":{"index":"index","follow":"follow","max-snippet":"max-snippet:-1","max-image-preview":"max-image-preview:large","max-video-preview":"max-video-preview:-1"},"canonical":"https:\/\/www.creone.com\/fr\/sectorielles\/park-inn-radisson\/","og_locale":"fr_FR","og_type":"article","og_title":"Gestion des cl\u00e9s dans des environnements intensifs en personnel | Park Inn Radisson | Creone","og_description":"L\u2019h\u00f4tel Park Inn Radisson utilise des armoires \u00e0 cl\u00e9s et dispose donc d\u2019une gestion de cl\u00e9s enti\u00e8rement automatis\u00e9e pour ses activit\u00e9s qui utilisent beaucoup de personnel.","og_url":"https:\/\/www.creone.com\/fr\/sectorielles\/park-inn-radisson\/","og_site_name":"Creone","article_modified_time":"2021-02-05T18:26:09+00:00","twitter_card":"summary_large_image","schema":{"@context":"https:\/\/schema.org","@graph":[{"@type":"WebPage","@id":"https:\/\/www.creone.com\/fr\/sectorielles\/park-inn-radisson\/","url":"https:\/\/www.creone.com\/fr\/sectorielles\/park-inn-radisson\/","name":"Gestion des cl\u00e9s dans des environnements intensifs en personnel | Park Inn Radisson | Creone","isPartOf":{"@id":"https:\/\/www.creone.com\/fr\/#website"},"datePublished":"2020-07-20T09:31:00+00:00","dateModified":"2021-02-05T18:26:09+00:00","description":"L\u2019h\u00f4tel Park Inn Radisson utilise des armoires \u00e0 cl\u00e9s et dispose donc d\u2019une gestion de cl\u00e9s enti\u00e8rement automatis\u00e9e pour ses activit\u00e9s qui utilisent beaucoup de personnel.","breadcrumb":{"@id":"https:\/\/www.creone.com\/fr\/sectorielles\/park-inn-radisson\/#breadcrumb"},"inLanguage":"fr-FR","potentialAction":[{"@type":"ReadAction","target":["https:\/\/www.creone.com\/fr\/sectorielles\/park-inn-radisson\/"]}]},{"@type":"BreadcrumbList","@id":"https:\/\/www.creone.com\/fr\/sectorielles\/park-inn-radisson\/#breadcrumb","itemListElement":[{"@type":"ListItem","position":1,"name":"Home","item":"https:\/\/www.creone.com\/fr\/"},{"@type":"ListItem","position":2,"name":"Solutions sectorielles","item":"https:\/\/www.creone.com\/fr\/sectorielles\/"},{"@type":"ListItem","position":3,"name":"Park Inn Radisson"}]},{"@type":"WebSite","@id":"https:\/\/www.creone.com\/fr\/#website","url":"https:\/\/www.creone.com\/fr\/","name":"Creone","description":"En till WordPress-webbplats","potentialAction":[{"@type":"SearchAction","target":{"@type":"EntryPoint","urlTemplate":"https:\/\/www.creone.com\/fr\/?s={search_term_string}"},"query-input":{"@type":"PropertyValueSpecification","valueRequired":true,"valueName":"search_term_string"}}],"inLanguage":"fr-FR"}]}},"_links":{"self":[{"href":"https:\/\/www.creone.com\/fr\/wp-json\/wp\/v2\/pages\/7002","targetHints":{"allow":["GET"]}}],"collection":[{"href":"https:\/\/www.creone.com\/fr\/wp-json\/wp\/v2\/pages"}],"about":[{"href":"https:\/\/www.creone.com\/fr\/wp-json\/wp\/v2\/types\/page"}],"author":[{"embeddable":true,"href":"https:\/\/www.creone.com\/fr\/wp-json\/wp\/v2\/users\/2"}],"replies":[{"embeddable":true,"href":"https:\/\/www.creone.com\/fr\/wp-json\/wp\/v2\/comments?post=7002"}],"version-history":[{"count":9,"href":"https:\/\/www.creone.com\/fr\/wp-json\/wp\/v2\/pages\/7002\/revisions"}],"predecessor-version":[{"id":14311,"href":"https:\/\/www.creone.com\/fr\/wp-json\/wp\/v2\/pages\/7002\/revisions\/14311"}],"up":[{"embeddable":true,"href":"https:\/\/www.creone.com\/fr\/wp-json\/wp\/v2\/pages\/6572"}],"wp:attachment":[{"href":"https:\/\/www.creone.com\/fr\/wp-json\/wp\/v2\/media?parent=7002"}],"curies":[{"name":"wp","href":"https:\/\/api.w.org\/{rel}","templated":true}]}}