{"id":6827,"date":"2020-07-17T17:20:52","date_gmt":"2020-07-17T15:20:52","guid":{"rendered":"https:\/\/www.creone.com\/?page_id=6827"},"modified":"2021-01-29T15:03:28","modified_gmt":"2021-01-29T14:03:28","slug":"hotels","status":"publish","type":"page","link":"https:\/\/www.creone.com\/fr\/sectorielles\/hotels\/","title":{"rendered":"H\u00f4tels"},"content":{"rendered":"\n    <style>\n        #header-image {\n            background-image: url(https:\/\/www.creone.com\/wp-content\/uploads\/2020\/05\/iStock-1160802388-resize.jpg);\n        }\n\n        @media (-webkit-min-device-pixel-ratio: 2),\n        (min-resolution: 192dpi) {\n            #header-image {\n                background-image: url(https:\/\/www.creone.com\/wp-content\/uploads\/2020\/05\/iStock-1160802388-resize.jpg);\n            }\n        }\n    <\/style>\n\n    <section\n        class=\"full-width-header-image \"\n        id=\"header-image\"\n        style=\"background-position: center\"><\/section>\n\n                    <div class=\"container-fluid bread-border\">\n            <div class=\"container\">\n                <div class=\"row\">\n                    <div class=\"col-12\">\n                        <p id=\"breadcrumbs\"><span><span><a href=\"https:\/\/www.creone.com\/fr\/\">Home<\/a><\/span><\/span><\/p>                    <\/div>\n                <\/div>\n            <\/div>\n        <\/div>\n        <style>\n            .full-width-header-image {\n                margin-bottom: 0rem !important;\n            }\n\n            .bread-border {\n                margin-bottom: 6rem;\n            }\n        <\/style>\n\n\n\n<h6 class=\"headline tight-container wp-block-heading\">H\u00f4tels<\/h6>\n\n\n\n<h1 class=\"tight-container wp-block-heading\">Une bonne gestion de cl\u00e9s est positive pour le client<\/h1>\n\n\n\n<p class=\"tight-container\">Dans l\u2019industrie h\u00f4teli\u00e8re, l\u2019accent est mis sur le ressenti des clients. Les aspects pratiques doivent \u00eatre trait\u00e9s rapidement et en douceur, l\u2019id\u00e9al est qu\u2019ils passent compl\u00e8tement inaper\u00e7u. En m\u00eame temps, la fiabilit\u00e9 et la s\u00e9curit\u00e9 sont primordiales. Avec le syst\u00e8me \u00e9lectronique de gestion des cl\u00e9s de Creone, la gestion des cl\u00e9s est automatis\u00e9e ce qui, tout en am\u00e9liorant la s\u00e9curit\u00e9, donne \u00e0 votre personnel plus de temps pour choyer les clients. Les fonctionnalit\u00e9s intelligentes d\u2019enregistrement de remise de cl\u00e9s et de tra\u00e7abilit\u00e9 permettent \u00e0 votre personnel de g\u00e9rer de mani\u00e8re plus rapide et plus fluide la remise des cl\u00e9s et la manipulation des choses qu\u2019ils peuvent \u00eatre amen\u00e9s \u00e0 prendre en charge.&nbsp;<br><br>Des petits \u00e9tablissements avec un nombre r\u00e9duit de chambres aux grands h\u00f4tels qui peuvent avoir \u00e0 g\u00e9rer des milliers de cl\u00e9s &#8211; chez nous, vous trouverez les armoires \u00e0 cl\u00e9s \u00e9lectroniques et les syst\u00e8mes de gestion de cl\u00e9s dont vous avez besoin. Un meilleur contr\u00f4le et des processus plus fluides sont un moyen d\u2019accro\u00eetre la satisfaction de vos clients. Intelligent. S\u00fbr. Efficace.<\/p>\n\n\n\n<div class=\"master-details \">\n\t        <span class=\"headline\">Dans le d\u00e9tail<\/span>\n\t\n            <h2 class=\"text-blue\">Nos avantages<\/h2>\n        \n    \n        <div class=\"side-menu fade-in-right\">\n            <ul>\n                                    <li class=\"master-tab active\" data-id=\"accordin-0\">\n                        Contr\u00f4le total                    <\/li>\n                                    <li class=\"master-tab \" data-id=\"accordin-1\">\n                        Tra\u00e7abilit\u00e9 totale                     <\/li>\n                                    <li class=\"master-tab \" data-id=\"accordin-2\">\n                        \u00c9volutif                    <\/li>\n                                    <li class=\"master-tab \" data-id=\"accordin-3\">\n                        Administration facile                    <\/li>\n                                    <li class=\"master-tab \" data-id=\"accordin-4\">\n                        Choisissez la taille et le niveau de s\u00e9curit\u00e9                    <\/li>\n                                    <li class=\"master-tab \" data-id=\"accordin-5\">\n                        Int\u00e9grations avec des syst\u00e8mes existants                    <\/li>\n                            <\/ul>\n        <\/div>\n\n        <div class=\"content fade-in\">\n                            <div class=\"master-tab-content active\" id=\"accordin-0\">\n                    <p><span style=\"font-weight: 400;\">Gr\u00e2ce \u00e0 des armoires cl\u00e9s intelligentes et \u00e0 des syst\u00e8mes de gestion cl\u00e9s class\u00e9s en mati\u00e8re de s\u00e9curit\u00e9, vous avez un contr\u00f4le total et une vue d\u2019ensemble exacte des cl\u00e9s qui ont \u00e9t\u00e9 remises au personnel.. Vous savez exactement qui a retir\u00e9 telle cl\u00e9 et vous \u00eates automatiquement averti lorsque les cl\u00e9s ne sont pas rendues \u00e0 temps. Fluide, intelligent et s\u00fbr.<\/span><\/p>\n                <\/div>\n                            <div class=\"master-tab-content \" id=\"accordin-1\">\n                    <p><span style=\"font-weight: 400;\">Avec nos syst\u00e8mes, vous avez non seulement le contr\u00f4le sur ce qui se passe, mais vous pouvez \u00e9galement voir ce qui s\u2019est pass\u00e9. Avec KeyWin6, tous les \u00e9v\u00e9nements sont stock\u00e9s \u00e9lectroniquement dans un journal et peuvent \u00eatre suivis sur un ordinateur, un smartphone ou une tablette. Cela signifie que le besoin de r\u00e9c\u00e9piss\u00e9s physiques dispara\u00eet et que vous gagnez du temps, tout en augmentant la s\u00e9curit\u00e9 pour tout le monde &#8211; pour le personnel et pour les clients.\u00a0<\/span><\/p>\n                <\/div>\n                            <div class=\"master-tab-content \" id=\"accordin-2\">\n                    <p><span style=\"font-weight: 400;\">Avec des armoires \u00e0 cl\u00e9s \u00e9lectroniques, des racks et des murs de cl\u00e9s, il est facile de faire \u00e9voluer et d\u2019agrandir quand vous avez besoin d\u2019ajouter plus de cl\u00e9s. Vous commencez avec le nombre de cl\u00e9s n\u00e9cessaires pour le moment puisque vous savez que vous pourrez facilement ajouter plus de racks si n\u00e9cessaire. Tout ce que vous aurez \u00e0 faire sera de connecter la nouvelle rack et red\u00e9marrer le syst\u00e8me.<\/span><\/p>\n                <\/div>\n                            <div class=\"master-tab-content \" id=\"accordin-3\">\n                    <p><span style=\"font-weight: 400;\">Il doit \u00eatre facile de garder une trace des cl\u00e9s en circulation et de savoir qui les utilise. Dans notre interface d\u2019administration facile d\u2019utilisation, vous pouvez facilement ajouter de nouveaux utilisateurs et les connecter \u00e0 la cl\u00e9 ou au groupe voulu \u2013 et ce en seulement quelques clics. L\u2019administrateur peut \u00e9galement contr\u00f4ler et attribuer les droits au personnel. Rapide et simple.<\/span><\/p>\n                <\/div>\n                            <div class=\"master-tab-content \" id=\"accordin-4\">\n                    <p><span style=\"font-weight: 400;\">Creone offre des syst\u00e8mes cl\u00e9s de stockage et de gestion des cl\u00e9s pour tous les types de besoins. Que vous ayez besoin d\u2019une armoire \u00e0 cl\u00e9s classifi\u00e9e pour un petit h\u00f4tel ou d\u2019espaces sur mesure sp\u00e9cialement d\u00e9di\u00e9s \u00e0 la manipulation des cl\u00e9s pour un complexe h\u00f4telier de grandes dimensions, nous serons plus qu\u2019heureux de vous aider. Chez nous, vous trouverez toujours la solution de stockage des cl\u00e9s dont vous avez besoin, quelles que soient les dimensions et la classe de s\u00e9curit\u00e9 que vous cherchez.\u00a0<\/span><\/p>\n                <\/div>\n                            <div class=\"master-tab-content \" id=\"accordin-5\">\n                    <p><span style=\"font-weight: 400;\">KeyWin6 dispose d\u2019une API bien d\u00e9velopp\u00e9e qui vous permet d\u2019int\u00e9grer KeyWin6 \u00e0 des syst\u00e8mes sup\u00e9rieurs. Cela signifie que vous pouvez cr\u00e9er votre propre syst\u00e8me enti\u00e8rement sur mesure pour la gestion de vos cl\u00e9s, rationalisant ainsi davantage vos processus de travail. Pour une s\u00e9curit\u00e9 maximale et un contr\u00f4le total.\u00a0<\/span><\/p>\n                <\/div>\n                    <\/div>\n\n    \n<\/div>\n\n\n\n        <div class=\"container-fluid bread-border\">\n            <div class=\"container\">\n                <div class=\"row\">\n                    <div class=\"col-12\">\n                                            <\/div>\n                <\/div>\n            <\/div>\n        <\/div>\n        <section class=\"full-width-form  \">\n        <div class=\"container d-flex flex-wrap\">\n            <div class=\"content\">\n                                    <h2 class=\"fade-in\">R\u00e9servez une d\u00e9monstration avec nos vendeurs <\/h2>\n                                                    <p class=\"fade-in\">Laissez-nous vous montrer comment vous pouvez g\u00e9rer vos cl\u00e9s et assurer le rangement des effets personnels de la meilleure mani\u00e8re possible.  <\/p>\n                                                    <img decoding=\"async\" src=\"https:\/\/www.creone.com\/wp-content\/uploads\/2020\/04\/KeyWin6screens_box_SE_outline-4-900x450.png\" alt=\"\" srcset=\"https:\/\/www.creone.com\/wp-content\/uploads\/2020\/04\/KeyWin6screens_box_SE_outline-4-900x450.png 1x, https:\/\/www.creone.com\/wp-content\/uploads\/2020\/04\/KeyWin6screens_box_SE_outline-4-1750x900.png 2x\" class=\"fade-in-up\">\n                            <\/div>\n\n            <div class=\"hubspot-form-container fade-in-left\">\n                                                    <script charset=\"utf-8\" type=\"text\/javascript\" src=\"\/\/js.hsforms.net\/forms\/shell.js\"><\/script> <script>   hbspt.forms.create({ \tportalId: \"6969693\", \tformId: \"25a7db0f-4c84-414b-b2b8-8291d1a4cc5d\" }); <\/script>                            <\/div>\n\n                    <\/div>\n    <\/section>\n\n\n\n\n<section class=\"cards-with-tab-nav container\">\n\n\t\t\t<h2 class=\"text-center text-blue\">Votre syst\u00e8me flexible de gestion des cl\u00e9s<\/h2>\n\t\n\t\t\t\n\t\t\t<div class=\"tabnav\">\n\t\t\t\t<ul>\n\t\t\t\t\t\t\t\t\t\t\t\t\t\t\t\t\t\t<li class=\"tab-item\" data-tab-content=armoire-\u00e0-cl\u00e9s><span>Armoire \u00e0 cl\u00e9s<\/span><\/li>\n\t\t\t\t\t\t\t\t\t\t\t\t\t\t\t\t\t\t\t\t\t\t\t\t<li class=\"tab-item\" data-tab-content=racks-de-stockage-des-cl\u00e9s><span>Racks de stockage des cl\u00e9s<\/span><\/li>\n\t\t\t\t\t\t\t\t\t\t\t\t\t\t\t<\/ul>\n\t\t\t<\/div>\n\t\t\n\t\t\t\t\t<div class=\"tab-content card-section\" data-tab-content=\"armoire-\u00e0-cl\u00e9s\">\n\t\t\t\t\t\t\t\t\t<div class=\"card\">\n\t\t\t\t\t\t\t\t\t\t\t\t\t\t\t\t\t\t\t\t<img decoding=\"async\" class=\"card-img-top \" src=\"https:\/\/www.creone.com\/wp-content\/uploads\/2020\/03\/9700Keycontrol-open3-480x260.jpg\" alt=\"Armoire \u00e0 cl\u00e9 intelligente KeyBox 9600SC utilis\u00e9e pour la gestion des cl\u00e9s\">\n\t\t\t\t\t\t\n\t\t\t\t\t\t<div class=\"card-body text-align-left \">\n\t\t\t\t\t\t\t\t\t\t\t\t\t\t\t<img decoding=\"async\" src=\"https:\/\/www.creone.com\/wp-content\/uploads\/2020\/03\/keybox-logotyp.png\" alt=\"Logo KeyBox pour la gestion de cl\u00e9s\">\n\t\t\t\t\t\t\t\n\t\t\t\t\t\t\t\t\t\t\t\t\t\t\t<span class=\"text-primary\">La gamme Keycontrol<\/span>\n\t\t\t\t\t\t\t\n\t\t\t\t\t\t\t\n\t\t\t\t\t\t\t\t\t\t\t\t\t\t\t<p class=\"text-primary\">Un syst\u00e8me intelligent avec identification \u00e9lectronique de chaque cl\u00e9. <\/p>\n\t\t\t\t\t\t\t\n\t\t\t\t\t\t\t\t\t\t\t\t\t\t\t\t\t\t\t\t\t\t\t<a href=\"\/fr\/produits\/keybox\/keycontrol\/\" class=\"button btn-link with-arrow\" target=\"\">\n\t\t\t\t\t\t\t\t\tExplorer\t\t\t\t\t\t\t\t<\/a>\n\t\t\t\t\t\t\t\n\t\t\t\t\t\t<\/div>\n\t\t\t\t\t<\/div>\n\t\t\t\t\t\t\t\t\t<div class=\"card\">\n\t\t\t\t\t\t\t\t\t\t\t\t\t\t\t\t\t\t\t\t<img decoding=\"async\" class=\"card-img-top \" src=\"https:\/\/www.creone.com\/wp-content\/uploads\/2020\/03\/9001System-zoomed-480x260.jpg\" alt=\"Armoires de retrait de cl\u00e9s KeyBox system con\u00e7ues pour la gestion des cl\u00e9s\">\n\t\t\t\t\t\t\n\t\t\t\t\t\t<div class=\"card-body text-align-left \">\n\t\t\t\t\t\t\t\t\t\t\t\t\t\t\t<img decoding=\"async\" src=\"https:\/\/www.creone.com\/wp-content\/uploads\/2020\/03\/keybox-logotyp.png\" alt=\"Logo KeyBox pour la gestion de cl\u00e9s\">\n\t\t\t\t\t\t\t\n\t\t\t\t\t\t\t\t\t\t\t\t\t\t\t<span class=\"text-primary\">La gamme System<\/span>\n\t\t\t\t\t\t\t\n\t\t\t\t\t\t\t\n\t\t\t\t\t\t\t\t\t\t\t\t\t\t\t<p class=\"text-primary\">Enregistre tout ce qui se passe pour chaque retrait \u00e9lectronique de cl\u00e9.<\/p>\n\t\t\t\t\t\t\t\n\t\t\t\t\t\t\t\t\t\t\t\t\t\t\t\t\t\t\t\t\t\t\t<a href=\"\/fr\/produits\/keybox\/system\/\" class=\"button btn-link with-arrow\" target=\"\">\n\t\t\t\t\t\t\t\t\tExplorer\t\t\t\t\t\t\t\t<\/a>\n\t\t\t\t\t\t\t\n\t\t\t\t\t\t<\/div>\n\t\t\t\t\t<\/div>\n\t\t\t\t\t\t\t\t\t<div class=\"card\">\n\t\t\t\t\t\t\t\t\t\t\t\t\t\t\t\t\t\t\t\t<img decoding=\"async\" class=\"card-img-top \" src=\"https:\/\/www.creone.com\/wp-content\/uploads\/2020\/03\/9001Baisc-zoomed-480x260.jpg\" alt=\"Armoires de retrait de cl\u00e9s KeyBox basic con\u00e7ues pour la gestion des cl\u00e9s\">\n\t\t\t\t\t\t\n\t\t\t\t\t\t<div class=\"card-body text-align-left \">\n\t\t\t\t\t\t\t\t\t\t\t\t\t\t\t<img decoding=\"async\" src=\"https:\/\/www.creone.com\/wp-content\/uploads\/2020\/03\/keybox-logotyp.png\" alt=\"Logo KeyBox pour la gestion de cl\u00e9s\">\n\t\t\t\t\t\t\t\n\t\t\t\t\t\t\t\t\t\t\t\t\t\t\t<span class=\"text-primary\">La gamme Basic<\/span>\n\t\t\t\t\t\t\t\n\t\t\t\t\t\t\t\n\t\t\t\t\t\t\t\t\t\t\t\t\t\t\t<p class=\"text-primary\">La solution la plus simple de retrait \u00e9lectronique de cl\u00e9s.<\/p>\n\t\t\t\t\t\t\t\n\t\t\t\t\t\t\t\t\t\t\t\t\t\t\t\t\t\t\t\t\t\t\t<a href=\"\/fr\/produits\/keybox\/basic\/\" class=\"button btn-link with-arrow\" target=\"\">\n\t\t\t\t\t\t\t\t\tExplorer\t\t\t\t\t\t\t\t<\/a>\n\t\t\t\t\t\t\t\n\t\t\t\t\t\t<\/div>\n\t\t\t\t\t<\/div>\n\t\t\t\t\t\t\t<\/div>\n\t\t\t\t\t<div class=\"tab-content card-section\" data-tab-content=\"racks-de-stockage-des-cl\u00e9s\">\n\t\t\t\t\t\t\t\t\t<div class=\"single-card\">\n\t\t\t\t\t\t\t\t\t\t\t\t\t\t\t\t\t\t\t\t<img decoding=\"async\" class=\"card-img-top \" src=\"https:\/\/www.creone.com\/wp-content\/uploads\/2020\/08\/keyrack_rfid_env.jpg\" alt=\"45 stycken intelligenta nyckelister med kontrollbox monterade p\u00e5 v\u00e4gg och nyckelsk\u00e5p f\u00f6r en unik nyckelhantering. \">\n\t\t\t\t\t\t\n\t\t\t\t\t\t<div class=\"card-body text-align-left \">\n\t\t\t\t\t\t\t\t\t\t\t\t\t\t\t<img decoding=\"async\" src=\"https:\/\/www.creone.com\/wp-content\/uploads\/2020\/03\/keyrack-logotyp.png\" alt=\"Logo KeyRack pour la manipulation de cl\u00e9s\">\n\t\t\t\t\t\t\t\n\t\t\t\t\t\t\t\n\t\t\t\t\t\t\t\t\t\t\t\t\t\t\t<h3 class=\"text-blue\">Une gestion des cl\u00e9s accessible et flexible<\/h3>\n\t\t\t\t\t\t\t\n\t\t\t\t\t\t\t\t\t\t\t\t\t\t\t<p class=\"text-primary\">Couplez vos cl\u00e9s \u00e0 des fiches IntelliPin et placez-les soit directement sur les racks verrouillables ou non du syst\u00e8me KeyRack fix\u00e9s au mur, soit dans des armoires. Avoir une vue d\u2019ensemble et un contr\u00f4le total de vos cl\u00e9s ne peut pas \u00eatre plus simple<\/p>\n\t\t\t\t\t\t\t\n\t\t\t\t\t\t\t\t\t\t\t\t\t\t\t\t\t\t\t\t\t\t\t<a href=\"\/fr\/produits\/keyrack\/\" class=\"button btn-link with-arrow\" target=\"\">\n\t\t\t\t\t\t\t\t\tExplorer\t\t\t\t\t\t\t\t<\/a>\n\t\t\t\t\t\t\t\n\t\t\t\t\t\t<\/div>\n\t\t\t\t\t<\/div>\n\t\t\t\t\t\t\t<\/div>\n\t\t\t\n<\/section>\n\n\n\n            <section class=\"row-with-separator container\">\n                            <div class=\"content\">\n                    <h3>R\u00e9servez une d\u00e9monstration<\/h3>\n                    <p>\n                        Laissez-nous d\u00e8s aujourd\u2019hui vous montrer comment vous pouvez administrer vos cl\u00e9s et vos objets de valeur de la meilleure mani\u00e8re possible.                     <\/p>\n                    <a class=\"button btn-link with-arrow\" href=\"\/fr\/demo\/\" target=>R\u00e9servez maintenant<\/a>\n                <\/div>\n                            <div class=\"content\">\n                    <h3>Trouver votre revendeur<\/h3>\n                    <p>\n                        Recherchez sur la carte ou utilisez la barre de recherche pour trouver un revendeur. Vous avez besoin d\u2019aide avec votre syst\u00e8me existant ou pour choisir la bonne solution.                     <\/p>\n                    <a class=\"button btn-link with-arrow\" href=\"\/fr\/trouver-un-revendeur\/\" target=>Trouver maintenant<\/a>\n                <\/div>\n                    <\/section>\n    ","protected":false},"excerpt":{"rendered":"<p>H\u00f4tels Une bonne gestion de cl\u00e9s est positive pour le client Dans l\u2019industrie h\u00f4teli\u00e8re, l\u2019accent est mis sur le ressenti des clients. Les aspects pratiques doivent \u00eatre trait\u00e9s rapidement et en douceur, l\u2019id\u00e9al est qu\u2019ils passent compl\u00e8tement inaper\u00e7u. En m\u00eame temps, la fiabilit\u00e9 et la s\u00e9curit\u00e9 sont primordiales. Avec le syst\u00e8me \u00e9lectronique de gestion des [&hellip;]<\/p>\n","protected":false},"author":2,"featured_media":0,"parent":6572,"menu_order":0,"comment_status":"closed","ping_status":"closed","template":"page-without-container.php","meta":{"_acf_changed":false,"content-type":"","footnotes":""},"class_list":["post-6827","page","type-page","status-publish","hentry"],"acf":[],"yoast_head":"<!-- This site is optimized with the Yoast SEO plugin v26.7 - https:\/\/yoast.com\/wordpress\/plugins\/seo\/ -->\n<title>Gestion de cl\u00e9s pour le ressenti du client | H\u00f4tels | Creone<\/title>\n<meta name=\"description\" content=\"Un syst\u00e8me \u00e9lectronique de gestion des cl\u00e9s automatise la gestion des cl\u00e9s ce qui donne \u00e0 votre personnel plus de temps pour s\u2019occuper des clients.\" \/>\n<meta name=\"robots\" content=\"index, follow, max-snippet:-1, max-image-preview:large, max-video-preview:-1\" \/>\n<link rel=\"canonical\" href=\"https:\/\/www.creone.com\/fr\/sectorielles\/hotels\/\" \/>\n<meta property=\"og:locale\" content=\"fr_FR\" \/>\n<meta property=\"og:type\" content=\"article\" \/>\n<meta property=\"og:title\" content=\"Gestion de cl\u00e9s pour le ressenti du client | H\u00f4tels | Creone\" \/>\n<meta property=\"og:description\" content=\"Un syst\u00e8me \u00e9lectronique de gestion des cl\u00e9s automatise la gestion des cl\u00e9s ce qui donne \u00e0 votre personnel plus de temps pour s\u2019occuper des clients.\" \/>\n<meta property=\"og:url\" content=\"https:\/\/www.creone.com\/fr\/sectorielles\/hotels\/\" \/>\n<meta property=\"og:site_name\" content=\"Creone\" \/>\n<meta property=\"article:modified_time\" content=\"2021-01-29T14:03:28+00:00\" \/>\n<meta name=\"twitter:card\" content=\"summary_large_image\" \/>\n<meta name=\"twitter:label1\" content=\"Dur\u00e9e de lecture estim\u00e9e\" \/>\n\t<meta name=\"twitter:data1\" content=\"1 minute\" \/>\n<script type=\"application\/ld+json\" class=\"yoast-schema-graph\">{\"@context\":\"https:\/\/schema.org\",\"@graph\":[{\"@type\":\"WebPage\",\"@id\":\"https:\/\/www.creone.com\/fr\/sectorielles\/hotels\/\",\"url\":\"https:\/\/www.creone.com\/fr\/sectorielles\/hotels\/\",\"name\":\"Gestion de cl\u00e9s pour le ressenti du client | H\u00f4tels | Creone\",\"isPartOf\":{\"@id\":\"https:\/\/www.creone.com\/fr\/#website\"},\"datePublished\":\"2020-07-17T15:20:52+00:00\",\"dateModified\":\"2021-01-29T14:03:28+00:00\",\"description\":\"Un syst\u00e8me \u00e9lectronique de gestion des cl\u00e9s automatise la gestion des cl\u00e9s ce qui donne \u00e0 votre personnel plus de temps pour s\u2019occuper des clients.\",\"breadcrumb\":{\"@id\":\"https:\/\/www.creone.com\/fr\/sectorielles\/hotels\/#breadcrumb\"},\"inLanguage\":\"fr-FR\",\"potentialAction\":[{\"@type\":\"ReadAction\",\"target\":[\"https:\/\/www.creone.com\/fr\/sectorielles\/hotels\/\"]}]},{\"@type\":\"BreadcrumbList\",\"@id\":\"https:\/\/www.creone.com\/fr\/sectorielles\/hotels\/#breadcrumb\",\"itemListElement\":[{\"@type\":\"ListItem\",\"position\":1,\"name\":\"Home\",\"item\":\"https:\/\/www.creone.com\/fr\/\"},{\"@type\":\"ListItem\",\"position\":2,\"name\":\"Solutions sectorielles\",\"item\":\"https:\/\/www.creone.com\/fr\/sectorielles\/\"},{\"@type\":\"ListItem\",\"position\":3,\"name\":\"H\u00f4tels\"}]},{\"@type\":\"WebSite\",\"@id\":\"https:\/\/www.creone.com\/fr\/#website\",\"url\":\"https:\/\/www.creone.com\/fr\/\",\"name\":\"Creone\",\"description\":\"En till WordPress-webbplats\",\"potentialAction\":[{\"@type\":\"SearchAction\",\"target\":{\"@type\":\"EntryPoint\",\"urlTemplate\":\"https:\/\/www.creone.com\/fr\/?s={search_term_string}\"},\"query-input\":{\"@type\":\"PropertyValueSpecification\",\"valueRequired\":true,\"valueName\":\"search_term_string\"}}],\"inLanguage\":\"fr-FR\"}]}<\/script>\n<!-- \/ Yoast SEO plugin. -->","yoast_head_json":{"title":"Gestion de cl\u00e9s pour le ressenti du client | H\u00f4tels | Creone","description":"Un syst\u00e8me \u00e9lectronique de gestion des cl\u00e9s automatise la gestion des cl\u00e9s ce qui donne \u00e0 votre personnel plus de temps pour s\u2019occuper des clients.","robots":{"index":"index","follow":"follow","max-snippet":"max-snippet:-1","max-image-preview":"max-image-preview:large","max-video-preview":"max-video-preview:-1"},"canonical":"https:\/\/www.creone.com\/fr\/sectorielles\/hotels\/","og_locale":"fr_FR","og_type":"article","og_title":"Gestion de cl\u00e9s pour le ressenti du client | H\u00f4tels | Creone","og_description":"Un syst\u00e8me \u00e9lectronique de gestion des cl\u00e9s automatise la gestion des cl\u00e9s ce qui donne \u00e0 votre personnel plus de temps pour s\u2019occuper des clients.","og_url":"https:\/\/www.creone.com\/fr\/sectorielles\/hotels\/","og_site_name":"Creone","article_modified_time":"2021-01-29T14:03:28+00:00","twitter_card":"summary_large_image","twitter_misc":{"Dur\u00e9e de lecture estim\u00e9e":"1 minute"},"schema":{"@context":"https:\/\/schema.org","@graph":[{"@type":"WebPage","@id":"https:\/\/www.creone.com\/fr\/sectorielles\/hotels\/","url":"https:\/\/www.creone.com\/fr\/sectorielles\/hotels\/","name":"Gestion de cl\u00e9s pour le ressenti du client | H\u00f4tels | Creone","isPartOf":{"@id":"https:\/\/www.creone.com\/fr\/#website"},"datePublished":"2020-07-17T15:20:52+00:00","dateModified":"2021-01-29T14:03:28+00:00","description":"Un syst\u00e8me \u00e9lectronique de gestion des cl\u00e9s automatise la gestion des cl\u00e9s ce qui donne \u00e0 votre personnel plus de temps pour s\u2019occuper des clients.","breadcrumb":{"@id":"https:\/\/www.creone.com\/fr\/sectorielles\/hotels\/#breadcrumb"},"inLanguage":"fr-FR","potentialAction":[{"@type":"ReadAction","target":["https:\/\/www.creone.com\/fr\/sectorielles\/hotels\/"]}]},{"@type":"BreadcrumbList","@id":"https:\/\/www.creone.com\/fr\/sectorielles\/hotels\/#breadcrumb","itemListElement":[{"@type":"ListItem","position":1,"name":"Home","item":"https:\/\/www.creone.com\/fr\/"},{"@type":"ListItem","position":2,"name":"Solutions sectorielles","item":"https:\/\/www.creone.com\/fr\/sectorielles\/"},{"@type":"ListItem","position":3,"name":"H\u00f4tels"}]},{"@type":"WebSite","@id":"https:\/\/www.creone.com\/fr\/#website","url":"https:\/\/www.creone.com\/fr\/","name":"Creone","description":"En till WordPress-webbplats","potentialAction":[{"@type":"SearchAction","target":{"@type":"EntryPoint","urlTemplate":"https:\/\/www.creone.com\/fr\/?s={search_term_string}"},"query-input":{"@type":"PropertyValueSpecification","valueRequired":true,"valueName":"search_term_string"}}],"inLanguage":"fr-FR"}]}},"_links":{"self":[{"href":"https:\/\/www.creone.com\/fr\/wp-json\/wp\/v2\/pages\/6827","targetHints":{"allow":["GET"]}}],"collection":[{"href":"https:\/\/www.creone.com\/fr\/wp-json\/wp\/v2\/pages"}],"about":[{"href":"https:\/\/www.creone.com\/fr\/wp-json\/wp\/v2\/types\/page"}],"author":[{"embeddable":true,"href":"https:\/\/www.creone.com\/fr\/wp-json\/wp\/v2\/users\/2"}],"replies":[{"embeddable":true,"href":"https:\/\/www.creone.com\/fr\/wp-json\/wp\/v2\/comments?post=6827"}],"version-history":[{"count":8,"href":"https:\/\/www.creone.com\/fr\/wp-json\/wp\/v2\/pages\/6827\/revisions"}],"predecessor-version":[{"id":13235,"href":"https:\/\/www.creone.com\/fr\/wp-json\/wp\/v2\/pages\/6827\/revisions\/13235"}],"up":[{"embeddable":true,"href":"https:\/\/www.creone.com\/fr\/wp-json\/wp\/v2\/pages\/6572"}],"wp:attachment":[{"href":"https:\/\/www.creone.com\/fr\/wp-json\/wp\/v2\/media?parent=6827"}],"curies":[{"name":"wp","href":"https:\/\/api.w.org\/{rel}","templated":true}]}}