{"id":6543,"date":"2020-07-16T15:41:06","date_gmt":"2020-07-16T13:41:06","guid":{"rendered":"https:\/\/www.creone.com\/?page_id=6543"},"modified":"2021-02-03T09:46:40","modified_gmt":"2021-02-03T08:46:40","slug":"bosch-thermotechnik","status":"publish","type":"page","link":"https:\/\/www.creone.com\/fr\/sectorielles\/bosch-thermotechnik\/","title":{"rendered":"Bosch Thermotechnik"},"content":{"rendered":"\n    <style>\n        #header-image {\n            background-image: url(https:\/\/www.creone.com\/wp-content\/uploads\/2020\/04\/67871815_342607666623622_6509728965286952960_o.jpg);\n        }\n\n        @media (-webkit-min-device-pixel-ratio: 2),\n        (min-resolution: 192dpi) {\n            #header-image {\n                background-image: url(https:\/\/www.creone.com\/wp-content\/uploads\/2020\/04\/67871815_342607666623622_6509728965286952960_o.jpg);\n            }\n        }\n    <\/style>\n\n    <section\n        class=\"full-width-header-image \"\n        id=\"header-image\"\n        style=\"background-position: center\"><\/section>\n\n                    <div class=\"container-fluid bread-border\">\n            <div class=\"container\">\n                <div class=\"row\">\n                    <div class=\"col-12\">\n                        <p id=\"breadcrumbs\"><span><span><a href=\"https:\/\/www.creone.com\/fr\/\">Home<\/a><\/span><\/span><\/p>                    <\/div>\n                <\/div>\n            <\/div>\n        <\/div>\n        <style>\n            .full-width-header-image {\n                margin-bottom: 0rem !important;\n            }\n\n            .bread-border {\n                margin-bottom: 6rem;\n            }\n        <\/style>\n\n\n\n<h6 class=\"headline tight-container wp-block-heading\">Bosch Thermotechnik<\/h6>\n\n\n\n<h1 class=\"tight-container wp-block-heading\">S\u00e9curit\u00e9 et fiabilit\u00e9 chez Bosch Thermotechnik<\/h1>\n\n\n\n<p class=\"tight-container\">Bosch Thermotechnik AB \u00e0 Tran\u00e5s, en Su\u00e8de, est le plus grand fabricant de pompes \u00e0 chaleur au monde! M\u00eame dans une entreprise comme&nbsp;<a href=\"http:\/\/www.bosch.se\/\">Bosch&nbsp;Thermotechnik AB<\/a>, il y a une pl\u00e9thore de cl\u00e9s \u00e0 g\u00e9rer. Depuis le pool de voitures, les chariots \u00e9l\u00e9vateurs, l\u2019acc\u00e8s aux diff\u00e9rents locaux, les machines et les v\u00e9hicules divers et vari\u00e9s &#8211; tout cela doit \u00eatre administr\u00e9.<\/p>\n\n\n\n    <section class=\"reference-content container\">\n        <div class=\"d-flex flex-wrap-reverse\">\n            <div class=\"sidebar\">\n                                    <div class=\"image mb-4\">\n                        <img decoding=\"async\"\n                            src=\"https:\/\/www.creone.com\/wp-content\/uploads\/2020\/04\/bosch-logo.jpg\"\n                            srcset=\"https:\/\/www.creone.com\/wp-content\/uploads\/2020\/04\/bosch-logo.jpg 1x, https:\/\/www.creone.com\/wp-content\/uploads\/2020\/04\/bosch-logo.jpg 2x\"\n                            class=\"\" \/>\n                    <\/div>\n                                                    <div class=\"title head-font\">Bosch Thermotechnik<\/div>\n                \n                                    <p>C\u2019est en Su\u00e8de que se trouve le centre de comp\u00e9tence et de d\u00e9veloppement des pompes \u00e0 chaleur du Groupe Bosch. Des pompes \u00e0 chaleur y sont d\u00e9velopp\u00e9es et fabriqu\u00e9es depuis plus de 30 ans.<\/p>\n                                <div class=\"mt-5\">\n                                    <\/div>\n            <\/div>\n            <div class=\"content\">\n                                    <h4>Les cl\u00e9s dans des bo\u00eetes<\/h4>\n<p>&#8211; Il n\u2019y a pas si longtemps, la plupart des cl\u00e9s \u00e9taient dans des bo\u00eetes un peu partout dans les bureaux de diff\u00e9rentes personnes. On ne savait pas qui avait la cl\u00e9, ni si elle avait \u00e9t\u00e9 pr\u00eat\u00e9e \u00bb, explique Fredrik Arvidsson, qui travaille au service maintenance.<\/p>\n<p>Bosch Thermotechnik a aujourd\u2019hui 9 armoires \u00e0 cl\u00e9s Creone diff\u00e9rentes dispos\u00e9es dans toute l\u2019usine. Depuis des armoires \u00e0 cl\u00e9s qui permettent de v\u00e9rifier chaque cl\u00e9 de mani\u00e8re individuelle \u00e1 des armoires \u00e0 cl\u00e9s simples qui ne s\u2019ouvrent qu\u2019avec la carte d\u2019acc\u00e8s que le personnel utilise pour p\u00e9n\u00e9trer dans l\u2019enceinte de l\u2019entreprise. Il y a des armoires \u00e0 cl\u00e9s dans pratiquement tous les services !<\/p>\n<p>&nbsp;<\/p>\n<h4>S\u00e9curit\u00e9 du stockage<\/h4>\n<p>C\u2019est un crit\u00e8re de fiabilit\u00e9 pour Bosch Thermotechnik de savoir que les cl\u00e9s sont en s\u00e9curit\u00e9 et que seuls ceux qui sont autoris\u00e9s \u00e0 les utiliser peuvent ouvrir les armoires \u00e0 cl\u00e9s pour les retirer. &#8211; Peu de personnes y pensent, mais avec le syst\u00e8me de gestion des cl\u00e9s Keycontrol de Creone, nous \u00e9conomisons aussi \u00e9norm\u00e9ment de temps! Auparavant, on perdait beaucoup de temps \u00e0 administrer les cl\u00e9s et \u00e0 essayer de savoir qui avait quelle cl\u00e9. Maintenant j\u2019ai tout dans mon ordinateur, dit Fredrik Arvidsson.<\/p>\n<p>KeyBox 9400SC est utilis\u00e9 pour g\u00e9rer le pool de voitures que tout le monde dans l\u2019entreprise peut emprunter \u00e0 tout moment de la journ\u00e9e. Il est facile de voir que la voiture a \u00e9t\u00e9 remise \u00e0 sa place.<\/p>\n<p>KeyBox 9500E &#8211; Connect\u00e9 \u00e0 un lecteur de carte qui permet aux utilisateurs d\u2019ouvrir la porte. C\u2019est dans cette armoire que se trouvent les cl\u00e9s de tous les chariots \u00e9l\u00e9vateurs.<\/p>\n<p>KeyBox 9500B &#8211; C\u2019est une armoire de ce type qu\u2019utilise le service de maintenance. Pour les cl\u00e9s de diff\u00e9rents locaux, de machines, de v\u00e9hicules, etc.<\/p>\n                            <\/div>\n        <\/div>\n    <\/section>\n    <style>\n        .top-border {\n            border-top: 2px solid rgba(211, 211, 211, 0.5);\n            margin-bottom: 30px;\n        }\n    <\/style>\n\n\n        <div class=\"container-fluid bread-border\">\n            <div class=\"container\">\n                <div class=\"row\">\n                    <div class=\"col-12\">\n                                            <\/div>\n                <\/div>\n            <\/div>\n        <\/div>\n        <section class=\"full-width-form  \">\n        <div class=\"container d-flex flex-wrap\">\n            <div class=\"content\">\n                                    <h2 class=\"fade-in\">R\u00e9servez une d\u00e9monstration avec nos vendeurs <\/h2>\n                                                    <p class=\"fade-in\">Laissez-nous vous montrer comment vous pouvez g\u00e9rer vos cl\u00e9s et assurer le rangement des effets personnels de la meilleure mani\u00e8re possible.  <\/p>\n                                                    <img decoding=\"async\" src=\"https:\/\/www.creone.com\/wp-content\/uploads\/2020\/04\/KeyWin6screens_box_SE_outline-4-900x450.png\" alt=\"\" srcset=\"https:\/\/www.creone.com\/wp-content\/uploads\/2020\/04\/KeyWin6screens_box_SE_outline-4-900x450.png 1x, https:\/\/www.creone.com\/wp-content\/uploads\/2020\/04\/KeyWin6screens_box_SE_outline-4-1750x900.png 2x\" class=\"fade-in-up\">\n                            <\/div>\n\n            <div class=\"hubspot-form-container fade-in-left\">\n                                                    <script charset=\"utf-8\" type=\"text\/javascript\" src=\"\/\/js.hsforms.net\/forms\/shell.js\"><\/script> <script>   hbspt.forms.create({ \tportalId: \"6969693\", \tformId: \"2d5f9137-54d5-4305-98fa-402e22f11818\" }); <\/script>                            <\/div>\n\n                    <\/div>\n    <\/section>\n\n\n\n\n<section class=\"cards-with-tab-nav container\">\n\n\t\t\t<h2 class=\"text-center text-blue\">Choisissez un syst\u00e8me de gestion des cl\u00e9s<\/h2>\n\t\n\t\t\t\n\t\t\t<div class=\"tabnav\">\n\t\t\t\t<ul>\n\t\t\t\t\t\t\t\t\t\t\t\t\t\t\t\t\t\t<li class=\"tab-item\" data-tab-content=armoire-\u00e0-cl\u00e9s><span>Armoire \u00e0 cl\u00e9s<\/span><\/li>\n\t\t\t\t\t\t\t\t\t\t\t\t\t\t\t\t\t\t\t\t\t\t\t\t<li class=\"tab-item\" data-tab-content=racks-de-stockage-des-cl\u00e9s><span>Racks de stockage des cl\u00e9s<\/span><\/li>\n\t\t\t\t\t\t\t\t\t\t\t\t\t\t\t<\/ul>\n\t\t\t<\/div>\n\t\t\n\t\t\t\t\t<div class=\"tab-content card-section\" data-tab-content=\"armoire-\u00e0-cl\u00e9s\">\n\t\t\t\t\t\t\t\t\t<div class=\"card\">\n\t\t\t\t\t\t\t\t\t\t\t\t\t\t\t\t\t\t\t\t<img decoding=\"async\" class=\"card-img-top \" src=\"https:\/\/www.creone.com\/wp-content\/uploads\/2020\/03\/9700Keycontrol-open3-480x260.jpg\" alt=\"Armoire \u00e0 cl\u00e9 intelligente KeyBox 9600SC utilis\u00e9e pour la gestion des cl\u00e9s\">\n\t\t\t\t\t\t\n\t\t\t\t\t\t<div class=\"card-body text-align-left \">\n\t\t\t\t\t\t\t\t\t\t\t\t\t\t\t<img decoding=\"async\" src=\"https:\/\/www.creone.com\/wp-content\/uploads\/2020\/03\/keybox-logotyp.png\" alt=\"Logo KeyBox pour la gestion de cl\u00e9s\">\n\t\t\t\t\t\t\t\n\t\t\t\t\t\t\t\t\t\t\t\t\t\t\t<span class=\"text-primary\">La gamme Keycontrol<\/span>\n\t\t\t\t\t\t\t\n\t\t\t\t\t\t\t\n\t\t\t\t\t\t\t\t\t\t\t\t\t\t\t<p class=\"text-primary\">Un syst\u00e8me intelligent avec identification \u00e9lectronique de chaque cl\u00e9. <\/p>\n\t\t\t\t\t\t\t\n\t\t\t\t\t\t\t\t\t\t\t\t\t\t\t\t\t\t\t\t\t\t\t<a href=\"\/fr\/produits\/keybox\/keycontrol\/\" class=\"button btn-link with-arrow\" target=\"\">\n\t\t\t\t\t\t\t\t\tExplorer\t\t\t\t\t\t\t\t<\/a>\n\t\t\t\t\t\t\t\n\t\t\t\t\t\t<\/div>\n\t\t\t\t\t<\/div>\n\t\t\t\t\t\t\t\t\t<div class=\"card\">\n\t\t\t\t\t\t\t\t\t\t\t\t\t\t\t\t\t\t\t\t<img decoding=\"async\" class=\"card-img-top \" src=\"https:\/\/www.creone.com\/wp-content\/uploads\/2020\/03\/9001System-zoomed-480x260.jpg\" alt=\"Armoires de retrait de cl\u00e9s KeyBox system con\u00e7ues pour la gestion des cl\u00e9s\">\n\t\t\t\t\t\t\n\t\t\t\t\t\t<div class=\"card-body text-align-left \">\n\t\t\t\t\t\t\t\t\t\t\t\t\t\t\t<img decoding=\"async\" src=\"https:\/\/www.creone.com\/wp-content\/uploads\/2020\/03\/keybox-logotyp.png\" alt=\"Logo KeyBox pour la gestion de cl\u00e9s\">\n\t\t\t\t\t\t\t\n\t\t\t\t\t\t\t\t\t\t\t\t\t\t\t<span class=\"text-primary\">La gamme System<\/span>\n\t\t\t\t\t\t\t\n\t\t\t\t\t\t\t\n\t\t\t\t\t\t\t\t\t\t\t\t\t\t\t<p class=\"text-primary\">Enregistre tout ce qui se passe pour chaque retrait \u00e9lectronique de cl\u00e9.<\/p>\n\t\t\t\t\t\t\t\n\t\t\t\t\t\t\t\t\t\t\t\t\t\t\t\t\t\t\t\t\t\t\t<a href=\"\/fr\/produits\/keybox\/system\/\" class=\"button btn-link with-arrow\" target=\"\">\n\t\t\t\t\t\t\t\t\tExplorer\t\t\t\t\t\t\t\t<\/a>\n\t\t\t\t\t\t\t\n\t\t\t\t\t\t<\/div>\n\t\t\t\t\t<\/div>\n\t\t\t\t\t\t\t\t\t<div class=\"card\">\n\t\t\t\t\t\t\t\t\t\t\t\t\t\t\t\t\t\t\t\t<img decoding=\"async\" class=\"card-img-top \" src=\"https:\/\/www.creone.com\/wp-content\/uploads\/2020\/03\/9001Baisc-zoomed-480x260.jpg\" alt=\"Armoires de retrait de cl\u00e9s KeyBox basic con\u00e7ues pour la gestion des cl\u00e9s\">\n\t\t\t\t\t\t\n\t\t\t\t\t\t<div class=\"card-body text-align-left \">\n\t\t\t\t\t\t\t\t\t\t\t\t\t\t\t<img decoding=\"async\" src=\"https:\/\/www.creone.com\/wp-content\/uploads\/2020\/03\/keybox-logotyp.png\" alt=\"Logo KeyBox pour la gestion de cl\u00e9s\">\n\t\t\t\t\t\t\t\n\t\t\t\t\t\t\t\t\t\t\t\t\t\t\t<span class=\"text-primary\">La gamme Basic<\/span>\n\t\t\t\t\t\t\t\n\t\t\t\t\t\t\t\n\t\t\t\t\t\t\t\t\t\t\t\t\t\t\t<p class=\"text-primary\">La solution la plus simple de retrait \u00e9lectronique de cl\u00e9s.<\/p>\n\t\t\t\t\t\t\t\n\t\t\t\t\t\t\t\t\t\t\t\t\t\t\t\t\t\t\t\t\t\t\t<a href=\"\/fr\/produits\/keybox\/basic\/\" class=\"button btn-link with-arrow\" target=\"\">\n\t\t\t\t\t\t\t\t\tExplorer\t\t\t\t\t\t\t\t<\/a>\n\t\t\t\t\t\t\t\n\t\t\t\t\t\t<\/div>\n\t\t\t\t\t<\/div>\n\t\t\t\t\t\t\t<\/div>\n\t\t\t\t\t<div class=\"tab-content card-section\" data-tab-content=\"racks-de-stockage-des-cl\u00e9s\">\n\t\t\t\t\t\t\t\t\t<div class=\"single-card\">\n\t\t\t\t\t\t\t\t\t\t\t\t\t\t\t\t\t\t\t\t<img decoding=\"async\" class=\"card-img-top \" src=\"https:\/\/www.creone.com\/wp-content\/uploads\/2020\/08\/keyrack_rfid_env.jpg\" alt=\"45 stycken intelligenta nyckelister med kontrollbox monterade p\u00e5 v\u00e4gg och nyckelsk\u00e5p f\u00f6r en unik nyckelhantering. \">\n\t\t\t\t\t\t\n\t\t\t\t\t\t<div class=\"card-body text-align-left \">\n\t\t\t\t\t\t\t\t\t\t\t\t\t\t\t<img decoding=\"async\" src=\"https:\/\/www.creone.com\/wp-content\/uploads\/2020\/03\/keyrack-logotyp.png\" alt=\"Logo KeyRack pour la manipulation de cl\u00e9s\">\n\t\t\t\t\t\t\t\n\t\t\t\t\t\t\t\n\t\t\t\t\t\t\t\t\t\t\t\t\t\t\t<h3 class=\"text-blue\">Une gestion des cl\u00e9s accessible et flexible<\/h3>\n\t\t\t\t\t\t\t\n\t\t\t\t\t\t\t\t\t\t\t\t\t\t\t<p class=\"text-primary\">Couplez vos cl\u00e9s \u00e0 des fiches IntelliPin et placez-les soit directement sur les racks verrouillables ou non du syst\u00e8me KeyRack fix\u00e9s au mur, soit dans des armoires. Avoir une vue d\u2019ensemble et un contr\u00f4le total de vos cl\u00e9s ne peut pas \u00eatre plus simple<\/p>\n\t\t\t\t\t\t\t\n\t\t\t\t\t\t\t\t\t\t\t\t\t\t\t\t\t\t\t\t\t\t\t<a href=\"\/fr\/produits\/keyrack\/\" class=\"button btn-link with-arrow\" target=\"\">\n\t\t\t\t\t\t\t\t\tExplorer\t\t\t\t\t\t\t\t<\/a>\n\t\t\t\t\t\t\t\n\t\t\t\t\t\t<\/div>\n\t\t\t\t\t<\/div>\n\t\t\t\t\t\t\t<\/div>\n\t\t\t\n<\/section>\n\n\n\n            <section class=\"row-with-separator container\">\n                            <div class=\"content\">\n                    <h3>R\u00e9servez une d\u00e9monstration<\/h3>\n                    <p>\n                        Laissez-nous d\u00e8s aujourd\u2019hui vous montrer comment vous pouvez administrer vos cl\u00e9s et vos objets de valeur de la meilleure mani\u00e8re possible.                     <\/p>\n                    <a class=\"button btn-link with-arrow\" href=\"\/fr\/demo\/\" target=>R\u00e9servez maintenant<\/a>\n                <\/div>\n                            <div class=\"content\">\n                    <h3>Trouver votre revendeur<\/h3>\n                    <p>\n                        Recherchez sur la carte ou utilisez la barre de recherche pour trouver un revendeur. Vous avez besoin d\u2019aide avec votre syst\u00e8me existant ou pour choisir la bonne solution.                     <\/p>\n                    <a class=\"button btn-link with-arrow\" href=\"\/fr\/trouver-un-revendeur\/\" target=>Trouver maintenant<\/a>\n                <\/div>\n                    <\/section>\n    ","protected":false},"excerpt":{"rendered":"<p>Bosch Thermotechnik S\u00e9curit\u00e9 et fiabilit\u00e9 chez Bosch Thermotechnik Bosch Thermotechnik AB \u00e0 Tran\u00e5s, en Su\u00e8de, est le plus grand fabricant de pompes \u00e0 chaleur au monde! M\u00eame dans une entreprise comme&nbsp;Bosch&nbsp;Thermotechnik AB, il y a une pl\u00e9thore de cl\u00e9s \u00e0 g\u00e9rer. Depuis le pool de voitures, les chariots \u00e9l\u00e9vateurs, l\u2019acc\u00e8s aux diff\u00e9rents locaux, les machines [&hellip;]<\/p>\n","protected":false},"author":2,"featured_media":0,"parent":6572,"menu_order":0,"comment_status":"closed","ping_status":"closed","template":"page-without-container.php","meta":{"_acf_changed":false,"content-type":"","footnotes":""},"class_list":["post-6543","page","type-page","status-publish","hentry"],"acf":[],"yoast_head":"<!-- This site is optimized with the Yoast SEO plugin v26.7 - https:\/\/yoast.com\/wordpress\/plugins\/seo\/ -->\n<title>Gestion de cl\u00e9s s\u00fbre et fiable | Bosch Thermotechnik | Creone<\/title>\n<meta name=\"description\" content=\"Une gestion de cl\u00e9s s\u00fbre et fiable avec les armoires \u00e0 cl\u00e9s de la s\u00e9rie Keycontrol.\" \/>\n<meta name=\"robots\" content=\"index, follow, max-snippet:-1, max-image-preview:large, max-video-preview:-1\" \/>\n<link rel=\"canonical\" href=\"https:\/\/www.creone.com\/fr\/sectorielles\/bosch-thermotechnik\/\" \/>\n<meta property=\"og:locale\" content=\"fr_FR\" \/>\n<meta property=\"og:type\" content=\"article\" \/>\n<meta property=\"og:title\" content=\"Gestion de cl\u00e9s s\u00fbre et fiable | Bosch Thermotechnik | Creone\" \/>\n<meta property=\"og:description\" content=\"Une gestion de cl\u00e9s s\u00fbre et fiable avec les armoires \u00e0 cl\u00e9s de la s\u00e9rie Keycontrol.\" \/>\n<meta property=\"og:url\" content=\"https:\/\/www.creone.com\/fr\/sectorielles\/bosch-thermotechnik\/\" \/>\n<meta property=\"og:site_name\" content=\"Creone\" \/>\n<meta property=\"article:modified_time\" content=\"2021-02-03T08:46:40+00:00\" \/>\n<meta name=\"twitter:card\" content=\"summary_large_image\" \/>\n<script type=\"application\/ld+json\" class=\"yoast-schema-graph\">{\"@context\":\"https:\/\/schema.org\",\"@graph\":[{\"@type\":\"WebPage\",\"@id\":\"https:\/\/www.creone.com\/fr\/sectorielles\/bosch-thermotechnik\/\",\"url\":\"https:\/\/www.creone.com\/fr\/sectorielles\/bosch-thermotechnik\/\",\"name\":\"Gestion de cl\u00e9s s\u00fbre et fiable | Bosch Thermotechnik | Creone\",\"isPartOf\":{\"@id\":\"https:\/\/www.creone.com\/fr\/#website\"},\"datePublished\":\"2020-07-16T13:41:06+00:00\",\"dateModified\":\"2021-02-03T08:46:40+00:00\",\"description\":\"Une gestion de cl\u00e9s s\u00fbre et fiable avec les armoires \u00e0 cl\u00e9s de la s\u00e9rie Keycontrol.\",\"breadcrumb\":{\"@id\":\"https:\/\/www.creone.com\/fr\/sectorielles\/bosch-thermotechnik\/#breadcrumb\"},\"inLanguage\":\"fr-FR\",\"potentialAction\":[{\"@type\":\"ReadAction\",\"target\":[\"https:\/\/www.creone.com\/fr\/sectorielles\/bosch-thermotechnik\/\"]}]},{\"@type\":\"BreadcrumbList\",\"@id\":\"https:\/\/www.creone.com\/fr\/sectorielles\/bosch-thermotechnik\/#breadcrumb\",\"itemListElement\":[{\"@type\":\"ListItem\",\"position\":1,\"name\":\"Home\",\"item\":\"https:\/\/www.creone.com\/fr\/\"},{\"@type\":\"ListItem\",\"position\":2,\"name\":\"Solutions sectorielles\",\"item\":\"https:\/\/www.creone.com\/fr\/sectorielles\/\"},{\"@type\":\"ListItem\",\"position\":3,\"name\":\"Bosch Thermotechnik\"}]},{\"@type\":\"WebSite\",\"@id\":\"https:\/\/www.creone.com\/fr\/#website\",\"url\":\"https:\/\/www.creone.com\/fr\/\",\"name\":\"Creone\",\"description\":\"En till WordPress-webbplats\",\"potentialAction\":[{\"@type\":\"SearchAction\",\"target\":{\"@type\":\"EntryPoint\",\"urlTemplate\":\"https:\/\/www.creone.com\/fr\/?s={search_term_string}\"},\"query-input\":{\"@type\":\"PropertyValueSpecification\",\"valueRequired\":true,\"valueName\":\"search_term_string\"}}],\"inLanguage\":\"fr-FR\"}]}<\/script>\n<!-- \/ Yoast SEO plugin. -->","yoast_head_json":{"title":"Gestion de cl\u00e9s s\u00fbre et fiable | Bosch Thermotechnik | Creone","description":"Une gestion de cl\u00e9s s\u00fbre et fiable avec les armoires \u00e0 cl\u00e9s de la s\u00e9rie Keycontrol.","robots":{"index":"index","follow":"follow","max-snippet":"max-snippet:-1","max-image-preview":"max-image-preview:large","max-video-preview":"max-video-preview:-1"},"canonical":"https:\/\/www.creone.com\/fr\/sectorielles\/bosch-thermotechnik\/","og_locale":"fr_FR","og_type":"article","og_title":"Gestion de cl\u00e9s s\u00fbre et fiable | Bosch Thermotechnik | Creone","og_description":"Une gestion de cl\u00e9s s\u00fbre et fiable avec les armoires \u00e0 cl\u00e9s de la s\u00e9rie Keycontrol.","og_url":"https:\/\/www.creone.com\/fr\/sectorielles\/bosch-thermotechnik\/","og_site_name":"Creone","article_modified_time":"2021-02-03T08:46:40+00:00","twitter_card":"summary_large_image","schema":{"@context":"https:\/\/schema.org","@graph":[{"@type":"WebPage","@id":"https:\/\/www.creone.com\/fr\/sectorielles\/bosch-thermotechnik\/","url":"https:\/\/www.creone.com\/fr\/sectorielles\/bosch-thermotechnik\/","name":"Gestion de cl\u00e9s s\u00fbre et fiable | Bosch Thermotechnik | Creone","isPartOf":{"@id":"https:\/\/www.creone.com\/fr\/#website"},"datePublished":"2020-07-16T13:41:06+00:00","dateModified":"2021-02-03T08:46:40+00:00","description":"Une gestion de cl\u00e9s s\u00fbre et fiable avec les armoires \u00e0 cl\u00e9s de la s\u00e9rie Keycontrol.","breadcrumb":{"@id":"https:\/\/www.creone.com\/fr\/sectorielles\/bosch-thermotechnik\/#breadcrumb"},"inLanguage":"fr-FR","potentialAction":[{"@type":"ReadAction","target":["https:\/\/www.creone.com\/fr\/sectorielles\/bosch-thermotechnik\/"]}]},{"@type":"BreadcrumbList","@id":"https:\/\/www.creone.com\/fr\/sectorielles\/bosch-thermotechnik\/#breadcrumb","itemListElement":[{"@type":"ListItem","position":1,"name":"Home","item":"https:\/\/www.creone.com\/fr\/"},{"@type":"ListItem","position":2,"name":"Solutions sectorielles","item":"https:\/\/www.creone.com\/fr\/sectorielles\/"},{"@type":"ListItem","position":3,"name":"Bosch Thermotechnik"}]},{"@type":"WebSite","@id":"https:\/\/www.creone.com\/fr\/#website","url":"https:\/\/www.creone.com\/fr\/","name":"Creone","description":"En till WordPress-webbplats","potentialAction":[{"@type":"SearchAction","target":{"@type":"EntryPoint","urlTemplate":"https:\/\/www.creone.com\/fr\/?s={search_term_string}"},"query-input":{"@type":"PropertyValueSpecification","valueRequired":true,"valueName":"search_term_string"}}],"inLanguage":"fr-FR"}]}},"_links":{"self":[{"href":"https:\/\/www.creone.com\/fr\/wp-json\/wp\/v2\/pages\/6543","targetHints":{"allow":["GET"]}}],"collection":[{"href":"https:\/\/www.creone.com\/fr\/wp-json\/wp\/v2\/pages"}],"about":[{"href":"https:\/\/www.creone.com\/fr\/wp-json\/wp\/v2\/types\/page"}],"author":[{"embeddable":true,"href":"https:\/\/www.creone.com\/fr\/wp-json\/wp\/v2\/users\/2"}],"replies":[{"embeddable":true,"href":"https:\/\/www.creone.com\/fr\/wp-json\/wp\/v2\/comments?post=6543"}],"version-history":[{"count":12,"href":"https:\/\/www.creone.com\/fr\/wp-json\/wp\/v2\/pages\/6543\/revisions"}],"predecessor-version":[{"id":18531,"href":"https:\/\/www.creone.com\/fr\/wp-json\/wp\/v2\/pages\/6543\/revisions\/18531"}],"up":[{"embeddable":true,"href":"https:\/\/www.creone.com\/fr\/wp-json\/wp\/v2\/pages\/6572"}],"wp:attachment":[{"href":"https:\/\/www.creone.com\/fr\/wp-json\/wp\/v2\/media?parent=6543"}],"curies":[{"name":"wp","href":"https:\/\/api.w.org\/{rel}","templated":true}]}}