{"id":18530,"date":"2023-06-19T13:47:27","date_gmt":"2023-06-19T11:47:27","guid":{"rendered":"https:\/\/www.creone.com\/?page_id=18530"},"modified":"2026-01-28T15:52:50","modified_gmt":"2026-01-28T14:52:50","slug":"auto-brucker","status":"publish","type":"page","link":"https:\/\/www.creone.com\/fr\/sectorielles\/auto-brucker\/","title":{"rendered":"Auto-Br\u00fccker"},"content":{"rendered":"\n    <style>\n        #header-image {\n            background-image: url(https:\/\/www.creone.com\/wp-content\/uploads\/2023\/06\/iStock-1373210791-resize.jpg);\n        }\n\n        @media (-webkit-min-device-pixel-ratio: 2),\n        (min-resolution: 192dpi) {\n            #header-image {\n                background-image: url(https:\/\/www.creone.com\/wp-content\/uploads\/2023\/06\/iStock-1373210791-resize.jpg);\n            }\n        }\n    <\/style>\n\n    <section\n        class=\"full-width-header-image \"\n        id=\"header-image\"\n        style=\"background-position: center\"><\/section>\n\n                    <div class=\"container-fluid bread-border\">\n            <div class=\"container\">\n                <div class=\"row\">\n                    <div class=\"col-12\">\n                        <p id=\"breadcrumbs\"><span><span><a href=\"https:\/\/www.creone.com\/fr\/\">Home<\/a><\/span><\/span><\/p>                    <\/div>\n                <\/div>\n            <\/div>\n        <\/div>\n        <style>\n            .full-width-header-image {\n                margin-bottom: 0rem !important;\n            }\n\n            .bread-border {\n                margin-bottom: 6rem;\n            }\n        <\/style>\n\n\n\n<h6 class=\"wp-block-heading headline tight-container\">Auto-Br\u00fccker<\/h6>\n\n\n\n<h1 class=\"wp-block-heading tight-container\">Gestion \u00e9lectronique des cl\u00e9s dans des coffres-forts certifi\u00e9s&nbsp;<\/h1>\n\n\n\n<p class=\"tight-container\">Auto-Br\u00fccker est un concessionnaire automobile qui poss\u00e8de&nbsp;sept&nbsp;succursales dans les r\u00e9gions de Bavi\u00e8re et de Thuringe en Allemagne. Auto-Br\u00fccker travaille dans la r\u00e9gion depuis plus de deux d\u00e9cennies. L\u2019entreprise propose diff\u00e9rentes marques de voiture afin de r\u00e9pondre aux besoins de ses clients.<\/p>\n\n\n\n    <section class=\"reference-content container\">\n        <div class=\"d-flex flex-wrap-reverse\">\n            <div class=\"sidebar\">\n                                                    <div class=\"title head-font\">Auto-Br\u00fccker<\/div>\n                \n                                    <p>Auto-Br\u00fccker est un concessionnaire automobile qui a sept succursales en Allemagne<\/p>\n                                <div class=\"mt-5\">\n                                    <\/div>\n            <\/div>\n            <div class=\"content\">\n                                    <p style=\"font-weight: 400;\">\u2013 Chez Auto-B\u00fccker, nous manipulons quotidiennement de nombreuses voitures, donc une grande quantit\u00e9 de cl\u00e9s. En raison de la valeur \u00e9lev\u00e9e des cl\u00e9s, nous avions besoin d\u2019un syst\u00e8me efficace pour contr\u00f4ler chaque cl\u00e9 et enregistrer chaque utilisateur. Pour des raisons de s\u00e9curit\u00e9, nous devions \u00e9galement pouvoir ranger les cl\u00e9s dans un coffre-fort certifi\u00e9, explique Michael Br\u00fccker, directeur g\u00e9n\u00e9ral d\u2019Auto-Br\u00fccker.<\/p>\n<p>&nbsp;<\/p>\n<h4><\/h4>\n<h4>KeyRack dans les coffres-forts<\/h4>\n<p style=\"font-weight: 400;\">Pour relever ce d\u00e9fi, Auto-Br\u00fccker a d\u00e9velopp\u00e9 une solution sur mesure qui utilise le syst\u00e8me <a href=\"https:\/\/www.creone.com\/fr\/produits\/keyrack\/\">KeyRack<\/a> de Creone. Sa structure unique permet de l\u2019installer dans des coffres-forts ou des armoires. C\u2019est ce qu\u2019a fait Auto-Br\u00fccker.<\/p>\n<p>&nbsp;<\/p>\n<h4>Savoir qui poss\u00e8de une cl\u00e9 fait toute la diff\u00e9rence<\/h4>\n<p style=\"font-weight: 400;\">Pour Auto-Br\u00fccker, le principal avantage avec KeyRacks de Creone, c\u2019est que nous savons qui poss\u00e8de une cl\u00e9 ou qui en a utilis\u00e9 une \u00e0 un moment pr\u00e9cis. Nous savons donc o\u00f9 se trouve chaque cl\u00e9 et nous perdons moins de temps qu\u2019auparavant \u00e0 chercher les cl\u00e9s. Par cons\u00e9quent, nous sommes plus efficaces en mati\u00e8re de gestion des cl\u00e9s et le personnel et la direction sont moins stress\u00e9s.<\/p>\n<p>&nbsp;<\/p>\n<h4>Une m\u00eame solution pour toutes les succursales<\/h4>\n<p style=\"font-weight: 400;\">Pour le moment, Auto-Br\u00fccker a install\u00e9 cette solution dans sept \u00a0succursales afin d\u2019optimiser sa gestion des cl\u00e9s. Toutes les armoires sont reli\u00e9es \u00e0 la m\u00eame plateforme KeyWin6. Ainsi, la direction d\u2019Auto-Br\u00fccker sait pr\u00e9cis\u00e9ment comment son \u00e9quipe utilise les cl\u00e9s chaque jour.<\/p>\n                            <\/div>\n        <\/div>\n    <\/section>\n    <style>\n        .top-border {\n            border-top: 2px solid rgba(211, 211, 211, 0.5);\n            margin-bottom: 30px;\n        }\n    <\/style>\n\n\n        <div class=\"container-fluid bread-border\">\n            <div class=\"container\">\n                <div class=\"row\">\n                    <div class=\"col-12\">\n                                            <\/div>\n                <\/div>\n            <\/div>\n        <\/div>\n        <section class=\"full-width-form  \">\n        <div class=\"container d-flex flex-wrap\">\n            <div class=\"content\">\n                                    <h2 class=\"fade-in\">R\u00e9servez une d\u00e9monstration avec nos vendeurs <\/h2>\n                                                    <p class=\"fade-in\">Laissez-nous vous montrer comment vous pouvez g\u00e9rer vos cl\u00e9s et assurer le rangement des effets personnels de la meilleure mani\u00e8re possible.  <\/p>\n                                                    <img decoding=\"async\" src=\"https:\/\/www.creone.com\/wp-content\/uploads\/2020\/04\/KeyWin6screens_box_SE_outline-4-900x450.png\" alt=\"\" srcset=\"https:\/\/www.creone.com\/wp-content\/uploads\/2020\/04\/KeyWin6screens_box_SE_outline-4-900x450.png 1x, https:\/\/www.creone.com\/wp-content\/uploads\/2020\/04\/KeyWin6screens_box_SE_outline-4-1750x900.png 2x\" class=\"fade-in-up\">\n                            <\/div>\n\n            <div class=\"hubspot-form-container fade-in-left\">\n                                                    <script charset=\"utf-8\" type=\"text\/javascript\" src=\"\/\/js.hsforms.net\/forms\/shell.js\"><\/script> <script>   hbspt.forms.create({ \tportalId: \"6969693\", \tformId: \"2d5f9137-54d5-4305-98fa-402e22f11818\" }); <\/script>                            <\/div>\n\n                    <\/div>\n    <\/section>\n\n\n\n\n<section class=\"cards-with-tab-nav container\">\n\n\t\t\t<h2 class=\"text-center text-blue\">Choisissez un syst\u00e8me de gestion des cl\u00e9s<\/h2>\n\t\n\t\t\t\n\t\t\t<div class=\"tabnav\">\n\t\t\t\t<ul>\n\t\t\t\t\t\t\t\t\t\t\t\t\t\t\t\t\t\t<li class=\"tab-item\" data-tab-content=armoire-\u00e0-cl\u00e9s><span>Armoire \u00e0 cl\u00e9s<\/span><\/li>\n\t\t\t\t\t\t\t\t\t\t\t\t\t\t\t\t\t\t\t\t\t\t\t\t<li class=\"tab-item\" data-tab-content=racks-de-stockage-des-cl\u00e9s><span>Racks de stockage des cl\u00e9s<\/span><\/li>\n\t\t\t\t\t\t\t\t\t\t\t\t\t\t\t<\/ul>\n\t\t\t<\/div>\n\t\t\n\t\t\t\t\t<div class=\"tab-content card-section\" data-tab-content=\"armoire-\u00e0-cl\u00e9s\">\n\t\t\t\t\t\t\t\t\t<div class=\"card\">\n\t\t\t\t\t\t\t\t\t\t\t\t\t\t\t\t\t\t\t\t<img decoding=\"async\" class=\"card-img-top \" src=\"https:\/\/www.creone.com\/wp-content\/uploads\/2020\/03\/9700Keycontrol-open3-480x260.jpg\" alt=\"Armoire \u00e0 cl\u00e9 intelligente KeyBox 9600SC utilis\u00e9e pour la gestion des cl\u00e9s\">\n\t\t\t\t\t\t\n\t\t\t\t\t\t<div class=\"card-body text-align-left \">\n\t\t\t\t\t\t\t\t\t\t\t\t\t\t\t<img decoding=\"async\" src=\"https:\/\/www.creone.com\/wp-content\/uploads\/2020\/03\/keybox-logotyp.png\" alt=\"Logo KeyBox pour la gestion de cl\u00e9s\">\n\t\t\t\t\t\t\t\n\t\t\t\t\t\t\t\t\t\t\t\t\t\t\t<span class=\"text-primary\">La gamme Keycontrol<\/span>\n\t\t\t\t\t\t\t\n\t\t\t\t\t\t\t\n\t\t\t\t\t\t\t\t\t\t\t\t\t\t\t<p class=\"text-primary\">Un syst\u00e8me intelligent avec identification \u00e9lectronique de chaque cl\u00e9. <\/p>\n\t\t\t\t\t\t\t\n\t\t\t\t\t\t\t\t\t\t\t\t\t\t\t\t\t\t\t\t\t\t\t<a href=\"\/fr\/produits\/keybox\/keycontrol\/\" class=\"button btn-link with-arrow\" target=\"\">\n\t\t\t\t\t\t\t\t\tExplorer\t\t\t\t\t\t\t\t<\/a>\n\t\t\t\t\t\t\t\n\t\t\t\t\t\t<\/div>\n\t\t\t\t\t<\/div>\n\t\t\t\t\t\t\t\t\t<div class=\"card\">\n\t\t\t\t\t\t\t\t\t\t\t\t\t\t\t\t\t\t\t\t<img decoding=\"async\" class=\"card-img-top \" src=\"https:\/\/www.creone.com\/wp-content\/uploads\/2020\/03\/9001System-zoomed-480x260.jpg\" alt=\"Armoires de retrait de cl\u00e9s KeyBox system con\u00e7ues pour la gestion des cl\u00e9s\">\n\t\t\t\t\t\t\n\t\t\t\t\t\t<div class=\"card-body text-align-left \">\n\t\t\t\t\t\t\t\t\t\t\t\t\t\t\t<img decoding=\"async\" src=\"https:\/\/www.creone.com\/wp-content\/uploads\/2020\/03\/keybox-logotyp.png\" alt=\"Logo KeyBox pour la gestion de cl\u00e9s\">\n\t\t\t\t\t\t\t\n\t\t\t\t\t\t\t\t\t\t\t\t\t\t\t<span class=\"text-primary\">System-serien<\/span>\n\t\t\t\t\t\t\t\n\t\t\t\t\t\t\t\n\t\t\t\t\t\t\t\t\t\t\t\t\t\t\t<p class=\"text-primary\">Enregistre tout ce qui se passe pour chaque retrait \u00e9lectronique de cl\u00e9.<\/p>\n\t\t\t\t\t\t\t\n\t\t\t\t\t\t\t\t\t\t\t\t\t\t\t\t\t\t\t\t\t\t\t<a href=\"\/fr\/produits\/keybox\/system\/\" class=\"button btn-link with-arrow\" target=\"\">\n\t\t\t\t\t\t\t\t\tExplorer\t\t\t\t\t\t\t\t<\/a>\n\t\t\t\t\t\t\t\n\t\t\t\t\t\t<\/div>\n\t\t\t\t\t<\/div>\n\t\t\t\t\t\t\t\t\t<div class=\"card\">\n\t\t\t\t\t\t\t\t\t\t\t\t\t\t\t\t\t\t\t\t<img decoding=\"async\" class=\"card-img-top \" src=\"https:\/\/www.creone.com\/wp-content\/uploads\/2020\/03\/9001Baisc-zoomed-480x260.jpg\" alt=\"Armoires de retrait de cl\u00e9s KeyBox basic con\u00e7ues pour la gestion des cl\u00e9s\">\n\t\t\t\t\t\t\n\t\t\t\t\t\t<div class=\"card-body text-align-left \">\n\t\t\t\t\t\t\t\t\t\t\t\t\t\t\t<img decoding=\"async\" src=\"https:\/\/www.creone.com\/wp-content\/uploads\/2020\/03\/keybox-logotyp.png\" alt=\"Logo KeyBox pour la gestion de cl\u00e9s\">\n\t\t\t\t\t\t\t\n\t\t\t\t\t\t\t\t\t\t\t\t\t\t\t<span class=\"text-primary\">La gamme Basic<\/span>\n\t\t\t\t\t\t\t\n\t\t\t\t\t\t\t\n\t\t\t\t\t\t\t\t\t\t\t\t\t\t\t<p class=\"text-primary\">La solution la plus simple de retrait \u00e9lectronique de cl\u00e9s.<\/p>\n\t\t\t\t\t\t\t\n\t\t\t\t\t\t\t\t\t\t\t\t\t\t\t\t\t\t\t\t\t\t\t<a href=\"\/fr\/produits\/keybox\/basic\/\" class=\"button btn-link with-arrow\" target=\"\">\n\t\t\t\t\t\t\t\t\tExplorer\t\t\t\t\t\t\t\t<\/a>\n\t\t\t\t\t\t\t\n\t\t\t\t\t\t<\/div>\n\t\t\t\t\t<\/div>\n\t\t\t\t\t\t\t<\/div>\n\t\t\t\t\t<div class=\"tab-content card-section\" data-tab-content=\"racks-de-stockage-des-cl\u00e9s\">\n\t\t\t\t\t\t\t\t\t<div class=\"single-card\">\n\t\t\t\t\t\t\t\t\t\t\t\t\t\t\t\t\t\t\t\t<img decoding=\"async\" class=\"card-img-top \" src=\"https:\/\/www.creone.com\/wp-content\/uploads\/2020\/08\/keyrack_rfid_env.jpg\" alt=\"45 stycken intelligenta nyckelister med kontrollbox monterade p\u00e5 v\u00e4gg och nyckelsk\u00e5p f\u00f6r en unik nyckelhantering. \">\n\t\t\t\t\t\t\n\t\t\t\t\t\t<div class=\"card-body text-align-left \">\n\t\t\t\t\t\t\t\t\t\t\t\t\t\t\t<img decoding=\"async\" src=\"https:\/\/www.creone.com\/wp-content\/uploads\/2020\/03\/keyrack-logotyp.png\" alt=\"Logo KeyRack pour la manipulation de cl\u00e9s\">\n\t\t\t\t\t\t\t\n\t\t\t\t\t\t\t\n\t\t\t\t\t\t\t\t\t\t\t\t\t\t\t<h3 class=\"text-blue\">Une gestion des cl\u00e9s accessible et flexible<\/h3>\n\t\t\t\t\t\t\t\n\t\t\t\t\t\t\t\t\t\t\t\t\t\t\t<p class=\"text-primary\">Couplez vos cl\u00e9s \u00e0 des fiches IntelliPin et placez-les soit directement sur les racks verrouillables ou non du syst\u00e8me KeyRack fix\u00e9s au mur, soit dans des armoires. Avoir une vue d\u2019ensemble et un contr\u00f4le total de vos cl\u00e9s ne peut pas \u00eatre plus simple<\/p>\n\t\t\t\t\t\t\t\n\t\t\t\t\t\t\t\t\t\t\t\t\t\t\t\t\t\t\t\t\t\t\t<a href=\"\/fr\/produits\/keyrack\/\" class=\"button btn-link with-arrow\" target=\"\">\n\t\t\t\t\t\t\t\t\tExplorer\t\t\t\t\t\t\t\t<\/a>\n\t\t\t\t\t\t\t\n\t\t\t\t\t\t<\/div>\n\t\t\t\t\t<\/div>\n\t\t\t\t\t\t\t<\/div>\n\t\t\t\n<\/section>\n\n\n\n            <section class=\"row-with-separator container\">\n                            <div class=\"content\">\n                    <h3>R\u00e9servez une d\u00e9monstration<\/h3>\n                    <p>\n                        Laissez-nous d\u00e8s aujourd\u2019hui vous montrer comment vous pouvez administrer vos cl\u00e9s et vos objets de valeur de la meilleure mani\u00e8re possible.                     <\/p>\n                    <a class=\"button btn-link with-arrow\" href=\"\/fr\/demo\/\" target=>R\u00e9servez maintenant<\/a>\n                <\/div>\n                            <div class=\"content\">\n                    <h3>Trouver votre revendeur<\/h3>\n                    <p>\n                        Recherchez sur la carte ou utilisez la barre de recherche pour trouver un revendeur. Vous avez besoin d\u2019aide avec votre syst\u00e8me existant ou pour choisir la bonne solution.                     <\/p>\n                    <a class=\"button btn-link with-arrow\" href=\"\/fr\/trouver-un-revendeur\/\" target=>Trouver maintenant<\/a>\n                <\/div>\n                    <\/section>\n    ","protected":false},"excerpt":{"rendered":"<p>Auto-Br\u00fccker Gestion \u00e9lectronique des cl\u00e9s dans des coffres-forts certifi\u00e9s&nbsp; Auto-Br\u00fccker est un concessionnaire automobile qui poss\u00e8de&nbsp;sept&nbsp;succursales dans les r\u00e9gions de Bavi\u00e8re et de Thuringe en Allemagne. Auto-Br\u00fccker travaille dans la r\u00e9gion depuis plus de deux d\u00e9cennies. L\u2019entreprise propose diff\u00e9rentes marques de voiture afin de r\u00e9pondre aux besoins de ses clients.<\/p>\n","protected":false},"author":2,"featured_media":0,"parent":6572,"menu_order":0,"comment_status":"closed","ping_status":"closed","template":"page-without-container.php","meta":{"_acf_changed":false,"content-type":"","footnotes":""},"class_list":["post-18530","page","type-page","status-publish","hentry"],"acf":[],"yoast_head":"<!-- This site is optimized with the Yoast SEO plugin v26.7 - https:\/\/yoast.com\/wordpress\/plugins\/seo\/ -->\n<title>Auto-Br\u00fccker | Creone<\/title>\n<meta name=\"robots\" content=\"index, follow, max-snippet:-1, max-image-preview:large, max-video-preview:-1\" \/>\n<link rel=\"canonical\" href=\"https:\/\/www.creone.com\/fr\/sectorielles\/auto-brucker\/\" \/>\n<meta property=\"og:locale\" content=\"fr_FR\" \/>\n<meta property=\"og:type\" content=\"article\" \/>\n<meta property=\"og:title\" content=\"Auto-Br\u00fccker | Creone\" \/>\n<meta property=\"og:description\" content=\"Auto-Br\u00fccker Gestion \u00e9lectronique des cl\u00e9s dans des coffres-forts certifi\u00e9s&nbsp; Auto-Br\u00fccker est un concessionnaire automobile qui poss\u00e8de&nbsp;sept&nbsp;succursales dans les r\u00e9gions de Bavi\u00e8re et de Thuringe en Allemagne. Auto-Br\u00fccker travaille dans la r\u00e9gion depuis plus de deux d\u00e9cennies. L\u2019entreprise propose diff\u00e9rentes marques de voiture afin de r\u00e9pondre aux besoins de ses clients.\" \/>\n<meta property=\"og:url\" content=\"https:\/\/www.creone.com\/fr\/sectorielles\/auto-brucker\/\" \/>\n<meta property=\"og:site_name\" content=\"Creone\" \/>\n<meta property=\"article:modified_time\" content=\"2026-01-28T14:52:50+00:00\" \/>\n<meta name=\"twitter:card\" content=\"summary_large_image\" \/>\n<meta name=\"twitter:label1\" content=\"Dur\u00e9e de lecture estim\u00e9e\" \/>\n\t<meta name=\"twitter:data1\" content=\"1 minute\" \/>\n<script type=\"application\/ld+json\" class=\"yoast-schema-graph\">{\"@context\":\"https:\/\/schema.org\",\"@graph\":[{\"@type\":\"WebPage\",\"@id\":\"https:\/\/www.creone.com\/fr\/sectorielles\/auto-brucker\/\",\"url\":\"https:\/\/www.creone.com\/fr\/sectorielles\/auto-brucker\/\",\"name\":\"Auto-Br\u00fccker | Creone\",\"isPartOf\":{\"@id\":\"https:\/\/www.creone.com\/fr\/#website\"},\"datePublished\":\"2023-06-19T11:47:27+00:00\",\"dateModified\":\"2026-01-28T14:52:50+00:00\",\"breadcrumb\":{\"@id\":\"https:\/\/www.creone.com\/fr\/sectorielles\/auto-brucker\/#breadcrumb\"},\"inLanguage\":\"fr-FR\",\"potentialAction\":[{\"@type\":\"ReadAction\",\"target\":[\"https:\/\/www.creone.com\/fr\/sectorielles\/auto-brucker\/\"]}]},{\"@type\":\"BreadcrumbList\",\"@id\":\"https:\/\/www.creone.com\/fr\/sectorielles\/auto-brucker\/#breadcrumb\",\"itemListElement\":[{\"@type\":\"ListItem\",\"position\":1,\"name\":\"Home\",\"item\":\"https:\/\/www.creone.com\/fr\/\"},{\"@type\":\"ListItem\",\"position\":2,\"name\":\"Solutions sectorielles\",\"item\":\"https:\/\/www.creone.com\/fr\/sectorielles\/\"},{\"@type\":\"ListItem\",\"position\":3,\"name\":\"Auto-Br\u00fccker\"}]},{\"@type\":\"WebSite\",\"@id\":\"https:\/\/www.creone.com\/fr\/#website\",\"url\":\"https:\/\/www.creone.com\/fr\/\",\"name\":\"Creone\",\"description\":\"En till WordPress-webbplats\",\"potentialAction\":[{\"@type\":\"SearchAction\",\"target\":{\"@type\":\"EntryPoint\",\"urlTemplate\":\"https:\/\/www.creone.com\/fr\/?s={search_term_string}\"},\"query-input\":{\"@type\":\"PropertyValueSpecification\",\"valueRequired\":true,\"valueName\":\"search_term_string\"}}],\"inLanguage\":\"fr-FR\"}]}<\/script>\n<!-- \/ Yoast SEO plugin. -->","yoast_head_json":{"title":"Auto-Br\u00fccker | Creone","robots":{"index":"index","follow":"follow","max-snippet":"max-snippet:-1","max-image-preview":"max-image-preview:large","max-video-preview":"max-video-preview:-1"},"canonical":"https:\/\/www.creone.com\/fr\/sectorielles\/auto-brucker\/","og_locale":"fr_FR","og_type":"article","og_title":"Auto-Br\u00fccker | Creone","og_description":"Auto-Br\u00fccker Gestion \u00e9lectronique des cl\u00e9s dans des coffres-forts certifi\u00e9s&nbsp; Auto-Br\u00fccker est un concessionnaire automobile qui poss\u00e8de&nbsp;sept&nbsp;succursales dans les r\u00e9gions de Bavi\u00e8re et de Thuringe en Allemagne. Auto-Br\u00fccker travaille dans la r\u00e9gion depuis plus de deux d\u00e9cennies. L\u2019entreprise propose diff\u00e9rentes marques de voiture afin de r\u00e9pondre aux besoins de ses clients.","og_url":"https:\/\/www.creone.com\/fr\/sectorielles\/auto-brucker\/","og_site_name":"Creone","article_modified_time":"2026-01-28T14:52:50+00:00","twitter_card":"summary_large_image","twitter_misc":{"Dur\u00e9e de lecture estim\u00e9e":"1 minute"},"schema":{"@context":"https:\/\/schema.org","@graph":[{"@type":"WebPage","@id":"https:\/\/www.creone.com\/fr\/sectorielles\/auto-brucker\/","url":"https:\/\/www.creone.com\/fr\/sectorielles\/auto-brucker\/","name":"Auto-Br\u00fccker | Creone","isPartOf":{"@id":"https:\/\/www.creone.com\/fr\/#website"},"datePublished":"2023-06-19T11:47:27+00:00","dateModified":"2026-01-28T14:52:50+00:00","breadcrumb":{"@id":"https:\/\/www.creone.com\/fr\/sectorielles\/auto-brucker\/#breadcrumb"},"inLanguage":"fr-FR","potentialAction":[{"@type":"ReadAction","target":["https:\/\/www.creone.com\/fr\/sectorielles\/auto-brucker\/"]}]},{"@type":"BreadcrumbList","@id":"https:\/\/www.creone.com\/fr\/sectorielles\/auto-brucker\/#breadcrumb","itemListElement":[{"@type":"ListItem","position":1,"name":"Home","item":"https:\/\/www.creone.com\/fr\/"},{"@type":"ListItem","position":2,"name":"Solutions sectorielles","item":"https:\/\/www.creone.com\/fr\/sectorielles\/"},{"@type":"ListItem","position":3,"name":"Auto-Br\u00fccker"}]},{"@type":"WebSite","@id":"https:\/\/www.creone.com\/fr\/#website","url":"https:\/\/www.creone.com\/fr\/","name":"Creone","description":"En till WordPress-webbplats","potentialAction":[{"@type":"SearchAction","target":{"@type":"EntryPoint","urlTemplate":"https:\/\/www.creone.com\/fr\/?s={search_term_string}"},"query-input":{"@type":"PropertyValueSpecification","valueRequired":true,"valueName":"search_term_string"}}],"inLanguage":"fr-FR"}]}},"_links":{"self":[{"href":"https:\/\/www.creone.com\/fr\/wp-json\/wp\/v2\/pages\/18530","targetHints":{"allow":["GET"]}}],"collection":[{"href":"https:\/\/www.creone.com\/fr\/wp-json\/wp\/v2\/pages"}],"about":[{"href":"https:\/\/www.creone.com\/fr\/wp-json\/wp\/v2\/types\/page"}],"author":[{"embeddable":true,"href":"https:\/\/www.creone.com\/fr\/wp-json\/wp\/v2\/users\/2"}],"replies":[{"embeddable":true,"href":"https:\/\/www.creone.com\/fr\/wp-json\/wp\/v2\/comments?post=18530"}],"version-history":[{"count":12,"href":"https:\/\/www.creone.com\/fr\/wp-json\/wp\/v2\/pages\/18530\/revisions"}],"predecessor-version":[{"id":23277,"href":"https:\/\/www.creone.com\/fr\/wp-json\/wp\/v2\/pages\/18530\/revisions\/23277"}],"up":[{"embeddable":true,"href":"https:\/\/www.creone.com\/fr\/wp-json\/wp\/v2\/pages\/6572"}],"wp:attachment":[{"href":"https:\/\/www.creone.com\/fr\/wp-json\/wp\/v2\/media?parent=18530"}],"curies":[{"name":"wp","href":"https:\/\/api.w.org\/{rel}","templated":true}]}}