{"id":7085,"date":"2020-07-20T12:42:37","date_gmt":"2020-07-20T10:42:37","guid":{"rendered":"https:\/\/www.creone.com\/?page_id=7085"},"modified":"2025-11-18T13:48:56","modified_gmt":"2025-11-18T12:48:56","slug":"scandic","status":"publish","type":"page","link":"https:\/\/www.creone.com\/es\/solucionesparalaindustria\/scandic\/","title":{"rendered":"Scandic"},"content":{"rendered":"\n    <style>\n        #header-image {\n            background-image: url(https:\/\/www.creone.com\/wp-content\/uploads\/2025\/11\/Exteriir-liggande-1-scaled.jpg);\n        }\n\n        @media (-webkit-min-device-pixel-ratio: 2),\n        (min-resolution: 192dpi) {\n            #header-image {\n                background-image: url(https:\/\/www.creone.com\/wp-content\/uploads\/2025\/11\/Exteriir-liggande-1-scaled.jpg);\n            }\n        }\n    <\/style>\n\n    <section\n        class=\"full-width-header-image \"\n        id=\"header-image\"\n        style=\"background-position: center\"><\/section>\n\n                    <div class=\"container-fluid bread-border\">\n            <div class=\"container\">\n                <div class=\"row\">\n                    <div class=\"col-12\">\n                        <p id=\"breadcrumbs\"><span><span><a href=\"https:\/\/www.creone.com\/es\/\">Home<\/a><\/span><\/span><\/p>                    <\/div>\n                <\/div>\n            <\/div>\n        <\/div>\n        <style>\n            .full-width-header-image {\n                margin-bottom: 0rem !important;\n            }\n\n            .bread-border {\n                margin-bottom: 6rem;\n            }\n        <\/style>\n\n\n\n<h6 class=\"wp-block-heading headline tight-container\">Scandic<\/h6>\n\n\n\n<h1 class=\"wp-block-heading tight-container\">Gesti\u00f3n electr\u00f3nica de llaves en la mayor cadena hotelera de los pa\u00edses n\u00f3rdicos<\/h1>\n\n\n\n<p class=\"tight-container\">Con una red de 280 hoteles y 57&nbsp;000 habitaciones que se extienden por seis pa\u00edses, Scandic es el principal operador hotelero de los pa\u00edses n\u00f3rdicos. Desde su constituci\u00f3n en 1963, esta cadena hotelera ha dirigido los desarrollos del sector con esp\u00edritu n\u00f3rdico, una cultura corporativa orientada hacia el futuro y la frecuente adopci\u00f3n de m\u00e9todos pioneros para lograr su objetivo de convertirse en una cadena hotelera n\u00f3rdica con proyecci\u00f3n internacional. En 2018, Scandic factur\u00f3 aproximadamente 18&nbsp;000 millones de coronas suecas y emple\u00f3 a unos 18&nbsp;000 trabajadores en todas sus operaciones hoteleras.<\/p>\n\n\n\n    <section class=\"reference-content container\">\n        <div class=\"d-flex flex-wrap-reverse\">\n            <div class=\"sidebar\">\n                                    <div class=\"image mb-4\">\n                        <img decoding=\"async\"\n                            src=\"https:\/\/www.creone.com\/wp-content\/uploads\/2020\/04\/scandic-logo.jpg\"\n                            srcset=\"https:\/\/www.creone.com\/wp-content\/uploads\/2020\/04\/scandic-logo.jpg 1x, https:\/\/www.creone.com\/wp-content\/uploads\/2020\/04\/scandic-logo.jpg 2x\"\n                            class=\"\" \/>\n                    <\/div>\n                                                    <div class=\"title head-font\">Scandic<\/div>\n                \n                                    <p>Scandic es el mayor operador hotelero de la regi\u00f3n n\u00f3rdica con una red de aproximadamente 280 hoteles con un total de unas 57\u00a0000 habitaciones repartidas por seis pa\u00edses.<\/p>\n                                <div class=\"mt-5\">\n                                    <\/div>\n            <\/div>\n            <div class=\"content\">\n                                    <h4>Seguridad, comodidad y trazabilidad<\/h4>\n<p>Con tantos empleados y unas estrictas normas de seguridad, protecci\u00f3n, supervisi\u00f3n y log\u00edstica, es obvio que el enorme n\u00famero de llaves que maneja la organizaci\u00f3n debe gestionarse muy bien para garantizar el m\u00e1ximo nivel de seguridad, disponibilidad y visi\u00f3n de conjunto. Los hoteles Continental, Haymarket y Victoria Tower Scandic de Estocolmo han decidido instalar los sistemas digitales de gesti\u00f3n de llaves de Creone.<\/p>\n<p>El Continental utiliza un sistema KeyControl para las llaves de sus sistemas de alarma y operaciones: una forma sencilla y eficaz de controlar y hacer un seguimiento de su uso. Fredrik Kempendahl, director de instalaciones del Scandic Continental, afirma:<\/p>\n<p>\u00abEs esencial que siempre sepamos d\u00f3nde est\u00e1n las llaves para garantizar su disponibilidad si algo ocurre, y tambi\u00e9n con fines preventivos.<\/p>\n<p>Para la gesti\u00f3n de las llaves del personal se ha instalado tambi\u00e9n un sistema KeyBox en el Continental y el Haymarket. Este sistema nos garantiza que las llaves del personal no salen nunca del lugar de trabajo. Cuando los empleados llegan, colocan sus llaves personales en el compartimento que se les ha asignado y recogen las que necesitan para que nuestros hu\u00e9spedes disfruten de una experiencia agradable. Adem\u00e1s, los armarios se han colocado de manera estrat\u00e9gica para que puedan utilizarse c\u00f3modamente dentro del trabajo diario del hotel\u00bb.<\/p>\n                            <\/div>\n        <\/div>\n    <\/section>\n    <style>\n        .top-border {\n            border-top: 2px solid rgba(211, 211, 211, 0.5);\n            margin-bottom: 30px;\n        }\n    <\/style>\n\n\n        <div class=\"container-fluid bread-border\">\n            <div class=\"container\">\n                <div class=\"row\">\n                    <div class=\"col-12\">\n                                            <\/div>\n                <\/div>\n            <\/div>\n        <\/div>\n        <section class=\"full-width-form  \">\n        <div class=\"container d-flex flex-wrap\">\n            <div class=\"content\">\n                                    <h2 class=\"fade-in\">Reserve una demostraci\u00f3n con nuestro equipo de ventas <\/h2>\n                                                    <p class=\"fade-in\">Perm\u00edtanos mostrarle la mejor forma posible de administrar sus llaves.  <\/p>\n                                                    <img decoding=\"async\" src=\"https:\/\/www.creone.com\/wp-content\/uploads\/2020\/04\/KeyWin6screens_box_SE_outline-4-900x450.png\" alt=\"\" srcset=\"https:\/\/www.creone.com\/wp-content\/uploads\/2020\/04\/KeyWin6screens_box_SE_outline-4-900x450.png 1x, https:\/\/www.creone.com\/wp-content\/uploads\/2020\/04\/KeyWin6screens_box_SE_outline-4-1750x900.png 2x\" class=\"fade-in-up\">\n                            <\/div>\n\n            <div class=\"hubspot-form-container fade-in-left\">\n                                                    <script charset=\"utf-8\" type=\"text\/javascript\" src=\"\/\/js.hsforms.net\/forms\/shell.js\"><\/script> <script>   hbspt.forms.create({ \tportalId: \"6969693\", \tformId: \"a88e3d0e-63eb-4606-bb7a-a1aba4f635c0\" }); <\/script>                            <\/div>\n\n                    <\/div>\n    <\/section>\n\n\n\n\n<section class=\"cards-with-tab-nav container\">\n\n\t\t\t<h2 class=\"text-center text-blue\">Elija un sistema de gesti\u00f3n de llaves<\/h2>\n\t\n\t\t\t\n\t\t\t<div class=\"tabnav\">\n\t\t\t\t<ul>\n\t\t\t\t\t\t\t\t\t\t\t\t\t\t\t\t\t\t<li class=\"tab-item\" data-tab-content=gabinete-de-llaves><span>Gabinete de llaves<\/span><\/li>\n\t\t\t\t\t\t\t\t\t\t\t\t\t\t\t\t\t\t\t\t\t\t\t\t<li class=\"tab-item\" data-tab-content=racks-de-llaves.><span>Racks de Llaves.<\/span><\/li>\n\t\t\t\t\t\t\t\t\t\t\t\t\t\t\t<\/ul>\n\t\t\t<\/div>\n\t\t\n\t\t\t\t\t<div class=\"tab-content card-section\" data-tab-content=\"gabinete-de-llaves\">\n\t\t\t\t\t\t\t\t\t<div class=\"card\">\n\t\t\t\t\t\t\t\t\t\t\t\t\t\t\t\t\t\t\t\t<img decoding=\"async\" class=\"card-img-top \" src=\"https:\/\/www.creone.com\/wp-content\/uploads\/2020\/03\/9700Keycontrol-open3-480x260.jpg\" alt=\"El gabinete de llaves inteligente KeyBox 9600 SC con las puertas abiertas, utilizado para la gesti\u00f3n de llaves\">\n\t\t\t\t\t\t\n\t\t\t\t\t\t<div class=\"card-body text-align-left \">\n\t\t\t\t\t\t\t\t\t\t\t\t\t\t\t<img decoding=\"async\" src=\"https:\/\/www.creone.com\/wp-content\/uploads\/2020\/03\/keybox-logotyp.png\" alt=\"Logotipo de almacenamiento de llaves KeyBox\">\n\t\t\t\t\t\t\t\n\t\t\t\t\t\t\t\t\t\t\t\t\t\t\t<span class=\"text-primary\">Serie Keycontrol<\/span>\n\t\t\t\t\t\t\t\n\t\t\t\t\t\t\t\n\t\t\t\t\t\t\t\t\t\t\t\t\t\t\t<p class=\"text-primary\">El sistema inteligente con identificaci\u00f3n electr\u00f3nica de llaves. <\/p>\n\t\t\t\t\t\t\t\n\t\t\t\t\t\t\t\t\t\t\t\t\t\t\t\t\t\t\t\t\t\t\t<a href=\"\/es\/productos\/keybox\/keycontrol\/\" class=\"button btn-link with-arrow\" target=\"\">\n\t\t\t\t\t\t\t\t\tDescubra\t\t\t\t\t\t\t\t<\/a>\n\t\t\t\t\t\t\t\n\t\t\t\t\t\t<\/div>\n\t\t\t\t\t<\/div>\n\t\t\t\t\t\t\t\t\t<div class=\"card\">\n\t\t\t\t\t\t\t\t\t\t\t\t\t\t\t\t\t\t\t\t<img decoding=\"async\" class=\"card-img-top \" src=\"https:\/\/www.creone.com\/wp-content\/uploads\/2020\/03\/9001System-zoomed-480x260.jpg\" alt=\"El gabinete de distribuci\u00f3n de llaves KeyBox Basic, dise\u00f1ado para la gesti\u00f3n de llaves\">\n\t\t\t\t\t\t\n\t\t\t\t\t\t<div class=\"card-body text-align-left \">\n\t\t\t\t\t\t\t\t\t\t\t\t\t\t\t<img decoding=\"async\" src=\"https:\/\/www.creone.com\/wp-content\/uploads\/2020\/03\/keybox-logotyp.png\" alt=\"Logotipo de almacenamiento de llaves KeyBox\">\n\t\t\t\t\t\t\t\n\t\t\t\t\t\t\t\t\t\t\t\t\t\t\t<span class=\"text-primary\">Serie System<\/span>\n\t\t\t\t\t\t\t\n\t\t\t\t\t\t\t\n\t\t\t\t\t\t\t\t\t\t\t\t\t\t\t<p class=\"text-primary\">Registra todos los eventos para la distribuci\u00f3n electr\u00f3nica de llaves.<\/p>\n\t\t\t\t\t\t\t\n\t\t\t\t\t\t\t\t\t\t\t\t\t\t\t\t\t\t\t\t\t\t\t<a href=\"\/es\/productos\/keybox\/system\/\" class=\"button btn-link with-arrow\" target=\"\">\n\t\t\t\t\t\t\t\t\tDescubra\t\t\t\t\t\t\t\t<\/a>\n\t\t\t\t\t\t\t\n\t\t\t\t\t\t<\/div>\n\t\t\t\t\t<\/div>\n\t\t\t\t\t\t\t\t\t<div class=\"card\">\n\t\t\t\t\t\t\t\t\t\t\t\t\t\t\t\t\t\t\t\t<img decoding=\"async\" class=\"card-img-top \" src=\"https:\/\/www.creone.com\/wp-content\/uploads\/2020\/03\/9001Baisc-zoomed-480x260.jpg\" alt=\"KeyBox basic nyckelutl\u00e4mningssk\u00e5p avsedda f\u00f6r nyckelhantering\">\n\t\t\t\t\t\t\n\t\t\t\t\t\t<div class=\"card-body text-align-left \">\n\t\t\t\t\t\t\t\t\t\t\t\t\t\t\t<img decoding=\"async\" src=\"https:\/\/www.creone.com\/wp-content\/uploads\/2020\/03\/keybox-logotyp.png\" alt=\"Logotipo de almacenamiento de llaves KeyBox\">\n\t\t\t\t\t\t\t\n\t\t\t\t\t\t\t\t\t\t\t\t\t\t\t<span class=\"text-primary\">Serie Basic<\/span>\n\t\t\t\t\t\t\t\n\t\t\t\t\t\t\t\n\t\t\t\t\t\t\t\t\t\t\t\t\t\t\t<p class=\"text-primary\">La soluci\u00f3n m\u00e1s sencilla de distribuci\u00f3n electr\u00f3nica de llaves.<\/p>\n\t\t\t\t\t\t\t\n\t\t\t\t\t\t\t\t\t\t\t\t\t\t\t\t\t\t\t\t\t\t\t<a href=\"\/es\/productos\/keybox\/basic\/\" class=\"button btn-link with-arrow\" target=\"\">\n\t\t\t\t\t\t\t\t\tDescubra\t\t\t\t\t\t\t\t<\/a>\n\t\t\t\t\t\t\t\n\t\t\t\t\t\t<\/div>\n\t\t\t\t\t<\/div>\n\t\t\t\t\t\t\t<\/div>\n\t\t\t\t\t<div class=\"tab-content card-section\" data-tab-content=\"racks-de-llaves.\">\n\t\t\t\t\t\t\t\t\t<div class=\"single-card\">\n\t\t\t\t\t\t\t\t\t\t\t\t\t\t\t\t\t\t\t\t<img decoding=\"async\" class=\"card-img-top \" src=\"https:\/\/www.creone.com\/wp-content\/uploads\/2020\/08\/keyrack_rfid_env.jpg\" alt=\"45 stycken intelligenta nyckelister med kontrollbox monterade p\u00e5 v\u00e4gg och nyckelsk\u00e5p f\u00f6r en unik nyckelhantering. \">\n\t\t\t\t\t\t\n\t\t\t\t\t\t<div class=\"card-body text-align-left \">\n\t\t\t\t\t\t\t\t\t\t\t\t\t\t\t<img decoding=\"async\" src=\"https:\/\/www.creone.com\/wp-content\/uploads\/2020\/03\/keyrack-logotyp.png\" alt=\"Logotipo de almacenamiento de llaves KeyRack\">\n\t\t\t\t\t\t\t\n\t\t\t\t\t\t\t\n\t\t\t\t\t\t\t\t\t\t\t\t\t\t\t<h3 class=\"text-blue\">Administraci\u00f3n de llaves flexible y accesible.<\/h3>\n\t\t\t\t\t\t\t\n\t\t\t\t\t\t\t\t\t\t\t\t\t\t\t<p class=\"text-primary\">Combine sus llaves con la clavija IntelliPin y col\u00f3quelas en las regletas para llaves bloqueables\/no bloqueables del sistema KeyRack, directamente en la pared o en un gabinete. No podr\u00eda ser m\u00e1s f\u00e1cil asegurar una visi\u00f3n de conjunto y un control completo de su stock de llaves.<\/p>\n\t\t\t\t\t\t\t\n\t\t\t\t\t\t\t\t\t\t\t\t\t\t\t\t\t\t\t\t\t\t\t<a href=\"\/es\/productos\/keyrack\/\" class=\"button btn-link with-arrow\" target=\"\">\n\t\t\t\t\t\t\t\t\tDescubra\t\t\t\t\t\t\t\t<\/a>\n\t\t\t\t\t\t\t\n\t\t\t\t\t\t<\/div>\n\t\t\t\t\t<\/div>\n\t\t\t\t\t\t\t<\/div>\n\t\t\t\n<\/section>\n\n\n\n            <section class=\"row-with-separator container\">\n                            <div class=\"content\">\n                    <h3>Reserve una demostraci\u00f3n<\/h3>\n                    <p>\n                        Perm\u00edtanos mostrarle hoy la mejor forma posible de gestionar sus llaves y almacenar sus objetos.                    <\/p>\n                    <a class=\"button btn-link with-arrow\" href=\"\/es\/demo\/\" target=>Reserve ahora<\/a>\n                <\/div>\n                            <div class=\"content\">\n                    <h3>Encuentre un distribuidor<\/h3>\n                    <p>\n                        Utilice el mapa o la barra de b\u00fasqueda para encontrar un distribuidor. Consiga ayuda con su sistema existente o con la elecci\u00f3n de la soluci\u00f3n adecuada.                     <\/p>\n                    <a class=\"button btn-link with-arrow\" href=\"\/es\/encuentre-un-distribuidor\/\" target=>Buscar ahora<\/a>\n                <\/div>\n                    <\/section>\n    ","protected":false},"excerpt":{"rendered":"<p>Scandic Gesti\u00f3n electr\u00f3nica de llaves en la mayor cadena hotelera de los pa\u00edses n\u00f3rdicos Con una red de 280 hoteles y 57&nbsp;000 habitaciones que se extienden por seis pa\u00edses, Scandic es el principal operador hotelero de los pa\u00edses n\u00f3rdicos. Desde su constituci\u00f3n en 1963, esta cadena hotelera ha dirigido los desarrollos del sector con esp\u00edritu [&hellip;]<\/p>\n","protected":false},"author":2,"featured_media":0,"parent":6587,"menu_order":0,"comment_status":"closed","ping_status":"closed","template":"page-without-container.php","meta":{"_acf_changed":false,"content-type":"","footnotes":""},"class_list":["post-7085","page","type-page","status-publish","hentry"],"acf":[],"yoast_head":"<!-- This site is optimized with the Yoast SEO plugin v26.7 - https:\/\/yoast.com\/wordpress\/plugins\/seo\/ -->\n<title>Gesti\u00f3n del negocio y del personal | Scandic | Creone<\/title>\n<meta name=\"description\" content=\"Scandic utiliza gabinetes de llaves para realizar un seguimiento de las llaves y garantizar la disponibilidad a trav\u00e9s del sistema de gesti\u00f3n de llaves KeyWin6.\" \/>\n<meta name=\"robots\" content=\"index, follow, max-snippet:-1, max-image-preview:large, max-video-preview:-1\" \/>\n<link rel=\"canonical\" href=\"https:\/\/www.creone.com\/es\/solucionesparalaindustria\/scandic\/\" \/>\n<meta property=\"og:locale\" content=\"es_ES\" \/>\n<meta property=\"og:type\" content=\"article\" \/>\n<meta property=\"og:title\" content=\"Gesti\u00f3n del negocio y del personal | Scandic | Creone\" \/>\n<meta property=\"og:description\" content=\"Scandic utiliza gabinetes de llaves para realizar un seguimiento de las llaves y garantizar la disponibilidad a trav\u00e9s del sistema de gesti\u00f3n de llaves KeyWin6.\" \/>\n<meta property=\"og:url\" content=\"https:\/\/www.creone.com\/es\/solucionesparalaindustria\/scandic\/\" \/>\n<meta property=\"og:site_name\" content=\"Creone\" \/>\n<meta property=\"article:modified_time\" content=\"2025-11-18T12:48:56+00:00\" \/>\n<meta name=\"twitter:card\" content=\"summary_large_image\" \/>\n<meta name=\"twitter:label1\" content=\"Tiempo de lectura\" \/>\n\t<meta name=\"twitter:data1\" content=\"1 minuto\" \/>\n<script type=\"application\/ld+json\" class=\"yoast-schema-graph\">{\"@context\":\"https:\/\/schema.org\",\"@graph\":[{\"@type\":\"WebPage\",\"@id\":\"https:\/\/www.creone.com\/es\/solucionesparalaindustria\/scandic\/\",\"url\":\"https:\/\/www.creone.com\/es\/solucionesparalaindustria\/scandic\/\",\"name\":\"Gesti\u00f3n del negocio y del personal | Scandic | Creone\",\"isPartOf\":{\"@id\":\"https:\/\/www.creone.com\/es\/#website\"},\"datePublished\":\"2020-07-20T10:42:37+00:00\",\"dateModified\":\"2025-11-18T12:48:56+00:00\",\"description\":\"Scandic utiliza gabinetes de llaves para realizar un seguimiento de las llaves y garantizar la disponibilidad a trav\u00e9s del sistema de gesti\u00f3n de llaves KeyWin6.\",\"breadcrumb\":{\"@id\":\"https:\/\/www.creone.com\/es\/solucionesparalaindustria\/scandic\/#breadcrumb\"},\"inLanguage\":\"es\",\"potentialAction\":[{\"@type\":\"ReadAction\",\"target\":[\"https:\/\/www.creone.com\/es\/solucionesparalaindustria\/scandic\/\"]}]},{\"@type\":\"BreadcrumbList\",\"@id\":\"https:\/\/www.creone.com\/es\/solucionesparalaindustria\/scandic\/#breadcrumb\",\"itemListElement\":[{\"@type\":\"ListItem\",\"position\":1,\"name\":\"Home\",\"item\":\"https:\/\/www.creone.com\/es\/\"},{\"@type\":\"ListItem\",\"position\":2,\"name\":\"Soluciones para la industria\",\"item\":\"https:\/\/www.creone.com\/es\/industrysolutions\/\"},{\"@type\":\"ListItem\",\"position\":3,\"name\":\"Scandic\"}]},{\"@type\":\"WebSite\",\"@id\":\"https:\/\/www.creone.com\/es\/#website\",\"url\":\"https:\/\/www.creone.com\/es\/\",\"name\":\"Creone\",\"description\":\"En till WordPress-webbplats\",\"potentialAction\":[{\"@type\":\"SearchAction\",\"target\":{\"@type\":\"EntryPoint\",\"urlTemplate\":\"https:\/\/www.creone.com\/es\/?s={search_term_string}\"},\"query-input\":{\"@type\":\"PropertyValueSpecification\",\"valueRequired\":true,\"valueName\":\"search_term_string\"}}],\"inLanguage\":\"es\"}]}<\/script>\n<!-- \/ Yoast SEO plugin. -->","yoast_head_json":{"title":"Gesti\u00f3n del negocio y del personal | Scandic | Creone","description":"Scandic utiliza gabinetes de llaves para realizar un seguimiento de las llaves y garantizar la disponibilidad a trav\u00e9s del sistema de gesti\u00f3n de llaves KeyWin6.","robots":{"index":"index","follow":"follow","max-snippet":"max-snippet:-1","max-image-preview":"max-image-preview:large","max-video-preview":"max-video-preview:-1"},"canonical":"https:\/\/www.creone.com\/es\/solucionesparalaindustria\/scandic\/","og_locale":"es_ES","og_type":"article","og_title":"Gesti\u00f3n del negocio y del personal | Scandic | Creone","og_description":"Scandic utiliza gabinetes de llaves para realizar un seguimiento de las llaves y garantizar la disponibilidad a trav\u00e9s del sistema de gesti\u00f3n de llaves KeyWin6.","og_url":"https:\/\/www.creone.com\/es\/solucionesparalaindustria\/scandic\/","og_site_name":"Creone","article_modified_time":"2025-11-18T12:48:56+00:00","twitter_card":"summary_large_image","twitter_misc":{"Tiempo de lectura":"1 minuto"},"schema":{"@context":"https:\/\/schema.org","@graph":[{"@type":"WebPage","@id":"https:\/\/www.creone.com\/es\/solucionesparalaindustria\/scandic\/","url":"https:\/\/www.creone.com\/es\/solucionesparalaindustria\/scandic\/","name":"Gesti\u00f3n del negocio y del personal | Scandic | Creone","isPartOf":{"@id":"https:\/\/www.creone.com\/es\/#website"},"datePublished":"2020-07-20T10:42:37+00:00","dateModified":"2025-11-18T12:48:56+00:00","description":"Scandic utiliza gabinetes de llaves para realizar un seguimiento de las llaves y garantizar la disponibilidad a trav\u00e9s del sistema de gesti\u00f3n de llaves KeyWin6.","breadcrumb":{"@id":"https:\/\/www.creone.com\/es\/solucionesparalaindustria\/scandic\/#breadcrumb"},"inLanguage":"es","potentialAction":[{"@type":"ReadAction","target":["https:\/\/www.creone.com\/es\/solucionesparalaindustria\/scandic\/"]}]},{"@type":"BreadcrumbList","@id":"https:\/\/www.creone.com\/es\/solucionesparalaindustria\/scandic\/#breadcrumb","itemListElement":[{"@type":"ListItem","position":1,"name":"Home","item":"https:\/\/www.creone.com\/es\/"},{"@type":"ListItem","position":2,"name":"Soluciones para la industria","item":"https:\/\/www.creone.com\/es\/industrysolutions\/"},{"@type":"ListItem","position":3,"name":"Scandic"}]},{"@type":"WebSite","@id":"https:\/\/www.creone.com\/es\/#website","url":"https:\/\/www.creone.com\/es\/","name":"Creone","description":"En till WordPress-webbplats","potentialAction":[{"@type":"SearchAction","target":{"@type":"EntryPoint","urlTemplate":"https:\/\/www.creone.com\/es\/?s={search_term_string}"},"query-input":{"@type":"PropertyValueSpecification","valueRequired":true,"valueName":"search_term_string"}}],"inLanguage":"es"}]}},"_links":{"self":[{"href":"https:\/\/www.creone.com\/es\/wp-json\/wp\/v2\/pages\/7085","targetHints":{"allow":["GET"]}}],"collection":[{"href":"https:\/\/www.creone.com\/es\/wp-json\/wp\/v2\/pages"}],"about":[{"href":"https:\/\/www.creone.com\/es\/wp-json\/wp\/v2\/types\/page"}],"author":[{"embeddable":true,"href":"https:\/\/www.creone.com\/es\/wp-json\/wp\/v2\/users\/2"}],"replies":[{"embeddable":true,"href":"https:\/\/www.creone.com\/es\/wp-json\/wp\/v2\/comments?post=7085"}],"version-history":[{"count":17,"href":"https:\/\/www.creone.com\/es\/wp-json\/wp\/v2\/pages\/7085\/revisions"}],"predecessor-version":[{"id":22833,"href":"https:\/\/www.creone.com\/es\/wp-json\/wp\/v2\/pages\/7085\/revisions\/22833"}],"up":[{"embeddable":true,"href":"https:\/\/www.creone.com\/es\/wp-json\/wp\/v2\/pages\/6587"}],"wp:attachment":[{"href":"https:\/\/www.creone.com\/es\/wp-json\/wp\/v2\/media?parent=7085"}],"curies":[{"name":"wp","href":"https:\/\/api.w.org\/{rel}","templated":true}]}}