{"id":6874,"date":"2020-07-17T17:42:46","date_gmt":"2020-07-17T15:42:46","guid":{"rendered":"https:\/\/www.creone.com\/?page_id=6874"},"modified":"2025-11-18T13:48:33","modified_gmt":"2025-11-18T12:48:33","slug":"infraestructuras","status":"publish","type":"page","link":"https:\/\/www.creone.com\/es\/solucionesparalaindustria\/infraestructuras\/","title":{"rendered":"Infraestructuras"},"content":{"rendered":"\n    <style>\n        #header-image {\n            background-image: url(https:\/\/www.creone.com\/wp-content\/uploads\/2020\/05\/iStock-1151366143-resize-1-scaled.jpg);\n        }\n\n        @media (-webkit-min-device-pixel-ratio: 2),\n        (min-resolution: 192dpi) {\n            #header-image {\n                background-image: url(https:\/\/www.creone.com\/wp-content\/uploads\/2020\/05\/iStock-1151366143-resize-1-scaled.jpg);\n            }\n        }\n    <\/style>\n\n    <section\n        class=\"full-width-header-image \"\n        id=\"header-image\"\n        style=\"background-position: centro\"><\/section>\n\n                    <div class=\"container-fluid bread-border\">\n            <div class=\"container\">\n                <div class=\"row\">\n                    <div class=\"col-12\">\n                        <p id=\"breadcrumbs\"><span><span><a href=\"https:\/\/www.creone.com\/es\/\">Home<\/a><\/span><\/span><\/p>                    <\/div>\n                <\/div>\n            <\/div>\n        <\/div>\n        <style>\n            .full-width-header-image {\n                margin-bottom: 0rem !important;\n            }\n\n            .bread-border {\n                margin-bottom: 6rem;\n            }\n        <\/style>\n\n\n\n<h6 class=\"wp-block-heading headline tight-container\">Infraestructuras<\/h6>\n\n\n\n<h1 class=\"wp-block-heading tight-container\">Sistemas de gesti\u00f3n de llaves para un control completo y unos procesos de trabajo fluidos<\/h1>\n\n\n\n<p class=\"tight-container\">En los trabajos de mantenimiento y servicio, la persona adecuada necesita tener llaves de acceso, tarjetas de acceso y otros equipos t\u00e9cnicos. Los sistemas electr\u00f3nicos de Creone para el almacenamiento y la gesti\u00f3n de llaves le proporcionan un control completo de las llaves y otros dispositivos valiosos. Un registro electr\u00f3nico continuo mejora la seguridad y proporciona informaci\u00f3n valiosa sobre c\u00f3mo se utilizan las llaves. <br><br>Con los gabinetes electr\u00f3nicos de llaves y los sistemas de gesti\u00f3n de llaves de Creone, puede tener la soluci\u00f3n perfecta para sus necesidades espec\u00edficas. Usted elige d\u00f3nde, c\u00f3mo y qui\u00e9n debe manejar las llaves, y toda la informaci\u00f3n se graba y registra. Inteligente, fluido y seguro.<\/p>\n\n\n\n<div class=\"master-details \">\n\t        <span class=\"headline\">En detalle.<\/span>\n\t\n            <h2 class=\"text-blue\">Nuestras ventajas<\/h2>\n        \n    \n        <div class=\"side-menu fade-in-right\">\n            <ul>\n                                    <li class=\"master-tab active\" data-id=\"accordin-0\">\n                        Administraci\u00f3n m\u00e1s sencilla                    <\/li>\n                                    <li class=\"master-tab \" data-id=\"accordin-1\">\n                        Control total                    <\/li>\n                                    <li class=\"master-tab \" data-id=\"accordin-2\">\n                        Mayor Flexibilidad.                    <\/li>\n                                    <li class=\"master-tab \" data-id=\"accordin-3\">\n                        Escalabilidad                    <\/li>\n                                    <li class=\"master-tab \" data-id=\"accordin-4\">\n                        Seleccione el tama\u00f1o y nivel de seguridad                    <\/li>\n                                    <li class=\"master-tab \" data-id=\"accordin-5\">\n                        Combine posiciones bloqueables y no bloqueables                    <\/li>\n                                    <li class=\"master-tab \" data-id=\"accordin-6\">\n                        Integraciones inteligentes                    <\/li>\n                            <\/ul>\n        <\/div>\n\n        <div class=\"content fade-in\">\n                            <div class=\"master-tab-content active\" id=\"accordin-0\">\n                    <p><span style=\"font-weight: 400;\">Deber\u00eda ser sencillo dar seguimiento a las llaves que se encuentran en circulaci\u00f3n y quien las usa. En nuestra interfaz de administraci\u00f3n f\u00e1cil de usar, puede a\u00f1adir f\u00e1cilmente nuevos usuarios y conectarlos a la llave o al grupo deseado, con solo unos clics. El administrador tambi\u00e9n puede controlar y distribuir derechos al personal.\u00a0\u00a0<\/span><\/p>\n                <\/div>\n                            <div class=\"master-tab-content \" id=\"accordin-1\">\n                    <p><span style=\"font-weight: 400;\">Con los gabinetes inteligentes de llaves y los sistemas de gesti\u00f3n de llaves con clasificaci\u00f3n de seguridad, conseguir\u00e1 un control absoluto y una visi\u00f3n de conjunto de la distribuci\u00f3n de las llaves para el personal y los contratistas. Usted sabr\u00e1 exactamente qui\u00e9n ha recogido qu\u00e9 llave y recibir\u00e1 una notificaci\u00f3n cuando las llaves no se devuelvan a tiempo. Fluido, inteligente y seguro.<\/span><\/p>\n                <\/div>\n                            <div class=\"master-tab-content \" id=\"accordin-2\">\n                    <p><span style=\"font-weight: 400;\">Con nuestros <\/span><i><span style=\"font-weight: 400;\">sistema de gesti\u00f3n de llaves,<\/span><\/i><span style=\"font-weight: 400;\"> usted y su personal pueden recuperar y devolver f\u00e1cilmente las llaves de los gabinetes electr\u00f3nicos de llaves en cualquier momento. Puede optar por centralizar la gesti\u00f3n de las llaves en un hub o colocar los armarios de llaves localmente all\u00ed donde se utilicen las llaves. Una soluci\u00f3n moderna que crea mayor flexibilidad y comodidad, tanto para los empleados como para los empleadores.\u00a0<\/span><\/p>\n                <\/div>\n                            <div class=\"master-tab-content \" id=\"accordin-3\">\n                    <p><span style=\"font-weight: 400;\">Con gabinetes de llaves inteligentes, regletas para llaves y sistemas de llaves murales, es f\u00e1cil construir y ampliar el sistema si desea a\u00f1adir m\u00e1s llaves. Empiece con el n\u00famero de llaves necesarias en este momento y a\u00f1ada de manera sencilla m\u00e1s regletas para llaves, de ser necesario. Todo lo que tiene que hacer es conectar la nueva regleta y reiniciar el sistema.\u00a0<\/span><\/p>\n                <\/div>\n                            <div class=\"master-tab-content \" id=\"accordin-4\">\n                    <p><span style=\"font-weight: 400;\">Creone tiene soluciones para todo tipo de necesidades: desde peque\u00f1os gabinetes de llaves hasta grandes salas de llaves hechas a medida con regletas para llaves en la pared. Podemos ofrecerle un almacenamiento de llaves en todas las clases de seguridad y estaremos encantados de ayudarle a elegir. Con Creone, siempre encontrar\u00e1 la soluci\u00f3n de almacenamiento de llaves que necesita, independientemente de las dimensiones y de los requisitos de seguridad que busque.<\/span><\/p>\n                <\/div>\n                            <div class=\"master-tab-content \" id=\"accordin-5\">\n                    <p>Para proporcionarle el m\u00e1ximo control de sus llaves, le ofrecemos regletas inteligentes para llaves que le avisan o bloquean el sistema si las llaves se retiran sin autorizaci\u00f3n. De esta manera, puede estar seguro de que sus llaves no caer\u00e1n en las manos equivocadas. Un sistema moderno que crea seguridad, tanto para el personal como para los empleadores.<\/p>\n                <\/div>\n                            <div class=\"master-tab-content \" id=\"accordin-6\">\n                    <p>KeyWin6 tiene una API bien desarrollada que le permite integrar KeyWin6 y sistemas de terceros. Esto significa que puede crear su propio sistema a medida para la gesti\u00f3n de llaves, optimizando as\u00ed a\u00fan m\u00e1s sus procesos de trabajo. Es una manera eficaz de lograr el mayor nivel de seguridad posible y un control total.<\/p>\n                <\/div>\n                    <\/div>\n\n    \n<\/div>\n\n\n\n        <div class=\"container-fluid bread-border\">\n            <div class=\"container\">\n                <div class=\"row\">\n                    <div class=\"col-12\">\n                                            <\/div>\n                <\/div>\n            <\/div>\n        <\/div>\n        <section class=\"full-width-form  \">\n        <div class=\"container d-flex flex-wrap\">\n            <div class=\"content\">\n                                    <h2 class=\"fade-in\">Reserve una demostraci\u00f3n con nuestro equipo de ventas <\/h2>\n                                                    <p class=\"fade-in\">Perm\u00edtanos mostrarle la mejor forma posible de administrar sus llaves.  <\/p>\n                                                    <img decoding=\"async\" src=\"https:\/\/www.creone.com\/wp-content\/uploads\/2020\/04\/KeyWin6screens_box_SE_outline-4-900x450.png\" alt=\"\" srcset=\"https:\/\/www.creone.com\/wp-content\/uploads\/2020\/04\/KeyWin6screens_box_SE_outline-4-900x450.png 1x, https:\/\/www.creone.com\/wp-content\/uploads\/2020\/04\/KeyWin6screens_box_SE_outline-4-1750x900.png 2x\" class=\"fade-in-up\">\n                            <\/div>\n\n            <div class=\"hubspot-form-container fade-in-left\">\n                                                    <script charset=\"utf-8\" type=\"text\/javascript\" src=\"\/\/js.hsforms.net\/forms\/shell.js\"><\/script> <script>   hbspt.forms.create({ \tportalId: \"6969693\", \tformId: \"a88e3d0e-63eb-4606-bb7a-a1aba4f635c0\" }); <\/script>                            <\/div>\n\n                    <\/div>\n    <\/section>\n\n\n\n\n<section class=\"cards-with-tab-nav container\">\n\n\t\t\t<h2 class=\"text-center text-blue\">Su sistema de gesti\u00f3n de llaves flexible<\/h2>\n\t\n\t\t\t\n\t\t\t<div class=\"tabnav\">\n\t\t\t\t<ul>\n\t\t\t\t\t\t\t\t\t\t\t\t\t\t\t\t\t\t<li class=\"tab-item\" data-tab-content=gabinete-de-llaves><span>Gabinete de llaves<\/span><\/li>\n\t\t\t\t\t\t\t\t\t\t\t\t\t\t\t\t\t\t\t\t\t\t\t\t<li class=\"tab-item\" data-tab-content=racks-de-llaves.><span>Racks de Llaves.<\/span><\/li>\n\t\t\t\t\t\t\t\t\t\t\t\t\t\t\t<\/ul>\n\t\t\t<\/div>\n\t\t\n\t\t\t\t\t<div class=\"tab-content card-section\" data-tab-content=\"gabinete-de-llaves\">\n\t\t\t\t\t\t\t\t\t<div class=\"card\">\n\t\t\t\t\t\t\t\t\t\t\t\t\t\t\t\t\t\t\t\t<img decoding=\"async\" class=\"card-img-top \" src=\"https:\/\/www.creone.com\/wp-content\/uploads\/2020\/03\/9700Keycontrol-open3-480x260.jpg\" alt=\"El gabinete de llaves inteligente KeyBox 9600 SC con las puertas abiertas, utilizado para la gesti\u00f3n de llaves\">\n\t\t\t\t\t\t\n\t\t\t\t\t\t<div class=\"card-body text-align-left \">\n\t\t\t\t\t\t\t\t\t\t\t\t\t\t\t<img decoding=\"async\" src=\"https:\/\/www.creone.com\/wp-content\/uploads\/2020\/03\/keybox-logotyp.png\" alt=\"Logotipo de almacenamiento de llaves KeyBox\">\n\t\t\t\t\t\t\t\n\t\t\t\t\t\t\t\t\t\t\t\t\t\t\t<span class=\"text-primary\">Serie Keycontrol<\/span>\n\t\t\t\t\t\t\t\n\t\t\t\t\t\t\t\n\t\t\t\t\t\t\t\t\t\t\t\t\t\t\t<p class=\"text-primary\">El sistema inteligente con identificaci\u00f3n electr\u00f3nica de llaves. <\/p>\n\t\t\t\t\t\t\t\n\t\t\t\t\t\t\t\t\t\t\t\t\t\t\t\t\t\t\t\t\t\t\t<a href=\"\/es\/productos\/keybox\/keycontrol\/\" class=\"button btn-link with-arrow\" target=\"\">\n\t\t\t\t\t\t\t\t\tDescubra\t\t\t\t\t\t\t\t<\/a>\n\t\t\t\t\t\t\t\n\t\t\t\t\t\t<\/div>\n\t\t\t\t\t<\/div>\n\t\t\t\t\t\t\t\t\t<div class=\"card\">\n\t\t\t\t\t\t\t\t\t\t\t\t\t\t\t\t\t\t\t\t<img decoding=\"async\" class=\"card-img-top \" src=\"https:\/\/www.creone.com\/wp-content\/uploads\/2020\/03\/9001System-zoomed-480x260.jpg\" alt=\"El gabinete de distribuci\u00f3n de llaves KeyBox Basic, dise\u00f1ado para la gesti\u00f3n de llaves\">\n\t\t\t\t\t\t\n\t\t\t\t\t\t<div class=\"card-body text-align-left \">\n\t\t\t\t\t\t\t\t\t\t\t\t\t\t\t<img decoding=\"async\" src=\"https:\/\/www.creone.com\/wp-content\/uploads\/2020\/03\/keybox-logotyp.png\" alt=\"Logotipo de almacenamiento de llaves KeyBox\">\n\t\t\t\t\t\t\t\n\t\t\t\t\t\t\t\t\t\t\t\t\t\t\t<span class=\"text-primary\">Serie System<\/span>\n\t\t\t\t\t\t\t\n\t\t\t\t\t\t\t\n\t\t\t\t\t\t\t\t\t\t\t\t\t\t\t<p class=\"text-primary\">Registra todos los eventos para la distribuci\u00f3n electr\u00f3nica de llaves.<\/p>\n\t\t\t\t\t\t\t\n\t\t\t\t\t\t\t\t\t\t\t\t\t\t\t\t\t\t\t\t\t\t\t<a href=\"\/es\/productos\/keybox\/system\/\" class=\"button btn-link with-arrow\" target=\"\">\n\t\t\t\t\t\t\t\t\tDescubra\t\t\t\t\t\t\t\t<\/a>\n\t\t\t\t\t\t\t\n\t\t\t\t\t\t<\/div>\n\t\t\t\t\t<\/div>\n\t\t\t\t\t\t\t\t\t<div class=\"card\">\n\t\t\t\t\t\t\t\t\t\t\t\t\t\t\t\t\t\t\t\t<img decoding=\"async\" class=\"card-img-top \" src=\"https:\/\/www.creone.com\/wp-content\/uploads\/2020\/03\/9001Baisc-zoomed-480x260.jpg\" alt=\"KeyBox basic nyckelutl\u00e4mningssk\u00e5p avsedda f\u00f6r nyckelhantering\">\n\t\t\t\t\t\t\n\t\t\t\t\t\t<div class=\"card-body text-align-left \">\n\t\t\t\t\t\t\t\t\t\t\t\t\t\t\t<img decoding=\"async\" src=\"https:\/\/www.creone.com\/wp-content\/uploads\/2020\/03\/keybox-logotyp.png\" alt=\"Logotipo de almacenamiento de llaves KeyBox\">\n\t\t\t\t\t\t\t\n\t\t\t\t\t\t\t\t\t\t\t\t\t\t\t<span class=\"text-primary\">Serie Basic<\/span>\n\t\t\t\t\t\t\t\n\t\t\t\t\t\t\t\n\t\t\t\t\t\t\t\t\t\t\t\t\t\t\t<p class=\"text-primary\">La soluci\u00f3n m\u00e1s sencilla de distribuci\u00f3n electr\u00f3nica de llaves.<\/p>\n\t\t\t\t\t\t\t\n\t\t\t\t\t\t\t\t\t\t\t\t\t\t\t\t\t\t\t\t\t\t\t<a href=\"\/es\/productos\/keybox\/basic\/\" class=\"button btn-link with-arrow\" target=\"\">\n\t\t\t\t\t\t\t\t\tDescubra\t\t\t\t\t\t\t\t<\/a>\n\t\t\t\t\t\t\t\n\t\t\t\t\t\t<\/div>\n\t\t\t\t\t<\/div>\n\t\t\t\t\t\t\t<\/div>\n\t\t\t\t\t<div class=\"tab-content card-section\" data-tab-content=\"racks-de-llaves.\">\n\t\t\t\t\t\t\t\t\t<div class=\"single-card\">\n\t\t\t\t\t\t\t\t\t\t\t\t\t\t\t\t\t\t\t\t<img decoding=\"async\" class=\"card-img-top \" src=\"https:\/\/www.creone.com\/wp-content\/uploads\/2020\/08\/keyrack_rfid_env.jpg\" alt=\"45 stycken intelligenta nyckelister med kontrollbox monterade p\u00e5 v\u00e4gg och nyckelsk\u00e5p f\u00f6r en unik nyckelhantering. \">\n\t\t\t\t\t\t\n\t\t\t\t\t\t<div class=\"card-body text-align-left \">\n\t\t\t\t\t\t\t\t\t\t\t\t\t\t\t<img decoding=\"async\" src=\"https:\/\/www.creone.com\/wp-content\/uploads\/2020\/03\/keyrack-logotyp.png\" alt=\"Logotipo de almacenamiento de llaves KeyRack\">\n\t\t\t\t\t\t\t\n\t\t\t\t\t\t\t\n\t\t\t\t\t\t\t\t\t\t\t\t\t\t\t<h3 class=\"text-blue\">Administraci\u00f3n de llaves flexible y accesible.<\/h3>\n\t\t\t\t\t\t\t\n\t\t\t\t\t\t\t\t\t\t\t\t\t\t\t<p class=\"text-primary\">Combine sus llaves con la clavija IntelliPin y col\u00f3quelas en las regletas para llaves bloqueables\/no bloqueables del sistema KeyRack, directamente en la pared o en un gabinete. No podr\u00eda ser m\u00e1s f\u00e1cil asegurar una visi\u00f3n de conjunto y un control completo de su stock de llaves.<\/p>\n\t\t\t\t\t\t\t\n\t\t\t\t\t\t\t\t\t\t\t\t\t\t\t\t\t\t\t\t\t\t\t<a href=\"\/es\/productos\/keyrack\/\" class=\"button btn-link with-arrow\" target=\"\">\n\t\t\t\t\t\t\t\t\tDescubra\t\t\t\t\t\t\t\t<\/a>\n\t\t\t\t\t\t\t\n\t\t\t\t\t\t<\/div>\n\t\t\t\t\t<\/div>\n\t\t\t\t\t\t\t<\/div>\n\t\t\t\n<\/section>\n\n\n\n            <section class=\"row-with-separator container\">\n                            <div class=\"content\">\n                    <h3>Reserve una demostraci\u00f3n<\/h3>\n                    <p>\n                        Perm\u00edtanos mostrarle hoy la mejor forma posible de gestionar sus llaves y almacenar sus objetos.                    <\/p>\n                    <a class=\"button btn-link with-arrow\" href=\"\/es\/demo\/\" target=>Reserve ahora<\/a>\n                <\/div>\n                            <div class=\"content\">\n                    <h3>Encuentre un distribuidor<\/h3>\n                    <p>\n                        Utilice el mapa o la barra de b\u00fasqueda para encontrar un distribuidor. Consiga ayuda con su sistema existente o con la elecci\u00f3n de la soluci\u00f3n adecuada.                     <\/p>\n                    <a class=\"button btn-link with-arrow\" href=\"\/es\/encuentre-un-distribuidor\/\" target=>Buscar ahora<\/a>\n                <\/div>\n                    <\/section>\n    ","protected":false},"excerpt":{"rendered":"<p>Infraestructuras Sistemas de gesti\u00f3n de llaves para un control completo y unos procesos de trabajo fluidos En los trabajos de mantenimiento y servicio, la persona adecuada necesita tener llaves de acceso, tarjetas de acceso y otros equipos t\u00e9cnicos. Los sistemas electr\u00f3nicos de Creone para el almacenamiento y la gesti\u00f3n de llaves le proporcionan un control [&hellip;]<\/p>\n","protected":false},"author":2,"featured_media":0,"parent":6587,"menu_order":0,"comment_status":"closed","ping_status":"closed","template":"page-without-container.php","meta":{"_acf_changed":false,"content-type":"","footnotes":""},"class_list":["post-6874","page","type-page","status-publish","hentry"],"acf":[],"yoast_head":"<!-- This site is optimized with the Yoast SEO plugin v26.7 - https:\/\/yoast.com\/wordpress\/plugins\/seo\/ -->\n<title>Gabinete de llaves para unos procesos de trabajo fluidos | Infraestructuras | Creone<\/title>\n<meta name=\"description\" content=\"En los trabajos de mantenimiento y servicio, la persona adecuada necesita tener acceso a llaves, algo que es posible mediante el uso de sistemas de almacenamiento y gesti\u00f3n de llaves.\" \/>\n<meta name=\"robots\" content=\"index, follow, max-snippet:-1, max-image-preview:large, max-video-preview:-1\" \/>\n<link rel=\"canonical\" href=\"https:\/\/www.creone.com\/es\/solucionesparalaindustria\/infraestructuras\/\" \/>\n<meta property=\"og:locale\" content=\"es_ES\" \/>\n<meta property=\"og:type\" content=\"article\" \/>\n<meta property=\"og:title\" content=\"Gabinete de llaves para unos procesos de trabajo fluidos | Infraestructuras | Creone\" \/>\n<meta property=\"og:description\" content=\"En los trabajos de mantenimiento y servicio, la persona adecuada necesita tener acceso a llaves, algo que es posible mediante el uso de sistemas de almacenamiento y gesti\u00f3n de llaves.\" \/>\n<meta property=\"og:url\" content=\"https:\/\/www.creone.com\/es\/solucionesparalaindustria\/infraestructuras\/\" \/>\n<meta property=\"og:site_name\" content=\"Creone\" \/>\n<meta property=\"article:modified_time\" content=\"2025-11-18T12:48:33+00:00\" \/>\n<meta name=\"twitter:card\" content=\"summary_large_image\" \/>\n<meta name=\"twitter:label1\" content=\"Tiempo de lectura\" \/>\n\t<meta name=\"twitter:data1\" content=\"1 minuto\" \/>\n<script type=\"application\/ld+json\" class=\"yoast-schema-graph\">{\"@context\":\"https:\/\/schema.org\",\"@graph\":[{\"@type\":\"WebPage\",\"@id\":\"https:\/\/www.creone.com\/es\/solucionesparalaindustria\/infraestructuras\/\",\"url\":\"https:\/\/www.creone.com\/es\/solucionesparalaindustria\/infraestructuras\/\",\"name\":\"Gabinete de llaves para unos procesos de trabajo fluidos | Infraestructuras | Creone\",\"isPartOf\":{\"@id\":\"https:\/\/www.creone.com\/es\/#website\"},\"datePublished\":\"2020-07-17T15:42:46+00:00\",\"dateModified\":\"2025-11-18T12:48:33+00:00\",\"description\":\"En los trabajos de mantenimiento y servicio, la persona adecuada necesita tener acceso a llaves, algo que es posible mediante el uso de sistemas de almacenamiento y gesti\u00f3n de llaves.\",\"breadcrumb\":{\"@id\":\"https:\/\/www.creone.com\/es\/solucionesparalaindustria\/infraestructuras\/#breadcrumb\"},\"inLanguage\":\"es\",\"potentialAction\":[{\"@type\":\"ReadAction\",\"target\":[\"https:\/\/www.creone.com\/es\/solucionesparalaindustria\/infraestructuras\/\"]}]},{\"@type\":\"BreadcrumbList\",\"@id\":\"https:\/\/www.creone.com\/es\/solucionesparalaindustria\/infraestructuras\/#breadcrumb\",\"itemListElement\":[{\"@type\":\"ListItem\",\"position\":1,\"name\":\"Home\",\"item\":\"https:\/\/www.creone.com\/es\/\"},{\"@type\":\"ListItem\",\"position\":2,\"name\":\"Soluciones para la industria\",\"item\":\"https:\/\/www.creone.com\/es\/industrysolutions\/\"},{\"@type\":\"ListItem\",\"position\":3,\"name\":\"Infraestructuras\"}]},{\"@type\":\"WebSite\",\"@id\":\"https:\/\/www.creone.com\/es\/#website\",\"url\":\"https:\/\/www.creone.com\/es\/\",\"name\":\"Creone\",\"description\":\"En till WordPress-webbplats\",\"potentialAction\":[{\"@type\":\"SearchAction\",\"target\":{\"@type\":\"EntryPoint\",\"urlTemplate\":\"https:\/\/www.creone.com\/es\/?s={search_term_string}\"},\"query-input\":{\"@type\":\"PropertyValueSpecification\",\"valueRequired\":true,\"valueName\":\"search_term_string\"}}],\"inLanguage\":\"es\"}]}<\/script>\n<!-- \/ Yoast SEO plugin. -->","yoast_head_json":{"title":"Gabinete de llaves para unos procesos de trabajo fluidos | Infraestructuras | Creone","description":"En los trabajos de mantenimiento y servicio, la persona adecuada necesita tener acceso a llaves, algo que es posible mediante el uso de sistemas de almacenamiento y gesti\u00f3n de llaves.","robots":{"index":"index","follow":"follow","max-snippet":"max-snippet:-1","max-image-preview":"max-image-preview:large","max-video-preview":"max-video-preview:-1"},"canonical":"https:\/\/www.creone.com\/es\/solucionesparalaindustria\/infraestructuras\/","og_locale":"es_ES","og_type":"article","og_title":"Gabinete de llaves para unos procesos de trabajo fluidos | Infraestructuras | Creone","og_description":"En los trabajos de mantenimiento y servicio, la persona adecuada necesita tener acceso a llaves, algo que es posible mediante el uso de sistemas de almacenamiento y gesti\u00f3n de llaves.","og_url":"https:\/\/www.creone.com\/es\/solucionesparalaindustria\/infraestructuras\/","og_site_name":"Creone","article_modified_time":"2025-11-18T12:48:33+00:00","twitter_card":"summary_large_image","twitter_misc":{"Tiempo de lectura":"1 minuto"},"schema":{"@context":"https:\/\/schema.org","@graph":[{"@type":"WebPage","@id":"https:\/\/www.creone.com\/es\/solucionesparalaindustria\/infraestructuras\/","url":"https:\/\/www.creone.com\/es\/solucionesparalaindustria\/infraestructuras\/","name":"Gabinete de llaves para unos procesos de trabajo fluidos | Infraestructuras | Creone","isPartOf":{"@id":"https:\/\/www.creone.com\/es\/#website"},"datePublished":"2020-07-17T15:42:46+00:00","dateModified":"2025-11-18T12:48:33+00:00","description":"En los trabajos de mantenimiento y servicio, la persona adecuada necesita tener acceso a llaves, algo que es posible mediante el uso de sistemas de almacenamiento y gesti\u00f3n de llaves.","breadcrumb":{"@id":"https:\/\/www.creone.com\/es\/solucionesparalaindustria\/infraestructuras\/#breadcrumb"},"inLanguage":"es","potentialAction":[{"@type":"ReadAction","target":["https:\/\/www.creone.com\/es\/solucionesparalaindustria\/infraestructuras\/"]}]},{"@type":"BreadcrumbList","@id":"https:\/\/www.creone.com\/es\/solucionesparalaindustria\/infraestructuras\/#breadcrumb","itemListElement":[{"@type":"ListItem","position":1,"name":"Home","item":"https:\/\/www.creone.com\/es\/"},{"@type":"ListItem","position":2,"name":"Soluciones para la industria","item":"https:\/\/www.creone.com\/es\/industrysolutions\/"},{"@type":"ListItem","position":3,"name":"Infraestructuras"}]},{"@type":"WebSite","@id":"https:\/\/www.creone.com\/es\/#website","url":"https:\/\/www.creone.com\/es\/","name":"Creone","description":"En till WordPress-webbplats","potentialAction":[{"@type":"SearchAction","target":{"@type":"EntryPoint","urlTemplate":"https:\/\/www.creone.com\/es\/?s={search_term_string}"},"query-input":{"@type":"PropertyValueSpecification","valueRequired":true,"valueName":"search_term_string"}}],"inLanguage":"es"}]}},"_links":{"self":[{"href":"https:\/\/www.creone.com\/es\/wp-json\/wp\/v2\/pages\/6874","targetHints":{"allow":["GET"]}}],"collection":[{"href":"https:\/\/www.creone.com\/es\/wp-json\/wp\/v2\/pages"}],"about":[{"href":"https:\/\/www.creone.com\/es\/wp-json\/wp\/v2\/types\/page"}],"author":[{"embeddable":true,"href":"https:\/\/www.creone.com\/es\/wp-json\/wp\/v2\/users\/2"}],"replies":[{"embeddable":true,"href":"https:\/\/www.creone.com\/es\/wp-json\/wp\/v2\/comments?post=6874"}],"version-history":[{"count":11,"href":"https:\/\/www.creone.com\/es\/wp-json\/wp\/v2\/pages\/6874\/revisions"}],"predecessor-version":[{"id":22829,"href":"https:\/\/www.creone.com\/es\/wp-json\/wp\/v2\/pages\/6874\/revisions\/22829"}],"up":[{"embeddable":true,"href":"https:\/\/www.creone.com\/es\/wp-json\/wp\/v2\/pages\/6587"}],"wp:attachment":[{"href":"https:\/\/www.creone.com\/es\/wp-json\/wp\/v2\/media?parent=6874"}],"curies":[{"name":"wp","href":"https:\/\/api.w.org\/{rel}","templated":true}]}}