{"id":6442,"date":"2020-07-16T14:41:36","date_gmt":"2020-07-16T12:41:36","guid":{"rendered":"https:\/\/www.creone.com\/?page_id=6442"},"modified":"2025-11-18T13:46:56","modified_gmt":"2025-11-18T12:46:56","slug":"concesionarios-de-coches","status":"publish","type":"page","link":"https:\/\/www.creone.com\/es\/solucionesparalaindustria\/concesionarios-de-coches\/","title":{"rendered":"Concesionarios de autom\u00f3viles"},"content":{"rendered":"\n    <style>\n        #header-image {\n            background-image: url(https:\/\/www.creone.com\/wp-content\/uploads\/2020\/05\/iStock-1153175962-resize.jpg);\n        }\n\n        @media (-webkit-min-device-pixel-ratio: 2),\n        (min-resolution: 192dpi) {\n            #header-image {\n                background-image: url(https:\/\/www.creone.com\/wp-content\/uploads\/2020\/05\/iStock-1153175962-resize.jpg);\n            }\n        }\n    <\/style>\n\n    <section\n        class=\"full-width-header-image \"\n        id=\"header-image\"\n        style=\"background-position: center\"><\/section>\n\n                    <div class=\"container-fluid bread-border\">\n            <div class=\"container\">\n                <div class=\"row\">\n                    <div class=\"col-12\">\n                        <p id=\"breadcrumbs\"><span><span><a href=\"https:\/\/www.creone.com\/es\/\">Home<\/a><\/span><\/span><\/p>                    <\/div>\n                <\/div>\n            <\/div>\n        <\/div>\n        <style>\n            .full-width-header-image {\n                margin-bottom: 0rem !important;\n            }\n\n            .bread-border {\n                margin-bottom: 6rem;\n            }\n        <\/style>\n\n\n\n<h6 class=\"wp-block-heading headline tight-container\">Concesionarios de autom\u00f3viles<\/h6>\n\n\n\n<h1 class=\"wp-block-heading tight-container\">Gesti\u00f3n electr\u00f3nica de llaves para la satisfacci\u00f3n y el control de los clientes<\/h1>\n\n\n\n<p class=\"tight-container\">Comprar un coche es una transacci\u00f3n grande e importante. El cliente debe ser lo principal y no hay tiempo para perder el tiempo con la gesti\u00f3n de llaves. Cuando el cliente va a probar un coche y luego, al devolverlo, es importante que todo fluya de manera profesional y sin problemas. Al mismo tiempo, el control total de cada llave es de suma importancia: qui\u00e9n la ha tenido, qui\u00e9n la tiene y cu\u00e1ndo se devolvi\u00f3. Un sistema electr\u00f3nico de gesti\u00f3n de llaves racionaliza los procesos y le permite vigilar de cerca su cartera de llaves.<\/p>\n\n\n\n<p class=\"tight-container\">Independientemente de si necesita un gabinete de llaves inteligente para un sitio m\u00e1s peque\u00f1o, o un sistema de gesti\u00f3n de llaves a gran escala para un mayor n\u00famero de llaves, podemos ofrecer sistemas inteligentes y flexibles para su almacenamiento de llaves. El almacenamiento de llaves de Creone le ofrece una soluci\u00f3n rentable, flexible y, sobre todo, segura que es f\u00e1cil de instalar y de usar.<br><\/p>\n\n\n\n<div class=\"master-details \">\n\t        <span class=\"headline\">En detalle.<\/span>\n\t\n            <h2 class=\"text-blue\">Nuestras ventajas <\/h2>\n        \n    \n        <div class=\"side-menu fade-in-right\">\n            <ul>\n                                    <li class=\"master-tab active\" data-id=\"accordin-0\">\n                        Control total                    <\/li>\n                                    <li class=\"master-tab \" data-id=\"accordin-1\">\n                        Escalabilidad                    <\/li>\n                                    <li class=\"master-tab \" data-id=\"accordin-2\">\n                        Administraci\u00f3n sencilla                    <\/li>\n                                    <li class=\"master-tab \" data-id=\"accordin-3\">\n                        Almacenamiento seguro                    <\/li>\n                                    <li class=\"master-tab \" data-id=\"accordin-4\">\n                        Integraciones con sistemas existentes                    <\/li>\n                            <\/ul>\n        <\/div>\n\n        <div class=\"content fade-in\">\n                            <div class=\"master-tab-content active\" id=\"accordin-0\">\n                    <p><span style=\"font-weight: 400;\">Con los gabinetes inteligentes de llaves y los sistemas de gesti\u00f3n de llaves con clasificaci\u00f3n de seguridad, conseguir\u00e1 un control absoluto y una visi\u00f3n de conjunto de cu\u00e1ndo y a qui\u00e9n se distribuyen las llaves. Todos los eventos se registran electr\u00f3nicamente y usted recibir\u00e1 una notificaci\u00f3n cuando las llaves no se devuelven a tiempo. Fluido, inteligente y seguro.<\/span><\/p>\n                <\/div>\n                            <div class=\"master-tab-content \" id=\"accordin-1\">\n                    <p><span style=\"font-weight: 400;\">Con armarios de llaves electr\u00f3nicos, regletas para llaves y sistemas de llaves para pared, es f\u00e1cil construir y ampliar el sistema para a\u00f1adir m\u00e1s llaves. Empiece con el n\u00famero de llaves necesarias en este momento y a\u00f1ada de manera sencilla m\u00e1s regletas para llaves, de ser necesario. Todo lo que tiene que hacer es conectar la nueva regleta y reiniciar el sistema.<\/span><\/p>\n                <\/div>\n                            <div class=\"master-tab-content \" id=\"accordin-2\">\n                    <p><span style=\"font-weight: 400;\">Deber\u00eda ser sencillo dar seguimiento a las llaves que se encuentran en circulaci\u00f3n y quien las usa. En nuestra interfaz de administraci\u00f3n f\u00e1cil de usar, puede a\u00f1adir f\u00e1cilmente nuevos usuarios y conectarlos a la llave o al grupo deseado, con solo unos clics. El administrador tambi\u00e9n puede controlar y distribuir derechos al personal. Sencillo e impecable.\u00a0<\/span><\/p>\n                <\/div>\n                            <div class=\"master-tab-content \" id=\"accordin-3\">\n                    <p><span style=\"font-weight: 400;\">Ofrecemos una gama de soluciones de almacenamiento inteligente para el mercado automovil\u00edstico, incluida la serie ValueBox de Creone. Proporciona la posibilidad de un almacenamiento seguro de herramientas y componentes importantes, como matr\u00edculas y documentos valiosos. Una estructura clara y una visi\u00f3n de conjunto generan seguridad tanto para los clientes como para los empleados.<\/span><\/p>\n                <\/div>\n                            <div class=\"master-tab-content \" id=\"accordin-4\">\n                    <p><span style=\"font-weight: 400;\">KeyWin6 tiene una API bien desarrollada que permite integraciones entre KeyWin6 y sistemas de terceros. Esto significa que puede crear su propio sistema completo a medida para la gesti\u00f3n de llaves, optimizando a\u00fan m\u00e1s sus procesos de trabajo. Para una m\u00e1xima seguridad y un control total.\u00a0<\/span><\/p>\n                <\/div>\n                    <\/div>\n\n    \n<\/div>\n\n\n\n        <div class=\"container-fluid bread-border\">\n            <div class=\"container\">\n                <div class=\"row\">\n                    <div class=\"col-12\">\n                                            <\/div>\n                <\/div>\n            <\/div>\n        <\/div>\n        <section class=\"full-width-form  \">\n        <div class=\"container d-flex flex-wrap\">\n            <div class=\"content\">\n                                    <h2 class=\"fade-in\">Reserve una demostraci\u00f3n con nuestro equipo de ventas <\/h2>\n                                                    <p class=\"fade-in\">Perm\u00edtanos mostrarle la mejor forma posible de administrar sus llaves.  <\/p>\n                                                    <img decoding=\"async\" src=\"https:\/\/www.creone.com\/wp-content\/uploads\/2020\/04\/KeyWin6screens_box_SE_outline-4-900x450.png\" alt=\"\" srcset=\"https:\/\/www.creone.com\/wp-content\/uploads\/2020\/04\/KeyWin6screens_box_SE_outline-4-900x450.png 1x, https:\/\/www.creone.com\/wp-content\/uploads\/2020\/04\/KeyWin6screens_box_SE_outline-4-1750x900.png 2x\" class=\"fade-in-up\">\n                            <\/div>\n\n            <div class=\"hubspot-form-container fade-in-left\">\n                                                    <script charset=\"utf-8\" type=\"text\/javascript\" src=\"\/\/js.hsforms.net\/forms\/shell.js\"><\/script> <script>   hbspt.forms.create({ \tportalId: \"6969693\", \tformId: \"b5a37588-a340-43b2-b3cc-defd971becdf\" }); <\/script>                            <\/div>\n\n                    <\/div>\n    <\/section>\n\n\n\n\n<section class=\"cards-with-tab-nav container\">\n\n\t\t\t<h2 class=\"text-center text-blue\">Su sistema de gesti\u00f3n de llaves flexible<\/h2>\n\t\n\t\t\t\n\t\t\t<div class=\"tabnav\">\n\t\t\t\t<ul>\n\t\t\t\t\t\t\t\t\t\t\t\t\t\t\t\t\t\t<li class=\"tab-item\" data-tab-content=gabinete-de-llaves><span>Gabinete de llaves<\/span><\/li>\n\t\t\t\t\t\t\t\t\t\t\t\t\t\t\t\t\t\t\t\t\t\t\t\t<li class=\"tab-item\" data-tab-content=racks-de-llaves.><span>Racks de Llaves.<\/span><\/li>\n\t\t\t\t\t\t\t\t\t\t\t\t\t\t\t<\/ul>\n\t\t\t<\/div>\n\t\t\n\t\t\t\t\t<div class=\"tab-content card-section\" data-tab-content=\"gabinete-de-llaves\">\n\t\t\t\t\t\t\t\t\t<div class=\"card\">\n\t\t\t\t\t\t\t\t\t\t\t\t\t\t\t\t\t\t\t\t<img decoding=\"async\" class=\"card-img-top \" src=\"https:\/\/www.creone.com\/wp-content\/uploads\/2020\/03\/9700Keycontrol-open3-480x260.jpg\" alt=\"El gabinete de llaves inteligente KeyBox 9600 SC con las puertas abiertas, utilizado para la gesti\u00f3n de llaves\">\n\t\t\t\t\t\t\n\t\t\t\t\t\t<div class=\"card-body text-align-left \">\n\t\t\t\t\t\t\t\t\t\t\t\t\t\t\t<img decoding=\"async\" src=\"https:\/\/www.creone.com\/wp-content\/uploads\/2020\/03\/keybox-logotyp.png\" alt=\"Logotipo de almacenamiento de llaves KeyBox\">\n\t\t\t\t\t\t\t\n\t\t\t\t\t\t\t\t\t\t\t\t\t\t\t<span class=\"text-primary\">Serie Keycontrol<\/span>\n\t\t\t\t\t\t\t\n\t\t\t\t\t\t\t\n\t\t\t\t\t\t\t\t\t\t\t\t\t\t\t<p class=\"text-primary\">El sistema inteligente con identificaci\u00f3n electr\u00f3nica de llaves. <\/p>\n\t\t\t\t\t\t\t\n\t\t\t\t\t\t\t\t\t\t\t\t\t\t\t\t\t\t\t\t\t\t\t<a href=\"\/es\/productos\/keybox\/keycontrol\/\" class=\"button btn-link with-arrow\" target=\"\">\n\t\t\t\t\t\t\t\t\tDescubra\t\t\t\t\t\t\t\t<\/a>\n\t\t\t\t\t\t\t\n\t\t\t\t\t\t<\/div>\n\t\t\t\t\t<\/div>\n\t\t\t\t\t\t\t\t\t<div class=\"card\">\n\t\t\t\t\t\t\t\t\t\t\t\t\t\t\t\t\t\t\t\t<img decoding=\"async\" class=\"card-img-top \" src=\"https:\/\/www.creone.com\/wp-content\/uploads\/2020\/03\/9001System-zoomed-480x260.jpg\" alt=\"El gabinete de distribuci\u00f3n de llaves KeyBox Basic, dise\u00f1ado para la gesti\u00f3n de llaves\">\n\t\t\t\t\t\t\n\t\t\t\t\t\t<div class=\"card-body text-align-left \">\n\t\t\t\t\t\t\t\t\t\t\t\t\t\t\t<img decoding=\"async\" src=\"https:\/\/www.creone.com\/wp-content\/uploads\/2020\/03\/keybox-logotyp.png\" alt=\"Logotipo de almacenamiento de llaves KeyBox\">\n\t\t\t\t\t\t\t\n\t\t\t\t\t\t\t\t\t\t\t\t\t\t\t<span class=\"text-primary\">Serie System<\/span>\n\t\t\t\t\t\t\t\n\t\t\t\t\t\t\t\n\t\t\t\t\t\t\t\t\t\t\t\t\t\t\t<p class=\"text-primary\">Registra todos los eventos para la distribuci\u00f3n electr\u00f3nica de llaves.<\/p>\n\t\t\t\t\t\t\t\n\t\t\t\t\t\t\t\t\t\t\t\t\t\t\t\t\t\t\t\t\t\t\t<a href=\"\/es\/productos\/keybox\/system\/\" class=\"button btn-link with-arrow\" target=\"\">\n\t\t\t\t\t\t\t\t\tDescubra\t\t\t\t\t\t\t\t<\/a>\n\t\t\t\t\t\t\t\n\t\t\t\t\t\t<\/div>\n\t\t\t\t\t<\/div>\n\t\t\t\t\t\t\t\t\t<div class=\"card\">\n\t\t\t\t\t\t\t\t\t\t\t\t\t\t\t\t\t\t\t\t<img decoding=\"async\" class=\"card-img-top \" src=\"https:\/\/www.creone.com\/wp-content\/uploads\/2020\/03\/9001Baisc-zoomed-480x260.jpg\" alt=\"KeyBox basic nyckelutl\u00e4mningssk\u00e5p avsedda f\u00f6r nyckelhantering\">\n\t\t\t\t\t\t\n\t\t\t\t\t\t<div class=\"card-body text-align-left \">\n\t\t\t\t\t\t\t\t\t\t\t\t\t\t\t<img decoding=\"async\" src=\"https:\/\/www.creone.com\/wp-content\/uploads\/2020\/03\/keybox-logotyp.png\" alt=\"Logotipo de almacenamiento de llaves KeyBox\">\n\t\t\t\t\t\t\t\n\t\t\t\t\t\t\t\t\t\t\t\t\t\t\t<span class=\"text-primary\">Serie Basic<\/span>\n\t\t\t\t\t\t\t\n\t\t\t\t\t\t\t\n\t\t\t\t\t\t\t\t\t\t\t\t\t\t\t<p class=\"text-primary\">La soluci\u00f3n m\u00e1s sencilla de distribuci\u00f3n electr\u00f3nica de llaves.<\/p>\n\t\t\t\t\t\t\t\n\t\t\t\t\t\t\t\t\t\t\t\t\t\t\t\t\t\t\t\t\t\t\t<a href=\"\/es\/productos\/keybox\/basic\/\" class=\"button btn-link with-arrow\" target=\"\">\n\t\t\t\t\t\t\t\t\tDescubra\t\t\t\t\t\t\t\t<\/a>\n\t\t\t\t\t\t\t\n\t\t\t\t\t\t<\/div>\n\t\t\t\t\t<\/div>\n\t\t\t\t\t\t\t<\/div>\n\t\t\t\t\t<div class=\"tab-content card-section\" data-tab-content=\"racks-de-llaves.\">\n\t\t\t\t\t\t\t\t\t<div class=\"single-card\">\n\t\t\t\t\t\t\t\t\t\t\t\t\t\t\t\t\t\t\t\t<img decoding=\"async\" class=\"card-img-top \" src=\"https:\/\/www.creone.com\/wp-content\/uploads\/2020\/08\/keyrack_rfid_env.jpg\" alt=\"45 stycken intelligenta nyckelister med kontrollbox monterade p\u00e5 v\u00e4gg och nyckelsk\u00e5p f\u00f6r en unik nyckelhantering. \">\n\t\t\t\t\t\t\n\t\t\t\t\t\t<div class=\"card-body text-align-left \">\n\t\t\t\t\t\t\t\t\t\t\t\t\t\t\t<img decoding=\"async\" src=\"https:\/\/www.creone.com\/wp-content\/uploads\/2020\/03\/keyrack-logotyp.png\" alt=\"Logotipo de almacenamiento de llaves KeyRack\">\n\t\t\t\t\t\t\t\n\t\t\t\t\t\t\t\n\t\t\t\t\t\t\t\t\t\t\t\t\t\t\t<h3 class=\"text-blue\">Administraci\u00f3n de llaves flexible y accesible.<\/h3>\n\t\t\t\t\t\t\t\n\t\t\t\t\t\t\t\t\t\t\t\t\t\t\t<p class=\"text-primary\">Combine sus llaves con la clavija IntelliPin y col\u00f3quelas en las regletas para llaves bloqueables\/no bloqueables del sistema KeyRack, directamente en la pared o en un gabinete. No podr\u00eda ser m\u00e1s f\u00e1cil asegurar una visi\u00f3n de conjunto y un control completo de su stock de llaves.<\/p>\n\t\t\t\t\t\t\t\n\t\t\t\t\t\t\t\t\t\t\t\t\t\t\t\t\t\t\t\t\t\t\t<a href=\"\/es\/productos\/keyrack\/\" class=\"button btn-link with-arrow\" target=\"\">\n\t\t\t\t\t\t\t\t\tDescubra\t\t\t\t\t\t\t\t<\/a>\n\t\t\t\t\t\t\t\n\t\t\t\t\t\t<\/div>\n\t\t\t\t\t<\/div>\n\t\t\t\t\t\t\t<\/div>\n\t\t\t\n<\/section>\n\n\n\n            <section class=\"row-with-separator container\">\n                            <div class=\"content\">\n                    <h3>Reserve una demostraci\u00f3n<\/h3>\n                    <p>\n                        Perm\u00edtanos mostrarle hoy la mejor forma posible de gestionar sus llaves y almacenar sus objetos.                    <\/p>\n                    <a class=\"button btn-link with-arrow\" href=\"\/es\/demo\/\" target=>Reserve ahora<\/a>\n                <\/div>\n                            <div class=\"content\">\n                    <h3>Encuentre un distribuidor<\/h3>\n                    <p>\n                        Utilice el mapa o la barra de b\u00fasqueda para encontrar un distribuidor. Consiga ayuda con su sistema existente o con la elecci\u00f3n de la soluci\u00f3n adecuada.                     <\/p>\n                    <a class=\"button btn-link with-arrow\" href=\"\/es\/encuentre-un-distribuidor\/\" target=>Buscar ahora<\/a>\n                <\/div>\n                    <\/section>\n    ","protected":false},"excerpt":{"rendered":"<p>Concesionarios de autom\u00f3viles Gesti\u00f3n electr\u00f3nica de llaves para la satisfacci\u00f3n y el control de los clientes Comprar un coche es una transacci\u00f3n grande e importante. El cliente debe ser lo principal y no hay tiempo para perder el tiempo con la gesti\u00f3n de llaves. Cuando el cliente va a probar un coche y luego, al [&hellip;]<\/p>\n","protected":false},"author":2,"featured_media":0,"parent":6587,"menu_order":0,"comment_status":"closed","ping_status":"closed","template":"page-without-container.php","meta":{"_acf_changed":false,"content-type":"","footnotes":""},"class_list":["post-6442","page","type-page","status-publish","hentry"],"acf":[],"yoast_head":"<!-- This site is optimized with the Yoast SEO plugin v26.7 - https:\/\/yoast.com\/wordpress\/plugins\/seo\/ -->\n<title>Gesti\u00f3n de llaves para la satisfacci\u00f3n del cliente | Concesionarios de autom\u00f3viles | KeyBox | Creone<\/title>\n<meta name=\"description\" content=\"Para los concesionarios de autom\u00f3viles recomendamos armarios de llaves y el sistema de gesti\u00f3n de llaves KeyBox.\" \/>\n<meta name=\"robots\" content=\"index, follow, max-snippet:-1, max-image-preview:large, max-video-preview:-1\" \/>\n<link rel=\"canonical\" href=\"https:\/\/www.creone.com\/es\/solucionesparalaindustria\/concesionarios-de-coches\/\" \/>\n<meta property=\"og:locale\" content=\"es_ES\" \/>\n<meta property=\"og:type\" content=\"article\" \/>\n<meta property=\"og:title\" content=\"Gesti\u00f3n de llaves para la satisfacci\u00f3n del cliente | Concesionarios de autom\u00f3viles | KeyBox | Creone\" \/>\n<meta property=\"og:description\" content=\"Para los concesionarios de autom\u00f3viles recomendamos armarios de llaves y el sistema de gesti\u00f3n de llaves KeyBox.\" \/>\n<meta property=\"og:url\" content=\"https:\/\/www.creone.com\/es\/solucionesparalaindustria\/concesionarios-de-coches\/\" \/>\n<meta property=\"og:site_name\" content=\"Creone\" \/>\n<meta property=\"article:modified_time\" content=\"2025-11-18T12:46:56+00:00\" \/>\n<meta name=\"twitter:card\" content=\"summary_large_image\" \/>\n<meta name=\"twitter:label1\" content=\"Tiempo de lectura\" \/>\n\t<meta name=\"twitter:data1\" content=\"1 minuto\" \/>\n<script type=\"application\/ld+json\" class=\"yoast-schema-graph\">{\"@context\":\"https:\/\/schema.org\",\"@graph\":[{\"@type\":\"WebPage\",\"@id\":\"https:\/\/www.creone.com\/es\/solucionesparalaindustria\/concesionarios-de-coches\/\",\"url\":\"https:\/\/www.creone.com\/es\/solucionesparalaindustria\/concesionarios-de-coches\/\",\"name\":\"Gesti\u00f3n de llaves para la satisfacci\u00f3n del cliente | Concesionarios de autom\u00f3viles | KeyBox | Creone\",\"isPartOf\":{\"@id\":\"https:\/\/www.creone.com\/es\/#website\"},\"datePublished\":\"2020-07-16T12:41:36+00:00\",\"dateModified\":\"2025-11-18T12:46:56+00:00\",\"description\":\"Para los concesionarios de autom\u00f3viles recomendamos armarios de llaves y el sistema de gesti\u00f3n de llaves KeyBox.\",\"breadcrumb\":{\"@id\":\"https:\/\/www.creone.com\/es\/solucionesparalaindustria\/concesionarios-de-coches\/#breadcrumb\"},\"inLanguage\":\"es\",\"potentialAction\":[{\"@type\":\"ReadAction\",\"target\":[\"https:\/\/www.creone.com\/es\/solucionesparalaindustria\/concesionarios-de-coches\/\"]}]},{\"@type\":\"BreadcrumbList\",\"@id\":\"https:\/\/www.creone.com\/es\/solucionesparalaindustria\/concesionarios-de-coches\/#breadcrumb\",\"itemListElement\":[{\"@type\":\"ListItem\",\"position\":1,\"name\":\"Home\",\"item\":\"https:\/\/www.creone.com\/es\/\"},{\"@type\":\"ListItem\",\"position\":2,\"name\":\"Soluciones para la industria\",\"item\":\"https:\/\/www.creone.com\/es\/industrysolutions\/\"},{\"@type\":\"ListItem\",\"position\":3,\"name\":\"Concesionarios de autom\u00f3viles\"}]},{\"@type\":\"WebSite\",\"@id\":\"https:\/\/www.creone.com\/es\/#website\",\"url\":\"https:\/\/www.creone.com\/es\/\",\"name\":\"Creone\",\"description\":\"En till WordPress-webbplats\",\"potentialAction\":[{\"@type\":\"SearchAction\",\"target\":{\"@type\":\"EntryPoint\",\"urlTemplate\":\"https:\/\/www.creone.com\/es\/?s={search_term_string}\"},\"query-input\":{\"@type\":\"PropertyValueSpecification\",\"valueRequired\":true,\"valueName\":\"search_term_string\"}}],\"inLanguage\":\"es\"}]}<\/script>\n<!-- \/ Yoast SEO plugin. -->","yoast_head_json":{"title":"Gesti\u00f3n de llaves para la satisfacci\u00f3n del cliente | Concesionarios de autom\u00f3viles | KeyBox | Creone","description":"Para los concesionarios de autom\u00f3viles recomendamos armarios de llaves y el sistema de gesti\u00f3n de llaves KeyBox.","robots":{"index":"index","follow":"follow","max-snippet":"max-snippet:-1","max-image-preview":"max-image-preview:large","max-video-preview":"max-video-preview:-1"},"canonical":"https:\/\/www.creone.com\/es\/solucionesparalaindustria\/concesionarios-de-coches\/","og_locale":"es_ES","og_type":"article","og_title":"Gesti\u00f3n de llaves para la satisfacci\u00f3n del cliente | Concesionarios de autom\u00f3viles | KeyBox | Creone","og_description":"Para los concesionarios de autom\u00f3viles recomendamos armarios de llaves y el sistema de gesti\u00f3n de llaves KeyBox.","og_url":"https:\/\/www.creone.com\/es\/solucionesparalaindustria\/concesionarios-de-coches\/","og_site_name":"Creone","article_modified_time":"2025-11-18T12:46:56+00:00","twitter_card":"summary_large_image","twitter_misc":{"Tiempo de lectura":"1 minuto"},"schema":{"@context":"https:\/\/schema.org","@graph":[{"@type":"WebPage","@id":"https:\/\/www.creone.com\/es\/solucionesparalaindustria\/concesionarios-de-coches\/","url":"https:\/\/www.creone.com\/es\/solucionesparalaindustria\/concesionarios-de-coches\/","name":"Gesti\u00f3n de llaves para la satisfacci\u00f3n del cliente | Concesionarios de autom\u00f3viles | KeyBox | Creone","isPartOf":{"@id":"https:\/\/www.creone.com\/es\/#website"},"datePublished":"2020-07-16T12:41:36+00:00","dateModified":"2025-11-18T12:46:56+00:00","description":"Para los concesionarios de autom\u00f3viles recomendamos armarios de llaves y el sistema de gesti\u00f3n de llaves KeyBox.","breadcrumb":{"@id":"https:\/\/www.creone.com\/es\/solucionesparalaindustria\/concesionarios-de-coches\/#breadcrumb"},"inLanguage":"es","potentialAction":[{"@type":"ReadAction","target":["https:\/\/www.creone.com\/es\/solucionesparalaindustria\/concesionarios-de-coches\/"]}]},{"@type":"BreadcrumbList","@id":"https:\/\/www.creone.com\/es\/solucionesparalaindustria\/concesionarios-de-coches\/#breadcrumb","itemListElement":[{"@type":"ListItem","position":1,"name":"Home","item":"https:\/\/www.creone.com\/es\/"},{"@type":"ListItem","position":2,"name":"Soluciones para la industria","item":"https:\/\/www.creone.com\/es\/industrysolutions\/"},{"@type":"ListItem","position":3,"name":"Concesionarios de autom\u00f3viles"}]},{"@type":"WebSite","@id":"https:\/\/www.creone.com\/es\/#website","url":"https:\/\/www.creone.com\/es\/","name":"Creone","description":"En till WordPress-webbplats","potentialAction":[{"@type":"SearchAction","target":{"@type":"EntryPoint","urlTemplate":"https:\/\/www.creone.com\/es\/?s={search_term_string}"},"query-input":{"@type":"PropertyValueSpecification","valueRequired":true,"valueName":"search_term_string"}}],"inLanguage":"es"}]}},"_links":{"self":[{"href":"https:\/\/www.creone.com\/es\/wp-json\/wp\/v2\/pages\/6442","targetHints":{"allow":["GET"]}}],"collection":[{"href":"https:\/\/www.creone.com\/es\/wp-json\/wp\/v2\/pages"}],"about":[{"href":"https:\/\/www.creone.com\/es\/wp-json\/wp\/v2\/types\/page"}],"author":[{"embeddable":true,"href":"https:\/\/www.creone.com\/es\/wp-json\/wp\/v2\/users\/2"}],"replies":[{"embeddable":true,"href":"https:\/\/www.creone.com\/es\/wp-json\/wp\/v2\/comments?post=6442"}],"version-history":[{"count":19,"href":"https:\/\/www.creone.com\/es\/wp-json\/wp\/v2\/pages\/6442\/revisions"}],"predecessor-version":[{"id":22821,"href":"https:\/\/www.creone.com\/es\/wp-json\/wp\/v2\/pages\/6442\/revisions\/22821"}],"up":[{"embeddable":true,"href":"https:\/\/www.creone.com\/es\/wp-json\/wp\/v2\/pages\/6587"}],"wp:attachment":[{"href":"https:\/\/www.creone.com\/es\/wp-json\/wp\/v2\/media?parent=6442"}],"curies":[{"name":"wp","href":"https:\/\/api.w.org\/{rel}","templated":true}]}}