{"id":10671,"date":"2020-08-20T00:04:33","date_gmt":"2020-08-19T22:04:33","guid":{"rendered":"https:\/\/www.creone.com\/?page_id=10671"},"modified":"2021-02-04T09:44:05","modified_gmt":"2021-02-04T08:44:05","slug":"formacion","status":"publish","type":"page","link":"https:\/\/www.creone.com\/es\/conviertase-en-distribuidor\/formacion\/","title":{"rendered":"Formaci\u00f3n"},"content":{"rendered":"\n    <style>\n        #header-image {\n            background-image: url(https:\/\/www.creone.com\/wp-content\/uploads\/2020\/04\/GettyImages-1049828098.jpg);\n        }\n\n        @media (-webkit-min-device-pixel-ratio: 2),\n        (min-resolution: 192dpi) {\n            #header-image {\n                background-image: url(https:\/\/www.creone.com\/wp-content\/uploads\/2020\/04\/GettyImages-1049828098.jpg);\n            }\n        }\n    <\/style>\n\n    <section\n        class=\"full-width-header-image \"\n        id=\"header-image\"\n        style=\"background-position: centro\"><\/section>\n\n                    <div class=\"container-fluid bread-border\">\n            <div class=\"container\">\n                <div class=\"row\">\n                    <div class=\"col-12\">\n                        <p id=\"breadcrumbs\"><span><span><a href=\"https:\/\/www.creone.com\/es\/\">Home<\/a><\/span><\/span><\/p>                    <\/div>\n                <\/div>\n            <\/div>\n        <\/div>\n        <style>\n            .full-width-header-image {\n                margin-bottom: 0rem !important;\n            }\n\n            .bread-border {\n                margin-bottom: 6rem;\n            }\n        <\/style>\n\n\n\n<h1 class=\"tight-container wp-block-heading\">Formaci\u00f3n<\/h1>\n\n\n\n<p class=\"tight-container\">Con el fin de ofrecer a nuestros clientes finales la mejor experiencia y asistencia posibles, todos nuestros colaboradores tienen formaci\u00f3n en nuestros productos y software. Como tenemos colaboradores en todo el mundo, hemos creado dos opciones de formaci\u00f3n diferentes: puede visitar nuestro centro de formaci\u00f3n in situ para revisar los productos y el software, lo que le otorgar\u00e1 un certificado de formaci\u00f3n oficial, o hacer un curso de formaci\u00f3n en l\u00ednea para entrenamiento.<br><br>A trav\u00e9s de nuestra formaci\u00f3n continua, creamos socios locales que tienen un amplio conocimiento de los productos y pueden utilizar nuestra experiencia para garantizar una buena experiencia del cliente.<\/p>\n\n\n\n<div style=\"height:25px\" aria-hidden=\"true\" class=\"wp-block-spacer\"><\/div>\n\n\n\n<h4 class=\"tight-container wp-block-heading\"><strong>Visite un centro de formaci\u00f3n<\/strong><\/h4>\n\n\n\n<p class=\"tight-container\">Con el fin de ofrecer a nuestros clientes finales la mejor experiencia y asistencia posibles, todos nuestros colaboradores tienen formaci\u00f3n en nuestros productos y software. Como tenemos colaboradores en todo el mundo, hemos creado dos opciones de formaci\u00f3n diferentes: puede visitar nuestro centro de formaci\u00f3n in situ para revisar los productos y el software, lo que le otorgar\u00e1 un certificado de formaci\u00f3n oficial, o hacer un curso de formaci\u00f3n en l\u00ednea para entrenamiento. A trav\u00e9s de nuestra formaci\u00f3n continua, creamos socios locales que tienen un amplio conocimiento de los productos y pueden utilizar nuestra experiencia para garantizar una buena experiencia del cliente.<\/p>\n\n\n\n<div style=\"height:25px\" aria-hidden=\"true\" class=\"wp-block-spacer\"><\/div>\n\n\n\n<h4 class=\"tight-container wp-block-heading\"><strong>Reserve un curso de formaci\u00f3n en l\u00ednea<\/strong><\/h4>\n\n\n\n<p class=\"tight-container\">A trav\u00e9s de nuestra formaci\u00f3n en l\u00ednea puede comenzar de forma r\u00e1pida y sencilla y obtener conocimientos b\u00e1sicos y comprensi\u00f3n de nuestros productos y software. Esto es eficiente y le ahorrar\u00e1 tambi\u00e9n tiempo. Adem\u00e1s, se puede adaptar a aquello en lo que desee hacer hincapi\u00e9 y enfocarse en ello.<\/p>\n\n\n\n<div style=\"height:25px\" aria-hidden=\"true\" class=\"wp-block-spacer\"><\/div>\n\n\n\n<h4 class=\"tight-container wp-block-heading\"><strong>\u00a1H\u00e1ganos llegar su solicitud! <\/strong><\/h4>\n\n\n\n<p class=\"tight-container\">Registre su inter\u00e9s ahora al curso de formaci\u00f3n que m\u00e1s le convenga y juntos podremos agilizar la vida cotidiana tanto suya como la de sus clientes.<\/p>\n\n\n\n<div class=\"tight-container\">\n<script charset=\"utf-8\" type=\"text\/javascript\" src=\"\/\/js.hsforms.net\/forms\/shell.js\"><\/script>\n<script>\n  hbspt.forms.create({\n\tportalId: \"6969693\",\n\tformId: \"b2da98e2-1415-487a-895a-522593af3d86\"\n});\n<\/script>\n<\/div>\n\n\n\n<p><\/p>\n","protected":false},"excerpt":{"rendered":"<p>Formaci\u00f3n Con el fin de ofrecer a nuestros clientes finales la mejor experiencia y asistencia posibles, todos nuestros colaboradores tienen formaci\u00f3n en nuestros productos y software. Como tenemos colaboradores en todo el mundo, hemos creado dos opciones de formaci\u00f3n diferentes: puede visitar nuestro centro de formaci\u00f3n in situ para revisar los productos y el software, [&hellip;]<\/p>\n","protected":false},"author":2,"featured_media":0,"parent":7567,"menu_order":0,"comment_status":"closed","ping_status":"closed","template":"page-without-container.php","meta":{"_acf_changed":false,"content-type":"","footnotes":""},"class_list":["post-10671","page","type-page","status-publish","hentry"],"acf":[],"yoast_head":"<!-- This site is optimized with the Yoast SEO plugin v26.7 - https:\/\/yoast.com\/wordpress\/plugins\/seo\/ -->\n<title>Formaci\u00f3n | Convi\u00e9rtase en distribuidor | Creone<\/title>\n<meta name=\"description\" content=\"Puede comenzar de manera r\u00e1pida y sencilla a trav\u00e9s de una formaci\u00f3n en l\u00ednea que proporcionar\u00e1 una visi\u00f3n preliminar y una comprensi\u00f3n de nuestros productos y soluciones.\" \/>\n<meta name=\"robots\" content=\"index, follow, max-snippet:-1, max-image-preview:large, max-video-preview:-1\" \/>\n<link rel=\"canonical\" href=\"https:\/\/www.creone.com\/es\/conviertase-en-distribuidor\/formacion\/\" \/>\n<meta property=\"og:locale\" content=\"es_ES\" \/>\n<meta property=\"og:type\" content=\"article\" \/>\n<meta property=\"og:title\" content=\"Formaci\u00f3n | Convi\u00e9rtase en distribuidor | Creone\" \/>\n<meta property=\"og:description\" content=\"Puede comenzar de manera r\u00e1pida y sencilla a trav\u00e9s de una formaci\u00f3n en l\u00ednea que proporcionar\u00e1 una visi\u00f3n preliminar y una comprensi\u00f3n de nuestros productos y soluciones.\" \/>\n<meta property=\"og:url\" content=\"https:\/\/www.creone.com\/es\/conviertase-en-distribuidor\/formacion\/\" \/>\n<meta property=\"og:site_name\" content=\"Creone\" \/>\n<meta property=\"article:modified_time\" content=\"2021-02-04T08:44:05+00:00\" \/>\n<meta name=\"twitter:card\" content=\"summary_large_image\" \/>\n<meta name=\"twitter:label1\" content=\"Tiempo de lectura\" \/>\n\t<meta name=\"twitter:data1\" content=\"2 minutos\" \/>\n<script type=\"application\/ld+json\" class=\"yoast-schema-graph\">{\"@context\":\"https:\/\/schema.org\",\"@graph\":[{\"@type\":\"WebPage\",\"@id\":\"https:\/\/www.creone.com\/es\/conviertase-en-distribuidor\/formacion\/\",\"url\":\"https:\/\/www.creone.com\/es\/conviertase-en-distribuidor\/formacion\/\",\"name\":\"Formaci\u00f3n | Convi\u00e9rtase en distribuidor | Creone\",\"isPartOf\":{\"@id\":\"https:\/\/www.creone.com\/es\/#website\"},\"datePublished\":\"2020-08-19T22:04:33+00:00\",\"dateModified\":\"2021-02-04T08:44:05+00:00\",\"description\":\"Puede comenzar de manera r\u00e1pida y sencilla a trav\u00e9s de una formaci\u00f3n en l\u00ednea que proporcionar\u00e1 una visi\u00f3n preliminar y una comprensi\u00f3n de nuestros productos y soluciones.\",\"breadcrumb\":{\"@id\":\"https:\/\/www.creone.com\/es\/conviertase-en-distribuidor\/formacion\/#breadcrumb\"},\"inLanguage\":\"es\",\"potentialAction\":[{\"@type\":\"ReadAction\",\"target\":[\"https:\/\/www.creone.com\/es\/conviertase-en-distribuidor\/formacion\/\"]}]},{\"@type\":\"BreadcrumbList\",\"@id\":\"https:\/\/www.creone.com\/es\/conviertase-en-distribuidor\/formacion\/#breadcrumb\",\"itemListElement\":[{\"@type\":\"ListItem\",\"position\":1,\"name\":\"Home\",\"item\":\"https:\/\/www.creone.com\/es\/\"},{\"@type\":\"ListItem\",\"position\":2,\"name\":\"Convi\u00e9rtase en distribuidor\",\"item\":\"https:\/\/www.creone.com\/es\/conviertase-en-distribuidor\/\"},{\"@type\":\"ListItem\",\"position\":3,\"name\":\"Formaci\u00f3n\"}]},{\"@type\":\"WebSite\",\"@id\":\"https:\/\/www.creone.com\/es\/#website\",\"url\":\"https:\/\/www.creone.com\/es\/\",\"name\":\"Creone\",\"description\":\"En till WordPress-webbplats\",\"potentialAction\":[{\"@type\":\"SearchAction\",\"target\":{\"@type\":\"EntryPoint\",\"urlTemplate\":\"https:\/\/www.creone.com\/es\/?s={search_term_string}\"},\"query-input\":{\"@type\":\"PropertyValueSpecification\",\"valueRequired\":true,\"valueName\":\"search_term_string\"}}],\"inLanguage\":\"es\"}]}<\/script>\n<!-- \/ Yoast SEO plugin. -->","yoast_head_json":{"title":"Formaci\u00f3n | Convi\u00e9rtase en distribuidor | Creone","description":"Puede comenzar de manera r\u00e1pida y sencilla a trav\u00e9s de una formaci\u00f3n en l\u00ednea que proporcionar\u00e1 una visi\u00f3n preliminar y una comprensi\u00f3n de nuestros productos y soluciones.","robots":{"index":"index","follow":"follow","max-snippet":"max-snippet:-1","max-image-preview":"max-image-preview:large","max-video-preview":"max-video-preview:-1"},"canonical":"https:\/\/www.creone.com\/es\/conviertase-en-distribuidor\/formacion\/","og_locale":"es_ES","og_type":"article","og_title":"Formaci\u00f3n | Convi\u00e9rtase en distribuidor | Creone","og_description":"Puede comenzar de manera r\u00e1pida y sencilla a trav\u00e9s de una formaci\u00f3n en l\u00ednea que proporcionar\u00e1 una visi\u00f3n preliminar y una comprensi\u00f3n de nuestros productos y soluciones.","og_url":"https:\/\/www.creone.com\/es\/conviertase-en-distribuidor\/formacion\/","og_site_name":"Creone","article_modified_time":"2021-02-04T08:44:05+00:00","twitter_card":"summary_large_image","twitter_misc":{"Tiempo de lectura":"2 minutos"},"schema":{"@context":"https:\/\/schema.org","@graph":[{"@type":"WebPage","@id":"https:\/\/www.creone.com\/es\/conviertase-en-distribuidor\/formacion\/","url":"https:\/\/www.creone.com\/es\/conviertase-en-distribuidor\/formacion\/","name":"Formaci\u00f3n | Convi\u00e9rtase en distribuidor | Creone","isPartOf":{"@id":"https:\/\/www.creone.com\/es\/#website"},"datePublished":"2020-08-19T22:04:33+00:00","dateModified":"2021-02-04T08:44:05+00:00","description":"Puede comenzar de manera r\u00e1pida y sencilla a trav\u00e9s de una formaci\u00f3n en l\u00ednea que proporcionar\u00e1 una visi\u00f3n preliminar y una comprensi\u00f3n de nuestros productos y soluciones.","breadcrumb":{"@id":"https:\/\/www.creone.com\/es\/conviertase-en-distribuidor\/formacion\/#breadcrumb"},"inLanguage":"es","potentialAction":[{"@type":"ReadAction","target":["https:\/\/www.creone.com\/es\/conviertase-en-distribuidor\/formacion\/"]}]},{"@type":"BreadcrumbList","@id":"https:\/\/www.creone.com\/es\/conviertase-en-distribuidor\/formacion\/#breadcrumb","itemListElement":[{"@type":"ListItem","position":1,"name":"Home","item":"https:\/\/www.creone.com\/es\/"},{"@type":"ListItem","position":2,"name":"Convi\u00e9rtase en distribuidor","item":"https:\/\/www.creone.com\/es\/conviertase-en-distribuidor\/"},{"@type":"ListItem","position":3,"name":"Formaci\u00f3n"}]},{"@type":"WebSite","@id":"https:\/\/www.creone.com\/es\/#website","url":"https:\/\/www.creone.com\/es\/","name":"Creone","description":"En till WordPress-webbplats","potentialAction":[{"@type":"SearchAction","target":{"@type":"EntryPoint","urlTemplate":"https:\/\/www.creone.com\/es\/?s={search_term_string}"},"query-input":{"@type":"PropertyValueSpecification","valueRequired":true,"valueName":"search_term_string"}}],"inLanguage":"es"}]}},"_links":{"self":[{"href":"https:\/\/www.creone.com\/es\/wp-json\/wp\/v2\/pages\/10671","targetHints":{"allow":["GET"]}}],"collection":[{"href":"https:\/\/www.creone.com\/es\/wp-json\/wp\/v2\/pages"}],"about":[{"href":"https:\/\/www.creone.com\/es\/wp-json\/wp\/v2\/types\/page"}],"author":[{"embeddable":true,"href":"https:\/\/www.creone.com\/es\/wp-json\/wp\/v2\/users\/2"}],"replies":[{"embeddable":true,"href":"https:\/\/www.creone.com\/es\/wp-json\/wp\/v2\/comments?post=10671"}],"version-history":[{"count":9,"href":"https:\/\/www.creone.com\/es\/wp-json\/wp\/v2\/pages\/10671\/revisions"}],"predecessor-version":[{"id":13924,"href":"https:\/\/www.creone.com\/es\/wp-json\/wp\/v2\/pages\/10671\/revisions\/13924"}],"up":[{"embeddable":true,"href":"https:\/\/www.creone.com\/es\/wp-json\/wp\/v2\/pages\/7567"}],"wp:attachment":[{"href":"https:\/\/www.creone.com\/es\/wp-json\/wp\/v2\/media?parent=10671"}],"curies":[{"name":"wp","href":"https:\/\/api.w.org\/{rel}","templated":true}]}}