{"id":10499,"date":"2020-08-19T22:47:52","date_gmt":"2020-08-19T20:47:52","guid":{"rendered":"https:\/\/www.creone.com\/?page_id=10499"},"modified":"2021-02-02T17:46:29","modified_gmt":"2021-02-02T16:46:29","slug":"integracion-en-gallagher","status":"publish","type":"page","link":"https:\/\/www.creone.com\/es\/productos\/keywin\/integracion\/integracion-en-gallagher\/","title":{"rendered":"Integraci\u00f3n con Gallagher"},"content":{"rendered":"\n    <style>\n        #header-image {\n            background-image: url(https:\/\/www.creone.com\/wp-content\/uploads\/2020\/08\/iStock-664994696_resize-1.jpg);\n        }\n\n        @media (-webkit-min-device-pixel-ratio: 2),\n        (min-resolution: 192dpi) {\n            #header-image {\n                background-image: url(https:\/\/www.creone.com\/wp-content\/uploads\/2020\/08\/iStock-664994696_resize-1.jpg);\n            }\n        }\n    <\/style>\n\n    <section\n        class=\"full-width-header-image \"\n        id=\"header-image\"\n        style=\"background-position: arriba\"><\/section>\n\n                    <div class=\"container-fluid bread-border\">\n            <div class=\"container\">\n                <div class=\"row\">\n                    <div class=\"col-12\">\n                        <p id=\"breadcrumbs\"><span><span><a href=\"https:\/\/www.creone.com\/es\/\">Home<\/a><\/span><\/span><\/p>                    <\/div>\n                <\/div>\n            <\/div>\n        <\/div>\n        <style>\n            .full-width-header-image {\n                margin-bottom: 0rem !important;\n            }\n\n            .bread-border {\n                margin-bottom: 6rem;\n            }\n        <\/style>\n\n\n\n<h1 class=\"tight-container wp-block-heading\">Integraci\u00f3n con Gallagher<\/h1>\n\n\n\n<p class=\"tight-container\">Gallagher Security es una divisi\u00f3n del Grupo Gallagher, un actor global en innovaci\u00f3n, fabricaci\u00f3n y comercializaci\u00f3n de sistemas de seguridad, cercas el\u00e9ctricas, sistemas de combustible y soluciones de fabricaci\u00f3n por contrato.<\/p>\n\n\n\n<div style=\"height:25px\" aria-hidden=\"true\" class=\"wp-block-spacer\"><\/div>\n\n\n\n<h4 class=\"tight-container wp-block-heading\"><strong>Command Centre<\/strong><\/h4>\n\n\n\n<p class=\"tight-container\">Command Centre es una plataforma configurable de Gallagher para satisfacer las necesidades \u00fanicas de control de la ubicaci\u00f3n, control de acceso a los recintos y control de ubicaciones cr\u00edticas, por ejemplo, para obras de construcci\u00f3n, con algunos de los requisitos de seguridad m\u00e1s exigentes que existen hoy en d\u00eda.<\/p>\n\n\n\n<div style=\"height:25px\" aria-hidden=\"true\" class=\"wp-block-spacer\"><\/div>\n\n\n\n<h4 class=\"tight-container wp-block-heading\"><strong>Administraci\u00f3n simplificada<\/strong><\/h4>\n\n\n\n<p class=\"tight-container\">Mediante la integraci\u00f3n entre Command Centre y KeyWin6, puede gestionar f\u00e1cilmente la administraci\u00f3n de los usuarios y sus permisos para las llaves a trav\u00e9s de la plataforma Command Centre existente. A continuaci\u00f3n, los usuarios pueden identificarse en el gabinete de llaves mediante los permisos de acceso existentes del Command Centre, como c\u00f3digo PIN o tarjetas Mifare o Desfire. Es tan simple como eso.<\/p>\n\n\n\n<div style=\"height:25px\" aria-hidden=\"true\" class=\"wp-block-spacer\"><\/div>\n\n\n\n<h4 class=\"tight-container wp-block-heading\"><strong>Escoja la soluci\u00f3n correcta<\/strong><\/h4>\n\n\n\n<p class=\"tight-container\">\u00bfQuiere tener una gesti\u00f3n central de sus llaves y objetos de valor, o le resulta m\u00e1s eficiente colocar el armario de llaves y el armario para objetos de valor en diferentes ubicaciones geogr\u00e1ficas para minimizar el tiempo de desplazamiento? Elija libremente entre las soluciones inteligentes de Creone de entre los <a href=\"https:\/\/www.creone.com\/produkter\/keybox\/\">gabinetes de llaves<\/a> y <a href=\"https:\/\/www.creone.com\/produkter\/valuebox\/\">gabinetes para objetos de valor<\/a> y cree una soluci\u00f3n que se adapte a su negocio, gestionando todo de forma centralizada a trav\u00e9s del Command Centre.<\/p>\n\n\n\n<div style=\"height:25px\" aria-hidden=\"true\" class=\"wp-block-spacer\"><\/div>\n\n\n\n<h4 class=\"tight-container wp-block-heading\"><strong>\u00bfTiene alguna pregunta?<\/strong><\/h4>\n\n\n\n<p class=\"tight-container\">\u00bfLe interesa nuestra integraci\u00f3n? Llene el formulario y nos pondremos en contacto con usted lo antes posible.<\/p>\n\n\n\n<div class=\"tight-container\">\n<script charset=\"utf-8\" type=\"text\/javascript\" src=\"\/\/js.hsforms.net\/forms\/shell.js\"><\/script>\n<script>\n  hbspt.forms.create({\n\tportalId: \"6969693\",\n\tformId: \"9adeb009-0d60-44e6-96a8-ad9849835815\"\n});\n<\/script>\n<\/div>\n\n\n\n<p><\/p>\n","protected":false},"excerpt":{"rendered":"<p>Integraci\u00f3n con Gallagher Gallagher Security es una divisi\u00f3n del Grupo Gallagher, un actor global en innovaci\u00f3n, fabricaci\u00f3n y comercializaci\u00f3n de sistemas de seguridad, cercas el\u00e9ctricas, sistemas de combustible y soluciones de fabricaci\u00f3n por contrato. Command Centre Command Centre es una plataforma configurable de Gallagher para satisfacer las necesidades \u00fanicas de control de la ubicaci\u00f3n, control [&hellip;]<\/p>\n","protected":false},"author":2,"featured_media":0,"parent":10418,"menu_order":0,"comment_status":"closed","ping_status":"closed","template":"page-without-container.php","meta":{"_acf_changed":false,"content-type":"","footnotes":""},"class_list":["post-10499","page","type-page","status-publish","hentry"],"acf":[],"yoast_head":"<!-- This site is optimized with the Yoast SEO plugin v26.7 - https:\/\/yoast.com\/wordpress\/plugins\/seo\/ -->\n<title>Integraci\u00f3n con Gallagher | Gesti\u00f3n de llaves | KeyWin | Creone<\/title>\n<meta name=\"description\" content=\"Integraci\u00f3n entre el sistema de seguridad Gallagher Command Centre y el sistema de gesti\u00f3n de llaves KeyWin6 para evitar duplicar el trabajo administrativo, de forma f\u00e1cil y fluida.\" \/>\n<meta name=\"robots\" content=\"index, follow, max-snippet:-1, max-image-preview:large, max-video-preview:-1\" \/>\n<link rel=\"canonical\" href=\"https:\/\/www.creone.com\/es\/productos\/keywin\/integracion\/integracion-en-gallagher\/\" \/>\n<meta property=\"og:locale\" content=\"es_ES\" \/>\n<meta property=\"og:type\" content=\"article\" \/>\n<meta property=\"og:title\" content=\"Integraci\u00f3n con Gallagher | Gesti\u00f3n de llaves | KeyWin | Creone\" \/>\n<meta property=\"og:description\" content=\"Integraci\u00f3n entre el sistema de seguridad Gallagher Command Centre y el sistema de gesti\u00f3n de llaves KeyWin6 para evitar duplicar el trabajo administrativo, de forma f\u00e1cil y fluida.\" \/>\n<meta property=\"og:url\" content=\"https:\/\/www.creone.com\/es\/productos\/keywin\/integracion\/integracion-en-gallagher\/\" \/>\n<meta property=\"og:site_name\" content=\"Creone\" \/>\n<meta property=\"article:modified_time\" content=\"2021-02-02T16:46:29+00:00\" \/>\n<meta name=\"twitter:card\" content=\"summary_large_image\" \/>\n<meta name=\"twitter:label1\" content=\"Tiempo de lectura\" \/>\n\t<meta name=\"twitter:data1\" content=\"1 minuto\" \/>\n<script type=\"application\/ld+json\" class=\"yoast-schema-graph\">{\"@context\":\"https:\/\/schema.org\",\"@graph\":[{\"@type\":\"WebPage\",\"@id\":\"https:\/\/www.creone.com\/es\/productos\/keywin\/integracion\/integracion-en-gallagher\/\",\"url\":\"https:\/\/www.creone.com\/es\/productos\/keywin\/integracion\/integracion-en-gallagher\/\",\"name\":\"Integraci\u00f3n con Gallagher | Gesti\u00f3n de llaves | KeyWin | Creone\",\"isPartOf\":{\"@id\":\"https:\/\/www.creone.com\/es\/#website\"},\"datePublished\":\"2020-08-19T20:47:52+00:00\",\"dateModified\":\"2021-02-02T16:46:29+00:00\",\"description\":\"Integraci\u00f3n entre el sistema de seguridad Gallagher Command Centre y el sistema de gesti\u00f3n de llaves KeyWin6 para evitar duplicar el trabajo administrativo, de forma f\u00e1cil y fluida.\",\"breadcrumb\":{\"@id\":\"https:\/\/www.creone.com\/es\/productos\/keywin\/integracion\/integracion-en-gallagher\/#breadcrumb\"},\"inLanguage\":\"es\",\"potentialAction\":[{\"@type\":\"ReadAction\",\"target\":[\"https:\/\/www.creone.com\/es\/productos\/keywin\/integracion\/integracion-en-gallagher\/\"]}]},{\"@type\":\"BreadcrumbList\",\"@id\":\"https:\/\/www.creone.com\/es\/productos\/keywin\/integracion\/integracion-en-gallagher\/#breadcrumb\",\"itemListElement\":[{\"@type\":\"ListItem\",\"position\":1,\"name\":\"Home\",\"item\":\"https:\/\/www.creone.com\/es\/\"},{\"@type\":\"ListItem\",\"position\":2,\"name\":\"Productos\",\"item\":\"https:\/\/www.creone.com\/es\/productos\/\"},{\"@type\":\"ListItem\",\"position\":3,\"name\":\"KeyWin\",\"item\":\"https:\/\/www.creone.com\/es\/productos\/keywin\/\"},{\"@type\":\"ListItem\",\"position\":4,\"name\":\"Integraci\u00f3n\",\"item\":\"https:\/\/www.creone.com\/es\/productos\/keywin\/integracion\/\"},{\"@type\":\"ListItem\",\"position\":5,\"name\":\"Integraci\u00f3n con Gallagher\"}]},{\"@type\":\"WebSite\",\"@id\":\"https:\/\/www.creone.com\/es\/#website\",\"url\":\"https:\/\/www.creone.com\/es\/\",\"name\":\"Creone\",\"description\":\"En till WordPress-webbplats\",\"potentialAction\":[{\"@type\":\"SearchAction\",\"target\":{\"@type\":\"EntryPoint\",\"urlTemplate\":\"https:\/\/www.creone.com\/es\/?s={search_term_string}\"},\"query-input\":{\"@type\":\"PropertyValueSpecification\",\"valueRequired\":true,\"valueName\":\"search_term_string\"}}],\"inLanguage\":\"es\"}]}<\/script>\n<!-- \/ Yoast SEO plugin. -->","yoast_head_json":{"title":"Integraci\u00f3n con Gallagher | Gesti\u00f3n de llaves | KeyWin | Creone","description":"Integraci\u00f3n entre el sistema de seguridad Gallagher Command Centre y el sistema de gesti\u00f3n de llaves KeyWin6 para evitar duplicar el trabajo administrativo, de forma f\u00e1cil y fluida.","robots":{"index":"index","follow":"follow","max-snippet":"max-snippet:-1","max-image-preview":"max-image-preview:large","max-video-preview":"max-video-preview:-1"},"canonical":"https:\/\/www.creone.com\/es\/productos\/keywin\/integracion\/integracion-en-gallagher\/","og_locale":"es_ES","og_type":"article","og_title":"Integraci\u00f3n con Gallagher | Gesti\u00f3n de llaves | KeyWin | Creone","og_description":"Integraci\u00f3n entre el sistema de seguridad Gallagher Command Centre y el sistema de gesti\u00f3n de llaves KeyWin6 para evitar duplicar el trabajo administrativo, de forma f\u00e1cil y fluida.","og_url":"https:\/\/www.creone.com\/es\/productos\/keywin\/integracion\/integracion-en-gallagher\/","og_site_name":"Creone","article_modified_time":"2021-02-02T16:46:29+00:00","twitter_card":"summary_large_image","twitter_misc":{"Tiempo de lectura":"1 minuto"},"schema":{"@context":"https:\/\/schema.org","@graph":[{"@type":"WebPage","@id":"https:\/\/www.creone.com\/es\/productos\/keywin\/integracion\/integracion-en-gallagher\/","url":"https:\/\/www.creone.com\/es\/productos\/keywin\/integracion\/integracion-en-gallagher\/","name":"Integraci\u00f3n con Gallagher | Gesti\u00f3n de llaves | KeyWin | Creone","isPartOf":{"@id":"https:\/\/www.creone.com\/es\/#website"},"datePublished":"2020-08-19T20:47:52+00:00","dateModified":"2021-02-02T16:46:29+00:00","description":"Integraci\u00f3n entre el sistema de seguridad Gallagher Command Centre y el sistema de gesti\u00f3n de llaves KeyWin6 para evitar duplicar el trabajo administrativo, de forma f\u00e1cil y fluida.","breadcrumb":{"@id":"https:\/\/www.creone.com\/es\/productos\/keywin\/integracion\/integracion-en-gallagher\/#breadcrumb"},"inLanguage":"es","potentialAction":[{"@type":"ReadAction","target":["https:\/\/www.creone.com\/es\/productos\/keywin\/integracion\/integracion-en-gallagher\/"]}]},{"@type":"BreadcrumbList","@id":"https:\/\/www.creone.com\/es\/productos\/keywin\/integracion\/integracion-en-gallagher\/#breadcrumb","itemListElement":[{"@type":"ListItem","position":1,"name":"Home","item":"https:\/\/www.creone.com\/es\/"},{"@type":"ListItem","position":2,"name":"Productos","item":"https:\/\/www.creone.com\/es\/productos\/"},{"@type":"ListItem","position":3,"name":"KeyWin","item":"https:\/\/www.creone.com\/es\/productos\/keywin\/"},{"@type":"ListItem","position":4,"name":"Integraci\u00f3n","item":"https:\/\/www.creone.com\/es\/productos\/keywin\/integracion\/"},{"@type":"ListItem","position":5,"name":"Integraci\u00f3n con Gallagher"}]},{"@type":"WebSite","@id":"https:\/\/www.creone.com\/es\/#website","url":"https:\/\/www.creone.com\/es\/","name":"Creone","description":"En till WordPress-webbplats","potentialAction":[{"@type":"SearchAction","target":{"@type":"EntryPoint","urlTemplate":"https:\/\/www.creone.com\/es\/?s={search_term_string}"},"query-input":{"@type":"PropertyValueSpecification","valueRequired":true,"valueName":"search_term_string"}}],"inLanguage":"es"}]}},"_links":{"self":[{"href":"https:\/\/www.creone.com\/es\/wp-json\/wp\/v2\/pages\/10499","targetHints":{"allow":["GET"]}}],"collection":[{"href":"https:\/\/www.creone.com\/es\/wp-json\/wp\/v2\/pages"}],"about":[{"href":"https:\/\/www.creone.com\/es\/wp-json\/wp\/v2\/types\/page"}],"author":[{"embeddable":true,"href":"https:\/\/www.creone.com\/es\/wp-json\/wp\/v2\/users\/2"}],"replies":[{"embeddable":true,"href":"https:\/\/www.creone.com\/es\/wp-json\/wp\/v2\/comments?post=10499"}],"version-history":[{"count":5,"href":"https:\/\/www.creone.com\/es\/wp-json\/wp\/v2\/pages\/10499\/revisions"}],"predecessor-version":[{"id":13529,"href":"https:\/\/www.creone.com\/es\/wp-json\/wp\/v2\/pages\/10499\/revisions\/13529"}],"up":[{"embeddable":true,"href":"https:\/\/www.creone.com\/es\/wp-json\/wp\/v2\/pages\/10418"}],"wp:attachment":[{"href":"https:\/\/www.creone.com\/es\/wp-json\/wp\/v2\/media?parent=10499"}],"curies":[{"name":"wp","href":"https:\/\/api.w.org\/{rel}","templated":true}]}}