{"id":7606,"date":"2020-07-27T12:02:51","date_gmt":"2020-07-27T10:02:51","guid":{"rendered":"https:\/\/www.creone.com\/?page_id=7606"},"modified":"2021-03-09T09:14:32","modified_gmt":"2021-03-09T08:14:32","slug":"vorfuehrung","status":"publish","type":"page","link":"https:\/\/www.creone.com\/de\/vorfuehrung\/","title":{"rendered":"Vorf\u00fchrung"},"content":{"rendered":"        <div class=\"container-fluid bread-border\">\n            <div class=\"container\">\n                <div class=\"row\">\n                    <div class=\"col-12\">\n                                            <\/div>\n                <\/div>\n            <\/div>\n        <\/div>\n        <section class=\"full-width-form form-page-header \">\n        <div class=\"container d-flex flex-wrap\">\n            <div class=\"content\">\n                                    <h1 class=\"fade-in\">Buchen Sie eine Vorf\u00fchrung<\/h1>\n                                                    <p class=\"fade-in\">Erfahren Sie noch heute, wie Sie Ihre Schl\u00fcssel auf bestm\u00f6gliche Art und Weise verwalten und Sachen aufbewahren k\u00f6nnen.  <\/p>\n                                                    <img decoding=\"async\" src=\"https:\/\/www.creone.com\/wp-content\/uploads\/2020\/04\/KeyWin6screens_box_SE_outline-4-900x450.png\" alt=\"\" srcset=\"https:\/\/www.creone.com\/wp-content\/uploads\/2020\/04\/KeyWin6screens_box_SE_outline-4-900x450.png 1x, https:\/\/www.creone.com\/wp-content\/uploads\/2020\/04\/KeyWin6screens_box_SE_outline-4-1750x900.png 2x\" class=\"fade-in-up\">\n                            <\/div>\n\n            <div class=\"hubspot-form-container fade-in-left\">\n                                                    <script charset=\"utf-8\" type=\"text\/javascript\" src=\"\/\/js.hsforms.net\/forms\/shell.js\"><\/script> <script>   hbspt.forms.create({ \tportalId: \"6969693\", \tformId: \"5aa04dbc-be80-469a-864c-e28a783db4fd\" }); <\/script>                            <\/div>\n\n                            <div class=\"reference-container w-100\">\n                                            <h2>Kunden, die unser Schl\u00fcsselverwaltungssystem nutzen<\/h2>\n                    \n                    <div class=\"reference-grid\">\n                                                    <div class=\"logotype fade-in\">\n                                <img decoding=\"async\" src=\"https:\/\/www.creone.com\/wp-content\/uploads\/2020\/03\/ginatrictos-logotyp.png\" alt=\"Gina Tricot verwendet f\u00fcr die Wertsachenverwaltung ValueBox\" \/>\n                            <\/div>\n                                                    <div class=\"logotype fade-in\">\n                                <img decoding=\"async\" src=\"https:\/\/www.creone.com\/wp-content\/uploads\/2020\/03\/G4S-logotyp.png\" alt=\"G4S verwendet die KeyBox-Schl\u00fcsselverwaltung\" \/>\n                            <\/div>\n                                                    <div class=\"logotype fade-in\">\n                                <img decoding=\"async\" src=\"https:\/\/www.creone.com\/wp-content\/uploads\/2020\/03\/bosch-logotyp.png\" alt=\"Bosch verwendet KeyBox-Schl\u00fcsselschr\u00e4nke\" \/>\n                            <\/div>\n                                                    <div class=\"logotype fade-in\">\n                                <img decoding=\"async\" src=\"https:\/\/www.creone.com\/wp-content\/uploads\/2020\/03\/Heineken_logo.png\" alt=\"Heineken verwendet das Schl\u00fcsselverwaltungssystem KeyWin\" \/>\n                            <\/div>\n                                                    <div class=\"logotype fade-in\">\n                                <img decoding=\"async\" src=\"https:\/\/www.creone.com\/wp-content\/uploads\/2020\/03\/hilton-logotyp.png\" alt=\"Das Hilton Hotel kaufte bereits fr\u00fchzeitig Schl\u00fcsselschr\u00e4nke der Serie KeyBox\" \/>\n                            <\/div>\n                                            <\/div>\n\n                <\/div>\n                    <\/div>\n    <\/section>\n\n","protected":false},"excerpt":{"rendered":"","protected":false},"author":2,"featured_media":0,"parent":0,"menu_order":0,"comment_status":"closed","ping_status":"closed","template":"page-without-container.php","meta":{"_acf_changed":false,"content-type":"","footnotes":""},"class_list":["post-7606","page","type-page","status-publish","hentry"],"acf":[],"yoast_head":"<!-- This site is optimized with the Yoast SEO plugin v26.7 - https:\/\/yoast.com\/wordpress\/plugins\/seo\/ -->\n<title>Buchen Sie eine Vorf\u00fchrung | Schl\u00fcsselverwaltung | Creone<\/title>\n<meta name=\"description\" content=\"Buchen Sie eine Vorf\u00fchrung, damit wir Ihnen zeigen k\u00f6nnen, wie Sie Ihre Schl\u00fcsselaufbewahrung \u00fcber einfache Benutzeroberfl\u00e4chen in unserem Schl\u00fcsselverwaltungssystem verbessern k\u00f6nnen.\" \/>\n<meta name=\"robots\" content=\"index, follow, max-snippet:-1, max-image-preview:large, max-video-preview:-1\" \/>\n<link rel=\"canonical\" href=\"https:\/\/www.creone.com\/de\/vorfuehrung\/\" \/>\n<meta property=\"og:locale\" content=\"de_DE\" \/>\n<meta property=\"og:type\" content=\"article\" \/>\n<meta property=\"og:title\" content=\"Buchen Sie eine Vorf\u00fchrung | Schl\u00fcsselverwaltung | Creone\" \/>\n<meta property=\"og:description\" content=\"Buchen Sie eine Vorf\u00fchrung, damit wir Ihnen zeigen k\u00f6nnen, wie Sie Ihre Schl\u00fcsselaufbewahrung \u00fcber einfache Benutzeroberfl\u00e4chen in unserem Schl\u00fcsselverwaltungssystem verbessern k\u00f6nnen.\" \/>\n<meta property=\"og:url\" content=\"https:\/\/www.creone.com\/de\/vorfuehrung\/\" \/>\n<meta property=\"og:site_name\" content=\"Creone\" \/>\n<meta property=\"article:modified_time\" content=\"2021-03-09T08:14:32+00:00\" \/>\n<meta name=\"twitter:card\" content=\"summary_large_image\" \/>\n<script type=\"application\/ld+json\" class=\"yoast-schema-graph\">{\"@context\":\"https:\/\/schema.org\",\"@graph\":[{\"@type\":\"WebPage\",\"@id\":\"https:\/\/www.creone.com\/de\/vorfuehrung\/\",\"url\":\"https:\/\/www.creone.com\/de\/vorfuehrung\/\",\"name\":\"Buchen Sie eine Vorf\u00fchrung | Schl\u00fcsselverwaltung | Creone\",\"isPartOf\":{\"@id\":\"https:\/\/www.creone.com\/de\/#website\"},\"datePublished\":\"2020-07-27T10:02:51+00:00\",\"dateModified\":\"2021-03-09T08:14:32+00:00\",\"description\":\"Buchen Sie eine Vorf\u00fchrung, damit wir Ihnen zeigen k\u00f6nnen, wie Sie Ihre Schl\u00fcsselaufbewahrung \u00fcber einfache Benutzeroberfl\u00e4chen in unserem Schl\u00fcsselverwaltungssystem verbessern k\u00f6nnen.\",\"breadcrumb\":{\"@id\":\"https:\/\/www.creone.com\/de\/vorfuehrung\/#breadcrumb\"},\"inLanguage\":\"de\",\"potentialAction\":[{\"@type\":\"ReadAction\",\"target\":[\"https:\/\/www.creone.com\/de\/vorfuehrung\/\"]}]},{\"@type\":\"BreadcrumbList\",\"@id\":\"https:\/\/www.creone.com\/de\/vorfuehrung\/#breadcrumb\",\"itemListElement\":[{\"@type\":\"ListItem\",\"position\":1,\"name\":\"Home\",\"item\":\"https:\/\/www.creone.com\/de\/\"},{\"@type\":\"ListItem\",\"position\":2,\"name\":\"Vorf\u00fchrung\"}]},{\"@type\":\"WebSite\",\"@id\":\"https:\/\/www.creone.com\/de\/#website\",\"url\":\"https:\/\/www.creone.com\/de\/\",\"name\":\"Creone\",\"description\":\"En till WordPress-webbplats\",\"potentialAction\":[{\"@type\":\"SearchAction\",\"target\":{\"@type\":\"EntryPoint\",\"urlTemplate\":\"https:\/\/www.creone.com\/de\/?s={search_term_string}\"},\"query-input\":{\"@type\":\"PropertyValueSpecification\",\"valueRequired\":true,\"valueName\":\"search_term_string\"}}],\"inLanguage\":\"de\"}]}<\/script>\n<!-- \/ Yoast SEO plugin. -->","yoast_head_json":{"title":"Buchen Sie eine Vorf\u00fchrung | Schl\u00fcsselverwaltung | Creone","description":"Buchen Sie eine Vorf\u00fchrung, damit wir Ihnen zeigen k\u00f6nnen, wie Sie Ihre Schl\u00fcsselaufbewahrung \u00fcber einfache Benutzeroberfl\u00e4chen in unserem Schl\u00fcsselverwaltungssystem verbessern k\u00f6nnen.","robots":{"index":"index","follow":"follow","max-snippet":"max-snippet:-1","max-image-preview":"max-image-preview:large","max-video-preview":"max-video-preview:-1"},"canonical":"https:\/\/www.creone.com\/de\/vorfuehrung\/","og_locale":"de_DE","og_type":"article","og_title":"Buchen Sie eine Vorf\u00fchrung | Schl\u00fcsselverwaltung | Creone","og_description":"Buchen Sie eine Vorf\u00fchrung, damit wir Ihnen zeigen k\u00f6nnen, wie Sie Ihre Schl\u00fcsselaufbewahrung \u00fcber einfache Benutzeroberfl\u00e4chen in unserem Schl\u00fcsselverwaltungssystem verbessern k\u00f6nnen.","og_url":"https:\/\/www.creone.com\/de\/vorfuehrung\/","og_site_name":"Creone","article_modified_time":"2021-03-09T08:14:32+00:00","twitter_card":"summary_large_image","schema":{"@context":"https:\/\/schema.org","@graph":[{"@type":"WebPage","@id":"https:\/\/www.creone.com\/de\/vorfuehrung\/","url":"https:\/\/www.creone.com\/de\/vorfuehrung\/","name":"Buchen Sie eine Vorf\u00fchrung | Schl\u00fcsselverwaltung | Creone","isPartOf":{"@id":"https:\/\/www.creone.com\/de\/#website"},"datePublished":"2020-07-27T10:02:51+00:00","dateModified":"2021-03-09T08:14:32+00:00","description":"Buchen Sie eine Vorf\u00fchrung, damit wir Ihnen zeigen k\u00f6nnen, wie Sie Ihre Schl\u00fcsselaufbewahrung \u00fcber einfache Benutzeroberfl\u00e4chen in unserem Schl\u00fcsselverwaltungssystem verbessern k\u00f6nnen.","breadcrumb":{"@id":"https:\/\/www.creone.com\/de\/vorfuehrung\/#breadcrumb"},"inLanguage":"de","potentialAction":[{"@type":"ReadAction","target":["https:\/\/www.creone.com\/de\/vorfuehrung\/"]}]},{"@type":"BreadcrumbList","@id":"https:\/\/www.creone.com\/de\/vorfuehrung\/#breadcrumb","itemListElement":[{"@type":"ListItem","position":1,"name":"Home","item":"https:\/\/www.creone.com\/de\/"},{"@type":"ListItem","position":2,"name":"Vorf\u00fchrung"}]},{"@type":"WebSite","@id":"https:\/\/www.creone.com\/de\/#website","url":"https:\/\/www.creone.com\/de\/","name":"Creone","description":"En till WordPress-webbplats","potentialAction":[{"@type":"SearchAction","target":{"@type":"EntryPoint","urlTemplate":"https:\/\/www.creone.com\/de\/?s={search_term_string}"},"query-input":{"@type":"PropertyValueSpecification","valueRequired":true,"valueName":"search_term_string"}}],"inLanguage":"de"}]}},"_links":{"self":[{"href":"https:\/\/www.creone.com\/de\/wp-json\/wp\/v2\/pages\/7606","targetHints":{"allow":["GET"]}}],"collection":[{"href":"https:\/\/www.creone.com\/de\/wp-json\/wp\/v2\/pages"}],"about":[{"href":"https:\/\/www.creone.com\/de\/wp-json\/wp\/v2\/types\/page"}],"author":[{"embeddable":true,"href":"https:\/\/www.creone.com\/de\/wp-json\/wp\/v2\/users\/2"}],"replies":[{"embeddable":true,"href":"https:\/\/www.creone.com\/de\/wp-json\/wp\/v2\/comments?post=7606"}],"version-history":[{"count":8,"href":"https:\/\/www.creone.com\/de\/wp-json\/wp\/v2\/pages\/7606\/revisions"}],"predecessor-version":[{"id":16294,"href":"https:\/\/www.creone.com\/de\/wp-json\/wp\/v2\/pages\/7606\/revisions\/16294"}],"wp:attachment":[{"href":"https:\/\/www.creone.com\/de\/wp-json\/wp\/v2\/media?parent=7606"}],"curies":[{"name":"wp","href":"https:\/\/api.w.org\/{rel}","templated":true}]}}