{"id":7133,"date":"2020-07-20T13:13:39","date_gmt":"2020-07-20T11:13:39","guid":{"rendered":"https:\/\/www.creone.com\/?page_id=7133"},"modified":"2021-02-03T10:02:04","modified_gmt":"2021-02-03T09:02:04","slug":"tranas-energi","status":"publish","type":"page","link":"https:\/\/www.creone.com\/de\/branchenloesungen\/tranas-energi\/","title":{"rendered":"Tran\u00e5s Energi"},"content":{"rendered":"\n    <style>\n        #header-image {\n            background-image: url(https:\/\/www.creone.com\/wp-content\/uploads\/2020\/04\/Tranas-Energi_550x407.jpg);\n        }\n\n        @media (-webkit-min-device-pixel-ratio: 2),\n        (min-resolution: 192dpi) {\n            #header-image {\n                background-image: url(https:\/\/www.creone.com\/wp-content\/uploads\/2020\/04\/Tranas-Energi_550x407.jpg);\n            }\n        }\n    <\/style>\n\n    <section\n        class=\"full-width-header-image \"\n        id=\"header-image\"\n        style=\"background-position: bottom\"><\/section>\n\n                    <div class=\"container-fluid bread-border\">\n            <div class=\"container\">\n                <div class=\"row\">\n                    <div class=\"col-12\">\n                        <p id=\"breadcrumbs\"><span><span><a href=\"https:\/\/www.creone.com\/de\/\">Home<\/a><\/span><\/span><\/p>                    <\/div>\n                <\/div>\n            <\/div>\n        <\/div>\n        <style>\n            .full-width-header-image {\n                margin-bottom: 0rem !important;\n            }\n\n            .bread-border {\n                margin-bottom: 6rem;\n            }\n        <\/style>\n\n\n\n<h6 class=\"headline tight-container wp-block-heading\">Tran\u00e5s Energi<\/h6>\n\n\n\n<h1 class=\"tight-container wp-block-heading\">Tran\u00e5s Energi verwaltet die Schl\u00fcssel seiner Kunden korrekt<\/h1>\n\n\n\n<p class=\"tight-container\">Tran\u00e5s Energi verkauft Strom aus erneuerbaren Energiequellen in Schweden, liefert erneuerbare Fernw\u00e4rme und unterh\u00e4lt ein Stromnetz sowie ein Glasfasernetz in der Kommune Tran\u00e5s. Tran\u00e5s Energi erachtet einen hohen Servicegrad f\u00fcr seine Kunden als entscheidenden Faktor \u2013 dazu z\u00e4hlt auch ein sicherer und verantwortungsbewusster Umgang mit den Schl\u00fcsseln der Kunden.&nbsp;<\/p>\n\n\n\n    <section class=\"reference-content container\">\n        <div class=\"d-flex flex-wrap-reverse\">\n            <div class=\"sidebar\">\n                                    <div class=\"image mb-4\">\n                        <img decoding=\"async\"\n                            src=\"https:\/\/www.creone.com\/wp-content\/uploads\/2020\/04\/tranasenergi-logo.jpg\"\n                            srcset=\"https:\/\/www.creone.com\/wp-content\/uploads\/2020\/04\/tranasenergi-logo.jpg 1x, https:\/\/www.creone.com\/wp-content\/uploads\/2020\/04\/tranasenergi-logo.jpg 2x\"\n                            class=\"\" \/>\n                    <\/div>\n                                                    <div class=\"title head-font\">Tran\u00e5s Energi<\/div>\n                \n                                    <p>Tagt\u00e4glich beliefert Tran\u00e5s Energi rund 10200 Stromnetzkunden mit Elektrizit\u00e4t und verkauft 100\u00a0% erneuerbaren Strom an ca. 11500 Stromhandelskunden in ganz Schweden.<\/p>\n                                <div class=\"mt-5\">\n                                    <\/div>\n            <\/div>\n            <div class=\"content\">\n                                    <p class=\"p1\">Derzeit m\u00fcssen Schl\u00fcssel f\u00fcr Wohn-, Industrie- und B\u00fcrogeb\u00e4ude verf\u00fcgbar sein, um einen Zugang au\u00dferhalb der Gesch\u00e4ftszeiten zu erm\u00f6glichen. Zudem m\u00fcssen Schl\u00fcssel f\u00fcr verschiedene Strom- und Netzanlagen, Ersatzschl\u00fcssel f\u00fcr Fahrzeuge und Serviceschl\u00fcssel so aufbewahrt werden, dass eine umfassende Gesamt\u00fcbersicht \u00fcber alle Schl\u00fcssel gew\u00e4hrleistet ist. Um dieser Vision gerecht zu werden, war die Umstellung von einer manuellen zu einer elektronischen Schl\u00fcsselverwaltung erforderlich. Hierbei fiel die Wahl auf Creone.<\/p>\n<p>\u201eDie Benutzerfreundlichkeit und \u00dcbersichtlichkeit der Software KeyWin5 ist unschlagbar. Sie ist der Grund daf\u00fcr, dass sich Creones L\u00f6sung f\u00fcr uns am besten eignet\u201c, verr\u00e4t Per-\u00c5ke Gustafsson, Betriebsingenieur bei Tran\u00e5s Energi.<\/p>\n<p>&nbsp;<\/p>\n<h4>Benutzer in verschiedenen Abteilungen<\/h4>\n<p>Zun\u00e4chst wurden in der Software KeyWin5 die Benutzer in verschiedene Kategorien eingeteilt, wie z.B. Netztechniker, Fernw\u00e4rmetechniker, Betriebsingenieure und Projektmanager. Danach wurden alle Schl\u00fcssel je nach Bedarf eindeutigen Schl\u00fcsselgruppen zugeordnet, z.B. Fernw\u00e4rme, Stromnetz, Glasfasernetz. Schlie\u00dflich wurden die Schl\u00fcsselgruppen mit ihren Benutzergruppen verkn\u00fcpft. Auf diese Weise wurde ein maximaler \u00dcberblick \u00fcber die Berechtigungsgruppen erreicht und jeder eindeutige Benutzer sieht lediglich die Schl\u00fcssel, auf die er beim Anmelden am Schl\u00fcsselschrank zugreifen kann.<\/p>\n<p>&nbsp;<\/p>\n<h4>Nutzung der Kundenschl\u00fcssel<\/h4>\n<p>Tran\u00e5s Energi kann seinen Kunden nunmehr voller Stolz eine L\u00f6sung pr\u00e4sentieren, bei der alle Schl\u00fcssel korrekt verwaltet werden.\u00a0Tran\u00e5s Energi nutzt die KeyBox 9600 SC zusammen mit der Software KeyWin5.<\/p>\n                            <\/div>\n        <\/div>\n    <\/section>\n    <style>\n        .top-border {\n            border-top: 2px solid rgba(211, 211, 211, 0.5);\n            margin-bottom: 30px;\n        }\n    <\/style>\n\n\n        <div class=\"container-fluid bread-border\">\n            <div class=\"container\">\n                <div class=\"row\">\n                    <div class=\"col-12\">\n                                            <\/div>\n                <\/div>\n            <\/div>\n        <\/div>\n        <section class=\"full-width-form  \">\n        <div class=\"container d-flex flex-wrap\">\n            <div class=\"content\">\n                                    <h2 class=\"fade-in\">Buchen Sie eine Vorf\u00fchrung mit unseren Verk\u00e4ufern <\/h2>\n                                                    <p class=\"fade-in\">Erfahren Sie noch heute, wie Sie Ihre Schl\u00fcssel auf bestm\u00f6gliche Art und Weise verwalten und Sachen aufbewahren k\u00f6nnen.  <\/p>\n                                                    <img decoding=\"async\" src=\"https:\/\/www.creone.com\/wp-content\/uploads\/2020\/04\/KeyWin6screens_box_SE_outline-4-900x450.png\" alt=\"\" srcset=\"https:\/\/www.creone.com\/wp-content\/uploads\/2020\/04\/KeyWin6screens_box_SE_outline-4-900x450.png 1x, https:\/\/www.creone.com\/wp-content\/uploads\/2020\/04\/KeyWin6screens_box_SE_outline-4-1750x900.png 2x\" class=\"fade-in-up\">\n                            <\/div>\n\n            <div class=\"hubspot-form-container fade-in-left\">\n                                                    <script charset=\"utf-8\" type=\"text\/javascript\" src=\"\/\/js.hsforms.net\/forms\/shell.js\"><\/script> <script>   hbspt.forms.create({ \tportalId: \"6969693\", \tformId: \"1dce4ef6-ab6d-4210-bc2e-6762ad907fbf\" }); <\/script>                            <\/div>\n\n                    <\/div>\n    <\/section>\n\n\n\n\n<section class=\"cards-with-tab-nav container\">\n\n\t\t\t<h2 class=\"text-center text-blue\">Schl\u00fcsselverwaltungssystem ausw\u00e4hlen<\/h2>\n\t\n\t\t\t\n\t\t\t<div class=\"tabnav\">\n\t\t\t\t<ul>\n\t\t\t\t\t\t\t\t\t\t\t\t\t\t\t\t\t\t<li class=\"tab-item\" data-tab-content=schl\u00fcsselschrank><span>Schl\u00fcsselschrank<\/span><\/li>\n\t\t\t\t\t\t\t\t\t\t\t\t\t\t\t\t\t\t\t\t\t\t\t\t<li class=\"tab-item\" data-tab-content=schl\u00fcsselleisten><span>Schl\u00fcsselleisten<\/span><\/li>\n\t\t\t\t\t\t\t\t\t\t\t\t\t\t\t<\/ul>\n\t\t\t<\/div>\n\t\t\n\t\t\t\t\t<div class=\"tab-content card-section\" data-tab-content=\"schl\u00fcsselschrank\">\n\t\t\t\t\t\t\t\t\t<div class=\"card\">\n\t\t\t\t\t\t\t\t\t\t\t\t\t\t\t\t\t\t\t\t<img decoding=\"async\" class=\"card-img-top \" src=\"https:\/\/www.creone.com\/wp-content\/uploads\/2020\/03\/9700Keycontrol-open3-480x260.jpg\" alt=\"Der intelligente Schl\u00fcsselschrank 9600SC der Serie KeyBox wird f\u00fcr die Schl\u00fcsselverwaltung verwendet\">\n\t\t\t\t\t\t\n\t\t\t\t\t\t<div class=\"card-body text-align-left \">\n\t\t\t\t\t\t\t\t\t\t\t\t\t\t\t<img decoding=\"async\" src=\"https:\/\/www.creone.com\/wp-content\/uploads\/2020\/03\/keybox-logotyp.png\" alt=\"KeyBox-Logo f\u00fcr Schl\u00fcsselaufbewahrung\">\n\t\t\t\t\t\t\t\n\t\t\t\t\t\t\t\t\t\t\t\t\t\t\t<span class=\"text-primary\">Die Keycontrol-Serie<\/span>\n\t\t\t\t\t\t\t\n\t\t\t\t\t\t\t\n\t\t\t\t\t\t\t\t\t\t\t\t\t\t\t<p class=\"text-primary\">Das intelligente System mit elektronischer Schl\u00fcsselidentifikation. <\/p>\n\t\t\t\t\t\t\t\n\t\t\t\t\t\t\t\t\t\t\t\t\t\t\t\t\t\t\t\t\t\t\t<a href=\"\/de\/produkte\/keybox\/keycontrol\/\" class=\"button btn-link with-arrow\" target=\"\">\n\t\t\t\t\t\t\t\t\tErkunden\t\t\t\t\t\t\t\t<\/a>\n\t\t\t\t\t\t\t\n\t\t\t\t\t\t<\/div>\n\t\t\t\t\t<\/div>\n\t\t\t\t\t\t\t\t\t<div class=\"card\">\n\t\t\t\t\t\t\t\t\t\t\t\t\t\t\t\t\t\t\t\t<img decoding=\"async\" class=\"card-img-top \" src=\"https:\/\/www.creone.com\/wp-content\/uploads\/2020\/03\/9001System-zoomed-480x260.jpg\" alt=\"KeyBox Schl\u00fcsselausgabeschrank System f\u00fcr die Schl\u00fcsselverwaltung\">\n\t\t\t\t\t\t\n\t\t\t\t\t\t<div class=\"card-body text-align-left \">\n\t\t\t\t\t\t\t\t\t\t\t\t\t\t\t<img decoding=\"async\" src=\"https:\/\/www.creone.com\/wp-content\/uploads\/2020\/03\/keybox-logotyp.png\" alt=\"KeyBox-Logo f\u00fcr Schl\u00fcsselaufbewahrung\">\n\t\t\t\t\t\t\t\n\t\t\t\t\t\t\t\t\t\t\t\t\t\t\t<span class=\"text-primary\">Die Serie System<\/span>\n\t\t\t\t\t\t\t\n\t\t\t\t\t\t\t\n\t\t\t\t\t\t\t\t\t\t\t\t\t\t\t<p class=\"text-primary\">Speichert alle Ereignisse f\u00fcr die elektronische Schl\u00fcsselausgabe.<\/p>\n\t\t\t\t\t\t\t\n\t\t\t\t\t\t\t\t\t\t\t\t\t\t\t\t\t\t\t\t\t\t\t<a href=\"\/de\/produkte\/keybox\/system\/\" class=\"button btn-link with-arrow\" target=\"\">\n\t\t\t\t\t\t\t\t\tErkunden\t\t\t\t\t\t\t\t<\/a>\n\t\t\t\t\t\t\t\n\t\t\t\t\t\t<\/div>\n\t\t\t\t\t<\/div>\n\t\t\t\t\t\t\t\t\t<div class=\"card\">\n\t\t\t\t\t\t\t\t\t\t\t\t\t\t\t\t\t\t\t\t<img decoding=\"async\" class=\"card-img-top \" src=\"https:\/\/www.creone.com\/wp-content\/uploads\/2020\/03\/9001Baisc-zoomed-480x260.jpg\" alt=\"KeyBox Schl\u00fcsselausgabeschrank Basic f\u00fcr die Schl\u00fcsselverwaltung\">\n\t\t\t\t\t\t\n\t\t\t\t\t\t<div class=\"card-body text-align-left \">\n\t\t\t\t\t\t\t\t\t\t\t\t\t\t\t<img decoding=\"async\" src=\"https:\/\/www.creone.com\/wp-content\/uploads\/2020\/03\/keybox-logotyp.png\" alt=\"KeyBox-Logo f\u00fcr Schl\u00fcsselaufbewahrung\">\n\t\t\t\t\t\t\t\n\t\t\t\t\t\t\t\t\t\t\t\t\t\t\t<span class=\"text-primary\">Die Serie Basic<\/span>\n\t\t\t\t\t\t\t\n\t\t\t\t\t\t\t\n\t\t\t\t\t\t\t\t\t\t\t\t\t\t\t<p class=\"text-primary\">Die einfachste L\u00f6sung f\u00fcr die elektronische Schl\u00fcsselausgabe.<\/p>\n\t\t\t\t\t\t\t\n\t\t\t\t\t\t\t\t\t\t\t\t\t\t\t\t\t\t\t\t\t\t\t<a href=\"\/de\/produkte\/keybox\/basic\/\" class=\"button btn-link with-arrow\" target=\"\">\n\t\t\t\t\t\t\t\t\tErkunden\t\t\t\t\t\t\t\t<\/a>\n\t\t\t\t\t\t\t\n\t\t\t\t\t\t<\/div>\n\t\t\t\t\t<\/div>\n\t\t\t\t\t\t\t<\/div>\n\t\t\t\t\t<div class=\"tab-content card-section\" data-tab-content=\"schl\u00fcsselleisten\">\n\t\t\t\t\t\t\t\t\t<div class=\"single-card\">\n\t\t\t\t\t\t\t\t\t\t\t\t\t\t\t\t\t\t\t\t<img decoding=\"async\" class=\"card-img-top \" src=\"https:\/\/www.creone.com\/wp-content\/uploads\/2020\/08\/keyrack_rfid_env.jpg\" alt=\"45 stycken intelligenta nyckelister med kontrollbox monterade p\u00e5 v\u00e4gg och nyckelsk\u00e5p f\u00f6r en unik nyckelhantering. \">\n\t\t\t\t\t\t\n\t\t\t\t\t\t<div class=\"card-body text-align-left \">\n\t\t\t\t\t\t\t\t\t\t\t\t\t\t\t<img decoding=\"async\" src=\"https:\/\/www.creone.com\/wp-content\/uploads\/2020\/03\/keyrack-logotyp.png\" alt=\"KeyRack-Logo f\u00fcr Schl\u00fcsselverwaltung\">\n\t\t\t\t\t\t\t\n\t\t\t\t\t\t\t\n\t\t\t\t\t\t\t\t\t\t\t\t\t\t\t<h3 class=\"text-blue\">Zug\u00e4ngliche und flexible Schl\u00fcsselverwaltung<\/h3>\n\t\t\t\t\t\t\t\n\t\t\t\t\t\t\t\t\t\t\t\t\t\t\t<p class=\"text-primary\">Verbinden Sie Ihre Schl\u00fcssel mit IntelliPin-Schl\u00fcsseltranspondern und h\u00e4ngen Sie die Schl\u00fcssel in die verriegelbaren bzw. nicht verriegelbaren Schl\u00fcsselleisten des KeyRack-Systems an die Wand oder in einen Schrank. Ein umfassender \u00dcberblick und eine vollst\u00e4ndige Kontrolle des Schl\u00fcsselbestands k\u00f6nnen nicht einfacher sein<\/p>\n\t\t\t\t\t\t\t\n\t\t\t\t\t\t\t\t\t\t\t\t\t\t\t\t\t\t\t\t\t\t\t<a href=\"\/de\/produkte\/keyrack\/\" class=\"button btn-link with-arrow\" target=\"\">\n\t\t\t\t\t\t\t\t\tErkunden\t\t\t\t\t\t\t\t<\/a>\n\t\t\t\t\t\t\t\n\t\t\t\t\t\t<\/div>\n\t\t\t\t\t<\/div>\n\t\t\t\t\t\t\t<\/div>\n\t\t\t\n<\/section>\n\n\n\n            <section class=\"row-with-separator container\">\n                            <div class=\"content\">\n                    <h3>Buchen Sie eine Vorf\u00fchrung<\/h3>\n                    <p>\n                        Lassen Sie uns Ihnen noch heute zeigen, wie Sie Ihre Schl\u00fcssel und Wertsachen optimal aufbewahren k\u00f6nnen.                     <\/p>\n                    <a class=\"button btn-link with-arrow\" href=\"\/de\/vorfuehrung\/\" target=>Buchen Sie jetzt<\/a>\n                <\/div>\n                            <div class=\"content\">\n                    <h3>Finden Sie Ihren Fachh\u00e4ndler<\/h3>\n                    <p>\n                        Suchen Sie in der Karte oder in der Suchleiste einen Fachh\u00e4ndler. Unabh\u00e4ngig davon, ob Sie bereits \u00fcber ein System verf\u00fcgen oder eine neue L\u00f6sung suchen &#8211; wir helfen Ihnen.                     <\/p>\n                    <a class=\"button btn-link with-arrow\" href=\"\/de\/fachhaendler-finden\/\" target=>Jetzt finden<\/a>\n                <\/div>\n                    <\/section>\n    ","protected":false},"excerpt":{"rendered":"<p>Tran\u00e5s Energi Tran\u00e5s Energi verwaltet die Schl\u00fcssel seiner Kunden korrekt Tran\u00e5s Energi verkauft Strom aus erneuerbaren Energiequellen in Schweden, liefert erneuerbare Fernw\u00e4rme und unterh\u00e4lt ein Stromnetz sowie ein Glasfasernetz in der Kommune Tran\u00e5s. Tran\u00e5s Energi erachtet einen hohen Servicegrad f\u00fcr seine Kunden als entscheidenden Faktor \u2013 dazu z\u00e4hlt auch ein sicherer und verantwortungsbewusster Umgang mit [&hellip;]<\/p>\n","protected":false},"author":2,"featured_media":0,"parent":6575,"menu_order":0,"comment_status":"closed","ping_status":"closed","template":"page-without-container.php","meta":{"_acf_changed":false,"content-type":"","footnotes":""},"class_list":["post-7133","page","type-page","status-publish","hentry"],"acf":[],"yoast_head":"<!-- This site is optimized with the Yoast SEO plugin v26.7 - https:\/\/yoast.com\/wordpress\/plugins\/seo\/ -->\n<title>Verantwortungsvolle Schl\u00fcsselverwaltung | Tran\u00e5s Energi | Creone<\/title>\n<meta name=\"description\" content=\"Bei Tran\u00e5s Energi findet ein verantwortungsbewusster Umgang mit den Schl\u00fcsseln der Kunden statt. Dabei wird unser Schl\u00fcsselverwaltung eingesetzt.\" \/>\n<meta name=\"robots\" content=\"index, follow, max-snippet:-1, max-image-preview:large, max-video-preview:-1\" \/>\n<link rel=\"canonical\" href=\"https:\/\/www.creone.com\/de\/branchenloesungen\/tranas-energi\/\" \/>\n<meta property=\"og:locale\" content=\"de_DE\" \/>\n<meta property=\"og:type\" content=\"article\" \/>\n<meta property=\"og:title\" content=\"Verantwortungsvolle Schl\u00fcsselverwaltung | Tran\u00e5s Energi | Creone\" \/>\n<meta property=\"og:description\" content=\"Bei Tran\u00e5s Energi findet ein verantwortungsbewusster Umgang mit den Schl\u00fcsseln der Kunden statt. Dabei wird unser Schl\u00fcsselverwaltung eingesetzt.\" \/>\n<meta property=\"og:url\" content=\"https:\/\/www.creone.com\/de\/branchenloesungen\/tranas-energi\/\" \/>\n<meta property=\"og:site_name\" content=\"Creone\" \/>\n<meta property=\"article:modified_time\" content=\"2021-02-03T09:02:04+00:00\" \/>\n<meta name=\"twitter:card\" content=\"summary_large_image\" \/>\n<script type=\"application\/ld+json\" class=\"yoast-schema-graph\">{\"@context\":\"https:\/\/schema.org\",\"@graph\":[{\"@type\":\"WebPage\",\"@id\":\"https:\/\/www.creone.com\/de\/branchenloesungen\/tranas-energi\/\",\"url\":\"https:\/\/www.creone.com\/de\/branchenloesungen\/tranas-energi\/\",\"name\":\"Verantwortungsvolle Schl\u00fcsselverwaltung | Tran\u00e5s Energi | Creone\",\"isPartOf\":{\"@id\":\"https:\/\/www.creone.com\/de\/#website\"},\"datePublished\":\"2020-07-20T11:13:39+00:00\",\"dateModified\":\"2021-02-03T09:02:04+00:00\",\"description\":\"Bei Tran\u00e5s Energi findet ein verantwortungsbewusster Umgang mit den Schl\u00fcsseln der Kunden statt. Dabei wird unser Schl\u00fcsselverwaltung eingesetzt.\",\"breadcrumb\":{\"@id\":\"https:\/\/www.creone.com\/de\/branchenloesungen\/tranas-energi\/#breadcrumb\"},\"inLanguage\":\"de\",\"potentialAction\":[{\"@type\":\"ReadAction\",\"target\":[\"https:\/\/www.creone.com\/de\/branchenloesungen\/tranas-energi\/\"]}]},{\"@type\":\"BreadcrumbList\",\"@id\":\"https:\/\/www.creone.com\/de\/branchenloesungen\/tranas-energi\/#breadcrumb\",\"itemListElement\":[{\"@type\":\"ListItem\",\"position\":1,\"name\":\"Home\",\"item\":\"https:\/\/www.creone.com\/de\/\"},{\"@type\":\"ListItem\",\"position\":2,\"name\":\"Branchenl\u00f6sungen\",\"item\":\"https:\/\/www.creone.com\/de\/branchenloesungen\/\"},{\"@type\":\"ListItem\",\"position\":3,\"name\":\"Tran\u00e5s Energi\"}]},{\"@type\":\"WebSite\",\"@id\":\"https:\/\/www.creone.com\/de\/#website\",\"url\":\"https:\/\/www.creone.com\/de\/\",\"name\":\"Creone\",\"description\":\"En till WordPress-webbplats\",\"potentialAction\":[{\"@type\":\"SearchAction\",\"target\":{\"@type\":\"EntryPoint\",\"urlTemplate\":\"https:\/\/www.creone.com\/de\/?s={search_term_string}\"},\"query-input\":{\"@type\":\"PropertyValueSpecification\",\"valueRequired\":true,\"valueName\":\"search_term_string\"}}],\"inLanguage\":\"de\"}]}<\/script>\n<!-- \/ Yoast SEO plugin. -->","yoast_head_json":{"title":"Verantwortungsvolle Schl\u00fcsselverwaltung | Tran\u00e5s Energi | Creone","description":"Bei Tran\u00e5s Energi findet ein verantwortungsbewusster Umgang mit den Schl\u00fcsseln der Kunden statt. Dabei wird unser Schl\u00fcsselverwaltung eingesetzt.","robots":{"index":"index","follow":"follow","max-snippet":"max-snippet:-1","max-image-preview":"max-image-preview:large","max-video-preview":"max-video-preview:-1"},"canonical":"https:\/\/www.creone.com\/de\/branchenloesungen\/tranas-energi\/","og_locale":"de_DE","og_type":"article","og_title":"Verantwortungsvolle Schl\u00fcsselverwaltung | Tran\u00e5s Energi | Creone","og_description":"Bei Tran\u00e5s Energi findet ein verantwortungsbewusster Umgang mit den Schl\u00fcsseln der Kunden statt. Dabei wird unser Schl\u00fcsselverwaltung eingesetzt.","og_url":"https:\/\/www.creone.com\/de\/branchenloesungen\/tranas-energi\/","og_site_name":"Creone","article_modified_time":"2021-02-03T09:02:04+00:00","twitter_card":"summary_large_image","schema":{"@context":"https:\/\/schema.org","@graph":[{"@type":"WebPage","@id":"https:\/\/www.creone.com\/de\/branchenloesungen\/tranas-energi\/","url":"https:\/\/www.creone.com\/de\/branchenloesungen\/tranas-energi\/","name":"Verantwortungsvolle Schl\u00fcsselverwaltung | Tran\u00e5s Energi | Creone","isPartOf":{"@id":"https:\/\/www.creone.com\/de\/#website"},"datePublished":"2020-07-20T11:13:39+00:00","dateModified":"2021-02-03T09:02:04+00:00","description":"Bei Tran\u00e5s Energi findet ein verantwortungsbewusster Umgang mit den Schl\u00fcsseln der Kunden statt. Dabei wird unser Schl\u00fcsselverwaltung eingesetzt.","breadcrumb":{"@id":"https:\/\/www.creone.com\/de\/branchenloesungen\/tranas-energi\/#breadcrumb"},"inLanguage":"de","potentialAction":[{"@type":"ReadAction","target":["https:\/\/www.creone.com\/de\/branchenloesungen\/tranas-energi\/"]}]},{"@type":"BreadcrumbList","@id":"https:\/\/www.creone.com\/de\/branchenloesungen\/tranas-energi\/#breadcrumb","itemListElement":[{"@type":"ListItem","position":1,"name":"Home","item":"https:\/\/www.creone.com\/de\/"},{"@type":"ListItem","position":2,"name":"Branchenl\u00f6sungen","item":"https:\/\/www.creone.com\/de\/branchenloesungen\/"},{"@type":"ListItem","position":3,"name":"Tran\u00e5s Energi"}]},{"@type":"WebSite","@id":"https:\/\/www.creone.com\/de\/#website","url":"https:\/\/www.creone.com\/de\/","name":"Creone","description":"En till WordPress-webbplats","potentialAction":[{"@type":"SearchAction","target":{"@type":"EntryPoint","urlTemplate":"https:\/\/www.creone.com\/de\/?s={search_term_string}"},"query-input":{"@type":"PropertyValueSpecification","valueRequired":true,"valueName":"search_term_string"}}],"inLanguage":"de"}]}},"_links":{"self":[{"href":"https:\/\/www.creone.com\/de\/wp-json\/wp\/v2\/pages\/7133","targetHints":{"allow":["GET"]}}],"collection":[{"href":"https:\/\/www.creone.com\/de\/wp-json\/wp\/v2\/pages"}],"about":[{"href":"https:\/\/www.creone.com\/de\/wp-json\/wp\/v2\/types\/page"}],"author":[{"embeddable":true,"href":"https:\/\/www.creone.com\/de\/wp-json\/wp\/v2\/users\/2"}],"replies":[{"embeddable":true,"href":"https:\/\/www.creone.com\/de\/wp-json\/wp\/v2\/comments?post=7133"}],"version-history":[{"count":10,"href":"https:\/\/www.creone.com\/de\/wp-json\/wp\/v2\/pages\/7133\/revisions"}],"predecessor-version":[{"id":13759,"href":"https:\/\/www.creone.com\/de\/wp-json\/wp\/v2\/pages\/7133\/revisions\/13759"}],"up":[{"embeddable":true,"href":"https:\/\/www.creone.com\/de\/wp-json\/wp\/v2\/pages\/6575"}],"wp:attachment":[{"href":"https:\/\/www.creone.com\/de\/wp-json\/wp\/v2\/media?parent=7133"}],"curies":[{"name":"wp","href":"https:\/\/api.w.org\/{rel}","templated":true}]}}