{"id":7102,"date":"2020-07-20T12:58:47","date_gmt":"2020-07-20T10:58:47","guid":{"rendered":"https:\/\/www.creone.com\/?page_id=7102"},"modified":"2021-04-14T12:06:03","modified_gmt":"2021-04-14T10:06:03","slug":"skobes-bil","status":"publish","type":"page","link":"https:\/\/www.creone.com\/de\/branchenloesungen\/skobes-bil\/","title":{"rendered":"Skobes Bil"},"content":{"rendered":"\n    <style>\n        #header-image {\n            background-image: url(https:\/\/www.creone.com\/wp-content\/uploads\/2020\/04\/dji_0081-scaled.jpg);\n        }\n\n        @media (-webkit-min-device-pixel-ratio: 2),\n        (min-resolution: 192dpi) {\n            #header-image {\n                background-image: url(https:\/\/www.creone.com\/wp-content\/uploads\/2020\/04\/dji_0081-scaled.jpg);\n            }\n        }\n    <\/style>\n\n    <section\n        class=\"full-width-header-image \"\n        id=\"header-image\"\n        style=\"background-position: center\"><\/section>\n\n                    <div class=\"container-fluid bread-border\">\n            <div class=\"container\">\n                <div class=\"row\">\n                    <div class=\"col-12\">\n                        <p id=\"breadcrumbs\"><span><span><a href=\"https:\/\/www.creone.com\/de\/\">Home<\/a><\/span><\/span><\/p>                    <\/div>\n                <\/div>\n            <\/div>\n        <\/div>\n        <style>\n            .full-width-header-image {\n                margin-bottom: 0rem !important;\n            }\n\n            .bread-border {\n                margin-bottom: 6rem;\n            }\n        <\/style>\n\n\n\n<h6 class=\"headline tight-container wp-block-heading\">Skobes Bil<\/h6>\n\n\n\n<h1 class=\"tight-container wp-block-heading\">Praktisch und sicher bei Skobes Bil in Tran\u00e5s<\/h1>\n\n\n\n<p class=\"tight-container\">Skobes Bil im schwedischen Tran\u00e5s muss t\u00e4glich Schl\u00fcssel f\u00fcr Neufahrzeuge, Gebrauchtwagen und Autos verwalten, f\u00fcr die ein Service ausgef\u00fchrt wird. Insgesamt sind rund 200 Schl\u00fcssel im Umlauf. Mit einem Schl\u00fcsselschrank der Serie KeyBox wurde eine sichere Aufbewahrungsl\u00f6sung f\u00fcr die eigenen Schl\u00fcssel sowie die Schl\u00fcssel der Kunden gefunden.<\/p>\n\n\n\n    <section class=\"reference-content container\">\n        <div class=\"d-flex flex-wrap-reverse\">\n            <div class=\"sidebar\">\n                                    <div class=\"image mb-4\">\n                        <img decoding=\"async\"\n                            src=\"https:\/\/www.creone.com\/wp-content\/uploads\/2020\/04\/skobes-logo.jpg\"\n                            srcset=\"https:\/\/www.creone.com\/wp-content\/uploads\/2020\/04\/skobes-logo.jpg 1x, https:\/\/www.creone.com\/wp-content\/uploads\/2020\/04\/skobes-logo.jpg 2x\"\n                            class=\"\" \/>\n                    <\/div>\n                                                    <div class=\"title head-font\">Skobes Bil<\/div>\n                \n                                    <p>Skobes ist ein im Jahr 1886 gegr\u00fcndetes Familienunternehmen in Tran\u00e5s und verkauft seit 1920 Autos. Heute sind Sie mit 11 Standorten in ganz Schweden vertreten<\/p>\n                                <div class=\"mt-5\">\n                                    <\/div>\n            <\/div>\n            <div class=\"content\">\n                                    <h4>Schl\u00fcssel in Fahrzeugen<\/h4>\n<p>\u201eVor sehr langer Zeit steckten die Schl\u00fcssel in den Autos, sagt Niklas Johansson, Gesch\u00e4ftsf\u00fchrer von Skobes in Tran\u00e5s. Dann wurden die Schl\u00fcssel der Werkstatt in Plastikmappen gelegt, und die Schl\u00fcssel der zum Verkauf stehenden Autos werden von den Verk\u00e4ufern in ihren B\u00fcros aufbewahrt. Keine L\u00f6sung hat sich als wirklich gut und sicher erwiesen.<\/p>\n<p>&nbsp;<\/p>\n<h4>Sicher und gesch\u00fctzt mit KeyBox<\/h4>\n<p>Seit einigen Jahren verwendet man KeyBox. Mittlerweile gibt es ein gutes System f\u00fcr die Schl\u00fcsselverwaltung. Heute befinden sich einige Schl\u00fcsselschr\u00e4nke in der Werkstatt und einige drau\u00dfen im Ausstellungsraum. Alle Mitarbeiter haben ihren eigenen Code und es ist eine umfassende Kontrolle \u00fcber alle Schl\u00fcssel gegeben.<\/p>\n<p>\u201eWir sind sehr gl\u00fccklich\u201c, sagt Niklas, der vor Kurzem zus\u00e4tzlich zu seinen bisherigen Schl\u00fcsselschr\u00e4nken noch einige weitere gekauft hat. Schr\u00e4nke der Reihe KeyBox sind stabil und betriebssicher. Die Qualit\u00e4t der Schl\u00fcsselschr\u00e4nke ist deutlich merkbar, und wir haben ein gutes Schl\u00fcsselverwaltungssystem. Damit f\u00fchlen wir uns sicher.<\/p>\n                            <\/div>\n        <\/div>\n    <\/section>\n    <style>\n        .top-border {\n            border-top: 2px solid rgba(211, 211, 211, 0.5);\n            margin-bottom: 30px;\n        }\n    <\/style>\n\n\n        <div class=\"container-fluid bread-border\">\n            <div class=\"container\">\n                <div class=\"row\">\n                    <div class=\"col-12\">\n                                            <\/div>\n                <\/div>\n            <\/div>\n        <\/div>\n        <section class=\"full-width-form  \">\n        <div class=\"container d-flex flex-wrap\">\n            <div class=\"content\">\n                                    <h2 class=\"fade-in\">Buchen Sie eine Vorf\u00fchrung mit unseren Verk\u00e4ufern <\/h2>\n                                                    <p class=\"fade-in\">Erfahren Sie noch heute, wie Sie Ihre Schl\u00fcssel auf bestm\u00f6gliche Art und Weise verwalten und Sachen aufbewahren k\u00f6nnen.  <\/p>\n                                                    <img decoding=\"async\" src=\"https:\/\/www.creone.com\/wp-content\/uploads\/2020\/04\/KeyWin6screens_box_SE_outline-4-900x450.png\" alt=\"\" srcset=\"https:\/\/www.creone.com\/wp-content\/uploads\/2020\/04\/KeyWin6screens_box_SE_outline-4-900x450.png 1x, https:\/\/www.creone.com\/wp-content\/uploads\/2020\/04\/KeyWin6screens_box_SE_outline-4-1750x900.png 2x\" class=\"fade-in-up\">\n                            <\/div>\n\n            <div class=\"hubspot-form-container fade-in-left\">\n                                                    <script charset=\"utf-8\" type=\"text\/javascript\" src=\"\/\/js.hsforms.net\/forms\/shell.js\"><\/script> <script>   hbspt.forms.create({ \tportalId: \"6969693\", \tformId: \"1dce4ef6-ab6d-4210-bc2e-6762ad907fbf\" }); <\/script>                            <\/div>\n\n                    <\/div>\n    <\/section>\n\n\n\n\n<section class=\"cards-with-tab-nav container\">\n\n\t\t\t<h2 class=\"text-center text-blue\">Ihr flexibles Schl\u00fcsselverwaltungssystem<\/h2>\n\t\n\t\t\t\n\t\t\t<div class=\"tabnav\">\n\t\t\t\t<ul>\n\t\t\t\t\t\t\t\t\t\t\t\t\t\t\t\t\t\t<li class=\"tab-item\" data-tab-content=schl\u00fcsselschrank><span>Schl\u00fcsselschrank<\/span><\/li>\n\t\t\t\t\t\t\t\t\t\t\t\t\t\t\t\t\t\t\t\t\t\t\t\t<li class=\"tab-item\" data-tab-content=schl\u00fcsselleisten><span>Schl\u00fcsselleisten<\/span><\/li>\n\t\t\t\t\t\t\t\t\t\t\t\t\t\t\t<\/ul>\n\t\t\t<\/div>\n\t\t\n\t\t\t\t\t<div class=\"tab-content card-section\" data-tab-content=\"schl\u00fcsselschrank\">\n\t\t\t\t\t\t\t\t\t<div class=\"card\">\n\t\t\t\t\t\t\t\t\t\t\t\t\t\t\t\t\t\t\t\t<img decoding=\"async\" class=\"card-img-top \" src=\"https:\/\/www.creone.com\/wp-content\/uploads\/2020\/03\/9700Keycontrol-open3-480x260.jpg\" alt=\"Der intelligente Schl\u00fcsselschrank 9600SC der Serie KeyBox wird f\u00fcr die Schl\u00fcsselverwaltung verwendet\">\n\t\t\t\t\t\t\n\t\t\t\t\t\t<div class=\"card-body text-align-left \">\n\t\t\t\t\t\t\t\t\t\t\t\t\t\t\t<img decoding=\"async\" src=\"https:\/\/www.creone.com\/wp-content\/uploads\/2020\/03\/keybox-logotyp.png\" alt=\"KeyBox-Logo f\u00fcr Schl\u00fcsselaufbewahrung\">\n\t\t\t\t\t\t\t\n\t\t\t\t\t\t\t\t\t\t\t\t\t\t\t<span class=\"text-primary\">Die Keycontrol-Serie<\/span>\n\t\t\t\t\t\t\t\n\t\t\t\t\t\t\t\n\t\t\t\t\t\t\t\t\t\t\t\t\t\t\t<p class=\"text-primary\">Das intelligente System mit elektronischer Schl\u00fcsselidentifikation. <\/p>\n\t\t\t\t\t\t\t\n\t\t\t\t\t\t\t\t\t\t\t\t\t\t\t\t\t\t\t\t\t\t\t<a href=\"\/de\/produkte\/keybox\/keycontrol\/\" class=\"button btn-link with-arrow\" target=\"\">\n\t\t\t\t\t\t\t\t\tErkunden\t\t\t\t\t\t\t\t<\/a>\n\t\t\t\t\t\t\t\n\t\t\t\t\t\t<\/div>\n\t\t\t\t\t<\/div>\n\t\t\t\t\t\t\t\t\t<div class=\"card\">\n\t\t\t\t\t\t\t\t\t\t\t\t\t\t\t\t\t\t\t\t<img decoding=\"async\" class=\"card-img-top \" src=\"https:\/\/www.creone.com\/wp-content\/uploads\/2020\/03\/9001System-zoomed-480x260.jpg\" alt=\"KeyBox Schl\u00fcsselausgabeschrank System f\u00fcr die Schl\u00fcsselverwaltung\">\n\t\t\t\t\t\t\n\t\t\t\t\t\t<div class=\"card-body text-align-left \">\n\t\t\t\t\t\t\t\t\t\t\t\t\t\t\t<img decoding=\"async\" src=\"https:\/\/www.creone.com\/wp-content\/uploads\/2020\/03\/keybox-logotyp.png\" alt=\"KeyBox-Logo f\u00fcr Schl\u00fcsselaufbewahrung\">\n\t\t\t\t\t\t\t\n\t\t\t\t\t\t\t\t\t\t\t\t\t\t\t<span class=\"text-primary\">Die Serie System<\/span>\n\t\t\t\t\t\t\t\n\t\t\t\t\t\t\t\n\t\t\t\t\t\t\t\t\t\t\t\t\t\t\t<p class=\"text-primary\">Speichert alle Ereignisse f\u00fcr die elektronische Schl\u00fcsselausgabe.<\/p>\n\t\t\t\t\t\t\t\n\t\t\t\t\t\t\t\t\t\t\t\t\t\t\t\t\t\t\t\t\t\t\t<a href=\"\/de\/produkte\/keybox\/system\/\" class=\"button btn-link with-arrow\" target=\"\">\n\t\t\t\t\t\t\t\t\tErkunden\t\t\t\t\t\t\t\t<\/a>\n\t\t\t\t\t\t\t\n\t\t\t\t\t\t<\/div>\n\t\t\t\t\t<\/div>\n\t\t\t\t\t\t\t\t\t<div class=\"card\">\n\t\t\t\t\t\t\t\t\t\t\t\t\t\t\t\t\t\t\t\t<img decoding=\"async\" class=\"card-img-top \" src=\"https:\/\/www.creone.com\/wp-content\/uploads\/2020\/03\/9001Baisc-zoomed-480x260.jpg\" alt=\"KeyBox Schl\u00fcsselausgabeschrank Basic f\u00fcr die Schl\u00fcsselverwaltung\">\n\t\t\t\t\t\t\n\t\t\t\t\t\t<div class=\"card-body text-align-left \">\n\t\t\t\t\t\t\t\t\t\t\t\t\t\t\t<img decoding=\"async\" src=\"https:\/\/www.creone.com\/wp-content\/uploads\/2020\/03\/keybox-logotyp.png\" alt=\"KeyBox-Logo f\u00fcr Schl\u00fcsselaufbewahrung\">\n\t\t\t\t\t\t\t\n\t\t\t\t\t\t\t\t\t\t\t\t\t\t\t<span class=\"text-primary\">Die Serie Basic<\/span>\n\t\t\t\t\t\t\t\n\t\t\t\t\t\t\t\n\t\t\t\t\t\t\t\t\t\t\t\t\t\t\t<p class=\"text-primary\">Die einfachste L\u00f6sung f\u00fcr die elektronische Schl\u00fcsselausgabe.<\/p>\n\t\t\t\t\t\t\t\n\t\t\t\t\t\t\t\t\t\t\t\t\t\t\t\t\t\t\t\t\t\t\t<a href=\"\/de\/produkte\/keybox\/basic\/\" class=\"button btn-link with-arrow\" target=\"\">\n\t\t\t\t\t\t\t\t\tErkunden\t\t\t\t\t\t\t\t<\/a>\n\t\t\t\t\t\t\t\n\t\t\t\t\t\t<\/div>\n\t\t\t\t\t<\/div>\n\t\t\t\t\t\t\t<\/div>\n\t\t\t\t\t<div class=\"tab-content card-section\" data-tab-content=\"schl\u00fcsselleisten\">\n\t\t\t\t\t\t\t\t\t<div class=\"single-card\">\n\t\t\t\t\t\t\t\t\t\t\t\t\t\t\t\t\t\t\t\t<img decoding=\"async\" class=\"card-img-top \" src=\"https:\/\/www.creone.com\/wp-content\/uploads\/2020\/08\/keyrack_rfid_env.jpg\" alt=\"45 stycken intelligenta nyckelister med kontrollbox monterade p\u00e5 v\u00e4gg och nyckelsk\u00e5p f\u00f6r en unik nyckelhantering. \">\n\t\t\t\t\t\t\n\t\t\t\t\t\t<div class=\"card-body text-align-left \">\n\t\t\t\t\t\t\t\t\t\t\t\t\t\t\t<img decoding=\"async\" src=\"https:\/\/www.creone.com\/wp-content\/uploads\/2020\/03\/keyrack-logotyp.png\" alt=\"KeyRack-Logo f\u00fcr Schl\u00fcsselverwaltung\">\n\t\t\t\t\t\t\t\n\t\t\t\t\t\t\t\n\t\t\t\t\t\t\t\t\t\t\t\t\t\t\t<h3 class=\"text-blue\">Zug\u00e4ngliche und flexible Schl\u00fcsselverwaltung<\/h3>\n\t\t\t\t\t\t\t\n\t\t\t\t\t\t\t\t\t\t\t\t\t\t\t<p class=\"text-primary\">Verbinden Sie Ihre Schl\u00fcssel mit IntelliPin-Schl\u00fcsseltranspondern und h\u00e4ngen Sie die Schl\u00fcssel in die verriegelbaren bzw. nicht verriegelbaren Schl\u00fcsselleisten des KeyRack-Systems an die Wand oder in einen Schrank. Ein umfassender \u00dcberblick und eine vollst\u00e4ndige Kontrolle des Schl\u00fcsselbestands k\u00f6nnen nicht einfacher sein<\/p>\n\t\t\t\t\t\t\t\n\t\t\t\t\t\t\t\t\t\t\t\t\t\t\t\t\t\t\t\t\t\t\t<a href=\"\/de\/produkte\/keyrack\/\" class=\"button btn-link with-arrow\" target=\"\">\n\t\t\t\t\t\t\t\t\tErkunden\t\t\t\t\t\t\t\t<\/a>\n\t\t\t\t\t\t\t\n\t\t\t\t\t\t<\/div>\n\t\t\t\t\t<\/div>\n\t\t\t\t\t\t\t<\/div>\n\t\t\t\n<\/section>\n\n\n\n            <section class=\"row-with-separator container\">\n                            <div class=\"content\">\n                    <h3>Buchen Sie eine Vorf\u00fchrung<\/h3>\n                    <p>\n                        Lassen Sie uns Ihnen noch heute zeigen, wie Sie Ihre Schl\u00fcssel und Wertsachen optimal aufbewahren k\u00f6nnen.                     <\/p>\n                    <a class=\"button btn-link with-arrow\" href=\"\/de\/vorfuehrung\/\" target=>Buchen Sie jetzt<\/a>\n                <\/div>\n                            <div class=\"content\">\n                    <h3>Finden Sie Ihren Fachh\u00e4ndler<\/h3>\n                    <p>\n                        Suchen Sie in der Karte oder in der Suchleiste einen Fachh\u00e4ndler. Unabh\u00e4ngig davon, ob Sie bereits \u00fcber ein System verf\u00fcgen oder eine neue L\u00f6sung suchen &#8211; wir helfen Ihnen.                     <\/p>\n                    <a class=\"button btn-link with-arrow\" href=\"\/de\/fachhaendler-finden\/\" target=>Jetzt finden<\/a>\n                <\/div>\n                    <\/section>\n    ","protected":false},"excerpt":{"rendered":"<p>Skobes Bil Praktisch und sicher bei Skobes Bil in Tran\u00e5s Skobes Bil im schwedischen Tran\u00e5s muss t\u00e4glich Schl\u00fcssel f\u00fcr Neufahrzeuge, Gebrauchtwagen und Autos verwalten, f\u00fcr die ein Service ausgef\u00fchrt wird. Insgesamt sind rund 200 Schl\u00fcssel im Umlauf. Mit einem Schl\u00fcsselschrank der Serie KeyBox wurde eine sichere Aufbewahrungsl\u00f6sung f\u00fcr die eigenen Schl\u00fcssel sowie die Schl\u00fcssel der [&hellip;]<\/p>\n","protected":false},"author":2,"featured_media":0,"parent":6575,"menu_order":0,"comment_status":"closed","ping_status":"closed","template":"page-without-container.php","meta":{"_acf_changed":false,"content-type":"","footnotes":""},"class_list":["post-7102","page","type-page","status-publish","hentry"],"acf":[],"yoast_head":"<!-- This site is optimized with the Yoast SEO plugin v26.7 - https:\/\/yoast.com\/wordpress\/plugins\/seo\/ -->\n<title>Sichere Schl\u00fcsselverwaltung | Skobes Bil | Creone<\/title>\n<meta name=\"description\" content=\"Mit KeyBox (Schl\u00fcsselschrank) hat Skobes Bil wurde eine sichere Aufbewahrungsl\u00f6sung f\u00fcr die eigenen Schl\u00fcssel sowie die Schl\u00fcssel der Kunden gefunden.\" \/>\n<meta name=\"robots\" content=\"index, follow, max-snippet:-1, max-image-preview:large, max-video-preview:-1\" \/>\n<link rel=\"canonical\" href=\"https:\/\/www.creone.com\/de\/branchenloesungen\/skobes-bil\/\" \/>\n<meta property=\"og:locale\" content=\"de_DE\" \/>\n<meta property=\"og:type\" content=\"article\" \/>\n<meta property=\"og:title\" content=\"Sichere Schl\u00fcsselverwaltung | Skobes Bil | Creone\" \/>\n<meta property=\"og:description\" content=\"Mit KeyBox (Schl\u00fcsselschrank) hat Skobes Bil wurde eine sichere Aufbewahrungsl\u00f6sung f\u00fcr die eigenen Schl\u00fcssel sowie die Schl\u00fcssel der Kunden gefunden.\" \/>\n<meta property=\"og:url\" content=\"https:\/\/www.creone.com\/de\/branchenloesungen\/skobes-bil\/\" \/>\n<meta property=\"og:site_name\" content=\"Creone\" \/>\n<meta property=\"article:modified_time\" content=\"2021-04-14T10:06:03+00:00\" \/>\n<meta name=\"twitter:card\" content=\"summary_large_image\" \/>\n<script type=\"application\/ld+json\" class=\"yoast-schema-graph\">{\"@context\":\"https:\/\/schema.org\",\"@graph\":[{\"@type\":\"WebPage\",\"@id\":\"https:\/\/www.creone.com\/de\/branchenloesungen\/skobes-bil\/\",\"url\":\"https:\/\/www.creone.com\/de\/branchenloesungen\/skobes-bil\/\",\"name\":\"Sichere Schl\u00fcsselverwaltung | Skobes Bil | Creone\",\"isPartOf\":{\"@id\":\"https:\/\/www.creone.com\/de\/#website\"},\"datePublished\":\"2020-07-20T10:58:47+00:00\",\"dateModified\":\"2021-04-14T10:06:03+00:00\",\"description\":\"Mit KeyBox (Schl\u00fcsselschrank) hat Skobes Bil wurde eine sichere Aufbewahrungsl\u00f6sung f\u00fcr die eigenen Schl\u00fcssel sowie die Schl\u00fcssel der Kunden gefunden.\",\"breadcrumb\":{\"@id\":\"https:\/\/www.creone.com\/de\/branchenloesungen\/skobes-bil\/#breadcrumb\"},\"inLanguage\":\"de\",\"potentialAction\":[{\"@type\":\"ReadAction\",\"target\":[\"https:\/\/www.creone.com\/de\/branchenloesungen\/skobes-bil\/\"]}]},{\"@type\":\"BreadcrumbList\",\"@id\":\"https:\/\/www.creone.com\/de\/branchenloesungen\/skobes-bil\/#breadcrumb\",\"itemListElement\":[{\"@type\":\"ListItem\",\"position\":1,\"name\":\"Home\",\"item\":\"https:\/\/www.creone.com\/de\/\"},{\"@type\":\"ListItem\",\"position\":2,\"name\":\"Branchenl\u00f6sungen\",\"item\":\"https:\/\/www.creone.com\/de\/branchenloesungen\/\"},{\"@type\":\"ListItem\",\"position\":3,\"name\":\"Skobes Bil\"}]},{\"@type\":\"WebSite\",\"@id\":\"https:\/\/www.creone.com\/de\/#website\",\"url\":\"https:\/\/www.creone.com\/de\/\",\"name\":\"Creone\",\"description\":\"En till WordPress-webbplats\",\"potentialAction\":[{\"@type\":\"SearchAction\",\"target\":{\"@type\":\"EntryPoint\",\"urlTemplate\":\"https:\/\/www.creone.com\/de\/?s={search_term_string}\"},\"query-input\":{\"@type\":\"PropertyValueSpecification\",\"valueRequired\":true,\"valueName\":\"search_term_string\"}}],\"inLanguage\":\"de\"}]}<\/script>\n<!-- \/ Yoast SEO plugin. -->","yoast_head_json":{"title":"Sichere Schl\u00fcsselverwaltung | Skobes Bil | Creone","description":"Mit KeyBox (Schl\u00fcsselschrank) hat Skobes Bil wurde eine sichere Aufbewahrungsl\u00f6sung f\u00fcr die eigenen Schl\u00fcssel sowie die Schl\u00fcssel der Kunden gefunden.","robots":{"index":"index","follow":"follow","max-snippet":"max-snippet:-1","max-image-preview":"max-image-preview:large","max-video-preview":"max-video-preview:-1"},"canonical":"https:\/\/www.creone.com\/de\/branchenloesungen\/skobes-bil\/","og_locale":"de_DE","og_type":"article","og_title":"Sichere Schl\u00fcsselverwaltung | Skobes Bil | Creone","og_description":"Mit KeyBox (Schl\u00fcsselschrank) hat Skobes Bil wurde eine sichere Aufbewahrungsl\u00f6sung f\u00fcr die eigenen Schl\u00fcssel sowie die Schl\u00fcssel der Kunden gefunden.","og_url":"https:\/\/www.creone.com\/de\/branchenloesungen\/skobes-bil\/","og_site_name":"Creone","article_modified_time":"2021-04-14T10:06:03+00:00","twitter_card":"summary_large_image","schema":{"@context":"https:\/\/schema.org","@graph":[{"@type":"WebPage","@id":"https:\/\/www.creone.com\/de\/branchenloesungen\/skobes-bil\/","url":"https:\/\/www.creone.com\/de\/branchenloesungen\/skobes-bil\/","name":"Sichere Schl\u00fcsselverwaltung | Skobes Bil | Creone","isPartOf":{"@id":"https:\/\/www.creone.com\/de\/#website"},"datePublished":"2020-07-20T10:58:47+00:00","dateModified":"2021-04-14T10:06:03+00:00","description":"Mit KeyBox (Schl\u00fcsselschrank) hat Skobes Bil wurde eine sichere Aufbewahrungsl\u00f6sung f\u00fcr die eigenen Schl\u00fcssel sowie die Schl\u00fcssel der Kunden gefunden.","breadcrumb":{"@id":"https:\/\/www.creone.com\/de\/branchenloesungen\/skobes-bil\/#breadcrumb"},"inLanguage":"de","potentialAction":[{"@type":"ReadAction","target":["https:\/\/www.creone.com\/de\/branchenloesungen\/skobes-bil\/"]}]},{"@type":"BreadcrumbList","@id":"https:\/\/www.creone.com\/de\/branchenloesungen\/skobes-bil\/#breadcrumb","itemListElement":[{"@type":"ListItem","position":1,"name":"Home","item":"https:\/\/www.creone.com\/de\/"},{"@type":"ListItem","position":2,"name":"Branchenl\u00f6sungen","item":"https:\/\/www.creone.com\/de\/branchenloesungen\/"},{"@type":"ListItem","position":3,"name":"Skobes Bil"}]},{"@type":"WebSite","@id":"https:\/\/www.creone.com\/de\/#website","url":"https:\/\/www.creone.com\/de\/","name":"Creone","description":"En till WordPress-webbplats","potentialAction":[{"@type":"SearchAction","target":{"@type":"EntryPoint","urlTemplate":"https:\/\/www.creone.com\/de\/?s={search_term_string}"},"query-input":{"@type":"PropertyValueSpecification","valueRequired":true,"valueName":"search_term_string"}}],"inLanguage":"de"}]}},"_links":{"self":[{"href":"https:\/\/www.creone.com\/de\/wp-json\/wp\/v2\/pages\/7102","targetHints":{"allow":["GET"]}}],"collection":[{"href":"https:\/\/www.creone.com\/de\/wp-json\/wp\/v2\/pages"}],"about":[{"href":"https:\/\/www.creone.com\/de\/wp-json\/wp\/v2\/types\/page"}],"author":[{"embeddable":true,"href":"https:\/\/www.creone.com\/de\/wp-json\/wp\/v2\/users\/2"}],"replies":[{"embeddable":true,"href":"https:\/\/www.creone.com\/de\/wp-json\/wp\/v2\/comments?post=7102"}],"version-history":[{"count":14,"href":"https:\/\/www.creone.com\/de\/wp-json\/wp\/v2\/pages\/7102\/revisions"}],"predecessor-version":[{"id":16728,"href":"https:\/\/www.creone.com\/de\/wp-json\/wp\/v2\/pages\/7102\/revisions\/16728"}],"up":[{"embeddable":true,"href":"https:\/\/www.creone.com\/de\/wp-json\/wp\/v2\/pages\/6575"}],"wp:attachment":[{"href":"https:\/\/www.creone.com\/de\/wp-json\/wp\/v2\/media?parent=7102"}],"curies":[{"name":"wp","href":"https:\/\/api.w.org\/{rel}","templated":true}]}}