{"id":6894,"date":"2020-07-17T17:55:06","date_gmt":"2020-07-17T15:55:06","guid":{"rendered":"https:\/\/www.creone.com\/?page_id=6894"},"modified":"2024-11-07T08:56:15","modified_gmt":"2024-11-07T07:56:15","slug":"institute-of-natural-sciences","status":"publish","type":"page","link":"https:\/\/www.creone.com\/de\/branchenloesungen\/institute-of-natural-sciences\/","title":{"rendered":"Institut f\u00fcr Naturwissenschaften"},"content":{"rendered":"\n    <style>\n        #header-image {\n            background-image: url(https:\/\/www.creone.com\/wp-content\/uploads\/2020\/04\/natural-sciences.jpg);\n        }\n\n        @media (-webkit-min-device-pixel-ratio: 2),\n        (min-resolution: 192dpi) {\n            #header-image {\n                background-image: url(https:\/\/www.creone.com\/wp-content\/uploads\/2020\/04\/natural-sciences.jpg);\n            }\n        }\n    <\/style>\n\n    <section\n        class=\"full-width-header-image \"\n        id=\"header-image\"\n        style=\"background-position: top\"><\/section>\n\n                    <div class=\"container-fluid bread-border\">\n            <div class=\"container\">\n                <div class=\"row\">\n                    <div class=\"col-12\">\n                        <p id=\"breadcrumbs\"><span><span><a href=\"https:\/\/www.creone.com\/de\/\">Home<\/a><\/span><\/span><\/p>                    <\/div>\n                <\/div>\n            <\/div>\n        <\/div>\n        <style>\n            .full-width-header-image {\n                margin-bottom: 0rem !important;\n            }\n\n            .bread-border {\n                margin-bottom: 6rem;\n            }\n        <\/style>\n\n\n\n<h6 class=\"headline tight-container wp-block-heading\">K\u00f6nigliches Belgisches Institut f\u00fcr Naturwissenschaften<\/h6>\n\n\n\n<h1 class=\"tight-container wp-block-heading\">Mit der elektronischen Schl\u00fcsselverwaltung auf dem neuesten Stand<\/h1>\n\n\n\n<p class=\"tight-container\">Das K\u00f6nigliche Belgische Institut f\u00fcr Naturwissenschaft besteht seit \u00fcber 170 Jahren. Die gro\u00dfe und personalintensive Einrichtung empf\u00e4ngt j\u00e4hrlich \u00fcber 30.000 Besucher. Seit seiner Gr\u00fcndung verlief vieles nach alten Traditionen und Br\u00e4uchen. Dies gilt auch f\u00fcr das Sicherheitsdenken und die Schl\u00fcsselverwaltung.<\/p>\n\n\n\n    <section class=\"reference-content container\">\n        <div class=\"d-flex flex-wrap-reverse\">\n            <div class=\"sidebar\">\n                                    <div class=\"image mb-4\">\n                        <img decoding=\"async\"\n                            src=\"https:\/\/www.creone.com\/wp-content\/uploads\/2020\/04\/RBINS-Logo-1.jpg\"\n                            srcset=\"https:\/\/www.creone.com\/wp-content\/uploads\/2020\/04\/RBINS-Logo-1.jpg 1x, https:\/\/www.creone.com\/wp-content\/uploads\/2020\/04\/RBINS-Logo-1.jpg 2x\"\n                            class=\"\" \/>\n                    <\/div>\n                                                    <div class=\"title head-font\">Museum f\u00fcr Naturwissenschaften<\/div>\n                \n                                    <p>Ein der Naturkunde gewidmetes Museum in Br\u00fcssel, Belgien\r\n<\/p>\n                                <div class=\"mt-5\">\n                                            <div class=\"top-border\"><\/div>\n                                                    <div class=\"image mb-4\">\n                                <img decoding=\"async\"\n                                    src=\"https:\/\/www.creone.com\/wp-content\/uploads\/2024\/11\/DeRaat-logotyp.jpg\"\n                                    srcset=\"https:\/\/www.creone.com\/wp-content\/uploads\/2024\/11\/DeRaat-logotyp.jpg 1x, https:\/\/www.creone.com\/wp-content\/uploads\/2024\/11\/DeRaat-logotyp.jpg 2x\"\n                                    class=\"\" \/>\n                            <\/div>\n                                                                            <div class=\"title head-font\">Zertifizierter Partner<\/div>\n                        \n                                                    <p>Unser zertifizierter Partner in den Niederlanden, De Raat, leitete die Zusammenarbeit mit dem Institut f\u00fcr Naturwissenschaften.\r\n<\/p>\n                                                            <\/div>\n            <\/div>\n            <div class=\"content\">\n                                    <h4>Von manuell bis automatisch<\/h4>\n<p>Bis vor Kurzem wurde der Umgang mit Hunderten von Schl\u00fcsseln auf die gleiche Weise gehandhabt. Die Schl\u00fcssel hingen auf jeder Etage des Museums an den N\u00e4geln eines h\u00f6lzernen Schl\u00fcsselbretts. Am Ende eines jeden Tages wurden die Schl\u00fcsselbretter in einem Safe verwahrt und am n\u00e4chsten Morgen wieder herausgenommen und in dem riesigen Geb\u00e4ude an ihren jeweiligen Platz gebracht. Spezialschl\u00fcssel f\u00fcr die technische Wartung und \u00e4hnliche T\u00e4tigkeiten wurden zur manuellen Verwaltung an der Rezeption beschriftet und aufbewahrt.<\/p>\n<p>&nbsp;<\/p>\n<h4>Jederzeit vollst\u00e4ndige Kontrolle \u00fcber die Schl\u00fcssel<\/h4>\n<p>Zwei unserer Keycontrol-Einheiten wurden an strategischen Positionen im Museum installiert. Dadurch ist jetzt eine l\u00fcckenlose Kontrolle aller Schl\u00fcssel des Museums gew\u00e4hrleistet. Jede Schl\u00fcsselentnahme wird digital protokolliert, wohingegen in der Vergangenheit Schl\u00fcssel verschwanden oder versehentlich von Mitarbeitern mit nach Hause genommen wurden. Vor diesem Hintergrund kann jeder jederzeit nachvollziehen, wo und von wem Schl\u00fcssel benutzt wurden. Kein Schl\u00fcssel verl\u00e4sst nunmehr das Museum, wodurch auch das zust\u00e4ndige Personal bei Bedarf jederzeit Zugang zu den R\u00e4umen in den sechs verschiedenen Fl\u00fcgeln des Geb\u00e4udes hat.<\/p>\n                            <\/div>\n        <\/div>\n    <\/section>\n    <style>\n        .top-border {\n            border-top: 2px solid rgba(211, 211, 211, 0.5);\n            margin-bottom: 30px;\n        }\n    <\/style>\n\n\n        <div class=\"container-fluid bread-border\">\n            <div class=\"container\">\n                <div class=\"row\">\n                    <div class=\"col-12\">\n                                            <\/div>\n                <\/div>\n            <\/div>\n        <\/div>\n        <section class=\"full-width-form  \">\n        <div class=\"container d-flex flex-wrap\">\n            <div class=\"content\">\n                                    <h2 class=\"fade-in\">Buchen Sie eine Vorf\u00fchrung mit unseren Verk\u00e4ufern <\/h2>\n                                                    <p class=\"fade-in\">Erfahren Sie noch heute, wie Sie Ihre Schl\u00fcssel auf bestm\u00f6gliche Art und Weise verwalten und Sachen aufbewahren k\u00f6nnen.  <\/p>\n                                                    <img decoding=\"async\" src=\"https:\/\/www.creone.com\/wp-content\/uploads\/2020\/04\/KeyWin6screens_box_SE_outline-4-900x450.png\" alt=\"\" srcset=\"https:\/\/www.creone.com\/wp-content\/uploads\/2020\/04\/KeyWin6screens_box_SE_outline-4-900x450.png 1x, https:\/\/www.creone.com\/wp-content\/uploads\/2020\/04\/KeyWin6screens_box_SE_outline-4-1750x900.png 2x\" class=\"fade-in-up\">\n                            <\/div>\n\n            <div class=\"hubspot-form-container fade-in-left\">\n                                                    <script charset=\"utf-8\" type=\"text\/javascript\" src=\"\/\/js.hsforms.net\/forms\/shell.js\"><\/script> <script>   hbspt.forms.create({ \tportalId: \"6969693\", \tformId: \"1dce4ef6-ab6d-4210-bc2e-6762ad907fbf\" }); <\/script>                            <\/div>\n\n                    <\/div>\n    <\/section>\n\n\n\n\n<section class=\"cards-with-tab-nav container\">\n\n\t\t\t<h2 class=\"text-center text-blue\">Ein Schl\u00fcsselverwaltungssystem ausw\u00e4hlen<\/h2>\n\t\n\t\t\t\n\t\t\t<div class=\"tabnav\">\n\t\t\t\t<ul>\n\t\t\t\t\t\t\t\t\t\t\t\t\t\t\t\t\t\t<li class=\"tab-item\" data-tab-content=schl\u00fcsselschrank><span>Schl\u00fcsselschrank<\/span><\/li>\n\t\t\t\t\t\t\t\t\t\t\t\t\t\t\t\t\t\t\t\t\t\t\t\t<li class=\"tab-item\" data-tab-content=schl\u00fcsselleisten><span>Schl\u00fcsselleisten<\/span><\/li>\n\t\t\t\t\t\t\t\t\t\t\t\t\t\t\t<\/ul>\n\t\t\t<\/div>\n\t\t\n\t\t\t\t\t<div class=\"tab-content card-section\" data-tab-content=\"schl\u00fcsselschrank\">\n\t\t\t\t\t\t\t\t\t<div class=\"card\">\n\t\t\t\t\t\t\t\t\t\t\t\t\t\t\t\t\t\t\t\t<img decoding=\"async\" class=\"card-img-top \" src=\"https:\/\/www.creone.com\/wp-content\/uploads\/2020\/03\/9700Keycontrol-open3-480x260.jpg\" alt=\"Der intelligente Schl\u00fcsselschrank 9600SC der Serie KeyBox wird f\u00fcr die Schl\u00fcsselverwaltung verwendet\">\n\t\t\t\t\t\t\n\t\t\t\t\t\t<div class=\"card-body text-align-left \">\n\t\t\t\t\t\t\t\t\t\t\t\t\t\t\t<img decoding=\"async\" src=\"https:\/\/www.creone.com\/wp-content\/uploads\/2020\/03\/keybox-logotyp.png\" alt=\"KeyBox-Logo f\u00fcr Schl\u00fcsselaufbewahrung\">\n\t\t\t\t\t\t\t\n\t\t\t\t\t\t\t\t\t\t\t\t\t\t\t<span class=\"text-primary\">Die Keycontrol-Serie<\/span>\n\t\t\t\t\t\t\t\n\t\t\t\t\t\t\t\n\t\t\t\t\t\t\t\t\t\t\t\t\t\t\t<p class=\"text-primary\">Das intelligente System mit elektronischer Schl\u00fcsselidentifikation. <\/p>\n\t\t\t\t\t\t\t\n\t\t\t\t\t\t\t\t\t\t\t\t\t\t\t\t\t\t\t\t\t\t\t<a href=\"\/de\/produkte\/keybox\/keycontrol\/\" class=\"button btn-link with-arrow\" target=\"\">\n\t\t\t\t\t\t\t\t\tErkunden\t\t\t\t\t\t\t\t<\/a>\n\t\t\t\t\t\t\t\n\t\t\t\t\t\t<\/div>\n\t\t\t\t\t<\/div>\n\t\t\t\t\t\t\t\t\t<div class=\"card\">\n\t\t\t\t\t\t\t\t\t\t\t\t\t\t\t\t\t\t\t\t<img decoding=\"async\" class=\"card-img-top \" src=\"https:\/\/www.creone.com\/wp-content\/uploads\/2020\/03\/9001System-zoomed-480x260.jpg\" alt=\"KeyBox Schl\u00fcsselausgabeschrank System f\u00fcr die Schl\u00fcsselverwaltung\">\n\t\t\t\t\t\t\n\t\t\t\t\t\t<div class=\"card-body text-align-left \">\n\t\t\t\t\t\t\t\t\t\t\t\t\t\t\t<img decoding=\"async\" src=\"https:\/\/www.creone.com\/wp-content\/uploads\/2020\/03\/keybox-logotyp.png\" alt=\"KeyBox-Logo f\u00fcr Schl\u00fcsselaufbewahrung\">\n\t\t\t\t\t\t\t\n\t\t\t\t\t\t\t\t\t\t\t\t\t\t\t<span class=\"text-primary\">Die Serie System<\/span>\n\t\t\t\t\t\t\t\n\t\t\t\t\t\t\t\n\t\t\t\t\t\t\t\t\t\t\t\t\t\t\t<p class=\"text-primary\">Speichert alle Ereignisse f\u00fcr die elektronische Schl\u00fcsselausgabe.<\/p>\n\t\t\t\t\t\t\t\n\t\t\t\t\t\t\t\t\t\t\t\t\t\t\t\t\t\t\t\t\t\t\t<a href=\"\/de\/produkte\/keybox\/system\/\" class=\"button btn-link with-arrow\" target=\"\">\n\t\t\t\t\t\t\t\t\tErkunden\t\t\t\t\t\t\t\t<\/a>\n\t\t\t\t\t\t\t\n\t\t\t\t\t\t<\/div>\n\t\t\t\t\t<\/div>\n\t\t\t\t\t\t\t\t\t<div class=\"card\">\n\t\t\t\t\t\t\t\t\t\t\t\t\t\t\t\t\t\t\t\t<img decoding=\"async\" class=\"card-img-top \" src=\"https:\/\/www.creone.com\/wp-content\/uploads\/2020\/03\/9001Baisc-zoomed-480x260.jpg\" alt=\"KeyBox Schl\u00fcsselausgabeschrank Basic f\u00fcr die Schl\u00fcsselverwaltung\">\n\t\t\t\t\t\t\n\t\t\t\t\t\t<div class=\"card-body text-align-left \">\n\t\t\t\t\t\t\t\t\t\t\t\t\t\t\t<img decoding=\"async\" src=\"https:\/\/www.creone.com\/wp-content\/uploads\/2020\/03\/keybox-logotyp.png\" alt=\"KeyBox-Logo f\u00fcr Schl\u00fcsselaufbewahrung\">\n\t\t\t\t\t\t\t\n\t\t\t\t\t\t\t\t\t\t\t\t\t\t\t<span class=\"text-primary\">Die Serie Basic<\/span>\n\t\t\t\t\t\t\t\n\t\t\t\t\t\t\t\n\t\t\t\t\t\t\t\t\t\t\t\t\t\t\t<p class=\"text-primary\">Die einfachste L\u00f6sung f\u00fcr die elektronische Schl\u00fcsselausgabe.<\/p>\n\t\t\t\t\t\t\t\n\t\t\t\t\t\t\t\t\t\t\t\t\t\t\t\t\t\t\t\t\t\t\t<a href=\"\/de\/produkte\/keybox\/basic\/\" class=\"button btn-link with-arrow\" target=\"\">\n\t\t\t\t\t\t\t\t\tErkunden\t\t\t\t\t\t\t\t<\/a>\n\t\t\t\t\t\t\t\n\t\t\t\t\t\t<\/div>\n\t\t\t\t\t<\/div>\n\t\t\t\t\t\t\t<\/div>\n\t\t\t\t\t<div class=\"tab-content card-section\" data-tab-content=\"schl\u00fcsselleisten\">\n\t\t\t\t\t\t\t\t\t<div class=\"single-card\">\n\t\t\t\t\t\t\t\t\t\t\t\t\t\t\t\t\t\t\t\t<img decoding=\"async\" class=\"card-img-top \" src=\"https:\/\/www.creone.com\/wp-content\/uploads\/2020\/08\/keyrack_rfid_env.jpg\" alt=\"45 stycken intelligenta nyckelister med kontrollbox monterade p\u00e5 v\u00e4gg och nyckelsk\u00e5p f\u00f6r en unik nyckelhantering. \">\n\t\t\t\t\t\t\n\t\t\t\t\t\t<div class=\"card-body text-align-left \">\n\t\t\t\t\t\t\t\t\t\t\t\t\t\t\t<img decoding=\"async\" src=\"https:\/\/www.creone.com\/wp-content\/uploads\/2020\/03\/keyrack-logotyp.png\" alt=\"KeyRack-Logo f\u00fcr Schl\u00fcsselverwaltung\">\n\t\t\t\t\t\t\t\n\t\t\t\t\t\t\t\n\t\t\t\t\t\t\t\t\t\t\t\t\t\t\t<h3 class=\"text-blue\">Zug\u00e4ngliche und flexible Schl\u00fcsselverwaltung<\/h3>\n\t\t\t\t\t\t\t\n\t\t\t\t\t\t\t\t\t\t\t\t\t\t\t<p class=\"text-primary\">Verbinden Sie Ihre Schl\u00fcssel mit IntelliPin-Schl\u00fcsseltranspondern und h\u00e4ngen Sie die Schl\u00fcssel in die verriegelbaren bzw. nicht verriegelbaren Schl\u00fcsselleisten des KeyRack-Systems an die Wand oder in einen Schrank. Ein umfassender \u00dcberblick und eine vollst\u00e4ndige Kontrolle des Schl\u00fcsselbestands k\u00f6nnen nicht einfacher sein<\/p>\n\t\t\t\t\t\t\t\n\t\t\t\t\t\t\t\t\t\t\t\t\t\t\t\t\t\t\t\t\t\t\t<a href=\"\/de\/produkte\/keyrack\/\" class=\"button btn-link with-arrow\" target=\"\">\n\t\t\t\t\t\t\t\t\tErkunden\t\t\t\t\t\t\t\t<\/a>\n\t\t\t\t\t\t\t\n\t\t\t\t\t\t<\/div>\n\t\t\t\t\t<\/div>\n\t\t\t\t\t\t\t<\/div>\n\t\t\t\n<\/section>\n\n\n\n            <section class=\"row-with-separator container\">\n                            <div class=\"content\">\n                    <h3>Buchen Sie eine Vorf\u00fchrung<\/h3>\n                    <p>\n                        Lassen Sie uns Ihnen noch heute zeigen, wie Sie Ihre Schl\u00fcssel und Wertsachen optimal aufbewahren k\u00f6nnen.                     <\/p>\n                    <a class=\"button btn-link with-arrow\" href=\"\/de\/vorfuehrung\/\" target=>Buchen Sie jetzt<\/a>\n                <\/div>\n                            <div class=\"content\">\n                    <h3>Finden Sie Ihren Fachh\u00e4ndler<\/h3>\n                    <p>\n                        Suchen Sie in der Karte oder in der Suchleiste einen Fachh\u00e4ndler. Unabh\u00e4ngig davon, ob Sie bereits \u00fcber ein System verf\u00fcgen oder eine neue L\u00f6sung suchen &#8211; wir helfen Ihnen.                     <\/p>\n                    <a class=\"button btn-link with-arrow\" href=\"\/de\/fachhaendler-finden\/\" target=>Jetzt finden<\/a>\n                <\/div>\n                    <\/section>\n    ","protected":false},"excerpt":{"rendered":"<p>K\u00f6nigliches Belgisches Institut f\u00fcr Naturwissenschaften Mit der elektronischen Schl\u00fcsselverwaltung auf dem neuesten Stand Das K\u00f6nigliche Belgische Institut f\u00fcr Naturwissenschaft besteht seit \u00fcber 170 Jahren. Die gro\u00dfe und personalintensive Einrichtung empf\u00e4ngt j\u00e4hrlich \u00fcber 30.000 Besucher. Seit seiner Gr\u00fcndung verlief vieles nach alten Traditionen und Br\u00e4uchen. Dies gilt auch f\u00fcr das Sicherheitsdenken und die Schl\u00fcsselverwaltung.<\/p>\n","protected":false},"author":2,"featured_media":0,"parent":6575,"menu_order":0,"comment_status":"closed","ping_status":"closed","template":"page-without-container.php","meta":{"_acf_changed":false,"content-type":"","footnotes":""},"class_list":["post-6894","page","type-page","status-publish","hentry"],"acf":[],"yoast_head":"<!-- This site is optimized with the Yoast SEO plugin v26.7 - https:\/\/yoast.com\/wordpress\/plugins\/seo\/ -->\n<title>Sicherheitsdenken mit Schl\u00fcsselverwaltung | Institut f\u00fcr Naturwissenschaften | Creone<\/title>\n<meta name=\"description\" content=\"Mittlerweile erfolgt die Installation durch eine elektronische Schl\u00fcsselverwaltung, die nicht mehr manuell, sondern automatisch durchgef\u00fchrt wird und eine vollst\u00e4ndige Kontrolle der Schl\u00fcssel einschlie\u00dft.\" \/>\n<meta name=\"robots\" content=\"index, follow, max-snippet:-1, max-image-preview:large, max-video-preview:-1\" \/>\n<link rel=\"canonical\" href=\"https:\/\/www.creone.com\/de\/branchenloesungen\/institute-of-natural-sciences\/\" \/>\n<meta property=\"og:locale\" content=\"de_DE\" \/>\n<meta property=\"og:type\" content=\"article\" \/>\n<meta property=\"og:title\" content=\"Sicherheitsdenken mit Schl\u00fcsselverwaltung | Institut f\u00fcr Naturwissenschaften | Creone\" \/>\n<meta property=\"og:description\" content=\"Mittlerweile erfolgt die Installation durch eine elektronische Schl\u00fcsselverwaltung, die nicht mehr manuell, sondern automatisch durchgef\u00fchrt wird und eine vollst\u00e4ndige Kontrolle der Schl\u00fcssel einschlie\u00dft.\" \/>\n<meta property=\"og:url\" content=\"https:\/\/www.creone.com\/de\/branchenloesungen\/institute-of-natural-sciences\/\" \/>\n<meta property=\"og:site_name\" content=\"Creone\" \/>\n<meta property=\"article:modified_time\" content=\"2024-11-07T07:56:15+00:00\" \/>\n<meta name=\"twitter:card\" content=\"summary_large_image\" \/>\n<script type=\"application\/ld+json\" class=\"yoast-schema-graph\">{\"@context\":\"https:\/\/schema.org\",\"@graph\":[{\"@type\":\"WebPage\",\"@id\":\"https:\/\/www.creone.com\/de\/branchenloesungen\/institute-of-natural-sciences\/\",\"url\":\"https:\/\/www.creone.com\/de\/branchenloesungen\/institute-of-natural-sciences\/\",\"name\":\"Sicherheitsdenken mit Schl\u00fcsselverwaltung | Institut f\u00fcr Naturwissenschaften | Creone\",\"isPartOf\":{\"@id\":\"https:\/\/www.creone.com\/de\/#website\"},\"datePublished\":\"2020-07-17T15:55:06+00:00\",\"dateModified\":\"2024-11-07T07:56:15+00:00\",\"description\":\"Mittlerweile erfolgt die Installation durch eine elektronische Schl\u00fcsselverwaltung, die nicht mehr manuell, sondern automatisch durchgef\u00fchrt wird und eine vollst\u00e4ndige Kontrolle der Schl\u00fcssel einschlie\u00dft.\",\"breadcrumb\":{\"@id\":\"https:\/\/www.creone.com\/de\/branchenloesungen\/institute-of-natural-sciences\/#breadcrumb\"},\"inLanguage\":\"de\",\"potentialAction\":[{\"@type\":\"ReadAction\",\"target\":[\"https:\/\/www.creone.com\/de\/branchenloesungen\/institute-of-natural-sciences\/\"]}]},{\"@type\":\"BreadcrumbList\",\"@id\":\"https:\/\/www.creone.com\/de\/branchenloesungen\/institute-of-natural-sciences\/#breadcrumb\",\"itemListElement\":[{\"@type\":\"ListItem\",\"position\":1,\"name\":\"Home\",\"item\":\"https:\/\/www.creone.com\/de\/\"},{\"@type\":\"ListItem\",\"position\":2,\"name\":\"Branchenl\u00f6sungen\",\"item\":\"https:\/\/www.creone.com\/de\/branchenloesungen\/\"},{\"@type\":\"ListItem\",\"position\":3,\"name\":\"Institut f\u00fcr Naturwissenschaften\"}]},{\"@type\":\"WebSite\",\"@id\":\"https:\/\/www.creone.com\/de\/#website\",\"url\":\"https:\/\/www.creone.com\/de\/\",\"name\":\"Creone\",\"description\":\"En till WordPress-webbplats\",\"potentialAction\":[{\"@type\":\"SearchAction\",\"target\":{\"@type\":\"EntryPoint\",\"urlTemplate\":\"https:\/\/www.creone.com\/de\/?s={search_term_string}\"},\"query-input\":{\"@type\":\"PropertyValueSpecification\",\"valueRequired\":true,\"valueName\":\"search_term_string\"}}],\"inLanguage\":\"de\"}]}<\/script>\n<!-- \/ Yoast SEO plugin. -->","yoast_head_json":{"title":"Sicherheitsdenken mit Schl\u00fcsselverwaltung | Institut f\u00fcr Naturwissenschaften | Creone","description":"Mittlerweile erfolgt die Installation durch eine elektronische Schl\u00fcsselverwaltung, die nicht mehr manuell, sondern automatisch durchgef\u00fchrt wird und eine vollst\u00e4ndige Kontrolle der Schl\u00fcssel einschlie\u00dft.","robots":{"index":"index","follow":"follow","max-snippet":"max-snippet:-1","max-image-preview":"max-image-preview:large","max-video-preview":"max-video-preview:-1"},"canonical":"https:\/\/www.creone.com\/de\/branchenloesungen\/institute-of-natural-sciences\/","og_locale":"de_DE","og_type":"article","og_title":"Sicherheitsdenken mit Schl\u00fcsselverwaltung | Institut f\u00fcr Naturwissenschaften | Creone","og_description":"Mittlerweile erfolgt die Installation durch eine elektronische Schl\u00fcsselverwaltung, die nicht mehr manuell, sondern automatisch durchgef\u00fchrt wird und eine vollst\u00e4ndige Kontrolle der Schl\u00fcssel einschlie\u00dft.","og_url":"https:\/\/www.creone.com\/de\/branchenloesungen\/institute-of-natural-sciences\/","og_site_name":"Creone","article_modified_time":"2024-11-07T07:56:15+00:00","twitter_card":"summary_large_image","schema":{"@context":"https:\/\/schema.org","@graph":[{"@type":"WebPage","@id":"https:\/\/www.creone.com\/de\/branchenloesungen\/institute-of-natural-sciences\/","url":"https:\/\/www.creone.com\/de\/branchenloesungen\/institute-of-natural-sciences\/","name":"Sicherheitsdenken mit Schl\u00fcsselverwaltung | Institut f\u00fcr Naturwissenschaften | Creone","isPartOf":{"@id":"https:\/\/www.creone.com\/de\/#website"},"datePublished":"2020-07-17T15:55:06+00:00","dateModified":"2024-11-07T07:56:15+00:00","description":"Mittlerweile erfolgt die Installation durch eine elektronische Schl\u00fcsselverwaltung, die nicht mehr manuell, sondern automatisch durchgef\u00fchrt wird und eine vollst\u00e4ndige Kontrolle der Schl\u00fcssel einschlie\u00dft.","breadcrumb":{"@id":"https:\/\/www.creone.com\/de\/branchenloesungen\/institute-of-natural-sciences\/#breadcrumb"},"inLanguage":"de","potentialAction":[{"@type":"ReadAction","target":["https:\/\/www.creone.com\/de\/branchenloesungen\/institute-of-natural-sciences\/"]}]},{"@type":"BreadcrumbList","@id":"https:\/\/www.creone.com\/de\/branchenloesungen\/institute-of-natural-sciences\/#breadcrumb","itemListElement":[{"@type":"ListItem","position":1,"name":"Home","item":"https:\/\/www.creone.com\/de\/"},{"@type":"ListItem","position":2,"name":"Branchenl\u00f6sungen","item":"https:\/\/www.creone.com\/de\/branchenloesungen\/"},{"@type":"ListItem","position":3,"name":"Institut f\u00fcr Naturwissenschaften"}]},{"@type":"WebSite","@id":"https:\/\/www.creone.com\/de\/#website","url":"https:\/\/www.creone.com\/de\/","name":"Creone","description":"En till WordPress-webbplats","potentialAction":[{"@type":"SearchAction","target":{"@type":"EntryPoint","urlTemplate":"https:\/\/www.creone.com\/de\/?s={search_term_string}"},"query-input":{"@type":"PropertyValueSpecification","valueRequired":true,"valueName":"search_term_string"}}],"inLanguage":"de"}]}},"_links":{"self":[{"href":"https:\/\/www.creone.com\/de\/wp-json\/wp\/v2\/pages\/6894","targetHints":{"allow":["GET"]}}],"collection":[{"href":"https:\/\/www.creone.com\/de\/wp-json\/wp\/v2\/pages"}],"about":[{"href":"https:\/\/www.creone.com\/de\/wp-json\/wp\/v2\/types\/page"}],"author":[{"embeddable":true,"href":"https:\/\/www.creone.com\/de\/wp-json\/wp\/v2\/users\/2"}],"replies":[{"embeddable":true,"href":"https:\/\/www.creone.com\/de\/wp-json\/wp\/v2\/comments?post=6894"}],"version-history":[{"count":12,"href":"https:\/\/www.creone.com\/de\/wp-json\/wp\/v2\/pages\/6894\/revisions"}],"predecessor-version":[{"id":21172,"href":"https:\/\/www.creone.com\/de\/wp-json\/wp\/v2\/pages\/6894\/revisions\/21172"}],"up":[{"embeddable":true,"href":"https:\/\/www.creone.com\/de\/wp-json\/wp\/v2\/pages\/6575"}],"wp:attachment":[{"href":"https:\/\/www.creone.com\/de\/wp-json\/wp\/v2\/media?parent=6894"}],"curies":[{"name":"wp","href":"https:\/\/api.w.org\/{rel}","templated":true}]}}