{"id":6575,"date":"2020-07-16T16:09:11","date_gmt":"2020-07-16T14:09:11","guid":{"rendered":"https:\/\/www.creone.com\/?page_id=6575"},"modified":"2024-06-27T08:53:50","modified_gmt":"2024-06-27T06:53:50","slug":"branchenloesungen","status":"publish","type":"page","link":"https:\/\/www.creone.com\/de\/branchenloesungen\/","title":{"rendered":"Branchenl\u00f6sungen"},"content":{"rendered":"\n    <style>\n        #header-image {\n            background-image: url(https:\/\/www.creone.com\/wp-content\/uploads\/2020\/05\/iStock_000012530074XLarge-1-scaled.jpg);\n        }\n\n        @media (-webkit-min-device-pixel-ratio: 2),\n        (min-resolution: 192dpi) {\n            #header-image {\n                background-image: url(https:\/\/www.creone.com\/wp-content\/uploads\/2020\/05\/iStock_000012530074XLarge-1-scaled.jpg);\n            }\n        }\n    <\/style>\n\n    <section\n        class=\"full-width-header-image \"\n        id=\"header-image\"\n        style=\"background-position: center\"><\/section>\n\n                    <div class=\"container-fluid bread-border\">\n            <div class=\"container\">\n                <div class=\"row\">\n                    <div class=\"col-12\">\n                        <p id=\"breadcrumbs\"><span><span><a href=\"https:\/\/www.creone.com\/de\/\">Home<\/a><\/span><\/span><\/p>                    <\/div>\n                <\/div>\n            <\/div>\n        <\/div>\n        <style>\n            .full-width-header-image {\n                margin-bottom: 0rem !important;\n            }\n\n            .bread-border {\n                margin-bottom: 6rem;\n            }\n        <\/style>\n\n\n\n<h6 class=\"headline tight-container wp-block-heading\">Branchenl\u00f6sungen<\/h6>\n\n\n\n<h1 class=\"tight-container wp-block-heading\">Von smarter Aufbewahrung profitieren alle Branchen<\/h1>\n\n\n\n<p class=\"tight-container\">Bei Creone entwickeln wir kontinuierlich smarte und sichere Aufbewahrungssysteme, die in vielen unterschiedlichen Branchen zum Einsatz kommen k\u00f6nnen. Dabei handelt es sich h\u00e4ufig um einfachere Schl\u00fcsselschr\u00e4nke und Wertschr\u00e4nke f\u00fcr Kunden mit normalem Sicherheitsbedarf, aber ebenso oft sind unsere Produkte auf Schl\u00fcsselverwaltungssysteme auf eine bestimmte Branche ausgerichtet, wie z.&nbsp;B. Banken mit unserer sicheren doppelten Code-Abfrage oder Hotels und Autovermietungen mit unserer flexiblen Ferncode-Funktion. Mit unseren Produkten erhalten Sie in Ihrer Organisation mehr Sicherheit, vor allem aber k\u00f6nnen Sie effektiver arbeiten und unn\u00f6tige Kosten einsparen.<\/p>\n\n\n\n<div style=\"height:50px\" aria-hidden=\"true\" class=\"wp-block-spacer\"><\/div>\n\n\n\n    <section class=\"card-section two-columns-section container\">\n                                    <div class=\"card\">\n                                                                    <img decoding=\"async\" class=\"card-img-top\" src=\"https:\/\/www.creone.com\/wp-content\/uploads\/2020\/03\/GettyImages-1125363243-480x260.jpg\" alt=\"Schl\u00fcsselaufbewahrung f\u00fcr die Gesundheitspflege\">\n                    \n                    <div class=\"card-body text-align-left\">\n\n                        \n                                                    <span class=\"headline\">Gesundheits- und Pflegewesen<\/span>\n                        \n                                                    <h3 class=\"text-blue\">Unterschiedliche Arbeitsschichten und manuelle \u00dcbergabebest\u00e4tigung<\/h3>\n                        \n                                                    <p class=\"text-primary\">Die gro\u00dfe Belastung im Gesundheits- und Pflegewesen stellt ebenso hohe Anforderungen an bequem zug\u00e4ngliche Schl\u00fcssel.<\/p>\n                        \n                                                                                <a href=\"\/de\/branchenloesungen\/gesundheit-pflege\/\" class=\"button btn-link with-arrow\" target=\"\">\n                                Erkunden                            <\/a>\n                        \n                    <\/div>\n                <\/div>\n                            <div class=\"card\">\n                                                                    <img decoding=\"async\" class=\"card-img-top\" src=\"https:\/\/www.creone.com\/wp-content\/uploads\/2020\/05\/iStock-1151366143-resize-1-480x260.jpg\" alt=\"Zwei Personen, die Wartungsarbeiten durchf\u00fchren und \u00fcber ein elektronisches System zur Schl\u00fcsselaufbewahrung und Schl\u00fcsselverwaltung Zugang zu den Schl\u00fcsseln erhalten haben\">\n                    \n                    <div class=\"card-body text-align-left\">\n\n                        \n                                                    <span class=\"headline\">Infrastruktur<\/span>\n                        \n                                                    <h3 class=\"text-blue\">F\u00fcr eine umfassende Kontrolle und flexible Prozesse<\/h3>\n                        \n                                                    <p class=\"text-primary\">Wartung und Service erfordern, dass die richtige Person Zugriff auf Schl\u00fcssel, Zugangskarten und andere technische Ausr\u00fcstung hat.<\/p>\n                        \n                                                                                <a href=\"\/de\/branchenloesungen\/infrastruktur\/\" class=\"button btn-link with-arrow\" target=\"\">\n                                Erkunden                            <\/a>\n                        \n                    <\/div>\n                <\/div>\n                            <div class=\"card\">\n                                                                    <img decoding=\"async\" class=\"card-img-top\" src=\"https:\/\/www.creone.com\/wp-content\/uploads\/2020\/05\/iStock-1153175962-resize-480x260.jpg\" alt=\"Autoh\u00e4ndler verwalten alle Autoschl\u00fcssel mit intelligenten Schl\u00fcsselschr\u00e4nken\">\n                    \n                    <div class=\"card-body text-align-left\">\n\n                        \n                                                    <span class=\"headline\">Autoh\u00e4ndler<\/span>\n                        \n                                                    <h3 class=\"text-blue\">F\u00fcr Kundenzufriedenheit und Kontrolle der Fahrzeugbest\u00e4nde<\/h3>\n                        \n                                                    <p class=\"text-primary\">Der Kauf eines Autos ist ein gro\u00dfes und wichtiges Gesch\u00e4ft. Mit dem Kunden im Mittelpunkt bleibt kein Raum f\u00fcr eine zeitaufwendige Schl\u00fcsselverwaltung. <\/p>\n                        \n                                                                                <a href=\"\/de\/branchenloesungen\/autohaendler\/\" class=\"button btn-link with-arrow\" target=\"\">\n                                Erkunden                            <\/a>\n                        \n                    <\/div>\n                <\/div>\n                            <div class=\"card\">\n                                                                    <img decoding=\"async\" class=\"card-img-top\" src=\"https:\/\/www.creone.com\/wp-content\/uploads\/2020\/05\/iStock-1149240981-resize-480x260.jpg\" alt=\"Eine unbesetzte Rezeption mit Schl\u00fcsselschrank\">\n                    \n                    <div class=\"card-body text-align-left\">\n\n                        \n                                                    <span class=\"headline\">Schl\u00fcsselausgabe<\/span>\n                        \n                                                    <h3 class=\"text-blue\">F\u00fcr unbesetzte Rezeptionen<\/h3>\n                        \n                                                    <p class=\"text-primary\">Die Ausgabe von Schl\u00fcsseln und anderen Gegenst\u00e4nden an Kunden zu ung\u00fcnstigen Zeiten und der Betrieb von unbesetzten Empf\u00e4ngen ist mit vielen Herausforderungen verbunden.<\/p>\n                        \n                                                                                <a href=\"\/de\/branchenloesungen\/schluesseluebergabe\/\" class=\"button btn-link with-arrow\" target=\"\">\n                                Erkunden                            <\/a>\n                        \n                    <\/div>\n                <\/div>\n                            <div class=\"card\">\n                                                                    <img decoding=\"async\" class=\"card-img-top\" src=\"https:\/\/www.creone.com\/wp-content\/uploads\/2020\/05\/iStock-1179267059.-resize-480x260.jpg\" alt=\"Ein Immobilienbesitzer gibt Schl\u00fcssel \u00fcber Schl\u00fcsselschr\u00e4nke aus, die \u00fcber ein intelligentes Schl\u00fcsselverwaltungssystem gesteuert werden.\">\n                    \n                    <div class=\"card-body text-align-left\">\n\n                        \n                                                    <span class=\"headline\">Immobilie<\/span>\n                        \n                                                    <h3 class=\"text-blue\">Verwalten von Auftragnehmern und R\u00e4umen<\/h3>\n                        \n                                                    <p class=\"text-primary\">Die Mieter m\u00fcssen sich wohlf\u00fchlen, die Immobilien m\u00fcssen gepflegt werden und die Auftragnehmer ben\u00f6tigen Zugang zu R\u00e4umlichkeiten und Anlagen.<\/p>\n                        \n                                                                                <a href=\"\/de\/branchenloesungen\/immobilie\/\" class=\"button btn-link with-arrow\" target=\"\">\n                                Erkunden                            <\/a>\n                        \n                    <\/div>\n                <\/div>\n                            <div class=\"card\">\n                                                                    <img decoding=\"async\" class=\"card-img-top\" src=\"https:\/\/www.creone.com\/wp-content\/uploads\/2020\/05\/iStock-1087436530-resize-480x260.jpg\" alt=\"Der Flughafen gew\u00e4hrleistet die Sicherheit durch die Installation von Schl\u00fcsselschr\u00e4nken\">\n                    \n                    <div class=\"card-body text-align-left\">\n\n                        \n                                                    <span class=\"headline\">Flugh\u00e4fen<\/span>\n                        \n                                                    <h3 class=\"text-blue\">Erh\u00f6hen Sie die Sicherheit durch Kontrolle der R\u00e4ume<\/h3>\n                        \n                                                    <p class=\"text-primary\">Flugh\u00e4fen sind durch hohe Sicherheitsstandards gepr\u00e4gt. Nichts kann dem Zufall \u00fcberlassen werden. <\/p>\n                        \n                                                                                <a href=\"\/de\/branchenloesungen\/flughaefen\/\" class=\"button btn-link with-arrow\" target=\"\">\n                                Erkunden                            <\/a>\n                        \n                    <\/div>\n                <\/div>\n                            <div class=\"card\">\n                                                                    <img decoding=\"async\" class=\"card-img-top\" src=\"https:\/\/www.creone.com\/wp-content\/uploads\/2020\/05\/iStock-1160802388-resize-480x260.jpg\" alt=\"Die Hotelrezeption wird mit einem Schl\u00fcsselverwaltungssystem effizienter\">\n                    \n                    <div class=\"card-body text-align-left\">\n\n                        \n                                                    <span class=\"headline\">Hotel<\/span>\n                        \n                                                    <h3 class=\"text-blue\">Ein gesch\u00fctztes und sicheres Kundenerlebnis<\/h3>\n                        \n                                                    <p class=\"text-primary\">In der Hotelbranche steht vor allem die Erfahrung der G\u00e4ste im Mittelpunkt. Praktische Abl\u00e4ufe sollten schnell, reibungslos und m\u00f6glichst v\u00f6llig unbemerkt verlaufen. <\/p>\n                        \n                                                                                <a href=\"\/de\/branchenloesungen\/hotel\/\" class=\"button btn-link with-arrow\" target=\"\">\n                                Erkunden                            <\/a>\n                        \n                    <\/div>\n                <\/div>\n                            <div class=\"card\">\n                                                                    <img decoding=\"async\" class=\"card-img-top\" src=\"https:\/\/www.creone.com\/wp-content\/uploads\/2020\/05\/iStock-185317123-resize-1-480x260.jpg\" alt=\"Sicherheitsunternehmen haben viele elektronische Schl\u00fcsselschr\u00e4nke, die an ein Schl\u00fcsselverwaltungssystem angeschlossen sind\">\n                    \n                    <div class=\"card-body text-align-left\">\n\n                        \n                                                    <span class=\"headline\">Sicherheitsunternehmen<\/span>\n                        \n                                                    <h3 class=\"text-blue\">Kosteng\u00fcnstige Schl\u00fcsselverwaltung<\/h3>\n                        \n                                                    <p class=\"text-primary\">Ob Sicherheitsdienstleistungen oder technische Sicherheitsl\u00f6sungen, die Sicherheit des Kunden und Ihrer Mitarbeiter hat oberste Priorit\u00e4t. <\/p>\n                        \n                                                                                <a href=\"\/de\/branchenloesungen\/sicherheitsunternehmen\/\" class=\"button btn-link with-arrow\" target=\"\">\n                                Erkunden                            <\/a>\n                        \n                    <\/div>\n                <\/div>\n                        <\/section>\n\n\n\n\n<div class=\"wp-block-columns tight-container is-layout-flex wp-container-core-columns-is-layout-9d6595d7 wp-block-columns-is-layout-flex\"><\/div>\n","protected":false},"excerpt":{"rendered":"<p>Branchenl\u00f6sungen Von smarter Aufbewahrung profitieren alle Branchen Bei Creone entwickeln wir kontinuierlich smarte und sichere Aufbewahrungssysteme, die in vielen unterschiedlichen Branchen zum Einsatz kommen k\u00f6nnen. Dabei handelt es sich h\u00e4ufig um einfachere Schl\u00fcsselschr\u00e4nke und Wertschr\u00e4nke f\u00fcr Kunden mit normalem Sicherheitsbedarf, aber ebenso oft sind unsere Produkte auf Schl\u00fcsselverwaltungssysteme auf eine bestimmte Branche ausgerichtet, wie z.&nbsp;B. [&hellip;]<\/p>\n","protected":false},"author":2,"featured_media":0,"parent":0,"menu_order":0,"comment_status":"closed","ping_status":"closed","template":"page-without-container.php","meta":{"_acf_changed":false,"content-type":"","footnotes":""},"class_list":["post-6575","page","type-page","status-publish","hentry"],"acf":[],"yoast_head":"<!-- This site is optimized with the Yoast SEO plugin v26.7 - https:\/\/yoast.com\/wordpress\/plugins\/seo\/ -->\n<title>Von smarter Aufbewahrung in Schl\u00fcsselschr\u00e4nken und Wertschr\u00e4nken profitieren alle Branchen | Branchenl\u00f6sungen | Creone<\/title>\n<meta name=\"description\" content=\"Creone ist mit seinem Know-how in puncto Schl\u00fcsselschr\u00e4nke und Wertschr\u00e4nke in zahlreichen Branchen vertreten.\" \/>\n<meta name=\"robots\" content=\"index, follow, max-snippet:-1, max-image-preview:large, max-video-preview:-1\" \/>\n<link rel=\"canonical\" href=\"https:\/\/www.creone.com\/de\/branchenloesungen\/\" \/>\n<meta property=\"og:locale\" content=\"de_DE\" \/>\n<meta property=\"og:type\" content=\"article\" \/>\n<meta property=\"og:title\" content=\"Von smarter Aufbewahrung in Schl\u00fcsselschr\u00e4nken und Wertschr\u00e4nken profitieren alle Branchen | Branchenl\u00f6sungen | Creone\" \/>\n<meta property=\"og:description\" content=\"Creone ist mit seinem Know-how in puncto Schl\u00fcsselschr\u00e4nke und Wertschr\u00e4nke in zahlreichen Branchen vertreten.\" \/>\n<meta property=\"og:url\" content=\"https:\/\/www.creone.com\/de\/branchenloesungen\/\" \/>\n<meta property=\"og:site_name\" content=\"Creone\" \/>\n<meta property=\"article:modified_time\" content=\"2024-06-27T06:53:50+00:00\" \/>\n<meta name=\"twitter:card\" content=\"summary_large_image\" \/>\n<meta name=\"twitter:label1\" content=\"Gesch\u00e4tzte Lesezeit\" \/>\n\t<meta name=\"twitter:data1\" content=\"1\u00a0Minute\" \/>\n<script type=\"application\/ld+json\" class=\"yoast-schema-graph\">{\"@context\":\"https:\/\/schema.org\",\"@graph\":[{\"@type\":\"WebPage\",\"@id\":\"https:\/\/www.creone.com\/de\/branchenloesungen\/\",\"url\":\"https:\/\/www.creone.com\/de\/branchenloesungen\/\",\"name\":\"Von smarter Aufbewahrung in Schl\u00fcsselschr\u00e4nken und Wertschr\u00e4nken profitieren alle Branchen | Branchenl\u00f6sungen | Creone\",\"isPartOf\":{\"@id\":\"https:\/\/www.creone.com\/de\/#website\"},\"datePublished\":\"2020-07-16T14:09:11+00:00\",\"dateModified\":\"2024-06-27T06:53:50+00:00\",\"description\":\"Creone ist mit seinem Know-how in puncto Schl\u00fcsselschr\u00e4nke und Wertschr\u00e4nke in zahlreichen Branchen vertreten.\",\"breadcrumb\":{\"@id\":\"https:\/\/www.creone.com\/de\/branchenloesungen\/#breadcrumb\"},\"inLanguage\":\"de\",\"potentialAction\":[{\"@type\":\"ReadAction\",\"target\":[\"https:\/\/www.creone.com\/de\/branchenloesungen\/\"]}]},{\"@type\":\"BreadcrumbList\",\"@id\":\"https:\/\/www.creone.com\/de\/branchenloesungen\/#breadcrumb\",\"itemListElement\":[{\"@type\":\"ListItem\",\"position\":1,\"name\":\"Home\",\"item\":\"https:\/\/www.creone.com\/de\/\"},{\"@type\":\"ListItem\",\"position\":2,\"name\":\"Branchenl\u00f6sungen\"}]},{\"@type\":\"WebSite\",\"@id\":\"https:\/\/www.creone.com\/de\/#website\",\"url\":\"https:\/\/www.creone.com\/de\/\",\"name\":\"Creone\",\"description\":\"En till WordPress-webbplats\",\"potentialAction\":[{\"@type\":\"SearchAction\",\"target\":{\"@type\":\"EntryPoint\",\"urlTemplate\":\"https:\/\/www.creone.com\/de\/?s={search_term_string}\"},\"query-input\":{\"@type\":\"PropertyValueSpecification\",\"valueRequired\":true,\"valueName\":\"search_term_string\"}}],\"inLanguage\":\"de\"}]}<\/script>\n<!-- \/ Yoast SEO plugin. -->","yoast_head_json":{"title":"Von smarter Aufbewahrung in Schl\u00fcsselschr\u00e4nken und Wertschr\u00e4nken profitieren alle Branchen | Branchenl\u00f6sungen | Creone","description":"Creone ist mit seinem Know-how in puncto Schl\u00fcsselschr\u00e4nke und Wertschr\u00e4nke in zahlreichen Branchen vertreten.","robots":{"index":"index","follow":"follow","max-snippet":"max-snippet:-1","max-image-preview":"max-image-preview:large","max-video-preview":"max-video-preview:-1"},"canonical":"https:\/\/www.creone.com\/de\/branchenloesungen\/","og_locale":"de_DE","og_type":"article","og_title":"Von smarter Aufbewahrung in Schl\u00fcsselschr\u00e4nken und Wertschr\u00e4nken profitieren alle Branchen | Branchenl\u00f6sungen | Creone","og_description":"Creone ist mit seinem Know-how in puncto Schl\u00fcsselschr\u00e4nke und Wertschr\u00e4nke in zahlreichen Branchen vertreten.","og_url":"https:\/\/www.creone.com\/de\/branchenloesungen\/","og_site_name":"Creone","article_modified_time":"2024-06-27T06:53:50+00:00","twitter_card":"summary_large_image","twitter_misc":{"Gesch\u00e4tzte Lesezeit":"1\u00a0Minute"},"schema":{"@context":"https:\/\/schema.org","@graph":[{"@type":"WebPage","@id":"https:\/\/www.creone.com\/de\/branchenloesungen\/","url":"https:\/\/www.creone.com\/de\/branchenloesungen\/","name":"Von smarter Aufbewahrung in Schl\u00fcsselschr\u00e4nken und Wertschr\u00e4nken profitieren alle Branchen | Branchenl\u00f6sungen | Creone","isPartOf":{"@id":"https:\/\/www.creone.com\/de\/#website"},"datePublished":"2020-07-16T14:09:11+00:00","dateModified":"2024-06-27T06:53:50+00:00","description":"Creone ist mit seinem Know-how in puncto Schl\u00fcsselschr\u00e4nke und Wertschr\u00e4nke in zahlreichen Branchen vertreten.","breadcrumb":{"@id":"https:\/\/www.creone.com\/de\/branchenloesungen\/#breadcrumb"},"inLanguage":"de","potentialAction":[{"@type":"ReadAction","target":["https:\/\/www.creone.com\/de\/branchenloesungen\/"]}]},{"@type":"BreadcrumbList","@id":"https:\/\/www.creone.com\/de\/branchenloesungen\/#breadcrumb","itemListElement":[{"@type":"ListItem","position":1,"name":"Home","item":"https:\/\/www.creone.com\/de\/"},{"@type":"ListItem","position":2,"name":"Branchenl\u00f6sungen"}]},{"@type":"WebSite","@id":"https:\/\/www.creone.com\/de\/#website","url":"https:\/\/www.creone.com\/de\/","name":"Creone","description":"En till WordPress-webbplats","potentialAction":[{"@type":"SearchAction","target":{"@type":"EntryPoint","urlTemplate":"https:\/\/www.creone.com\/de\/?s={search_term_string}"},"query-input":{"@type":"PropertyValueSpecification","valueRequired":true,"valueName":"search_term_string"}}],"inLanguage":"de"}]}},"_links":{"self":[{"href":"https:\/\/www.creone.com\/de\/wp-json\/wp\/v2\/pages\/6575","targetHints":{"allow":["GET"]}}],"collection":[{"href":"https:\/\/www.creone.com\/de\/wp-json\/wp\/v2\/pages"}],"about":[{"href":"https:\/\/www.creone.com\/de\/wp-json\/wp\/v2\/types\/page"}],"author":[{"embeddable":true,"href":"https:\/\/www.creone.com\/de\/wp-json\/wp\/v2\/users\/2"}],"replies":[{"embeddable":true,"href":"https:\/\/www.creone.com\/de\/wp-json\/wp\/v2\/comments?post=6575"}],"version-history":[{"count":9,"href":"https:\/\/www.creone.com\/de\/wp-json\/wp\/v2\/pages\/6575\/revisions"}],"predecessor-version":[{"id":20322,"href":"https:\/\/www.creone.com\/de\/wp-json\/wp\/v2\/pages\/6575\/revisions\/20322"}],"wp:attachment":[{"href":"https:\/\/www.creone.com\/de\/wp-json\/wp\/v2\/media?parent=6575"}],"curies":[{"name":"wp","href":"https:\/\/api.w.org\/{rel}","templated":true}]}}