{"id":6546,"date":"2020-07-16T15:45:05","date_gmt":"2020-07-16T13:45:05","guid":{"rendered":"https:\/\/www.creone.com\/?page_id=6546"},"modified":"2021-02-03T09:47:11","modified_gmt":"2021-02-03T08:47:11","slug":"bosch-thermotechnik","status":"publish","type":"page","link":"https:\/\/www.creone.com\/de\/branchenloesungen\/bosch-thermotechnik\/","title":{"rendered":"Bosch Thermotechnik"},"content":{"rendered":"\n    <style>\n        #header-image {\n            background-image: url(https:\/\/www.creone.com\/wp-content\/uploads\/2020\/04\/67871815_342607666623622_6509728965286952960_o.jpg);\n        }\n\n        @media (-webkit-min-device-pixel-ratio: 2),\n        (min-resolution: 192dpi) {\n            #header-image {\n                background-image: url(https:\/\/www.creone.com\/wp-content\/uploads\/2020\/04\/67871815_342607666623622_6509728965286952960_o.jpg);\n            }\n        }\n    <\/style>\n\n    <section\n        class=\"full-width-header-image \"\n        id=\"header-image\"\n        style=\"background-position: center\"><\/section>\n\n                    <div class=\"container-fluid bread-border\">\n            <div class=\"container\">\n                <div class=\"row\">\n                    <div class=\"col-12\">\n                        <p id=\"breadcrumbs\"><span><span><a href=\"https:\/\/www.creone.com\/de\/\">Home<\/a><\/span><\/span><\/p>                    <\/div>\n                <\/div>\n            <\/div>\n        <\/div>\n        <style>\n            .full-width-header-image {\n                margin-bottom: 0rem !important;\n            }\n\n            .bread-border {\n                margin-bottom: 6rem;\n            }\n        <\/style>\n\n\n\n<h6 class=\"headline tight-container wp-block-heading\">Bosch Thermotechnik<\/h6>\n\n\n\n<h1 class=\"tight-container wp-block-heading\">Sicher verwahrt bei Bosch Thermotechnik<\/h1>\n\n\n\n<p class=\"tight-container\">Bosch Thermotechnik AB in Tran\u00e5s, Schweden, ist der weltweit gr\u00f6\u00dfte Hersteller von Heizpumpen! Auch in einer Industrie wie der <a href=\"http:\/\/www.bosch.se\/\">Bosch Thermotechnik AB<\/a> gibt es unz\u00e4hlige Schl\u00fcssel, die verwaltet werden m\u00fcssen. Schl\u00fcssel f\u00fcr Firmenwagen und LKW, Schl\u00fcssel f\u00fcr diverse R\u00e4ume, Maschinen und weitere Fahrzeuge \u2013 all das muss organisiert werden.<\/p>\n\n\n\n    <section class=\"reference-content container\">\n        <div class=\"d-flex flex-wrap-reverse\">\n            <div class=\"sidebar\">\n                                    <div class=\"image mb-4\">\n                        <img decoding=\"async\"\n                            src=\"https:\/\/www.creone.com\/wp-content\/uploads\/2020\/04\/bosch-logo.jpg\"\n                            srcset=\"https:\/\/www.creone.com\/wp-content\/uploads\/2020\/04\/bosch-logo.jpg 1x, https:\/\/www.creone.com\/wp-content\/uploads\/2020\/04\/bosch-logo.jpg 2x\"\n                            class=\"\" \/>\n                    <\/div>\n                                                    <div class=\"title head-font\">Bosch Thermotechnik<\/div>\n                \n                                    <p>In Schweden befindet sich das Kompetenz- und Entwicklungszentrum f\u00fcr W\u00e4rmepumpen des Bosch-Konzerns. Seit mehr als 30 Jahren werden hier W\u00e4rmepumpen entwickelt und hergestellt.<\/p>\n                                <div class=\"mt-5\">\n                                    <\/div>\n            <\/div>\n            <div class=\"content\">\n                                    <h4>Schl\u00fcssel in F\u00e4chern<\/h4>\n<p>\u201eVor gar nicht allzu langer Zeit lagen die meisten Schl\u00fcssel in unterschiedlichen B\u00fcros einfach in irgendwelchen F\u00e4chern. Man wusste nie so genau, wer einen bestimmten Schl\u00fcssel hatte\u201c, sagt Fredrik Arvidsson aus der Wartungsabteilung.<\/p>\n<p>Mittlerweile stehen bei Bosch Thermotechnik neun verschiedene Schl\u00fcsselschr\u00e4nke von Creone. Darunter Schl\u00fcsselschr\u00e4nke f\u00fcr die Organisation privater Schl\u00fcssel und solche, die nur mit einer Zugangskarte zu \u00f6ffnen sind. Im Gro\u00dfen und Ganzen steht in jeder Abteilung ein Schl\u00fcsselschrank!<\/p>\n<p>&nbsp;<\/p>\n<h4>Sichere Aufbewahrung<\/h4>\n<p>\u201eDa denkt man oft gar nicht dar\u00fcber nach, aber mit dem Keycontrol-Schl\u00fcsselverwaltungssystem von Creone sparen wir auch noch Zeit!Das schafft Sicherheit f\u00fcr Bosch Thermotechnik zu wissen, dass die Schl\u00fcssel sicher sind und dass nur wer die Schl\u00fcssel benutzen darf, Schl\u00fcsselschr\u00e4nke \u00f6ffnen und die Schl\u00fcssel nehmen kann. &#8220; Nicht viele Leute denken dar\u00fcber nach, aber mit Creones Keycontrol Key Management System sparen wir auch viel Zeit! Fr\u00fcher ging viel Zeit bei der Organisation und der Suche nach den Schl\u00fcsseln verloren. Jetzt finde ich alle Informationen in meinem Computer\u201c, sagt Fredrik Arvidsson.<\/p>\n<p>KeyBox 9400SC \u2013 zur Kontrolle von Firmenwagen, die sich jeder Mitarbeiter des Unternehmens jederzeit ausleihen kann. Der gesamte Fuhrpark und die dazugeh\u00f6rigen Schl\u00fcssel sind immer im Blick.<\/p>\n<p>KeyBox 9500E \u2013 An einen Kartenleser angeschlossen, \u00fcber den die T\u00fcr ge\u00f6ffnet werden kann. In diesem Schl\u00fcsselschrank befinden sich alle LKW-Schl\u00fcssel.<\/p>\n<p>KeyBox 9500B \u2013 ein solcher Schl\u00fcsselschrank steht in der Wartungsabteilung. Hier sind die Schl\u00fcssel f\u00fcr unterschiedliche R\u00e4ume, Maschinen, Fahrzeuge usw. aufbewahrt.<\/p>\n                            <\/div>\n        <\/div>\n    <\/section>\n    <style>\n        .top-border {\n            border-top: 2px solid rgba(211, 211, 211, 0.5);\n            margin-bottom: 30px;\n        }\n    <\/style>\n\n\n        <div class=\"container-fluid bread-border\">\n            <div class=\"container\">\n                <div class=\"row\">\n                    <div class=\"col-12\">\n                                            <\/div>\n                <\/div>\n            <\/div>\n        <\/div>\n        <section class=\"full-width-form  \">\n        <div class=\"container d-flex flex-wrap\">\n            <div class=\"content\">\n                                    <h2 class=\"fade-in\">Buchen Sie eine Vorf\u00fchrung mit unseren Verk\u00e4ufern <\/h2>\n                                                    <p class=\"fade-in\">Erfahren Sie noch heute, wie Sie Ihre Schl\u00fcssel auf bestm\u00f6gliche Art und Weise verwalten und Sachen aufbewahren k\u00f6nnen.  <\/p>\n                                                    <img decoding=\"async\" src=\"https:\/\/www.creone.com\/wp-content\/uploads\/2020\/04\/KeyWin6screens_box_SE_outline-4-900x450.png\" alt=\"\" srcset=\"https:\/\/www.creone.com\/wp-content\/uploads\/2020\/04\/KeyWin6screens_box_SE_outline-4-900x450.png 1x, https:\/\/www.creone.com\/wp-content\/uploads\/2020\/04\/KeyWin6screens_box_SE_outline-4-1750x900.png 2x\" class=\"fade-in-up\">\n                            <\/div>\n\n            <div class=\"hubspot-form-container fade-in-left\">\n                                                    <script charset=\"utf-8\" type=\"text\/javascript\" src=\"\/\/js.hsforms.net\/forms\/shell.js\"><\/script> <script>   hbspt.forms.create({ \tportalId: \"6969693\", \tformId: \"1dce4ef6-ab6d-4210-bc2e-6762ad907fbf\" }); <\/script>                            <\/div>\n\n                    <\/div>\n    <\/section>\n\n\n\n\n<section class=\"cards-with-tab-nav container\">\n\n\t\t\t<h2 class=\"text-center text-blue\">Schl\u00fcsselverwaltungssystem ausw\u00e4hlen<\/h2>\n\t\n\t\t\t\n\t\t\t<div class=\"tabnav\">\n\t\t\t\t<ul>\n\t\t\t\t\t\t\t\t\t\t\t\t\t\t\t\t\t\t<li class=\"tab-item\" data-tab-content=schl\u00fcsselschrank><span>Schl\u00fcsselschrank<\/span><\/li>\n\t\t\t\t\t\t\t\t\t\t\t\t\t\t\t\t\t\t\t\t\t\t\t\t<li class=\"tab-item\" data-tab-content=schl\u00fcsselleisten><span>Schl\u00fcsselleisten<\/span><\/li>\n\t\t\t\t\t\t\t\t\t\t\t\t\t\t\t<\/ul>\n\t\t\t<\/div>\n\t\t\n\t\t\t\t\t<div class=\"tab-content card-section\" data-tab-content=\"schl\u00fcsselschrank\">\n\t\t\t\t\t\t\t\t\t<div class=\"card\">\n\t\t\t\t\t\t\t\t\t\t\t\t\t\t\t\t\t\t\t\t<img decoding=\"async\" class=\"card-img-top \" src=\"https:\/\/www.creone.com\/wp-content\/uploads\/2020\/03\/9700Keycontrol-open3-480x260.jpg\" alt=\"Der intelligente Schl\u00fcsselschrank 9600SC der Serie KeyBox wird f\u00fcr die Schl\u00fcsselverwaltung verwendet\">\n\t\t\t\t\t\t\n\t\t\t\t\t\t<div class=\"card-body text-align-left \">\n\t\t\t\t\t\t\t\t\t\t\t\t\t\t\t<img decoding=\"async\" src=\"https:\/\/www.creone.com\/wp-content\/uploads\/2020\/03\/keybox-logotyp.png\" alt=\"KeyBox-Logo f\u00fcr Schl\u00fcsselaufbewahrung\">\n\t\t\t\t\t\t\t\n\t\t\t\t\t\t\t\t\t\t\t\t\t\t\t<span class=\"text-primary\">Die Keycontrol-Serie<\/span>\n\t\t\t\t\t\t\t\n\t\t\t\t\t\t\t\n\t\t\t\t\t\t\t\t\t\t\t\t\t\t\t<p class=\"text-primary\">Das intelligente System mit elektronischer Schl\u00fcsselidentifikation. <\/p>\n\t\t\t\t\t\t\t\n\t\t\t\t\t\t\t\t\t\t\t\t\t\t\t\t\t\t\t\t\t\t\t<a href=\"\/de\/produkte\/keybox\/keycontrol\/\" class=\"button btn-link with-arrow\" target=\"\">\n\t\t\t\t\t\t\t\t\tErkunden\t\t\t\t\t\t\t\t<\/a>\n\t\t\t\t\t\t\t\n\t\t\t\t\t\t<\/div>\n\t\t\t\t\t<\/div>\n\t\t\t\t\t\t\t\t\t<div class=\"card\">\n\t\t\t\t\t\t\t\t\t\t\t\t\t\t\t\t\t\t\t\t<img decoding=\"async\" class=\"card-img-top \" src=\"https:\/\/www.creone.com\/wp-content\/uploads\/2020\/03\/9001System-zoomed-480x260.jpg\" alt=\"KeyBox Schl\u00fcsselausgabeschrank System f\u00fcr die Schl\u00fcsselverwaltung\">\n\t\t\t\t\t\t\n\t\t\t\t\t\t<div class=\"card-body text-align-left \">\n\t\t\t\t\t\t\t\t\t\t\t\t\t\t\t<img decoding=\"async\" src=\"https:\/\/www.creone.com\/wp-content\/uploads\/2020\/03\/keybox-logotyp.png\" alt=\"KeyBox-Logo f\u00fcr Schl\u00fcsselaufbewahrung\">\n\t\t\t\t\t\t\t\n\t\t\t\t\t\t\t\t\t\t\t\t\t\t\t<span class=\"text-primary\">Die Serie System<\/span>\n\t\t\t\t\t\t\t\n\t\t\t\t\t\t\t\n\t\t\t\t\t\t\t\t\t\t\t\t\t\t\t<p class=\"text-primary\">Speichert alle Ereignisse f\u00fcr die elektronische Schl\u00fcsselausgabe.<\/p>\n\t\t\t\t\t\t\t\n\t\t\t\t\t\t\t\t\t\t\t\t\t\t\t\t\t\t\t\t\t\t\t<a href=\"\/de\/produkte\/keybox\/system\/\" class=\"button btn-link with-arrow\" target=\"\">\n\t\t\t\t\t\t\t\t\tErkunden\t\t\t\t\t\t\t\t<\/a>\n\t\t\t\t\t\t\t\n\t\t\t\t\t\t<\/div>\n\t\t\t\t\t<\/div>\n\t\t\t\t\t\t\t\t\t<div class=\"card\">\n\t\t\t\t\t\t\t\t\t\t\t\t\t\t\t\t\t\t\t\t<img decoding=\"async\" class=\"card-img-top \" src=\"https:\/\/www.creone.com\/wp-content\/uploads\/2020\/03\/9001Baisc-zoomed-480x260.jpg\" alt=\"KeyBox Schl\u00fcsselausgabeschrank Basic f\u00fcr die Schl\u00fcsselverwaltung\">\n\t\t\t\t\t\t\n\t\t\t\t\t\t<div class=\"card-body text-align-left \">\n\t\t\t\t\t\t\t\t\t\t\t\t\t\t\t<img decoding=\"async\" src=\"https:\/\/www.creone.com\/wp-content\/uploads\/2020\/03\/keybox-logotyp.png\" alt=\"KeyBox-Logo f\u00fcr Schl\u00fcsselaufbewahrung\">\n\t\t\t\t\t\t\t\n\t\t\t\t\t\t\t\t\t\t\t\t\t\t\t<span class=\"text-primary\">Die Serie Basic<\/span>\n\t\t\t\t\t\t\t\n\t\t\t\t\t\t\t\n\t\t\t\t\t\t\t\t\t\t\t\t\t\t\t<p class=\"text-primary\">Die einfachste L\u00f6sung f\u00fcr die elektronische Schl\u00fcsselausgabe.<\/p>\n\t\t\t\t\t\t\t\n\t\t\t\t\t\t\t\t\t\t\t\t\t\t\t\t\t\t\t\t\t\t\t<a href=\"\/de\/produkte\/keybox\/basic\/\" class=\"button btn-link with-arrow\" target=\"\">\n\t\t\t\t\t\t\t\t\tErkunden\t\t\t\t\t\t\t\t<\/a>\n\t\t\t\t\t\t\t\n\t\t\t\t\t\t<\/div>\n\t\t\t\t\t<\/div>\n\t\t\t\t\t\t\t<\/div>\n\t\t\t\t\t<div class=\"tab-content card-section\" data-tab-content=\"schl\u00fcsselleisten\">\n\t\t\t\t\t\t\t\t\t<div class=\"single-card\">\n\t\t\t\t\t\t\t\t\t\t\t\t\t\t\t\t\t\t\t\t<img decoding=\"async\" class=\"card-img-top \" src=\"https:\/\/www.creone.com\/wp-content\/uploads\/2020\/08\/keyrack_rfid_env.jpg\" alt=\"45 stycken intelligenta nyckelister med kontrollbox monterade p\u00e5 v\u00e4gg och nyckelsk\u00e5p f\u00f6r en unik nyckelhantering. \">\n\t\t\t\t\t\t\n\t\t\t\t\t\t<div class=\"card-body text-align-left \">\n\t\t\t\t\t\t\t\t\t\t\t\t\t\t\t<img decoding=\"async\" src=\"https:\/\/www.creone.com\/wp-content\/uploads\/2020\/03\/keyrack-logotyp.png\" alt=\"KeyRack-Logo f\u00fcr Schl\u00fcsselverwaltung\">\n\t\t\t\t\t\t\t\n\t\t\t\t\t\t\t\n\t\t\t\t\t\t\t\t\t\t\t\t\t\t\t<h3 class=\"text-blue\">Zug\u00e4ngliche und flexible Schl\u00fcsselverwaltung<\/h3>\n\t\t\t\t\t\t\t\n\t\t\t\t\t\t\t\t\t\t\t\t\t\t\t<p class=\"text-primary\">Verbinden Sie Ihre Schl\u00fcssel mit IntelliPin-Schl\u00fcsseltranspondern und h\u00e4ngen Sie die Schl\u00fcssel in die verriegelbaren bzw. nicht verriegelbaren Schl\u00fcsselleisten des KeyRack-Systems an die Wand oder in einen Schrank. Ein umfassender \u00dcberblick und eine vollst\u00e4ndige Kontrolle des Schl\u00fcsselbestands k\u00f6nnen nicht einfacher sein<\/p>\n\t\t\t\t\t\t\t\n\t\t\t\t\t\t\t\t\t\t\t\t\t\t\t\t\t\t\t\t\t\t\t<a href=\"\/de\/produkte\/keyrack\/\" class=\"button btn-link with-arrow\" target=\"\">\n\t\t\t\t\t\t\t\t\tErkunden\t\t\t\t\t\t\t\t<\/a>\n\t\t\t\t\t\t\t\n\t\t\t\t\t\t<\/div>\n\t\t\t\t\t<\/div>\n\t\t\t\t\t\t\t<\/div>\n\t\t\t\n<\/section>\n\n\n\n            <section class=\"row-with-separator container\">\n                            <div class=\"content\">\n                    <h3>Buchen Sie eine Vorf\u00fchrung<\/h3>\n                    <p>\n                        Lassen Sie uns Ihnen noch heute zeigen, wie Sie Ihre Schl\u00fcssel und Wertsachen optimal aufbewahren k\u00f6nnen.                     <\/p>\n                    <a class=\"button btn-link with-arrow\" href=\"\/de\/vorfuehrung\/\" target=>Buchen Sie jetzt<\/a>\n                <\/div>\n                            <div class=\"content\">\n                    <h3>Finden Sie Ihren Fachh\u00e4ndler<\/h3>\n                    <p>\n                        Suchen Sie in der Karte oder in der Suchleiste einen Fachh\u00e4ndler. Unabh\u00e4ngig davon, ob Sie bereits \u00fcber ein System verf\u00fcgen oder eine neue L\u00f6sung suchen &#8211; wir helfen Ihnen.                     <\/p>\n                    <a class=\"button btn-link with-arrow\" href=\"\/de\/fachhaendler-finden\/\" target=>Jetzt finden<\/a>\n                <\/div>\n                    <\/section>\n    ","protected":false},"excerpt":{"rendered":"<p>Bosch Thermotechnik Sicher verwahrt bei Bosch Thermotechnik Bosch Thermotechnik AB in Tran\u00e5s, Schweden, ist der weltweit gr\u00f6\u00dfte Hersteller von Heizpumpen! Auch in einer Industrie wie der Bosch Thermotechnik AB gibt es unz\u00e4hlige Schl\u00fcssel, die verwaltet werden m\u00fcssen. Schl\u00fcssel f\u00fcr Firmenwagen und LKW, Schl\u00fcssel f\u00fcr diverse R\u00e4ume, Maschinen und weitere Fahrzeuge \u2013 all das muss organisiert [&hellip;]<\/p>\n","protected":false},"author":2,"featured_media":0,"parent":6575,"menu_order":0,"comment_status":"closed","ping_status":"closed","template":"page-without-container.php","meta":{"_acf_changed":false,"content-type":"","footnotes":""},"class_list":["post-6546","page","type-page","status-publish","hentry"],"acf":[],"yoast_head":"<!-- This site is optimized with the Yoast SEO plugin v26.7 - https:\/\/yoast.com\/wordpress\/plugins\/seo\/ -->\n<title>Gesch\u00fctzte und sichere Schl\u00fcsselverwaltung | Bosch Thermotechnik | Creone<\/title>\n<meta name=\"description\" content=\"Gesch\u00fctzte und sichere Schl\u00fcsselverwaltung mit Schl\u00fcsselschr\u00e4nken aus der Keycontrol-Serie.\" \/>\n<meta name=\"robots\" content=\"index, follow, max-snippet:-1, max-image-preview:large, max-video-preview:-1\" \/>\n<link rel=\"canonical\" href=\"https:\/\/www.creone.com\/de\/branchenloesungen\/bosch-thermotechnik\/\" \/>\n<meta property=\"og:locale\" content=\"de_DE\" \/>\n<meta property=\"og:type\" content=\"article\" \/>\n<meta property=\"og:title\" content=\"Gesch\u00fctzte und sichere Schl\u00fcsselverwaltung | Bosch Thermotechnik | Creone\" \/>\n<meta property=\"og:description\" content=\"Gesch\u00fctzte und sichere Schl\u00fcsselverwaltung mit Schl\u00fcsselschr\u00e4nken aus der Keycontrol-Serie.\" \/>\n<meta property=\"og:url\" content=\"https:\/\/www.creone.com\/de\/branchenloesungen\/bosch-thermotechnik\/\" \/>\n<meta property=\"og:site_name\" content=\"Creone\" \/>\n<meta property=\"article:modified_time\" content=\"2021-02-03T08:47:11+00:00\" \/>\n<meta name=\"twitter:card\" content=\"summary_large_image\" \/>\n<script type=\"application\/ld+json\" class=\"yoast-schema-graph\">{\"@context\":\"https:\/\/schema.org\",\"@graph\":[{\"@type\":\"WebPage\",\"@id\":\"https:\/\/www.creone.com\/de\/branchenloesungen\/bosch-thermotechnik\/\",\"url\":\"https:\/\/www.creone.com\/de\/branchenloesungen\/bosch-thermotechnik\/\",\"name\":\"Gesch\u00fctzte und sichere Schl\u00fcsselverwaltung | Bosch Thermotechnik | Creone\",\"isPartOf\":{\"@id\":\"https:\/\/www.creone.com\/de\/#website\"},\"datePublished\":\"2020-07-16T13:45:05+00:00\",\"dateModified\":\"2021-02-03T08:47:11+00:00\",\"description\":\"Gesch\u00fctzte und sichere Schl\u00fcsselverwaltung mit Schl\u00fcsselschr\u00e4nken aus der Keycontrol-Serie.\",\"breadcrumb\":{\"@id\":\"https:\/\/www.creone.com\/de\/branchenloesungen\/bosch-thermotechnik\/#breadcrumb\"},\"inLanguage\":\"de\",\"potentialAction\":[{\"@type\":\"ReadAction\",\"target\":[\"https:\/\/www.creone.com\/de\/branchenloesungen\/bosch-thermotechnik\/\"]}]},{\"@type\":\"BreadcrumbList\",\"@id\":\"https:\/\/www.creone.com\/de\/branchenloesungen\/bosch-thermotechnik\/#breadcrumb\",\"itemListElement\":[{\"@type\":\"ListItem\",\"position\":1,\"name\":\"Home\",\"item\":\"https:\/\/www.creone.com\/de\/\"},{\"@type\":\"ListItem\",\"position\":2,\"name\":\"Branchenl\u00f6sungen\",\"item\":\"https:\/\/www.creone.com\/de\/branchenloesungen\/\"},{\"@type\":\"ListItem\",\"position\":3,\"name\":\"Bosch Thermotechnik\"}]},{\"@type\":\"WebSite\",\"@id\":\"https:\/\/www.creone.com\/de\/#website\",\"url\":\"https:\/\/www.creone.com\/de\/\",\"name\":\"Creone\",\"description\":\"En till WordPress-webbplats\",\"potentialAction\":[{\"@type\":\"SearchAction\",\"target\":{\"@type\":\"EntryPoint\",\"urlTemplate\":\"https:\/\/www.creone.com\/de\/?s={search_term_string}\"},\"query-input\":{\"@type\":\"PropertyValueSpecification\",\"valueRequired\":true,\"valueName\":\"search_term_string\"}}],\"inLanguage\":\"de\"}]}<\/script>\n<!-- \/ Yoast SEO plugin. -->","yoast_head_json":{"title":"Gesch\u00fctzte und sichere Schl\u00fcsselverwaltung | Bosch Thermotechnik | Creone","description":"Gesch\u00fctzte und sichere Schl\u00fcsselverwaltung mit Schl\u00fcsselschr\u00e4nken aus der Keycontrol-Serie.","robots":{"index":"index","follow":"follow","max-snippet":"max-snippet:-1","max-image-preview":"max-image-preview:large","max-video-preview":"max-video-preview:-1"},"canonical":"https:\/\/www.creone.com\/de\/branchenloesungen\/bosch-thermotechnik\/","og_locale":"de_DE","og_type":"article","og_title":"Gesch\u00fctzte und sichere Schl\u00fcsselverwaltung | Bosch Thermotechnik | Creone","og_description":"Gesch\u00fctzte und sichere Schl\u00fcsselverwaltung mit Schl\u00fcsselschr\u00e4nken aus der Keycontrol-Serie.","og_url":"https:\/\/www.creone.com\/de\/branchenloesungen\/bosch-thermotechnik\/","og_site_name":"Creone","article_modified_time":"2021-02-03T08:47:11+00:00","twitter_card":"summary_large_image","schema":{"@context":"https:\/\/schema.org","@graph":[{"@type":"WebPage","@id":"https:\/\/www.creone.com\/de\/branchenloesungen\/bosch-thermotechnik\/","url":"https:\/\/www.creone.com\/de\/branchenloesungen\/bosch-thermotechnik\/","name":"Gesch\u00fctzte und sichere Schl\u00fcsselverwaltung | Bosch Thermotechnik | Creone","isPartOf":{"@id":"https:\/\/www.creone.com\/de\/#website"},"datePublished":"2020-07-16T13:45:05+00:00","dateModified":"2021-02-03T08:47:11+00:00","description":"Gesch\u00fctzte und sichere Schl\u00fcsselverwaltung mit Schl\u00fcsselschr\u00e4nken aus der Keycontrol-Serie.","breadcrumb":{"@id":"https:\/\/www.creone.com\/de\/branchenloesungen\/bosch-thermotechnik\/#breadcrumb"},"inLanguage":"de","potentialAction":[{"@type":"ReadAction","target":["https:\/\/www.creone.com\/de\/branchenloesungen\/bosch-thermotechnik\/"]}]},{"@type":"BreadcrumbList","@id":"https:\/\/www.creone.com\/de\/branchenloesungen\/bosch-thermotechnik\/#breadcrumb","itemListElement":[{"@type":"ListItem","position":1,"name":"Home","item":"https:\/\/www.creone.com\/de\/"},{"@type":"ListItem","position":2,"name":"Branchenl\u00f6sungen","item":"https:\/\/www.creone.com\/de\/branchenloesungen\/"},{"@type":"ListItem","position":3,"name":"Bosch Thermotechnik"}]},{"@type":"WebSite","@id":"https:\/\/www.creone.com\/de\/#website","url":"https:\/\/www.creone.com\/de\/","name":"Creone","description":"En till WordPress-webbplats","potentialAction":[{"@type":"SearchAction","target":{"@type":"EntryPoint","urlTemplate":"https:\/\/www.creone.com\/de\/?s={search_term_string}"},"query-input":{"@type":"PropertyValueSpecification","valueRequired":true,"valueName":"search_term_string"}}],"inLanguage":"de"}]}},"_links":{"self":[{"href":"https:\/\/www.creone.com\/de\/wp-json\/wp\/v2\/pages\/6546","targetHints":{"allow":["GET"]}}],"collection":[{"href":"https:\/\/www.creone.com\/de\/wp-json\/wp\/v2\/pages"}],"about":[{"href":"https:\/\/www.creone.com\/de\/wp-json\/wp\/v2\/types\/page"}],"author":[{"embeddable":true,"href":"https:\/\/www.creone.com\/de\/wp-json\/wp\/v2\/users\/2"}],"replies":[{"embeddable":true,"href":"https:\/\/www.creone.com\/de\/wp-json\/wp\/v2\/comments?post=6546"}],"version-history":[{"count":10,"href":"https:\/\/www.creone.com\/de\/wp-json\/wp\/v2\/pages\/6546\/revisions"}],"predecessor-version":[{"id":18520,"href":"https:\/\/www.creone.com\/de\/wp-json\/wp\/v2\/pages\/6546\/revisions\/18520"}],"up":[{"embeddable":true,"href":"https:\/\/www.creone.com\/de\/wp-json\/wp\/v2\/pages\/6575"}],"wp:attachment":[{"href":"https:\/\/www.creone.com\/de\/wp-json\/wp\/v2\/media?parent=6546"}],"curies":[{"name":"wp","href":"https:\/\/api.w.org\/{rel}","templated":true}]}}