{"id":18435,"date":"2022-12-09T15:11:57","date_gmt":"2022-12-09T14:11:57","guid":{"rendered":"https:\/\/www.creone.com\/?page_id=18435"},"modified":"2026-01-28T15:58:35","modified_gmt":"2026-01-28T14:58:35","slug":"garde","status":"publish","type":"page","link":"https:\/\/www.creone.com\/de\/branchenloesungen\/garde\/","title":{"rendered":"Garde"},"content":{"rendered":"\n    <style>\n        #header-image {\n            background-image: url(https:\/\/www.creone.com\/wp-content\/uploads\/2022\/12\/iStock-1408290264-resize.jpg);\n        }\n\n        @media (-webkit-min-device-pixel-ratio: 2),\n        (min-resolution: 192dpi) {\n            #header-image {\n                background-image: url(https:\/\/www.creone.com\/wp-content\/uploads\/2022\/12\/iStock-1408290264-resize.jpg);\n            }\n        }\n    <\/style>\n\n    <section\n        class=\"full-width-header-image \"\n        id=\"header-image\"\n        style=\"background-position: top\"><\/section>\n\n                    <div class=\"container-fluid bread-border\">\n            <div class=\"container\">\n                <div class=\"row\">\n                    <div class=\"col-12\">\n                        <p id=\"breadcrumbs\"><span><span><a href=\"https:\/\/www.creone.com\/de\/\">Home<\/a><\/span><\/span><\/p>                    <\/div>\n                <\/div>\n            <\/div>\n        <\/div>\n        <style>\n            .full-width-header-image {\n                margin-bottom: 0rem !important;\n            }\n\n            .bread-border {\n                margin-bottom: 6rem;\n            }\n        <\/style>\n\n\n\n<h6 class=\"wp-block-heading headline tight-container\">Garde GMBH&nbsp;<\/h6>\n\n\n\n<h1 class=\"wp-block-heading tight-container\">Einfacheres Handling und h\u00f6heres Sicherheitsniveau f\u00fcr Garde<\/h1>\n\n\n\n<p class=\"tight-container\">Die Garde GmbH ist ein deutscher Sicherheitsdienstleister mit Zertifizierungen und hohen Qualit\u00e4tstandards in den Bereichen Qualit\u00e4tsmanagement und Sicherheitsdienstleistungen. Der Name des 1999 gegr\u00fcndeten Unternehmens leitet sich vom franz\u00f6sischen Wort \u201egarder&#8220; f\u00fcr sch\u00fctzen, beh\u00fcten oder bewachen ab. Diese Aufgabe nimmt das Unternehmen \u00e4u\u00dferst ernst und es befasst sich als erfahrener Dienstleister mit allen Aspekten des t\u00e4glichen Lebens, in denen die Begriffe \u201eSchutz\u201c und \u201eSicherheit\u201c eine gro\u00dfe Rolle spielen.<\/p>\n\n\n\n    <section class=\"reference-content container\">\n        <div class=\"d-flex flex-wrap-reverse\">\n            <div class=\"sidebar\">\n                                    <div class=\"image mb-4\">\n                        <img decoding=\"async\"\n                            src=\"https:\/\/www.creone.com\/wp-content\/uploads\/2022\/12\/Garde-logo.jpg\"\n                            srcset=\"https:\/\/www.creone.com\/wp-content\/uploads\/2022\/12\/Garde-logo.jpg 1x, https:\/\/www.creone.com\/wp-content\/uploads\/2022\/12\/Garde-logo.jpg 2x\"\n                            class=\"\" \/>\n                    <\/div>\n                                                    <div class=\"title head-font\">Garde<\/div>\n                \n                                    <p>Die Garde GmbH ist ein deutscher Sicherheitsdienstleister mit Zertifizierungen und hohen Qualit\u00e4tstandards in den Bereichen Qualit\u00e4tsmanagement und Sicherheitsdienstleistungen. <\/p>\n                                <div class=\"mt-5\">\n                                    <\/div>\n            <\/div>\n            <div class=\"content\">\n                                    <p style=\"font-weight: 400;\">Als Gardes Schl\u00fcsselverwaltungssystem drohte, technisch zu veraltern, machte man sich auf die Suche nach einem neuen System, das die hohen Sicherheitsstandards der Branche erf\u00fcllen konnte. Die Suche dauerte nicht lang, da man sehr bald auf Creone stie\u00df und dessen Preis-Leistungs-Verh\u00e4ltnis f\u00fcr angemessen hielt. Au\u00dferdem erkannte man bei Garde die Vorteile und M\u00f6glichkeiten, die die Aufbewahrung von Schl\u00fcsseln in einem Schl\u00fcsselschrank mit elektronischer \u00dcberwachung bietet \u2013 ein Element, das ihrem bisherigen System fehlte.<\/p>\n<p style=\"font-weight: 400;\">Mittlerweile kann Garde seinen Schl\u00fcsselschrank \u00fcberwachen und \u00fcber ein intelligentes Schl\u00fcsselverwaltungssystem verfolgen, wer wann welchen Schl\u00fcssel entnommen hat. Neben einer einfacheren Handhabung bringt dies au\u00dferdem ein erh\u00f6htes Ma\u00df an Sicherheit mit sich. Dabei wurden gleichzeitig die internen Kosten gesenkt und es konnte verhindert werden, dass Schl\u00fcssel verloren gehen.<\/p>\n<p style=\"font-weight: 400;\">\u2013 Die Anzahl der von uns verwalteten Schl\u00fcssel hat in den letzten f\u00fcnf Jahren zugenommen. Daher ist das intelligente Schl\u00fcssel\u00fcberwachungssystem sowie das enthaltene Ereignisprotokoll, das uns zeigt, wer wann welchen Schl\u00fcssel entnommen hat, f\u00fcr uns mittlerweile unentbehrlich geworden. Denn nicht jeder darf auf jeden Schl\u00fcssel in unserem Schl\u00fcsselschrank zugreifen. Wir sind mit unserem intelligenten \u00dcberwachungssystem von Creone mehr als zufrieden, erkl\u00e4rt Prabu B\u00fcttner von der Garde GmbH.<\/p>\n<p style=\"font-weight: 400;\">Bei Garde hat man sich f\u00fcr die KeyBox SC (aus der Serie KeyControl) mit KeyWin6 entschieden. Au\u00dferdem erfolgte 2022 bereits ein Upgrade auf eine IoT- und Cloud-L\u00f6sung f\u00fcr noch mehr Flexibilit\u00e4t im System.<\/p>\n                            <\/div>\n        <\/div>\n    <\/section>\n    <style>\n        .top-border {\n            border-top: 2px solid rgba(211, 211, 211, 0.5);\n            margin-bottom: 30px;\n        }\n    <\/style>\n\n\n        <div class=\"container-fluid bread-border\">\n            <div class=\"container\">\n                <div class=\"row\">\n                    <div class=\"col-12\">\n                                            <\/div>\n                <\/div>\n            <\/div>\n        <\/div>\n        <section class=\"full-width-form  \">\n        <div class=\"container d-flex flex-wrap\">\n            <div class=\"content\">\n                                    <h2 class=\"fade-in\">Buchen Sie eine Vorf\u00fchrung mit unseren Verk\u00e4ufern <\/h2>\n                                                    <p class=\"fade-in\">Erfahren Sie noch heute, wie Sie Ihre Schl\u00fcssel auf bestm\u00f6gliche Art und Weise verwalten und Sachen aufbewahren k\u00f6nnen.  <\/p>\n                                                    <img decoding=\"async\" src=\"https:\/\/www.creone.com\/wp-content\/uploads\/2020\/04\/KeyWin6screens_box_SE_outline-4-900x450.png\" alt=\"\" srcset=\"https:\/\/www.creone.com\/wp-content\/uploads\/2020\/04\/KeyWin6screens_box_SE_outline-4-900x450.png 1x, https:\/\/www.creone.com\/wp-content\/uploads\/2020\/04\/KeyWin6screens_box_SE_outline-4-1750x900.png 2x\" class=\"fade-in-up\">\n                            <\/div>\n\n            <div class=\"hubspot-form-container fade-in-left\">\n                                                    <script charset=\"utf-8\" type=\"text\/javascript\" src=\"\/\/js.hsforms.net\/forms\/shell.js\"><\/script> <script>   hbspt.forms.create({ \tportalId: \"6969693\", \tformId: \"1dce4ef6-ab6d-4210-bc2e-6762ad907fbf\" }); <\/script>                            <\/div>\n\n                    <\/div>\n    <\/section>\n\n\n\n\n<section class=\"cards-with-tab-nav container\">\n\n\t\t\t<h2 class=\"text-center text-blue\">Schl\u00fcsselverwaltungssystem ausw\u00e4hlen<\/h2>\n\t\n\t\t\t\n\t\t\t<div class=\"tabnav\">\n\t\t\t\t<ul>\n\t\t\t\t\t\t\t\t\t\t\t\t\t\t\t\t\t\t<li class=\"tab-item\" data-tab-content=schl\u00fcsselschrank><span>Schl\u00fcsselschrank<\/span><\/li>\n\t\t\t\t\t\t\t\t\t\t\t\t\t\t\t\t\t\t\t\t\t\t\t\t<li class=\"tab-item\" data-tab-content=schl\u00fcsselleisten><span>Schl\u00fcsselleisten<\/span><\/li>\n\t\t\t\t\t\t\t\t\t\t\t\t\t\t\t<\/ul>\n\t\t\t<\/div>\n\t\t\n\t\t\t\t\t<div class=\"tab-content card-section\" data-tab-content=\"schl\u00fcsselschrank\">\n\t\t\t\t\t\t\t\t\t<div class=\"card\">\n\t\t\t\t\t\t\t\t\t\t\t\t\t\t\t\t\t\t\t\t<img decoding=\"async\" class=\"card-img-top \" src=\"https:\/\/www.creone.com\/wp-content\/uploads\/2020\/03\/9700Keycontrol-open3-480x260.jpg\" alt=\"Der intelligente Schl\u00fcsselschrank 9600SC der Serie KeyBox wird f\u00fcr die Schl\u00fcsselverwaltung verwendet\">\n\t\t\t\t\t\t\n\t\t\t\t\t\t<div class=\"card-body text-align-left \">\n\t\t\t\t\t\t\t\t\t\t\t\t\t\t\t<img decoding=\"async\" src=\"https:\/\/www.creone.com\/wp-content\/uploads\/2020\/03\/keybox-logotyp.png\" alt=\"KeyBox-Logo f\u00fcr Schl\u00fcsselaufbewahrung\">\n\t\t\t\t\t\t\t\n\t\t\t\t\t\t\t\t\t\t\t\t\t\t\t<span class=\"text-primary\">Die Keycontrol-Serie<\/span>\n\t\t\t\t\t\t\t\n\t\t\t\t\t\t\t\n\t\t\t\t\t\t\t\t\t\t\t\t\t\t\t<p class=\"text-primary\">Das intelligente System mit elektronischer Schl\u00fcsselidentifikation. <\/p>\n\t\t\t\t\t\t\t\n\t\t\t\t\t\t\t\t\t\t\t\t\t\t\t\t\t\t\t\t\t\t\t<a href=\"\/de\/produkte\/keybox\/keycontrol\/\" class=\"button btn-link with-arrow\" target=\"\">\n\t\t\t\t\t\t\t\t\tErkunden\t\t\t\t\t\t\t\t<\/a>\n\t\t\t\t\t\t\t\n\t\t\t\t\t\t<\/div>\n\t\t\t\t\t<\/div>\n\t\t\t\t\t\t\t\t\t<div class=\"card\">\n\t\t\t\t\t\t\t\t\t\t\t\t\t\t\t\t\t\t\t\t<img decoding=\"async\" class=\"card-img-top \" src=\"https:\/\/www.creone.com\/wp-content\/uploads\/2020\/03\/9001System-zoomed-480x260.jpg\" alt=\"KeyBox Schl\u00fcsselausgabeschrank System f\u00fcr die Schl\u00fcsselverwaltung\">\n\t\t\t\t\t\t\n\t\t\t\t\t\t<div class=\"card-body text-align-left \">\n\t\t\t\t\t\t\t\t\t\t\t\t\t\t\t<img decoding=\"async\" src=\"https:\/\/www.creone.com\/wp-content\/uploads\/2020\/03\/keybox-logotyp.png\" alt=\"KeyBox-Logo f\u00fcr Schl\u00fcsselaufbewahrung\">\n\t\t\t\t\t\t\t\n\t\t\t\t\t\t\t\t\t\t\t\t\t\t\t<span class=\"text-primary\">Die Serie System<\/span>\n\t\t\t\t\t\t\t\n\t\t\t\t\t\t\t\n\t\t\t\t\t\t\t\t\t\t\t\t\t\t\t<p class=\"text-primary\">Speichert alle Ereignisse f\u00fcr die elektronische Schl\u00fcsselausgabe.<\/p>\n\t\t\t\t\t\t\t\n\t\t\t\t\t\t\t\t\t\t\t\t\t\t\t\t\t\t\t\t\t\t\t<a href=\"\/de\/produkte\/keybox\/system\/\" class=\"button btn-link with-arrow\" target=\"\">\n\t\t\t\t\t\t\t\t\tErkunden\t\t\t\t\t\t\t\t<\/a>\n\t\t\t\t\t\t\t\n\t\t\t\t\t\t<\/div>\n\t\t\t\t\t<\/div>\n\t\t\t\t\t\t\t\t\t<div class=\"card\">\n\t\t\t\t\t\t\t\t\t\t\t\t\t\t\t\t\t\t\t\t<img decoding=\"async\" class=\"card-img-top \" src=\"https:\/\/www.creone.com\/wp-content\/uploads\/2020\/03\/9001Baisc-zoomed-480x260.jpg\" alt=\"KeyBox Schl\u00fcsselausgabeschrank Basic f\u00fcr die Schl\u00fcsselverwaltung\">\n\t\t\t\t\t\t\n\t\t\t\t\t\t<div class=\"card-body text-align-left \">\n\t\t\t\t\t\t\t\t\t\t\t\t\t\t\t<img decoding=\"async\" src=\"https:\/\/www.creone.com\/wp-content\/uploads\/2020\/03\/keybox-logotyp.png\" alt=\"KeyBox-Logo f\u00fcr Schl\u00fcsselaufbewahrung\">\n\t\t\t\t\t\t\t\n\t\t\t\t\t\t\t\t\t\t\t\t\t\t\t<span class=\"text-primary\">Die Serie Basic<\/span>\n\t\t\t\t\t\t\t\n\t\t\t\t\t\t\t\n\t\t\t\t\t\t\t\t\t\t\t\t\t\t\t<p class=\"text-primary\">Die einfachste L\u00f6sung f\u00fcr die elektronische Schl\u00fcsselausgabe.<\/p>\n\t\t\t\t\t\t\t\n\t\t\t\t\t\t\t\t\t\t\t\t\t\t\t\t\t\t\t\t\t\t\t<a href=\"\/de\/produkte\/keybox\/basic\/\" class=\"button btn-link with-arrow\" target=\"\">\n\t\t\t\t\t\t\t\t\tErkunden\t\t\t\t\t\t\t\t<\/a>\n\t\t\t\t\t\t\t\n\t\t\t\t\t\t<\/div>\n\t\t\t\t\t<\/div>\n\t\t\t\t\t\t\t<\/div>\n\t\t\t\t\t<div class=\"tab-content card-section\" data-tab-content=\"schl\u00fcsselleisten\">\n\t\t\t\t\t\t\t\t\t<div class=\"single-card\">\n\t\t\t\t\t\t\t\t\t\t\t\t\t\t\t\t\t\t\t\t<img decoding=\"async\" class=\"card-img-top \" src=\"https:\/\/www.creone.com\/wp-content\/uploads\/2020\/08\/keyrack_rfid_env.jpg\" alt=\"45 stycken intelligenta nyckelister med kontrollbox monterade p\u00e5 v\u00e4gg och nyckelsk\u00e5p f\u00f6r en unik nyckelhantering. \">\n\t\t\t\t\t\t\n\t\t\t\t\t\t<div class=\"card-body text-align-left \">\n\t\t\t\t\t\t\t\t\t\t\t\t\t\t\t<img decoding=\"async\" src=\"https:\/\/www.creone.com\/wp-content\/uploads\/2020\/03\/keyrack-logotyp.png\" alt=\"KeyRack-Logo f\u00fcr Schl\u00fcsselverwaltung\">\n\t\t\t\t\t\t\t\n\t\t\t\t\t\t\t\n\t\t\t\t\t\t\t\t\t\t\t\t\t\t\t<h3 class=\"text-blue\">Zug\u00e4ngliche und flexible Schl\u00fcsselverwaltung<\/h3>\n\t\t\t\t\t\t\t\n\t\t\t\t\t\t\t\t\t\t\t\t\t\t\t<p class=\"text-primary\">Verbinden Sie Ihre Schl\u00fcssel mit IntelliPin-Schl\u00fcsseltranspondern und h\u00e4ngen Sie die Schl\u00fcssel in die verriegelbaren bzw. nicht verriegelbaren Schl\u00fcsselleisten des KeyRack-Systems an die Wand oder in einen Schrank. Ein umfassender \u00dcberblick und eine vollst\u00e4ndige Kontrolle des Schl\u00fcsselbestands k\u00f6nnen nicht einfacher sein<\/p>\n\t\t\t\t\t\t\t\n\t\t\t\t\t\t\t\t\t\t\t\t\t\t\t\t\t\t\t\t\t\t\t<a href=\"\/de\/produkte\/keyrack\/\" class=\"button btn-link with-arrow\" target=\"\">\n\t\t\t\t\t\t\t\t\tErkunden\t\t\t\t\t\t\t\t<\/a>\n\t\t\t\t\t\t\t\n\t\t\t\t\t\t<\/div>\n\t\t\t\t\t<\/div>\n\t\t\t\t\t\t\t<\/div>\n\t\t\t\n<\/section>\n\n\n\n            <section class=\"row-with-separator container\">\n                            <div class=\"content\">\n                    <h3>Buchen Sie eine Vorf\u00fchrung<\/h3>\n                    <p>\n                        Lassen Sie uns Ihnen noch heute zeigen, wie Sie Ihre Schl\u00fcssel und Wertsachen optimal aufbewahren k\u00f6nnen.                     <\/p>\n                    <a class=\"button btn-link with-arrow\" href=\"\/de\/vorfuehrung\/\" target=>Buchen Sie jetzt<\/a>\n                <\/div>\n                            <div class=\"content\">\n                    <h3>Finden Sie Ihren Fachh\u00e4ndler<\/h3>\n                    <p>\n                        Suchen Sie in der Karte oder in der Suchleiste einen Fachh\u00e4ndler. Unabh\u00e4ngig davon, ob Sie bereits \u00fcber ein System verf\u00fcgen oder eine neue L\u00f6sung suchen &#8211; wir helfen Ihnen.                     <\/p>\n                    <a class=\"button btn-link with-arrow\" href=\"\/de\/fachhaendler-finden\/\" target=>Jetzt finden<\/a>\n                <\/div>\n                    <\/section>\n    ","protected":false},"excerpt":{"rendered":"<p>Garde GMBH&nbsp; Einfacheres Handling und h\u00f6heres Sicherheitsniveau f\u00fcr Garde Die Garde GmbH ist ein deutscher Sicherheitsdienstleister mit Zertifizierungen und hohen Qualit\u00e4tstandards in den Bereichen Qualit\u00e4tsmanagement und Sicherheitsdienstleistungen. Der Name des 1999 gegr\u00fcndeten Unternehmens leitet sich vom franz\u00f6sischen Wort \u201egarder&#8220; f\u00fcr sch\u00fctzen, beh\u00fcten oder bewachen ab. Diese Aufgabe nimmt das Unternehmen \u00e4u\u00dferst ernst und es befasst [&hellip;]<\/p>\n","protected":false},"author":2,"featured_media":0,"parent":6575,"menu_order":0,"comment_status":"closed","ping_status":"closed","template":"page-without-container.php","meta":{"_acf_changed":false,"content-type":"","footnotes":""},"class_list":["post-18435","page","type-page","status-publish","hentry"],"acf":[],"yoast_head":"<!-- This site is optimized with the Yoast SEO plugin v26.7 - https:\/\/yoast.com\/wordpress\/plugins\/seo\/ -->\n<title>Garde | Creone<\/title>\n<meta name=\"robots\" content=\"index, follow, max-snippet:-1, max-image-preview:large, max-video-preview:-1\" \/>\n<link rel=\"canonical\" href=\"https:\/\/www.creone.com\/de\/branchenloesungen\/garde\/\" \/>\n<meta property=\"og:locale\" content=\"de_DE\" \/>\n<meta property=\"og:type\" content=\"article\" \/>\n<meta property=\"og:title\" content=\"Garde | Creone\" \/>\n<meta property=\"og:description\" content=\"Garde GMBH&nbsp; Einfacheres Handling und h\u00f6heres Sicherheitsniveau f\u00fcr Garde Die Garde GmbH ist ein deutscher Sicherheitsdienstleister mit Zertifizierungen und hohen Qualit\u00e4tstandards in den Bereichen Qualit\u00e4tsmanagement und Sicherheitsdienstleistungen. Der Name des 1999 gegr\u00fcndeten Unternehmens leitet sich vom franz\u00f6sischen Wort \u201egarder&#8220; f\u00fcr sch\u00fctzen, beh\u00fcten oder bewachen ab. Diese Aufgabe nimmt das Unternehmen \u00e4u\u00dferst ernst und es befasst [&hellip;]\" \/>\n<meta property=\"og:url\" content=\"https:\/\/www.creone.com\/de\/branchenloesungen\/garde\/\" \/>\n<meta property=\"og:site_name\" content=\"Creone\" \/>\n<meta property=\"article:modified_time\" content=\"2026-01-28T14:58:35+00:00\" \/>\n<meta name=\"twitter:card\" content=\"summary_large_image\" \/>\n<meta name=\"twitter:label1\" content=\"Gesch\u00e4tzte Lesezeit\" \/>\n\t<meta name=\"twitter:data1\" content=\"1\u00a0Minute\" \/>\n<script type=\"application\/ld+json\" class=\"yoast-schema-graph\">{\"@context\":\"https:\/\/schema.org\",\"@graph\":[{\"@type\":\"WebPage\",\"@id\":\"https:\/\/www.creone.com\/de\/branchenloesungen\/garde\/\",\"url\":\"https:\/\/www.creone.com\/de\/branchenloesungen\/garde\/\",\"name\":\"Garde | Creone\",\"isPartOf\":{\"@id\":\"https:\/\/www.creone.com\/de\/#website\"},\"datePublished\":\"2022-12-09T14:11:57+00:00\",\"dateModified\":\"2026-01-28T14:58:35+00:00\",\"breadcrumb\":{\"@id\":\"https:\/\/www.creone.com\/de\/branchenloesungen\/garde\/#breadcrumb\"},\"inLanguage\":\"de\",\"potentialAction\":[{\"@type\":\"ReadAction\",\"target\":[\"https:\/\/www.creone.com\/de\/branchenloesungen\/garde\/\"]}]},{\"@type\":\"BreadcrumbList\",\"@id\":\"https:\/\/www.creone.com\/de\/branchenloesungen\/garde\/#breadcrumb\",\"itemListElement\":[{\"@type\":\"ListItem\",\"position\":1,\"name\":\"Home\",\"item\":\"https:\/\/www.creone.com\/de\/\"},{\"@type\":\"ListItem\",\"position\":2,\"name\":\"Branchenl\u00f6sungen\",\"item\":\"https:\/\/www.creone.com\/de\/branchenloesungen\/\"},{\"@type\":\"ListItem\",\"position\":3,\"name\":\"Garde\"}]},{\"@type\":\"WebSite\",\"@id\":\"https:\/\/www.creone.com\/de\/#website\",\"url\":\"https:\/\/www.creone.com\/de\/\",\"name\":\"Creone\",\"description\":\"En till WordPress-webbplats\",\"potentialAction\":[{\"@type\":\"SearchAction\",\"target\":{\"@type\":\"EntryPoint\",\"urlTemplate\":\"https:\/\/www.creone.com\/de\/?s={search_term_string}\"},\"query-input\":{\"@type\":\"PropertyValueSpecification\",\"valueRequired\":true,\"valueName\":\"search_term_string\"}}],\"inLanguage\":\"de\"}]}<\/script>\n<!-- \/ Yoast SEO plugin. -->","yoast_head_json":{"title":"Garde | Creone","robots":{"index":"index","follow":"follow","max-snippet":"max-snippet:-1","max-image-preview":"max-image-preview:large","max-video-preview":"max-video-preview:-1"},"canonical":"https:\/\/www.creone.com\/de\/branchenloesungen\/garde\/","og_locale":"de_DE","og_type":"article","og_title":"Garde | Creone","og_description":"Garde GMBH&nbsp; Einfacheres Handling und h\u00f6heres Sicherheitsniveau f\u00fcr Garde Die Garde GmbH ist ein deutscher Sicherheitsdienstleister mit Zertifizierungen und hohen Qualit\u00e4tstandards in den Bereichen Qualit\u00e4tsmanagement und Sicherheitsdienstleistungen. Der Name des 1999 gegr\u00fcndeten Unternehmens leitet sich vom franz\u00f6sischen Wort \u201egarder&#8220; f\u00fcr sch\u00fctzen, beh\u00fcten oder bewachen ab. Diese Aufgabe nimmt das Unternehmen \u00e4u\u00dferst ernst und es befasst [&hellip;]","og_url":"https:\/\/www.creone.com\/de\/branchenloesungen\/garde\/","og_site_name":"Creone","article_modified_time":"2026-01-28T14:58:35+00:00","twitter_card":"summary_large_image","twitter_misc":{"Gesch\u00e4tzte Lesezeit":"1\u00a0Minute"},"schema":{"@context":"https:\/\/schema.org","@graph":[{"@type":"WebPage","@id":"https:\/\/www.creone.com\/de\/branchenloesungen\/garde\/","url":"https:\/\/www.creone.com\/de\/branchenloesungen\/garde\/","name":"Garde | Creone","isPartOf":{"@id":"https:\/\/www.creone.com\/de\/#website"},"datePublished":"2022-12-09T14:11:57+00:00","dateModified":"2026-01-28T14:58:35+00:00","breadcrumb":{"@id":"https:\/\/www.creone.com\/de\/branchenloesungen\/garde\/#breadcrumb"},"inLanguage":"de","potentialAction":[{"@type":"ReadAction","target":["https:\/\/www.creone.com\/de\/branchenloesungen\/garde\/"]}]},{"@type":"BreadcrumbList","@id":"https:\/\/www.creone.com\/de\/branchenloesungen\/garde\/#breadcrumb","itemListElement":[{"@type":"ListItem","position":1,"name":"Home","item":"https:\/\/www.creone.com\/de\/"},{"@type":"ListItem","position":2,"name":"Branchenl\u00f6sungen","item":"https:\/\/www.creone.com\/de\/branchenloesungen\/"},{"@type":"ListItem","position":3,"name":"Garde"}]},{"@type":"WebSite","@id":"https:\/\/www.creone.com\/de\/#website","url":"https:\/\/www.creone.com\/de\/","name":"Creone","description":"En till WordPress-webbplats","potentialAction":[{"@type":"SearchAction","target":{"@type":"EntryPoint","urlTemplate":"https:\/\/www.creone.com\/de\/?s={search_term_string}"},"query-input":{"@type":"PropertyValueSpecification","valueRequired":true,"valueName":"search_term_string"}}],"inLanguage":"de"}]}},"_links":{"self":[{"href":"https:\/\/www.creone.com\/de\/wp-json\/wp\/v2\/pages\/18435","targetHints":{"allow":["GET"]}}],"collection":[{"href":"https:\/\/www.creone.com\/de\/wp-json\/wp\/v2\/pages"}],"about":[{"href":"https:\/\/www.creone.com\/de\/wp-json\/wp\/v2\/types\/page"}],"author":[{"embeddable":true,"href":"https:\/\/www.creone.com\/de\/wp-json\/wp\/v2\/users\/2"}],"replies":[{"embeddable":true,"href":"https:\/\/www.creone.com\/de\/wp-json\/wp\/v2\/comments?post=18435"}],"version-history":[{"count":5,"href":"https:\/\/www.creone.com\/de\/wp-json\/wp\/v2\/pages\/18435\/revisions"}],"predecessor-version":[{"id":23290,"href":"https:\/\/www.creone.com\/de\/wp-json\/wp\/v2\/pages\/18435\/revisions\/23290"}],"up":[{"embeddable":true,"href":"https:\/\/www.creone.com\/de\/wp-json\/wp\/v2\/pages\/6575"}],"wp:attachment":[{"href":"https:\/\/www.creone.com\/de\/wp-json\/wp\/v2\/media?parent=18435"}],"curies":[{"name":"wp","href":"https:\/\/api.w.org\/{rel}","templated":true}]}}