{"id":12068,"date":"2020-10-05T16:49:15","date_gmt":"2020-10-05T14:49:15","guid":{"rendered":"https:\/\/www.creone.com\/?page_id=12068"},"modified":"2025-11-18T13:28:04","modified_gmt":"2025-11-18T12:28:04","slug":"kontakt","status":"publish","type":"page","link":"https:\/\/www.creone.com\/de\/kontakt\/","title":{"rendered":"Kontaktieren Sie uns"},"content":{"rendered":"\n<p>Wir helfen Ihnen als Kunde gerne mit unseren Produkten, denn wir sind darin Spezialisten. Wenn Sie Endkunde sind und Rat und Hilfe ben\u00f6tigen oder Fragen zu unseren Produkten haben, wenden Sie sich vorab an Ihren n\u00e4chsten Fachh\u00e4ndler.<\/p>\n","protected":false},"excerpt":{"rendered":"<p>Wir helfen Ihnen als Kunde gerne mit unseren Produkten, denn wir sind darin Spezialisten. Wenn Sie Endkunde sind und Rat und Hilfe ben\u00f6tigen oder Fragen zu unseren Produkten haben, wenden Sie sich vorab an Ihren n\u00e4chsten Fachh\u00e4ndler.<\/p>\n","protected":false},"author":1,"featured_media":0,"parent":0,"menu_order":0,"comment_status":"closed","ping_status":"closed","template":"contact.php","meta":{"_acf_changed":false,"content-type":"","footnotes":""},"class_list":["post-12068","page","type-page","status-publish","hentry"],"acf":[],"yoast_head":"<!-- This site is optimized with the Yoast SEO plugin v26.7 - https:\/\/yoast.com\/wordpress\/plugins\/seo\/ -->\n<title>Kontaktieren Sie uns | Creone<\/title>\n<meta name=\"description\" content=\"Bei Fragen oder f\u00fcr die Buchung eines unverbindlichen, pers\u00f6nlichen Beratungsgespr\u00e4chs stehen wir Ihnen gerne zur Verf\u00fcgung.\" \/>\n<meta name=\"robots\" content=\"index, follow, max-snippet:-1, max-image-preview:large, max-video-preview:-1\" \/>\n<link rel=\"canonical\" href=\"https:\/\/www.creone.com\/de\/kontakt\/\" \/>\n<meta property=\"og:locale\" content=\"de_DE\" \/>\n<meta property=\"og:type\" content=\"article\" \/>\n<meta property=\"og:title\" content=\"Kontaktieren Sie uns | Creone\" \/>\n<meta property=\"og:description\" content=\"Bei Fragen oder f\u00fcr die Buchung eines unverbindlichen, pers\u00f6nlichen Beratungsgespr\u00e4chs stehen wir Ihnen gerne zur Verf\u00fcgung.\" \/>\n<meta property=\"og:url\" content=\"https:\/\/www.creone.com\/de\/kontakt\/\" \/>\n<meta property=\"og:site_name\" content=\"Creone\" \/>\n<meta property=\"article:modified_time\" content=\"2025-11-18T12:28:04+00:00\" \/>\n<meta name=\"twitter:card\" content=\"summary_large_image\" \/>\n<meta name=\"twitter:label1\" content=\"Gesch\u00e4tzte Lesezeit\" \/>\n\t<meta name=\"twitter:data1\" content=\"1\u00a0Minute\" \/>\n<script type=\"application\/ld+json\" class=\"yoast-schema-graph\">{\"@context\":\"https:\/\/schema.org\",\"@graph\":[{\"@type\":\"WebPage\",\"@id\":\"https:\/\/www.creone.com\/de\/kontakt\/\",\"url\":\"https:\/\/www.creone.com\/de\/kontakt\/\",\"name\":\"Kontaktieren Sie uns | Creone\",\"isPartOf\":{\"@id\":\"https:\/\/www.creone.com\/de\/#website\"},\"datePublished\":\"2020-10-05T14:49:15+00:00\",\"dateModified\":\"2025-11-18T12:28:04+00:00\",\"description\":\"Bei Fragen oder f\u00fcr die Buchung eines unverbindlichen, pers\u00f6nlichen Beratungsgespr\u00e4chs stehen wir Ihnen gerne zur Verf\u00fcgung.\",\"breadcrumb\":{\"@id\":\"https:\/\/www.creone.com\/de\/kontakt\/#breadcrumb\"},\"inLanguage\":\"de\",\"potentialAction\":[{\"@type\":\"ReadAction\",\"target\":[\"https:\/\/www.creone.com\/de\/kontakt\/\"]}]},{\"@type\":\"BreadcrumbList\",\"@id\":\"https:\/\/www.creone.com\/de\/kontakt\/#breadcrumb\",\"itemListElement\":[{\"@type\":\"ListItem\",\"position\":1,\"name\":\"Home\",\"item\":\"https:\/\/www.creone.com\/de\/\"},{\"@type\":\"ListItem\",\"position\":2,\"name\":\"Kontaktieren Sie uns\"}]},{\"@type\":\"WebSite\",\"@id\":\"https:\/\/www.creone.com\/de\/#website\",\"url\":\"https:\/\/www.creone.com\/de\/\",\"name\":\"Creone\",\"description\":\"En till WordPress-webbplats\",\"potentialAction\":[{\"@type\":\"SearchAction\",\"target\":{\"@type\":\"EntryPoint\",\"urlTemplate\":\"https:\/\/www.creone.com\/de\/?s={search_term_string}\"},\"query-input\":{\"@type\":\"PropertyValueSpecification\",\"valueRequired\":true,\"valueName\":\"search_term_string\"}}],\"inLanguage\":\"de\"}]}<\/script>\n<!-- \/ Yoast SEO plugin. -->","yoast_head_json":{"title":"Kontaktieren Sie uns | Creone","description":"Bei Fragen oder f\u00fcr die Buchung eines unverbindlichen, pers\u00f6nlichen Beratungsgespr\u00e4chs stehen wir Ihnen gerne zur Verf\u00fcgung.","robots":{"index":"index","follow":"follow","max-snippet":"max-snippet:-1","max-image-preview":"max-image-preview:large","max-video-preview":"max-video-preview:-1"},"canonical":"https:\/\/www.creone.com\/de\/kontakt\/","og_locale":"de_DE","og_type":"article","og_title":"Kontaktieren Sie uns | Creone","og_description":"Bei Fragen oder f\u00fcr die Buchung eines unverbindlichen, pers\u00f6nlichen Beratungsgespr\u00e4chs stehen wir Ihnen gerne zur Verf\u00fcgung.","og_url":"https:\/\/www.creone.com\/de\/kontakt\/","og_site_name":"Creone","article_modified_time":"2025-11-18T12:28:04+00:00","twitter_card":"summary_large_image","twitter_misc":{"Gesch\u00e4tzte Lesezeit":"1\u00a0Minute"},"schema":{"@context":"https:\/\/schema.org","@graph":[{"@type":"WebPage","@id":"https:\/\/www.creone.com\/de\/kontakt\/","url":"https:\/\/www.creone.com\/de\/kontakt\/","name":"Kontaktieren Sie uns | Creone","isPartOf":{"@id":"https:\/\/www.creone.com\/de\/#website"},"datePublished":"2020-10-05T14:49:15+00:00","dateModified":"2025-11-18T12:28:04+00:00","description":"Bei Fragen oder f\u00fcr die Buchung eines unverbindlichen, pers\u00f6nlichen Beratungsgespr\u00e4chs stehen wir Ihnen gerne zur Verf\u00fcgung.","breadcrumb":{"@id":"https:\/\/www.creone.com\/de\/kontakt\/#breadcrumb"},"inLanguage":"de","potentialAction":[{"@type":"ReadAction","target":["https:\/\/www.creone.com\/de\/kontakt\/"]}]},{"@type":"BreadcrumbList","@id":"https:\/\/www.creone.com\/de\/kontakt\/#breadcrumb","itemListElement":[{"@type":"ListItem","position":1,"name":"Home","item":"https:\/\/www.creone.com\/de\/"},{"@type":"ListItem","position":2,"name":"Kontaktieren Sie uns"}]},{"@type":"WebSite","@id":"https:\/\/www.creone.com\/de\/#website","url":"https:\/\/www.creone.com\/de\/","name":"Creone","description":"En till WordPress-webbplats","potentialAction":[{"@type":"SearchAction","target":{"@type":"EntryPoint","urlTemplate":"https:\/\/www.creone.com\/de\/?s={search_term_string}"},"query-input":{"@type":"PropertyValueSpecification","valueRequired":true,"valueName":"search_term_string"}}],"inLanguage":"de"}]}},"_links":{"self":[{"href":"https:\/\/www.creone.com\/de\/wp-json\/wp\/v2\/pages\/12068","targetHints":{"allow":["GET"]}}],"collection":[{"href":"https:\/\/www.creone.com\/de\/wp-json\/wp\/v2\/pages"}],"about":[{"href":"https:\/\/www.creone.com\/de\/wp-json\/wp\/v2\/types\/page"}],"author":[{"embeddable":true,"href":"https:\/\/www.creone.com\/de\/wp-json\/wp\/v2\/users\/1"}],"replies":[{"embeddable":true,"href":"https:\/\/www.creone.com\/de\/wp-json\/wp\/v2\/comments?post=12068"}],"version-history":[{"count":11,"href":"https:\/\/www.creone.com\/de\/wp-json\/wp\/v2\/pages\/12068\/revisions"}],"predecessor-version":[{"id":22795,"href":"https:\/\/www.creone.com\/de\/wp-json\/wp\/v2\/pages\/12068\/revisions\/22795"}],"wp:attachment":[{"href":"https:\/\/www.creone.com\/de\/wp-json\/wp\/v2\/media?parent=12068"}],"curies":[{"name":"wp","href":"https:\/\/api.w.org\/{rel}","templated":true}]}}